{"id":2315,"date":"2025-07-04T22:59:35","date_gmt":"2025-07-04T22:59:35","guid":{"rendered":"https:\/\/naturamada.com\/produit\/gemalen-kurkuma-50-g\/"},"modified":"2026-03-17T19:12:25","modified_gmt":"2026-03-17T19:12:25","slug":"gemalen-kurkuma-50-g","status":"publish","type":"product","link":"https:\/\/naturamada.com\/nl\/product\/gemalen-kurkuma-50-g\/","title":{"rendered":"Kurkuma"},"content":{"rendered":"<h1 class=\"text-text-100 mt-3 -mb-1 text-[1.375rem] font-bold\">Kurkumapoeder Naturamada &#8211; Curcuma longa<\/h1>\n<p class=\"font-claude-response-body break-words whitespace-normal leading-[1.7]\">Kurkuma is een eeuwenoude specerij. Het behoort tot de <strong>Zingiberaceae<\/strong> familie. Oorspronkelijk komt het uit Zuidoost-India, maar daarna verspreidde het zich over Azi\u00eb en Afrika. In het eerste millennium werd het door de Austronesi\u00ebrs op Madagaskar ge\u00efntroduceerd.   <\/p>\n<h2 class=\"text-text-100 mt-3 -mb-1 text-[1.125rem] font-bold\">Waarom kiezen voor kurkumapoeder?<\/h2>\n<p class=\"font-claude-response-body break-words whitespace-normal leading-[1.7]\">Kurkuma is veel meer dan alleen een specerij. Het is zelfs een fundamenteel ingredi\u00ebnt in veel van de wereldkeukens. Zijn goudgele kleur fleurt je gerechten meteen op. Bovendien voegt zijn warme, licht peperige geur een unieke diepte toe. Kurkuma is ook rijk aan <strong>curcumine<\/strong>. Het is deze molecule die het zijn karakteristieke kleur geeft. Bovendien gaat het perfect samen met <a href=\"https:\/\/naturamada.com\/nl\/zwarte-peper-uit-madagaskar-gebruik-en-voordelen\/\"><em><strong>zwarte peper<\/strong><\/em><\/a>. Deze combinatie<strong>optimaliseert de natuurlijke eigenschappen<\/strong>.       <\/p>\n<h2 class=\"text-text-100 mt-3 -mb-1 text-[1.125rem] font-bold\">Hoe kurkumapoeder gebruiken bij het koken<\/h2>\n<p class=\"font-claude-response-body break-words whitespace-normal leading-[1.7]\">Kurkumapoeder is ontzettend <strong>veelzijdig<\/strong>. Je kunt het dus aan bijna elk gerecht toevoegen. <\/p>\n<p class=\"font-claude-response-body break-words whitespace-normal leading-[1.7]\">In de Indiase keuken is het gewoon onmisbaar. Het wordt gebruikt in <strong>Madras curry<\/strong>, <strong>tandoori masala<\/strong> en <strong>garam masala<\/strong>. Het wordt ook al eeuwenlang gebruikt om rijst, <strong>dhal<\/strong> en <strong>biryani<\/strong> op smaak te brengen en te kleuren.  <\/p>\n<p class=\"font-claude-response-body break-words whitespace-normal leading-[1.7]\">In Noord-Afrika wordt kurkuma gebruikt in de beroemde<strong> ras el hanout<\/strong>. Het wordt ook gebruikt om <strong>tajines<\/strong>, couscous en traditionele stoofschotels op smaak te brengen. Het is ook een heerlijke smaakmaker voor aardappelen en uien.  <\/p>\n<p class=\"font-claude-response-body break-words whitespace-normal leading-[1.7]\">Het schittert vooral in de Creoolse keuken. In West-Indi\u00eb vormt het de <strong>colombo<\/strong> melange. Op R\u00e9union is het de ziel van <strong>de massal\u00e9<\/strong>. Daardoor bindt het sauzen en vermindert het de natuurlijke zuurgraad van bepaalde gerechten.   <\/p>\n<p class=\"font-claude-response-body break-words whitespace-normal leading-[1.7]\">Kurkuma kan ook worden gebruikt in de Europese keuken. Het kleurt mayonaises, mosterd en sauzen. Sommigen voegen het zelfs toe aan <strong>desserts<\/strong> zoals chocoladetaarten of cr\u00eapes.  <\/p>\n<p class=\"font-claude-response-body break-words whitespace-normal leading-[1.7]\"><strong>Tip:<\/strong> Kurkuma is in vet oplosbaar. Het lost volledig op in vetten. Gebruik het in je kokosmelk sauzen, geklaarde boters (ghee) of gearomatiseerde oli\u00ebn. Voeg een snufje zwarte peper toe om de werking te optimaliseren.   <\/p>\n<h2 class=\"text-text-100 mt-3 -mb-1 text-[1.125rem] font-bold\">Infusie en gouden melk<\/h2>\n<p class=\"font-claude-response-body break-words whitespace-normal leading-[1.7]\">Kurkuma is niet alleen om mee te koken. Je kunt het ook drinken. <\/p>\n<p class=\"font-claude-response-body break-words whitespace-normal leading-[1.7]\"><strong>Gouden melk<\/strong> is een oude Indiase drank. De oorsprong ligt in de <strong>Ayurvedische traditie<\/strong>. Deze bereiding combineert plantaardige melk (kokos, amandel of soja) met <a href=\"https:\/\/naturamada.com\/nl\/kurkuma-voordelen-gebruik-en-recepten\/\"><em>kurkuma<\/em><\/a>. Het bevat ook <a href=\"https:\/\/naturamada.com\/nl\/gember-voordelen-deugden-en-dagelijks-gebruik\/\"><em>gember<\/em><\/a>gember <a href=\"https:\/\/naturamada.com\/nl\/kaneel-recept-en-voordelen\/\"><em>kaneel<\/em><\/a>honing en een snufje <a href=\"https:\/\/naturamada.com\/nl\/product\/zwarte-peperkorrels-50-g\/\"><em>zwarte peper<\/em><\/a>. Het resultaat is een zoete, troostende en geurige drank.    <\/p>\n<p class=\"font-claude-response-body break-words whitespace-normal leading-[1.7]\">Om een eenvoudige infusie te maken, gebruik je een halve theelepel kurkuma. Giet er vervolgens 150 ml kokend water bij. Laat 5 tot 10 minuten trekken. Zeef voor het drinken. Je kunt ook honing of citroen toevoegen.    <\/p>\n<p class=\"font-claude-response-body break-words whitespace-normal leading-[1.7]\">Kurkuma is ook perfect in <strong>smoothies<\/strong>. Het voegt een levendige, kleurrijke toets toe. Combineer het met ananas, mango of verse gember.  <\/p>\n","protected":false},"excerpt":{"rendered":"<p>Kurkumapoeder Naturamada &#8211; Curcuma longa Kurkuma is een eeuwenoude specerij. Het behoort tot de Zingiberaceae familie. Oorspronkelijk komt het uit [&hellip;]<\/p>\n","protected":false},"featured_media":6353,"template":"","meta":{"site-sidebar-layout":"default","site-content-layout":"","ast-site-content-layout":"default","site-content-style":"default","site-sidebar-style":"default","ast-global-header-display":"","ast-banner-title-visibility":"","ast-main-header-display":"","ast-hfb-above-header-display":"","ast-hfb-below-header-display":"","ast-hfb-mobile-header-display":"","site-post-title":"","ast-breadcrumbs-content":"","ast-featured-img":"","footer-sml-layout":"","ast-disable-related-posts":"","theme-transparent-header-meta":"default","adv-header-id-meta":"","stick-header-meta":"","header-above-stick-meta":"","header-main-stick-meta":"","header-below-stick-meta":"","astra-migrate-meta-layouts":"default","ast-page-background-enabled":"default","ast-page-background-meta":{"desktop":{"background-color":"var(--ast-global-color-5)","background-image":"","background-repeat":"repeat","background-position":"center center","background-size":"auto","background-attachment":"scroll","background-type":"","background-media":"","overlay-type":"","overlay-color":"","overlay-opacity":"","overlay-gradient":""},"tablet":{"background-color":"","background-image":"","background-repeat":"repeat","background-position":"center center","background-size":"auto","background-attachment":"scroll","background-type":"","background-media":"","overlay-type":"","overlay-color":"","overlay-opacity":"","overlay-gradient":""},"mobile":{"background-color":"","background-image":"","background-repeat":"repeat","background-position":"center center","background-size":"auto","background-attachment":"scroll","background-type":"","background-media":"","overlay-type":"","overlay-color":"","overlay-opacity":"","overlay-gradient":""}},"ast-content-background-meta":{"desktop":{"background-color":"var(--ast-global-color-4)","background-image":"","background-repeat":"repeat","background-position":"center center","background-size":"auto","background-attachment":"scroll","background-type":"","background-media":"","overlay-type":"","overlay-color":"","overlay-opacity":"","overlay-gradient":""},"tablet":{"background-color":"var(--ast-global-color-4)","background-image":"","background-repeat":"repeat","background-position":"center center","background-size":"auto","background-attachment":"scroll","background-type":"","background-media":"","overlay-type":"","overlay-color":"","overlay-opacity":"","overlay-gradient":""},"mobile":{"background-color":"var(--ast-global-color-4)","background-image":"","background-repeat":"repeat","background-position":"center center","background-size":"auto","background-attachment":"scroll","background-type":"","background-media":"","overlay-type":"","overlay-color":"","overlay-opacity":"","overlay-gradient":""}}},"product_brand":[],"product_cat":[1663,2689],"product_tag":[],"class_list":{"0":"post-2315","1":"product","2":"type-product","3":"status-publish","4":"has-post-thumbnail","6":"product_cat-kruiden-superfoods","7":"product_cat-supervoeding","8":"pa_origine-india","9":"pa_origine-madagaskar-nl","10":"pa_taille-50-g-nl","11":"pa_taille-75-g","12":"pa_type-produit-poeder","13":"pa_usage-infuus","14":"pa_usage-keuken","15":"pa_usage-smoothie-nl","16":"pa_usage-welzijn","17":"desktop-align-left","18":"tablet-align-left","19":"mobile-align-left","21":"first","22":"instock","23":"taxable","24":"shipping-taxable","25":"purchasable","26":"product-type-variable","27":"has-default-attributes"},"yoast_head":"<!-- This site is optimized with the Yoast SEO plugin v27.5 - https:\/\/yoast.com\/product\/yoast-seo-wordpress\/ -->\n<title>Kurkuma 50 g - Puur en natuurlijk specerij | Naturamada<\/title>\n<meta name=\"description\" content=\"100% natuurlijk kurkumapoeder - Perfect voor curry&#039;s, soepen, gouden melk, chai thee, smoothies, kruidenthee en wellness cooking.\" \/>\n<meta name=\"robots\" content=\"index, follow, max-snippet:-1, max-image-preview:large, max-video-preview:-1\" \/>\n<link rel=\"canonical\" href=\"https:\/\/naturamada.com\/nl\/product\/gemalen-kurkuma-50-g\/\" \/>\n<meta property=\"og:locale\" content=\"nl_NL\" \/>\n<meta property=\"og:type\" content=\"article\" \/>\n<meta property=\"og:title\" content=\"Kurkuma 50 g - Puur en natuurlijk specerij | Naturamada\" \/>\n<meta property=\"og:description\" content=\"100% natuurlijk kurkumapoeder - Perfect voor curry&#039;s, soepen, gouden melk, chai thee, smoothies, kruidenthee en wellness cooking.\" \/>\n<meta property=\"og:url\" content=\"https:\/\/naturamada.com\/nl\/product\/gemalen-kurkuma-50-g\/\" \/>\n<meta property=\"og:site_name\" content=\"Naturamada\" \/>\n<meta property=\"article:publisher\" content=\"https:\/\/www.facebook.com\/Naturamada.shop\/\" \/>\n<meta property=\"article:modified_time\" content=\"2026-03-17T19:12:25+00:00\" \/>\n<meta property=\"og:image\" content=\"https:\/\/naturamada.com\/wp-content\/uploads\/2025\/07\/curcuma-naturamada-poudre.jpg\" \/>\n\t<meta property=\"og:image:width\" content=\"2000\" \/>\n\t<meta property=\"og:image:height\" content=\"2000\" \/>\n\t<meta property=\"og:image:type\" content=\"image\/jpeg\" \/>\n<script type=\"application\/ld+json\" class=\"yoast-schema-graph\">{\"@context\":\"https:\\\/\\\/schema.org\",\"@graph\":[{\"@type\":\"WebPage\",\"@id\":\"https:\\\/\\\/naturamada.com\\\/nl\\\/product\\\/gemalen-kurkuma-50-g\\\/\",\"url\":\"https:\\\/\\\/naturamada.com\\\/nl\\\/product\\\/gemalen-kurkuma-50-g\\\/\",\"name\":\"Kurkuma 50 g - Puur en natuurlijk specerij | Naturamada\",\"isPartOf\":{\"@id\":\"https:\\\/\\\/naturamada.com\\\/nl\\\/#website\"},\"primaryImageOfPage\":{\"@id\":\"https:\\\/\\\/naturamada.com\\\/nl\\\/product\\\/gemalen-kurkuma-50-g\\\/#primaryimage\"},\"image\":{\"@id\":\"https:\\\/\\\/naturamada.com\\\/nl\\\/product\\\/gemalen-kurkuma-50-g\\\/#primaryimage\"},\"thumbnailUrl\":\"https:\\\/\\\/naturamada.com\\\/wp-content\\\/uploads\\\/2025\\\/07\\\/curcuma-naturamada-poudre.jpg\",\"datePublished\":\"2025-07-04T22:59:35+00:00\",\"dateModified\":\"2026-03-17T19:12:25+00:00\",\"description\":\"100% natuurlijk kurkumapoeder - Perfect voor curry's, soepen, gouden melk, chai thee, smoothies, kruidenthee en wellness cooking.\",\"breadcrumb\":{\"@id\":\"https:\\\/\\\/naturamada.com\\\/nl\\\/product\\\/gemalen-kurkuma-50-g\\\/#breadcrumb\"},\"inLanguage\":\"nl-NL\",\"potentialAction\":[{\"@type\":\"ReadAction\",\"target\":[\"https:\\\/\\\/naturamada.com\\\/nl\\\/product\\\/gemalen-kurkuma-50-g\\\/\"]}]},{\"@type\":\"ImageObject\",\"inLanguage\":\"nl-NL\",\"@id\":\"https:\\\/\\\/naturamada.com\\\/nl\\\/product\\\/gemalen-kurkuma-50-g\\\/#primaryimage\",\"url\":\"https:\\\/\\\/naturamada.com\\\/wp-content\\\/uploads\\\/2025\\\/07\\\/curcuma-naturamada-poudre.jpg\",\"contentUrl\":\"https:\\\/\\\/naturamada.com\\\/wp-content\\\/uploads\\\/2025\\\/07\\\/curcuma-naturamada-poudre.jpg\",\"width\":2000,\"height\":2000},{\"@type\":\"BreadcrumbList\",\"@id\":\"https:\\\/\\\/naturamada.com\\\/nl\\\/product\\\/gemalen-kurkuma-50-g\\\/#breadcrumb\",\"itemListElement\":[{\"@type\":\"ListItem\",\"position\":1,\"name\":\"Home\",\"item\":\"https:\\\/\\\/naturamada.com\\\/nl\\\/\"},{\"@type\":\"ListItem\",\"position\":2,\"name\":\"Winkel op\",\"item\":\"https:\\\/\\\/naturamada.com\\\/nl\\\/winkel-op\\\/\"},{\"@type\":\"ListItem\",\"position\":3,\"name\":\"Kurkuma\"}]},{\"@type\":\"WebSite\",\"@id\":\"https:\\\/\\\/naturamada.com\\\/nl\\\/#website\",\"url\":\"https:\\\/\\\/naturamada.com\\\/nl\\\/\",\"name\":\"Naturamada\",\"description\":\"Epices, Superaliments et Pierres pour le bien-\u00eatre et la cuisine\",\"publisher\":{\"@id\":\"https:\\\/\\\/naturamada.com\\\/nl\\\/#organization\"},\"potentialAction\":[{\"@type\":\"SearchAction\",\"target\":{\"@type\":\"EntryPoint\",\"urlTemplate\":\"https:\\\/\\\/naturamada.com\\\/nl\\\/?s={search_term_string}\"},\"query-input\":{\"@type\":\"PropertyValueSpecification\",\"valueRequired\":true,\"valueName\":\"search_term_string\"}}],\"inLanguage\":\"nl-NL\"},{\"@type\":\"Organization\",\"@id\":\"https:\\\/\\\/naturamada.com\\\/nl\\\/#organization\",\"name\":\"Naturamada\",\"url\":\"https:\\\/\\\/naturamada.com\\\/nl\\\/\",\"logo\":{\"@type\":\"ImageObject\",\"inLanguage\":\"nl-NL\",\"@id\":\"https:\\\/\\\/naturamada.com\\\/nl\\\/#\\\/schema\\\/logo\\\/image\\\/\",\"url\":\"https:\\\/\\\/naturamada.com\\\/wp-content\\\/uploads\\\/2025\\\/07\\\/cropped-Naturamada-10.png\",\"contentUrl\":\"https:\\\/\\\/naturamada.com\\\/wp-content\\\/uploads\\\/2025\\\/07\\\/cropped-Naturamada-10.png\",\"width\":1366,\"height\":455,\"caption\":\"Naturamada\"},\"image\":{\"@id\":\"https:\\\/\\\/naturamada.com\\\/nl\\\/#\\\/schema\\\/logo\\\/image\\\/\"},\"sameAs\":[\"https:\\\/\\\/www.facebook.com\\\/Naturamada.shop\\\/\",\"https:\\\/\\\/www.instagram.com\\\/naturamada.officiel\\\/\"]}]}<\/script>\n<!-- \/ Yoast SEO plugin. -->","yoast_head_json":{"title":"Kurkuma 50 g - Puur en natuurlijk specerij | Naturamada","description":"100% natuurlijk kurkumapoeder - Perfect voor curry's, soepen, gouden melk, chai thee, smoothies, kruidenthee en wellness cooking.","robots":{"index":"index","follow":"follow","max-snippet":"max-snippet:-1","max-image-preview":"max-image-preview:large","max-video-preview":"max-video-preview:-1"},"canonical":"https:\/\/naturamada.com\/nl\/product\/gemalen-kurkuma-50-g\/","og_locale":"nl_NL","og_type":"article","og_title":"Kurkuma 50 g - Puur en natuurlijk specerij | Naturamada","og_description":"100% natuurlijk kurkumapoeder - Perfect voor curry's, soepen, gouden melk, chai thee, smoothies, kruidenthee en wellness cooking.","og_url":"https:\/\/naturamada.com\/nl\/product\/gemalen-kurkuma-50-g\/","og_site_name":"Naturamada","article_publisher":"https:\/\/www.facebook.com\/Naturamada.shop\/","article_modified_time":"2026-03-17T19:12:25+00:00","og_image":[{"width":2000,"height":2000,"url":"https:\/\/naturamada.com\/wp-content\/uploads\/2025\/07\/curcuma-naturamada-poudre.jpg","type":"image\/jpeg"}],"schema":{"@context":"https:\/\/schema.org","@graph":[{"@type":"WebPage","@id":"https:\/\/naturamada.com\/nl\/product\/gemalen-kurkuma-50-g\/","url":"https:\/\/naturamada.com\/nl\/product\/gemalen-kurkuma-50-g\/","name":"Kurkuma 50 g - Puur en natuurlijk specerij | Naturamada","isPartOf":{"@id":"https:\/\/naturamada.com\/nl\/#website"},"primaryImageOfPage":{"@id":"https:\/\/naturamada.com\/nl\/product\/gemalen-kurkuma-50-g\/#primaryimage"},"image":{"@id":"https:\/\/naturamada.com\/nl\/product\/gemalen-kurkuma-50-g\/#primaryimage"},"thumbnailUrl":"https:\/\/naturamada.com\/wp-content\/uploads\/2025\/07\/curcuma-naturamada-poudre.jpg","datePublished":"2025-07-04T22:59:35+00:00","dateModified":"2026-03-17T19:12:25+00:00","description":"100% natuurlijk kurkumapoeder - Perfect voor curry's, soepen, gouden melk, chai thee, smoothies, kruidenthee en wellness cooking.","breadcrumb":{"@id":"https:\/\/naturamada.com\/nl\/product\/gemalen-kurkuma-50-g\/#breadcrumb"},"inLanguage":"nl-NL","potentialAction":[{"@type":"ReadAction","target":["https:\/\/naturamada.com\/nl\/product\/gemalen-kurkuma-50-g\/"]}]},{"@type":"ImageObject","inLanguage":"nl-NL","@id":"https:\/\/naturamada.com\/nl\/product\/gemalen-kurkuma-50-g\/#primaryimage","url":"https:\/\/naturamada.com\/wp-content\/uploads\/2025\/07\/curcuma-naturamada-poudre.jpg","contentUrl":"https:\/\/naturamada.com\/wp-content\/uploads\/2025\/07\/curcuma-naturamada-poudre.jpg","width":2000,"height":2000},{"@type":"BreadcrumbList","@id":"https:\/\/naturamada.com\/nl\/product\/gemalen-kurkuma-50-g\/#breadcrumb","itemListElement":[{"@type":"ListItem","position":1,"name":"Home","item":"https:\/\/naturamada.com\/nl\/"},{"@type":"ListItem","position":2,"name":"Winkel op","item":"https:\/\/naturamada.com\/nl\/winkel-op\/"},{"@type":"ListItem","position":3,"name":"Kurkuma"}]},{"@type":"WebSite","@id":"https:\/\/naturamada.com\/nl\/#website","url":"https:\/\/naturamada.com\/nl\/","name":"Naturamada","description":"Epices, Superaliments et Pierres pour le bien-\u00eatre et la cuisine","publisher":{"@id":"https:\/\/naturamada.com\/nl\/#organization"},"potentialAction":[{"@type":"SearchAction","target":{"@type":"EntryPoint","urlTemplate":"https:\/\/naturamada.com\/nl\/?s={search_term_string}"},"query-input":{"@type":"PropertyValueSpecification","valueRequired":true,"valueName":"search_term_string"}}],"inLanguage":"nl-NL"},{"@type":"Organization","@id":"https:\/\/naturamada.com\/nl\/#organization","name":"Naturamada","url":"https:\/\/naturamada.com\/nl\/","logo":{"@type":"ImageObject","inLanguage":"nl-NL","@id":"https:\/\/naturamada.com\/nl\/#\/schema\/logo\/image\/","url":"https:\/\/naturamada.com\/wp-content\/uploads\/2025\/07\/cropped-Naturamada-10.png","contentUrl":"https:\/\/naturamada.com\/wp-content\/uploads\/2025\/07\/cropped-Naturamada-10.png","width":1366,"height":455,"caption":"Naturamada"},"image":{"@id":"https:\/\/naturamada.com\/nl\/#\/schema\/logo\/image\/"},"sameAs":["https:\/\/www.facebook.com\/Naturamada.shop\/","https:\/\/www.instagram.com\/naturamada.officiel\/"]}]}},"_links":{"self":[{"href":"https:\/\/naturamada.com\/nl\/wp-json\/wp\/v2\/product\/2315","targetHints":{"allow":["GET"]}}],"collection":[{"href":"https:\/\/naturamada.com\/nl\/wp-json\/wp\/v2\/product"}],"about":[{"href":"https:\/\/naturamada.com\/nl\/wp-json\/wp\/v2\/types\/product"}],"wp:featuredmedia":[{"embeddable":true,"href":"https:\/\/naturamada.com\/nl\/wp-json\/wp\/v2\/media\/6353"}],"wp:attachment":[{"href":"https:\/\/naturamada.com\/nl\/wp-json\/wp\/v2\/media?parent=2315"}],"wp:term":[{"taxonomy":"product_brand","embeddable":true,"href":"https:\/\/naturamada.com\/nl\/wp-json\/wp\/v2\/product_brand?post=2315"},{"taxonomy":"product_cat","embeddable":true,"href":"https:\/\/naturamada.com\/nl\/wp-json\/wp\/v2\/product_cat?post=2315"},{"taxonomy":"product_tag","embeddable":true,"href":"https:\/\/naturamada.com\/nl\/wp-json\/wp\/v2\/product_tag?post=2315"}],"curies":[{"name":"wp","href":"https:\/\/api.w.org\/{rel}","templated":true}]}}