{"id":6962,"date":"2025-07-05T14:54:34","date_gmt":"2025-07-05T14:54:34","guid":{"rendered":"https:\/\/naturamada.com\/produit\/bracciale-di-mookaite\/"},"modified":"2026-03-17T19:25:07","modified_gmt":"2026-03-17T19:25:07","slug":"bracciale-di-mookaite","status":"publish","type":"product","link":"https:\/\/naturamada.com\/it\/prodotto\/bracciale-di-mookaite\/","title":{"rendered":"Bracciale di mookaite"},"content":{"rendered":"<p data-start=\"175\" data-end=\"241\"><strong data-start=\"177\" data-end=\"237\">Bracciale di Mookaite naturale &#8211; 6 mm &#8211; Energia e Stabilit\u00e0<\/strong> \u2728<\/p>\n<p data-start=\"243\" data-end=\"512\">Questo bracciale di mookaite \u00e8 realizzato con perle naturali di 6 mm, accuratamente selezionate per la loro luminosit\u00e0 e la loro calda energia. Simbolo di ancoraggio, coraggio e vitalit\u00e0, la mookaite \u00e8 associata al <strong data-start=\"467\" data-end=\"485\">mese di ottobre<\/strong> e al <strong data-start=\"492\" data-end=\"509\">chakra della radice<\/strong>. <\/p>\n<p data-start=\"514\" data-end=\"760\">Ogni bracciale \u00e8 accuratamente assemblato a mano da Naturamada, per accompagnarti nella tua vita quotidiana o durante le tue pratiche spirituali.<\/p>\n<p data-start=\"762\" data-end=\"1022\"><strong data-start=\"765\" data-end=\"813\">Virt\u00f9 della mookaite (secondo le tradizioni spirituali):<\/strong><br data-start=\"813\" data-end=\"816\">Porta forza e stabilit\u00e0 di fronte ai cambiamenti<br data-start=\"866\" data-end=\"869\">Promuove vitalit\u00e0 e coraggio<br data-start=\"906\" data-end=\"909\">Aiuta a connetterci alla Terra e alle nostre radici<br data-start=\"959\" data-end=\"962\">Associata al chakra della radice<br data-start=\"990\" data-end=\"993\">Pietra del mese di ottobre<\/p>\n<p data-start=\"1024\" data-end=\"1053\"><strong data-start=\"1027\" data-end=\"1051\">Dettagli del prodotto :<\/strong><\/p>\n<ul data-start=\"1054\" data-end=\"1251\">\n<li data-start=\"1054\" data-end=\"1083\">\n<p data-start=\"1056\" data-end=\"1083\">Tipo : Bracciale elastico<\/p>\n<\/li>\n<li data-start=\"1084\" data-end=\"1098\">\n<p data-start=\"1086\" data-end=\"1098\">Taglia: XS<\/p>\n<\/li>\n<li data-start=\"1099\" data-end=\"1130\">\n<p data-start=\"1101\" data-end=\"1130\">Pietra: mookaite naturale<\/p>\n<\/li>\n<li data-start=\"1131\" data-end=\"1161\">\n<p data-start=\"1133\" data-end=\"1161\">Diametro delle perle: 6 mm<\/p>\n<\/li>\n<li data-start=\"1162\" data-end=\"1197\">\n<p data-start=\"1164\" data-end=\"1197\">Origine delle pietre: Australia<\/p>\n<\/li>\n<li data-start=\"1198\" data-end=\"1251\">\n<p data-start=\"1200\" data-end=\"1251\">Fabbricazione : Fatto a mano<\/p>\n<\/li>\n<\/ul>\n<p data-start=\"1253\" data-end=\"1415\"><strong data-start=\"1256\" data-end=\"1271\">Cura:<\/strong><br data-start=\"1271\" data-end=\"1274\">Purifica regolarmente il bracciale con salvia, incenso o sale indiretto. Ricaricalo alla luce del giorno o su un fiore della vita. <\/p>\n<p data-start=\"1417\" data-end=\"1509\"><strong data-start=\"1420\" data-end=\"1437\">Idea regalo:<\/strong><br data-start=\"1437\" data-end=\"1440\">Perfetto per un compleanno, un anniversario o semplicemente per te stesso.<\/p>\n<p data-start=\"1417\" data-end=\"1509\"><strong data-start=\"1217\" data-end=\"1234\">Avvertenze<\/strong><br data-start=\"1234\" data-end=\"1237\"><em>Le informazioni nutrizionali e sul benessere presentate in questo articolo si basano sulle pratiche tradizionali e sugli studi attualmente disponibili. Non sostituiscono un&#8217;assistenza medica o nutrizionale personalizzata. <\/em><\/p>\n","protected":false},"excerpt":{"rendered":"<p>Bracciale di Mookaite naturale &#8211; 6 mm &#8211; Energia e Stabilit\u00e0 \u2728 Questo bracciale di mookaite \u00e8 realizzato con perle [&hellip;]<\/p>\n","protected":false},"featured_media":6965,"template":"","meta":{"site-sidebar-layout":"default","site-content-layout":"","ast-site-content-layout":"default","site-content-style":"default","site-sidebar-style":"default","ast-global-header-display":"","ast-banner-title-visibility":"","ast-main-header-display":"","ast-hfb-above-header-display":"","ast-hfb-below-header-display":"","ast-hfb-mobile-header-display":"","site-post-title":"","ast-breadcrumbs-content":"","ast-featured-img":"","footer-sml-layout":"","ast-disable-related-posts":"","theme-transparent-header-meta":"default","adv-header-id-meta":"","stick-header-meta":"","header-above-stick-meta":"","header-main-stick-meta":"","header-below-stick-meta":"","astra-migrate-meta-layouts":"default","ast-page-background-enabled":"default","ast-page-background-meta":{"desktop":{"background-color":"var(--ast-global-color-5)","background-image":"","background-repeat":"repeat","background-position":"center center","background-size":"auto","background-attachment":"scroll","background-type":"","background-media":"","overlay-type":"","overlay-color":"","overlay-opacity":"","overlay-gradient":""},"tablet":{"background-color":"","background-image":"","background-repeat":"repeat","background-position":"center center","background-size":"auto","background-attachment":"scroll","background-type":"","background-media":"","overlay-type":"","overlay-color":"","overlay-opacity":"","overlay-gradient":""},"mobile":{"background-color":"","background-image":"","background-repeat":"repeat","background-position":"center center","background-size":"auto","background-attachment":"scroll","background-type":"","background-media":"","overlay-type":"","overlay-color":"","overlay-opacity":"","overlay-gradient":""}},"ast-content-background-meta":{"desktop":{"background-color":"var(--ast-global-color-4)","background-image":"","background-repeat":"repeat","background-position":"center center","background-size":"auto","background-attachment":"scroll","background-type":"","background-media":"","overlay-type":"","overlay-color":"","overlay-opacity":"","overlay-gradient":""},"tablet":{"background-color":"var(--ast-global-color-4)","background-image":"","background-repeat":"repeat","background-position":"center center","background-size":"auto","background-attachment":"scroll","background-type":"","background-media":"","overlay-type":"","overlay-color":"","overlay-opacity":"","overlay-gradient":""},"mobile":{"background-color":"var(--ast-global-color-4)","background-image":"","background-repeat":"repeat","background-position":"center center","background-size":"auto","background-attachment":"scroll","background-type":"","background-media":"","overlay-type":"","overlay-color":"","overlay-opacity":"","overlay-gradient":""}}},"product_brand":[],"product_cat":[2694,2614],"product_tag":[],"class_list":{"0":"post-6962","1":"product","2":"type-product","3":"status-publish","4":"has-post-thumbnail","6":"product_cat-braccialetti-con-pietre","7":"product_cat-pietre-del-benessere","8":"pa_chakra-chakra-del-plesso-solare-manipura","9":"pa_chakra-chakra-della-radice-muladhara","10":"pa_couleur-multicolore","11":"pa_taille-6-mm","12":"pa_taille-xs","13":"pa_type-de-pierre-mookaite","14":"pa_type-produit-bracciale","15":"pa_usage-benessere","16":"pa_usage-pasticceria","17":"desktop-align-left","18":"tablet-align-left","19":"mobile-align-left","21":"first","22":"instock","23":"taxable","24":"shipping-taxable","25":"purchasable","26":"product-type-simple"},"yoast_head":"<!-- This site is optimized with the Yoast SEO plugin v27.2 - https:\/\/yoast.com\/product\/yoast-seo-wordpress\/ -->\n<title>Bracciale Mooka\u00efte 6 mm - Energia e stabilit\u00e0 | Naturamada<\/title>\n<meta name=\"description\" content=\"Bracciale in mookaite naturale (perline da 6 mm), pietra del mese di ottobre e del chakra della radice. Porta stabilit\u00e0 e vitalit\u00e0. Realizzato a mano da Naturamada.\" \/>\n<meta name=\"robots\" content=\"index, follow, max-snippet:-1, max-image-preview:large, max-video-preview:-1\" \/>\n<link rel=\"canonical\" href=\"https:\/\/naturamada.com\/it\/prodotto\/bracciale-di-mookaite\/\" \/>\n<meta property=\"og:locale\" content=\"it_IT\" \/>\n<meta property=\"og:type\" content=\"article\" \/>\n<meta property=\"og:title\" content=\"Bracciale Mooka\u00efte 6 mm - Energia e stabilit\u00e0 | Naturamada\" \/>\n<meta property=\"og:description\" content=\"Bracciale in mookaite naturale (perline da 6 mm), pietra del mese di ottobre e del chakra della radice. Porta stabilit\u00e0 e vitalit\u00e0. Realizzato a mano da Naturamada.\" \/>\n<meta property=\"og:url\" content=\"https:\/\/naturamada.com\/it\/prodotto\/bracciale-di-mookaite\/\" \/>\n<meta property=\"og:site_name\" content=\"Naturamada\" \/>\n<meta property=\"article:publisher\" content=\"https:\/\/www.facebook.com\/Naturamada.shop\/\" \/>\n<meta property=\"article:modified_time\" content=\"2026-03-17T19:25:07+00:00\" \/>\n<meta property=\"og:image\" content=\"https:\/\/naturamada.com\/wp-content\/uploads\/2025\/07\/Bracelet-Mookaite-6-mm-Naturamada.jpg\" \/>\n\t<meta property=\"og:image:width\" content=\"2000\" \/>\n\t<meta property=\"og:image:height\" content=\"2000\" \/>\n\t<meta property=\"og:image:type\" content=\"image\/jpeg\" \/>\n<script type=\"application\/ld+json\" class=\"yoast-schema-graph\">{\"@context\":\"https:\/\/schema.org\",\"@graph\":[{\"@type\":\"WebPage\",\"@id\":\"https:\/\/naturamada.com\/it\/prodotto\/bracciale-di-mookaite\/\",\"url\":\"https:\/\/naturamada.com\/it\/prodotto\/bracciale-di-mookaite\/\",\"name\":\"Bracciale Mooka\u00efte 6 mm - Energia e stabilit\u00e0 | Naturamada\",\"isPartOf\":{\"@id\":\"https:\/\/naturamada.com\/it\/#website\"},\"primaryImageOfPage\":{\"@id\":\"https:\/\/naturamada.com\/it\/prodotto\/bracciale-di-mookaite\/#primaryimage\"},\"image\":{\"@id\":\"https:\/\/naturamada.com\/it\/prodotto\/bracciale-di-mookaite\/#primaryimage\"},\"thumbnailUrl\":\"https:\/\/naturamada.com\/wp-content\/uploads\/2025\/07\/Bracelet-Mookaite-6-mm-Naturamada.jpg\",\"datePublished\":\"2025-07-05T14:54:34+00:00\",\"dateModified\":\"2026-03-17T19:25:07+00:00\",\"description\":\"Bracciale in mookaite naturale (perline da 6 mm), pietra del mese di ottobre e del chakra della radice. Porta stabilit\u00e0 e vitalit\u00e0. Realizzato a mano da Naturamada.\",\"breadcrumb\":{\"@id\":\"https:\/\/naturamada.com\/it\/prodotto\/bracciale-di-mookaite\/#breadcrumb\"},\"inLanguage\":\"it-IT\",\"potentialAction\":[{\"@type\":\"ReadAction\",\"target\":[\"https:\/\/naturamada.com\/it\/prodotto\/bracciale-di-mookaite\/\"]}]},{\"@type\":\"ImageObject\",\"inLanguage\":\"it-IT\",\"@id\":\"https:\/\/naturamada.com\/it\/prodotto\/bracciale-di-mookaite\/#primaryimage\",\"url\":\"https:\/\/naturamada.com\/wp-content\/uploads\/2025\/07\/Bracelet-Mookaite-6-mm-Naturamada.jpg\",\"contentUrl\":\"https:\/\/naturamada.com\/wp-content\/uploads\/2025\/07\/Bracelet-Mookaite-6-mm-Naturamada.jpg\",\"width\":2000,\"height\":2000},{\"@type\":\"BreadcrumbList\",\"@id\":\"https:\/\/naturamada.com\/it\/prodotto\/bracciale-di-mookaite\/#breadcrumb\",\"itemListElement\":[{\"@type\":\"ListItem\",\"position\":1,\"name\":\"Accueil\",\"item\":\"https:\/\/naturamada.com\/it\/casa\/\"},{\"@type\":\"ListItem\",\"position\":2,\"name\":\"Negozio\",\"item\":\"https:\/\/naturamada.com\/it\/negozio\/\"},{\"@type\":\"ListItem\",\"position\":3,\"name\":\"Bracciale di mookaite\"}]},{\"@type\":\"WebSite\",\"@id\":\"https:\/\/naturamada.com\/it\/#website\",\"url\":\"https:\/\/naturamada.com\/it\/\",\"name\":\"Naturamada\",\"description\":\"Epices, Superaliments et Pierres pour le bien-\u00eatre et la cuisine\",\"publisher\":{\"@id\":\"https:\/\/naturamada.com\/it\/#organization\"},\"potentialAction\":[{\"@type\":\"SearchAction\",\"target\":{\"@type\":\"EntryPoint\",\"urlTemplate\":\"https:\/\/naturamada.com\/it\/?s={search_term_string}\"},\"query-input\":{\"@type\":\"PropertyValueSpecification\",\"valueRequired\":true,\"valueName\":\"search_term_string\"}}],\"inLanguage\":\"it-IT\"},{\"@type\":\"Organization\",\"@id\":\"https:\/\/naturamada.com\/it\/#organization\",\"name\":\"Naturamada\",\"url\":\"https:\/\/naturamada.com\/it\/\",\"logo\":{\"@type\":\"ImageObject\",\"inLanguage\":\"it-IT\",\"@id\":\"https:\/\/naturamada.com\/it\/#\/schema\/logo\/image\/\",\"url\":\"https:\/\/naturamada.com\/wp-content\/uploads\/2025\/07\/cropped-Naturamada-10.png\",\"contentUrl\":\"https:\/\/naturamada.com\/wp-content\/uploads\/2025\/07\/cropped-Naturamada-10.png\",\"width\":1366,\"height\":455,\"caption\":\"Naturamada\"},\"image\":{\"@id\":\"https:\/\/naturamada.com\/it\/#\/schema\/logo\/image\/\"},\"sameAs\":[\"https:\/\/www.facebook.com\/Naturamada.shop\/\",\"https:\/\/www.instagram.com\/naturamada.officiel\/\"]}]}<\/script>\n<!-- \/ Yoast SEO plugin. -->","yoast_head_json":{"title":"Bracciale Mooka\u00efte 6 mm - Energia e stabilit\u00e0 | Naturamada","description":"Bracciale in mookaite naturale (perline da 6 mm), pietra del mese di ottobre e del chakra della radice. Porta stabilit\u00e0 e vitalit\u00e0. Realizzato a mano da Naturamada.","robots":{"index":"index","follow":"follow","max-snippet":"max-snippet:-1","max-image-preview":"max-image-preview:large","max-video-preview":"max-video-preview:-1"},"canonical":"https:\/\/naturamada.com\/it\/prodotto\/bracciale-di-mookaite\/","og_locale":"it_IT","og_type":"article","og_title":"Bracciale Mooka\u00efte 6 mm - Energia e stabilit\u00e0 | Naturamada","og_description":"Bracciale in mookaite naturale (perline da 6 mm), pietra del mese di ottobre e del chakra della radice. Porta stabilit\u00e0 e vitalit\u00e0. Realizzato a mano da Naturamada.","og_url":"https:\/\/naturamada.com\/it\/prodotto\/bracciale-di-mookaite\/","og_site_name":"Naturamada","article_publisher":"https:\/\/www.facebook.com\/Naturamada.shop\/","article_modified_time":"2026-03-17T19:25:07+00:00","og_image":[{"width":2000,"height":2000,"url":"https:\/\/naturamada.com\/wp-content\/uploads\/2025\/07\/Bracelet-Mookaite-6-mm-Naturamada.jpg","type":"image\/jpeg"}],"schema":{"@context":"https:\/\/schema.org","@graph":[{"@type":"WebPage","@id":"https:\/\/naturamada.com\/it\/prodotto\/bracciale-di-mookaite\/","url":"https:\/\/naturamada.com\/it\/prodotto\/bracciale-di-mookaite\/","name":"Bracciale Mooka\u00efte 6 mm - Energia e stabilit\u00e0 | Naturamada","isPartOf":{"@id":"https:\/\/naturamada.com\/it\/#website"},"primaryImageOfPage":{"@id":"https:\/\/naturamada.com\/it\/prodotto\/bracciale-di-mookaite\/#primaryimage"},"image":{"@id":"https:\/\/naturamada.com\/it\/prodotto\/bracciale-di-mookaite\/#primaryimage"},"thumbnailUrl":"https:\/\/naturamada.com\/wp-content\/uploads\/2025\/07\/Bracelet-Mookaite-6-mm-Naturamada.jpg","datePublished":"2025-07-05T14:54:34+00:00","dateModified":"2026-03-17T19:25:07+00:00","description":"Bracciale in mookaite naturale (perline da 6 mm), pietra del mese di ottobre e del chakra della radice. Porta stabilit\u00e0 e vitalit\u00e0. Realizzato a mano da Naturamada.","breadcrumb":{"@id":"https:\/\/naturamada.com\/it\/prodotto\/bracciale-di-mookaite\/#breadcrumb"},"inLanguage":"it-IT","potentialAction":[{"@type":"ReadAction","target":["https:\/\/naturamada.com\/it\/prodotto\/bracciale-di-mookaite\/"]}]},{"@type":"ImageObject","inLanguage":"it-IT","@id":"https:\/\/naturamada.com\/it\/prodotto\/bracciale-di-mookaite\/#primaryimage","url":"https:\/\/naturamada.com\/wp-content\/uploads\/2025\/07\/Bracelet-Mookaite-6-mm-Naturamada.jpg","contentUrl":"https:\/\/naturamada.com\/wp-content\/uploads\/2025\/07\/Bracelet-Mookaite-6-mm-Naturamada.jpg","width":2000,"height":2000},{"@type":"BreadcrumbList","@id":"https:\/\/naturamada.com\/it\/prodotto\/bracciale-di-mookaite\/#breadcrumb","itemListElement":[{"@type":"ListItem","position":1,"name":"Accueil","item":"https:\/\/naturamada.com\/it\/casa\/"},{"@type":"ListItem","position":2,"name":"Negozio","item":"https:\/\/naturamada.com\/it\/negozio\/"},{"@type":"ListItem","position":3,"name":"Bracciale di mookaite"}]},{"@type":"WebSite","@id":"https:\/\/naturamada.com\/it\/#website","url":"https:\/\/naturamada.com\/it\/","name":"Naturamada","description":"Epices, Superaliments et Pierres pour le bien-\u00eatre et la cuisine","publisher":{"@id":"https:\/\/naturamada.com\/it\/#organization"},"potentialAction":[{"@type":"SearchAction","target":{"@type":"EntryPoint","urlTemplate":"https:\/\/naturamada.com\/it\/?s={search_term_string}"},"query-input":{"@type":"PropertyValueSpecification","valueRequired":true,"valueName":"search_term_string"}}],"inLanguage":"it-IT"},{"@type":"Organization","@id":"https:\/\/naturamada.com\/it\/#organization","name":"Naturamada","url":"https:\/\/naturamada.com\/it\/","logo":{"@type":"ImageObject","inLanguage":"it-IT","@id":"https:\/\/naturamada.com\/it\/#\/schema\/logo\/image\/","url":"https:\/\/naturamada.com\/wp-content\/uploads\/2025\/07\/cropped-Naturamada-10.png","contentUrl":"https:\/\/naturamada.com\/wp-content\/uploads\/2025\/07\/cropped-Naturamada-10.png","width":1366,"height":455,"caption":"Naturamada"},"image":{"@id":"https:\/\/naturamada.com\/it\/#\/schema\/logo\/image\/"},"sameAs":["https:\/\/www.facebook.com\/Naturamada.shop\/","https:\/\/www.instagram.com\/naturamada.officiel\/"]}]}},"_links":{"self":[{"href":"https:\/\/naturamada.com\/it\/wp-json\/wp\/v2\/product\/6962","targetHints":{"allow":["GET"]}}],"collection":[{"href":"https:\/\/naturamada.com\/it\/wp-json\/wp\/v2\/product"}],"about":[{"href":"https:\/\/naturamada.com\/it\/wp-json\/wp\/v2\/types\/product"}],"wp:featuredmedia":[{"embeddable":true,"href":"https:\/\/naturamada.com\/it\/wp-json\/wp\/v2\/media\/6965"}],"wp:attachment":[{"href":"https:\/\/naturamada.com\/it\/wp-json\/wp\/v2\/media?parent=6962"}],"wp:term":[{"taxonomy":"product_brand","embeddable":true,"href":"https:\/\/naturamada.com\/it\/wp-json\/wp\/v2\/product_brand?post=6962"},{"taxonomy":"product_cat","embeddable":true,"href":"https:\/\/naturamada.com\/it\/wp-json\/wp\/v2\/product_cat?post=6962"},{"taxonomy":"product_tag","embeddable":true,"href":"https:\/\/naturamada.com\/it\/wp-json\/wp\/v2\/product_tag?post=6962"}],"curies":[{"name":"wp","href":"https:\/\/api.w.org\/{rel}","templated":true}]}}