{"id":6643,"date":"2025-09-20T17:48:50","date_gmt":"2025-09-20T17:48:50","guid":{"rendered":"https:\/\/naturamada.com\/produit\/cannella-di-ceylon\/"},"modified":"2026-03-17T19:22:14","modified_gmt":"2026-03-17T19:22:14","slug":"cannella-di-ceylon","status":"publish","type":"product","link":"https:\/\/naturamada.com\/it\/prodotto\/cannella-di-ceylon\/","title":{"rendered":"Cannella di Ceylon"},"content":{"rendered":"<h1 data-start=\"366\" data-end=\"586\">Cannella di Ceylon in polvere Naturamada &#8211; Cinnamomum verum<\/h1>\n<p data-start=\"366\" data-end=\"586\">La cannella \u00e8 una delle spezie antiche pi\u00f9 apprezzate al mondo. Proviene dalla corteccia interna dell&#8217;albero della cannella, un membro tropicale della famiglia <strong>delle Lauraceae<\/strong>. Originaria dello Sri Lanka, questa preziosa spezia si \u00e8 poi diffusa in diverse regioni tropicali. In Madagascar, l&#8217;<strong>albero della cannella<\/strong> prospera particolarmente bene grazie al clima umido e ai terreni ricchi. Una volta raccolta, la corteccia viene fatta essiccare, dove si arriccia naturalmente in caratteristici bastoncini. Questi bastoncini vengono poi <strong>macinati finemente<\/strong> per ottenere la cannella in polvere. Il suo profumo <strong>caldo<\/strong>, <strong>morbido<\/strong> e <strong>leggermente dolce<\/strong> evoca immediatamente <strong>dolcezza<\/strong> e <strong>benessere<\/strong>. Spezia regale da migliaia di anni, la cannella merita un posto d&#8217;onore nella tua cucina.       <\/p>\n<h2 data-start=\"747\" data-end=\"769\">Perch\u00e9 scegliere la cannella in polvere del Madagascar?<\/h2>\n<p>La cannella \u00e8 una delle spezie pi\u00f9 antiche conosciute dall&#8217;umanit\u00e0. Gi\u00e0 apprezzata nell&#8217;antico Egitto per i rituali di imbalsamazione, un tempo valeva oro. Nel corso dei secoli si sono sviluppate rotte commerciali per portare questa <strong>preziosa spezia<\/strong> in Europa e in Medio Oriente. Oggi sono due le variet\u00e0 principali che dominano il mercato: la <strong>cannella di Ceylon<\/strong> (Cinnamomum verum) e la <strong>cannella cinese<\/strong> (Cinnamomum cassia). La nostra cannella del Madagascar appartiene alla specie <strong>Cinnamomum verum<\/strong>, rinomata per la sua finezza aromatica.    <\/p>\n<h2 data-start=\"747\" data-end=\"769\">Come usare la cannella in polvere<\/h2>\n<p class=\"font-claude-response-body break-words whitespace-normal leading-[1.7]\">Questa versatile spezia pu\u00f2 essere utilizzata in innumerevoli piatti dolci e salati. Il suo calore aromatico trasforma i piatti pi\u00f9 semplici in creazioni confortanti. <\/p>\n<h3 class=\"font-claude-response-body break-words whitespace-normal leading-[1.7]\"><strong>Per dolci e dessert:<\/strong><\/h3>\n<p class=\"font-claude-response-body break-words whitespace-normal leading-[1.7]\">La cannella regna sovrana nel mondo dei dolci. Viene utilizzata per aromatizzare composte di mele, crostate di frutta, crumble, panini alla cannella, biscotti, torte al cioccolato e pan di zenzero. Spolverato su una torta di mele prima della cottura, sprigiona i suoi incantevoli aromi. Si abbina meravigliosamente a mele, pere, prugne, cioccolato, caramello e vaniglia. <a href=\"https:\/\/naturamada.com\/produit\/vanille-de-madagascar-10-gousses-de-chez-nous\/\"><em>vaniglia<\/em><\/a>. I pasticceri lo combinano spesso con cardamomo, noce moscata e <a href=\"https:\/\/naturamada.com\/produit\/poudre-de-gingembre-50-g\/\">zenzero<\/a> in miscele di spezie dolci.    <\/p>\n<h3 class=\"font-claude-response-body break-words whitespace-normal leading-[1.7]\"><strong>Nelle bevande calde:<\/strong><\/h3>\n<p class=\"font-claude-response-body break-words whitespace-normal leading-[1.7]\">La cannella rende sublimi le bevande rilassanti. Aromatizza il caff\u00e8, la cioccolata calda, il latte dorato con <a href=\"https:\/\/naturamada.com\/produit\/curcuma-moulu-50-g\/\"><em>curcuma<\/em><\/a>), chai latte, vin brul\u00e9 e tisane. Basta un pizzico di polvere per trasformare una normale bevanda in un momento da gourmet. I baristi moderni creano caffellatte speziati con <em><a href=\"https:\/\/naturamada.com\/it\/cannella-ricetta-e-benefici\/\">cannella<\/a> <\/em>gioca un ruolo centrale. In inverno, il vin brul\u00e9 con le spezie rimane inseparabile da questa calda fragranza.    <\/p>\n<h3 class=\"font-claude-response-body break-words whitespace-normal leading-[1.7]\"><strong>Cucina mondiale:<\/strong><\/h3>\n<p class=\"font-claude-response-body break-words whitespace-normal leading-[1.7]\">Molte cucine tradizionali utilizzano la cannella nei piatti salati. In Marocco, viene utilizzata per preparare il ras-el-hanout e per insaporire le tagine di agnello con frutta secca, le pastillas e il couscous in agrodolce. Nella cucina persiana si usa per insaporire stufati di carne e piatti di riso festivi. In India \u00e8 parte integrante di curry e biryanis. La cucina greca lo utilizza nella moussaka e in alcune salse di carne. Questa dimensione salata spesso sorprende i palati occidentali, abituati ad associarla solo alla dolcezza.     <\/p>\n<h3 class=\"font-claude-response-body break-words whitespace-normal leading-[1.7]\"><strong>Colazione:<\/strong><\/h3>\n<p class=\"font-claude-response-body break-words whitespace-normal leading-[1.7]\">La cannella arricchisce le porzioni di avena, i frullati, gli yogurt magri, i budini di chia e la granola fatta in casa. Un semplice pizzico sul caff\u00e8 o sul fromage frais del mattino aggiunge un tocco gourmet senza calorie extra. \u00c8 perfetto anche nelle palline energetiche, nelle barrette di cereali fatte in casa e nell&#8217;avena della sera. Gli amanti della cucina sana lo usano quotidianamente per le sue qualit\u00e0 aromatiche.   <\/p>\n<h3 class=\"font-claude-response-body break-words whitespace-normal leading-[1.7]\"><strong>Cucina fusion moderna:<\/strong><\/h3>\n<p class=\"font-claude-response-body break-words whitespace-normal leading-[1.7]\">Gli chef contemporanei stanno esplorando combinazioni audaci. La cannella viene ora utilizzata per aromatizzare carote arrostite, zucca butternut, patate dolci al forno e barbabietole candite. Aggiunge un&#8217;inaspettata dimensione dolce-speziata agli ortaggi a radice. Alcuni la combinano addirittura con il caff\u00e8 negli strofinamenti a secco per le carni alla griglia, creando croste aromatiche complesse.   <\/p>\n<h2>Informazioni sul prodotto<\/h2>\n<p class=\"font-claude-response-body break-words whitespace-normal leading-[1.7]\"><strong>Nome botanico:<\/strong> Cinnamomum verum\/ceylanicum (cannella di Ceylon)<\/p>\n<p class=\"font-claude-response-body break-words whitespace-normal leading-[1.7]\"><strong>Origine :<\/strong> Madagascar<\/p>\n<p class=\"font-claude-response-body break-words whitespace-normal leading-[1.7]\">Corteccia essiccata e finemente macinata<\/p>\n<p class=\"font-claude-response-body break-words whitespace-normal leading-[1.7]\">100% puro, senza additivi<\/p>\n<p class=\"font-claude-response-body break-words whitespace-normal leading-[1.7]\">Confezionato in Francia<\/p>\n<p>&nbsp;<\/p>\n<h2>FAQ &#8211; Cannella in polvere<\/h2>\n<h3 class=\"text-text-100 mt-2 -mb-1 text-base font-bold\">Che sapore ha la cannella in polvere del Madagascar?<\/h3>\n<p class=\"font-claude-response-body break-words whitespace-normal leading-[1.7]\">La nostra cannella del Madagascar<strong>(Cinnamomum verum<\/strong>) ha un sapore delicato, caldo e delicatamente dolce. Il suo profilo aromatico \u00e8 <strong>pi\u00f9 fine e complesso<\/strong> rispetto alla cannella di cassia. Ha leggere note <strong>limonose<\/strong> e <strong>floreali<\/strong>, senza eccessiva amarezza o piccantezza. Questa dolcezza la rende perfetta per l&#8217;uso quotidiano nei dessert, nelle bevande calde e anche in alcuni raffinati piatti salati.   <\/p>\n<h3 class=\"text-text-100 mt-2 -mb-1 text-base font-bold\">Qual \u00e8 la differenza tra la tua cannella e quella del supermercato?<\/h3>\n<p class=\"font-claude-response-body break-words whitespace-normal leading-[1.7]\">La maggior parte delle cannelle da supermercato sono di cassia<strong>(Cinnamomum cassia<\/strong>), <strong>pi\u00f9 economiche<\/strong> ma pi\u00f9 forti e meno delicate. La nostra cannella <strong>del Madagascar<\/strong> appartiene alla specie <strong>Cinnamomum verum<\/strong>, nota anche come &#8220;cannella vera&#8221; o<strong>&#8220;cannella di Ceylon<\/strong>&#8220;. Si distingue per la sua superiore finezza aromatica, il colore pi\u00f9 chiaro e il bassissimo contenuto di cumarina.  <\/p>\n<h3 class=\"text-text-100 mt-2 -mb-1 text-base font-bold\">Come posso usare la cannella in polvere quotidianamente?<\/h3>\n<p class=\"font-claude-response-body break-words whitespace-normal leading-[1.7]\">Cospargilo sul caff\u00e8, sul cappuccino o sulla cioccolata calda al mattino. Aggiungine \u00bd cucchiaino a porridge, yogurt o smoothie bowl. Aggiungilo ai dolci fatti in casa: torte, biscotti, composte, crostate di frutta. Per i piatti salati, provalo in tagine, curry o su ortaggi arrostiti. Spesso ne basta un pizzico per trasformare una ricetta ordinaria in una creazione profumata.    <\/p>\n<h3 class=\"text-text-100 mt-2 -mb-1 text-base font-bold\">Quanto si conserva la cannella in polvere?<\/h3>\n<p class=\"font-claude-response-body break-words whitespace-normal leading-[1.7]\">S\u00ec, se conservato correttamente. Conservalo in un contenitore ermetico e opaco, al riparo da luce, calore e umidit\u00e0. <\/p>\n<h3 class=\"text-text-100 mt-2 -mb-1 text-base font-bold\">La tua cannella \u00e8 pura e senza additivi?<\/h3>\n<p class=\"font-claude-response-body break-words whitespace-normal leading-[1.7]\">Assolutamente. La nostra polvere contiene solo corteccia di cannella essiccata e macinata (Cinnamomum verum), senza additivi, conservanti, coloranti o agenti antiagglomeranti. Il suo colore naturale marrone chiaro e il suo profumo intenso testimoniano la sua purezza. Raccolta a mano in Madagascar e macinata al momento, garantisce autenticit\u00e0 e qualit\u00e0 superiore.   <\/p>\n","protected":false},"excerpt":{"rendered":"<p>Cannella di Ceylon in polvere Naturamada &#8211; Cinnamomum verum La cannella \u00e8 una delle spezie antiche pi\u00f9 apprezzate al mondo. [&hellip;]<\/p>\n","protected":false},"featured_media":6645,"template":"","meta":{"site-sidebar-layout":"default","site-content-layout":"","ast-site-content-layout":"default","site-content-style":"default","site-sidebar-style":"default","ast-global-header-display":"","ast-banner-title-visibility":"","ast-main-header-display":"","ast-hfb-above-header-display":"","ast-hfb-below-header-display":"","ast-hfb-mobile-header-display":"","site-post-title":"","ast-breadcrumbs-content":"","ast-featured-img":"","footer-sml-layout":"","ast-disable-related-posts":"","theme-transparent-header-meta":"default","adv-header-id-meta":"","stick-header-meta":"","header-above-stick-meta":"","header-main-stick-meta":"","header-below-stick-meta":"","astra-migrate-meta-layouts":"default","ast-page-background-enabled":"default","ast-page-background-meta":{"desktop":{"background-color":"var(--ast-global-color-5)","background-image":"","background-repeat":"repeat","background-position":"center center","background-size":"auto","background-attachment":"scroll","background-type":"","background-media":"","overlay-type":"","overlay-color":"","overlay-opacity":"","overlay-gradient":""},"tablet":{"background-color":"","background-image":"","background-repeat":"repeat","background-position":"center center","background-size":"auto","background-attachment":"scroll","background-type":"","background-media":"","overlay-type":"","overlay-color":"","overlay-opacity":"","overlay-gradient":""},"mobile":{"background-color":"","background-image":"","background-repeat":"repeat","background-position":"center center","background-size":"auto","background-attachment":"scroll","background-type":"","background-media":"","overlay-type":"","overlay-color":"","overlay-opacity":"","overlay-gradient":""}},"ast-content-background-meta":{"desktop":{"background-color":"var(--ast-global-color-4)","background-image":"","background-repeat":"repeat","background-position":"center center","background-size":"auto","background-attachment":"scroll","background-type":"","background-media":"","overlay-type":"","overlay-color":"","overlay-opacity":"","overlay-gradient":""},"tablet":{"background-color":"var(--ast-global-color-4)","background-image":"","background-repeat":"repeat","background-position":"center center","background-size":"auto","background-attachment":"scroll","background-type":"","background-media":"","overlay-type":"","overlay-color":"","overlay-opacity":"","overlay-gradient":""},"mobile":{"background-color":"var(--ast-global-color-4)","background-image":"","background-repeat":"repeat","background-position":"center center","background-size":"auto","background-attachment":"scroll","background-type":"","background-media":"","overlay-type":"","overlay-color":"","overlay-opacity":"","overlay-gradient":""}}},"product_brand":[258],"product_cat":[2711,2647,2686],"product_tag":[],"class_list":{"0":"post-6643","1":"product","2":"type-product","3":"status-publish","4":"has-post-thumbnail","6":"product_brand-naturamada","7":"product_cat-spezie","8":"product_cat-spezie-e-superalimenti","9":"product_cat-superalimenti","10":"pa_origine-madagascar","11":"pa_taille-50-g","12":"pa_taille-75-g","13":"pa_type-produit-polvere","14":"pa_usage-cucina","15":"pa_usage-frullato","16":"pa_usage-infusione","17":"desktop-align-left","18":"tablet-align-left","19":"mobile-align-left","21":"first","22":"instock","23":"taxable","24":"shipping-taxable","25":"purchasable","26":"product-type-variable"},"yoast_head":"<!-- This site is optimized with the Yoast SEO plugin v27.5 - https:\/\/yoast.com\/product\/yoast-seo-wordpress\/ -->\n<title>Cannella in polvere Madagascar Ceylon | Naturamada<\/title>\n<meta name=\"description\" content=\"Cannella in polvere Cinnamomum verum Madagascar. La vera cannella di Ceylon dall&#039;aroma delicato, ideale per la cucina, la pasticceria e gli infusi di benessere.\" \/>\n<meta name=\"robots\" content=\"index, follow, max-snippet:-1, max-image-preview:large, max-video-preview:-1\" \/>\n<link rel=\"canonical\" href=\"https:\/\/naturamada.com\/it\/prodotto\/cannella-di-ceylon\/\" \/>\n<meta property=\"og:locale\" content=\"it_IT\" \/>\n<meta property=\"og:type\" content=\"article\" \/>\n<meta property=\"og:title\" content=\"Cannella in polvere Madagascar Ceylon | Naturamada\" \/>\n<meta property=\"og:description\" content=\"Cannella in polvere Cinnamomum verum Madagascar. La vera cannella di Ceylon dall&#039;aroma delicato, ideale per la cucina, la pasticceria e gli infusi di benessere.\" \/>\n<meta property=\"og:url\" content=\"https:\/\/naturamada.com\/it\/prodotto\/cannella-di-ceylon\/\" \/>\n<meta property=\"og:site_name\" content=\"Naturamada\" \/>\n<meta property=\"article:publisher\" content=\"https:\/\/www.facebook.com\/Naturamada.shop\/\" \/>\n<meta property=\"article:modified_time\" content=\"2026-03-17T19:22:14+00:00\" \/>\n<meta property=\"og:image\" content=\"https:\/\/naturamada.com\/wp-content\/uploads\/2025\/09\/Design-sans-titre-8.jpg\" \/>\n\t<meta property=\"og:image:width\" content=\"2000\" \/>\n\t<meta property=\"og:image:height\" content=\"2000\" \/>\n\t<meta property=\"og:image:type\" content=\"image\/jpeg\" \/>\n<script type=\"application\/ld+json\" class=\"yoast-schema-graph\">{\"@context\":\"https:\\\/\\\/schema.org\",\"@graph\":[{\"@type\":\"WebPage\",\"@id\":\"https:\\\/\\\/naturamada.com\\\/it\\\/prodotto\\\/cannella-di-ceylon\\\/\",\"url\":\"https:\\\/\\\/naturamada.com\\\/it\\\/prodotto\\\/cannella-di-ceylon\\\/\",\"name\":\"Cannella in polvere Madagascar Ceylon | Naturamada\",\"isPartOf\":{\"@id\":\"https:\\\/\\\/naturamada.com\\\/it\\\/#website\"},\"primaryImageOfPage\":{\"@id\":\"https:\\\/\\\/naturamada.com\\\/it\\\/prodotto\\\/cannella-di-ceylon\\\/#primaryimage\"},\"image\":{\"@id\":\"https:\\\/\\\/naturamada.com\\\/it\\\/prodotto\\\/cannella-di-ceylon\\\/#primaryimage\"},\"thumbnailUrl\":\"https:\\\/\\\/naturamada.com\\\/wp-content\\\/uploads\\\/2025\\\/09\\\/Design-sans-titre-8.jpg\",\"datePublished\":\"2025-09-20T17:48:50+00:00\",\"dateModified\":\"2026-03-17T19:22:14+00:00\",\"description\":\"Cannella in polvere Cinnamomum verum Madagascar. La vera cannella di Ceylon dall'aroma delicato, ideale per la cucina, la pasticceria e gli infusi di benessere.\",\"breadcrumb\":{\"@id\":\"https:\\\/\\\/naturamada.com\\\/it\\\/prodotto\\\/cannella-di-ceylon\\\/#breadcrumb\"},\"inLanguage\":\"it-IT\",\"potentialAction\":[{\"@type\":\"ReadAction\",\"target\":[\"https:\\\/\\\/naturamada.com\\\/it\\\/prodotto\\\/cannella-di-ceylon\\\/\"]}]},{\"@type\":\"ImageObject\",\"inLanguage\":\"it-IT\",\"@id\":\"https:\\\/\\\/naturamada.com\\\/it\\\/prodotto\\\/cannella-di-ceylon\\\/#primaryimage\",\"url\":\"https:\\\/\\\/naturamada.com\\\/wp-content\\\/uploads\\\/2025\\\/09\\\/Design-sans-titre-8.jpg\",\"contentUrl\":\"https:\\\/\\\/naturamada.com\\\/wp-content\\\/uploads\\\/2025\\\/09\\\/Design-sans-titre-8.jpg\",\"width\":2000,\"height\":2000},{\"@type\":\"BreadcrumbList\",\"@id\":\"https:\\\/\\\/naturamada.com\\\/it\\\/prodotto\\\/cannella-di-ceylon\\\/#breadcrumb\",\"itemListElement\":[{\"@type\":\"ListItem\",\"position\":1,\"name\":\"Accueil\",\"item\":\"https:\\\/\\\/naturamada.com\\\/it\\\/casa\\\/\"},{\"@type\":\"ListItem\",\"position\":2,\"name\":\"Negozio\",\"item\":\"https:\\\/\\\/naturamada.com\\\/it\\\/negozio\\\/\"},{\"@type\":\"ListItem\",\"position\":3,\"name\":\"Cannella di Ceylon\"}]},{\"@type\":\"WebSite\",\"@id\":\"https:\\\/\\\/naturamada.com\\\/it\\\/#website\",\"url\":\"https:\\\/\\\/naturamada.com\\\/it\\\/\",\"name\":\"Naturamada\",\"description\":\"Epices, Superaliments et Pierres pour le bien-\u00eatre et la cuisine\",\"publisher\":{\"@id\":\"https:\\\/\\\/naturamada.com\\\/it\\\/#organization\"},\"potentialAction\":[{\"@type\":\"SearchAction\",\"target\":{\"@type\":\"EntryPoint\",\"urlTemplate\":\"https:\\\/\\\/naturamada.com\\\/it\\\/?s={search_term_string}\"},\"query-input\":{\"@type\":\"PropertyValueSpecification\",\"valueRequired\":true,\"valueName\":\"search_term_string\"}}],\"inLanguage\":\"it-IT\"},{\"@type\":\"Organization\",\"@id\":\"https:\\\/\\\/naturamada.com\\\/it\\\/#organization\",\"name\":\"Naturamada\",\"url\":\"https:\\\/\\\/naturamada.com\\\/it\\\/\",\"logo\":{\"@type\":\"ImageObject\",\"inLanguage\":\"it-IT\",\"@id\":\"https:\\\/\\\/naturamada.com\\\/it\\\/#\\\/schema\\\/logo\\\/image\\\/\",\"url\":\"https:\\\/\\\/naturamada.com\\\/wp-content\\\/uploads\\\/2025\\\/07\\\/cropped-Naturamada-10.png\",\"contentUrl\":\"https:\\\/\\\/naturamada.com\\\/wp-content\\\/uploads\\\/2025\\\/07\\\/cropped-Naturamada-10.png\",\"width\":1366,\"height\":455,\"caption\":\"Naturamada\"},\"image\":{\"@id\":\"https:\\\/\\\/naturamada.com\\\/it\\\/#\\\/schema\\\/logo\\\/image\\\/\"},\"sameAs\":[\"https:\\\/\\\/www.facebook.com\\\/Naturamada.shop\\\/\",\"https:\\\/\\\/www.instagram.com\\\/naturamada.officiel\\\/\"]}]}<\/script>\n<!-- \/ Yoast SEO plugin. -->","yoast_head_json":{"title":"Cannella in polvere Madagascar Ceylon | Naturamada","description":"Cannella in polvere Cinnamomum verum Madagascar. La vera cannella di Ceylon dall'aroma delicato, ideale per la cucina, la pasticceria e gli infusi di benessere.","robots":{"index":"index","follow":"follow","max-snippet":"max-snippet:-1","max-image-preview":"max-image-preview:large","max-video-preview":"max-video-preview:-1"},"canonical":"https:\/\/naturamada.com\/it\/prodotto\/cannella-di-ceylon\/","og_locale":"it_IT","og_type":"article","og_title":"Cannella in polvere Madagascar Ceylon | Naturamada","og_description":"Cannella in polvere Cinnamomum verum Madagascar. La vera cannella di Ceylon dall'aroma delicato, ideale per la cucina, la pasticceria e gli infusi di benessere.","og_url":"https:\/\/naturamada.com\/it\/prodotto\/cannella-di-ceylon\/","og_site_name":"Naturamada","article_publisher":"https:\/\/www.facebook.com\/Naturamada.shop\/","article_modified_time":"2026-03-17T19:22:14+00:00","og_image":[{"width":2000,"height":2000,"url":"https:\/\/naturamada.com\/wp-content\/uploads\/2025\/09\/Design-sans-titre-8.jpg","type":"image\/jpeg"}],"schema":{"@context":"https:\/\/schema.org","@graph":[{"@type":"WebPage","@id":"https:\/\/naturamada.com\/it\/prodotto\/cannella-di-ceylon\/","url":"https:\/\/naturamada.com\/it\/prodotto\/cannella-di-ceylon\/","name":"Cannella in polvere Madagascar Ceylon | Naturamada","isPartOf":{"@id":"https:\/\/naturamada.com\/it\/#website"},"primaryImageOfPage":{"@id":"https:\/\/naturamada.com\/it\/prodotto\/cannella-di-ceylon\/#primaryimage"},"image":{"@id":"https:\/\/naturamada.com\/it\/prodotto\/cannella-di-ceylon\/#primaryimage"},"thumbnailUrl":"https:\/\/naturamada.com\/wp-content\/uploads\/2025\/09\/Design-sans-titre-8.jpg","datePublished":"2025-09-20T17:48:50+00:00","dateModified":"2026-03-17T19:22:14+00:00","description":"Cannella in polvere Cinnamomum verum Madagascar. La vera cannella di Ceylon dall'aroma delicato, ideale per la cucina, la pasticceria e gli infusi di benessere.","breadcrumb":{"@id":"https:\/\/naturamada.com\/it\/prodotto\/cannella-di-ceylon\/#breadcrumb"},"inLanguage":"it-IT","potentialAction":[{"@type":"ReadAction","target":["https:\/\/naturamada.com\/it\/prodotto\/cannella-di-ceylon\/"]}]},{"@type":"ImageObject","inLanguage":"it-IT","@id":"https:\/\/naturamada.com\/it\/prodotto\/cannella-di-ceylon\/#primaryimage","url":"https:\/\/naturamada.com\/wp-content\/uploads\/2025\/09\/Design-sans-titre-8.jpg","contentUrl":"https:\/\/naturamada.com\/wp-content\/uploads\/2025\/09\/Design-sans-titre-8.jpg","width":2000,"height":2000},{"@type":"BreadcrumbList","@id":"https:\/\/naturamada.com\/it\/prodotto\/cannella-di-ceylon\/#breadcrumb","itemListElement":[{"@type":"ListItem","position":1,"name":"Accueil","item":"https:\/\/naturamada.com\/it\/casa\/"},{"@type":"ListItem","position":2,"name":"Negozio","item":"https:\/\/naturamada.com\/it\/negozio\/"},{"@type":"ListItem","position":3,"name":"Cannella di Ceylon"}]},{"@type":"WebSite","@id":"https:\/\/naturamada.com\/it\/#website","url":"https:\/\/naturamada.com\/it\/","name":"Naturamada","description":"Epices, Superaliments et Pierres pour le bien-\u00eatre et la cuisine","publisher":{"@id":"https:\/\/naturamada.com\/it\/#organization"},"potentialAction":[{"@type":"SearchAction","target":{"@type":"EntryPoint","urlTemplate":"https:\/\/naturamada.com\/it\/?s={search_term_string}"},"query-input":{"@type":"PropertyValueSpecification","valueRequired":true,"valueName":"search_term_string"}}],"inLanguage":"it-IT"},{"@type":"Organization","@id":"https:\/\/naturamada.com\/it\/#organization","name":"Naturamada","url":"https:\/\/naturamada.com\/it\/","logo":{"@type":"ImageObject","inLanguage":"it-IT","@id":"https:\/\/naturamada.com\/it\/#\/schema\/logo\/image\/","url":"https:\/\/naturamada.com\/wp-content\/uploads\/2025\/07\/cropped-Naturamada-10.png","contentUrl":"https:\/\/naturamada.com\/wp-content\/uploads\/2025\/07\/cropped-Naturamada-10.png","width":1366,"height":455,"caption":"Naturamada"},"image":{"@id":"https:\/\/naturamada.com\/it\/#\/schema\/logo\/image\/"},"sameAs":["https:\/\/www.facebook.com\/Naturamada.shop\/","https:\/\/www.instagram.com\/naturamada.officiel\/"]}]}},"_links":{"self":[{"href":"https:\/\/naturamada.com\/it\/wp-json\/wp\/v2\/product\/6643","targetHints":{"allow":["GET"]}}],"collection":[{"href":"https:\/\/naturamada.com\/it\/wp-json\/wp\/v2\/product"}],"about":[{"href":"https:\/\/naturamada.com\/it\/wp-json\/wp\/v2\/types\/product"}],"wp:featuredmedia":[{"embeddable":true,"href":"https:\/\/naturamada.com\/it\/wp-json\/wp\/v2\/media\/6645"}],"wp:attachment":[{"href":"https:\/\/naturamada.com\/it\/wp-json\/wp\/v2\/media?parent=6643"}],"wp:term":[{"taxonomy":"product_brand","embeddable":true,"href":"https:\/\/naturamada.com\/it\/wp-json\/wp\/v2\/product_brand?post=6643"},{"taxonomy":"product_cat","embeddable":true,"href":"https:\/\/naturamada.com\/it\/wp-json\/wp\/v2\/product_cat?post=6643"},{"taxonomy":"product_tag","embeddable":true,"href":"https:\/\/naturamada.com\/it\/wp-json\/wp\/v2\/product_tag?post=6643"}],"curies":[{"name":"wp","href":"https:\/\/api.w.org\/{rel}","templated":true}]}}