{"id":6601,"date":"2025-07-05T16:49:43","date_gmt":"2025-07-05T16:49:43","guid":{"rendered":"https:\/\/naturamada.com\/produit\/ciottolo-citrino-naturamada\/"},"modified":"2026-03-17T19:24:36","modified_gmt":"2026-03-17T19:24:36","slug":"ciottolo-citrino-naturamada","status":"publish","type":"product","link":"https:\/\/naturamada.com\/it\/prodotto\/ciottolo-citrino-naturamada\/","title":{"rendered":"Ciottolo Citrino Naturamada"},"content":{"rendered":"<p data-start=\"142\" data-end=\"202\">\u2728 <strong data-start=\"144\" data-end=\"198\">Ciottolo naturale di Citrino &#8211; 40 mm &#8211; Gioia e Abbondanza<\/strong> \u2728<\/p>\n<p data-start=\"204\" data-end=\"494\">Questo ciottolo di citrino naturale, di circa 40 mm, \u00e8 stato accuratamente lucidato per rivelare le sue tonalit\u00e0 calde e luminose e la sua energia radiante. Simbolo di gioia, abbondanza e fiducia in se stessi, il citrino \u00e8 associato al <strong data-start=\"436\" data-end=\"456\">mese di novembre<\/strong> e al <strong data-start=\"463\" data-end=\"491\">chakra del plesso solare<\/strong>. <\/p>\n<p data-start=\"496\" data-end=\"663\">Ogni sassolino \u00e8 selezionato da Naturamada, ideale per accompagnare le tue meditazioni, per dare energia a uno spazio o come bellissimo oggetto decorativo naturale.<\/p>\n<p data-start=\"665\" data-end=\"940\"><strong data-start=\"668\" data-end=\"727\">Virt\u00f9 del citrino (secondo le tradizioni spirituali):<\/strong><br data-start=\"727\" data-end=\"730\">Irradia gioia e buon umore<br data-start=\"767\" data-end=\"770\">Favorisce la fiducia in se stessi e l&#8217;energia positiva<br data-start=\"823\" data-end=\"826\">Attira abbondanza e prosperit\u00e0<br data-start=\"864\" data-end=\"867\">Associato al chakra del plesso solare<br data-start=\"906\" data-end=\"909\">Pietra del mese di novembre<\/p>\n<p data-start=\"1187\" data-end=\"1338\"><strong data-start=\"1190\" data-end=\"1205\">Istruzioni per la cura:<\/strong><br data-start=\"1205\" data-end=\"1208\">Purifica il tuo ciottolo con salvia, incenso o acqua distillata. Riempilo alla luce del mattino o su un fiore della vita. <\/p>\n<p data-start=\"1340\" data-end=\"1426\"><strong data-start=\"1343\" data-end=\"1360\">Idea regalo:<\/strong><br data-start=\"1360\" data-end=\"1363\">Un sassolino luminoso e stimolante, perfetto per te o come regalo.<\/p>\n<p data-start=\"1340\" data-end=\"1426\"><em><strong data-start=\"1217\" data-end=\"1234\">Avvertenze<\/strong><\/em><br data-start=\"1234\" data-end=\"1237\"><em>Le informazioni nutrizionali e sul benessere presentate in questo articolo si basano sulle pratiche tradizionali e sugli studi attualmente disponibili. Non sostituiscono un&#8217;assistenza medica o nutrizionale personalizzata. <\/em><\/p>\n","protected":false},"excerpt":{"rendered":"<p>\u2728 Ciottolo naturale di Citrino &#8211; 40 mm &#8211; Gioia e Abbondanza \u2728 Questo ciottolo di citrino naturale, di circa [&hellip;]<\/p>\n","protected":false},"featured_media":6604,"template":"","meta":{"site-sidebar-layout":"default","site-content-layout":"","ast-site-content-layout":"default","site-content-style":"default","site-sidebar-style":"default","ast-global-header-display":"","ast-banner-title-visibility":"","ast-main-header-display":"","ast-hfb-above-header-display":"","ast-hfb-below-header-display":"","ast-hfb-mobile-header-display":"","site-post-title":"","ast-breadcrumbs-content":"","ast-featured-img":"","footer-sml-layout":"","ast-disable-related-posts":"","theme-transparent-header-meta":"default","adv-header-id-meta":"","stick-header-meta":"","header-above-stick-meta":"","header-main-stick-meta":"","header-below-stick-meta":"","astra-migrate-meta-layouts":"default","ast-page-background-enabled":"default","ast-page-background-meta":{"desktop":{"background-color":"var(--ast-global-color-5)","background-image":"","background-repeat":"repeat","background-position":"center center","background-size":"auto","background-attachment":"scroll","background-type":"","background-media":"","overlay-type":"","overlay-color":"","overlay-opacity":"","overlay-gradient":""},"tablet":{"background-color":"","background-image":"","background-repeat":"repeat","background-position":"center center","background-size":"auto","background-attachment":"scroll","background-type":"","background-media":"","overlay-type":"","overlay-color":"","overlay-opacity":"","overlay-gradient":""},"mobile":{"background-color":"","background-image":"","background-repeat":"repeat","background-position":"center center","background-size":"auto","background-attachment":"scroll","background-type":"","background-media":"","overlay-type":"","overlay-color":"","overlay-opacity":"","overlay-gradient":""}},"ast-content-background-meta":{"desktop":{"background-color":"var(--ast-global-color-4)","background-image":"","background-repeat":"repeat","background-position":"center center","background-size":"auto","background-attachment":"scroll","background-type":"","background-media":"","overlay-type":"","overlay-color":"","overlay-opacity":"","overlay-gradient":""},"tablet":{"background-color":"var(--ast-global-color-4)","background-image":"","background-repeat":"repeat","background-position":"center center","background-size":"auto","background-attachment":"scroll","background-type":"","background-media":"","overlay-type":"","overlay-color":"","overlay-opacity":"","overlay-gradient":""},"mobile":{"background-color":"var(--ast-global-color-4)","background-image":"","background-repeat":"repeat","background-position":"center center","background-size":"auto","background-attachment":"scroll","background-type":"","background-media":"","overlay-type":"","overlay-color":"","overlay-opacity":"","overlay-gradient":""}}},"product_brand":[258],"product_cat":[2701,2614],"product_tag":[],"class_list":{"0":"post-6601","1":"product","2":"type-product","3":"status-publish","4":"has-post-thumbnail","6":"product_brand-naturamada","7":"product_cat-ciottoli-piatti","8":"product_cat-pietre-del-benessere","9":"pa_chakra-chakra-del-plesso-solare-manipura","10":"pa_couleur-giallo","11":"pa_taille-40-mm","12":"pa_type-de-pierre-citrino","13":"pa_type-produit-rullo","14":"pa_usage-benessere","15":"desktop-align-left","16":"tablet-align-left","17":"mobile-align-left","19":"first","20":"instock","21":"taxable","22":"shipping-taxable","23":"purchasable","24":"product-type-simple"},"yoast_head":"<!-- This site is optimized with the Yoast SEO plugin v27.5 - https:\/\/yoast.com\/product\/yoast-seo-wordpress\/ -->\n<title>Ciottolo citrino 40 mm - Joie &amp; Abondance | Naturamada<\/title>\n<meta name=\"description\" content=\"Ciottolo di citrino naturale (40 mm), pietra del mese di novembre e del chakra del plesso solare. Gioia, fiducia e abbondanza.\" \/>\n<meta name=\"robots\" content=\"index, follow, max-snippet:-1, max-image-preview:large, max-video-preview:-1\" \/>\n<link rel=\"canonical\" href=\"https:\/\/naturamada.com\/it\/prodotto\/ciottolo-citrino-naturamada\/\" \/>\n<meta property=\"og:locale\" content=\"it_IT\" \/>\n<meta property=\"og:type\" content=\"article\" \/>\n<meta property=\"og:title\" content=\"Ciottolo citrino 40 mm - Joie &amp; Abondance | Naturamada\" \/>\n<meta property=\"og:description\" content=\"Ciottolo di citrino naturale (40 mm), pietra del mese di novembre e del chakra del plesso solare. Gioia, fiducia e abbondanza.\" \/>\n<meta property=\"og:url\" content=\"https:\/\/naturamada.com\/it\/prodotto\/ciottolo-citrino-naturamada\/\" \/>\n<meta property=\"og:site_name\" content=\"Naturamada\" \/>\n<meta property=\"article:publisher\" content=\"https:\/\/www.facebook.com\/Naturamada.shop\/\" \/>\n<meta property=\"article:modified_time\" content=\"2026-03-17T19:24:36+00:00\" \/>\n<meta property=\"og:image\" content=\"https:\/\/naturamada.com\/wp-content\/uploads\/2025\/07\/Galet-citrine-Naturamada.webp\" \/>\n\t<meta property=\"og:image:width\" content=\"2000\" \/>\n\t<meta property=\"og:image:height\" content=\"2000\" \/>\n\t<meta property=\"og:image:type\" content=\"image\/webp\" \/>\n<script type=\"application\/ld+json\" class=\"yoast-schema-graph\">{\"@context\":\"https:\\\/\\\/schema.org\",\"@graph\":[{\"@type\":\"WebPage\",\"@id\":\"https:\\\/\\\/naturamada.com\\\/it\\\/prodotto\\\/ciottolo-citrino-naturamada\\\/\",\"url\":\"https:\\\/\\\/naturamada.com\\\/it\\\/prodotto\\\/ciottolo-citrino-naturamada\\\/\",\"name\":\"Ciottolo citrino 40 mm - Joie & Abondance | Naturamada\",\"isPartOf\":{\"@id\":\"https:\\\/\\\/naturamada.com\\\/it\\\/#website\"},\"primaryImageOfPage\":{\"@id\":\"https:\\\/\\\/naturamada.com\\\/it\\\/prodotto\\\/ciottolo-citrino-naturamada\\\/#primaryimage\"},\"image\":{\"@id\":\"https:\\\/\\\/naturamada.com\\\/it\\\/prodotto\\\/ciottolo-citrino-naturamada\\\/#primaryimage\"},\"thumbnailUrl\":\"https:\\\/\\\/naturamada.com\\\/wp-content\\\/uploads\\\/2025\\\/07\\\/Galet-citrine-Naturamada.webp\",\"datePublished\":\"2025-07-05T16:49:43+00:00\",\"dateModified\":\"2026-03-17T19:24:36+00:00\",\"description\":\"Ciottolo di citrino naturale (40 mm), pietra del mese di novembre e del chakra del plesso solare. Gioia, fiducia e abbondanza.\",\"breadcrumb\":{\"@id\":\"https:\\\/\\\/naturamada.com\\\/it\\\/prodotto\\\/ciottolo-citrino-naturamada\\\/#breadcrumb\"},\"inLanguage\":\"it-IT\",\"potentialAction\":[{\"@type\":\"ReadAction\",\"target\":[\"https:\\\/\\\/naturamada.com\\\/it\\\/prodotto\\\/ciottolo-citrino-naturamada\\\/\"]}]},{\"@type\":\"ImageObject\",\"inLanguage\":\"it-IT\",\"@id\":\"https:\\\/\\\/naturamada.com\\\/it\\\/prodotto\\\/ciottolo-citrino-naturamada\\\/#primaryimage\",\"url\":\"https:\\\/\\\/naturamada.com\\\/wp-content\\\/uploads\\\/2025\\\/07\\\/Galet-citrine-Naturamada.webp\",\"contentUrl\":\"https:\\\/\\\/naturamada.com\\\/wp-content\\\/uploads\\\/2025\\\/07\\\/Galet-citrine-Naturamada.webp\",\"width\":2000,\"height\":2000},{\"@type\":\"BreadcrumbList\",\"@id\":\"https:\\\/\\\/naturamada.com\\\/it\\\/prodotto\\\/ciottolo-citrino-naturamada\\\/#breadcrumb\",\"itemListElement\":[{\"@type\":\"ListItem\",\"position\":1,\"name\":\"Accueil\",\"item\":\"https:\\\/\\\/naturamada.com\\\/it\\\/casa\\\/\"},{\"@type\":\"ListItem\",\"position\":2,\"name\":\"Negozio\",\"item\":\"https:\\\/\\\/naturamada.com\\\/it\\\/negozio\\\/\"},{\"@type\":\"ListItem\",\"position\":3,\"name\":\"Ciottolo Citrino Naturamada\"}]},{\"@type\":\"WebSite\",\"@id\":\"https:\\\/\\\/naturamada.com\\\/it\\\/#website\",\"url\":\"https:\\\/\\\/naturamada.com\\\/it\\\/\",\"name\":\"Naturamada\",\"description\":\"Epices, Superaliments et Pierres pour le bien-\u00eatre et la cuisine\",\"publisher\":{\"@id\":\"https:\\\/\\\/naturamada.com\\\/it\\\/#organization\"},\"potentialAction\":[{\"@type\":\"SearchAction\",\"target\":{\"@type\":\"EntryPoint\",\"urlTemplate\":\"https:\\\/\\\/naturamada.com\\\/it\\\/?s={search_term_string}\"},\"query-input\":{\"@type\":\"PropertyValueSpecification\",\"valueRequired\":true,\"valueName\":\"search_term_string\"}}],\"inLanguage\":\"it-IT\"},{\"@type\":\"Organization\",\"@id\":\"https:\\\/\\\/naturamada.com\\\/it\\\/#organization\",\"name\":\"Naturamada\",\"url\":\"https:\\\/\\\/naturamada.com\\\/it\\\/\",\"logo\":{\"@type\":\"ImageObject\",\"inLanguage\":\"it-IT\",\"@id\":\"https:\\\/\\\/naturamada.com\\\/it\\\/#\\\/schema\\\/logo\\\/image\\\/\",\"url\":\"https:\\\/\\\/naturamada.com\\\/wp-content\\\/uploads\\\/2025\\\/07\\\/cropped-Naturamada-10.png\",\"contentUrl\":\"https:\\\/\\\/naturamada.com\\\/wp-content\\\/uploads\\\/2025\\\/07\\\/cropped-Naturamada-10.png\",\"width\":1366,\"height\":455,\"caption\":\"Naturamada\"},\"image\":{\"@id\":\"https:\\\/\\\/naturamada.com\\\/it\\\/#\\\/schema\\\/logo\\\/image\\\/\"},\"sameAs\":[\"https:\\\/\\\/www.facebook.com\\\/Naturamada.shop\\\/\",\"https:\\\/\\\/www.instagram.com\\\/naturamada.officiel\\\/\"]}]}<\/script>\n<!-- \/ Yoast SEO plugin. -->","yoast_head_json":{"title":"Ciottolo citrino 40 mm - Joie & Abondance | Naturamada","description":"Ciottolo di citrino naturale (40 mm), pietra del mese di novembre e del chakra del plesso solare. Gioia, fiducia e abbondanza.","robots":{"index":"index","follow":"follow","max-snippet":"max-snippet:-1","max-image-preview":"max-image-preview:large","max-video-preview":"max-video-preview:-1"},"canonical":"https:\/\/naturamada.com\/it\/prodotto\/ciottolo-citrino-naturamada\/","og_locale":"it_IT","og_type":"article","og_title":"Ciottolo citrino 40 mm - Joie & Abondance | Naturamada","og_description":"Ciottolo di citrino naturale (40 mm), pietra del mese di novembre e del chakra del plesso solare. Gioia, fiducia e abbondanza.","og_url":"https:\/\/naturamada.com\/it\/prodotto\/ciottolo-citrino-naturamada\/","og_site_name":"Naturamada","article_publisher":"https:\/\/www.facebook.com\/Naturamada.shop\/","article_modified_time":"2026-03-17T19:24:36+00:00","og_image":[{"width":2000,"height":2000,"url":"https:\/\/naturamada.com\/wp-content\/uploads\/2025\/07\/Galet-citrine-Naturamada.webp","type":"image\/webp"}],"schema":{"@context":"https:\/\/schema.org","@graph":[{"@type":"WebPage","@id":"https:\/\/naturamada.com\/it\/prodotto\/ciottolo-citrino-naturamada\/","url":"https:\/\/naturamada.com\/it\/prodotto\/ciottolo-citrino-naturamada\/","name":"Ciottolo citrino 40 mm - Joie & Abondance | Naturamada","isPartOf":{"@id":"https:\/\/naturamada.com\/it\/#website"},"primaryImageOfPage":{"@id":"https:\/\/naturamada.com\/it\/prodotto\/ciottolo-citrino-naturamada\/#primaryimage"},"image":{"@id":"https:\/\/naturamada.com\/it\/prodotto\/ciottolo-citrino-naturamada\/#primaryimage"},"thumbnailUrl":"https:\/\/naturamada.com\/wp-content\/uploads\/2025\/07\/Galet-citrine-Naturamada.webp","datePublished":"2025-07-05T16:49:43+00:00","dateModified":"2026-03-17T19:24:36+00:00","description":"Ciottolo di citrino naturale (40 mm), pietra del mese di novembre e del chakra del plesso solare. Gioia, fiducia e abbondanza.","breadcrumb":{"@id":"https:\/\/naturamada.com\/it\/prodotto\/ciottolo-citrino-naturamada\/#breadcrumb"},"inLanguage":"it-IT","potentialAction":[{"@type":"ReadAction","target":["https:\/\/naturamada.com\/it\/prodotto\/ciottolo-citrino-naturamada\/"]}]},{"@type":"ImageObject","inLanguage":"it-IT","@id":"https:\/\/naturamada.com\/it\/prodotto\/ciottolo-citrino-naturamada\/#primaryimage","url":"https:\/\/naturamada.com\/wp-content\/uploads\/2025\/07\/Galet-citrine-Naturamada.webp","contentUrl":"https:\/\/naturamada.com\/wp-content\/uploads\/2025\/07\/Galet-citrine-Naturamada.webp","width":2000,"height":2000},{"@type":"BreadcrumbList","@id":"https:\/\/naturamada.com\/it\/prodotto\/ciottolo-citrino-naturamada\/#breadcrumb","itemListElement":[{"@type":"ListItem","position":1,"name":"Accueil","item":"https:\/\/naturamada.com\/it\/casa\/"},{"@type":"ListItem","position":2,"name":"Negozio","item":"https:\/\/naturamada.com\/it\/negozio\/"},{"@type":"ListItem","position":3,"name":"Ciottolo Citrino Naturamada"}]},{"@type":"WebSite","@id":"https:\/\/naturamada.com\/it\/#website","url":"https:\/\/naturamada.com\/it\/","name":"Naturamada","description":"Epices, Superaliments et Pierres pour le bien-\u00eatre et la cuisine","publisher":{"@id":"https:\/\/naturamada.com\/it\/#organization"},"potentialAction":[{"@type":"SearchAction","target":{"@type":"EntryPoint","urlTemplate":"https:\/\/naturamada.com\/it\/?s={search_term_string}"},"query-input":{"@type":"PropertyValueSpecification","valueRequired":true,"valueName":"search_term_string"}}],"inLanguage":"it-IT"},{"@type":"Organization","@id":"https:\/\/naturamada.com\/it\/#organization","name":"Naturamada","url":"https:\/\/naturamada.com\/it\/","logo":{"@type":"ImageObject","inLanguage":"it-IT","@id":"https:\/\/naturamada.com\/it\/#\/schema\/logo\/image\/","url":"https:\/\/naturamada.com\/wp-content\/uploads\/2025\/07\/cropped-Naturamada-10.png","contentUrl":"https:\/\/naturamada.com\/wp-content\/uploads\/2025\/07\/cropped-Naturamada-10.png","width":1366,"height":455,"caption":"Naturamada"},"image":{"@id":"https:\/\/naturamada.com\/it\/#\/schema\/logo\/image\/"},"sameAs":["https:\/\/www.facebook.com\/Naturamada.shop\/","https:\/\/www.instagram.com\/naturamada.officiel\/"]}]}},"_links":{"self":[{"href":"https:\/\/naturamada.com\/it\/wp-json\/wp\/v2\/product\/6601","targetHints":{"allow":["GET"]}}],"collection":[{"href":"https:\/\/naturamada.com\/it\/wp-json\/wp\/v2\/product"}],"about":[{"href":"https:\/\/naturamada.com\/it\/wp-json\/wp\/v2\/types\/product"}],"wp:featuredmedia":[{"embeddable":true,"href":"https:\/\/naturamada.com\/it\/wp-json\/wp\/v2\/media\/6604"}],"wp:attachment":[{"href":"https:\/\/naturamada.com\/it\/wp-json\/wp\/v2\/media?parent=6601"}],"wp:term":[{"taxonomy":"product_brand","embeddable":true,"href":"https:\/\/naturamada.com\/it\/wp-json\/wp\/v2\/product_brand?post=6601"},{"taxonomy":"product_cat","embeddable":true,"href":"https:\/\/naturamada.com\/it\/wp-json\/wp\/v2\/product_cat?post=6601"},{"taxonomy":"product_tag","embeddable":true,"href":"https:\/\/naturamada.com\/it\/wp-json\/wp\/v2\/product_tag?post=6601"}],"curies":[{"name":"wp","href":"https:\/\/api.w.org\/{rel}","templated":true}]}}