{"id":6761,"date":"2025-07-03T20:44:44","date_gmt":"2025-07-03T20:44:44","guid":{"rendered":"https:\/\/naturamada.com\/informativa-sui-cookie\/"},"modified":"2026-04-03T14:48:45","modified_gmt":"2026-04-03T14:48:45","slug":"informativa-sui-cookie","status":"publish","type":"page","link":"https:\/\/naturamada.com\/it\/informativa-sui-cookie\/","title":{"rendered":"Informativa sui cookie"},"content":{"rendered":"\t\t<div data-elementor-type=\"wp-page\" data-elementor-id=\"6761\" class=\"elementor elementor-6761 elementor-255\" data-elementor-post-type=\"page\">\n\t\t\t\t<div class=\"elementor-element elementor-element-044622b e-flex e-con-boxed e-con e-parent\" data-id=\"044622b\" data-element_type=\"container\" data-e-type=\"container\">\n\t\t\t\t\t<div class=\"e-con-inner\">\n\t\t\t\t<div class=\"elementor-element elementor-element-764b080 elementor-widget elementor-widget-spacer\" data-id=\"764b080\" data-element_type=\"widget\" data-e-type=\"widget\" data-widget_type=\"spacer.default\">\n\t\t\t\t\t\t\t<div class=\"elementor-spacer\">\n\t\t\t<div class=\"elementor-spacer-inner\"><\/div>\n\t\t<\/div>\n\t\t\t\t\t\t<\/div>\n\t\t\t\t<div class=\"elementor-element elementor-element-e2dce60 elementor-widget elementor-widget-html\" data-id=\"e2dce60\" data-element_type=\"widget\" data-e-type=\"widget\" data-widget_type=\"html.default\">\n\t\t\t\t\t<!-- Start CookieYes cookie policy -->\r\n<style>\r\n  a.cky-banner-element {\r\n    padding: 8px 30px;\r\n    background: #f8f9fa;\r\n    color: #858a8f;\r\n    border: 1px solid #dee2e6;\r\n    box-sizing: border-box;\r\n    border-radius: 2px;\r\n    cursor: pointer\r\n  }\r\n<\/style>\r\n<h1 class=\"cookie-policy-h1\">Informativa sui cookie<\/h1>\r\n<div class=\"cookie-policy-date-container\">\r\n  <p>Data di entrata in vigore: 03 aprile 2026<\/p>\r\n  <p>Ultimo aggiornamento: 03 aprile 2026<\/p>\r\n<\/div>&nbsp;<h2>Cosa sono i biscotti?<\/h2>\r\n<div class=\"cookie-policy-p\">\r\n  <p>Questa informativa spiega cosa sono i cookie, come li utilizziamo, quali tipi di cookie utilizziamo (ovvero le informazioni che raccogliamo tramite i cookie e come vengono utilizzate) e come gestire le impostazioni dei cookie.<\/p>\r\n  <p>I cookie sono piccoli file di testo utilizzati per memorizzare piccole informazioni. Vengono salvati sul tuo dispositivo quando carichi un sito web nel tuo browser. I cookie ci aiutano a garantire il corretto funzionamento del sito web, ad aumentare la sicurezza, a migliorare l'esperienza dell'utente e ad analizzare le prestazioni per identificare gli elementi funzionali e le aree che necessitano di miglioramenti.  <\/p>\r\n<\/div>&nbsp;<h2>Come utilizziamo i cookie?<\/h2>\r\n<div class=\"cookie-policy-p\">\r\n  <p>Come la maggior parte dei servizi online, il nostro sito web utilizza sia cookie di prima parte che cookie di terze parti per vari scopi. I cookie di prima parte sono principalmente necessari per il corretto funzionamento del sito web e non raccolgono dati di identificazione personale. <\/p>\r\n  <p>I cookie di terze parti utilizzati sul nostro sito web ci aiutano principalmente a comprendere le prestazioni del sito, a tracciare le modalit\u00e0 di interazione con il sito, a mantenere la sicurezza dei nostri servizi, a fornire pubblicit\u00e0 pertinenti e a migliorare l'esperienza complessiva dell'utente, ottimizzando al contempo la velocit\u00e0 delle sue future interazioni con il nostro sito.<\/p>\r\n<\/div>&nbsp;<h2>Tipi di cookie che utilizziamo<\/h2>\r\n<div class=\"cky-audit-table-element\"><\/div>&nbsp;<h2 style=\"margin-bottom: 20px\">Gestisci le preferenze sui cookie<\/h2><a class=\"cky-banner-element\">Preferenze di consenso<\/a><br><div>\r\n  <p>Puoi modificare le impostazioni dei cookie in qualsiasi momento cliccando sul pulsante \"Preferenze di consenso\" in alto. In questo modo potrai tornare al banner di consenso dei cookie, aggiornare le tue preferenze o revocare immediatamente il tuo consenso.   <\/p>\r\n  <p>Inoltre, i diversi browser offrono metodi diversi per bloccare e cancellare i cookie utilizzati dai siti web. Puoi regolare le impostazioni del tuo browser per bloccare o eliminare i cookie. Di seguito sono riportati i link ai documenti di supporto su come gestire ed eliminare i cookie sui principali browser web.  <\/p>\r\n  <p>Cromo: <a target=\"_blank\" rel=\"noopener noreferrer\" href=\"https:\/\/support.google.com\/accounts\/answer\/32050\">https:\/\/support.google.com\/accounts\/answer\/32050<\/a><\/p>\r\n  <p>Safari: <a target=\"_blank\" rel=\"noopener noreferrer\" href=\"https:\/\/support.apple.com\/en-in\/guide\/safari\/sfri11471\/mac\">https:\/\/support.apple.com\/en-in\/guide\/safari\/sfri11471\/mac<\/a><\/p>\r\n  <p>Firefox: <a target=\"_blank\" rel=\"noopener noreferrer\" href=\"https:\/\/support.mozilla.org\/en-US\/kb\/clear-cookies-and-site-data-firefox?redirectslug=delete-cookies-remove-info-websites-stored&amp;redirectlocale=en-US\">https:\/\/support.mozilla.org\/en-US\/kb\/clear-cookies-and-site-data-firefox?redirectslug=delete-cookies-remove-info-websites-stored&amp;redirectlocale=en-US<\/a><\/p>\r\n  <p>Internet Explorer: <a target=\"_blank\" rel=\"noopener noreferrer\" href=\"https:\/\/support.microsoft.com\/en-us\/topic\/how-to-delete-cookie-files-in-internet-explorer-bca9446f-d873-78de-77ba-d42645fa52fc\">https:\/\/support.microsoft.com\/en-us\/topic\/how-to-delete-cookie-files-in-internet-explorer-bca9446f-d873-78de-77ba-d42645fa52fc<\/a><\/p>\r\n  <p>Se utilizzi un altro browser, consulta la sua documentazione ufficiale.<\/p>\r\n<\/div>&nbsp;<p class=\"cookie-policy-p\">  Informativa sui cookie generata da <a target=\"_blank\" rel=\"noopener noreferrer\" href=\"https:\/\/www.cookieyes.com\/?utm_source=CP&amp;utm_medium=footer&amp;utm_campaign=UW\">CookieYes - Generatore di informativa sui cookie<\/a><\/p>\r\n<!-- End CookieYes cookie policy -->\t\t\t\t<\/div>\n\t\t\t\t\t<\/div>\n\t\t\t\t<\/div>\n\t\t\t\t<\/div>\n\t\t","protected":false},"excerpt":{"rendered":"<p>Informativa sui cookie Data di entrata in vigore: 03 aprile 2026 Ultimo aggiornamento: 03 aprile 2026 &nbsp; Cosa sono i [&hellip;]<\/p>\n","protected":false},"author":1,"featured_media":0,"parent":0,"menu_order":0,"comment_status":"closed","ping_status":"closed","template":"","meta":{"site-sidebar-layout":"default","site-content-layout":"","ast-site-content-layout":"default","site-content-style":"default","site-sidebar-style":"default","ast-global-header-display":"","ast-banner-title-visibility":"","ast-main-header-display":"","ast-hfb-above-header-display":"","ast-hfb-below-header-display":"","ast-hfb-mobile-header-display":"","site-post-title":"","ast-breadcrumbs-content":"","ast-featured-img":"","footer-sml-layout":"","ast-disable-related-posts":"","theme-transparent-header-meta":"","adv-header-id-meta":"","stick-header-meta":"","header-above-stick-meta":"","header-main-stick-meta":"","header-below-stick-meta":"","astra-migrate-meta-layouts":"default","ast-page-background-enabled":"default","ast-page-background-meta":{"desktop":{"background-color":"var(--ast-global-color-5)","background-image":"","background-repeat":"repeat","background-position":"center center","background-size":"auto","background-attachment":"scroll","background-type":"","background-media":"","overlay-type":"","overlay-color":"","overlay-opacity":"","overlay-gradient":""},"tablet":{"background-color":"","background-image":"","background-repeat":"repeat","background-position":"center center","background-size":"auto","background-attachment":"scroll","background-type":"","background-media":"","overlay-type":"","overlay-color":"","overlay-opacity":"","overlay-gradient":""},"mobile":{"background-color":"","background-image":"","background-repeat":"repeat","background-position":"center center","background-size":"auto","background-attachment":"scroll","background-type":"","background-media":"","overlay-type":"","overlay-color":"","overlay-opacity":"","overlay-gradient":""}},"ast-content-background-meta":{"desktop":{"background-color":"var(--ast-global-color-4)","background-image":"","background-repeat":"repeat","background-position":"center center","background-size":"auto","background-attachment":"scroll","background-type":"","background-media":"","overlay-type":"","overlay-color":"","overlay-opacity":"","overlay-gradient":""},"tablet":{"background-color":"var(--ast-global-color-4)","background-image":"","background-repeat":"repeat","background-position":"center center","background-size":"auto","background-attachment":"scroll","background-type":"","background-media":"","overlay-type":"","overlay-color":"","overlay-opacity":"","overlay-gradient":""},"mobile":{"background-color":"var(--ast-global-color-4)","background-image":"","background-repeat":"repeat","background-position":"center center","background-size":"auto","background-attachment":"scroll","background-type":"","background-media":"","overlay-type":"","overlay-color":"","overlay-opacity":"","overlay-gradient":""}},"footnotes":""},"class_list":["post-6761","page","type-page","status-publish","hentry"],"yoast_head":"<!-- This site is optimized with the Yoast SEO plugin v27.5 - https:\/\/yoast.com\/product\/yoast-seo-wordpress\/ -->\n<title>Informativa sui cookie - Naturamada<\/title>\n<meta name=\"robots\" content=\"noindex, nofollow\" \/>\n<meta property=\"og:locale\" content=\"it_IT\" \/>\n<meta property=\"og:type\" content=\"article\" \/>\n<meta property=\"og:title\" content=\"Informativa sui cookie - Naturamada\" \/>\n<meta property=\"og:description\" content=\"Informativa sui cookie Data di entrata in vigore: 03 aprile 2026 Ultimo aggiornamento: 03 aprile 2026 &nbsp; Cosa sono i [&hellip;]\" \/>\n<meta property=\"og:url\" content=\"https:\/\/naturamada.com\/it\/informativa-sui-cookie\/\" \/>\n<meta property=\"og:site_name\" content=\"Naturamada\" \/>\n<meta property=\"article:publisher\" content=\"https:\/\/www.facebook.com\/Naturamada.shop\/\" \/>\n<meta property=\"article:modified_time\" content=\"2026-04-03T14:48:45+00:00\" \/>\n<meta property=\"og:image\" content=\"https:\/\/naturamada.com\/wp-content\/uploads\/2025\/09\/HEADER-AMAZON-nATURAMDA.jpg\" \/>\n\t<meta property=\"og:image:width\" content=\"1080\" \/>\n\t<meta property=\"og:image:height\" content=\"611\" \/>\n\t<meta property=\"og:image:type\" content=\"image\/jpeg\" \/>\n<script type=\"application\/ld+json\" class=\"yoast-schema-graph\">{\"@context\":\"https:\\\/\\\/schema.org\",\"@graph\":[{\"@type\":\"WebPage\",\"@id\":\"https:\\\/\\\/naturamada.com\\\/it\\\/informativa-sui-cookie\\\/\",\"url\":\"https:\\\/\\\/naturamada.com\\\/it\\\/informativa-sui-cookie\\\/\",\"name\":\"Informativa sui cookie - Naturamada\",\"isPartOf\":{\"@id\":\"https:\\\/\\\/naturamada.com\\\/it\\\/#website\"},\"datePublished\":\"2025-07-03T20:44:44+00:00\",\"dateModified\":\"2026-04-03T14:48:45+00:00\",\"breadcrumb\":{\"@id\":\"https:\\\/\\\/naturamada.com\\\/it\\\/informativa-sui-cookie\\\/#breadcrumb\"},\"inLanguage\":\"it-IT\",\"potentialAction\":[{\"@type\":\"ReadAction\",\"target\":[\"https:\\\/\\\/naturamada.com\\\/it\\\/informativa-sui-cookie\\\/\"]}]},{\"@type\":\"BreadcrumbList\",\"@id\":\"https:\\\/\\\/naturamada.com\\\/it\\\/informativa-sui-cookie\\\/#breadcrumb\",\"itemListElement\":[{\"@type\":\"ListItem\",\"position\":1,\"name\":\"Accueil\",\"item\":\"https:\\\/\\\/naturamada.com\\\/it\\\/casa\\\/\"},{\"@type\":\"ListItem\",\"position\":2,\"name\":\"Informativa sui cookie\"}]},{\"@type\":\"WebSite\",\"@id\":\"https:\\\/\\\/naturamada.com\\\/it\\\/#website\",\"url\":\"https:\\\/\\\/naturamada.com\\\/it\\\/\",\"name\":\"Naturamada\",\"description\":\"Epices, Superaliments et Pierres pour le bien-\u00eatre et la cuisine\",\"publisher\":{\"@id\":\"https:\\\/\\\/naturamada.com\\\/it\\\/#organization\"},\"potentialAction\":[{\"@type\":\"SearchAction\",\"target\":{\"@type\":\"EntryPoint\",\"urlTemplate\":\"https:\\\/\\\/naturamada.com\\\/it\\\/?s={search_term_string}\"},\"query-input\":{\"@type\":\"PropertyValueSpecification\",\"valueRequired\":true,\"valueName\":\"search_term_string\"}}],\"inLanguage\":\"it-IT\"},{\"@type\":\"Organization\",\"@id\":\"https:\\\/\\\/naturamada.com\\\/it\\\/#organization\",\"name\":\"Naturamada\",\"url\":\"https:\\\/\\\/naturamada.com\\\/it\\\/\",\"logo\":{\"@type\":\"ImageObject\",\"inLanguage\":\"it-IT\",\"@id\":\"https:\\\/\\\/naturamada.com\\\/it\\\/#\\\/schema\\\/logo\\\/image\\\/\",\"url\":\"https:\\\/\\\/naturamada.com\\\/wp-content\\\/uploads\\\/2025\\\/07\\\/cropped-Naturamada-10.png\",\"contentUrl\":\"https:\\\/\\\/naturamada.com\\\/wp-content\\\/uploads\\\/2025\\\/07\\\/cropped-Naturamada-10.png\",\"width\":1366,\"height\":455,\"caption\":\"Naturamada\"},\"image\":{\"@id\":\"https:\\\/\\\/naturamada.com\\\/it\\\/#\\\/schema\\\/logo\\\/image\\\/\"},\"sameAs\":[\"https:\\\/\\\/www.facebook.com\\\/Naturamada.shop\\\/\",\"https:\\\/\\\/www.instagram.com\\\/naturamada.officiel\\\/\"]}]}<\/script>\n<!-- \/ Yoast SEO plugin. -->","yoast_head_json":{"title":"Informativa sui cookie - Naturamada","robots":{"index":"noindex","follow":"nofollow"},"og_locale":"it_IT","og_type":"article","og_title":"Informativa sui cookie - Naturamada","og_description":"Informativa sui cookie Data di entrata in vigore: 03 aprile 2026 Ultimo aggiornamento: 03 aprile 2026 &nbsp; Cosa sono i [&hellip;]","og_url":"https:\/\/naturamada.com\/it\/informativa-sui-cookie\/","og_site_name":"Naturamada","article_publisher":"https:\/\/www.facebook.com\/Naturamada.shop\/","article_modified_time":"2026-04-03T14:48:45+00:00","og_image":[{"width":1080,"height":611,"url":"https:\/\/naturamada.com\/wp-content\/uploads\/2025\/09\/HEADER-AMAZON-nATURAMDA.jpg","type":"image\/jpeg"}],"schema":{"@context":"https:\/\/schema.org","@graph":[{"@type":"WebPage","@id":"https:\/\/naturamada.com\/it\/informativa-sui-cookie\/","url":"https:\/\/naturamada.com\/it\/informativa-sui-cookie\/","name":"Informativa sui cookie - Naturamada","isPartOf":{"@id":"https:\/\/naturamada.com\/it\/#website"},"datePublished":"2025-07-03T20:44:44+00:00","dateModified":"2026-04-03T14:48:45+00:00","breadcrumb":{"@id":"https:\/\/naturamada.com\/it\/informativa-sui-cookie\/#breadcrumb"},"inLanguage":"it-IT","potentialAction":[{"@type":"ReadAction","target":["https:\/\/naturamada.com\/it\/informativa-sui-cookie\/"]}]},{"@type":"BreadcrumbList","@id":"https:\/\/naturamada.com\/it\/informativa-sui-cookie\/#breadcrumb","itemListElement":[{"@type":"ListItem","position":1,"name":"Accueil","item":"https:\/\/naturamada.com\/it\/casa\/"},{"@type":"ListItem","position":2,"name":"Informativa sui cookie"}]},{"@type":"WebSite","@id":"https:\/\/naturamada.com\/it\/#website","url":"https:\/\/naturamada.com\/it\/","name":"Naturamada","description":"Epices, Superaliments et Pierres pour le bien-\u00eatre et la cuisine","publisher":{"@id":"https:\/\/naturamada.com\/it\/#organization"},"potentialAction":[{"@type":"SearchAction","target":{"@type":"EntryPoint","urlTemplate":"https:\/\/naturamada.com\/it\/?s={search_term_string}"},"query-input":{"@type":"PropertyValueSpecification","valueRequired":true,"valueName":"search_term_string"}}],"inLanguage":"it-IT"},{"@type":"Organization","@id":"https:\/\/naturamada.com\/it\/#organization","name":"Naturamada","url":"https:\/\/naturamada.com\/it\/","logo":{"@type":"ImageObject","inLanguage":"it-IT","@id":"https:\/\/naturamada.com\/it\/#\/schema\/logo\/image\/","url":"https:\/\/naturamada.com\/wp-content\/uploads\/2025\/07\/cropped-Naturamada-10.png","contentUrl":"https:\/\/naturamada.com\/wp-content\/uploads\/2025\/07\/cropped-Naturamada-10.png","width":1366,"height":455,"caption":"Naturamada"},"image":{"@id":"https:\/\/naturamada.com\/it\/#\/schema\/logo\/image\/"},"sameAs":["https:\/\/www.facebook.com\/Naturamada.shop\/","https:\/\/www.instagram.com\/naturamada.officiel\/"]}]}},"_links":{"self":[{"href":"https:\/\/naturamada.com\/it\/wp-json\/wp\/v2\/pages\/6761","targetHints":{"allow":["GET"]}}],"collection":[{"href":"https:\/\/naturamada.com\/it\/wp-json\/wp\/v2\/pages"}],"about":[{"href":"https:\/\/naturamada.com\/it\/wp-json\/wp\/v2\/types\/page"}],"author":[{"embeddable":true,"href":"https:\/\/naturamada.com\/it\/wp-json\/wp\/v2\/users\/1"}],"replies":[{"embeddable":true,"href":"https:\/\/naturamada.com\/it\/wp-json\/wp\/v2\/comments?post=6761"}],"version-history":[{"count":0,"href":"https:\/\/naturamada.com\/it\/wp-json\/wp\/v2\/pages\/6761\/revisions"}],"wp:attachment":[{"href":"https:\/\/naturamada.com\/it\/wp-json\/wp\/v2\/media?parent=6761"}],"curies":[{"name":"wp","href":"https:\/\/api.w.org\/{rel}","templated":true}]}}