{"id":4785,"date":"2026-01-14T21:50:16","date_gmt":"2026-01-14T21:50:16","guid":{"rendered":"https:\/\/naturamada.com\/produit\/hojas-de-ravintsara-12g\/"},"modified":"2026-03-17T19:28:29","modified_gmt":"2026-03-17T19:28:29","slug":"hojas-de-ravintsara-12g","status":"publish","type":"product","link":"https:\/\/naturamada.com\/es\/producto\/hojas-de-ravintsara-12g\/","title":{"rendered":"Hojas de Ravintsara"},"content":{"rendered":"<h1 data-start=\"642\" data-end=\"928\">Naturamada Ravintsara hojas &#8211; Cinnamomum camphora<\/h1>\n<p data-start=\"642\" data-end=\"928\">Las hojas <strong>de Ravintsara<\/strong> proceden del \u00e1rbol <strong><em data-start=\"692\" data-end=\"713\">Cinnamomum camphora<\/em><\/strong>una variedad espec\u00edfica desarrollada en Madagascar. Recolectadas cuando est\u00e1n maduras, se <strong data-start=\"796\" data-end=\"829\">secan al aire de forma natural<\/strong> para conservar su caracter\u00edstica fragancia vegetal. A diferencia de los aceites esenciales, <strong data-start=\"971\" data-end=\"1000\">las hojas enteras secas<\/strong> se utilizan de forma m\u00e1s suave y tradicional, sobre todo en <strong>infusi\u00f3n<\/strong> o en preparados arom\u00e1ticos. Tienen una fragancia <strong data-start=\"1135\" data-end=\"1164\">fresca y alcanforada<\/strong>, que recuerda a los bosques de Madagascar.<\/p>\n<h2 data-start=\"1119\" data-end=\"1205\">\u00bfPor qu\u00e9 elegir hojas de ravintsara de Madagascar?<\/h2>\n<p>La ravintsara es una de las plantas m\u00e1s respetadas de la tradici\u00f3n malgache. Tiene una composici\u00f3n bioqu\u00edmica espec\u00edfica ligada al <strong>suelo volc\u00e1nico<\/strong> y al <strong>clima \u00fanico<\/strong> de Madagascar. <\/p>\n<h2>\u00bfC\u00f3mo utilizar las hojas de ravintsara?<\/h2>\n<p class=\"font-claude-response-body break-words whitespace-normal leading-[1.7]\">La ravintsara se utiliza principalmente en infusi\u00f3n. Es la forma m\u00e1s sencilla y extendida de disfrutar de su fragancia caracter\u00edstica. <\/p>\n<p class=\"font-claude-response-body break-words whitespace-normal leading-[1.7]\"><strong>Como infusi\u00f3n simple<\/strong> En Madagascar, se ponen de 2 a 3 hojas en infusi\u00f3n en una taza de agua caliente durante 5 &#8211; 7 minutos. El agua desarrolla una fragancia natural y libera aromas frescos y vigorizantes. Puedes a\u00f1adir miel o lim\u00f3n al gusto.  <\/p>\n<p class=\"font-claude-response-body break-words whitespace-normal leading-[1.7]\"><strong>Mezclas arom\u00e1ticas<\/strong> Las hojas de Ravintsara combinan bien con otras plantas. Comb\u00ednalas con hierba lim\u00f3n, jengibre o menta. Estas mezclas crean infusiones con sabores m\u00e1s complejos.  <\/p>\n<p class=\"font-claude-response-body break-words whitespace-normal leading-[1.7]\"><strong>En un ba\u00f1o arom\u00e1tico<\/strong> Algunas personas sumergen unas cuantas hojas en el agua del ba\u00f1o para disfrutar de su relajante fragancia. Esta pr\u00e1ctica tradicional transforma el ba\u00f1o en un momento de relajaci\u00f3n arom\u00e1tica. <\/p>\n<p class=\"font-claude-response-body break-words whitespace-normal leading-[1.7]\"><strong>Fumigaci\u00f3n<\/strong> En los hogares malgaches, a veces se secan las hojas sobre piedras calientes. Luego liberan sus aromas por toda la casa, creando una atm\u00f3sfera agradable y perfumada. <\/p>\n<h2 data-start=\"1639\" data-end=\"1671\">Otros nombres y designaciones<\/h2>\n<ul data-start=\"1673\" data-end=\"1783\">\n<li data-start=\"1673\" data-end=\"1687\">\n<p data-start=\"1675\" data-end=\"1687\">Ravintsare<\/p>\n<\/li>\n<li data-start=\"1688\" data-end=\"1715\">\n<p data-start=\"1690\" data-end=\"1715\">Alcanfor de Madagascar<\/p>\n<\/li>\n<li data-start=\"1716\" data-end=\"1783\">\n<p data-start=\"1718\" data-end=\"1783\"><em data-start=\"1718\" data-end=\"1739\">Cinnamomum camphora<\/em> (quimiotipo cineol &#8211; nombre bot\u00e1nico)<\/p>\n<\/li>\n<\/ul>\n<h2 class=\"text-text-100 mt-3 -mb-1 text-[1.125rem] font-bold\">Informaci\u00f3n sobre el producto<\/h2>\n<p class=\"font-claude-response-body break-words whitespace-normal leading-[1.7]\"><strong>Nombre bot\u00e1nico:<\/strong> Cinnamomum camphora<\/p>\n<p class=\"font-claude-response-body break-words whitespace-normal leading-[1.7]\"><strong>Origen :<\/strong> Madagascar<\/p>\n<p class=\"font-claude-response-body break-words whitespace-normal leading-[1.7]\"><strong>Peso neto:<\/strong> 12 g<\/p>\n<p class=\"font-claude-response-body break-words whitespace-normal leading-[1.7]\">100% natural<\/p>\n<p class=\"font-claude-response-body break-words whitespace-normal leading-[1.7]\">Envasado en Francia<\/p>\n<p>&nbsp;<\/p>\n<h2 class=\"text-text-100 mt-3 -mb-1 text-[1.125rem] font-bold\">FAQ &#8211; Hojas de Ravintsara<\/h2>\n<h3 class=\"text-text-100 mt-2 -mb-1 text-base font-bold\">\u00bfA qu\u00e9 saben las hojas de ravintsara?<\/h3>\n<p class=\"font-claude-response-body break-words whitespace-normal leading-[1.7]\">Las hojas de Ravintsara forman una infusi\u00f3n fresca y arom\u00e1tica. El aroma recuerda al eucalipto, con suaves notas de alcanfor y un toque de mentol. El sabor es agradable y refrescante, sin ser demasiado fuerte. Esta infusi\u00f3n da una sensaci\u00f3n de frescor en el paladar.   <\/p>\n<h3 class=\"text-text-100 mt-2 -mb-1 text-base font-bold\">\u00bfC\u00f3mo se prepara una infusi\u00f3n de ravintsara?<\/h3>\n<p class=\"font-claude-response-body break-words whitespace-normal leading-[1.7]\">Utiliza de 2 a 5 hojas por taza de agua caliente (250 ml). Vierte el agua hirviendo sobre las hojas y deja infusionar de 5 a 7 minutos, seg\u00fan la intensidad deseada. Tapa la taza para conservar los aromas. Puedes beber esta infusi\u00f3n sola o con miel y lim\u00f3n. Como con cualquier planta que se utilice regularmente en infusi\u00f3n, consulta a un profesional de la salud.    <\/p>\n<h3 class=\"text-text-100 mt-2 -mb-1 text-base font-bold\">\u00bfSe puede mezclar la ravintsara con otras plantas?<\/h3>\n<p class=\"font-claude-response-body break-words whitespace-normal leading-[1.7]\">S\u00ed, absolutamente. La ravintsara combina muy bien con la menta, el eucalipto, el tomillo, la hierba lim\u00f3n o el jengibre. Estas mezclas crean infusiones m\u00e1s ricas en sabor.  <\/p>\n<h3 class=\"text-text-100 mt-2 -mb-1 text-base font-bold\">\u00bfC\u00f3mo se recolectan las hojas de ravintsara?<\/h3>\n<p class=\"font-claude-response-body break-words whitespace-normal leading-[1.7]\">Nuestras hojas son recolectadas a mano por recolectores locales de Madagascar. S\u00f3lo se seleccionan las hojas maduras, permitiendo que los \u00e1rboles sigan creciendo de forma natural. A continuaci\u00f3n, las hojas se secan al aire con m\u00e9todos tradicionales. Este proceso tradicional conserva sus aromas naturales.   <\/p>\n<h3 class=\"text-text-100 mt-2 -mb-1 text-base font-bold\">\u00bfC\u00f3mo conservar las hojas de ravintsara?<\/h3>\n<p class=\"font-claude-response-body break-words whitespace-normal leading-[1.7]\">Guarda las hojas en un recipiente herm\u00e9tico, lejos de la luz, el calor y la humedad.<\/p>\n","protected":false},"excerpt":{"rendered":"<p>Naturamada Ravintsara hojas &#8211; Cinnamomum camphora Las hojas de Ravintsara proceden del \u00e1rbol Cinnamomum camphorauna variedad espec\u00edfica desarrollada en Madagascar. [&hellip;]<\/p>\n","protected":false},"featured_media":8359,"template":"","meta":{"site-sidebar-layout":"default","site-content-layout":"","ast-site-content-layout":"default","site-content-style":"default","site-sidebar-style":"default","ast-global-header-display":"","ast-banner-title-visibility":"","ast-main-header-display":"","ast-hfb-above-header-display":"","ast-hfb-below-header-display":"","ast-hfb-mobile-header-display":"","site-post-title":"","ast-breadcrumbs-content":"","ast-featured-img":"","footer-sml-layout":"","ast-disable-related-posts":"","theme-transparent-header-meta":"default","adv-header-id-meta":"","stick-header-meta":"","header-above-stick-meta":"","header-main-stick-meta":"","header-below-stick-meta":"","astra-migrate-meta-layouts":"default","ast-page-background-enabled":"default","ast-page-background-meta":{"desktop":{"background-color":"var(--ast-global-color-5)","background-image":"","background-repeat":"repeat","background-position":"center center","background-size":"auto","background-attachment":"scroll","background-type":"","background-media":"","overlay-type":"","overlay-color":"","overlay-opacity":"","overlay-gradient":""},"tablet":{"background-color":"","background-image":"","background-repeat":"repeat","background-position":"center center","background-size":"auto","background-attachment":"scroll","background-type":"","background-media":"","overlay-type":"","overlay-color":"","overlay-opacity":"","overlay-gradient":""},"mobile":{"background-color":"","background-image":"","background-repeat":"repeat","background-position":"center center","background-size":"auto","background-attachment":"scroll","background-type":"","background-media":"","overlay-type":"","overlay-color":"","overlay-opacity":"","overlay-gradient":""}},"ast-content-background-meta":{"desktop":{"background-color":"var(--ast-global-color-4)","background-image":"","background-repeat":"repeat","background-position":"center center","background-size":"auto","background-attachment":"scroll","background-type":"","background-media":"","overlay-type":"","overlay-color":"","overlay-opacity":"","overlay-gradient":""},"tablet":{"background-color":"var(--ast-global-color-4)","background-image":"","background-repeat":"repeat","background-position":"center center","background-size":"auto","background-attachment":"scroll","background-type":"","background-media":"","overlay-type":"","overlay-color":"","overlay-opacity":"","overlay-gradient":""},"mobile":{"background-color":"var(--ast-global-color-4)","background-image":"","background-repeat":"repeat","background-position":"center center","background-size":"auto","background-attachment":"scroll","background-type":"","background-media":"","overlay-type":"","overlay-color":"","overlay-opacity":"","overlay-gradient":""}}},"product_brand":[],"product_cat":[1649,2709],"product_tag":[],"class_list":{"0":"post-4785","1":"product","2":"type-product","3":"status-publish","4":"has-post-thumbnail","6":"product_cat-especias-superalimentos","7":"product_cat-hojas-secas","8":"pa_origine-madagascar-es","9":"pa_taille-12-g-es","10":"pa_taille-25-g-es","11":"pa_type-produit-hoja-seca","12":"pa_usage-bienestar","13":"pa_usage-infusion-es","14":"desktop-align-left","15":"tablet-align-left","16":"mobile-align-left","18":"first","19":"instock","20":"taxable","21":"shipping-taxable","22":"purchasable","23":"product-type-variable","24":"has-default-attributes"},"yoast_head":"<!-- This site is optimized with the Yoast SEO plugin v27.5 - https:\/\/yoast.com\/product\/yoast-seo-wordpress\/ -->\n<title>Hojas de Ravintsara, Infusi\u00f3n - Naturamada<\/title>\n<meta name=\"description\" content=\"Hojas de ravintsara secadas naturalmente, procedentes de Madagascar. Uso tradicional como infusi\u00f3n o fumigaci\u00f3n. Producto crudo, sin aditivos.\" \/>\n<meta name=\"robots\" content=\"index, follow, max-snippet:-1, max-image-preview:large, max-video-preview:-1\" \/>\n<link rel=\"canonical\" href=\"https:\/\/naturamada.com\/es\/producto\/hojas-de-ravintsara-12g\/\" \/>\n<meta property=\"og:locale\" content=\"es_ES\" \/>\n<meta property=\"og:type\" content=\"article\" \/>\n<meta property=\"og:title\" content=\"Hojas de Ravintsara, Infusi\u00f3n - Naturamada\" \/>\n<meta property=\"og:description\" content=\"Hojas de ravintsara secadas naturalmente, procedentes de Madagascar. Uso tradicional como infusi\u00f3n o fumigaci\u00f3n. Producto crudo, sin aditivos.\" \/>\n<meta property=\"og:url\" content=\"https:\/\/naturamada.com\/es\/producto\/hojas-de-ravintsara-12g\/\" \/>\n<meta property=\"og:site_name\" content=\"Naturamada\" \/>\n<meta property=\"article:publisher\" content=\"https:\/\/www.facebook.com\/Naturamada.shop\/\" \/>\n<meta property=\"article:modified_time\" content=\"2026-03-17T19:28:29+00:00\" \/>\n<meta property=\"og:image\" content=\"https:\/\/naturamada.com\/wp-content\/uploads\/2026\/01\/Feuille-Ravintsara-entiere-Naturamada-Madagascar.jpg\" \/>\n\t<meta property=\"og:image:width\" content=\"2000\" \/>\n\t<meta property=\"og:image:height\" content=\"2000\" \/>\n\t<meta property=\"og:image:type\" content=\"image\/jpeg\" \/>\n<script type=\"application\/ld+json\" class=\"yoast-schema-graph\">{\"@context\":\"https:\\\/\\\/schema.org\",\"@graph\":[{\"@type\":\"WebPage\",\"@id\":\"https:\\\/\\\/naturamada.com\\\/es\\\/producto\\\/hojas-de-ravintsara-12g\\\/\",\"url\":\"https:\\\/\\\/naturamada.com\\\/es\\\/producto\\\/hojas-de-ravintsara-12g\\\/\",\"name\":\"Hojas de Ravintsara, Infusi\u00f3n - Naturamada\",\"isPartOf\":{\"@id\":\"https:\\\/\\\/naturamada.com\\\/es\\\/#website\"},\"primaryImageOfPage\":{\"@id\":\"https:\\\/\\\/naturamada.com\\\/es\\\/producto\\\/hojas-de-ravintsara-12g\\\/#primaryimage\"},\"image\":{\"@id\":\"https:\\\/\\\/naturamada.com\\\/es\\\/producto\\\/hojas-de-ravintsara-12g\\\/#primaryimage\"},\"thumbnailUrl\":\"https:\\\/\\\/naturamada.com\\\/wp-content\\\/uploads\\\/2026\\\/01\\\/feuille-ravintsara-infusion-Naturamada-Ravinsara-Madagascar.png\",\"datePublished\":\"2026-01-14T21:50:16+00:00\",\"dateModified\":\"2026-03-17T19:28:29+00:00\",\"description\":\"Hojas de ravintsara secadas naturalmente, procedentes de Madagascar. Uso tradicional como infusi\u00f3n o fumigaci\u00f3n. Producto crudo, sin aditivos.\",\"breadcrumb\":{\"@id\":\"https:\\\/\\\/naturamada.com\\\/es\\\/producto\\\/hojas-de-ravintsara-12g\\\/#breadcrumb\"},\"inLanguage\":\"es\",\"potentialAction\":[{\"@type\":\"ReadAction\",\"target\":[\"https:\\\/\\\/naturamada.com\\\/es\\\/producto\\\/hojas-de-ravintsara-12g\\\/\"]}]},{\"@type\":\"ImageObject\",\"inLanguage\":\"es\",\"@id\":\"https:\\\/\\\/naturamada.com\\\/es\\\/producto\\\/hojas-de-ravintsara-12g\\\/#primaryimage\",\"url\":\"https:\\\/\\\/naturamada.com\\\/wp-content\\\/uploads\\\/2026\\\/01\\\/feuille-ravintsara-infusion-Naturamada-Ravinsara-Madagascar.png\",\"contentUrl\":\"https:\\\/\\\/naturamada.com\\\/wp-content\\\/uploads\\\/2026\\\/01\\\/feuille-ravintsara-infusion-Naturamada-Ravinsara-Madagascar.png\",\"width\":1000,\"height\":1000},{\"@type\":\"BreadcrumbList\",\"@id\":\"https:\\\/\\\/naturamada.com\\\/es\\\/producto\\\/hojas-de-ravintsara-12g\\\/#breadcrumb\",\"itemListElement\":[{\"@type\":\"ListItem\",\"position\":1,\"name\":\"Inicio\",\"item\":\"https:\\\/\\\/naturamada.com\\\/es\\\/\"},{\"@type\":\"ListItem\",\"position\":2,\"name\":\"Tienda\",\"item\":\"https:\\\/\\\/naturamada.com\\\/es\\\/tienda\\\/\"},{\"@type\":\"ListItem\",\"position\":3,\"name\":\"Hojas de Ravintsara\"}]},{\"@type\":\"WebSite\",\"@id\":\"https:\\\/\\\/naturamada.com\\\/es\\\/#website\",\"url\":\"https:\\\/\\\/naturamada.com\\\/es\\\/\",\"name\":\"Naturamada\",\"description\":\"Epices, Superaliments et Pierres pour le bien-\u00eatre et la cuisine\",\"publisher\":{\"@id\":\"https:\\\/\\\/naturamada.com\\\/es\\\/#organization\"},\"potentialAction\":[{\"@type\":\"SearchAction\",\"target\":{\"@type\":\"EntryPoint\",\"urlTemplate\":\"https:\\\/\\\/naturamada.com\\\/es\\\/?s={search_term_string}\"},\"query-input\":{\"@type\":\"PropertyValueSpecification\",\"valueRequired\":true,\"valueName\":\"search_term_string\"}}],\"inLanguage\":\"es\"},{\"@type\":\"Organization\",\"@id\":\"https:\\\/\\\/naturamada.com\\\/es\\\/#organization\",\"name\":\"Naturamada\",\"url\":\"https:\\\/\\\/naturamada.com\\\/es\\\/\",\"logo\":{\"@type\":\"ImageObject\",\"inLanguage\":\"es\",\"@id\":\"https:\\\/\\\/naturamada.com\\\/es\\\/#\\\/schema\\\/logo\\\/image\\\/\",\"url\":\"https:\\\/\\\/naturamada.com\\\/wp-content\\\/uploads\\\/2025\\\/07\\\/cropped-Naturamada-10.png\",\"contentUrl\":\"https:\\\/\\\/naturamada.com\\\/wp-content\\\/uploads\\\/2025\\\/07\\\/cropped-Naturamada-10.png\",\"width\":1366,\"height\":455,\"caption\":\"Naturamada\"},\"image\":{\"@id\":\"https:\\\/\\\/naturamada.com\\\/es\\\/#\\\/schema\\\/logo\\\/image\\\/\"},\"sameAs\":[\"https:\\\/\\\/www.facebook.com\\\/Naturamada.shop\\\/\",\"https:\\\/\\\/www.instagram.com\\\/naturamada.officiel\\\/\"]}]}<\/script>\n<!-- \/ Yoast SEO plugin. -->","yoast_head_json":{"title":"Hojas de Ravintsara, Infusi\u00f3n - Naturamada","description":"Hojas de ravintsara secadas naturalmente, procedentes de Madagascar. Uso tradicional como infusi\u00f3n o fumigaci\u00f3n. Producto crudo, sin aditivos.","robots":{"index":"index","follow":"follow","max-snippet":"max-snippet:-1","max-image-preview":"max-image-preview:large","max-video-preview":"max-video-preview:-1"},"canonical":"https:\/\/naturamada.com\/es\/producto\/hojas-de-ravintsara-12g\/","og_locale":"es_ES","og_type":"article","og_title":"Hojas de Ravintsara, Infusi\u00f3n - Naturamada","og_description":"Hojas de ravintsara secadas naturalmente, procedentes de Madagascar. Uso tradicional como infusi\u00f3n o fumigaci\u00f3n. Producto crudo, sin aditivos.","og_url":"https:\/\/naturamada.com\/es\/producto\/hojas-de-ravintsara-12g\/","og_site_name":"Naturamada","article_publisher":"https:\/\/www.facebook.com\/Naturamada.shop\/","article_modified_time":"2026-03-17T19:28:29+00:00","og_image":[{"width":2000,"height":2000,"url":"https:\/\/naturamada.com\/wp-content\/uploads\/2026\/01\/Feuille-Ravintsara-entiere-Naturamada-Madagascar.jpg","type":"image\/jpeg"}],"schema":{"@context":"https:\/\/schema.org","@graph":[{"@type":"WebPage","@id":"https:\/\/naturamada.com\/es\/producto\/hojas-de-ravintsara-12g\/","url":"https:\/\/naturamada.com\/es\/producto\/hojas-de-ravintsara-12g\/","name":"Hojas de Ravintsara, Infusi\u00f3n - Naturamada","isPartOf":{"@id":"https:\/\/naturamada.com\/es\/#website"},"primaryImageOfPage":{"@id":"https:\/\/naturamada.com\/es\/producto\/hojas-de-ravintsara-12g\/#primaryimage"},"image":{"@id":"https:\/\/naturamada.com\/es\/producto\/hojas-de-ravintsara-12g\/#primaryimage"},"thumbnailUrl":"https:\/\/naturamada.com\/wp-content\/uploads\/2026\/01\/feuille-ravintsara-infusion-Naturamada-Ravinsara-Madagascar.png","datePublished":"2026-01-14T21:50:16+00:00","dateModified":"2026-03-17T19:28:29+00:00","description":"Hojas de ravintsara secadas naturalmente, procedentes de Madagascar. Uso tradicional como infusi\u00f3n o fumigaci\u00f3n. Producto crudo, sin aditivos.","breadcrumb":{"@id":"https:\/\/naturamada.com\/es\/producto\/hojas-de-ravintsara-12g\/#breadcrumb"},"inLanguage":"es","potentialAction":[{"@type":"ReadAction","target":["https:\/\/naturamada.com\/es\/producto\/hojas-de-ravintsara-12g\/"]}]},{"@type":"ImageObject","inLanguage":"es","@id":"https:\/\/naturamada.com\/es\/producto\/hojas-de-ravintsara-12g\/#primaryimage","url":"https:\/\/naturamada.com\/wp-content\/uploads\/2026\/01\/feuille-ravintsara-infusion-Naturamada-Ravinsara-Madagascar.png","contentUrl":"https:\/\/naturamada.com\/wp-content\/uploads\/2026\/01\/feuille-ravintsara-infusion-Naturamada-Ravinsara-Madagascar.png","width":1000,"height":1000},{"@type":"BreadcrumbList","@id":"https:\/\/naturamada.com\/es\/producto\/hojas-de-ravintsara-12g\/#breadcrumb","itemListElement":[{"@type":"ListItem","position":1,"name":"Inicio","item":"https:\/\/naturamada.com\/es\/"},{"@type":"ListItem","position":2,"name":"Tienda","item":"https:\/\/naturamada.com\/es\/tienda\/"},{"@type":"ListItem","position":3,"name":"Hojas de Ravintsara"}]},{"@type":"WebSite","@id":"https:\/\/naturamada.com\/es\/#website","url":"https:\/\/naturamada.com\/es\/","name":"Naturamada","description":"Epices, Superaliments et Pierres pour le bien-\u00eatre et la cuisine","publisher":{"@id":"https:\/\/naturamada.com\/es\/#organization"},"potentialAction":[{"@type":"SearchAction","target":{"@type":"EntryPoint","urlTemplate":"https:\/\/naturamada.com\/es\/?s={search_term_string}"},"query-input":{"@type":"PropertyValueSpecification","valueRequired":true,"valueName":"search_term_string"}}],"inLanguage":"es"},{"@type":"Organization","@id":"https:\/\/naturamada.com\/es\/#organization","name":"Naturamada","url":"https:\/\/naturamada.com\/es\/","logo":{"@type":"ImageObject","inLanguage":"es","@id":"https:\/\/naturamada.com\/es\/#\/schema\/logo\/image\/","url":"https:\/\/naturamada.com\/wp-content\/uploads\/2025\/07\/cropped-Naturamada-10.png","contentUrl":"https:\/\/naturamada.com\/wp-content\/uploads\/2025\/07\/cropped-Naturamada-10.png","width":1366,"height":455,"caption":"Naturamada"},"image":{"@id":"https:\/\/naturamada.com\/es\/#\/schema\/logo\/image\/"},"sameAs":["https:\/\/www.facebook.com\/Naturamada.shop\/","https:\/\/www.instagram.com\/naturamada.officiel\/"]}]}},"_links":{"self":[{"href":"https:\/\/naturamada.com\/es\/wp-json\/wp\/v2\/product\/4785","targetHints":{"allow":["GET"]}}],"collection":[{"href":"https:\/\/naturamada.com\/es\/wp-json\/wp\/v2\/product"}],"about":[{"href":"https:\/\/naturamada.com\/es\/wp-json\/wp\/v2\/types\/product"}],"wp:featuredmedia":[{"embeddable":true,"href":"https:\/\/naturamada.com\/es\/wp-json\/wp\/v2\/media\/8359"}],"wp:attachment":[{"href":"https:\/\/naturamada.com\/es\/wp-json\/wp\/v2\/media?parent=4785"}],"wp:term":[{"taxonomy":"product_brand","embeddable":true,"href":"https:\/\/naturamada.com\/es\/wp-json\/wp\/v2\/product_brand?post=4785"},{"taxonomy":"product_cat","embeddable":true,"href":"https:\/\/naturamada.com\/es\/wp-json\/wp\/v2\/product_cat?post=4785"},{"taxonomy":"product_tag","embeddable":true,"href":"https:\/\/naturamada.com\/es\/wp-json\/wp\/v2\/product_tag?post=4785"}],"curies":[{"name":"wp","href":"https:\/\/api.w.org\/{rel}","templated":true}]}}