{"id":4748,"date":"2026-01-14T09:17:46","date_gmt":"2026-01-14T09:17:46","guid":{"rendered":"https:\/\/naturamada.com\/produit\/hojas-de-mango-12-g\/"},"modified":"2026-05-11T07:10:47","modified_gmt":"2026-05-11T07:10:47","slug":"hojas-de-mango-12-g","status":"publish","type":"product","link":"https:\/\/naturamada.com\/es\/producto\/hojas-de-mango-12-g\/","title":{"rendered":"Hojas de mango"},"content":{"rendered":"<h1 data-start=\"375\" data-end=\"698\">Naturamada Hojas de mango &#8211; <em data-start=\"401\" data-end=\"419\">Mangifera indica <\/em> <\/h1>\n<p data-start=\"375\" data-end=\"698\">Nuestras hojas de mango<em data-start=\"401\" data-end=\"419\">(Mangifera indica)<\/em> proceden de la <strong data-start=\"464\" data-end=\"492\">regi\u00f3n oriental de Madagascar<\/strong>, donde los \u00e1rboles de mango crecen de forma natural, sin cultivo intensivo. Recogidas a mano y luego secadas, estas hojas enteras conservan su fragancia dulce, ligeramente afrutada y vegetal. En Madagascar y en muchas otras regiones tropicales, las hojas de mango forman parte de la vida cotidiana, y se han utilizado durante generaciones en el hogar, tanto para <strong data-start=\"888\" data-end=\"917\">infusiones tradicionales<\/strong> como para <strong>cocinar<\/strong>.  <\/p>\n<h2 data-start=\"375\" data-end=\"698\"><span dir=\"auto\">\u00bfPor qu\u00e9 elegir hojas de mango?<\/span><\/h2>\n<p data-start=\"1255\" data-end=\"1378\">La fruta del \u00e1rbol del mango es conocida y apreciada en todas partes, pero sus hojas siguen siendo poco conocidas. Y, sin embargo, son uno de los tesoros que se utilizan desde hace mucho tiempo en muchas culturas tropicales. En varios pa\u00edses, se preparan en infusi\u00f3n o decocci\u00f3n y se utilizan durante todo el d\u00eda, de la ma\u00f1ana a la noche. Las hojas de mango tambi\u00e9n desempe\u00f1an un papel simb\u00f3lico en ciertos rituales, adornos y celebraciones familiares. Utilizarlas es revivir un antiguo saber hacer y redescubrir un uso global del \u00e1rbol, desde el fruto hasta la hoja.    <\/p>\n<h2 class=\"my-2 [&amp;+p]:mt-4 [&amp;_strong:has(+br)]:inline-block [&amp;_strong:has(+br)]:pb-2\"><span dir=\"auto\">C\u00f3mo utilizar las hojas de mango en la cocina<\/span><\/h2>\n<p class=\"my-2 [&amp;+p]:mt-4 [&amp;_strong:has(+br)]:inline-block [&amp;_strong:has(+br)]:pb-2\"><span dir=\"auto\">Las hojas de mango pueden utilizarse<strong> enteras<\/strong> o ligeramente desmenuzadas. Su sabor sigue siendo suave y herbal, con una sutil nota afrutada. <\/span><br \/>\n<span dir=\"auto\">Pueden a\u00f1adirse al<strong>agua de cocci\u00f3n del arroz, las verduras o los caldos<\/strong> para darles un ligero sabor. En la parrilla o la <strong>barbacoa<\/strong>, pueden colocarse sobre las brasas para dar un <strong>delicado sabor<\/strong>a la carne, el pescado o las verduras.  <\/span><\/p>\n<h2 class=\"my-2 [&amp;+p]:mt-4 [&amp;_strong:has(+br)]:inline-block [&amp;_strong:has(+br)]:pb-2\"><span dir=\"auto\">Infusi\u00f3n y decocci\u00f3n de hojas de mango<\/span><\/h2>\n<p class=\"my-2 [&amp;+p]:mt-4 [&amp;_strong:has(+br)]:inline-block [&amp;_strong:has(+br)]:pb-2\"><span dir=\"auto\">El uso m\u00e1s extendido de las hojas de mango es como <strong>infusi\u00f3n<\/strong>, sola o con<strong> un poco de miel<\/strong>. En varios pa\u00edses asi\u00e1ticos y africanos, una decocci\u00f3n de hojas forma parte de los preparados tradicionales que se consumen a diario. Tambi\u00e9n puede encontrarse en modernas mezclas de tisanas, combinado con otras plantas como <strong>el lim\u00f3n<\/strong><a href=\"https:\/\/naturamada.com\/es\/jengibre-beneficios-virtudes-y-usos-cotidianos\/\"><em><strong>jengibre<\/strong> <\/em><\/a>o <strong>la hierba lim\u00f3n<\/strong>. Las hojas de mango pueden incorporarse a la rutina para acompa\u00f1ar las pausas nocturnas, los momentos de relajaci\u00f3n y los<strong> rituales de bienestar<\/strong>.   <\/span><\/p>\n<h2 class=\"my-2 [&amp;+p]:mt-4 [&amp;_strong:has(+br)]:inline-block [&amp;_strong:has(+br)]:pb-2\"><span dir=\"auto\">Otros usos tradicionales<\/span><\/h2>\n<p class=\"my-2 [&amp;+p]:mt-4 [&amp;_strong:has(+br)]:inline-block [&amp;_strong:has(+br)]:pb-2\"><span dir=\"auto\">Adem\u00e1s de para cocinar y beber, las hojas de mango se utilizan para una amplia gama de fines dom\u00e9sticos y rituales. A veces se utilizan para <strong>fumigar<\/strong> o acompa\u00f1ar <strong>ceremonias familiares y religiosas<\/strong>. En algunas tradiciones, decoran las entradas de las casas o los lugares de celebraci\u00f3n, como signo de prosperidad y protecci\u00f3n simb\u00f3lica. Tambi\u00e9n pueden utilizarse como base de preparaciones para el bienestar como parte de pr\u00e1cticas ancestrales.   <\/span><\/p>\n<h2 class=\"my-2 [&amp;+p]:mt-4 [&amp;_strong:has(+br)]:inline-block [&amp;_strong:has(+br)]:pb-2\"><span dir=\"auto\">Informaci\u00f3n sobre el producto<\/span><\/h2>\n<p class=\"my-2 [&amp;+p]:mt-4 [&amp;_strong:has(+br)]:inline-block [&amp;_strong:has(+br)]:pb-2\"><strong><span dir=\"auto\">Nombre bot\u00e1nico : <\/span><\/strong><em><span dir=\"auto\">Mangifera indica<\/span><\/em><br \/>\n<span dir=\"auto\"><strong>Origen<\/strong>: Madagascar<\/span><br \/>\n<span dir=\"auto\"><strong>Hojas enteras<\/strong>, secadas naturalmente<\/span><br \/>\n<span dir=\"auto\">Envasado en Francia<\/span><\/p>\n<p>&nbsp;<\/p>\n<h2>FAQ: Hoja de mango<\/h2>\n<p><strong>\u00bfC\u00f3mo pueden utilizarse las hojas de mango en las infusiones diarias?<\/strong><br \/>\nPara uso cotidiano, deja 1 \u00f3 2 hojas secas en infusi\u00f3n en agua caliente durante 5 \u00f3 7 minutos. Pueden incorporarse f\u00e1cilmente a la rutina de bebidas calientes matutinas o nocturnas, solas o combinadas con otras plantas. <\/p>\n<p><strong>\u00bfForma parte la hoja de mango de una rutina moderna de bienestar?<\/strong><br \/>\nS\u00ed, cada vez est\u00e1 m\u00e1s presente en las tisanas y los rituales naturales de bienestar.<br \/>\nSu perfil vegetal y arom\u00e1tico la convierte en una apreciada aliada en un enfoque global del equilibrio y la vida sana.<\/p>\n<p><strong>\u00bfCon qu\u00e9 otras plantas se puede utilizar la hoja de mango?<\/strong><br class=\"yoast-text-mark\"\/>Combina bien con plantas como la verbena, la hierba lim\u00f3n, la <em>moringa<\/em> o el <em><a href=\"https:\/\/naturamada.com\/produit\/poudre-de-gingembre-50-g\/\">jengibre<\/a><\/em> en infusiones.<\/p>\n<p><strong>\u00bfHay alguna precauci\u00f3n especial?<\/strong><br class=\"yoast-text-mark\">Como con todas las plantas, es aconsejable utilizarlas con moderaci\u00f3n y acudir a un profesional en caso de duda.<\/p>\n","protected":false},"excerpt":{"rendered":"<p>Naturamada Hojas de mango &#8211; Mangifera indica Nuestras hojas de mango(Mangifera indica) proceden de la regi\u00f3n oriental de Madagascar, donde [&hellip;]<\/p>\n","protected":false},"featured_media":8366,"template":"","meta":{"site-sidebar-layout":"default","site-content-layout":"","ast-site-content-layout":"default","site-content-style":"default","site-sidebar-style":"default","ast-global-header-display":"","ast-banner-title-visibility":"","ast-main-header-display":"","ast-hfb-above-header-display":"","ast-hfb-below-header-display":"","ast-hfb-mobile-header-display":"","site-post-title":"","ast-breadcrumbs-content":"","ast-featured-img":"","footer-sml-layout":"","ast-disable-related-posts":"","theme-transparent-header-meta":"default","adv-header-id-meta":"","stick-header-meta":"","header-above-stick-meta":"","header-main-stick-meta":"","header-below-stick-meta":"","astra-migrate-meta-layouts":"default","ast-page-background-enabled":"default","ast-page-background-meta":{"desktop":{"background-color":"var(--ast-global-color-5)","background-image":"","background-repeat":"repeat","background-position":"center center","background-size":"auto","background-attachment":"scroll","background-type":"","background-media":"","overlay-type":"","overlay-color":"","overlay-opacity":"","overlay-gradient":""},"tablet":{"background-color":"","background-image":"","background-repeat":"repeat","background-position":"center center","background-size":"auto","background-attachment":"scroll","background-type":"","background-media":"","overlay-type":"","overlay-color":"","overlay-opacity":"","overlay-gradient":""},"mobile":{"background-color":"","background-image":"","background-repeat":"repeat","background-position":"center center","background-size":"auto","background-attachment":"scroll","background-type":"","background-media":"","overlay-type":"","overlay-color":"","overlay-opacity":"","overlay-gradient":""}},"ast-content-background-meta":{"desktop":{"background-color":"var(--ast-global-color-4)","background-image":"","background-repeat":"repeat","background-position":"center center","background-size":"auto","background-attachment":"scroll","background-type":"","background-media":"","overlay-type":"","overlay-color":"","overlay-opacity":"","overlay-gradient":""},"tablet":{"background-color":"var(--ast-global-color-4)","background-image":"","background-repeat":"repeat","background-position":"center center","background-size":"auto","background-attachment":"scroll","background-type":"","background-media":"","overlay-type":"","overlay-color":"","overlay-opacity":"","overlay-gradient":""},"mobile":{"background-color":"var(--ast-global-color-4)","background-image":"","background-repeat":"repeat","background-position":"center center","background-size":"auto","background-attachment":"scroll","background-type":"","background-media":"","overlay-type":"","overlay-color":"","overlay-opacity":"","overlay-gradient":""}}},"product_brand":[],"product_cat":[1649,2709],"product_tag":[],"class_list":{"0":"post-4748","1":"product","2":"type-product","3":"status-publish","4":"has-post-thumbnail","6":"product_cat-especias-superalimentos","7":"product_cat-hojas-secas","8":"pa_origine-madagascar-es","9":"pa_taille-12-g-es","10":"pa_taille-25-g-es","11":"pa_type-produit-hoja-seca","12":"pa_usage-bienestar","13":"pa_usage-cocina","14":"pa_usage-infusion-es","15":"desktop-align-left","16":"tablet-align-left","17":"mobile-align-left","19":"first","20":"instock","21":"taxable","22":"shipping-taxable","23":"purchasable","24":"product-type-variable","25":"has-default-attributes"},"yoast_head":"<!-- This site is optimized with the Yoast SEO plugin v27.5 - https:\/\/yoast.com\/product\/yoast-seo-wordpress\/ -->\n<title>Hojas de mango 12g - Naturamada%<\/title>\n<meta name=\"description\" content=\"Hojas secas de mango de Madagascar (regi\u00f3n oriental). Recolectadas tradicionalmente para su uso como infusi\u00f3n. Producto 100% natural.\" \/>\n<meta name=\"robots\" content=\"index, follow, max-snippet:-1, max-image-preview:large, max-video-preview:-1\" \/>\n<link rel=\"canonical\" href=\"https:\/\/naturamada.com\/es\/producto\/hojas-de-mango-12-g\/\" \/>\n<meta property=\"og:locale\" content=\"es_ES\" \/>\n<meta property=\"og:type\" content=\"article\" \/>\n<meta property=\"og:title\" content=\"Hojas de mango 12g - Naturamada%\" \/>\n<meta property=\"og:description\" content=\"Hojas secas de mango de Madagascar (regi\u00f3n oriental). Recolectadas tradicionalmente para su uso como infusi\u00f3n. Producto 100% natural.\" \/>\n<meta property=\"og:url\" content=\"https:\/\/naturamada.com\/es\/producto\/hojas-de-mango-12-g\/\" \/>\n<meta property=\"og:site_name\" content=\"Naturamada\" \/>\n<meta property=\"article:publisher\" content=\"https:\/\/www.facebook.com\/Naturamada.shop\/\" \/>\n<meta property=\"article:modified_time\" content=\"2026-05-11T07:10:47+00:00\" \/>\n<meta property=\"og:image\" content=\"https:\/\/naturamada.com\/wp-content\/uploads\/2026\/01\/Feuille-Mangue-Naturamada-Manguier-Madagascar-Mangifera-indica.png\" \/>\n\t<meta property=\"og:image:width\" content=\"1000\" \/>\n\t<meta property=\"og:image:height\" content=\"1000\" \/>\n\t<meta property=\"og:image:type\" content=\"image\/png\" \/>\n<script type=\"application\/ld+json\" class=\"yoast-schema-graph\">{\"@context\":\"https:\\\/\\\/schema.org\",\"@graph\":[{\"@type\":\"WebPage\",\"@id\":\"https:\\\/\\\/naturamada.com\\\/es\\\/producto\\\/hojas-de-mango-12-g\\\/\",\"url\":\"https:\\\/\\\/naturamada.com\\\/es\\\/producto\\\/hojas-de-mango-12-g\\\/\",\"name\":\"Hojas de mango 12g - Naturamada%\",\"isPartOf\":{\"@id\":\"https:\\\/\\\/naturamada.com\\\/es\\\/#website\"},\"primaryImageOfPage\":{\"@id\":\"https:\\\/\\\/naturamada.com\\\/es\\\/producto\\\/hojas-de-mango-12-g\\\/#primaryimage\"},\"image\":{\"@id\":\"https:\\\/\\\/naturamada.com\\\/es\\\/producto\\\/hojas-de-mango-12-g\\\/#primaryimage\"},\"thumbnailUrl\":\"https:\\\/\\\/naturamada.com\\\/wp-content\\\/uploads\\\/2026\\\/01\\\/Feuille-Mangue-Naturamada-Manguier-Madagascar-Mangifera-indica.png\",\"datePublished\":\"2026-01-14T09:17:46+00:00\",\"dateModified\":\"2026-05-11T07:10:47+00:00\",\"description\":\"Hojas secas de mango de Madagascar (regi\u00f3n oriental). Recolectadas tradicionalmente para su uso como infusi\u00f3n. Producto 100% natural.\",\"breadcrumb\":{\"@id\":\"https:\\\/\\\/naturamada.com\\\/es\\\/producto\\\/hojas-de-mango-12-g\\\/#breadcrumb\"},\"inLanguage\":\"es\",\"potentialAction\":[{\"@type\":\"ReadAction\",\"target\":[\"https:\\\/\\\/naturamada.com\\\/es\\\/producto\\\/hojas-de-mango-12-g\\\/\"]}]},{\"@type\":\"ImageObject\",\"inLanguage\":\"es\",\"@id\":\"https:\\\/\\\/naturamada.com\\\/es\\\/producto\\\/hojas-de-mango-12-g\\\/#primaryimage\",\"url\":\"https:\\\/\\\/naturamada.com\\\/wp-content\\\/uploads\\\/2026\\\/01\\\/Feuille-Mangue-Naturamada-Manguier-Madagascar-Mangifera-indica.png\",\"contentUrl\":\"https:\\\/\\\/naturamada.com\\\/wp-content\\\/uploads\\\/2026\\\/01\\\/Feuille-Mangue-Naturamada-Manguier-Madagascar-Mangifera-indica.png\",\"width\":1000,\"height\":1000},{\"@type\":\"BreadcrumbList\",\"@id\":\"https:\\\/\\\/naturamada.com\\\/es\\\/producto\\\/hojas-de-mango-12-g\\\/#breadcrumb\",\"itemListElement\":[{\"@type\":\"ListItem\",\"position\":1,\"name\":\"Inicio\",\"item\":\"https:\\\/\\\/naturamada.com\\\/es\\\/\"},{\"@type\":\"ListItem\",\"position\":2,\"name\":\"Tienda\",\"item\":\"https:\\\/\\\/naturamada.com\\\/es\\\/tienda\\\/\"},{\"@type\":\"ListItem\",\"position\":3,\"name\":\"Hojas de mango\"}]},{\"@type\":\"WebSite\",\"@id\":\"https:\\\/\\\/naturamada.com\\\/es\\\/#website\",\"url\":\"https:\\\/\\\/naturamada.com\\\/es\\\/\",\"name\":\"Naturamada\",\"description\":\"Epices, Superaliments et Pierres pour le bien-\u00eatre et la cuisine\",\"publisher\":{\"@id\":\"https:\\\/\\\/naturamada.com\\\/es\\\/#organization\"},\"potentialAction\":[{\"@type\":\"SearchAction\",\"target\":{\"@type\":\"EntryPoint\",\"urlTemplate\":\"https:\\\/\\\/naturamada.com\\\/es\\\/?s={search_term_string}\"},\"query-input\":{\"@type\":\"PropertyValueSpecification\",\"valueRequired\":true,\"valueName\":\"search_term_string\"}}],\"inLanguage\":\"es\"},{\"@type\":\"Organization\",\"@id\":\"https:\\\/\\\/naturamada.com\\\/es\\\/#organization\",\"name\":\"Naturamada\",\"url\":\"https:\\\/\\\/naturamada.com\\\/es\\\/\",\"logo\":{\"@type\":\"ImageObject\",\"inLanguage\":\"es\",\"@id\":\"https:\\\/\\\/naturamada.com\\\/es\\\/#\\\/schema\\\/logo\\\/image\\\/\",\"url\":\"https:\\\/\\\/naturamada.com\\\/wp-content\\\/uploads\\\/2025\\\/07\\\/cropped-Naturamada-10.png\",\"contentUrl\":\"https:\\\/\\\/naturamada.com\\\/wp-content\\\/uploads\\\/2025\\\/07\\\/cropped-Naturamada-10.png\",\"width\":1366,\"height\":455,\"caption\":\"Naturamada\"},\"image\":{\"@id\":\"https:\\\/\\\/naturamada.com\\\/es\\\/#\\\/schema\\\/logo\\\/image\\\/\"},\"sameAs\":[\"https:\\\/\\\/www.facebook.com\\\/Naturamada.shop\\\/\",\"https:\\\/\\\/www.instagram.com\\\/naturamada.officiel\\\/\"]}]}<\/script>\n<!-- \/ Yoast SEO plugin. -->","yoast_head_json":{"title":"Hojas de mango 12g - Naturamada%","description":"Hojas secas de mango de Madagascar (regi\u00f3n oriental). Recolectadas tradicionalmente para su uso como infusi\u00f3n. Producto 100% natural.","robots":{"index":"index","follow":"follow","max-snippet":"max-snippet:-1","max-image-preview":"max-image-preview:large","max-video-preview":"max-video-preview:-1"},"canonical":"https:\/\/naturamada.com\/es\/producto\/hojas-de-mango-12-g\/","og_locale":"es_ES","og_type":"article","og_title":"Hojas de mango 12g - Naturamada%","og_description":"Hojas secas de mango de Madagascar (regi\u00f3n oriental). Recolectadas tradicionalmente para su uso como infusi\u00f3n. Producto 100% natural.","og_url":"https:\/\/naturamada.com\/es\/producto\/hojas-de-mango-12-g\/","og_site_name":"Naturamada","article_publisher":"https:\/\/www.facebook.com\/Naturamada.shop\/","article_modified_time":"2026-05-11T07:10:47+00:00","og_image":[{"width":1000,"height":1000,"url":"https:\/\/naturamada.com\/wp-content\/uploads\/2026\/01\/Feuille-Mangue-Naturamada-Manguier-Madagascar-Mangifera-indica.png","type":"image\/png"}],"schema":{"@context":"https:\/\/schema.org","@graph":[{"@type":"WebPage","@id":"https:\/\/naturamada.com\/es\/producto\/hojas-de-mango-12-g\/","url":"https:\/\/naturamada.com\/es\/producto\/hojas-de-mango-12-g\/","name":"Hojas de mango 12g - Naturamada%","isPartOf":{"@id":"https:\/\/naturamada.com\/es\/#website"},"primaryImageOfPage":{"@id":"https:\/\/naturamada.com\/es\/producto\/hojas-de-mango-12-g\/#primaryimage"},"image":{"@id":"https:\/\/naturamada.com\/es\/producto\/hojas-de-mango-12-g\/#primaryimage"},"thumbnailUrl":"https:\/\/naturamada.com\/wp-content\/uploads\/2026\/01\/Feuille-Mangue-Naturamada-Manguier-Madagascar-Mangifera-indica.png","datePublished":"2026-01-14T09:17:46+00:00","dateModified":"2026-05-11T07:10:47+00:00","description":"Hojas secas de mango de Madagascar (regi\u00f3n oriental). Recolectadas tradicionalmente para su uso como infusi\u00f3n. Producto 100% natural.","breadcrumb":{"@id":"https:\/\/naturamada.com\/es\/producto\/hojas-de-mango-12-g\/#breadcrumb"},"inLanguage":"es","potentialAction":[{"@type":"ReadAction","target":["https:\/\/naturamada.com\/es\/producto\/hojas-de-mango-12-g\/"]}]},{"@type":"ImageObject","inLanguage":"es","@id":"https:\/\/naturamada.com\/es\/producto\/hojas-de-mango-12-g\/#primaryimage","url":"https:\/\/naturamada.com\/wp-content\/uploads\/2026\/01\/Feuille-Mangue-Naturamada-Manguier-Madagascar-Mangifera-indica.png","contentUrl":"https:\/\/naturamada.com\/wp-content\/uploads\/2026\/01\/Feuille-Mangue-Naturamada-Manguier-Madagascar-Mangifera-indica.png","width":1000,"height":1000},{"@type":"BreadcrumbList","@id":"https:\/\/naturamada.com\/es\/producto\/hojas-de-mango-12-g\/#breadcrumb","itemListElement":[{"@type":"ListItem","position":1,"name":"Inicio","item":"https:\/\/naturamada.com\/es\/"},{"@type":"ListItem","position":2,"name":"Tienda","item":"https:\/\/naturamada.com\/es\/tienda\/"},{"@type":"ListItem","position":3,"name":"Hojas de mango"}]},{"@type":"WebSite","@id":"https:\/\/naturamada.com\/es\/#website","url":"https:\/\/naturamada.com\/es\/","name":"Naturamada","description":"Epices, Superaliments et Pierres pour le bien-\u00eatre et la cuisine","publisher":{"@id":"https:\/\/naturamada.com\/es\/#organization"},"potentialAction":[{"@type":"SearchAction","target":{"@type":"EntryPoint","urlTemplate":"https:\/\/naturamada.com\/es\/?s={search_term_string}"},"query-input":{"@type":"PropertyValueSpecification","valueRequired":true,"valueName":"search_term_string"}}],"inLanguage":"es"},{"@type":"Organization","@id":"https:\/\/naturamada.com\/es\/#organization","name":"Naturamada","url":"https:\/\/naturamada.com\/es\/","logo":{"@type":"ImageObject","inLanguage":"es","@id":"https:\/\/naturamada.com\/es\/#\/schema\/logo\/image\/","url":"https:\/\/naturamada.com\/wp-content\/uploads\/2025\/07\/cropped-Naturamada-10.png","contentUrl":"https:\/\/naturamada.com\/wp-content\/uploads\/2025\/07\/cropped-Naturamada-10.png","width":1366,"height":455,"caption":"Naturamada"},"image":{"@id":"https:\/\/naturamada.com\/es\/#\/schema\/logo\/image\/"},"sameAs":["https:\/\/www.facebook.com\/Naturamada.shop\/","https:\/\/www.instagram.com\/naturamada.officiel\/"]}]}},"_links":{"self":[{"href":"https:\/\/naturamada.com\/es\/wp-json\/wp\/v2\/product\/4748","targetHints":{"allow":["GET"]}}],"collection":[{"href":"https:\/\/naturamada.com\/es\/wp-json\/wp\/v2\/product"}],"about":[{"href":"https:\/\/naturamada.com\/es\/wp-json\/wp\/v2\/types\/product"}],"wp:featuredmedia":[{"embeddable":true,"href":"https:\/\/naturamada.com\/es\/wp-json\/wp\/v2\/media\/8366"}],"wp:attachment":[{"href":"https:\/\/naturamada.com\/es\/wp-json\/wp\/v2\/media?parent=4748"}],"wp:term":[{"taxonomy":"product_brand","embeddable":true,"href":"https:\/\/naturamada.com\/es\/wp-json\/wp\/v2\/product_brand?post=4748"},{"taxonomy":"product_cat","embeddable":true,"href":"https:\/\/naturamada.com\/es\/wp-json\/wp\/v2\/product_cat?post=4748"},{"taxonomy":"product_tag","embeddable":true,"href":"https:\/\/naturamada.com\/es\/wp-json\/wp\/v2\/product_tag?post=4748"}],"curies":[{"name":"wp","href":"https:\/\/api.w.org\/{rel}","templated":true}]}}