{"id":4295,"date":"2025-11-18T19:30:56","date_gmt":"2025-11-18T19:30:56","guid":{"rendered":"https:\/\/naturamada.com\/produit\/cacao-en-grano-crudo-50-g\/"},"modified":"2026-03-17T19:27:53","modified_gmt":"2026-03-17T19:27:53","slug":"cacao-en-grano-crudo-50-g","status":"publish","type":"product","link":"https:\/\/naturamada.com\/es\/producto\/cacao-en-grano-crudo-50-g\/","title":{"rendered":"Cacao en grano crudo &#8211; 50 g"},"content":{"rendered":"<p data-start=\"314\" data-end=\"658\">Nuestras habas de cacao proceden del <strong data-start=\"372\" data-end=\"394\">norte de Madagascar<\/strong>, donde los \u00e1rboles de cacao crecen a la sombra de una vegetaci\u00f3n densa y f\u00e9rtil. Recolectadas <strong data-start=\"477\" data-end=\"490\">a mano<\/strong> y <strong data-start=\"497\" data-end=\"532\">secadas de forma natural<\/strong>, estas habas <strong>sin tostar<\/strong> conservan toda la fuerza arom\u00e1tica y la riqueza nutritiva del cacao en su estado original.<\/p>\n<h3 data-start=\"660\" data-end=\"693\"><strong data-start=\"664\" data-end=\"691\">Un sabor rico y vivo<\/strong><\/h3>\n<p data-start=\"694\" data-end=\"773\">Morder un grano de cacao crudo es descubrir un profundo perfil arom\u00e1tico:<\/p>\n<ul data-start=\"774\" data-end=\"930\">\n<li data-start=\"774\" data-end=\"814\">\n<p data-start=\"776\" data-end=\"814\">aut\u00e9ntica <strong data-start=\"780\" data-end=\"799\">intensidad de cacao<\/strong>,<\/p>\n<\/li>\n<li data-start=\"815\" data-end=\"878\">\n<p data-start=\"817\" data-end=\"878\">una <strong data-start=\"821\" data-end=\"844\">ligera nota afrutada<\/strong> t\u00edpica de los terru\u00f1os malgaches,<\/p>\n<\/li>\n<li data-start=\"879\" data-end=\"930\">\n<p data-start=\"881\" data-end=\"930\">Un <strong data-start=\"885\" data-end=\"911\">amargor fino y noble<\/strong> que nunca es agresivo.<\/p>\n<\/li>\n<\/ul>\n<p data-start=\"932\" data-end=\"973\">Un superalimento crudo, sencillo y potente.<\/p>\n<h3 data-start=\"975\" data-end=\"1007\"><strong data-start=\"979\" data-end=\"1005\">\u00bfC\u00f3mo los utilizas?<\/strong><\/h3>\n<p data-start=\"1008\" data-end=\"1093\">Los granos de cacao pueden integrarse f\u00e1cilmente en una rutina de bienestar o gourmet:<\/p>\n<ul data-start=\"1094\" data-end=\"1362\">\n<li data-start=\"1094\" data-end=\"1142\">\n<p data-start=\"1096\" data-end=\"1142\">para un tentempi\u00e9 energ\u00e9tico,<\/p>\n<\/li>\n<li data-start=\"1143\" data-end=\"1221\">\n<p data-start=\"1145\" data-end=\"1221\">para triturar <strong data-start=\"1165\" data-end=\"1179\">boller\u00eda<\/strong>, galletas, brownies o pan casero,<\/p>\n<\/li>\n<li data-start=\"1222\" data-end=\"1281\">\n<p data-start=\"1224\" data-end=\"1281\">en una <strong data-start=\"1243\" data-end=\"1254\">granola<\/strong>, batido o bol,<\/p>\n<\/li>\n<li data-start=\"1282\" data-end=\"1362\">\n<p data-start=\"1284\" data-end=\"1362\"><strong data-start=\"1292\" data-end=\"1303\">Infusiona<\/strong> suavemente para obtener una arom\u00e1tica bebida caliente con cacao puro.<\/p>\n<\/li>\n<\/ul>\n<h3 data-start=\"1364\" data-end=\"1397\"><strong data-start=\"1368\" data-end=\"1395\">Un producto 100% natural<\/strong><\/h3>\n<p data-start=\"1398\" data-end=\"1572\">Sin aditivos, sin procesar, sin tostar.<br data-start=\"1451\" data-end=\"1454\">S\u00f3lo cacao tal cual, <strong data-start=\"1484\" data-end=\"1511\">natural<\/strong>, como se ha consumido durante generaciones en Madagascar.<\/p>\n<h3 data-start=\"1574\" data-end=\"1599\"><strong data-start=\"1578\" data-end=\"1597\">Envases<\/strong><\/h3>\n<p data-start=\"1600\" data-end=\"1705\">Bolsita de <strong data-start=\"1610\" data-end=\"1618\">50 g<\/strong>, cuidadosamente envasada en Francia para preservar la frescura y la integridad de los granos.<\/p>\n","protected":false},"excerpt":{"rendered":"<p>Nuestras habas de cacao proceden del norte de Madagascar, donde los \u00e1rboles de cacao crecen a la sombra de una [&hellip;]<\/p>\n","protected":false},"featured_media":4289,"template":"","meta":{"site-sidebar-layout":"default","site-content-layout":"","ast-site-content-layout":"default","site-content-style":"default","site-sidebar-style":"default","ast-global-header-display":"","ast-banner-title-visibility":"","ast-main-header-display":"","ast-hfb-above-header-display":"","ast-hfb-below-header-display":"","ast-hfb-mobile-header-display":"","site-post-title":"","ast-breadcrumbs-content":"","ast-featured-img":"","footer-sml-layout":"","ast-disable-related-posts":"","theme-transparent-header-meta":"default","adv-header-id-meta":"","stick-header-meta":"","header-above-stick-meta":"","header-main-stick-meta":"","header-below-stick-meta":"","astra-migrate-meta-layouts":"default","ast-page-background-enabled":"default","ast-page-background-meta":{"desktop":{"background-color":"var(--ast-global-color-5)","background-image":"","background-repeat":"repeat","background-position":"center center","background-size":"auto","background-attachment":"scroll","background-type":"","background-media":"","overlay-type":"","overlay-color":"","overlay-opacity":"","overlay-gradient":""},"tablet":{"background-color":"","background-image":"","background-repeat":"repeat","background-position":"center center","background-size":"auto","background-attachment":"scroll","background-type":"","background-media":"","overlay-type":"","overlay-color":"","overlay-opacity":"","overlay-gradient":""},"mobile":{"background-color":"","background-image":"","background-repeat":"repeat","background-position":"center center","background-size":"auto","background-attachment":"scroll","background-type":"","background-media":"","overlay-type":"","overlay-color":"","overlay-opacity":"","overlay-gradient":""}},"ast-content-background-meta":{"desktop":{"background-color":"var(--ast-global-color-4)","background-image":"","background-repeat":"repeat","background-position":"center center","background-size":"auto","background-attachment":"scroll","background-type":"","background-media":"","overlay-type":"","overlay-color":"","overlay-opacity":"","overlay-gradient":""},"tablet":{"background-color":"var(--ast-global-color-4)","background-image":"","background-repeat":"repeat","background-position":"center center","background-size":"auto","background-attachment":"scroll","background-type":"","background-media":"","overlay-type":"","overlay-color":"","overlay-opacity":"","overlay-gradient":""},"mobile":{"background-color":"var(--ast-global-color-4)","background-image":"","background-repeat":"repeat","background-position":"center center","background-size":"auto","background-attachment":"scroll","background-type":"","background-media":"","overlay-type":"","overlay-color":"","overlay-opacity":"","overlay-gradient":""}}},"product_brand":[],"product_cat":[2710,1649,2685],"product_tag":[],"class_list":{"0":"post-4295","1":"product","2":"type-product","3":"status-publish","4":"has-post-thumbnail","6":"product_cat-especias","7":"product_cat-especias-superalimentos","8":"product_cat-superalimentos","9":"pa_origine-madagascar-es","10":"pa_taille-50-g-es","11":"pa_taille-75-g","12":"desktop-align-left","13":"tablet-align-left","14":"mobile-align-left","16":"first","17":"instock","18":"taxable","19":"shipping-taxable","20":"purchasable","21":"product-type-variable","22":"has-default-attributes"},"yoast_head":"<!-- This site is optimized with the Yoast SEO plugin v27.2 - https:\/\/yoast.com\/product\/yoast-seo-wordpress\/ -->\n<title>Cacao en grano crudo - 50 g - Naturamada<\/title>\n<meta name=\"description\" content=\"Granos de cacao crudo de Madagascar. Sin tostar, 100% naturales, ricas en sabor y nutrientes. Ideales como tentempi\u00e9, infusi\u00f3n o reposter\u00eda.\" \/>\n<meta name=\"robots\" content=\"index, follow, max-snippet:-1, max-image-preview:large, max-video-preview:-1\" \/>\n<link rel=\"canonical\" href=\"https:\/\/naturamada.com\/es\/producto\/cacao-en-grano-crudo-50-g\/\" \/>\n<meta property=\"og:locale\" content=\"es_ES\" \/>\n<meta property=\"og:type\" content=\"article\" \/>\n<meta property=\"og:title\" content=\"Cacao en grano crudo - 50 g - Naturamada\" \/>\n<meta property=\"og:description\" content=\"Granos de cacao crudo de Madagascar. Sin tostar, 100% naturales, ricas en sabor y nutrientes. Ideales como tentempi\u00e9, infusi\u00f3n o reposter\u00eda.\" \/>\n<meta property=\"og:url\" content=\"https:\/\/naturamada.com\/es\/producto\/cacao-en-grano-crudo-50-g\/\" \/>\n<meta property=\"og:site_name\" content=\"Naturamada\" \/>\n<meta property=\"article:publisher\" content=\"https:\/\/www.facebook.com\/Naturamada.shop\/\" \/>\n<meta property=\"article:modified_time\" content=\"2026-03-17T19:27:53+00:00\" \/>\n<meta property=\"og:image\" content=\"https:\/\/naturamada.com\/wp-content\/uploads\/2025\/11\/Feve-de-cacao-brut-non-torrefie-cru-naturamada.jpg\" \/>\n\t<meta property=\"og:image:width\" content=\"2000\" \/>\n\t<meta property=\"og:image:height\" content=\"2000\" \/>\n\t<meta property=\"og:image:type\" content=\"image\/jpeg\" \/>\n<script type=\"application\/ld+json\" class=\"yoast-schema-graph\">{\"@context\":\"https:\/\/schema.org\",\"@graph\":[{\"@type\":\"WebPage\",\"@id\":\"https:\/\/naturamada.com\/es\/producto\/cacao-en-grano-crudo-50-g\/\",\"url\":\"https:\/\/naturamada.com\/es\/producto\/cacao-en-grano-crudo-50-g\/\",\"name\":\"Cacao en grano crudo - 50 g - Naturamada\",\"isPartOf\":{\"@id\":\"https:\/\/naturamada.com\/es\/#website\"},\"primaryImageOfPage\":{\"@id\":\"https:\/\/naturamada.com\/es\/producto\/cacao-en-grano-crudo-50-g\/#primaryimage\"},\"image\":{\"@id\":\"https:\/\/naturamada.com\/es\/producto\/cacao-en-grano-crudo-50-g\/#primaryimage\"},\"thumbnailUrl\":\"https:\/\/naturamada.com\/wp-content\/uploads\/2025\/11\/Feve-de-cacao-brut-non-torrefie-cru-naturamada.jpg\",\"datePublished\":\"2025-11-18T19:30:56+00:00\",\"dateModified\":\"2026-03-17T19:27:53+00:00\",\"description\":\"Granos de cacao crudo de Madagascar. Sin tostar, 100% naturales, ricas en sabor y nutrientes. Ideales como tentempi\u00e9, infusi\u00f3n o reposter\u00eda.\",\"breadcrumb\":{\"@id\":\"https:\/\/naturamada.com\/es\/producto\/cacao-en-grano-crudo-50-g\/#breadcrumb\"},\"inLanguage\":\"es\",\"potentialAction\":[{\"@type\":\"ReadAction\",\"target\":[\"https:\/\/naturamada.com\/es\/producto\/cacao-en-grano-crudo-50-g\/\"]}]},{\"@type\":\"ImageObject\",\"inLanguage\":\"es\",\"@id\":\"https:\/\/naturamada.com\/es\/producto\/cacao-en-grano-crudo-50-g\/#primaryimage\",\"url\":\"https:\/\/naturamada.com\/wp-content\/uploads\/2025\/11\/Feve-de-cacao-brut-non-torrefie-cru-naturamada.jpg\",\"contentUrl\":\"https:\/\/naturamada.com\/wp-content\/uploads\/2025\/11\/Feve-de-cacao-brut-non-torrefie-cru-naturamada.jpg\",\"width\":2000,\"height\":2000},{\"@type\":\"BreadcrumbList\",\"@id\":\"https:\/\/naturamada.com\/es\/producto\/cacao-en-grano-crudo-50-g\/#breadcrumb\",\"itemListElement\":[{\"@type\":\"ListItem\",\"position\":1,\"name\":\"Inicio\",\"item\":\"https:\/\/naturamada.com\/es\/\"},{\"@type\":\"ListItem\",\"position\":2,\"name\":\"Tienda\",\"item\":\"https:\/\/naturamada.com\/es\/tienda\/\"},{\"@type\":\"ListItem\",\"position\":3,\"name\":\"Cacao en grano crudo &#8211; 50 g\"}]},{\"@type\":\"WebSite\",\"@id\":\"https:\/\/naturamada.com\/es\/#website\",\"url\":\"https:\/\/naturamada.com\/es\/\",\"name\":\"Naturamada\",\"description\":\"Epices, Superaliments et Pierres pour le bien-\u00eatre et la cuisine\",\"publisher\":{\"@id\":\"https:\/\/naturamada.com\/es\/#organization\"},\"potentialAction\":[{\"@type\":\"SearchAction\",\"target\":{\"@type\":\"EntryPoint\",\"urlTemplate\":\"https:\/\/naturamada.com\/es\/?s={search_term_string}\"},\"query-input\":{\"@type\":\"PropertyValueSpecification\",\"valueRequired\":true,\"valueName\":\"search_term_string\"}}],\"inLanguage\":\"es\"},{\"@type\":\"Organization\",\"@id\":\"https:\/\/naturamada.com\/es\/#organization\",\"name\":\"Naturamada\",\"url\":\"https:\/\/naturamada.com\/es\/\",\"logo\":{\"@type\":\"ImageObject\",\"inLanguage\":\"es\",\"@id\":\"https:\/\/naturamada.com\/es\/#\/schema\/logo\/image\/\",\"url\":\"https:\/\/naturamada.com\/wp-content\/uploads\/2025\/07\/cropped-Naturamada-10.png\",\"contentUrl\":\"https:\/\/naturamada.com\/wp-content\/uploads\/2025\/07\/cropped-Naturamada-10.png\",\"width\":1366,\"height\":455,\"caption\":\"Naturamada\"},\"image\":{\"@id\":\"https:\/\/naturamada.com\/es\/#\/schema\/logo\/image\/\"},\"sameAs\":[\"https:\/\/www.facebook.com\/Naturamada.shop\/\",\"https:\/\/www.instagram.com\/naturamada.officiel\/\"]}]}<\/script>\n<!-- \/ Yoast SEO plugin. -->","yoast_head_json":{"title":"Cacao en grano crudo - 50 g - Naturamada","description":"Granos de cacao crudo de Madagascar. Sin tostar, 100% naturales, ricas en sabor y nutrientes. Ideales como tentempi\u00e9, infusi\u00f3n o reposter\u00eda.","robots":{"index":"index","follow":"follow","max-snippet":"max-snippet:-1","max-image-preview":"max-image-preview:large","max-video-preview":"max-video-preview:-1"},"canonical":"https:\/\/naturamada.com\/es\/producto\/cacao-en-grano-crudo-50-g\/","og_locale":"es_ES","og_type":"article","og_title":"Cacao en grano crudo - 50 g - Naturamada","og_description":"Granos de cacao crudo de Madagascar. Sin tostar, 100% naturales, ricas en sabor y nutrientes. Ideales como tentempi\u00e9, infusi\u00f3n o reposter\u00eda.","og_url":"https:\/\/naturamada.com\/es\/producto\/cacao-en-grano-crudo-50-g\/","og_site_name":"Naturamada","article_publisher":"https:\/\/www.facebook.com\/Naturamada.shop\/","article_modified_time":"2026-03-17T19:27:53+00:00","og_image":[{"width":2000,"height":2000,"url":"https:\/\/naturamada.com\/wp-content\/uploads\/2025\/11\/Feve-de-cacao-brut-non-torrefie-cru-naturamada.jpg","type":"image\/jpeg"}],"schema":{"@context":"https:\/\/schema.org","@graph":[{"@type":"WebPage","@id":"https:\/\/naturamada.com\/es\/producto\/cacao-en-grano-crudo-50-g\/","url":"https:\/\/naturamada.com\/es\/producto\/cacao-en-grano-crudo-50-g\/","name":"Cacao en grano crudo - 50 g - Naturamada","isPartOf":{"@id":"https:\/\/naturamada.com\/es\/#website"},"primaryImageOfPage":{"@id":"https:\/\/naturamada.com\/es\/producto\/cacao-en-grano-crudo-50-g\/#primaryimage"},"image":{"@id":"https:\/\/naturamada.com\/es\/producto\/cacao-en-grano-crudo-50-g\/#primaryimage"},"thumbnailUrl":"https:\/\/naturamada.com\/wp-content\/uploads\/2025\/11\/Feve-de-cacao-brut-non-torrefie-cru-naturamada.jpg","datePublished":"2025-11-18T19:30:56+00:00","dateModified":"2026-03-17T19:27:53+00:00","description":"Granos de cacao crudo de Madagascar. Sin tostar, 100% naturales, ricas en sabor y nutrientes. Ideales como tentempi\u00e9, infusi\u00f3n o reposter\u00eda.","breadcrumb":{"@id":"https:\/\/naturamada.com\/es\/producto\/cacao-en-grano-crudo-50-g\/#breadcrumb"},"inLanguage":"es","potentialAction":[{"@type":"ReadAction","target":["https:\/\/naturamada.com\/es\/producto\/cacao-en-grano-crudo-50-g\/"]}]},{"@type":"ImageObject","inLanguage":"es","@id":"https:\/\/naturamada.com\/es\/producto\/cacao-en-grano-crudo-50-g\/#primaryimage","url":"https:\/\/naturamada.com\/wp-content\/uploads\/2025\/11\/Feve-de-cacao-brut-non-torrefie-cru-naturamada.jpg","contentUrl":"https:\/\/naturamada.com\/wp-content\/uploads\/2025\/11\/Feve-de-cacao-brut-non-torrefie-cru-naturamada.jpg","width":2000,"height":2000},{"@type":"BreadcrumbList","@id":"https:\/\/naturamada.com\/es\/producto\/cacao-en-grano-crudo-50-g\/#breadcrumb","itemListElement":[{"@type":"ListItem","position":1,"name":"Inicio","item":"https:\/\/naturamada.com\/es\/"},{"@type":"ListItem","position":2,"name":"Tienda","item":"https:\/\/naturamada.com\/es\/tienda\/"},{"@type":"ListItem","position":3,"name":"Cacao en grano crudo &#8211; 50 g"}]},{"@type":"WebSite","@id":"https:\/\/naturamada.com\/es\/#website","url":"https:\/\/naturamada.com\/es\/","name":"Naturamada","description":"Epices, Superaliments et Pierres pour le bien-\u00eatre et la cuisine","publisher":{"@id":"https:\/\/naturamada.com\/es\/#organization"},"potentialAction":[{"@type":"SearchAction","target":{"@type":"EntryPoint","urlTemplate":"https:\/\/naturamada.com\/es\/?s={search_term_string}"},"query-input":{"@type":"PropertyValueSpecification","valueRequired":true,"valueName":"search_term_string"}}],"inLanguage":"es"},{"@type":"Organization","@id":"https:\/\/naturamada.com\/es\/#organization","name":"Naturamada","url":"https:\/\/naturamada.com\/es\/","logo":{"@type":"ImageObject","inLanguage":"es","@id":"https:\/\/naturamada.com\/es\/#\/schema\/logo\/image\/","url":"https:\/\/naturamada.com\/wp-content\/uploads\/2025\/07\/cropped-Naturamada-10.png","contentUrl":"https:\/\/naturamada.com\/wp-content\/uploads\/2025\/07\/cropped-Naturamada-10.png","width":1366,"height":455,"caption":"Naturamada"},"image":{"@id":"https:\/\/naturamada.com\/es\/#\/schema\/logo\/image\/"},"sameAs":["https:\/\/www.facebook.com\/Naturamada.shop\/","https:\/\/www.instagram.com\/naturamada.officiel\/"]}]}},"_links":{"self":[{"href":"https:\/\/naturamada.com\/es\/wp-json\/wp\/v2\/product\/4295","targetHints":{"allow":["GET"]}}],"collection":[{"href":"https:\/\/naturamada.com\/es\/wp-json\/wp\/v2\/product"}],"about":[{"href":"https:\/\/naturamada.com\/es\/wp-json\/wp\/v2\/types\/product"}],"wp:featuredmedia":[{"embeddable":true,"href":"https:\/\/naturamada.com\/es\/wp-json\/wp\/v2\/media\/4289"}],"wp:attachment":[{"href":"https:\/\/naturamada.com\/es\/wp-json\/wp\/v2\/media?parent=4295"}],"wp:term":[{"taxonomy":"product_brand","embeddable":true,"href":"https:\/\/naturamada.com\/es\/wp-json\/wp\/v2\/product_brand?post=4295"},{"taxonomy":"product_cat","embeddable":true,"href":"https:\/\/naturamada.com\/es\/wp-json\/wp\/v2\/product_cat?post=4295"},{"taxonomy":"product_tag","embeddable":true,"href":"https:\/\/naturamada.com\/es\/wp-json\/wp\/v2\/product_tag?post=4295"}],"curies":[{"name":"wp","href":"https:\/\/api.w.org\/{rel}","templated":true}]}}