{"id":2341,"date":"2025-07-05T12:45:21","date_gmt":"2025-07-05T12:45:21","guid":{"rendered":"https:\/\/naturamada.com\/produit\/clavo-de-olor-50-g\/"},"modified":"2026-03-17T19:27:05","modified_gmt":"2026-03-17T19:27:05","slug":"clavo-de-olor-50-g","status":"publish","type":"product","link":"https:\/\/naturamada.com\/es\/producto\/clavo-de-olor-50-g\/","title":{"rendered":"Clavo"},"content":{"rendered":"<h1 data-start=\"245\" data-end=\"300\"><strong data-start=\"245\" data-end=\"298\">Naturamada Clavo &#8211; Syzygium aromaticum<\/strong><\/h1>\n<p data-start=\"302\" data-end=\"724\">El clavo de olor es un \u00e1rbol tropical originario de las islas Molucas, ahora ampliamente cultivado en Madagascar, famoso por la excepcional calidad de sus especias. Estos botones florales se recolectan a mano en la <strong>regi\u00f3n oriental de Madagascar<\/strong> (Toamasina y Sambava) y se <strong>secan de forma natural<\/strong> para convertirlos en <strong>clavo<\/strong>. Esta especia se distingue por su <strong>fragancia c\u00e1lida<\/strong>, <strong>picante<\/strong> y <strong>ligeramente dulce<\/strong>, ideal para aromatizar platos y bebidas, as\u00ed como para <strong>los rituales de bienestar<\/strong> contempor\u00e1neos.  <\/p>\n<h2 data-start=\"726\" data-end=\"1244\">\u00bfPor qu\u00e9 elegir clavo?<\/h2>\n<p data-start=\"726\" data-end=\"1244\">Utilizadas enteras, forman parte de un retorno a las <strong>especias crudas<\/strong> y a <strong>las recetas aut\u00e9nticas<\/strong>. Su intensa fragancia transforma instant\u00e1neamente un plato, una bebida o una preparaci\u00f3n dulce, al tiempo que a\u00f1ade un <strong>toque c\u00e1lido<\/strong>. <\/p>\n<h2 data-start=\"1246\" data-end=\"1289\">C\u00f3mo utilizar el clavo<\/h2>\n<ul data-start=\"1290\" data-end=\"1779\">\n<li data-start=\"1290\" data-end=\"1402\">\n<p data-start=\"1292\" data-end=\"1402\"><strong data-start=\"1292\" data-end=\"1312\">Para platos salados<\/strong>: curry, estofados, salsas caseras, dal, sopas, adobos para tofu, tempeh o carne.<\/p>\n<\/li>\n<li data-start=\"1403\" data-end=\"1516\">\n<p data-start=\"1405\" data-end=\"1516\"><strong data-start=\"1405\" data-end=\"1426\">Para platos dulces<\/strong>: compotas, crumbles, granola, pan de especias, postres reconfortantes, panes de pl\u00e1tano.<\/p>\n<\/li>\n<li data-start=\"1517\" data-end=\"1639\">\n<p data-start=\"1519\" data-end=\"1639\"><strong data-start=\"1850\" data-end=\"1868\">Cocina de fusi\u00f3n<\/strong>: caldos caseros de ramen o pho, woks, salsas caseras.<\/p>\n<\/li>\n<li data-start=\"1640\" data-end=\"1779\">\n<p data-start=\"1642\" data-end=\"1779\"><strong data-start=\"1642\" data-end=\"1660\">Bricolaje y ambientaci\u00f3n<\/strong>: naranjas pinchadas, potpourris, bolsitas perfumadas para armarios y cajones, macerados oleosos para perfumar aceites de masaje.<\/p>\n<\/li>\n<\/ul>\n<h2>Infusi\u00f3n y bebida de clavo<\/h2>\n<p data-start=\"1930\" data-end=\"2082\">Adem\u00e1s de en la cocina, el clavo se utiliza tradicionalmente en infusiones y decocciones. El clavo es muy popular en<strong> las infusiones de invierno<\/strong>, el <strong>chai latte<\/strong>, el <strong>vino caliente<\/strong> y <strong>la sidra caliente<\/strong>, ya que a\u00f1ade una fragancia c\u00e1lida y reconfortante. M\u00e1s recientemente,<strong>el agua de clavo<\/strong> se ha convertido en una <strong>bebida casera de moda<\/strong>: infusiones nocturnas, embotelladas con lim\u00f3n o <a href=\"https:\/\/naturamada.com\/produit\/poudre-de-gingembre-50-g\/\"><em>jengibre<\/em><\/a><strong>c\u00f3cteles<\/strong> sin alcohol y <strong>rituales de bienestar<\/strong>.  <\/p>\n<h2 data-start=\"1781\" data-end=\"2056\">Informaci\u00f3n sobre el producto<\/h2>\n<p data-start=\"1781\" data-end=\"2056\"><strong>Nombre bot\u00e1nico:<\/strong> Syzygium aromaticum<br data-start=\"1843\" data-end=\"1846\"><strong>Origen:<\/strong> regi\u00f3n oriental de Madagascar, regi\u00f3n del este<br data-start=\"1885\" data-end=\"1888\"><strong>Forma:<\/strong> u\u00f1as enteras, secadas de forma natural<br data-start=\"2004\" data-end=\"2007\">Envasado en Francia<\/p>\n<h2 data-start=\"3199\" data-end=\"3227\">FAQ &#8211; Clavo<\/h2>\n<p data-start=\"3229\" data-end=\"3515\"><strong data-start=\"3229\" data-end=\"3281\">\u00bfA qu\u00e9 sabe el clavo en infusi\u00f3n?<\/strong><br data-start=\"3281\" data-end=\"3284\">El clavo proporciona una infusi\u00f3n c\u00e1lida, ligeramente dulce y picante, con notas amaderadas y arom\u00e1ticas. Su potente fragancia combina bien con otras especias como la <a href=\"https:\/\/naturamada.com\/produit\/poudre-de-cannelle-50-g\/\"><em>canela<\/em><\/a><em>jengibre<\/em> o cardamomo. <\/p>\n<p data-start=\"3517\" data-end=\"3935\"><strong data-start=\"3517\" data-end=\"3572\">\u00bfC\u00f3mo se prepara una infusi\u00f3n de clavo?<\/strong><br data-start=\"3572\" data-end=\"3575\">Utiliza de 1 a 2 clavos por taza de agua caliente (250 ml). Vierte el agua hirviendo sobre los clavos y d\u00e9jalos en infusi\u00f3n de 5 a 7 minutos. <\/p>\n<p data-start=\"4199\" data-end=\"4416\"><strong data-start=\"4199\" data-end=\"4270\">\u00bfLos clavos son naturales y se recolectan a mano?<\/strong><br data-start=\"4270\" data-end=\"4273\">S\u00ed, los clavos son 100% naturales y se recolectan directamente de los productores locales de la <strong>Regi\u00f3n Oriental de Madagascar<\/strong> (Toamasina y Sambava), y luego se secan de forma natural para preservar su fragancia e intensidad arom\u00e1tica. <\/p>\n<p data-start=\"4418\" data-end=\"4687\"><strong data-start=\"4418\" data-end=\"4462\">\u00bfC\u00f3mo deben conservarse los clavos?<\/strong><br data-start=\"4462\" data-end=\"4465\">Gu\u00e1rdalas en un lugar seco, lejos de la luz y la humedad, idealmente en una bolsita herm\u00e9tica o un tarro cerrado.<\/p>\n","protected":false},"excerpt":{"rendered":"<p><strong data-start=\"136\" data-end=\"149\">Origen:<\/strong> Clavo recolectado a mano en Madagascar (regi\u00f3n oriental).<br data-start=\"199\" data-end=\"202\"><strong data-start=\"202\" data-end=\"219\">Composici\u00f3n:<\/strong> 100% natural &#8211; botones florales secados de forma natural.<br data-start=\"273\" data-end=\"276\"><strong data-start=\"276\" data-end=\"293\" data-is-only-node=\"\">Uso:<\/strong> Ideal para infusiones, tisanas, postres, reposter\u00eda, guisos, adobos y bebidas especiadas.<br data-start=\"399\" data-end=\"402\"><strong data-start=\"402\" data-end=\"413\">Aroma:<\/strong> Fragancia potente, c\u00e1lida y especiada, con notas amaderadas y ligeramente dulces.<\/p>\n","protected":false},"featured_media":3687,"template":"","meta":{"site-sidebar-layout":"default","site-content-layout":"","ast-site-content-layout":"default","site-content-style":"default","site-sidebar-style":"default","ast-global-header-display":"","ast-banner-title-visibility":"","ast-main-header-display":"","ast-hfb-above-header-display":"","ast-hfb-below-header-display":"","ast-hfb-mobile-header-display":"","site-post-title":"","ast-breadcrumbs-content":"","ast-featured-img":"","footer-sml-layout":"","ast-disable-related-posts":"","theme-transparent-header-meta":"default","adv-header-id-meta":"","stick-header-meta":"","header-above-stick-meta":"","header-main-stick-meta":"","header-below-stick-meta":"","astra-migrate-meta-layouts":"default","ast-page-background-enabled":"default","ast-page-background-meta":{"desktop":{"background-color":"var(--ast-global-color-5)","background-image":"","background-repeat":"repeat","background-position":"center center","background-size":"auto","background-attachment":"scroll","background-type":"","background-media":"","overlay-type":"","overlay-color":"","overlay-opacity":"","overlay-gradient":""},"tablet":{"background-color":"","background-image":"","background-repeat":"repeat","background-position":"center center","background-size":"auto","background-attachment":"scroll","background-type":"","background-media":"","overlay-type":"","overlay-color":"","overlay-opacity":"","overlay-gradient":""},"mobile":{"background-color":"","background-image":"","background-repeat":"repeat","background-position":"center center","background-size":"auto","background-attachment":"scroll","background-type":"","background-media":"","overlay-type":"","overlay-color":"","overlay-opacity":"","overlay-gradient":""}},"ast-content-background-meta":{"desktop":{"background-color":"var(--ast-global-color-4)","background-image":"","background-repeat":"repeat","background-position":"center center","background-size":"auto","background-attachment":"scroll","background-type":"","background-media":"","overlay-type":"","overlay-color":"","overlay-opacity":"","overlay-gradient":""},"tablet":{"background-color":"var(--ast-global-color-4)","background-image":"","background-repeat":"repeat","background-position":"center center","background-size":"auto","background-attachment":"scroll","background-type":"","background-media":"","overlay-type":"","overlay-color":"","overlay-opacity":"","overlay-gradient":""},"mobile":{"background-color":"var(--ast-global-color-4)","background-image":"","background-repeat":"repeat","background-position":"center center","background-size":"auto","background-attachment":"scroll","background-type":"","background-media":"","overlay-type":"","overlay-color":"","overlay-opacity":"","overlay-gradient":""}}},"product_brand":[],"product_cat":[2710,1649,2685],"product_tag":[],"class_list":{"0":"post-2341","1":"product","2":"type-product","3":"status-publish","4":"has-post-thumbnail","6":"product_cat-especias","7":"product_cat-especias-superalimentos","8":"product_cat-superalimentos","9":"pa_origine-madagascar-es","10":"pa_taille-25-g-es","11":"pa_taille-50-g-es","12":"pa_taille-75-g","13":"pa_type-produit-granos","14":"pa_usage-bienestar","15":"pa_usage-cocina","16":"pa_usage-infusion-es","17":"desktop-align-left","18":"tablet-align-left","19":"mobile-align-left","21":"first","22":"instock","23":"taxable","24":"shipping-taxable","25":"purchasable","26":"product-type-variable","27":"has-default-attributes"},"yoast_head":"<!-- This site is optimized with the Yoast SEO plugin v27.2 - https:\/\/yoast.com\/product\/yoast-seo-wordpress\/ -->\n<title>Clavo 50g - Especia potente y arom\u00e1tica | Naturamada<\/title>\n<meta name=\"description\" content=\"Clavos enteros, recolectados a mano en Madagascar. Sabor intenso y aroma c\u00e1lido, perfecto para infusiones para el bienestar y la cocina - Naturamada.\" \/>\n<meta name=\"robots\" content=\"index, follow, max-snippet:-1, max-image-preview:large, max-video-preview:-1\" \/>\n<link rel=\"canonical\" href=\"https:\/\/naturamada.com\/es\/producto\/clavo-de-olor-50-g\/\" \/>\n<meta property=\"og:locale\" content=\"es_ES\" \/>\n<meta property=\"og:type\" content=\"article\" \/>\n<meta property=\"og:title\" content=\"Clavo 50g - Especia potente y arom\u00e1tica | Naturamada\" \/>\n<meta property=\"og:description\" content=\"Clavos enteros, recolectados a mano en Madagascar. Sabor intenso y aroma c\u00e1lido, perfecto para infusiones para el bienestar y la cocina - Naturamada.\" \/>\n<meta property=\"og:url\" content=\"https:\/\/naturamada.com\/es\/producto\/clavo-de-olor-50-g\/\" \/>\n<meta property=\"og:site_name\" content=\"Naturamada\" \/>\n<meta property=\"article:publisher\" content=\"https:\/\/www.facebook.com\/Naturamada.shop\/\" \/>\n<meta property=\"article:modified_time\" content=\"2026-03-17T19:27:05+00:00\" \/>\n<meta property=\"og:image\" content=\"https:\/\/naturamada.com\/wp-content\/uploads\/2025\/07\/clou-de-girofle-50g-naturamada-2.webp\" \/>\n\t<meta property=\"og:image:width\" content=\"2000\" \/>\n\t<meta property=\"og:image:height\" content=\"2000\" \/>\n\t<meta property=\"og:image:type\" content=\"image\/webp\" \/>\n<script type=\"application\/ld+json\" class=\"yoast-schema-graph\">{\"@context\":\"https:\/\/schema.org\",\"@graph\":[{\"@type\":\"WebPage\",\"@id\":\"https:\/\/naturamada.com\/es\/producto\/clavo-de-olor-50-g\/\",\"url\":\"https:\/\/naturamada.com\/es\/producto\/clavo-de-olor-50-g\/\",\"name\":\"Clavo 50g - Especia potente y arom\u00e1tica | Naturamada\",\"isPartOf\":{\"@id\":\"https:\/\/naturamada.com\/es\/#website\"},\"primaryImageOfPage\":{\"@id\":\"https:\/\/naturamada.com\/es\/producto\/clavo-de-olor-50-g\/#primaryimage\"},\"image\":{\"@id\":\"https:\/\/naturamada.com\/es\/producto\/clavo-de-olor-50-g\/#primaryimage\"},\"thumbnailUrl\":\"https:\/\/naturamada.com\/wp-content\/uploads\/2025\/07\/clou-de-girofle-50g-naturamada-2.webp\",\"datePublished\":\"2025-07-05T12:45:21+00:00\",\"dateModified\":\"2026-03-17T19:27:05+00:00\",\"description\":\"Clavos enteros, recolectados a mano en Madagascar. Sabor intenso y aroma c\u00e1lido, perfecto para infusiones para el bienestar y la cocina - Naturamada.\",\"breadcrumb\":{\"@id\":\"https:\/\/naturamada.com\/es\/producto\/clavo-de-olor-50-g\/#breadcrumb\"},\"inLanguage\":\"es\",\"potentialAction\":[{\"@type\":\"ReadAction\",\"target\":[\"https:\/\/naturamada.com\/es\/producto\/clavo-de-olor-50-g\/\"]}]},{\"@type\":\"ImageObject\",\"inLanguage\":\"es\",\"@id\":\"https:\/\/naturamada.com\/es\/producto\/clavo-de-olor-50-g\/#primaryimage\",\"url\":\"https:\/\/naturamada.com\/wp-content\/uploads\/2025\/07\/clou-de-girofle-50g-naturamada-2.webp\",\"contentUrl\":\"https:\/\/naturamada.com\/wp-content\/uploads\/2025\/07\/clou-de-girofle-50g-naturamada-2.webp\",\"width\":2000,\"height\":2000,\"caption\":\"clavo de madagascar\"},{\"@type\":\"BreadcrumbList\",\"@id\":\"https:\/\/naturamada.com\/es\/producto\/clavo-de-olor-50-g\/#breadcrumb\",\"itemListElement\":[{\"@type\":\"ListItem\",\"position\":1,\"name\":\"Inicio\",\"item\":\"https:\/\/naturamada.com\/es\/\"},{\"@type\":\"ListItem\",\"position\":2,\"name\":\"Tienda\",\"item\":\"https:\/\/naturamada.com\/es\/tienda\/\"},{\"@type\":\"ListItem\",\"position\":3,\"name\":\"Clavo\"}]},{\"@type\":\"WebSite\",\"@id\":\"https:\/\/naturamada.com\/es\/#website\",\"url\":\"https:\/\/naturamada.com\/es\/\",\"name\":\"Naturamada\",\"description\":\"Epices, Superaliments et Pierres pour le bien-\u00eatre et la cuisine\",\"publisher\":{\"@id\":\"https:\/\/naturamada.com\/es\/#organization\"},\"potentialAction\":[{\"@type\":\"SearchAction\",\"target\":{\"@type\":\"EntryPoint\",\"urlTemplate\":\"https:\/\/naturamada.com\/es\/?s={search_term_string}\"},\"query-input\":{\"@type\":\"PropertyValueSpecification\",\"valueRequired\":true,\"valueName\":\"search_term_string\"}}],\"inLanguage\":\"es\"},{\"@type\":\"Organization\",\"@id\":\"https:\/\/naturamada.com\/es\/#organization\",\"name\":\"Naturamada\",\"url\":\"https:\/\/naturamada.com\/es\/\",\"logo\":{\"@type\":\"ImageObject\",\"inLanguage\":\"es\",\"@id\":\"https:\/\/naturamada.com\/es\/#\/schema\/logo\/image\/\",\"url\":\"https:\/\/naturamada.com\/wp-content\/uploads\/2025\/07\/cropped-Naturamada-10.png\",\"contentUrl\":\"https:\/\/naturamada.com\/wp-content\/uploads\/2025\/07\/cropped-Naturamada-10.png\",\"width\":1366,\"height\":455,\"caption\":\"Naturamada\"},\"image\":{\"@id\":\"https:\/\/naturamada.com\/es\/#\/schema\/logo\/image\/\"},\"sameAs\":[\"https:\/\/www.facebook.com\/Naturamada.shop\/\",\"https:\/\/www.instagram.com\/naturamada.officiel\/\"]}]}<\/script>\n<!-- \/ Yoast SEO plugin. -->","yoast_head_json":{"title":"Clavo 50g - Especia potente y arom\u00e1tica | Naturamada","description":"Clavos enteros, recolectados a mano en Madagascar. Sabor intenso y aroma c\u00e1lido, perfecto para infusiones para el bienestar y la cocina - Naturamada.","robots":{"index":"index","follow":"follow","max-snippet":"max-snippet:-1","max-image-preview":"max-image-preview:large","max-video-preview":"max-video-preview:-1"},"canonical":"https:\/\/naturamada.com\/es\/producto\/clavo-de-olor-50-g\/","og_locale":"es_ES","og_type":"article","og_title":"Clavo 50g - Especia potente y arom\u00e1tica | Naturamada","og_description":"Clavos enteros, recolectados a mano en Madagascar. Sabor intenso y aroma c\u00e1lido, perfecto para infusiones para el bienestar y la cocina - Naturamada.","og_url":"https:\/\/naturamada.com\/es\/producto\/clavo-de-olor-50-g\/","og_site_name":"Naturamada","article_publisher":"https:\/\/www.facebook.com\/Naturamada.shop\/","article_modified_time":"2026-03-17T19:27:05+00:00","og_image":[{"width":2000,"height":2000,"url":"https:\/\/naturamada.com\/wp-content\/uploads\/2025\/07\/clou-de-girofle-50g-naturamada-2.webp","type":"image\/webp"}],"schema":{"@context":"https:\/\/schema.org","@graph":[{"@type":"WebPage","@id":"https:\/\/naturamada.com\/es\/producto\/clavo-de-olor-50-g\/","url":"https:\/\/naturamada.com\/es\/producto\/clavo-de-olor-50-g\/","name":"Clavo 50g - Especia potente y arom\u00e1tica | Naturamada","isPartOf":{"@id":"https:\/\/naturamada.com\/es\/#website"},"primaryImageOfPage":{"@id":"https:\/\/naturamada.com\/es\/producto\/clavo-de-olor-50-g\/#primaryimage"},"image":{"@id":"https:\/\/naturamada.com\/es\/producto\/clavo-de-olor-50-g\/#primaryimage"},"thumbnailUrl":"https:\/\/naturamada.com\/wp-content\/uploads\/2025\/07\/clou-de-girofle-50g-naturamada-2.webp","datePublished":"2025-07-05T12:45:21+00:00","dateModified":"2026-03-17T19:27:05+00:00","description":"Clavos enteros, recolectados a mano en Madagascar. Sabor intenso y aroma c\u00e1lido, perfecto para infusiones para el bienestar y la cocina - Naturamada.","breadcrumb":{"@id":"https:\/\/naturamada.com\/es\/producto\/clavo-de-olor-50-g\/#breadcrumb"},"inLanguage":"es","potentialAction":[{"@type":"ReadAction","target":["https:\/\/naturamada.com\/es\/producto\/clavo-de-olor-50-g\/"]}]},{"@type":"ImageObject","inLanguage":"es","@id":"https:\/\/naturamada.com\/es\/producto\/clavo-de-olor-50-g\/#primaryimage","url":"https:\/\/naturamada.com\/wp-content\/uploads\/2025\/07\/clou-de-girofle-50g-naturamada-2.webp","contentUrl":"https:\/\/naturamada.com\/wp-content\/uploads\/2025\/07\/clou-de-girofle-50g-naturamada-2.webp","width":2000,"height":2000,"caption":"clavo de madagascar"},{"@type":"BreadcrumbList","@id":"https:\/\/naturamada.com\/es\/producto\/clavo-de-olor-50-g\/#breadcrumb","itemListElement":[{"@type":"ListItem","position":1,"name":"Inicio","item":"https:\/\/naturamada.com\/es\/"},{"@type":"ListItem","position":2,"name":"Tienda","item":"https:\/\/naturamada.com\/es\/tienda\/"},{"@type":"ListItem","position":3,"name":"Clavo"}]},{"@type":"WebSite","@id":"https:\/\/naturamada.com\/es\/#website","url":"https:\/\/naturamada.com\/es\/","name":"Naturamada","description":"Epices, Superaliments et Pierres pour le bien-\u00eatre et la cuisine","publisher":{"@id":"https:\/\/naturamada.com\/es\/#organization"},"potentialAction":[{"@type":"SearchAction","target":{"@type":"EntryPoint","urlTemplate":"https:\/\/naturamada.com\/es\/?s={search_term_string}"},"query-input":{"@type":"PropertyValueSpecification","valueRequired":true,"valueName":"search_term_string"}}],"inLanguage":"es"},{"@type":"Organization","@id":"https:\/\/naturamada.com\/es\/#organization","name":"Naturamada","url":"https:\/\/naturamada.com\/es\/","logo":{"@type":"ImageObject","inLanguage":"es","@id":"https:\/\/naturamada.com\/es\/#\/schema\/logo\/image\/","url":"https:\/\/naturamada.com\/wp-content\/uploads\/2025\/07\/cropped-Naturamada-10.png","contentUrl":"https:\/\/naturamada.com\/wp-content\/uploads\/2025\/07\/cropped-Naturamada-10.png","width":1366,"height":455,"caption":"Naturamada"},"image":{"@id":"https:\/\/naturamada.com\/es\/#\/schema\/logo\/image\/"},"sameAs":["https:\/\/www.facebook.com\/Naturamada.shop\/","https:\/\/www.instagram.com\/naturamada.officiel\/"]}]}},"_links":{"self":[{"href":"https:\/\/naturamada.com\/es\/wp-json\/wp\/v2\/product\/2341","targetHints":{"allow":["GET"]}}],"collection":[{"href":"https:\/\/naturamada.com\/es\/wp-json\/wp\/v2\/product"}],"about":[{"href":"https:\/\/naturamada.com\/es\/wp-json\/wp\/v2\/types\/product"}],"wp:featuredmedia":[{"embeddable":true,"href":"https:\/\/naturamada.com\/es\/wp-json\/wp\/v2\/media\/3687"}],"wp:attachment":[{"href":"https:\/\/naturamada.com\/es\/wp-json\/wp\/v2\/media?parent=2341"}],"wp:term":[{"taxonomy":"product_brand","embeddable":true,"href":"https:\/\/naturamada.com\/es\/wp-json\/wp\/v2\/product_brand?post=2341"},{"taxonomy":"product_cat","embeddable":true,"href":"https:\/\/naturamada.com\/es\/wp-json\/wp\/v2\/product_cat?post=2341"},{"taxonomy":"product_tag","embeddable":true,"href":"https:\/\/naturamada.com\/es\/wp-json\/wp\/v2\/product_tag?post=2341"}],"curies":[{"name":"wp","href":"https:\/\/api.w.org\/{rel}","templated":true}]}}