{"id":2302,"date":"2025-07-04T22:52:03","date_gmt":"2025-07-04T22:52:03","guid":{"rendered":"https:\/\/naturamada.com\/?post_type=product&#038;p=2302"},"modified":"2026-03-17T19:28:28","modified_gmt":"2026-03-17T19:28:28","slug":"hojas-de-guayaba-secas-20-g","status":"publish","type":"product","link":"https:\/\/naturamada.com\/es\/producto\/hojas-de-guayaba-secas-20-g\/","title":{"rendered":"Hojas de guayaba"},"content":{"rendered":"<h1 data-start=\"676\" data-end=\"916\">Guayaba hojas Naturamada &#8211; Psidium guajava<\/h1>\n<p>&nbsp;<\/p>\n<p data-start=\"676\" data-end=\"916\">La guayaba es un \u00e1rbol tropical emblem\u00e1tico. Pertenece a la familia de las mirt\u00e1ceas. Originario de Am\u00e9rica Central, luego se extendi\u00f3 a todas las <strong>regiones tropicales del mundo<\/strong>. Hoy se encuentra sobre todo en Madagascar. All\u00ed es donde recolectamos sus hojas a mano. Secadas naturalmente a la sombra, conservan su fragancia dulce, ligeramente afrutada y fresca. Sin embargo, esta planta arom\u00e1tica sigue siendo poco conocida en la cocina occidental. Sin embargo, merece un lugar de honor en la cocina.       <\/p>\n<h2 data-start=\"676\" data-end=\"916\">\u00bfPor qu\u00e9 elegir hojas de guayaba?<\/h2>\n<p data-start=\"918\" data-end=\"1046\">La guayaba es una fruta muy apreciada en todo el mundo. Sin embargo, a <strong>menudo se olvidan<\/strong> sus hojas. Sin embargo, son un peque\u00f1o tesoro que se ha utilizado durante siglos. En muchas culturas tropicales, se preparan en <strong>infusi\u00f3n<\/strong>. Tambi\u00e9n desempe\u00f1an un papel importante en <strong>los rituales tradicionales<\/strong>. As\u00ed que elegir estas hojas tambi\u00e9n significa reconectar con un patrimonio culinario y cultural muy antiguo.     <\/p>\n<h2 data-start=\"918\" data-end=\"1046\">C\u00f3mo utilizar las hojas de guayaba en la cocina<\/h2>\n<p>Las hojas de guayaba son <strong>poco conocidas<\/strong> en la cocina. Sin embargo, tienen su lugar en algunos platos tradicionales. Su sabor es muy discreto y sutil.<br \/>\nEn <strong>Cuba y M\u00e9xico<\/strong>, las hojas se utilizan para aromatizar<strong> las barbacoas<\/strong>. Se queman lentamente sobre las brasas. El resultado es un <strong>aroma ahumado<\/strong> muy ligero y natural.<br \/>\nEn <strong>Filipinas<\/strong>, las hojas desempe\u00f1an otra funci\u00f3n. Se utilizan para <strong>envolver el arroz<\/strong> antes de cocinarlo. Este m\u00e9todo confiere al arroz un sabor ligeramente herb\u00e1ceo.<br \/>\nEn la <strong>cocina criolla<\/strong> de Reuni\u00f3n, tambi\u00e9n se utilizan para acompa\u00f1ar platos tradicionales. En particular, se utilizan en <strong>guisos<\/strong> y <strong>caldos caseros<\/strong>. De este modo, siguen siendo un ingrediente muy arraigado en el patrimonio culinario de las islas.        <\/p>\n<h2>Infusi\u00f3n y decocci\u00f3n de hojas de guayaba<\/h2>\n<p class=\"font-claude-response-body break-words whitespace-normal leading-[1.7]\">Las hojas de guayaba no s\u00f3lo se utilizan en la cocina, sino tambi\u00e9n como <strong>infusi\u00f3n<\/strong>. De hecho, \u00e9ste es su <strong>uso m\u00e1s extendido<\/strong> en todo el mundo. <\/p>\n<p class=\"font-claude-response-body break-words whitespace-normal leading-[1.7]\">En Am\u00e9rica Latina, esta infusi\u00f3n se prepara desde hace generaciones. En Brasil, se llama <strong><em>ch\u00e1 de goiabeira<\/em><\/strong>. Es, por tanto, parte integrante de la cultura cotidiana.  <\/p>\n<p class=\"font-claude-response-body break-words whitespace-normal leading-[1.7]\">En Jap\u00f3n, la hoja de guayaba ha obtenido incluso reconocimiento oficial. Es una de las tres principales tisanas utilizadas en la isla de Okinawa. En esta regi\u00f3n, se llama <strong><em>guaba cha<\/em><\/strong>. All\u00ed se consume regularmente desde hace mucho tiempo.   <\/p>\n<p class=\"font-claude-response-body break-words whitespace-normal leading-[1.7]\">En <strong>la India y China<\/strong>, las hojas tambi\u00e9n se utilizan desde hace siglos. En estas culturas, se preparan tradicionalmente en decocci\u00f3n. Tambi\u00e9n se recomiendan en el sudeste asi\u00e1tico desde hace generaciones.  <\/p>\n<h2 data-start=\"1221\" data-end=\"1245\">Informaci\u00f3n sobre el producto<\/h2>\n<ul data-start=\"1247\" data-end=\"1468\">\n<li data-start=\"1247\" data-end=\"1288\">\n<p data-start=\"1249\" data-end=\"1288\"><strong data-start=\"1249\" data-end=\"1266\">Nombre bot\u00e1nico<\/strong>: <em data-start=\"1269\" data-end=\"1286\">Psidium guajava<\/em><\/p>\n<\/li>\n<li data-start=\"1289\" data-end=\"1359\">\n<p data-start=\"1291\" data-end=\"1359\"><strong data-start=\"1291\" data-end=\"1302\">Origen<\/strong>: Madagascar<\/p>\n<\/li>\n<li data-start=\"1385\" data-end=\"1429\">\n<p data-start=\"1387\" data-end=\"1429\">Hojas enteras, secadas naturalmente<\/p>\n<\/li>\n<li data-start=\"1430\" data-end=\"1468\">\n<p data-start=\"1432\" data-end=\"1468\">Envasado en Francia<\/p>\n<\/li>\n<\/ul>\n<h2>FAQ &#8211; Hojas de guayaba<\/h2>\n<p data-start=\"164\" data-end=\"507\"><strong data-start=\"164\" data-end=\"220\">\u00bfA qu\u00e9 saben las hojas de guayaba en infusi\u00f3n?<\/strong><br data-start=\"220\" data-end=\"223\">Las hojas de guayaba dan una infusi\u00f3n dulce y herbal, con notas ligeramente herb\u00e1ceas y frescas. Su sabor es discreto y agradable, por lo que pueden disfrutarse solas o combinadas con otras plantas arom\u00e1ticas como la hierba lim\u00f3n <em><a href=\"https:\/\/naturamada.com\/produit\/poudre-de-gingembre-50-g\/\">jengibre<\/a> <\/em>o la menta. <\/p>\n<p data-start=\"514\" data-end=\"924\"><strong data-start=\"514\" data-end=\"573\">\u00bfC\u00f3mo hago una infusi\u00f3n de hojas de guayaba?<\/strong><br data-start=\"573\" data-end=\"576\">Recomendamos utilizar entre 1 y 2 hojas por taza de agua caliente (250 ml). Vierte el agua hirviendo sobre las hojas y d\u00e9jalas en infusi\u00f3n entre 5 y 7 minutos, seg\u00fan la potencia deseada. Las hojas tambi\u00e9n pueden utilizarse como decocci\u00f3n, hirvi\u00e9ndolas unos minutos para obtener una infusi\u00f3n m\u00e1s concentrada. Como ocurre con cualquier planta utilizada en infusi\u00f3n, es aconsejable consultar a un profesional de la salud antes de utilizarla con regularidad o durante periodos prolongados.   <\/p>\n<p data-start=\"931\" data-end=\"1295\"><strong data-start=\"931\" data-end=\"1001\">\u00bfSe pueden utilizar las hojas de guayaba como algo m\u00e1s que una tisana?<\/strong><br data-start=\"1001\" data-end=\"1004\">S\u00ed, en algunas cocinas tradicionales, las hojas de guayaba se utilizan para aromatizar platos cocinados a fuego lento, caldos o arroz. Tambi\u00e9n se pueden utilizar para aromatizar carnes a la parrilla, coloc\u00e1ndolas sobre las brasas, lo que a\u00f1ade una sutil fragancia herbal a la comida.  <\/p>\n<p data-start=\"1302\" data-end=\"1625\"><strong data-start=\"1302\" data-end=\"1382\">\u00bfLas hojas de guayaba son naturales y se cosechan a mano?<\/strong><br data-start=\"1382\" data-end=\"1385\">S\u00ed, las hojas se recolectan a mano y luego se secan de forma natural para conservar sus aromas. Este lento proceso de secado preserva las cualidades sensoriales de la planta, respetando al mismo tiempo los m\u00e9todos tradicionales de preparaci\u00f3n.  <\/p>\n<p data-start=\"1632\" data-end=\"1942\"><strong data-start=\"1632\" data-end=\"1680\">\u00bfC\u00f3mo deben almacenarse las hojas de guayaba?<\/strong><br data-start=\"1680\" data-end=\"1683\">Recomendamos guardar las hojas en un lugar seco, lejos de la luz y la humedad, idealmente en una bolsa herm\u00e9tica o un tarro cerrado. Un almacenamiento adecuado conservar\u00e1 su fragancia y calidad arom\u00e1tica durante m\u00e1s tiempo. <\/p>\n","protected":false},"excerpt":{"rendered":"<p>Guayaba hojas Naturamada &#8211; Psidium guajava &nbsp; La guayaba es un \u00e1rbol tropical emblem\u00e1tico. Pertenece a la familia de las [&hellip;]<\/p>\n","protected":false},"featured_media":4729,"template":"","meta":{"site-sidebar-layout":"default","site-content-layout":"","ast-site-content-layout":"default","site-content-style":"default","site-sidebar-style":"default","ast-global-header-display":"","ast-banner-title-visibility":"","ast-main-header-display":"","ast-hfb-above-header-display":"","ast-hfb-below-header-display":"","ast-hfb-mobile-header-display":"","site-post-title":"","ast-breadcrumbs-content":"","ast-featured-img":"","footer-sml-layout":"","ast-disable-related-posts":"","theme-transparent-header-meta":"default","adv-header-id-meta":"","stick-header-meta":"","header-above-stick-meta":"","header-main-stick-meta":"","header-below-stick-meta":"","astra-migrate-meta-layouts":"set","ast-page-background-enabled":"default","ast-page-background-meta":{"desktop":{"background-color":"var(--ast-global-color-5)","background-image":"","background-repeat":"repeat","background-position":"center center","background-size":"auto","background-attachment":"scroll","background-type":"","background-media":"","overlay-type":"","overlay-color":"","overlay-opacity":"","overlay-gradient":""},"tablet":{"background-color":"","background-image":"","background-repeat":"repeat","background-position":"center center","background-size":"auto","background-attachment":"scroll","background-type":"","background-media":"","overlay-type":"","overlay-color":"","overlay-opacity":"","overlay-gradient":""},"mobile":{"background-color":"","background-image":"","background-repeat":"repeat","background-position":"center center","background-size":"auto","background-attachment":"scroll","background-type":"","background-media":"","overlay-type":"","overlay-color":"","overlay-opacity":"","overlay-gradient":""}},"ast-content-background-meta":{"desktop":{"background-color":"var(--ast-global-color-4)","background-image":"","background-repeat":"repeat","background-position":"center center","background-size":"auto","background-attachment":"scroll","background-type":"","background-media":"","overlay-type":"","overlay-color":"","overlay-opacity":"","overlay-gradient":""},"tablet":{"background-color":"var(--ast-global-color-4)","background-image":"","background-repeat":"repeat","background-position":"center center","background-size":"auto","background-attachment":"scroll","background-type":"","background-media":"","overlay-type":"","overlay-color":"","overlay-opacity":"","overlay-gradient":""},"mobile":{"background-color":"var(--ast-global-color-4)","background-image":"","background-repeat":"repeat","background-position":"center center","background-size":"auto","background-attachment":"scroll","background-type":"","background-media":"","overlay-type":"","overlay-color":"","overlay-opacity":"","overlay-gradient":""}}},"product_brand":[258],"product_cat":[1649,2709],"product_tag":[],"class_list":{"0":"post-2302","1":"product","2":"type-product","3":"status-publish","4":"has-post-thumbnail","6":"product_brand-naturamada","7":"product_cat-especias-superalimentos","8":"product_cat-hojas-secas","9":"pa_origine-madagascar-es","10":"pa_taille-12-g-es","11":"pa_taille-25-g-es","12":"pa_type-produit-hoja-seca","13":"pa_usage-bienestar","14":"pa_usage-cocina","15":"pa_usage-infusion-es","16":"desktop-align-left","17":"tablet-align-left","18":"mobile-align-left","20":"first","21":"instock","22":"taxable","23":"shipping-taxable","24":"purchasable","25":"product-type-variable","26":"has-default-attributes"},"yoast_head":"<!-- This site is optimized with the Yoast SEO plugin v27.2 - https:\/\/yoast.com\/product\/yoast-seo-wordpress\/ -->\n<title>Hojas de guayaba - Naturamada<\/title>\n<meta name=\"description\" content=\"Hojas enteras de guayaba de Madagascar. Ideales para infusiones, cocina y rituales de bienestar, con una fragancia dulce y afrutada. Naturamada\" \/>\n<meta name=\"robots\" content=\"index, follow, max-snippet:-1, max-image-preview:large, max-video-preview:-1\" \/>\n<link rel=\"canonical\" href=\"https:\/\/naturamada.com\/es\/producto\/hojas-de-guayaba-secas-20-g\/\" \/>\n<meta property=\"og:locale\" content=\"es_ES\" \/>\n<meta property=\"og:type\" content=\"article\" \/>\n<meta property=\"og:title\" content=\"Hojas de guayaba - Naturamada\" \/>\n<meta property=\"og:description\" content=\"Hojas enteras de guayaba de Madagascar. Ideales para infusiones, cocina y rituales de bienestar, con una fragancia dulce y afrutada. Naturamada\" \/>\n<meta property=\"og:url\" content=\"https:\/\/naturamada.com\/es\/producto\/hojas-de-guayaba-secas-20-g\/\" \/>\n<meta property=\"og:site_name\" content=\"Naturamada\" \/>\n<meta property=\"article:publisher\" content=\"https:\/\/www.facebook.com\/Naturamada.shop\/\" \/>\n<meta property=\"article:modified_time\" content=\"2026-03-17T19:28:28+00:00\" \/>\n<meta property=\"og:image\" content=\"https:\/\/naturamada.com\/wp-content\/uploads\/2025\/07\/Feuille-goyave-Naturamada-guava-leave-Madagascar.jpg\" \/>\n\t<meta property=\"og:image:width\" content=\"2000\" \/>\n\t<meta property=\"og:image:height\" content=\"2000\" \/>\n\t<meta property=\"og:image:type\" content=\"image\/jpeg\" \/>\n<script type=\"application\/ld+json\" class=\"yoast-schema-graph\">{\"@context\":\"https:\/\/schema.org\",\"@graph\":[{\"@type\":\"WebPage\",\"@id\":\"https:\/\/naturamada.com\/es\/producto\/hojas-de-guayaba-secas-20-g\/\",\"url\":\"https:\/\/naturamada.com\/es\/producto\/hojas-de-guayaba-secas-20-g\/\",\"name\":\"Hojas de guayaba - Naturamada\",\"isPartOf\":{\"@id\":\"https:\/\/naturamada.com\/es\/#website\"},\"primaryImageOfPage\":{\"@id\":\"https:\/\/naturamada.com\/es\/producto\/hojas-de-guayaba-secas-20-g\/#primaryimage\"},\"image\":{\"@id\":\"https:\/\/naturamada.com\/es\/producto\/hojas-de-guayaba-secas-20-g\/#primaryimage\"},\"thumbnailUrl\":\"https:\/\/naturamada.com\/wp-content\/uploads\/2025\/07\/Feuille-goyave-Naturamada-guava-leave-Madagascar.jpg\",\"datePublished\":\"2025-07-04T22:52:03+00:00\",\"dateModified\":\"2026-03-17T19:28:28+00:00\",\"description\":\"Hojas enteras de guayaba de Madagascar. Ideales para infusiones, cocina y rituales de bienestar, con una fragancia dulce y afrutada. Naturamada\",\"breadcrumb\":{\"@id\":\"https:\/\/naturamada.com\/es\/producto\/hojas-de-guayaba-secas-20-g\/#breadcrumb\"},\"inLanguage\":\"es\",\"potentialAction\":[{\"@type\":\"ReadAction\",\"target\":[\"https:\/\/naturamada.com\/es\/producto\/hojas-de-guayaba-secas-20-g\/\"]}]},{\"@type\":\"ImageObject\",\"inLanguage\":\"es\",\"@id\":\"https:\/\/naturamada.com\/es\/producto\/hojas-de-guayaba-secas-20-g\/#primaryimage\",\"url\":\"https:\/\/naturamada.com\/wp-content\/uploads\/2025\/07\/Feuille-goyave-Naturamada-guava-leave-Madagascar.jpg\",\"contentUrl\":\"https:\/\/naturamada.com\/wp-content\/uploads\/2025\/07\/Feuille-goyave-Naturamada-guava-leave-Madagascar.jpg\",\"width\":2000,\"height\":2000},{\"@type\":\"BreadcrumbList\",\"@id\":\"https:\/\/naturamada.com\/es\/producto\/hojas-de-guayaba-secas-20-g\/#breadcrumb\",\"itemListElement\":[{\"@type\":\"ListItem\",\"position\":1,\"name\":\"Inicio\",\"item\":\"https:\/\/naturamada.com\/es\/\"},{\"@type\":\"ListItem\",\"position\":2,\"name\":\"Tienda\",\"item\":\"https:\/\/naturamada.com\/es\/tienda\/\"},{\"@type\":\"ListItem\",\"position\":3,\"name\":\"Hojas de guayaba\"}]},{\"@type\":\"WebSite\",\"@id\":\"https:\/\/naturamada.com\/es\/#website\",\"url\":\"https:\/\/naturamada.com\/es\/\",\"name\":\"Naturamada\",\"description\":\"Epices, Superaliments et Pierres pour le bien-\u00eatre et la cuisine\",\"publisher\":{\"@id\":\"https:\/\/naturamada.com\/es\/#organization\"},\"potentialAction\":[{\"@type\":\"SearchAction\",\"target\":{\"@type\":\"EntryPoint\",\"urlTemplate\":\"https:\/\/naturamada.com\/es\/?s={search_term_string}\"},\"query-input\":{\"@type\":\"PropertyValueSpecification\",\"valueRequired\":true,\"valueName\":\"search_term_string\"}}],\"inLanguage\":\"es\"},{\"@type\":\"Organization\",\"@id\":\"https:\/\/naturamada.com\/es\/#organization\",\"name\":\"Naturamada\",\"url\":\"https:\/\/naturamada.com\/es\/\",\"logo\":{\"@type\":\"ImageObject\",\"inLanguage\":\"es\",\"@id\":\"https:\/\/naturamada.com\/es\/#\/schema\/logo\/image\/\",\"url\":\"https:\/\/naturamada.com\/wp-content\/uploads\/2025\/07\/cropped-Naturamada-10.png\",\"contentUrl\":\"https:\/\/naturamada.com\/wp-content\/uploads\/2025\/07\/cropped-Naturamada-10.png\",\"width\":1366,\"height\":455,\"caption\":\"Naturamada\"},\"image\":{\"@id\":\"https:\/\/naturamada.com\/es\/#\/schema\/logo\/image\/\"},\"sameAs\":[\"https:\/\/www.facebook.com\/Naturamada.shop\/\",\"https:\/\/www.instagram.com\/naturamada.officiel\/\"]}]}<\/script>\n<!-- \/ Yoast SEO plugin. -->","yoast_head_json":{"title":"Hojas de guayaba - Naturamada","description":"Hojas enteras de guayaba de Madagascar. Ideales para infusiones, cocina y rituales de bienestar, con una fragancia dulce y afrutada. Naturamada","robots":{"index":"index","follow":"follow","max-snippet":"max-snippet:-1","max-image-preview":"max-image-preview:large","max-video-preview":"max-video-preview:-1"},"canonical":"https:\/\/naturamada.com\/es\/producto\/hojas-de-guayaba-secas-20-g\/","og_locale":"es_ES","og_type":"article","og_title":"Hojas de guayaba - Naturamada","og_description":"Hojas enteras de guayaba de Madagascar. Ideales para infusiones, cocina y rituales de bienestar, con una fragancia dulce y afrutada. Naturamada","og_url":"https:\/\/naturamada.com\/es\/producto\/hojas-de-guayaba-secas-20-g\/","og_site_name":"Naturamada","article_publisher":"https:\/\/www.facebook.com\/Naturamada.shop\/","article_modified_time":"2026-03-17T19:28:28+00:00","og_image":[{"width":2000,"height":2000,"url":"https:\/\/naturamada.com\/wp-content\/uploads\/2025\/07\/Feuille-goyave-Naturamada-guava-leave-Madagascar.jpg","type":"image\/jpeg"}],"schema":{"@context":"https:\/\/schema.org","@graph":[{"@type":"WebPage","@id":"https:\/\/naturamada.com\/es\/producto\/hojas-de-guayaba-secas-20-g\/","url":"https:\/\/naturamada.com\/es\/producto\/hojas-de-guayaba-secas-20-g\/","name":"Hojas de guayaba - Naturamada","isPartOf":{"@id":"https:\/\/naturamada.com\/es\/#website"},"primaryImageOfPage":{"@id":"https:\/\/naturamada.com\/es\/producto\/hojas-de-guayaba-secas-20-g\/#primaryimage"},"image":{"@id":"https:\/\/naturamada.com\/es\/producto\/hojas-de-guayaba-secas-20-g\/#primaryimage"},"thumbnailUrl":"https:\/\/naturamada.com\/wp-content\/uploads\/2025\/07\/Feuille-goyave-Naturamada-guava-leave-Madagascar.jpg","datePublished":"2025-07-04T22:52:03+00:00","dateModified":"2026-03-17T19:28:28+00:00","description":"Hojas enteras de guayaba de Madagascar. Ideales para infusiones, cocina y rituales de bienestar, con una fragancia dulce y afrutada. Naturamada","breadcrumb":{"@id":"https:\/\/naturamada.com\/es\/producto\/hojas-de-guayaba-secas-20-g\/#breadcrumb"},"inLanguage":"es","potentialAction":[{"@type":"ReadAction","target":["https:\/\/naturamada.com\/es\/producto\/hojas-de-guayaba-secas-20-g\/"]}]},{"@type":"ImageObject","inLanguage":"es","@id":"https:\/\/naturamada.com\/es\/producto\/hojas-de-guayaba-secas-20-g\/#primaryimage","url":"https:\/\/naturamada.com\/wp-content\/uploads\/2025\/07\/Feuille-goyave-Naturamada-guava-leave-Madagascar.jpg","contentUrl":"https:\/\/naturamada.com\/wp-content\/uploads\/2025\/07\/Feuille-goyave-Naturamada-guava-leave-Madagascar.jpg","width":2000,"height":2000},{"@type":"BreadcrumbList","@id":"https:\/\/naturamada.com\/es\/producto\/hojas-de-guayaba-secas-20-g\/#breadcrumb","itemListElement":[{"@type":"ListItem","position":1,"name":"Inicio","item":"https:\/\/naturamada.com\/es\/"},{"@type":"ListItem","position":2,"name":"Tienda","item":"https:\/\/naturamada.com\/es\/tienda\/"},{"@type":"ListItem","position":3,"name":"Hojas de guayaba"}]},{"@type":"WebSite","@id":"https:\/\/naturamada.com\/es\/#website","url":"https:\/\/naturamada.com\/es\/","name":"Naturamada","description":"Epices, Superaliments et Pierres pour le bien-\u00eatre et la cuisine","publisher":{"@id":"https:\/\/naturamada.com\/es\/#organization"},"potentialAction":[{"@type":"SearchAction","target":{"@type":"EntryPoint","urlTemplate":"https:\/\/naturamada.com\/es\/?s={search_term_string}"},"query-input":{"@type":"PropertyValueSpecification","valueRequired":true,"valueName":"search_term_string"}}],"inLanguage":"es"},{"@type":"Organization","@id":"https:\/\/naturamada.com\/es\/#organization","name":"Naturamada","url":"https:\/\/naturamada.com\/es\/","logo":{"@type":"ImageObject","inLanguage":"es","@id":"https:\/\/naturamada.com\/es\/#\/schema\/logo\/image\/","url":"https:\/\/naturamada.com\/wp-content\/uploads\/2025\/07\/cropped-Naturamada-10.png","contentUrl":"https:\/\/naturamada.com\/wp-content\/uploads\/2025\/07\/cropped-Naturamada-10.png","width":1366,"height":455,"caption":"Naturamada"},"image":{"@id":"https:\/\/naturamada.com\/es\/#\/schema\/logo\/image\/"},"sameAs":["https:\/\/www.facebook.com\/Naturamada.shop\/","https:\/\/www.instagram.com\/naturamada.officiel\/"]}]}},"_links":{"self":[{"href":"https:\/\/naturamada.com\/es\/wp-json\/wp\/v2\/product\/2302","targetHints":{"allow":["GET"]}}],"collection":[{"href":"https:\/\/naturamada.com\/es\/wp-json\/wp\/v2\/product"}],"about":[{"href":"https:\/\/naturamada.com\/es\/wp-json\/wp\/v2\/types\/product"}],"wp:featuredmedia":[{"embeddable":true,"href":"https:\/\/naturamada.com\/es\/wp-json\/wp\/v2\/media\/4729"}],"wp:attachment":[{"href":"https:\/\/naturamada.com\/es\/wp-json\/wp\/v2\/media?parent=2302"}],"wp:term":[{"taxonomy":"product_brand","embeddable":true,"href":"https:\/\/naturamada.com\/es\/wp-json\/wp\/v2\/product_brand?post=2302"},{"taxonomy":"product_cat","embeddable":true,"href":"https:\/\/naturamada.com\/es\/wp-json\/wp\/v2\/product_cat?post=2302"},{"taxonomy":"product_tag","embeddable":true,"href":"https:\/\/naturamada.com\/es\/wp-json\/wp\/v2\/product_tag?post=2302"}],"curies":[{"name":"wp","href":"https:\/\/api.w.org\/{rel}","templated":true}]}}