{"id":2295,"date":"2025-07-04T22:55:56","date_gmt":"2025-07-04T22:55:56","guid":{"rendered":"https:\/\/naturamada.com\/produit\/curry-en-polvo-50-g\/"},"modified":"2026-04-01T11:50:35","modified_gmt":"2026-04-01T11:50:35","slug":"curry-en-polvo-50-g","status":"publish","type":"product","link":"https:\/\/naturamada.com\/es\/producto\/curry-en-polvo-50-g\/","title":{"rendered":"Curry de Madagascar"},"content":{"rendered":"<p data-start=\"586\" data-end=\"840\">Nuestro curry en polvo es una armoniosa mezcla de especias cuidadosamente seleccionadas y molidas. Esta mezcla aut\u00e9ntica, con sus sabores ricos y equilibrados, a\u00f1ade un toque c\u00e1lido y ex\u00f3tico a tus platos. <\/p>\n<p data-start=\"842\" data-end=\"984\">Ideal para realzar verduras, carnes, salsas y arroces, es un complemento perfecto para todo tipo de cocina, desde la m\u00e1s sencilla a la m\u00e1s elaborada.<\/p>\n<hr data-start=\"986\" data-end=\"989\">\n<h3 data-start=\"991\" data-end=\"1013\">Usos recomendados<\/h3>\n<ul data-start=\"1015\" data-end=\"1222\">\n<li data-start=\"1015\" data-end=\"1074\">\n<p data-start=\"1017\" data-end=\"1074\">Condimento para curry, guisos, salsas y arroz<\/p>\n<\/li>\n<li data-start=\"1075\" data-end=\"1121\">\n<p data-start=\"1077\" data-end=\"1121\">Perfecto en adobos y platos picantes<\/p>\n<\/li>\n<li data-start=\"1122\" data-end=\"1169\">\n<p data-start=\"1124\" data-end=\"1169\">Complemento arom\u00e1tico para sopas y gratinados<\/p>\n<\/li>\n<li data-start=\"1170\" data-end=\"1222\">\n<p data-start=\"1172\" data-end=\"1222\">Adecuado para recetas tradicionales y creativas<\/p>\n<\/li>\n<\/ul>\n<hr data-start=\"1224\" data-end=\"1227\">\n<h3 data-start=\"1229\" data-end=\"1253\">Informaci\u00f3n sobre el producto<\/h3>\n<ul data-start=\"1255\" data-end=\"1502\">\n<li data-start=\"1255\" data-end=\"1351\">\n<p data-start=\"1257\" data-end=\"1351\"><strong data-start=\"1257\" data-end=\"1272\">Composici\u00f3n<\/strong>: mezcla de especias seleccionadas (c\u00farcuma, cilantro, comino, fenogreco, etc.)<\/p>\n<\/li>\n<li data-start=\"1352\" data-end=\"1403\">\n<p data-start=\"1354\" data-end=\"1403\"><strong data-start=\"1354\" data-end=\"1365\">Origen<\/strong>: Madagascar<\/p>\n<\/li>\n<li data-start=\"1429\" data-end=\"1463\">\n<p data-start=\"1431\" data-end=\"1463\">Sin aditivos ni conservantes<\/p>\n<\/li>\n<li data-start=\"1464\" data-end=\"1502\">\n<p data-start=\"1466\" data-end=\"1502\">Envasado en Francia<\/p>\n<\/li>\n<\/ul>\n","protected":false},"excerpt":{"rendered":"<p>Nuestro curry en polvo es una armoniosa mezcla de especias cuidadosamente seleccionadas y molidas. Esta mezcla aut\u00e9ntica, con sus sabores [&hellip;]<\/p>\n","protected":false},"featured_media":2974,"template":"","meta":{"site-sidebar-layout":"default","site-content-layout":"","ast-site-content-layout":"default","site-content-style":"default","site-sidebar-style":"default","ast-global-header-display":"","ast-banner-title-visibility":"","ast-main-header-display":"","ast-hfb-above-header-display":"","ast-hfb-below-header-display":"","ast-hfb-mobile-header-display":"","site-post-title":"","ast-breadcrumbs-content":"","ast-featured-img":"","footer-sml-layout":"","ast-disable-related-posts":"","theme-transparent-header-meta":"default","adv-header-id-meta":"","stick-header-meta":"","header-above-stick-meta":"","header-main-stick-meta":"","header-below-stick-meta":"","astra-migrate-meta-layouts":"default","ast-page-background-enabled":"default","ast-page-background-meta":{"desktop":{"background-color":"var(--ast-global-color-5)","background-image":"","background-repeat":"repeat","background-position":"center center","background-size":"auto","background-attachment":"scroll","background-type":"","background-media":"","overlay-type":"","overlay-color":"","overlay-opacity":"","overlay-gradient":""},"tablet":{"background-color":"","background-image":"","background-repeat":"repeat","background-position":"center center","background-size":"auto","background-attachment":"scroll","background-type":"","background-media":"","overlay-type":"","overlay-color":"","overlay-opacity":"","overlay-gradient":""},"mobile":{"background-color":"","background-image":"","background-repeat":"repeat","background-position":"center center","background-size":"auto","background-attachment":"scroll","background-type":"","background-media":"","overlay-type":"","overlay-color":"","overlay-opacity":"","overlay-gradient":""}},"ast-content-background-meta":{"desktop":{"background-color":"var(--ast-global-color-4)","background-image":"","background-repeat":"repeat","background-position":"center center","background-size":"auto","background-attachment":"scroll","background-type":"","background-media":"","overlay-type":"","overlay-color":"","overlay-opacity":"","overlay-gradient":""},"tablet":{"background-color":"var(--ast-global-color-4)","background-image":"","background-repeat":"repeat","background-position":"center center","background-size":"auto","background-attachment":"scroll","background-type":"","background-media":"","overlay-type":"","overlay-color":"","overlay-opacity":"","overlay-gradient":""},"mobile":{"background-color":"var(--ast-global-color-4)","background-image":"","background-repeat":"repeat","background-position":"center center","background-size":"auto","background-attachment":"scroll","background-type":"","background-media":"","overlay-type":"","overlay-color":"","overlay-opacity":"","overlay-gradient":""}}},"product_brand":[],"product_cat":[2710,1649],"product_tag":[],"class_list":{"0":"post-2295","1":"product","2":"type-product","3":"status-publish","4":"has-post-thumbnail","6":"product_cat-especias","7":"product_cat-especias-superalimentos","8":"pa_origine-madagascar-es","9":"pa_taille-50-g-es","10":"pa_taille-75-g","11":"pa_type-produit-polvo","12":"pa_usage-cocina","13":"desktop-align-left","14":"tablet-align-left","15":"mobile-align-left","17":"first","18":"instock","19":"taxable","20":"shipping-taxable","21":"purchasable","22":"product-type-variable","23":"has-default-attributes"},"yoast_head":"<!-- This site is optimized with the Yoast SEO plugin v27.5 - https:\/\/yoast.com\/product\/yoast-seo-wordpress\/ -->\n<title>Curry en polvo 50 g | Naturamada<\/title>\n<meta name=\"description\" content=\"Una mezcla de curry en polvo 100% natural, preparada seg\u00fan una receta tradicional de la India y Madagascar. Fragante y delicioso para todas tus recetas.\" \/>\n<meta name=\"robots\" content=\"index, follow, max-snippet:-1, max-image-preview:large, max-video-preview:-1\" \/>\n<link rel=\"canonical\" href=\"https:\/\/naturamada.com\/es\/producto\/curry-en-polvo-50-g\/\" \/>\n<meta property=\"og:locale\" content=\"es_ES\" \/>\n<meta property=\"og:type\" content=\"article\" \/>\n<meta property=\"og:title\" content=\"Curry en polvo 50 g | Naturamada\" \/>\n<meta property=\"og:description\" content=\"Una mezcla de curry en polvo 100% natural, preparada seg\u00fan una receta tradicional de la India y Madagascar. Fragante y delicioso para todas tus recetas.\" \/>\n<meta property=\"og:url\" content=\"https:\/\/naturamada.com\/es\/producto\/curry-en-polvo-50-g\/\" \/>\n<meta property=\"og:site_name\" content=\"Naturamada\" \/>\n<meta property=\"article:publisher\" content=\"https:\/\/www.facebook.com\/Naturamada.shop\/\" \/>\n<meta property=\"article:modified_time\" content=\"2026-04-01T11:50:35+00:00\" \/>\n<meta property=\"og:image\" content=\"https:\/\/naturamada.com\/wp-content\/uploads\/2025\/07\/curry-en-poudre-50g-naturamada-2.jpg\" \/>\n\t<meta property=\"og:image:width\" content=\"2000\" \/>\n\t<meta property=\"og:image:height\" content=\"2000\" \/>\n\t<meta property=\"og:image:type\" content=\"image\/jpeg\" \/>\n<script type=\"application\/ld+json\" class=\"yoast-schema-graph\">{\"@context\":\"https:\\\/\\\/schema.org\",\"@graph\":[{\"@type\":\"WebPage\",\"@id\":\"https:\\\/\\\/naturamada.com\\\/es\\\/producto\\\/curry-en-polvo-50-g\\\/\",\"url\":\"https:\\\/\\\/naturamada.com\\\/es\\\/producto\\\/curry-en-polvo-50-g\\\/\",\"name\":\"Curry en polvo 50 g | Naturamada\",\"isPartOf\":{\"@id\":\"https:\\\/\\\/naturamada.com\\\/es\\\/#website\"},\"primaryImageOfPage\":{\"@id\":\"https:\\\/\\\/naturamada.com\\\/es\\\/producto\\\/curry-en-polvo-50-g\\\/#primaryimage\"},\"image\":{\"@id\":\"https:\\\/\\\/naturamada.com\\\/es\\\/producto\\\/curry-en-polvo-50-g\\\/#primaryimage\"},\"thumbnailUrl\":\"https:\\\/\\\/naturamada.com\\\/wp-content\\\/uploads\\\/2025\\\/07\\\/curry-en-poudre-50g-naturamada-2.jpg\",\"datePublished\":\"2025-07-04T22:55:56+00:00\",\"dateModified\":\"2026-04-01T11:50:35+00:00\",\"description\":\"Una mezcla de curry en polvo 100% natural, preparada seg\u00fan una receta tradicional de la India y Madagascar. Fragante y delicioso para todas tus recetas.\",\"breadcrumb\":{\"@id\":\"https:\\\/\\\/naturamada.com\\\/es\\\/producto\\\/curry-en-polvo-50-g\\\/#breadcrumb\"},\"inLanguage\":\"es\",\"potentialAction\":[{\"@type\":\"ReadAction\",\"target\":[\"https:\\\/\\\/naturamada.com\\\/es\\\/producto\\\/curry-en-polvo-50-g\\\/\"]}]},{\"@type\":\"ImageObject\",\"inLanguage\":\"es\",\"@id\":\"https:\\\/\\\/naturamada.com\\\/es\\\/producto\\\/curry-en-polvo-50-g\\\/#primaryimage\",\"url\":\"https:\\\/\\\/naturamada.com\\\/wp-content\\\/uploads\\\/2025\\\/07\\\/curry-en-poudre-50g-naturamada-2.jpg\",\"contentUrl\":\"https:\\\/\\\/naturamada.com\\\/wp-content\\\/uploads\\\/2025\\\/07\\\/curry-en-poudre-50g-naturamada-2.jpg\",\"width\":2000,\"height\":2000},{\"@type\":\"BreadcrumbList\",\"@id\":\"https:\\\/\\\/naturamada.com\\\/es\\\/producto\\\/curry-en-polvo-50-g\\\/#breadcrumb\",\"itemListElement\":[{\"@type\":\"ListItem\",\"position\":1,\"name\":\"Inicio\",\"item\":\"https:\\\/\\\/naturamada.com\\\/es\\\/\"},{\"@type\":\"ListItem\",\"position\":2,\"name\":\"Tienda\",\"item\":\"https:\\\/\\\/naturamada.com\\\/es\\\/tienda\\\/\"},{\"@type\":\"ListItem\",\"position\":3,\"name\":\"Curry de Madagascar\"}]},{\"@type\":\"WebSite\",\"@id\":\"https:\\\/\\\/naturamada.com\\\/es\\\/#website\",\"url\":\"https:\\\/\\\/naturamada.com\\\/es\\\/\",\"name\":\"Naturamada\",\"description\":\"Epices, Superaliments et Pierres pour le bien-\u00eatre et la cuisine\",\"publisher\":{\"@id\":\"https:\\\/\\\/naturamada.com\\\/es\\\/#organization\"},\"potentialAction\":[{\"@type\":\"SearchAction\",\"target\":{\"@type\":\"EntryPoint\",\"urlTemplate\":\"https:\\\/\\\/naturamada.com\\\/es\\\/?s={search_term_string}\"},\"query-input\":{\"@type\":\"PropertyValueSpecification\",\"valueRequired\":true,\"valueName\":\"search_term_string\"}}],\"inLanguage\":\"es\"},{\"@type\":\"Organization\",\"@id\":\"https:\\\/\\\/naturamada.com\\\/es\\\/#organization\",\"name\":\"Naturamada\",\"url\":\"https:\\\/\\\/naturamada.com\\\/es\\\/\",\"logo\":{\"@type\":\"ImageObject\",\"inLanguage\":\"es\",\"@id\":\"https:\\\/\\\/naturamada.com\\\/es\\\/#\\\/schema\\\/logo\\\/image\\\/\",\"url\":\"https:\\\/\\\/naturamada.com\\\/wp-content\\\/uploads\\\/2025\\\/07\\\/cropped-Naturamada-10.png\",\"contentUrl\":\"https:\\\/\\\/naturamada.com\\\/wp-content\\\/uploads\\\/2025\\\/07\\\/cropped-Naturamada-10.png\",\"width\":1366,\"height\":455,\"caption\":\"Naturamada\"},\"image\":{\"@id\":\"https:\\\/\\\/naturamada.com\\\/es\\\/#\\\/schema\\\/logo\\\/image\\\/\"},\"sameAs\":[\"https:\\\/\\\/www.facebook.com\\\/Naturamada.shop\\\/\",\"https:\\\/\\\/www.instagram.com\\\/naturamada.officiel\\\/\"]}]}<\/script>\n<!-- \/ Yoast SEO plugin. -->","yoast_head_json":{"title":"Curry en polvo 50 g | Naturamada","description":"Una mezcla de curry en polvo 100% natural, preparada seg\u00fan una receta tradicional de la India y Madagascar. Fragante y delicioso para todas tus recetas.","robots":{"index":"index","follow":"follow","max-snippet":"max-snippet:-1","max-image-preview":"max-image-preview:large","max-video-preview":"max-video-preview:-1"},"canonical":"https:\/\/naturamada.com\/es\/producto\/curry-en-polvo-50-g\/","og_locale":"es_ES","og_type":"article","og_title":"Curry en polvo 50 g | Naturamada","og_description":"Una mezcla de curry en polvo 100% natural, preparada seg\u00fan una receta tradicional de la India y Madagascar. Fragante y delicioso para todas tus recetas.","og_url":"https:\/\/naturamada.com\/es\/producto\/curry-en-polvo-50-g\/","og_site_name":"Naturamada","article_publisher":"https:\/\/www.facebook.com\/Naturamada.shop\/","article_modified_time":"2026-04-01T11:50:35+00:00","og_image":[{"width":2000,"height":2000,"url":"https:\/\/naturamada.com\/wp-content\/uploads\/2025\/07\/curry-en-poudre-50g-naturamada-2.jpg","type":"image\/jpeg"}],"schema":{"@context":"https:\/\/schema.org","@graph":[{"@type":"WebPage","@id":"https:\/\/naturamada.com\/es\/producto\/curry-en-polvo-50-g\/","url":"https:\/\/naturamada.com\/es\/producto\/curry-en-polvo-50-g\/","name":"Curry en polvo 50 g | Naturamada","isPartOf":{"@id":"https:\/\/naturamada.com\/es\/#website"},"primaryImageOfPage":{"@id":"https:\/\/naturamada.com\/es\/producto\/curry-en-polvo-50-g\/#primaryimage"},"image":{"@id":"https:\/\/naturamada.com\/es\/producto\/curry-en-polvo-50-g\/#primaryimage"},"thumbnailUrl":"https:\/\/naturamada.com\/wp-content\/uploads\/2025\/07\/curry-en-poudre-50g-naturamada-2.jpg","datePublished":"2025-07-04T22:55:56+00:00","dateModified":"2026-04-01T11:50:35+00:00","description":"Una mezcla de curry en polvo 100% natural, preparada seg\u00fan una receta tradicional de la India y Madagascar. Fragante y delicioso para todas tus recetas.","breadcrumb":{"@id":"https:\/\/naturamada.com\/es\/producto\/curry-en-polvo-50-g\/#breadcrumb"},"inLanguage":"es","potentialAction":[{"@type":"ReadAction","target":["https:\/\/naturamada.com\/es\/producto\/curry-en-polvo-50-g\/"]}]},{"@type":"ImageObject","inLanguage":"es","@id":"https:\/\/naturamada.com\/es\/producto\/curry-en-polvo-50-g\/#primaryimage","url":"https:\/\/naturamada.com\/wp-content\/uploads\/2025\/07\/curry-en-poudre-50g-naturamada-2.jpg","contentUrl":"https:\/\/naturamada.com\/wp-content\/uploads\/2025\/07\/curry-en-poudre-50g-naturamada-2.jpg","width":2000,"height":2000},{"@type":"BreadcrumbList","@id":"https:\/\/naturamada.com\/es\/producto\/curry-en-polvo-50-g\/#breadcrumb","itemListElement":[{"@type":"ListItem","position":1,"name":"Inicio","item":"https:\/\/naturamada.com\/es\/"},{"@type":"ListItem","position":2,"name":"Tienda","item":"https:\/\/naturamada.com\/es\/tienda\/"},{"@type":"ListItem","position":3,"name":"Curry de Madagascar"}]},{"@type":"WebSite","@id":"https:\/\/naturamada.com\/es\/#website","url":"https:\/\/naturamada.com\/es\/","name":"Naturamada","description":"Epices, Superaliments et Pierres pour le bien-\u00eatre et la cuisine","publisher":{"@id":"https:\/\/naturamada.com\/es\/#organization"},"potentialAction":[{"@type":"SearchAction","target":{"@type":"EntryPoint","urlTemplate":"https:\/\/naturamada.com\/es\/?s={search_term_string}"},"query-input":{"@type":"PropertyValueSpecification","valueRequired":true,"valueName":"search_term_string"}}],"inLanguage":"es"},{"@type":"Organization","@id":"https:\/\/naturamada.com\/es\/#organization","name":"Naturamada","url":"https:\/\/naturamada.com\/es\/","logo":{"@type":"ImageObject","inLanguage":"es","@id":"https:\/\/naturamada.com\/es\/#\/schema\/logo\/image\/","url":"https:\/\/naturamada.com\/wp-content\/uploads\/2025\/07\/cropped-Naturamada-10.png","contentUrl":"https:\/\/naturamada.com\/wp-content\/uploads\/2025\/07\/cropped-Naturamada-10.png","width":1366,"height":455,"caption":"Naturamada"},"image":{"@id":"https:\/\/naturamada.com\/es\/#\/schema\/logo\/image\/"},"sameAs":["https:\/\/www.facebook.com\/Naturamada.shop\/","https:\/\/www.instagram.com\/naturamada.officiel\/"]}]}},"_links":{"self":[{"href":"https:\/\/naturamada.com\/es\/wp-json\/wp\/v2\/product\/2295","targetHints":{"allow":["GET"]}}],"collection":[{"href":"https:\/\/naturamada.com\/es\/wp-json\/wp\/v2\/product"}],"about":[{"href":"https:\/\/naturamada.com\/es\/wp-json\/wp\/v2\/types\/product"}],"wp:featuredmedia":[{"embeddable":true,"href":"https:\/\/naturamada.com\/es\/wp-json\/wp\/v2\/media\/2974"}],"wp:attachment":[{"href":"https:\/\/naturamada.com\/es\/wp-json\/wp\/v2\/media?parent=2295"}],"wp:term":[{"taxonomy":"product_brand","embeddable":true,"href":"https:\/\/naturamada.com\/es\/wp-json\/wp\/v2\/product_brand?post=2295"},{"taxonomy":"product_cat","embeddable":true,"href":"https:\/\/naturamada.com\/es\/wp-json\/wp\/v2\/product_cat?post=2295"},{"taxonomy":"product_tag","embeddable":true,"href":"https:\/\/naturamada.com\/es\/wp-json\/wp\/v2\/product_tag?post=2295"}],"curies":[{"name":"wp","href":"https:\/\/api.w.org\/{rel}","templated":true}]}}