{"id":2287,"date":"2025-07-03T13:32:35","date_gmt":"2025-07-03T13:32:35","guid":{"rendered":"https:\/\/naturamada.com\/produit\/pimienta-voatsiperifery-25-g\/"},"modified":"2026-04-01T11:50:29","modified_gmt":"2026-04-01T11:50:29","slug":"pimienta-voatsiperifery-25-g","status":"publish","type":"product","link":"https:\/\/naturamada.com\/es\/producto\/pimienta-voatsiperifery-25-g\/","title":{"rendered":"Pimienta Voatsiperifery"},"content":{"rendered":"<h1><strong data-start=\"427\" data-end=\"467\">Pimienta silvestre Voatsiperifery &#8211; Especia excepcional de Madagascar<\/strong><\/h1>\n<p>&nbsp;<\/p>\n<p data-start=\"1033\" data-end=\"1339\">La pimienta silvestre de Madagascar, conocida como <strong>Voatsiperifery<\/strong>, es una rara liana que crece silvestre en los bosques de la isla. Pertenece a la familia de las Piper\u00e1ceas, como la <strong><em><a href=\"https:\/\/naturamada.com\/es\/pimienta-negra-de-madagascar-usos-y-beneficios\/\">pimienta negra<\/a><\/em><\/strong> pimienta negra. Pero a diferencia de la pimienta negra, esta variedad crece de forma natural en el bosque, sin fertilizantes qu\u00edmicos ni pesticidas. La recolecci\u00f3n respeta <strong>el ciclo de la planta<\/strong>: s\u00f3lo se recogen las bayas que han alcanzado la madurez, permitiendo que la vid siga produciendo. Este m\u00e9todo de recolecci\u00f3n ayuda a preservar los ecosistemas forestales y apoya la econom\u00eda local basada en pr\u00e1cticas tradicionales. <strong>Tras la recolecci\u00f3n<\/strong>, los recolectores las secan de forma natural para preservar su compleja fragancia, que es <strong>amaderada<\/strong>, <strong>fresca<\/strong> y ligeramente <strong>alimonada<\/strong>. Esta pimienta poco com\u00fan se reconoce ahora como uno de los tesoros gastron\u00f3micos de Madagascar.     <\/p>\n<h2 data-start=\"1023\" data-end=\"1077\">\u00bfPor qu\u00e9 elegir pimienta silvestre de Madagascar?<\/h2>\n<p data-start=\"1079\" data-end=\"1377\">La pimienta negra Voatsiperifery es muy apreciada por cocineros y gourmets. Tiene un perfil arom\u00e1tico \u00fanico, m\u00e1s fresco y sutil que la pimienta negra tradicional. Su picor es delicado y gradual, por lo que es ideal para condimentar los platos sin enmascarar otros sabores.  <\/p>\n<p data-start=\"1379\" data-end=\"1680\">Utilizado desde hace mucho tiempo en la cocina local malgache, tambi\u00e9n representa una artesan\u00eda ancestral. Su recolecci\u00f3n silvestre la convierte en un producto raro, dependiente de las estaciones y del ritmo natural del bosque. Elegir esta pimienta significa descubrir una especia aut\u00e9ntica y preservada.  <\/p>\n<h2 data-start=\"1687\" data-end=\"1736\">C\u00f3mo utilizar la pimienta silvestre en la cocina<\/h2>\n<p data-start=\"1738\" data-end=\"1874\">La pimienta silvestre de Madagascar se utiliza como cualquier otra pimienta, pero todo su sabor se revela cuando est\u00e1 reci\u00e9n molida o machacada.<\/p>\n<p data-start=\"1876\" data-end=\"2059\"><strong>En Madagascar<\/strong>, se utiliza tradicionalmente para aromatizar platos cocinados a fuego lento, carnes y salsas caseras. Combina especialmente bien con platos de ave y carne roja. <\/p>\n<p data-start=\"2061\" data-end=\"2283\">En la <strong>cocina francesa<\/strong> y europea, se utiliza para condimentar salsas, carpaccios y platos de pescado. Su sabor ligeramente alimonado combina muy bien con el marisco y las verduras a la parrilla. <\/p>\n<p data-start=\"2285\" data-end=\"2473\">Los cocineros tambi\u00e9n lo utilizan en recetas dulces. Por ejemplo, da un toque original a los postres de chocolate, frutas ex\u00f3ticas o preparaciones a base de caramelo. <\/p>\n<h3 data-start=\"2207\" data-end=\"2234\"><\/h3>\n<h2 data-start=\"2207\" data-end=\"2234\">Informaci\u00f3n sobre el producto<\/h2>\n<ul data-start=\"2236\" data-end=\"2567\">\n<li data-start=\"2236\" data-end=\"2278\">\n<p data-start=\"2238\" data-end=\"2278\"><strong data-start=\"2238\" data-end=\"2255\">Nombre bot\u00e1nico<\/strong>: <em data-start=\"2258\" data-end=\"2276\">Piper borbonense<\/em><\/p>\n<\/li>\n<li data-start=\"2347\" data-end=\"2396\">\n<p data-start=\"2349\" data-end=\"2396\"><strong data-start=\"2349\" data-end=\"2360\">Origen<\/strong>: Sureste de Madagascar<\/p>\n<\/li>\n<li data-start=\"2438\" data-end=\"2462\">\n<p data-start=\"2440\" data-end=\"2462\"><strong data-start=\"2440\" data-end=\"2453\">Peso neto<\/strong>: 25 g<\/p>\n<\/li>\n<li data-start=\"2463\" data-end=\"2507\">\n<p data-start=\"2465\" data-end=\"2507\"><strong data-start=\"2465\" data-end=\"2505\">Envasado en Francia  <\/strong><\/p>\n<\/li>\n<li data-start=\"2508\" data-end=\"2567\">\n<p data-start=\"2510\" data-end=\"2567\">Producto 100% natural<\/p>\n<\/li>\n<\/ul>\n<p>&nbsp;<\/p>\n<h2 data-start=\"171\" data-end=\"208\">FAQ &#8211; Pimienta silvestre de Madagascar<\/h2>\n<p data-start=\"210\" data-end=\"594\"><strong data-start=\"210\" data-end=\"269\">\u00bfLa pimienta silvestre es m\u00e1s fuerte que la pimienta negra?<\/strong><br data-start=\"269\" data-end=\"272\">No. La voatsiperifery tiene un picor generalmente m\u00e1s suave y gradual que la pimienta negra cl\u00e1sica. Calienta menos r\u00e1pidamente el paladar, pero desarrolla m\u00e1s aromas: notas amaderadas, frescas y a veces ligeramente alimonadas. Por eso es ideal para condimentar un plato sin enmascarar el sabor de los dem\u00e1s ingredientes.   <\/p>\n<p data-start=\"601\" data-end=\"1062\"><strong data-start=\"601\" data-end=\"645\">\u00bfSe puede utilizar en todos los platos?<\/strong><br data-start=\"645\" data-end=\"648\">S\u00ed, puede sustituir a la pimienta negra en la mayor\u00eda de las recetas. Es especialmente adecuada para la carne, el marisco, las verduras a la parrilla y las salsas. Tambi\u00e9n es apreciada en ciertas recetas dulces, sobre todo con chocolate negro, frutas ex\u00f3ticas o postres caramelizados. Para conservar su sabor, recomendamos a\u00f1adirla al final de la cocci\u00f3n o justo antes de servir.    <\/p>\n<p data-start=\"1069\" data-end=\"1424\"><strong data-start=\"1069\" data-end=\"1117\">\u00bfSe cultiva o se recolecta en estado salvaje?<\/strong><br data-start=\"1117\" data-end=\"1120\">La pimienta Voatsiperifery se recolecta de forma silvestre en los bosques de Madagascar. Crece de forma natural como enredadera trepadora en los \u00e1rboles. Se recolecta estacionalmente y a mano, lo que explica su rareza y su car\u00e1cter artesanal.  <\/p>\n<p data-start=\"1431\" data-end=\"1845\"><strong data-start=\"1431\" data-end=\"1484\">\u00bfEs esta pimienta respetuosa con el medio ambiente?<\/strong><br data-start=\"1484\" data-end=\"1487\">S\u00ed, su recolecci\u00f3n no requiere siembra intensiva, pesticidas ni fertilizantes qu\u00edmicos. Los recolectores s\u00f3lo seleccionan las bayas maduras, permitiendo que la planta contin\u00fae su ciclo natural. Este m\u00e9todo de recolecci\u00f3n ayuda a preservar la biodiversidad forestal y apoya a las comunidades locales que viven de este recurso tradicional.   <\/p>\n<p data-start=\"1852\" data-end=\"2218\"><strong data-start=\"1852\" data-end=\"1878\">\u00bfC\u00f3mo lo conservas?<\/strong><br data-start=\"1878\" data-end=\"1881\">Para conservar sus aromas, guarda las jud\u00edas enteras en un recipiente herm\u00e9tico, lejos de la humedad, el calor y la luz. Evita molerla con antelaci\u00f3n: machacarla o molerla justo antes de usarla conserva sus aceites arom\u00e1ticos naturales y le da un sabor m\u00e1s intenso. <\/p>\n","protected":false},"excerpt":{"rendered":"<p>Pimienta silvestre Voatsiperifery &#8211; Especia excepcional de Madagascar &nbsp; La pimienta silvestre de Madagascar, conocida como Voatsiperifery, es una rara [&hellip;]<\/p>\n","protected":false},"featured_media":2288,"template":"","meta":{"site-sidebar-layout":"default","site-content-layout":"","ast-site-content-layout":"default","site-content-style":"default","site-sidebar-style":"default","ast-global-header-display":"","ast-banner-title-visibility":"","ast-main-header-display":"","ast-hfb-above-header-display":"","ast-hfb-below-header-display":"","ast-hfb-mobile-header-display":"","site-post-title":"","ast-breadcrumbs-content":"","ast-featured-img":"","footer-sml-layout":"","ast-disable-related-posts":"","theme-transparent-header-meta":"default","adv-header-id-meta":"","stick-header-meta":"","header-above-stick-meta":"","header-main-stick-meta":"","header-below-stick-meta":"","astra-migrate-meta-layouts":"default","ast-page-background-enabled":"default","ast-page-background-meta":{"desktop":{"background-color":"var(--ast-global-color-5)","background-image":"","background-repeat":"repeat","background-position":"center center","background-size":"auto","background-attachment":"scroll","background-type":"","background-media":"","overlay-type":"","overlay-color":"","overlay-opacity":"","overlay-gradient":""},"tablet":{"background-color":"","background-image":"","background-repeat":"repeat","background-position":"center center","background-size":"auto","background-attachment":"scroll","background-type":"","background-media":"","overlay-type":"","overlay-color":"","overlay-opacity":"","overlay-gradient":""},"mobile":{"background-color":"","background-image":"","background-repeat":"repeat","background-position":"center center","background-size":"auto","background-attachment":"scroll","background-type":"","background-media":"","overlay-type":"","overlay-color":"","overlay-opacity":"","overlay-gradient":""}},"ast-content-background-meta":{"desktop":{"background-color":"var(--ast-global-color-4)","background-image":"","background-repeat":"repeat","background-position":"center center","background-size":"auto","background-attachment":"scroll","background-type":"","background-media":"","overlay-type":"","overlay-color":"","overlay-opacity":"","overlay-gradient":""},"tablet":{"background-color":"var(--ast-global-color-4)","background-image":"","background-repeat":"repeat","background-position":"center center","background-size":"auto","background-attachment":"scroll","background-type":"","background-media":"","overlay-type":"","overlay-color":"","overlay-opacity":"","overlay-gradient":""},"mobile":{"background-color":"var(--ast-global-color-4)","background-image":"","background-repeat":"repeat","background-position":"center center","background-size":"auto","background-attachment":"scroll","background-type":"","background-media":"","overlay-type":"","overlay-color":"","overlay-opacity":"","overlay-gradient":""}}},"product_brand":[],"product_cat":[2710,1649],"product_tag":[],"class_list":{"0":"post-2287","1":"product","2":"type-product","3":"status-publish","4":"has-post-thumbnail","6":"product_cat-especias","7":"product_cat-especias-superalimentos","8":"pa_origine-madagascar-es","9":"pa_taille-25-g-es","10":"pa_taille-50-g-es","11":"pa_type-produit-granos","12":"pa_usage-cocina","13":"pa_usage-infusion-es","14":"pa_usage-pasteleria","15":"desktop-align-left","16":"tablet-align-left","17":"mobile-align-left","19":"first","20":"instock","21":"taxable","22":"shipping-taxable","23":"purchasable","24":"product-type-variable","25":"has-default-attributes"},"yoast_head":"<!-- This site is optimized with the Yoast SEO plugin v27.2 - https:\/\/yoast.com\/product\/yoast-seo-wordpress\/ -->\n<title>Voatsiperifery Pimienta silvestre 25 g - Madagascar | Naturamada<\/title>\n<meta name=\"description\" content=\"Granos de pimienta Voatsiperifery, recolectados en los bosques de Madagascar. Una especia excepcional con notas amaderadas y alimonadas, apreciada por los entendidos.\" \/>\n<meta name=\"robots\" content=\"index, follow, max-snippet:-1, max-image-preview:large, max-video-preview:-1\" \/>\n<link rel=\"canonical\" href=\"https:\/\/naturamada.com\/es\/producto\/pimienta-voatsiperifery-25-g\/\" \/>\n<meta property=\"og:locale\" content=\"es_ES\" \/>\n<meta property=\"og:type\" content=\"article\" \/>\n<meta property=\"og:title\" content=\"Voatsiperifery Pimienta silvestre 25 g - Madagascar | Naturamada\" \/>\n<meta property=\"og:description\" content=\"Granos de pimienta Voatsiperifery, recolectados en los bosques de Madagascar. Una especia excepcional con notas amaderadas y alimonadas, apreciada por los entendidos.\" \/>\n<meta property=\"og:url\" content=\"https:\/\/naturamada.com\/es\/producto\/pimienta-voatsiperifery-25-g\/\" \/>\n<meta property=\"og:site_name\" content=\"Naturamada\" \/>\n<meta property=\"article:publisher\" content=\"https:\/\/www.facebook.com\/Naturamada.shop\/\" \/>\n<meta property=\"article:modified_time\" content=\"2026-04-01T11:50:29+00:00\" \/>\n<meta property=\"og:image\" content=\"https:\/\/naturamada.com\/wp-content\/uploads\/2025\/07\/poivre-voatsiperifery-madagascar-naturamada-2.jpg\" \/>\n\t<meta property=\"og:image:width\" content=\"2000\" \/>\n\t<meta property=\"og:image:height\" content=\"2000\" \/>\n\t<meta property=\"og:image:type\" content=\"image\/jpeg\" \/>\n<script type=\"application\/ld+json\" class=\"yoast-schema-graph\">{\"@context\":\"https:\/\/schema.org\",\"@graph\":[{\"@type\":\"WebPage\",\"@id\":\"https:\/\/naturamada.com\/es\/producto\/pimienta-voatsiperifery-25-g\/\",\"url\":\"https:\/\/naturamada.com\/es\/producto\/pimienta-voatsiperifery-25-g\/\",\"name\":\"Voatsiperifery Pimienta silvestre 25 g - Madagascar | Naturamada\",\"isPartOf\":{\"@id\":\"https:\/\/naturamada.com\/es\/#website\"},\"primaryImageOfPage\":{\"@id\":\"https:\/\/naturamada.com\/es\/producto\/pimienta-voatsiperifery-25-g\/#primaryimage\"},\"image\":{\"@id\":\"https:\/\/naturamada.com\/es\/producto\/pimienta-voatsiperifery-25-g\/#primaryimage\"},\"thumbnailUrl\":\"https:\/\/naturamada.com\/wp-content\/uploads\/2025\/07\/poivre-voatsiperifery-madagascar-naturamada-2.jpg\",\"datePublished\":\"2025-07-03T13:32:35+00:00\",\"dateModified\":\"2026-04-01T11:50:29+00:00\",\"description\":\"Granos de pimienta Voatsiperifery, recolectados en los bosques de Madagascar. Una especia excepcional con notas amaderadas y alimonadas, apreciada por los entendidos.\",\"breadcrumb\":{\"@id\":\"https:\/\/naturamada.com\/es\/producto\/pimienta-voatsiperifery-25-g\/#breadcrumb\"},\"inLanguage\":\"es\",\"potentialAction\":[{\"@type\":\"ReadAction\",\"target\":[\"https:\/\/naturamada.com\/es\/producto\/pimienta-voatsiperifery-25-g\/\"]}]},{\"@type\":\"ImageObject\",\"inLanguage\":\"es\",\"@id\":\"https:\/\/naturamada.com\/es\/producto\/pimienta-voatsiperifery-25-g\/#primaryimage\",\"url\":\"https:\/\/naturamada.com\/wp-content\/uploads\/2025\/07\/poivre-voatsiperifery-madagascar-naturamada-2.jpg\",\"contentUrl\":\"https:\/\/naturamada.com\/wp-content\/uploads\/2025\/07\/poivre-voatsiperifery-madagascar-naturamada-2.jpg\",\"width\":2000,\"height\":2000},{\"@type\":\"BreadcrumbList\",\"@id\":\"https:\/\/naturamada.com\/es\/producto\/pimienta-voatsiperifery-25-g\/#breadcrumb\",\"itemListElement\":[{\"@type\":\"ListItem\",\"position\":1,\"name\":\"Inicio\",\"item\":\"https:\/\/naturamada.com\/es\/\"},{\"@type\":\"ListItem\",\"position\":2,\"name\":\"Tienda\",\"item\":\"https:\/\/naturamada.com\/es\/tienda\/\"},{\"@type\":\"ListItem\",\"position\":3,\"name\":\"Pimienta Voatsiperifery\"}]},{\"@type\":\"WebSite\",\"@id\":\"https:\/\/naturamada.com\/es\/#website\",\"url\":\"https:\/\/naturamada.com\/es\/\",\"name\":\"Naturamada\",\"description\":\"Epices, Superaliments et Pierres pour le bien-\u00eatre et la cuisine\",\"publisher\":{\"@id\":\"https:\/\/naturamada.com\/es\/#organization\"},\"potentialAction\":[{\"@type\":\"SearchAction\",\"target\":{\"@type\":\"EntryPoint\",\"urlTemplate\":\"https:\/\/naturamada.com\/es\/?s={search_term_string}\"},\"query-input\":{\"@type\":\"PropertyValueSpecification\",\"valueRequired\":true,\"valueName\":\"search_term_string\"}}],\"inLanguage\":\"es\"},{\"@type\":\"Organization\",\"@id\":\"https:\/\/naturamada.com\/es\/#organization\",\"name\":\"Naturamada\",\"url\":\"https:\/\/naturamada.com\/es\/\",\"logo\":{\"@type\":\"ImageObject\",\"inLanguage\":\"es\",\"@id\":\"https:\/\/naturamada.com\/es\/#\/schema\/logo\/image\/\",\"url\":\"https:\/\/naturamada.com\/wp-content\/uploads\/2025\/07\/cropped-Naturamada-10.png\",\"contentUrl\":\"https:\/\/naturamada.com\/wp-content\/uploads\/2025\/07\/cropped-Naturamada-10.png\",\"width\":1366,\"height\":455,\"caption\":\"Naturamada\"},\"image\":{\"@id\":\"https:\/\/naturamada.com\/es\/#\/schema\/logo\/image\/\"},\"sameAs\":[\"https:\/\/www.facebook.com\/Naturamada.shop\/\",\"https:\/\/www.instagram.com\/naturamada.officiel\/\"]}]}<\/script>\n<!-- \/ Yoast SEO plugin. -->","yoast_head_json":{"title":"Voatsiperifery Pimienta silvestre 25 g - Madagascar | Naturamada","description":"Granos de pimienta Voatsiperifery, recolectados en los bosques de Madagascar. Una especia excepcional con notas amaderadas y alimonadas, apreciada por los entendidos.","robots":{"index":"index","follow":"follow","max-snippet":"max-snippet:-1","max-image-preview":"max-image-preview:large","max-video-preview":"max-video-preview:-1"},"canonical":"https:\/\/naturamada.com\/es\/producto\/pimienta-voatsiperifery-25-g\/","og_locale":"es_ES","og_type":"article","og_title":"Voatsiperifery Pimienta silvestre 25 g - Madagascar | Naturamada","og_description":"Granos de pimienta Voatsiperifery, recolectados en los bosques de Madagascar. Una especia excepcional con notas amaderadas y alimonadas, apreciada por los entendidos.","og_url":"https:\/\/naturamada.com\/es\/producto\/pimienta-voatsiperifery-25-g\/","og_site_name":"Naturamada","article_publisher":"https:\/\/www.facebook.com\/Naturamada.shop\/","article_modified_time":"2026-04-01T11:50:29+00:00","og_image":[{"width":2000,"height":2000,"url":"https:\/\/naturamada.com\/wp-content\/uploads\/2025\/07\/poivre-voatsiperifery-madagascar-naturamada-2.jpg","type":"image\/jpeg"}],"schema":{"@context":"https:\/\/schema.org","@graph":[{"@type":"WebPage","@id":"https:\/\/naturamada.com\/es\/producto\/pimienta-voatsiperifery-25-g\/","url":"https:\/\/naturamada.com\/es\/producto\/pimienta-voatsiperifery-25-g\/","name":"Voatsiperifery Pimienta silvestre 25 g - Madagascar | Naturamada","isPartOf":{"@id":"https:\/\/naturamada.com\/es\/#website"},"primaryImageOfPage":{"@id":"https:\/\/naturamada.com\/es\/producto\/pimienta-voatsiperifery-25-g\/#primaryimage"},"image":{"@id":"https:\/\/naturamada.com\/es\/producto\/pimienta-voatsiperifery-25-g\/#primaryimage"},"thumbnailUrl":"https:\/\/naturamada.com\/wp-content\/uploads\/2025\/07\/poivre-voatsiperifery-madagascar-naturamada-2.jpg","datePublished":"2025-07-03T13:32:35+00:00","dateModified":"2026-04-01T11:50:29+00:00","description":"Granos de pimienta Voatsiperifery, recolectados en los bosques de Madagascar. Una especia excepcional con notas amaderadas y alimonadas, apreciada por los entendidos.","breadcrumb":{"@id":"https:\/\/naturamada.com\/es\/producto\/pimienta-voatsiperifery-25-g\/#breadcrumb"},"inLanguage":"es","potentialAction":[{"@type":"ReadAction","target":["https:\/\/naturamada.com\/es\/producto\/pimienta-voatsiperifery-25-g\/"]}]},{"@type":"ImageObject","inLanguage":"es","@id":"https:\/\/naturamada.com\/es\/producto\/pimienta-voatsiperifery-25-g\/#primaryimage","url":"https:\/\/naturamada.com\/wp-content\/uploads\/2025\/07\/poivre-voatsiperifery-madagascar-naturamada-2.jpg","contentUrl":"https:\/\/naturamada.com\/wp-content\/uploads\/2025\/07\/poivre-voatsiperifery-madagascar-naturamada-2.jpg","width":2000,"height":2000},{"@type":"BreadcrumbList","@id":"https:\/\/naturamada.com\/es\/producto\/pimienta-voatsiperifery-25-g\/#breadcrumb","itemListElement":[{"@type":"ListItem","position":1,"name":"Inicio","item":"https:\/\/naturamada.com\/es\/"},{"@type":"ListItem","position":2,"name":"Tienda","item":"https:\/\/naturamada.com\/es\/tienda\/"},{"@type":"ListItem","position":3,"name":"Pimienta Voatsiperifery"}]},{"@type":"WebSite","@id":"https:\/\/naturamada.com\/es\/#website","url":"https:\/\/naturamada.com\/es\/","name":"Naturamada","description":"Epices, Superaliments et Pierres pour le bien-\u00eatre et la cuisine","publisher":{"@id":"https:\/\/naturamada.com\/es\/#organization"},"potentialAction":[{"@type":"SearchAction","target":{"@type":"EntryPoint","urlTemplate":"https:\/\/naturamada.com\/es\/?s={search_term_string}"},"query-input":{"@type":"PropertyValueSpecification","valueRequired":true,"valueName":"search_term_string"}}],"inLanguage":"es"},{"@type":"Organization","@id":"https:\/\/naturamada.com\/es\/#organization","name":"Naturamada","url":"https:\/\/naturamada.com\/es\/","logo":{"@type":"ImageObject","inLanguage":"es","@id":"https:\/\/naturamada.com\/es\/#\/schema\/logo\/image\/","url":"https:\/\/naturamada.com\/wp-content\/uploads\/2025\/07\/cropped-Naturamada-10.png","contentUrl":"https:\/\/naturamada.com\/wp-content\/uploads\/2025\/07\/cropped-Naturamada-10.png","width":1366,"height":455,"caption":"Naturamada"},"image":{"@id":"https:\/\/naturamada.com\/es\/#\/schema\/logo\/image\/"},"sameAs":["https:\/\/www.facebook.com\/Naturamada.shop\/","https:\/\/www.instagram.com\/naturamada.officiel\/"]}]}},"_links":{"self":[{"href":"https:\/\/naturamada.com\/es\/wp-json\/wp\/v2\/product\/2287","targetHints":{"allow":["GET"]}}],"collection":[{"href":"https:\/\/naturamada.com\/es\/wp-json\/wp\/v2\/product"}],"about":[{"href":"https:\/\/naturamada.com\/es\/wp-json\/wp\/v2\/types\/product"}],"wp:featuredmedia":[{"embeddable":true,"href":"https:\/\/naturamada.com\/es\/wp-json\/wp\/v2\/media\/2288"}],"wp:attachment":[{"href":"https:\/\/naturamada.com\/es\/wp-json\/wp\/v2\/media?parent=2287"}],"wp:term":[{"taxonomy":"product_brand","embeddable":true,"href":"https:\/\/naturamada.com\/es\/wp-json\/wp\/v2\/product_brand?post=2287"},{"taxonomy":"product_cat","embeddable":true,"href":"https:\/\/naturamada.com\/es\/wp-json\/wp\/v2\/product_cat?post=2287"},{"taxonomy":"product_tag","embeddable":true,"href":"https:\/\/naturamada.com\/es\/wp-json\/wp\/v2\/product_tag?post=2287"}],"curies":[{"name":"wp","href":"https:\/\/api.w.org\/{rel}","templated":true}]}}