{"id":2255,"date":"2025-07-03T13:02:39","date_gmt":"2025-07-03T13:02:39","guid":{"rendered":"https:\/\/naturamada.com\/produit\/moringa-en-polvo-50-g\/"},"modified":"2026-03-17T19:27:06","modified_gmt":"2026-03-17T19:27:06","slug":"moringa-en-polvo-50-g","status":"publish","type":"product","link":"https:\/\/naturamada.com\/es\/producto\/moringa-en-polvo-50-g\/","title":{"rendered":"Moringa ole\u00edfera"},"content":{"rendered":"<h1 data-start=\"537\" data-end=\"593\">Naturamada Moringa en polvo &#8211; <em>Moringa oleifera<\/em><\/h1>\n<p>La moringa es un \u00e1rbol tropical emblem\u00e1tico. Pertenece a la familia de las Moring\u00e1ceas. Originario del norte de la India, luego se extendi\u00f3 ampliamente por \u00c1frica, Asia y las regiones tropicales del mundo. Hoy se encuentra en Madagascar, donde se conoce como<strong data-start=\"866\" data-end=\"878\">Ananambo<\/strong>. All\u00ed es donde recolectamos sus hojas. Despu\u00e9s se secan de forma natural y se muelen hasta convertirlas en polvo. Este proceso tradicional conserva su intenso color verde, as\u00ed como su sabor dulce y ligeramente herbal. Aunque est\u00e1 profundamente arraigada en las culturas culinarias tropicales, la moringa sigue siendo poco conocida en la cocina occidental.       <\/p>\n<h2>\u00bfPor qu\u00e9 elegir moringa en polvo?<\/h2>\n<p>Durante siglos, las hojas de moringa han formado parte de la dieta tradicional de muchas poblaciones. En muchas partes del mundo se suele denominar a la moringa <strong>\u00ab\u00e1rbol de la vida\u00bb<\/strong>. Se sabe que las hojas son naturalmente<strong data-start=\"1523\" data-end=\"1594\"> ricas en vitaminas y antioxidantes<\/strong>, lo que las convierte en un ingrediente ideal para rutinas suaves de desintoxicaci\u00f3n, periodos de transici\u00f3n diet\u00e9tica o esfuerzos por volver a una dieta m\u00e1s sencilla, basada en plantas.  <\/p>\n<h2>Incorpora la moringa a tus recetas diarias<\/h2>\n<p><strong>Tradicionalmente,<\/strong> la moringa se consume en forma de hojas frescas o secas en platos locales. En<strong> Madagascar<\/strong>, las hojas de moringa se utilizan tradicionalmente en <strong data-start=\"1980\" data-end=\"1992\">romazava<\/strong>, el caldo caracter\u00edstico de la isla, para acompa\u00f1ar el arroz.<\/p>\n<p>Hoy en d\u00eda, este polvo verde puede utilizarse en <strong>multitud de preparaciones<\/strong>. Su delicado sabor no enmascara los dem\u00e1s ingredientes, lo que facilita su incorporaci\u00f3n.<br \/>\n<strong>Los batidos<\/strong> y <strong>zumos frescos<\/strong> son el punto de entrada m\u00e1s accesible. Una cucharadita mezclada con un pl\u00e1tano, leche vegetal, espinacas y mantequilla de almendras crea un <strong>desayuno energizante<\/strong>. La cocina tradicional india lo utiliza en el <strong>curry de<\/strong> verduras y <strong>las sopas de lentejas<\/strong>. En Senegal, el <strong>thiebou dieun<\/strong> (arroz con pescado) se adorna a veces con hojas frescas o polvo al final de la cocci\u00f3n. Esta pr\u00e1ctica enriquece los platos sin alterar fundamentalmente su perfil de sabor.<br \/>\nLa reposter\u00eda tambi\u00e9n est\u00e1 adoptando este nutritivo polvo, con <strong>bolas energ\u00e9ticas<\/strong>, <strong>barritas de granola<\/strong> <strong>caseras<\/strong>, <strong>magdalenas de<\/strong> pl\u00e1tano y <strong>tortitas de<\/strong> fin de semana.      Combinado con cacao, coco rallado o d\u00e1tiles, se integra armoniosamente en <strong>postres gourmet<\/strong>.<br \/>\n<strong>Los aderezos<\/strong> y <strong>salsas<\/strong> cremosos agradecen este toque verde. Mezclado con tahini, lim\u00f3n y ajo, transforma una salsa b\u00e1sica en un <strong>condimento lleno de vitaminas<\/strong> para <strong>ensaladas<\/strong> mixtas o <strong>cuencos coloridos<\/strong>. <\/p>\n<h2>Bebidas e infusiones de moringa<\/h2>\n<p>El polvo de moringa se presta maravillosamente a las bebidas calientes y fr\u00edas, ofreciendo una interesante alternativa a los t\u00e9s e infusiones tradicionales.<\/p>\n<p>En la India, cuna de la moringa, forma parte de las pr\u00e1cticas tradicionales del <strong>Ayurveda<\/strong>. De hecho, se utiliza una simple infusi\u00f3n del polvo en agua caliente durante los descansos. En algunas regiones, se a\u00f1ade <a href=\"https:\/\/naturamada.com\/produit\/poudre-de-gingembre-50-g\/\">jengibre<\/a> y <strong>miel<\/strong> para crear una bebida reconfortante con notas picantes.<br \/>\nEn Filipinas, donde <strong>el malunggay<\/strong> (nombre local de la moringa) es omnipresente, se bebe en infusi\u00f3n despu\u00e9s de las comidas. Este h\u00e1bito forma parte de una tradici\u00f3n de bienestar transmitida de generaci\u00f3n en generaci\u00f3n.   <\/p>\n<p><strong>Los caf\u00e9s con leche de moringa<\/strong> son cada vez m\u00e1s populares en las cafeter\u00edas de bienestar de todo el mundo. Batido con espumosa <strong>leche de avena<\/strong>, un toque de<strong> sirope de arce<\/strong> y una pizca de <strong>cardamomo<\/strong>, el polvo crea una bebida suave y visualmente espectacular gracias a su tono verde esmeralda.<strong>El agua detox<\/strong> es la opci\u00f3n m\u00e1s minimalista: polvo de moringa, rodajas de pepino, hojas de menta y agua filtrada crean una bebida que quita la sed, ideal para los d\u00edas calurosos.  <\/p>\n<h2>Informaci\u00f3n sobre el producto<\/h2>\n<p>Nombre bot\u00e1nico :  <em>Moringa oleifera<\/em><br \/>\nOrigen: Madagascar<br \/>\nPolvo de hojas secas<br \/>\nEnvasado en Francia<\/p>\n<h2 data-start=\"154\" data-end=\"180\">FAQ &#8211; Moringa Ole\u00edfera en polvo<\/h2>\n<p data-start=\"182\" data-end=\"562\"><strong data-start=\"182\" data-end=\"220\">\u00bfA qu\u00e9 sabe la moringa en polvo?<\/strong><br data-start=\"220\" data-end=\"223\">La moringa en polvo tiene un sabor vegetal, ligeramente herb\u00e1ceo, similar al de ciertas plantas verdes o al del <strong>t\u00e9 matcha<\/strong>. Su sabor sigue siendo suave pero caracter\u00edstico. Se puede incorporar f\u00e1cilmente a bebidas, batidos o preparaciones culinarias, a menudo combinado con fruta o miel para equilibrar su sabor natural.<\/p>\n<p data-start=\"569\" data-end=\"1154\"><strong data-start=\"569\" data-end=\"613\">\u00bfC\u00f3mo debe utilizarse la moringa en polvo?<\/strong><br data-start=\"613\" data-end=\"616\">La moringa puede mezclarse con zumos, batidos y yogures. Tambi\u00e9n puede utilizarse como infusi\u00f3n. Como con cualquier planta consumida regularmente, es aconsejable consultar a un profesional de la salud antes de un consumo prolongado.  <\/p>\n<p data-start=\"1161\" data-end=\"1626\"><strong data-start=\"1161\" data-end=\"1213\">\u00bfCu\u00e1les son los usos tradicionales de la moringa?<\/strong><br data-start=\"1213\" data-end=\"1216\">La moringa se consume desde hace siglos en muchas partes de \u00c1frica y Asia. Las hojas secas y pulverizadas se incluyen tradicionalmente en la comida cotidiana para enriquecer los platos. A menudo se a\u00f1aden a caldos, salsas, bebidas o preparaciones familiares. Por tanto, la moringa se considera un ingrediente vers\u00e1til en muchas culturas culinarias.   <\/p>\n<p data-start=\"1996\" data-end=\"2412\"><strong data-start=\"1996\" data-end=\"2040\">\u00bfC\u00f3mo debe conservarse la moringa en polvo?<\/strong><br data-start=\"2040\" data-end=\"2043\">Guarda el polvo en un lugar seco, lejos de la luz, el calor y la humedad, en un recipiente herm\u00e9tico.<\/p>\n","protected":false},"excerpt":{"rendered":"<p><strong>Origen:<\/strong> Hojas de Moringa secadas naturalmente, recolectadas a mano en Madagascar.<br \/>\n<strong>Composici\u00f3n<\/strong>: Polvo de hoja de Moringa oleifera 100% natural.<br \/>\n<strong>Uso:<\/strong> Ideal para infusiones, t\u00e9s de bienestar, salsas, batidos, panes, cereales y guisos.<br \/>\n<strong>Sabor:<\/strong> Sabor suave a hierbas.<\/p>\n","protected":false},"featured_media":3666,"template":"","meta":{"site-sidebar-layout":"default","site-content-layout":"","ast-site-content-layout":"default","site-content-style":"default","site-sidebar-style":"default","ast-global-header-display":"","ast-banner-title-visibility":"","ast-main-header-display":"","ast-hfb-above-header-display":"","ast-hfb-below-header-display":"","ast-hfb-mobile-header-display":"","site-post-title":"","ast-breadcrumbs-content":"","ast-featured-img":"","footer-sml-layout":"","ast-disable-related-posts":"","theme-transparent-header-meta":"default","adv-header-id-meta":"","stick-header-meta":"","header-above-stick-meta":"","header-main-stick-meta":"","header-below-stick-meta":"","astra-migrate-meta-layouts":"default","ast-page-background-enabled":"default","ast-page-background-meta":{"desktop":{"background-color":"var(--ast-global-color-5)","background-image":"","background-repeat":"repeat","background-position":"center center","background-size":"auto","background-attachment":"scroll","background-type":"","background-media":"","overlay-type":"","overlay-color":"","overlay-opacity":"","overlay-gradient":""},"tablet":{"background-color":"","background-image":"","background-repeat":"repeat","background-position":"center center","background-size":"auto","background-attachment":"scroll","background-type":"","background-media":"","overlay-type":"","overlay-color":"","overlay-opacity":"","overlay-gradient":""},"mobile":{"background-color":"","background-image":"","background-repeat":"repeat","background-position":"center center","background-size":"auto","background-attachment":"scroll","background-type":"","background-media":"","overlay-type":"","overlay-color":"","overlay-opacity":"","overlay-gradient":""}},"ast-content-background-meta":{"desktop":{"background-color":"var(--ast-global-color-4)","background-image":"","background-repeat":"repeat","background-position":"center center","background-size":"auto","background-attachment":"scroll","background-type":"","background-media":"","overlay-type":"","overlay-color":"","overlay-opacity":"","overlay-gradient":""},"tablet":{"background-color":"var(--ast-global-color-4)","background-image":"","background-repeat":"repeat","background-position":"center center","background-size":"auto","background-attachment":"scroll","background-type":"","background-media":"","overlay-type":"","overlay-color":"","overlay-opacity":"","overlay-gradient":""},"mobile":{"background-color":"var(--ast-global-color-4)","background-image":"","background-repeat":"repeat","background-position":"center center","background-size":"auto","background-attachment":"scroll","background-type":"","background-media":"","overlay-type":"","overlay-color":"","overlay-opacity":"","overlay-gradient":""}}},"product_brand":[258],"product_cat":[1649,2685],"product_tag":[],"class_list":{"0":"post-2255","1":"product","2":"type-product","3":"status-publish","4":"has-post-thumbnail","6":"product_brand-naturamada","7":"product_cat-especias-superalimentos","8":"product_cat-superalimentos","9":"pa_origine-madagascar-es","10":"pa_taille-25-g-es","11":"pa_taille-50-g-es","12":"pa_type-produit-hoja-seca","13":"pa_type-produit-polvo","14":"pa_usage-batido","15":"pa_usage-bienestar","16":"pa_usage-cocina","17":"pa_usage-infusion-es","18":"desktop-align-left","19":"tablet-align-left","20":"mobile-align-left","22":"first","23":"instock","24":"taxable","25":"shipping-taxable","26":"purchasable","27":"product-type-variable","28":"has-default-attributes"},"yoast_head":"<!-- This site is optimized with the Yoast SEO plugin v27.2 - https:\/\/yoast.com\/product\/yoast-seo-wordpress\/ -->\n<title>Moringa oleifera en polvo - Madagascar | Naturamada<\/title>\n<meta name=\"description\" content=\"Polvo de moringa Naturamada elaborado a partir de hojas recolectadas en Madagascar. Una planta tradicional utilizada en cocina y como infusi\u00f3n, con un suave sabor herbal.\" \/>\n<meta name=\"robots\" content=\"index, follow, max-snippet:-1, max-image-preview:large, max-video-preview:-1\" \/>\n<link rel=\"canonical\" href=\"https:\/\/naturamada.com\/es\/producto\/moringa-en-polvo-50-g\/\" \/>\n<meta property=\"og:locale\" content=\"es_ES\" \/>\n<meta property=\"og:type\" content=\"article\" \/>\n<meta property=\"og:title\" content=\"Moringa oleifera en polvo - Madagascar | Naturamada\" \/>\n<meta property=\"og:description\" content=\"Polvo de moringa Naturamada elaborado a partir de hojas recolectadas en Madagascar. Una planta tradicional utilizada en cocina y como infusi\u00f3n, con un suave sabor herbal.\" \/>\n<meta property=\"og:url\" content=\"https:\/\/naturamada.com\/es\/producto\/moringa-en-polvo-50-g\/\" \/>\n<meta property=\"og:site_name\" content=\"Naturamada\" \/>\n<meta property=\"article:publisher\" content=\"https:\/\/www.facebook.com\/Naturamada.shop\/\" \/>\n<meta property=\"article:modified_time\" content=\"2026-03-17T19:27:06+00:00\" \/>\n<meta property=\"og:image\" content=\"https:\/\/naturamada.com\/wp-content\/uploads\/2025\/07\/Poudre-Moringa-Naturamada.webp\" \/>\n\t<meta property=\"og:image:width\" content=\"2000\" \/>\n\t<meta property=\"og:image:height\" content=\"2000\" \/>\n\t<meta property=\"og:image:type\" content=\"image\/webp\" \/>\n<script type=\"application\/ld+json\" class=\"yoast-schema-graph\">{\"@context\":\"https:\/\/schema.org\",\"@graph\":[{\"@type\":\"WebPage\",\"@id\":\"https:\/\/naturamada.com\/es\/producto\/moringa-en-polvo-50-g\/\",\"url\":\"https:\/\/naturamada.com\/es\/producto\/moringa-en-polvo-50-g\/\",\"name\":\"Moringa oleifera en polvo - Madagascar | Naturamada\",\"isPartOf\":{\"@id\":\"https:\/\/naturamada.com\/es\/#website\"},\"primaryImageOfPage\":{\"@id\":\"https:\/\/naturamada.com\/es\/producto\/moringa-en-polvo-50-g\/#primaryimage\"},\"image\":{\"@id\":\"https:\/\/naturamada.com\/es\/producto\/moringa-en-polvo-50-g\/#primaryimage\"},\"thumbnailUrl\":\"https:\/\/naturamada.com\/wp-content\/uploads\/2025\/07\/Poudre-Moringa-Naturamada.webp\",\"datePublished\":\"2025-07-03T13:02:39+00:00\",\"dateModified\":\"2026-03-17T19:27:06+00:00\",\"description\":\"Polvo de moringa Naturamada elaborado a partir de hojas recolectadas en Madagascar. Una planta tradicional utilizada en cocina y como infusi\u00f3n, con un suave sabor herbal.\",\"breadcrumb\":{\"@id\":\"https:\/\/naturamada.com\/es\/producto\/moringa-en-polvo-50-g\/#breadcrumb\"},\"inLanguage\":\"es\",\"potentialAction\":[{\"@type\":\"ReadAction\",\"target\":[\"https:\/\/naturamada.com\/es\/producto\/moringa-en-polvo-50-g\/\"]}]},{\"@type\":\"ImageObject\",\"inLanguage\":\"es\",\"@id\":\"https:\/\/naturamada.com\/es\/producto\/moringa-en-polvo-50-g\/#primaryimage\",\"url\":\"https:\/\/naturamada.com\/wp-content\/uploads\/2025\/07\/Poudre-Moringa-Naturamada.webp\",\"contentUrl\":\"https:\/\/naturamada.com\/wp-content\/uploads\/2025\/07\/Poudre-Moringa-Naturamada.webp\",\"width\":2000,\"height\":2000},{\"@type\":\"BreadcrumbList\",\"@id\":\"https:\/\/naturamada.com\/es\/producto\/moringa-en-polvo-50-g\/#breadcrumb\",\"itemListElement\":[{\"@type\":\"ListItem\",\"position\":1,\"name\":\"Inicio\",\"item\":\"https:\/\/naturamada.com\/es\/\"},{\"@type\":\"ListItem\",\"position\":2,\"name\":\"Tienda\",\"item\":\"https:\/\/naturamada.com\/es\/tienda\/\"},{\"@type\":\"ListItem\",\"position\":3,\"name\":\"Moringa ole\u00edfera\"}]},{\"@type\":\"WebSite\",\"@id\":\"https:\/\/naturamada.com\/es\/#website\",\"url\":\"https:\/\/naturamada.com\/es\/\",\"name\":\"Naturamada\",\"description\":\"Epices, Superaliments et Pierres pour le bien-\u00eatre et la cuisine\",\"publisher\":{\"@id\":\"https:\/\/naturamada.com\/es\/#organization\"},\"potentialAction\":[{\"@type\":\"SearchAction\",\"target\":{\"@type\":\"EntryPoint\",\"urlTemplate\":\"https:\/\/naturamada.com\/es\/?s={search_term_string}\"},\"query-input\":{\"@type\":\"PropertyValueSpecification\",\"valueRequired\":true,\"valueName\":\"search_term_string\"}}],\"inLanguage\":\"es\"},{\"@type\":\"Organization\",\"@id\":\"https:\/\/naturamada.com\/es\/#organization\",\"name\":\"Naturamada\",\"url\":\"https:\/\/naturamada.com\/es\/\",\"logo\":{\"@type\":\"ImageObject\",\"inLanguage\":\"es\",\"@id\":\"https:\/\/naturamada.com\/es\/#\/schema\/logo\/image\/\",\"url\":\"https:\/\/naturamada.com\/wp-content\/uploads\/2025\/07\/cropped-Naturamada-10.png\",\"contentUrl\":\"https:\/\/naturamada.com\/wp-content\/uploads\/2025\/07\/cropped-Naturamada-10.png\",\"width\":1366,\"height\":455,\"caption\":\"Naturamada\"},\"image\":{\"@id\":\"https:\/\/naturamada.com\/es\/#\/schema\/logo\/image\/\"},\"sameAs\":[\"https:\/\/www.facebook.com\/Naturamada.shop\/\",\"https:\/\/www.instagram.com\/naturamada.officiel\/\"]}]}<\/script>\n<!-- \/ Yoast SEO plugin. -->","yoast_head_json":{"title":"Moringa oleifera en polvo - Madagascar | Naturamada","description":"Polvo de moringa Naturamada elaborado a partir de hojas recolectadas en Madagascar. Una planta tradicional utilizada en cocina y como infusi\u00f3n, con un suave sabor herbal.","robots":{"index":"index","follow":"follow","max-snippet":"max-snippet:-1","max-image-preview":"max-image-preview:large","max-video-preview":"max-video-preview:-1"},"canonical":"https:\/\/naturamada.com\/es\/producto\/moringa-en-polvo-50-g\/","og_locale":"es_ES","og_type":"article","og_title":"Moringa oleifera en polvo - Madagascar | Naturamada","og_description":"Polvo de moringa Naturamada elaborado a partir de hojas recolectadas en Madagascar. Una planta tradicional utilizada en cocina y como infusi\u00f3n, con un suave sabor herbal.","og_url":"https:\/\/naturamada.com\/es\/producto\/moringa-en-polvo-50-g\/","og_site_name":"Naturamada","article_publisher":"https:\/\/www.facebook.com\/Naturamada.shop\/","article_modified_time":"2026-03-17T19:27:06+00:00","og_image":[{"width":2000,"height":2000,"url":"https:\/\/naturamada.com\/wp-content\/uploads\/2025\/07\/Poudre-Moringa-Naturamada.webp","type":"image\/webp"}],"schema":{"@context":"https:\/\/schema.org","@graph":[{"@type":"WebPage","@id":"https:\/\/naturamada.com\/es\/producto\/moringa-en-polvo-50-g\/","url":"https:\/\/naturamada.com\/es\/producto\/moringa-en-polvo-50-g\/","name":"Moringa oleifera en polvo - Madagascar | Naturamada","isPartOf":{"@id":"https:\/\/naturamada.com\/es\/#website"},"primaryImageOfPage":{"@id":"https:\/\/naturamada.com\/es\/producto\/moringa-en-polvo-50-g\/#primaryimage"},"image":{"@id":"https:\/\/naturamada.com\/es\/producto\/moringa-en-polvo-50-g\/#primaryimage"},"thumbnailUrl":"https:\/\/naturamada.com\/wp-content\/uploads\/2025\/07\/Poudre-Moringa-Naturamada.webp","datePublished":"2025-07-03T13:02:39+00:00","dateModified":"2026-03-17T19:27:06+00:00","description":"Polvo de moringa Naturamada elaborado a partir de hojas recolectadas en Madagascar. Una planta tradicional utilizada en cocina y como infusi\u00f3n, con un suave sabor herbal.","breadcrumb":{"@id":"https:\/\/naturamada.com\/es\/producto\/moringa-en-polvo-50-g\/#breadcrumb"},"inLanguage":"es","potentialAction":[{"@type":"ReadAction","target":["https:\/\/naturamada.com\/es\/producto\/moringa-en-polvo-50-g\/"]}]},{"@type":"ImageObject","inLanguage":"es","@id":"https:\/\/naturamada.com\/es\/producto\/moringa-en-polvo-50-g\/#primaryimage","url":"https:\/\/naturamada.com\/wp-content\/uploads\/2025\/07\/Poudre-Moringa-Naturamada.webp","contentUrl":"https:\/\/naturamada.com\/wp-content\/uploads\/2025\/07\/Poudre-Moringa-Naturamada.webp","width":2000,"height":2000},{"@type":"BreadcrumbList","@id":"https:\/\/naturamada.com\/es\/producto\/moringa-en-polvo-50-g\/#breadcrumb","itemListElement":[{"@type":"ListItem","position":1,"name":"Inicio","item":"https:\/\/naturamada.com\/es\/"},{"@type":"ListItem","position":2,"name":"Tienda","item":"https:\/\/naturamada.com\/es\/tienda\/"},{"@type":"ListItem","position":3,"name":"Moringa ole\u00edfera"}]},{"@type":"WebSite","@id":"https:\/\/naturamada.com\/es\/#website","url":"https:\/\/naturamada.com\/es\/","name":"Naturamada","description":"Epices, Superaliments et Pierres pour le bien-\u00eatre et la cuisine","publisher":{"@id":"https:\/\/naturamada.com\/es\/#organization"},"potentialAction":[{"@type":"SearchAction","target":{"@type":"EntryPoint","urlTemplate":"https:\/\/naturamada.com\/es\/?s={search_term_string}"},"query-input":{"@type":"PropertyValueSpecification","valueRequired":true,"valueName":"search_term_string"}}],"inLanguage":"es"},{"@type":"Organization","@id":"https:\/\/naturamada.com\/es\/#organization","name":"Naturamada","url":"https:\/\/naturamada.com\/es\/","logo":{"@type":"ImageObject","inLanguage":"es","@id":"https:\/\/naturamada.com\/es\/#\/schema\/logo\/image\/","url":"https:\/\/naturamada.com\/wp-content\/uploads\/2025\/07\/cropped-Naturamada-10.png","contentUrl":"https:\/\/naturamada.com\/wp-content\/uploads\/2025\/07\/cropped-Naturamada-10.png","width":1366,"height":455,"caption":"Naturamada"},"image":{"@id":"https:\/\/naturamada.com\/es\/#\/schema\/logo\/image\/"},"sameAs":["https:\/\/www.facebook.com\/Naturamada.shop\/","https:\/\/www.instagram.com\/naturamada.officiel\/"]}]}},"_links":{"self":[{"href":"https:\/\/naturamada.com\/es\/wp-json\/wp\/v2\/product\/2255","targetHints":{"allow":["GET"]}}],"collection":[{"href":"https:\/\/naturamada.com\/es\/wp-json\/wp\/v2\/product"}],"about":[{"href":"https:\/\/naturamada.com\/es\/wp-json\/wp\/v2\/types\/product"}],"wp:featuredmedia":[{"embeddable":true,"href":"https:\/\/naturamada.com\/es\/wp-json\/wp\/v2\/media\/3666"}],"wp:attachment":[{"href":"https:\/\/naturamada.com\/es\/wp-json\/wp\/v2\/media?parent=2255"}],"wp:term":[{"taxonomy":"product_brand","embeddable":true,"href":"https:\/\/naturamada.com\/es\/wp-json\/wp\/v2\/product_brand?post=2255"},{"taxonomy":"product_cat","embeddable":true,"href":"https:\/\/naturamada.com\/es\/wp-json\/wp\/v2\/product_cat?post=2255"},{"taxonomy":"product_tag","embeddable":true,"href":"https:\/\/naturamada.com\/es\/wp-json\/wp\/v2\/product_tag?post=2255"}],"curies":[{"name":"wp","href":"https:\/\/api.w.org\/{rel}","templated":true}]}}