{"id":1993,"date":"2025-09-20T14:38:58","date_gmt":"2025-09-20T14:38:58","guid":{"rendered":"https:\/\/naturamada.com\/produit\/jengibre-en-polvo-50-g\/"},"modified":"2026-03-17T19:27:05","modified_gmt":"2026-03-17T19:27:05","slug":"jengibre-en-polvo-50-g","status":"publish","type":"product","link":"https:\/\/naturamada.com\/es\/producto\/jengibre-en-polvo-50-g\/","title":{"rendered":"Jengibre en polvo"},"content":{"rendered":"<h1 data-start=\"702\" data-end=\"955\">Naturamada jengibre en polvo &#8211; Zingiber officinale<\/h1>\n<p data-start=\"702\" data-end=\"955\">El jengibre es un rizoma tropical con muchas virtudes culinarias. Esta planta perenne pertenece a la familia <strong>de las Zingiber\u00e1ceas<\/strong>. Es originaria del sudeste asi\u00e1tico, antes de conquistar todas las regiones tropicales del planeta. Hoy, Madagascar cultiva esta especia emblem\u00e1tica con gran maestr\u00eda. Nuestros productores locales cosechan cada rizoma a mano. Una vez secos y despu\u00e9s cuidadosamente molidos, desprenden su aroma intenso, acre y sutilmente alimonado. Parte esencial de la gastronom\u00eda mundial, el jengibre en polvo a\u00f1ade un toque incomparablemente ex\u00f3tico a tus recetas.      <\/p>\n<h2 class=\"text-text-100 mt-3 -mb-1 text-[1.125rem] font-bold\">\u00bfPor qu\u00e9 elegir nuestro jengibre en polvo de Madagascar?<\/h2>\n<p class=\"font-claude-response-body break-words whitespace-normal leading-[1.7]\">Utilizada desde la noche de los tiempos en la farmacopea tradicional, esta especia dorada ha sobrevivido a los siglos sin perder un \u00e1pice de su esplendor. Las cocinas india, china, africana y \u00e1rabe la han incorporado a sus repertorios culinarios cotidianos. M\u00e1s all\u00e1 de sus cualidades gustativas <a href=\"https:\/\/naturamada.com\/es\/jengibre-beneficios-virtudes-y-usos-cotidianos\/\"><em>jengibre<\/em><\/a> el jengibre encarna una herencia cultural que se remonta a miles de a\u00f1os.  <\/p>\n<h2 class=\"text-text-100 mt-3 -mb-1 text-[1.125rem] font-bold\">Inspiraci\u00f3n culinaria con jengibre en polvo<\/h2>\n<p class=\"text-text-100 mt-3 -mb-1 text-[1.125rem] font-bold\">Esta especia vers\u00e1til puede utilizarse en innumerables preparaciones, tanto saladas como dulces. Su sabor intenso y c\u00e1lido transforma los platos m\u00e1s sencillos en creaciones memorables.<br \/>\nEn la tradici\u00f3n culinaria india, el jengibre molido es el alma de muchas mezclas de especias. Realza <strong>los curris vegetarianos<\/strong>, condimenta <strong>los dahls de lentejas<\/strong> y perfuma <strong>los biryanis festivos<\/strong>. Combinado con<strong> <em><a href=\"https:\/\/naturamada.com\/produit\/curcuma-moulu-50-g\/\">c\u00farcuma<\/a><\/em><\/strong> y <strong>el comino<\/strong>, crea armon\u00edas de sabor incomparables.<br \/>\nLa cocina asi\u00e1tica lo utiliza de distintas maneras. Los cocineros chinos lo emplean en <strong>salsas ag<\/strong>ridulces, mientras que los tailandeses lo combinan con leche de coco en <strong>sopas arom\u00e1ticas<\/strong>. Los adobos para carne y pescado tambi\u00e9n se enriquecen con esta nota picante.<br \/>\nEl norte de \u00c1frica no es una excepci\u00f3n: el jengibre molido enriquece <strong>los tajines de cordero<\/strong>, aromatiza <strong>las pastillas<\/strong> dulces y saladas y se utiliza en la famosa <strong>mezcla ras-el-hanout<\/strong>.      Esta especia a\u00f1ade profundidad y complejidad a los platos cocinados a fuego lento.<br \/>\nLa pasteler\u00eda europea tambi\u00e9n ha adoptado esta c\u00e1lida especia. Suaves <strong>panes de jengibre<\/strong>, crujientes <strong>galletas<\/strong>, <strong>pasteles de manzana<\/strong> y <strong>mermelada de pera<\/strong> se adornan con sus acentos picantes. Combinada con cardamomo, nuez moscada o vainilla, crea irresistibles combinaciones gourmet. <\/p>\n<h2>Bebe jengibre: tisanas e infusiones vigorizantes<\/h2>\n<p class=\"font-claude-response-body break-words whitespace-normal leading-[1.7]\">M\u00e1s all\u00e1 de sus aplicaciones culinarias, este polvo dorado revela todo su potencial en las bebidas calientes. Esta pr\u00e1ctica milenaria atraviesa continentes y culturas. <\/p>\n<p class=\"font-claude-response-body break-words whitespace-normal leading-[1.7]\">El subcontinente indio ha popularizado el famoso <strong>chai masala<\/strong>, en el que se mezcla jengibre molido con t\u00e9 negro, cardamomo y leche especiada. Esta reconfortante bebida es el ritmo del d\u00eda para millones de personas. <\/p>\n<p class=\"font-claude-response-body break-words whitespace-normal leading-[1.7]\">En el Pa\u00eds del Sol Naciente, <strong>el shoga-yu<\/strong> (literalmente \u00abagua caliente con jengibre\u00bb) calienta el cuerpo en invierno. Simple pero eficaz, esta infusi\u00f3n encarna la filosof\u00eda japonesa del bienestar. <\/p>\n<p class=\"font-claude-response-body break-words whitespace-normal leading-[1.7]\">\u00c1frica Occidental ha desarrollado sus propias tradiciones: <strong>el gnamakoudji guineano<\/strong> o el <strong>tangawis senegal\u00e9s<\/strong> combinan jengibre, lima y menta fresca. Estas bebidas para calmar la sed son perfectas para las ocasiones sociales. <\/p>\n<h2 class=\"text-text-100 mt-3 -mb-1 text-[1.125rem] font-bold\">Caracter\u00edsticas del producto<\/h2>\n<p class=\"font-claude-response-body break-words whitespace-normal leading-[1.7]\"><strong>Nombre cient\u00edfico:<\/strong> Zingiber officinale<\/p>\n<p class=\"font-claude-response-body break-words whitespace-normal leading-[1.7]\"><strong>Origen :<\/strong> Madagascar<\/p>\n<p class=\"font-claude-response-body break-words whitespace-normal leading-[1.7]\"><strong>Contenido:<\/strong> 50 g<\/p>\n<p class=\"font-claude-response-body break-words whitespace-normal leading-[1.7]\">Rizoma molido<\/p>\n<p class=\"font-claude-response-body break-words whitespace-normal leading-[1.7]\">Envasado en Francia<\/p>\n<h2><\/h2>\n<h2 class=\"text-text-100 mt-3 -mb-1 text-[1.125rem] font-bold\">PREGUNTAS FRECUENTES<\/h2>\n<h3 class=\"text-text-100 mt-2 -mb-1 text-base font-bold\">\u00bfA qu\u00e9 sabe el jengibre molido?<\/h3>\n<p class=\"font-claude-response-body break-words whitespace-normal leading-[1.7]\">Nuestro jengibre en polvo desarrolla notas c\u00e1lidas, ligeramente picantes, con refrescantes matices alimonados. Su pronunciado perfil arom\u00e1tico permite utilizarlo con moderaci\u00f3n, al tiempo que a\u00f1ade car\u00e1cter y vitalidad a tus creaciones culinarias, ya sean saladas o dulces. <\/p>\n<h3 class=\"text-text-100 mt-2 -mb-1 text-base font-bold\">\u00bfQu\u00e9 dosis recomiendas para cocinar con esta especia?<\/h3>\n<p class=\"font-claude-response-body break-words whitespace-normal leading-[1.7]\">Para sazonar un plato, empieza con media cucharadita rasa, ajustable seg\u00fan tus preferencias. Como infusi\u00f3n, un cuarto de cucharadita deber\u00eda bastar para 250 ml de agua. <\/p>\n<h3 class=\"text-text-100 mt-2 -mb-1 text-base font-bold\">\u00bfC\u00f3mo hago una tisana de jengibre?<\/h3>\n<p class=\"font-claude-response-body break-words whitespace-normal leading-[1.7]\">Calienta el agua, pero sin que llegue a hervir. A\u00f1ade un cuarto de cucharadita de polvo a tu recipiente, vierte el agua caliente y espera de 7 a 10 minutos. El filtrado es opcional, dependiendo de tu tolerancia a los dep\u00f3sitos. A\u00f1ade miel, rodajas de lim\u00f3n o canela al gusto.   <\/p>\n","protected":false},"excerpt":{"rendered":"<p data-start=\"558\" data-end=\"648\">Una especia c\u00e1lida y picante, perfecta para condimentar tus platos, infusiones y postres.<\/p>\n","protected":false},"featured_media":4714,"template":"","meta":{"site-sidebar-layout":"default","site-content-layout":"","ast-site-content-layout":"default","site-content-style":"default","site-sidebar-style":"default","ast-global-header-display":"","ast-banner-title-visibility":"","ast-main-header-display":"","ast-hfb-above-header-display":"","ast-hfb-below-header-display":"","ast-hfb-mobile-header-display":"","site-post-title":"","ast-breadcrumbs-content":"","ast-featured-img":"","footer-sml-layout":"","ast-disable-related-posts":"","theme-transparent-header-meta":"default","adv-header-id-meta":"","stick-header-meta":"","header-above-stick-meta":"","header-main-stick-meta":"","header-below-stick-meta":"","astra-migrate-meta-layouts":"default","ast-page-background-enabled":"default","ast-page-background-meta":{"desktop":{"background-color":"var(--ast-global-color-5)","background-image":"","background-repeat":"repeat","background-position":"center center","background-size":"auto","background-attachment":"scroll","background-type":"","background-media":"","overlay-type":"","overlay-color":"","overlay-opacity":"","overlay-gradient":""},"tablet":{"background-color":"","background-image":"","background-repeat":"repeat","background-position":"center center","background-size":"auto","background-attachment":"scroll","background-type":"","background-media":"","overlay-type":"","overlay-color":"","overlay-opacity":"","overlay-gradient":""},"mobile":{"background-color":"","background-image":"","background-repeat":"repeat","background-position":"center center","background-size":"auto","background-attachment":"scroll","background-type":"","background-media":"","overlay-type":"","overlay-color":"","overlay-opacity":"","overlay-gradient":""}},"ast-content-background-meta":{"desktop":{"background-color":"var(--ast-global-color-4)","background-image":"","background-repeat":"repeat","background-position":"center center","background-size":"auto","background-attachment":"scroll","background-type":"","background-media":"","overlay-type":"","overlay-color":"","overlay-opacity":"","overlay-gradient":""},"tablet":{"background-color":"var(--ast-global-color-4)","background-image":"","background-repeat":"repeat","background-position":"center center","background-size":"auto","background-attachment":"scroll","background-type":"","background-media":"","overlay-type":"","overlay-color":"","overlay-opacity":"","overlay-gradient":""},"mobile":{"background-color":"var(--ast-global-color-4)","background-image":"","background-repeat":"repeat","background-position":"center center","background-size":"auto","background-attachment":"scroll","background-type":"","background-media":"","overlay-type":"","overlay-color":"","overlay-opacity":"","overlay-gradient":""}}},"product_brand":[258],"product_cat":[1649,2685],"product_tag":[],"class_list":{"0":"post-1993","1":"product","2":"type-product","3":"status-publish","4":"has-post-thumbnail","6":"product_brand-naturamada","7":"product_cat-especias-superalimentos","8":"product_cat-superalimentos","9":"pa_origine-madagascar-es","10":"pa_taille-50-g-es","11":"pa_taille-75-g","12":"pa_type-produit-polvo","13":"pa_usage-batido","14":"pa_usage-cocina","15":"pa_usage-infusion-es","16":"desktop-align-left","17":"tablet-align-left","18":"mobile-align-left","20":"first","21":"instock","22":"taxable","23":"shipping-taxable","24":"purchasable","25":"product-type-variable","26":"has-default-attributes"},"yoast_head":"<!-- This site is optimized with the Yoast SEO plugin v27.2 - https:\/\/yoast.com\/product\/yoast-seo-wordpress\/ -->\n<title>Jengibre en polvo - Naturamada<\/title>\n<meta name=\"description\" content=\"Jengibre en polvo 100% natural - Ideal para cocinar, hornear, pan de jengibre, leche dorada, t\u00e9 chai, infusiones y batidos energ\u00e9ticos...\" \/>\n<meta name=\"robots\" content=\"index, follow, max-snippet:-1, max-image-preview:large, max-video-preview:-1\" \/>\n<link rel=\"canonical\" href=\"https:\/\/naturamada.com\/es\/producto\/jengibre-en-polvo-50-g\/\" \/>\n<meta property=\"og:locale\" content=\"es_ES\" \/>\n<meta property=\"og:type\" content=\"article\" \/>\n<meta property=\"og:title\" content=\"Jengibre en polvo - Naturamada\" \/>\n<meta property=\"og:description\" content=\"Jengibre en polvo 100% natural - Ideal para cocinar, hornear, pan de jengibre, leche dorada, t\u00e9 chai, infusiones y batidos energ\u00e9ticos...\" \/>\n<meta property=\"og:url\" content=\"https:\/\/naturamada.com\/es\/producto\/jengibre-en-polvo-50-g\/\" \/>\n<meta property=\"og:site_name\" content=\"Naturamada\" \/>\n<meta property=\"article:publisher\" content=\"https:\/\/www.facebook.com\/Naturamada.shop\/\" \/>\n<meta property=\"article:modified_time\" content=\"2026-03-17T19:27:05+00:00\" \/>\n<meta property=\"og:image\" content=\"https:\/\/naturamada.com\/wp-content\/uploads\/2025\/09\/Gingembre-en-poudre-Naturamada-smoothie-detox-cuisine.jpg\" \/>\n\t<meta property=\"og:image:width\" content=\"2000\" \/>\n\t<meta property=\"og:image:height\" content=\"2000\" \/>\n\t<meta property=\"og:image:type\" content=\"image\/jpeg\" \/>\n<script type=\"application\/ld+json\" class=\"yoast-schema-graph\">{\"@context\":\"https:\/\/schema.org\",\"@graph\":[{\"@type\":\"WebPage\",\"@id\":\"https:\/\/naturamada.com\/es\/producto\/jengibre-en-polvo-50-g\/\",\"url\":\"https:\/\/naturamada.com\/es\/producto\/jengibre-en-polvo-50-g\/\",\"name\":\"Jengibre en polvo - Naturamada\",\"isPartOf\":{\"@id\":\"https:\/\/naturamada.com\/es\/#website\"},\"primaryImageOfPage\":{\"@id\":\"https:\/\/naturamada.com\/es\/producto\/jengibre-en-polvo-50-g\/#primaryimage\"},\"image\":{\"@id\":\"https:\/\/naturamada.com\/es\/producto\/jengibre-en-polvo-50-g\/#primaryimage\"},\"thumbnailUrl\":\"https:\/\/naturamada.com\/wp-content\/uploads\/2025\/09\/Gingembre-en-poudre-Naturamada-smoothie-detox-cuisine.jpg\",\"datePublished\":\"2025-09-20T14:38:58+00:00\",\"dateModified\":\"2026-03-17T19:27:05+00:00\",\"description\":\"Jengibre en polvo 100% natural - Ideal para cocinar, hornear, pan de jengibre, leche dorada, t\u00e9 chai, infusiones y batidos energ\u00e9ticos...\",\"breadcrumb\":{\"@id\":\"https:\/\/naturamada.com\/es\/producto\/jengibre-en-polvo-50-g\/#breadcrumb\"},\"inLanguage\":\"es\",\"potentialAction\":[{\"@type\":\"ReadAction\",\"target\":[\"https:\/\/naturamada.com\/es\/producto\/jengibre-en-polvo-50-g\/\"]}]},{\"@type\":\"ImageObject\",\"inLanguage\":\"es\",\"@id\":\"https:\/\/naturamada.com\/es\/producto\/jengibre-en-polvo-50-g\/#primaryimage\",\"url\":\"https:\/\/naturamada.com\/wp-content\/uploads\/2025\/09\/Gingembre-en-poudre-Naturamada-smoothie-detox-cuisine.jpg\",\"contentUrl\":\"https:\/\/naturamada.com\/wp-content\/uploads\/2025\/09\/Gingembre-en-poudre-Naturamada-smoothie-detox-cuisine.jpg\",\"width\":2000,\"height\":2000},{\"@type\":\"BreadcrumbList\",\"@id\":\"https:\/\/naturamada.com\/es\/producto\/jengibre-en-polvo-50-g\/#breadcrumb\",\"itemListElement\":[{\"@type\":\"ListItem\",\"position\":1,\"name\":\"Inicio\",\"item\":\"https:\/\/naturamada.com\/es\/\"},{\"@type\":\"ListItem\",\"position\":2,\"name\":\"Tienda\",\"item\":\"https:\/\/naturamada.com\/es\/tienda\/\"},{\"@type\":\"ListItem\",\"position\":3,\"name\":\"Jengibre en polvo\"}]},{\"@type\":\"WebSite\",\"@id\":\"https:\/\/naturamada.com\/es\/#website\",\"url\":\"https:\/\/naturamada.com\/es\/\",\"name\":\"Naturamada\",\"description\":\"Epices, Superaliments et Pierres pour le bien-\u00eatre et la cuisine\",\"publisher\":{\"@id\":\"https:\/\/naturamada.com\/es\/#organization\"},\"potentialAction\":[{\"@type\":\"SearchAction\",\"target\":{\"@type\":\"EntryPoint\",\"urlTemplate\":\"https:\/\/naturamada.com\/es\/?s={search_term_string}\"},\"query-input\":{\"@type\":\"PropertyValueSpecification\",\"valueRequired\":true,\"valueName\":\"search_term_string\"}}],\"inLanguage\":\"es\"},{\"@type\":\"Organization\",\"@id\":\"https:\/\/naturamada.com\/es\/#organization\",\"name\":\"Naturamada\",\"url\":\"https:\/\/naturamada.com\/es\/\",\"logo\":{\"@type\":\"ImageObject\",\"inLanguage\":\"es\",\"@id\":\"https:\/\/naturamada.com\/es\/#\/schema\/logo\/image\/\",\"url\":\"https:\/\/naturamada.com\/wp-content\/uploads\/2025\/07\/cropped-Naturamada-10.png\",\"contentUrl\":\"https:\/\/naturamada.com\/wp-content\/uploads\/2025\/07\/cropped-Naturamada-10.png\",\"width\":1366,\"height\":455,\"caption\":\"Naturamada\"},\"image\":{\"@id\":\"https:\/\/naturamada.com\/es\/#\/schema\/logo\/image\/\"},\"sameAs\":[\"https:\/\/www.facebook.com\/Naturamada.shop\/\",\"https:\/\/www.instagram.com\/naturamada.officiel\/\"]}]}<\/script>\n<!-- \/ Yoast SEO plugin. -->","yoast_head_json":{"title":"Jengibre en polvo - Naturamada","description":"Jengibre en polvo 100% natural - Ideal para cocinar, hornear, pan de jengibre, leche dorada, t\u00e9 chai, infusiones y batidos energ\u00e9ticos...","robots":{"index":"index","follow":"follow","max-snippet":"max-snippet:-1","max-image-preview":"max-image-preview:large","max-video-preview":"max-video-preview:-1"},"canonical":"https:\/\/naturamada.com\/es\/producto\/jengibre-en-polvo-50-g\/","og_locale":"es_ES","og_type":"article","og_title":"Jengibre en polvo - Naturamada","og_description":"Jengibre en polvo 100% natural - Ideal para cocinar, hornear, pan de jengibre, leche dorada, t\u00e9 chai, infusiones y batidos energ\u00e9ticos...","og_url":"https:\/\/naturamada.com\/es\/producto\/jengibre-en-polvo-50-g\/","og_site_name":"Naturamada","article_publisher":"https:\/\/www.facebook.com\/Naturamada.shop\/","article_modified_time":"2026-03-17T19:27:05+00:00","og_image":[{"width":2000,"height":2000,"url":"https:\/\/naturamada.com\/wp-content\/uploads\/2025\/09\/Gingembre-en-poudre-Naturamada-smoothie-detox-cuisine.jpg","type":"image\/jpeg"}],"schema":{"@context":"https:\/\/schema.org","@graph":[{"@type":"WebPage","@id":"https:\/\/naturamada.com\/es\/producto\/jengibre-en-polvo-50-g\/","url":"https:\/\/naturamada.com\/es\/producto\/jengibre-en-polvo-50-g\/","name":"Jengibre en polvo - Naturamada","isPartOf":{"@id":"https:\/\/naturamada.com\/es\/#website"},"primaryImageOfPage":{"@id":"https:\/\/naturamada.com\/es\/producto\/jengibre-en-polvo-50-g\/#primaryimage"},"image":{"@id":"https:\/\/naturamada.com\/es\/producto\/jengibre-en-polvo-50-g\/#primaryimage"},"thumbnailUrl":"https:\/\/naturamada.com\/wp-content\/uploads\/2025\/09\/Gingembre-en-poudre-Naturamada-smoothie-detox-cuisine.jpg","datePublished":"2025-09-20T14:38:58+00:00","dateModified":"2026-03-17T19:27:05+00:00","description":"Jengibre en polvo 100% natural - Ideal para cocinar, hornear, pan de jengibre, leche dorada, t\u00e9 chai, infusiones y batidos energ\u00e9ticos...","breadcrumb":{"@id":"https:\/\/naturamada.com\/es\/producto\/jengibre-en-polvo-50-g\/#breadcrumb"},"inLanguage":"es","potentialAction":[{"@type":"ReadAction","target":["https:\/\/naturamada.com\/es\/producto\/jengibre-en-polvo-50-g\/"]}]},{"@type":"ImageObject","inLanguage":"es","@id":"https:\/\/naturamada.com\/es\/producto\/jengibre-en-polvo-50-g\/#primaryimage","url":"https:\/\/naturamada.com\/wp-content\/uploads\/2025\/09\/Gingembre-en-poudre-Naturamada-smoothie-detox-cuisine.jpg","contentUrl":"https:\/\/naturamada.com\/wp-content\/uploads\/2025\/09\/Gingembre-en-poudre-Naturamada-smoothie-detox-cuisine.jpg","width":2000,"height":2000},{"@type":"BreadcrumbList","@id":"https:\/\/naturamada.com\/es\/producto\/jengibre-en-polvo-50-g\/#breadcrumb","itemListElement":[{"@type":"ListItem","position":1,"name":"Inicio","item":"https:\/\/naturamada.com\/es\/"},{"@type":"ListItem","position":2,"name":"Tienda","item":"https:\/\/naturamada.com\/es\/tienda\/"},{"@type":"ListItem","position":3,"name":"Jengibre en polvo"}]},{"@type":"WebSite","@id":"https:\/\/naturamada.com\/es\/#website","url":"https:\/\/naturamada.com\/es\/","name":"Naturamada","description":"Epices, Superaliments et Pierres pour le bien-\u00eatre et la cuisine","publisher":{"@id":"https:\/\/naturamada.com\/es\/#organization"},"potentialAction":[{"@type":"SearchAction","target":{"@type":"EntryPoint","urlTemplate":"https:\/\/naturamada.com\/es\/?s={search_term_string}"},"query-input":{"@type":"PropertyValueSpecification","valueRequired":true,"valueName":"search_term_string"}}],"inLanguage":"es"},{"@type":"Organization","@id":"https:\/\/naturamada.com\/es\/#organization","name":"Naturamada","url":"https:\/\/naturamada.com\/es\/","logo":{"@type":"ImageObject","inLanguage":"es","@id":"https:\/\/naturamada.com\/es\/#\/schema\/logo\/image\/","url":"https:\/\/naturamada.com\/wp-content\/uploads\/2025\/07\/cropped-Naturamada-10.png","contentUrl":"https:\/\/naturamada.com\/wp-content\/uploads\/2025\/07\/cropped-Naturamada-10.png","width":1366,"height":455,"caption":"Naturamada"},"image":{"@id":"https:\/\/naturamada.com\/es\/#\/schema\/logo\/image\/"},"sameAs":["https:\/\/www.facebook.com\/Naturamada.shop\/","https:\/\/www.instagram.com\/naturamada.officiel\/"]}]}},"_links":{"self":[{"href":"https:\/\/naturamada.com\/es\/wp-json\/wp\/v2\/product\/1993","targetHints":{"allow":["GET"]}}],"collection":[{"href":"https:\/\/naturamada.com\/es\/wp-json\/wp\/v2\/product"}],"about":[{"href":"https:\/\/naturamada.com\/es\/wp-json\/wp\/v2\/types\/product"}],"wp:featuredmedia":[{"embeddable":true,"href":"https:\/\/naturamada.com\/es\/wp-json\/wp\/v2\/media\/4714"}],"wp:attachment":[{"href":"https:\/\/naturamada.com\/es\/wp-json\/wp\/v2\/media?parent=1993"}],"wp:term":[{"taxonomy":"product_brand","embeddable":true,"href":"https:\/\/naturamada.com\/es\/wp-json\/wp\/v2\/product_brand?post=1993"},{"taxonomy":"product_cat","embeddable":true,"href":"https:\/\/naturamada.com\/es\/wp-json\/wp\/v2\/product_cat?post=1993"},{"taxonomy":"product_tag","embeddable":true,"href":"https:\/\/naturamada.com\/es\/wp-json\/wp\/v2\/product_tag?post=1993"}],"curies":[{"name":"wp","href":"https:\/\/api.w.org\/{rel}","templated":true}]}}