{"id":1987,"date":"2025-07-05T18:36:50","date_gmt":"2025-07-05T18:36:50","guid":{"rendered":"https:\/\/naturamada.com\/produit\/corazon-de-amatista-oscura\/"},"modified":"2026-03-17T19:29:51","modified_gmt":"2026-03-17T19:29:51","slug":"corazon-de-amatista-oscura","status":"publish","type":"product","link":"https:\/\/naturamada.com\/es\/producto\/corazon-de-amatista-oscura\/","title":{"rendered":"Naturamada amatista oscura coraz\u00f3n"},"content":{"rendered":"<p data-start=\"153\" data-end=\"225\">\u2728 <strong data-start=\"155\" data-end=\"221\">Coraz\u00f3n de Amatista Oscura Natural &#8211; Serenidad e Intuici\u00f3n<\/strong> \u2728<\/p>\n<p data-start=\"227\" data-end=\"537\">Este coraz\u00f3n de amatista oscura natural, de unos 40 mm, est\u00e1 cuidadosamente tallado y pulido para revelar sus magn\u00edficos matices violeta profundo y su energ\u00eda tranquilizadora. S\u00edmbolo de serenidad, intuici\u00f3n y protecci\u00f3n espiritual, la amatista est\u00e1 asociada al <strong data-start=\"490\" data-end=\"509\">mes de febrero<\/strong> y al <strong data-start=\"516\" data-end=\"534\">chakra coronal<\/strong>. <\/p>\n<p data-start=\"539\" data-end=\"720\">Cada coraz\u00f3n est\u00e1 seleccionado por Naturamada, ideal para meditar, armonizar tu espacio u ofrecer como muestra de paz interior y conexi\u00f3n espiritual.<\/p>\n<p data-start=\"722\" data-end=\"980\"><strong data-start=\"725\" data-end=\"785\">Virtudes de la amatista (seg\u00fan las tradiciones espirituales):<\/strong><br data-start=\"785\" data-end=\"788\">Calma los pensamientos y favorece la serenidad<br data-start=\"833\" data-end=\"836\">Desarrolla la intuici\u00f3n y la espiritualidad<br data-start=\"879\" data-end=\"882\">Ayuda a equilibrar las emociones<br data-start=\"915\" data-end=\"918\">Asociada al chakra coronal<br data-start=\"947\" data-end=\"950\">Piedra del mes de febrero<\/p>\n<p data-start=\"982\" data-end=\"1011\"><strong data-start=\"985\" data-end=\"1009\">Detalles del producto :<\/strong><\/p>\n<p data-start=\"1014\" data-end=\"1040\">Tipo : N\u00facleo pulido natural<\/p>\n<p data-start=\"1043\" data-end=\"1064\">Tama\u00f1o: aprox. 40 mm<\/p>\n<p data-start=\"1067\" data-end=\"1104\">Piedra: Amatista oscura natural<\/p>\n<p data-start=\"1232\" data-end=\"1392\"><strong data-start=\"1235\" data-end=\"1250\">Cuidados:<\/strong><br data-start=\"1250\" data-end=\"1253\">Purifica tu coraz\u00f3n con salvia, incienso o agua destilada. Rec\u00e1rgalo a la suave luz de la ma\u00f1ana o sobre una flor de la vida.<\/p>\n<p data-start=\"1394\" data-end=\"1519\"><strong data-start=\"1397\" data-end=\"1414\">Idea para regalo:<\/strong><br data-start=\"1414\" data-end=\"1417\">Un coraz\u00f3n elegante y espiritual, perfecto para ti o como regalo para fomentar la calma y la meditaci\u00f3n.<\/p>\n","protected":false},"excerpt":{"rendered":"<p>\u2728 Coraz\u00f3n de Amatista Oscura Natural &#8211; Serenidad e Intuici\u00f3n \u2728 Este coraz\u00f3n de amatista oscura natural, de unos 40 [&hellip;]<\/p>\n","protected":false},"featured_media":3692,"template":"","meta":{"site-sidebar-layout":"default","site-content-layout":"","ast-site-content-layout":"default","site-content-style":"default","site-sidebar-style":"default","ast-global-header-display":"","ast-banner-title-visibility":"","ast-main-header-display":"","ast-hfb-above-header-display":"","ast-hfb-below-header-display":"","ast-hfb-mobile-header-display":"","site-post-title":"","ast-breadcrumbs-content":"","ast-featured-img":"","footer-sml-layout":"","ast-disable-related-posts":"","theme-transparent-header-meta":"default","adv-header-id-meta":"","stick-header-meta":"","header-above-stick-meta":"","header-main-stick-meta":"","header-below-stick-meta":"","astra-migrate-meta-layouts":"default","ast-page-background-enabled":"default","ast-page-background-meta":{"desktop":{"background-color":"var(--ast-global-color-5)","background-image":"","background-repeat":"repeat","background-position":"center center","background-size":"auto","background-attachment":"scroll","background-type":"","background-media":"","overlay-type":"","overlay-color":"","overlay-opacity":"","overlay-gradient":""},"tablet":{"background-color":"","background-image":"","background-repeat":"repeat","background-position":"center center","background-size":"auto","background-attachment":"scroll","background-type":"","background-media":"","overlay-type":"","overlay-color":"","overlay-opacity":"","overlay-gradient":""},"mobile":{"background-color":"","background-image":"","background-repeat":"repeat","background-position":"center center","background-size":"auto","background-attachment":"scroll","background-type":"","background-media":"","overlay-type":"","overlay-color":"","overlay-opacity":"","overlay-gradient":""}},"ast-content-background-meta":{"desktop":{"background-color":"var(--ast-global-color-4)","background-image":"","background-repeat":"repeat","background-position":"center center","background-size":"auto","background-attachment":"scroll","background-type":"","background-media":"","overlay-type":"","overlay-color":"","overlay-opacity":"","overlay-gradient":""},"tablet":{"background-color":"var(--ast-global-color-4)","background-image":"","background-repeat":"repeat","background-position":"center center","background-size":"auto","background-attachment":"scroll","background-type":"","background-media":"","overlay-type":"","overlay-color":"","overlay-opacity":"","overlay-gradient":""},"mobile":{"background-color":"var(--ast-global-color-4)","background-image":"","background-repeat":"repeat","background-position":"center center","background-size":"auto","background-attachment":"scroll","background-type":"","background-media":"","overlay-type":"","overlay-color":"","overlay-opacity":"","overlay-gradient":""}}},"product_brand":[],"product_cat":[2699,1428],"product_tag":[],"class_list":{"0":"post-1987","1":"product","2":"type-product","3":"status-publish","4":"has-post-thumbnail","6":"product_cat-corazones-de-piedra","7":"product_cat-piedra-natural","8":"pa_couleur-morado","9":"pa_taille-40-mm-es","10":"pa_type-de-pierre-amatista","11":"desktop-align-left","12":"tablet-align-left","13":"mobile-align-left","15":"first","16":"instock","17":"taxable","18":"shipping-taxable","19":"purchasable","20":"product-type-simple"},"yoast_head":"<!-- This site is optimized with the Yoast SEO plugin v27.2 - https:\/\/yoast.com\/product\/yoast-seo-wordpress\/ -->\n<title>Amatista Coraz\u00f3n 40 mm - Serenidad e Intuici\u00f3n | Naturamada<\/title>\n<meta name=\"description\" content=\"Coraz\u00f3n de amatista oscura natural (40 mm), piedra del mes de febrero y del chakra coronal. Tradici\u00f3n: serenidad, intuici\u00f3n y protecci\u00f3n.\" \/>\n<meta name=\"robots\" content=\"index, follow, max-snippet:-1, max-image-preview:large, max-video-preview:-1\" \/>\n<link rel=\"canonical\" href=\"https:\/\/naturamada.com\/es\/producto\/corazon-de-amatista-oscura\/\" \/>\n<meta property=\"og:locale\" content=\"es_ES\" \/>\n<meta property=\"og:type\" content=\"article\" \/>\n<meta property=\"og:title\" content=\"Amatista Coraz\u00f3n 40 mm - Serenidad e Intuici\u00f3n | Naturamada\" \/>\n<meta property=\"og:description\" content=\"Coraz\u00f3n de amatista oscura natural (40 mm), piedra del mes de febrero y del chakra coronal. Tradici\u00f3n: serenidad, intuici\u00f3n y protecci\u00f3n.\" \/>\n<meta property=\"og:url\" content=\"https:\/\/naturamada.com\/es\/producto\/corazon-de-amatista-oscura\/\" \/>\n<meta property=\"og:site_name\" content=\"Naturamada\" \/>\n<meta property=\"article:publisher\" content=\"https:\/\/www.facebook.com\/Naturamada.shop\/\" \/>\n<meta property=\"article:modified_time\" content=\"2026-03-17T19:29:51+00:00\" \/>\n<meta property=\"og:image\" content=\"https:\/\/naturamada.com\/wp-content\/uploads\/2025\/07\/coeur-pierre-amethyste-foncee-Naturamada.webp\" \/>\n\t<meta property=\"og:image:width\" content=\"2000\" \/>\n\t<meta property=\"og:image:height\" content=\"2000\" \/>\n\t<meta property=\"og:image:type\" content=\"image\/webp\" \/>\n<script type=\"application\/ld+json\" class=\"yoast-schema-graph\">{\"@context\":\"https:\/\/schema.org\",\"@graph\":[{\"@type\":\"WebPage\",\"@id\":\"https:\/\/naturamada.com\/es\/producto\/corazon-de-amatista-oscura\/\",\"url\":\"https:\/\/naturamada.com\/es\/producto\/corazon-de-amatista-oscura\/\",\"name\":\"Amatista Coraz\u00f3n 40 mm - Serenidad e Intuici\u00f3n | Naturamada\",\"isPartOf\":{\"@id\":\"https:\/\/naturamada.com\/es\/#website\"},\"primaryImageOfPage\":{\"@id\":\"https:\/\/naturamada.com\/es\/producto\/corazon-de-amatista-oscura\/#primaryimage\"},\"image\":{\"@id\":\"https:\/\/naturamada.com\/es\/producto\/corazon-de-amatista-oscura\/#primaryimage\"},\"thumbnailUrl\":\"https:\/\/naturamada.com\/wp-content\/uploads\/2025\/07\/coeur-pierre-amethyste-foncee-Naturamada.webp\",\"datePublished\":\"2025-07-05T18:36:50+00:00\",\"dateModified\":\"2026-03-17T19:29:51+00:00\",\"description\":\"Coraz\u00f3n de amatista oscura natural (40 mm), piedra del mes de febrero y del chakra coronal. Tradici\u00f3n: serenidad, intuici\u00f3n y protecci\u00f3n.\",\"breadcrumb\":{\"@id\":\"https:\/\/naturamada.com\/es\/producto\/corazon-de-amatista-oscura\/#breadcrumb\"},\"inLanguage\":\"es\",\"potentialAction\":[{\"@type\":\"ReadAction\",\"target\":[\"https:\/\/naturamada.com\/es\/producto\/corazon-de-amatista-oscura\/\"]}]},{\"@type\":\"ImageObject\",\"inLanguage\":\"es\",\"@id\":\"https:\/\/naturamada.com\/es\/producto\/corazon-de-amatista-oscura\/#primaryimage\",\"url\":\"https:\/\/naturamada.com\/wp-content\/uploads\/2025\/07\/coeur-pierre-amethyste-foncee-Naturamada.webp\",\"contentUrl\":\"https:\/\/naturamada.com\/wp-content\/uploads\/2025\/07\/coeur-pierre-amethyste-foncee-Naturamada.webp\",\"width\":2000,\"height\":2000,\"caption\":\"piedra coraz\u00f3n amatista oscura Naturamada\"},{\"@type\":\"BreadcrumbList\",\"@id\":\"https:\/\/naturamada.com\/es\/producto\/corazon-de-amatista-oscura\/#breadcrumb\",\"itemListElement\":[{\"@type\":\"ListItem\",\"position\":1,\"name\":\"Inicio\",\"item\":\"https:\/\/naturamada.com\/es\/\"},{\"@type\":\"ListItem\",\"position\":2,\"name\":\"Tienda\",\"item\":\"https:\/\/naturamada.com\/es\/tienda\/\"},{\"@type\":\"ListItem\",\"position\":3,\"name\":\"Naturamada amatista oscura coraz\u00f3n\"}]},{\"@type\":\"WebSite\",\"@id\":\"https:\/\/naturamada.com\/es\/#website\",\"url\":\"https:\/\/naturamada.com\/es\/\",\"name\":\"Naturamada\",\"description\":\"Epices, Superaliments et Pierres pour le bien-\u00eatre et la cuisine\",\"publisher\":{\"@id\":\"https:\/\/naturamada.com\/es\/#organization\"},\"potentialAction\":[{\"@type\":\"SearchAction\",\"target\":{\"@type\":\"EntryPoint\",\"urlTemplate\":\"https:\/\/naturamada.com\/es\/?s={search_term_string}\"},\"query-input\":{\"@type\":\"PropertyValueSpecification\",\"valueRequired\":true,\"valueName\":\"search_term_string\"}}],\"inLanguage\":\"es\"},{\"@type\":\"Organization\",\"@id\":\"https:\/\/naturamada.com\/es\/#organization\",\"name\":\"Naturamada\",\"url\":\"https:\/\/naturamada.com\/es\/\",\"logo\":{\"@type\":\"ImageObject\",\"inLanguage\":\"es\",\"@id\":\"https:\/\/naturamada.com\/es\/#\/schema\/logo\/image\/\",\"url\":\"https:\/\/naturamada.com\/wp-content\/uploads\/2025\/07\/cropped-Naturamada-10.png\",\"contentUrl\":\"https:\/\/naturamada.com\/wp-content\/uploads\/2025\/07\/cropped-Naturamada-10.png\",\"width\":1366,\"height\":455,\"caption\":\"Naturamada\"},\"image\":{\"@id\":\"https:\/\/naturamada.com\/es\/#\/schema\/logo\/image\/\"},\"sameAs\":[\"https:\/\/www.facebook.com\/Naturamada.shop\/\",\"https:\/\/www.instagram.com\/naturamada.officiel\/\"]}]}<\/script>\n<!-- \/ Yoast SEO plugin. -->","yoast_head_json":{"title":"Amatista Coraz\u00f3n 40 mm - Serenidad e Intuici\u00f3n | Naturamada","description":"Coraz\u00f3n de amatista oscura natural (40 mm), piedra del mes de febrero y del chakra coronal. Tradici\u00f3n: serenidad, intuici\u00f3n y protecci\u00f3n.","robots":{"index":"index","follow":"follow","max-snippet":"max-snippet:-1","max-image-preview":"max-image-preview:large","max-video-preview":"max-video-preview:-1"},"canonical":"https:\/\/naturamada.com\/es\/producto\/corazon-de-amatista-oscura\/","og_locale":"es_ES","og_type":"article","og_title":"Amatista Coraz\u00f3n 40 mm - Serenidad e Intuici\u00f3n | Naturamada","og_description":"Coraz\u00f3n de amatista oscura natural (40 mm), piedra del mes de febrero y del chakra coronal. Tradici\u00f3n: serenidad, intuici\u00f3n y protecci\u00f3n.","og_url":"https:\/\/naturamada.com\/es\/producto\/corazon-de-amatista-oscura\/","og_site_name":"Naturamada","article_publisher":"https:\/\/www.facebook.com\/Naturamada.shop\/","article_modified_time":"2026-03-17T19:29:51+00:00","og_image":[{"width":2000,"height":2000,"url":"https:\/\/naturamada.com\/wp-content\/uploads\/2025\/07\/coeur-pierre-amethyste-foncee-Naturamada.webp","type":"image\/webp"}],"schema":{"@context":"https:\/\/schema.org","@graph":[{"@type":"WebPage","@id":"https:\/\/naturamada.com\/es\/producto\/corazon-de-amatista-oscura\/","url":"https:\/\/naturamada.com\/es\/producto\/corazon-de-amatista-oscura\/","name":"Amatista Coraz\u00f3n 40 mm - Serenidad e Intuici\u00f3n | Naturamada","isPartOf":{"@id":"https:\/\/naturamada.com\/es\/#website"},"primaryImageOfPage":{"@id":"https:\/\/naturamada.com\/es\/producto\/corazon-de-amatista-oscura\/#primaryimage"},"image":{"@id":"https:\/\/naturamada.com\/es\/producto\/corazon-de-amatista-oscura\/#primaryimage"},"thumbnailUrl":"https:\/\/naturamada.com\/wp-content\/uploads\/2025\/07\/coeur-pierre-amethyste-foncee-Naturamada.webp","datePublished":"2025-07-05T18:36:50+00:00","dateModified":"2026-03-17T19:29:51+00:00","description":"Coraz\u00f3n de amatista oscura natural (40 mm), piedra del mes de febrero y del chakra coronal. Tradici\u00f3n: serenidad, intuici\u00f3n y protecci\u00f3n.","breadcrumb":{"@id":"https:\/\/naturamada.com\/es\/producto\/corazon-de-amatista-oscura\/#breadcrumb"},"inLanguage":"es","potentialAction":[{"@type":"ReadAction","target":["https:\/\/naturamada.com\/es\/producto\/corazon-de-amatista-oscura\/"]}]},{"@type":"ImageObject","inLanguage":"es","@id":"https:\/\/naturamada.com\/es\/producto\/corazon-de-amatista-oscura\/#primaryimage","url":"https:\/\/naturamada.com\/wp-content\/uploads\/2025\/07\/coeur-pierre-amethyste-foncee-Naturamada.webp","contentUrl":"https:\/\/naturamada.com\/wp-content\/uploads\/2025\/07\/coeur-pierre-amethyste-foncee-Naturamada.webp","width":2000,"height":2000,"caption":"piedra coraz\u00f3n amatista oscura Naturamada"},{"@type":"BreadcrumbList","@id":"https:\/\/naturamada.com\/es\/producto\/corazon-de-amatista-oscura\/#breadcrumb","itemListElement":[{"@type":"ListItem","position":1,"name":"Inicio","item":"https:\/\/naturamada.com\/es\/"},{"@type":"ListItem","position":2,"name":"Tienda","item":"https:\/\/naturamada.com\/es\/tienda\/"},{"@type":"ListItem","position":3,"name":"Naturamada amatista oscura coraz\u00f3n"}]},{"@type":"WebSite","@id":"https:\/\/naturamada.com\/es\/#website","url":"https:\/\/naturamada.com\/es\/","name":"Naturamada","description":"Epices, Superaliments et Pierres pour le bien-\u00eatre et la cuisine","publisher":{"@id":"https:\/\/naturamada.com\/es\/#organization"},"potentialAction":[{"@type":"SearchAction","target":{"@type":"EntryPoint","urlTemplate":"https:\/\/naturamada.com\/es\/?s={search_term_string}"},"query-input":{"@type":"PropertyValueSpecification","valueRequired":true,"valueName":"search_term_string"}}],"inLanguage":"es"},{"@type":"Organization","@id":"https:\/\/naturamada.com\/es\/#organization","name":"Naturamada","url":"https:\/\/naturamada.com\/es\/","logo":{"@type":"ImageObject","inLanguage":"es","@id":"https:\/\/naturamada.com\/es\/#\/schema\/logo\/image\/","url":"https:\/\/naturamada.com\/wp-content\/uploads\/2025\/07\/cropped-Naturamada-10.png","contentUrl":"https:\/\/naturamada.com\/wp-content\/uploads\/2025\/07\/cropped-Naturamada-10.png","width":1366,"height":455,"caption":"Naturamada"},"image":{"@id":"https:\/\/naturamada.com\/es\/#\/schema\/logo\/image\/"},"sameAs":["https:\/\/www.facebook.com\/Naturamada.shop\/","https:\/\/www.instagram.com\/naturamada.officiel\/"]}]}},"_links":{"self":[{"href":"https:\/\/naturamada.com\/es\/wp-json\/wp\/v2\/product\/1987","targetHints":{"allow":["GET"]}}],"collection":[{"href":"https:\/\/naturamada.com\/es\/wp-json\/wp\/v2\/product"}],"about":[{"href":"https:\/\/naturamada.com\/es\/wp-json\/wp\/v2\/types\/product"}],"wp:featuredmedia":[{"embeddable":true,"href":"https:\/\/naturamada.com\/es\/wp-json\/wp\/v2\/media\/3692"}],"wp:attachment":[{"href":"https:\/\/naturamada.com\/es\/wp-json\/wp\/v2\/media?parent=1987"}],"wp:term":[{"taxonomy":"product_brand","embeddable":true,"href":"https:\/\/naturamada.com\/es\/wp-json\/wp\/v2\/product_brand?post=1987"},{"taxonomy":"product_cat","embeddable":true,"href":"https:\/\/naturamada.com\/es\/wp-json\/wp\/v2\/product_cat?post=1987"},{"taxonomy":"product_tag","embeddable":true,"href":"https:\/\/naturamada.com\/es\/wp-json\/wp\/v2\/product_tag?post=1987"}],"curies":[{"name":"wp","href":"https:\/\/api.w.org\/{rel}","templated":true}]}}