{"id":1980,"date":"2025-07-05T17:48:50","date_gmt":"2025-07-05T17:48:50","guid":{"rendered":"https:\/\/naturamada.com\/produit\/corazon-de-calcita-naranja\/"},"modified":"2026-03-17T19:29:50","modified_gmt":"2026-03-17T19:29:50","slug":"corazon-de-calcita-naranja","status":"publish","type":"product","link":"https:\/\/naturamada.com\/es\/producto\/corazon-de-calcita-naranja\/","title":{"rendered":"Calcita coraz\u00f3n naranja Naturamada"},"content":{"rendered":"<p data-start=\"151\" data-end=\"221\">\u2728 <strong data-start=\"153\" data-end=\"217\">Coraz\u00f3n de Calcita Naranja Natural &#8211; Energ\u00eda y Creatividad<\/strong> \u2728<\/p>\n<p data-start=\"223\" data-end=\"526\">Este coraz\u00f3n de calcita naranja natural, de unos 40 mm, est\u00e1 cuidadosamente tallado y pulido para revelar sus tonos c\u00e1lidos y luminosos y su energ\u00eda vigorizante. S\u00edmbolo de vitalidad, creatividad y alegr\u00eda de vivir, la calcita naranja se asocia al <strong data-start=\"481\" data-end=\"500\">mes de julio<\/strong> y al <strong data-start=\"507\" data-end=\"523\">chakra sacro<\/strong>. <\/p>\n<p data-start=\"528\" data-end=\"689\">Cada coraz\u00f3n es seleccionado por Naturamada, ideal para meditar, dinamizar tu espacio u ofrecer como muestra de motivaci\u00f3n y calidez.<\/p>\n<p data-start=\"691\" data-end=\"950\"><strong data-start=\"694\" data-end=\"760\">Virtudes de la calcita naranja (seg\u00fan las tradiciones espirituales):<\/strong><br data-start=\"760\" data-end=\"763\">Estimula la creatividad y la inspiraci\u00f3n<br data-start=\"804\" data-end=\"807\">Fomenta la alegr\u00eda de vivir y la motivaci\u00f3n<br data-start=\"852\" data-end=\"855\">Aporta energ\u00eda y vitalidad<br data-start=\"887\" data-end=\"890\">Asociada al chakra sacro<br data-start=\"917\" data-end=\"920\">Piedra del mes de julio<\/p>\n<p data-start=\"952\" data-end=\"981\"><strong data-start=\"955\" data-end=\"979\">Detalles del producto :<\/strong><\/p>\n<p data-start=\"984\" data-end=\"1010\">Tipo : N\u00facleo pulido natural<\/p>\n<p data-start=\"1013\" data-end=\"1034\">Tama\u00f1o: aprox. 40 mm<\/p>\n<p data-start=\"1037\" data-end=\"1072\">Piedra : Calcita naranja natural<\/p>\n<p data-start=\"1200\" data-end=\"1351\"><strong data-start=\"1203\" data-end=\"1218\">Cuidados:<\/strong><br data-start=\"1218\" data-end=\"1221\">Purifica tu coraz\u00f3n con salvia, incienso o agua destilada. Rec\u00e1rgalo a la luz del d\u00eda o sobre una flor de la vida.<\/p>\n<p data-start=\"1353\" data-end=\"1487\"><strong data-start=\"1356\" data-end=\"1373\">Idea para regalo:<\/strong><br data-start=\"1373\" data-end=\"1376\">Un coraz\u00f3n brillante y estimulante, perfecto para ti o como regalo para fomentar la creatividad y el buen humor.<\/p>\n","protected":false},"excerpt":{"rendered":"<p>\u2728 Coraz\u00f3n de Calcita Naranja Natural &#8211; Energ\u00eda y Creatividad \u2728 Este coraz\u00f3n de calcita naranja natural, de unos 40 [&hellip;]<\/p>\n","protected":false},"featured_media":3697,"template":"","meta":{"site-sidebar-layout":"default","site-content-layout":"","ast-site-content-layout":"default","site-content-style":"default","site-sidebar-style":"default","ast-global-header-display":"","ast-banner-title-visibility":"","ast-main-header-display":"","ast-hfb-above-header-display":"","ast-hfb-below-header-display":"","ast-hfb-mobile-header-display":"","site-post-title":"","ast-breadcrumbs-content":"","ast-featured-img":"","footer-sml-layout":"","ast-disable-related-posts":"","theme-transparent-header-meta":"default","adv-header-id-meta":"","stick-header-meta":"","header-above-stick-meta":"","header-main-stick-meta":"","header-below-stick-meta":"","astra-migrate-meta-layouts":"default","ast-page-background-enabled":"default","ast-page-background-meta":{"desktop":{"background-color":"var(--ast-global-color-5)","background-image":"","background-repeat":"repeat","background-position":"center center","background-size":"auto","background-attachment":"scroll","background-type":"","background-media":"","overlay-type":"","overlay-color":"","overlay-opacity":"","overlay-gradient":""},"tablet":{"background-color":"","background-image":"","background-repeat":"repeat","background-position":"center center","background-size":"auto","background-attachment":"scroll","background-type":"","background-media":"","overlay-type":"","overlay-color":"","overlay-opacity":"","overlay-gradient":""},"mobile":{"background-color":"","background-image":"","background-repeat":"repeat","background-position":"center center","background-size":"auto","background-attachment":"scroll","background-type":"","background-media":"","overlay-type":"","overlay-color":"","overlay-opacity":"","overlay-gradient":""}},"ast-content-background-meta":{"desktop":{"background-color":"var(--ast-global-color-4)","background-image":"","background-repeat":"repeat","background-position":"center center","background-size":"auto","background-attachment":"scroll","background-type":"","background-media":"","overlay-type":"","overlay-color":"","overlay-opacity":"","overlay-gradient":""},"tablet":{"background-color":"var(--ast-global-color-4)","background-image":"","background-repeat":"repeat","background-position":"center center","background-size":"auto","background-attachment":"scroll","background-type":"","background-media":"","overlay-type":"","overlay-color":"","overlay-opacity":"","overlay-gradient":""},"mobile":{"background-color":"var(--ast-global-color-4)","background-image":"","background-repeat":"repeat","background-position":"center center","background-size":"auto","background-attachment":"scroll","background-type":"","background-media":"","overlay-type":"","overlay-color":"","overlay-opacity":"","overlay-gradient":""}}},"product_brand":[],"product_cat":[2699,1428],"product_tag":[],"class_list":{"0":"post-1980","1":"product","2":"type-product","3":"status-publish","4":"has-post-thumbnail","6":"product_cat-corazones-de-piedra","7":"product_cat-piedra-natural","8":"pa_couleur-naranja","9":"pa_taille-40-mm-es","10":"pa_type-de-pierre-calcita","11":"pa_type-produit-corazon","12":"pa_usage-bienestar","13":"desktop-align-left","14":"tablet-align-left","15":"mobile-align-left","17":"first","18":"instock","19":"taxable","20":"shipping-taxable","21":"purchasable","22":"product-type-simple"},"yoast_head":"<!-- This site is optimized with the Yoast SEO plugin v27.5 - https:\/\/yoast.com\/product\/yoast-seo-wordpress\/ -->\n<title>Calcita Naranja Coraz\u00f3n 40 mm - Energ\u00eda y Creatividad | Naturamada<\/title>\n<meta name=\"description\" content=\"Coraz\u00f3n de calcita naranja natural (40 mm), piedra del mes de julio y del chakra sacro. Tradici\u00f3n: energ\u00eda, creatividad y dinamismo. Fabricado a mano por Naturamada.\" \/>\n<meta name=\"robots\" content=\"index, follow, max-snippet:-1, max-image-preview:large, max-video-preview:-1\" \/>\n<link rel=\"canonical\" href=\"https:\/\/naturamada.com\/es\/producto\/corazon-de-calcita-naranja\/\" \/>\n<meta property=\"og:locale\" content=\"es_ES\" \/>\n<meta property=\"og:type\" content=\"article\" \/>\n<meta property=\"og:title\" content=\"Calcita Naranja Coraz\u00f3n 40 mm - Energ\u00eda y Creatividad | Naturamada\" \/>\n<meta property=\"og:description\" content=\"Coraz\u00f3n de calcita naranja natural (40 mm), piedra del mes de julio y del chakra sacro. Tradici\u00f3n: energ\u00eda, creatividad y dinamismo. Fabricado a mano por Naturamada.\" \/>\n<meta property=\"og:url\" content=\"https:\/\/naturamada.com\/es\/producto\/corazon-de-calcita-naranja\/\" \/>\n<meta property=\"og:site_name\" content=\"Naturamada\" \/>\n<meta property=\"article:publisher\" content=\"https:\/\/www.facebook.com\/Naturamada.shop\/\" \/>\n<meta property=\"article:modified_time\" content=\"2026-03-17T19:29:50+00:00\" \/>\n<meta property=\"og:image\" content=\"https:\/\/naturamada.com\/wp-content\/uploads\/2025\/07\/coeur-en-pierre-calcite-orange-Naturamada.webp\" \/>\n\t<meta property=\"og:image:width\" content=\"2000\" \/>\n\t<meta property=\"og:image:height\" content=\"2000\" \/>\n\t<meta property=\"og:image:type\" content=\"image\/webp\" \/>\n<script type=\"application\/ld+json\" class=\"yoast-schema-graph\">{\"@context\":\"https:\\\/\\\/schema.org\",\"@graph\":[{\"@type\":\"WebPage\",\"@id\":\"https:\\\/\\\/naturamada.com\\\/es\\\/producto\\\/corazon-de-calcita-naranja\\\/\",\"url\":\"https:\\\/\\\/naturamada.com\\\/es\\\/producto\\\/corazon-de-calcita-naranja\\\/\",\"name\":\"Calcita Naranja Coraz\u00f3n 40 mm - Energ\u00eda y Creatividad | Naturamada\",\"isPartOf\":{\"@id\":\"https:\\\/\\\/naturamada.com\\\/es\\\/#website\"},\"primaryImageOfPage\":{\"@id\":\"https:\\\/\\\/naturamada.com\\\/es\\\/producto\\\/corazon-de-calcita-naranja\\\/#primaryimage\"},\"image\":{\"@id\":\"https:\\\/\\\/naturamada.com\\\/es\\\/producto\\\/corazon-de-calcita-naranja\\\/#primaryimage\"},\"thumbnailUrl\":\"https:\\\/\\\/naturamada.com\\\/wp-content\\\/uploads\\\/2025\\\/07\\\/coeur-en-pierre-calcite-orange-Naturamada.webp\",\"datePublished\":\"2025-07-05T17:48:50+00:00\",\"dateModified\":\"2026-03-17T19:29:50+00:00\",\"description\":\"Coraz\u00f3n de calcita naranja natural (40 mm), piedra del mes de julio y del chakra sacro. Tradici\u00f3n: energ\u00eda, creatividad y dinamismo. Fabricado a mano por Naturamada.\",\"breadcrumb\":{\"@id\":\"https:\\\/\\\/naturamada.com\\\/es\\\/producto\\\/corazon-de-calcita-naranja\\\/#breadcrumb\"},\"inLanguage\":\"es\",\"potentialAction\":[{\"@type\":\"ReadAction\",\"target\":[\"https:\\\/\\\/naturamada.com\\\/es\\\/producto\\\/corazon-de-calcita-naranja\\\/\"]}]},{\"@type\":\"ImageObject\",\"inLanguage\":\"es\",\"@id\":\"https:\\\/\\\/naturamada.com\\\/es\\\/producto\\\/corazon-de-calcita-naranja\\\/#primaryimage\",\"url\":\"https:\\\/\\\/naturamada.com\\\/wp-content\\\/uploads\\\/2025\\\/07\\\/coeur-en-pierre-calcite-orange-Naturamada.webp\",\"contentUrl\":\"https:\\\/\\\/naturamada.com\\\/wp-content\\\/uploads\\\/2025\\\/07\\\/coeur-en-pierre-calcite-orange-Naturamada.webp\",\"width\":2000,\"height\":2000,\"caption\":\"coraz\u00f3n en piedra calcita naranja Naturamada\"},{\"@type\":\"BreadcrumbList\",\"@id\":\"https:\\\/\\\/naturamada.com\\\/es\\\/producto\\\/corazon-de-calcita-naranja\\\/#breadcrumb\",\"itemListElement\":[{\"@type\":\"ListItem\",\"position\":1,\"name\":\"Inicio\",\"item\":\"https:\\\/\\\/naturamada.com\\\/es\\\/\"},{\"@type\":\"ListItem\",\"position\":2,\"name\":\"Tienda\",\"item\":\"https:\\\/\\\/naturamada.com\\\/es\\\/tienda\\\/\"},{\"@type\":\"ListItem\",\"position\":3,\"name\":\"Calcita coraz\u00f3n naranja Naturamada\"}]},{\"@type\":\"WebSite\",\"@id\":\"https:\\\/\\\/naturamada.com\\\/es\\\/#website\",\"url\":\"https:\\\/\\\/naturamada.com\\\/es\\\/\",\"name\":\"Naturamada\",\"description\":\"Epices, Superaliments et Pierres pour le bien-\u00eatre et la cuisine\",\"publisher\":{\"@id\":\"https:\\\/\\\/naturamada.com\\\/es\\\/#organization\"},\"potentialAction\":[{\"@type\":\"SearchAction\",\"target\":{\"@type\":\"EntryPoint\",\"urlTemplate\":\"https:\\\/\\\/naturamada.com\\\/es\\\/?s={search_term_string}\"},\"query-input\":{\"@type\":\"PropertyValueSpecification\",\"valueRequired\":true,\"valueName\":\"search_term_string\"}}],\"inLanguage\":\"es\"},{\"@type\":\"Organization\",\"@id\":\"https:\\\/\\\/naturamada.com\\\/es\\\/#organization\",\"name\":\"Naturamada\",\"url\":\"https:\\\/\\\/naturamada.com\\\/es\\\/\",\"logo\":{\"@type\":\"ImageObject\",\"inLanguage\":\"es\",\"@id\":\"https:\\\/\\\/naturamada.com\\\/es\\\/#\\\/schema\\\/logo\\\/image\\\/\",\"url\":\"https:\\\/\\\/naturamada.com\\\/wp-content\\\/uploads\\\/2025\\\/07\\\/cropped-Naturamada-10.png\",\"contentUrl\":\"https:\\\/\\\/naturamada.com\\\/wp-content\\\/uploads\\\/2025\\\/07\\\/cropped-Naturamada-10.png\",\"width\":1366,\"height\":455,\"caption\":\"Naturamada\"},\"image\":{\"@id\":\"https:\\\/\\\/naturamada.com\\\/es\\\/#\\\/schema\\\/logo\\\/image\\\/\"},\"sameAs\":[\"https:\\\/\\\/www.facebook.com\\\/Naturamada.shop\\\/\",\"https:\\\/\\\/www.instagram.com\\\/naturamada.officiel\\\/\"]}]}<\/script>\n<!-- \/ Yoast SEO plugin. -->","yoast_head_json":{"title":"Calcita Naranja Coraz\u00f3n 40 mm - Energ\u00eda y Creatividad | Naturamada","description":"Coraz\u00f3n de calcita naranja natural (40 mm), piedra del mes de julio y del chakra sacro. Tradici\u00f3n: energ\u00eda, creatividad y dinamismo. Fabricado a mano por Naturamada.","robots":{"index":"index","follow":"follow","max-snippet":"max-snippet:-1","max-image-preview":"max-image-preview:large","max-video-preview":"max-video-preview:-1"},"canonical":"https:\/\/naturamada.com\/es\/producto\/corazon-de-calcita-naranja\/","og_locale":"es_ES","og_type":"article","og_title":"Calcita Naranja Coraz\u00f3n 40 mm - Energ\u00eda y Creatividad | Naturamada","og_description":"Coraz\u00f3n de calcita naranja natural (40 mm), piedra del mes de julio y del chakra sacro. Tradici\u00f3n: energ\u00eda, creatividad y dinamismo. Fabricado a mano por Naturamada.","og_url":"https:\/\/naturamada.com\/es\/producto\/corazon-de-calcita-naranja\/","og_site_name":"Naturamada","article_publisher":"https:\/\/www.facebook.com\/Naturamada.shop\/","article_modified_time":"2026-03-17T19:29:50+00:00","og_image":[{"width":2000,"height":2000,"url":"https:\/\/naturamada.com\/wp-content\/uploads\/2025\/07\/coeur-en-pierre-calcite-orange-Naturamada.webp","type":"image\/webp"}],"schema":{"@context":"https:\/\/schema.org","@graph":[{"@type":"WebPage","@id":"https:\/\/naturamada.com\/es\/producto\/corazon-de-calcita-naranja\/","url":"https:\/\/naturamada.com\/es\/producto\/corazon-de-calcita-naranja\/","name":"Calcita Naranja Coraz\u00f3n 40 mm - Energ\u00eda y Creatividad | Naturamada","isPartOf":{"@id":"https:\/\/naturamada.com\/es\/#website"},"primaryImageOfPage":{"@id":"https:\/\/naturamada.com\/es\/producto\/corazon-de-calcita-naranja\/#primaryimage"},"image":{"@id":"https:\/\/naturamada.com\/es\/producto\/corazon-de-calcita-naranja\/#primaryimage"},"thumbnailUrl":"https:\/\/naturamada.com\/wp-content\/uploads\/2025\/07\/coeur-en-pierre-calcite-orange-Naturamada.webp","datePublished":"2025-07-05T17:48:50+00:00","dateModified":"2026-03-17T19:29:50+00:00","description":"Coraz\u00f3n de calcita naranja natural (40 mm), piedra del mes de julio y del chakra sacro. Tradici\u00f3n: energ\u00eda, creatividad y dinamismo. Fabricado a mano por Naturamada.","breadcrumb":{"@id":"https:\/\/naturamada.com\/es\/producto\/corazon-de-calcita-naranja\/#breadcrumb"},"inLanguage":"es","potentialAction":[{"@type":"ReadAction","target":["https:\/\/naturamada.com\/es\/producto\/corazon-de-calcita-naranja\/"]}]},{"@type":"ImageObject","inLanguage":"es","@id":"https:\/\/naturamada.com\/es\/producto\/corazon-de-calcita-naranja\/#primaryimage","url":"https:\/\/naturamada.com\/wp-content\/uploads\/2025\/07\/coeur-en-pierre-calcite-orange-Naturamada.webp","contentUrl":"https:\/\/naturamada.com\/wp-content\/uploads\/2025\/07\/coeur-en-pierre-calcite-orange-Naturamada.webp","width":2000,"height":2000,"caption":"coraz\u00f3n en piedra calcita naranja Naturamada"},{"@type":"BreadcrumbList","@id":"https:\/\/naturamada.com\/es\/producto\/corazon-de-calcita-naranja\/#breadcrumb","itemListElement":[{"@type":"ListItem","position":1,"name":"Inicio","item":"https:\/\/naturamada.com\/es\/"},{"@type":"ListItem","position":2,"name":"Tienda","item":"https:\/\/naturamada.com\/es\/tienda\/"},{"@type":"ListItem","position":3,"name":"Calcita coraz\u00f3n naranja Naturamada"}]},{"@type":"WebSite","@id":"https:\/\/naturamada.com\/es\/#website","url":"https:\/\/naturamada.com\/es\/","name":"Naturamada","description":"Epices, Superaliments et Pierres pour le bien-\u00eatre et la cuisine","publisher":{"@id":"https:\/\/naturamada.com\/es\/#organization"},"potentialAction":[{"@type":"SearchAction","target":{"@type":"EntryPoint","urlTemplate":"https:\/\/naturamada.com\/es\/?s={search_term_string}"},"query-input":{"@type":"PropertyValueSpecification","valueRequired":true,"valueName":"search_term_string"}}],"inLanguage":"es"},{"@type":"Organization","@id":"https:\/\/naturamada.com\/es\/#organization","name":"Naturamada","url":"https:\/\/naturamada.com\/es\/","logo":{"@type":"ImageObject","inLanguage":"es","@id":"https:\/\/naturamada.com\/es\/#\/schema\/logo\/image\/","url":"https:\/\/naturamada.com\/wp-content\/uploads\/2025\/07\/cropped-Naturamada-10.png","contentUrl":"https:\/\/naturamada.com\/wp-content\/uploads\/2025\/07\/cropped-Naturamada-10.png","width":1366,"height":455,"caption":"Naturamada"},"image":{"@id":"https:\/\/naturamada.com\/es\/#\/schema\/logo\/image\/"},"sameAs":["https:\/\/www.facebook.com\/Naturamada.shop\/","https:\/\/www.instagram.com\/naturamada.officiel\/"]}]}},"_links":{"self":[{"href":"https:\/\/naturamada.com\/es\/wp-json\/wp\/v2\/product\/1980","targetHints":{"allow":["GET"]}}],"collection":[{"href":"https:\/\/naturamada.com\/es\/wp-json\/wp\/v2\/product"}],"about":[{"href":"https:\/\/naturamada.com\/es\/wp-json\/wp\/v2\/types\/product"}],"wp:featuredmedia":[{"embeddable":true,"href":"https:\/\/naturamada.com\/es\/wp-json\/wp\/v2\/media\/3697"}],"wp:attachment":[{"href":"https:\/\/naturamada.com\/es\/wp-json\/wp\/v2\/media?parent=1980"}],"wp:term":[{"taxonomy":"product_brand","embeddable":true,"href":"https:\/\/naturamada.com\/es\/wp-json\/wp\/v2\/product_brand?post=1980"},{"taxonomy":"product_cat","embeddable":true,"href":"https:\/\/naturamada.com\/es\/wp-json\/wp\/v2\/product_cat?post=1980"},{"taxonomy":"product_tag","embeddable":true,"href":"https:\/\/naturamada.com\/es\/wp-json\/wp\/v2\/product_tag?post=1980"}],"curies":[{"name":"wp","href":"https:\/\/api.w.org\/{rel}","templated":true}]}}