{"id":1960,"date":"2025-07-05T17:12:21","date_gmt":"2025-07-05T17:12:21","guid":{"rendered":"https:\/\/naturamada.com\/produit\/corazon-de-howlita-blanca\/"},"modified":"2026-03-17T19:29:49","modified_gmt":"2026-03-17T19:29:49","slug":"corazon-de-howlita-blanca","status":"publish","type":"product","link":"https:\/\/naturamada.com\/es\/producto\/corazon-de-howlita-blanca\/","title":{"rendered":"Howlita blanca coraz\u00f3n Naturamada"},"content":{"rendered":"<p data-start=\"144\" data-end=\"202\">\u2728 <strong data-start=\"146\" data-end=\"198\">Coraz\u00f3n de Howlita Natural &#8211; 40 mm &#8211; Calma y Sabidur\u00eda<\/strong> \u2728<\/p>\n<p data-start=\"204\" data-end=\"495\">Este coraz\u00f3n de howlita natural, de unos 40 mm, est\u00e1 cuidadosamente tallado y pulido para resaltar sus elegantes vetas blancas y grises y su energ\u00eda calmante. S\u00edmbolo de calma, sabidur\u00eda y paciencia, la howlita se asocia al <strong data-start=\"451\" data-end=\"467\">mes de junio<\/strong> y al <strong data-start=\"474\" data-end=\"492\">chakra coronal<\/strong>. <\/p>\n<p data-start=\"497\" data-end=\"662\">Cada coraz\u00f3n es seleccionado por Naturamada, ideal para meditar, decorar un espacio u ofrecer como muestra de serenidad y equilibrio interior.<\/p>\n<p data-start=\"664\" data-end=\"917\"><strong data-start=\"667\" data-end=\"726\">Virtudes de la aullita (seg\u00fan las tradiciones espirituales):<\/strong><br data-start=\"726\" data-end=\"729\">Fomenta la paciencia y la serenidad<br data-start=\"767\" data-end=\"770\">Calma las emociones y despeja la mente<br data-start=\"813\" data-end=\"816\">Fomenta la reflexi\u00f3n y la sabidur\u00eda<br data-start=\"855\" data-end=\"858\">Asociada al chakra coronal<br data-start=\"887\" data-end=\"890\">Piedra del mes de junio<\/p>\n<p data-start=\"919\" data-end=\"948\"><strong data-start=\"922\" data-end=\"946\">Detalles del producto :<\/strong><\/p>\n<p data-start=\"951\" data-end=\"977\">Tipo : N\u00facleo pulido natural<\/p>\n<p data-start=\"980\" data-end=\"1001\">Tama\u00f1o: aprox. 40 mm<\/p>\n<p data-start=\"1004\" data-end=\"1032\">Piedra: Howlita blanca natural<\/p>\n<p data-start=\"1164\" data-end=\"1322\"><strong data-start=\"1167\" data-end=\"1182\">Cuidados:<\/strong><br data-start=\"1182\" data-end=\"1185\">Purifica tu coraz\u00f3n con salvia, incienso o agua destilada. Rec\u00e1rgalo a la suave luz de la ma\u00f1ana o sobre una flor de la vida.<\/p>\n<p data-start=\"1324\" data-end=\"1422\"><strong data-start=\"1327\" data-end=\"1344\">Idea para regalo:<\/strong><br data-start=\"1344\" data-end=\"1347\">Un coraz\u00f3n relajante y elegante, perfecto para ti o para hacer un regalo tierno.<\/p>\n","protected":false},"excerpt":{"rendered":"<p>\u2728 Coraz\u00f3n de Howlita Natural &#8211; 40 mm &#8211; Calma y Sabidur\u00eda \u2728 Este coraz\u00f3n de howlita natural, de unos [&hellip;]<\/p>\n","protected":false},"featured_media":3707,"template":"","meta":{"site-sidebar-layout":"default","site-content-layout":"","ast-site-content-layout":"default","site-content-style":"default","site-sidebar-style":"default","ast-global-header-display":"","ast-banner-title-visibility":"","ast-main-header-display":"","ast-hfb-above-header-display":"","ast-hfb-below-header-display":"","ast-hfb-mobile-header-display":"","site-post-title":"","ast-breadcrumbs-content":"","ast-featured-img":"","footer-sml-layout":"","ast-disable-related-posts":"","theme-transparent-header-meta":"default","adv-header-id-meta":"","stick-header-meta":"","header-above-stick-meta":"","header-main-stick-meta":"","header-below-stick-meta":"","astra-migrate-meta-layouts":"default","ast-page-background-enabled":"default","ast-page-background-meta":{"desktop":{"background-color":"var(--ast-global-color-5)","background-image":"","background-repeat":"repeat","background-position":"center center","background-size":"auto","background-attachment":"scroll","background-type":"","background-media":"","overlay-type":"","overlay-color":"","overlay-opacity":"","overlay-gradient":""},"tablet":{"background-color":"","background-image":"","background-repeat":"repeat","background-position":"center center","background-size":"auto","background-attachment":"scroll","background-type":"","background-media":"","overlay-type":"","overlay-color":"","overlay-opacity":"","overlay-gradient":""},"mobile":{"background-color":"","background-image":"","background-repeat":"repeat","background-position":"center center","background-size":"auto","background-attachment":"scroll","background-type":"","background-media":"","overlay-type":"","overlay-color":"","overlay-opacity":"","overlay-gradient":""}},"ast-content-background-meta":{"desktop":{"background-color":"var(--ast-global-color-4)","background-image":"","background-repeat":"repeat","background-position":"center center","background-size":"auto","background-attachment":"scroll","background-type":"","background-media":"","overlay-type":"","overlay-color":"","overlay-opacity":"","overlay-gradient":""},"tablet":{"background-color":"var(--ast-global-color-4)","background-image":"","background-repeat":"repeat","background-position":"center center","background-size":"auto","background-attachment":"scroll","background-type":"","background-media":"","overlay-type":"","overlay-color":"","overlay-opacity":"","overlay-gradient":""},"mobile":{"background-color":"var(--ast-global-color-4)","background-image":"","background-repeat":"repeat","background-position":"center center","background-size":"auto","background-attachment":"scroll","background-type":"","background-media":"","overlay-type":"","overlay-color":"","overlay-opacity":"","overlay-gradient":""}}},"product_brand":[],"product_cat":[2699,1428],"product_tag":[],"class_list":{"0":"post-1960","1":"product","2":"type-product","3":"status-publish","4":"has-post-thumbnail","6":"product_cat-corazones-de-piedra","7":"product_cat-piedra-natural","8":"pa_couleur-blanco","9":"pa_taille-40-mm-es","10":"pa_type-de-pierre-howlite-es","11":"pa_type-produit-corazon","12":"pa_usage-bienestar","13":"desktop-align-left","14":"tablet-align-left","15":"mobile-align-left","17":"first","18":"instock","19":"taxable","20":"shipping-taxable","21":"purchasable","22":"product-type-simple"},"yoast_head":"<!-- This site is optimized with the Yoast SEO plugin v27.2 - https:\/\/yoast.com\/product\/yoast-seo-wordpress\/ -->\n<title>Coraz\u00f3n de Howlita 40 mm - Paz y Sabidur\u00eda | Naturamada<\/title>\n<meta name=\"description\" content=\"Coraz\u00f3n de howlita blanca natural (40 mm), piedra del mes de junio y del chakra coronal. Tradici\u00f3n: serenidad, paciencia y sabidur\u00eda. Fabricado a mano por Naturamada.\" \/>\n<meta name=\"robots\" content=\"index, follow, max-snippet:-1, max-image-preview:large, max-video-preview:-1\" \/>\n<link rel=\"canonical\" href=\"https:\/\/naturamada.com\/es\/producto\/corazon-de-howlita-blanca\/\" \/>\n<meta property=\"og:locale\" content=\"es_ES\" \/>\n<meta property=\"og:type\" content=\"article\" \/>\n<meta property=\"og:title\" content=\"Coraz\u00f3n de Howlita 40 mm - Paz y Sabidur\u00eda | Naturamada\" \/>\n<meta property=\"og:description\" content=\"Coraz\u00f3n de howlita blanca natural (40 mm), piedra del mes de junio y del chakra coronal. Tradici\u00f3n: serenidad, paciencia y sabidur\u00eda. Fabricado a mano por Naturamada.\" \/>\n<meta property=\"og:url\" content=\"https:\/\/naturamada.com\/es\/producto\/corazon-de-howlita-blanca\/\" \/>\n<meta property=\"og:site_name\" content=\"Naturamada\" \/>\n<meta property=\"article:publisher\" content=\"https:\/\/www.facebook.com\/Naturamada.shop\/\" \/>\n<meta property=\"article:modified_time\" content=\"2026-03-17T19:29:49+00:00\" \/>\n<meta property=\"og:image\" content=\"https:\/\/naturamada.com\/wp-content\/uploads\/2025\/07\/coeur-en-pierre-dhowlite-blanche-Naturamada.webp\" \/>\n\t<meta property=\"og:image:width\" content=\"2000\" \/>\n\t<meta property=\"og:image:height\" content=\"2000\" \/>\n\t<meta property=\"og:image:type\" content=\"image\/webp\" \/>\n<script type=\"application\/ld+json\" class=\"yoast-schema-graph\">{\"@context\":\"https:\/\/schema.org\",\"@graph\":[{\"@type\":\"WebPage\",\"@id\":\"https:\/\/naturamada.com\/es\/producto\/corazon-de-howlita-blanca\/\",\"url\":\"https:\/\/naturamada.com\/es\/producto\/corazon-de-howlita-blanca\/\",\"name\":\"Coraz\u00f3n de Howlita 40 mm - Paz y Sabidur\u00eda | Naturamada\",\"isPartOf\":{\"@id\":\"https:\/\/naturamada.com\/es\/#website\"},\"primaryImageOfPage\":{\"@id\":\"https:\/\/naturamada.com\/es\/producto\/corazon-de-howlita-blanca\/#primaryimage\"},\"image\":{\"@id\":\"https:\/\/naturamada.com\/es\/producto\/corazon-de-howlita-blanca\/#primaryimage\"},\"thumbnailUrl\":\"https:\/\/naturamada.com\/wp-content\/uploads\/2025\/07\/coeur-en-pierre-dhowlite-blanche-Naturamada.webp\",\"datePublished\":\"2025-07-05T17:12:21+00:00\",\"dateModified\":\"2026-03-17T19:29:49+00:00\",\"description\":\"Coraz\u00f3n de howlita blanca natural (40 mm), piedra del mes de junio y del chakra coronal. Tradici\u00f3n: serenidad, paciencia y sabidur\u00eda. Fabricado a mano por Naturamada.\",\"breadcrumb\":{\"@id\":\"https:\/\/naturamada.com\/es\/producto\/corazon-de-howlita-blanca\/#breadcrumb\"},\"inLanguage\":\"es\",\"potentialAction\":[{\"@type\":\"ReadAction\",\"target\":[\"https:\/\/naturamada.com\/es\/producto\/corazon-de-howlita-blanca\/\"]}]},{\"@type\":\"ImageObject\",\"inLanguage\":\"es\",\"@id\":\"https:\/\/naturamada.com\/es\/producto\/corazon-de-howlita-blanca\/#primaryimage\",\"url\":\"https:\/\/naturamada.com\/wp-content\/uploads\/2025\/07\/coeur-en-pierre-dhowlite-blanche-Naturamada.webp\",\"contentUrl\":\"https:\/\/naturamada.com\/wp-content\/uploads\/2025\/07\/coeur-en-pierre-dhowlite-blanche-Naturamada.webp\",\"width\":2000,\"height\":2000,\"caption\":\"coraz\u00f3n de howlita blanca Naturamada\"},{\"@type\":\"BreadcrumbList\",\"@id\":\"https:\/\/naturamada.com\/es\/producto\/corazon-de-howlita-blanca\/#breadcrumb\",\"itemListElement\":[{\"@type\":\"ListItem\",\"position\":1,\"name\":\"Inicio\",\"item\":\"https:\/\/naturamada.com\/es\/\"},{\"@type\":\"ListItem\",\"position\":2,\"name\":\"Tienda\",\"item\":\"https:\/\/naturamada.com\/es\/tienda\/\"},{\"@type\":\"ListItem\",\"position\":3,\"name\":\"Howlita blanca coraz\u00f3n Naturamada\"}]},{\"@type\":\"WebSite\",\"@id\":\"https:\/\/naturamada.com\/es\/#website\",\"url\":\"https:\/\/naturamada.com\/es\/\",\"name\":\"Naturamada\",\"description\":\"Epices, Superaliments et Pierres pour le bien-\u00eatre et la cuisine\",\"publisher\":{\"@id\":\"https:\/\/naturamada.com\/es\/#organization\"},\"potentialAction\":[{\"@type\":\"SearchAction\",\"target\":{\"@type\":\"EntryPoint\",\"urlTemplate\":\"https:\/\/naturamada.com\/es\/?s={search_term_string}\"},\"query-input\":{\"@type\":\"PropertyValueSpecification\",\"valueRequired\":true,\"valueName\":\"search_term_string\"}}],\"inLanguage\":\"es\"},{\"@type\":\"Organization\",\"@id\":\"https:\/\/naturamada.com\/es\/#organization\",\"name\":\"Naturamada\",\"url\":\"https:\/\/naturamada.com\/es\/\",\"logo\":{\"@type\":\"ImageObject\",\"inLanguage\":\"es\",\"@id\":\"https:\/\/naturamada.com\/es\/#\/schema\/logo\/image\/\",\"url\":\"https:\/\/naturamada.com\/wp-content\/uploads\/2025\/07\/cropped-Naturamada-10.png\",\"contentUrl\":\"https:\/\/naturamada.com\/wp-content\/uploads\/2025\/07\/cropped-Naturamada-10.png\",\"width\":1366,\"height\":455,\"caption\":\"Naturamada\"},\"image\":{\"@id\":\"https:\/\/naturamada.com\/es\/#\/schema\/logo\/image\/\"},\"sameAs\":[\"https:\/\/www.facebook.com\/Naturamada.shop\/\",\"https:\/\/www.instagram.com\/naturamada.officiel\/\"]}]}<\/script>\n<!-- \/ Yoast SEO plugin. -->","yoast_head_json":{"title":"Coraz\u00f3n de Howlita 40 mm - Paz y Sabidur\u00eda | Naturamada","description":"Coraz\u00f3n de howlita blanca natural (40 mm), piedra del mes de junio y del chakra coronal. Tradici\u00f3n: serenidad, paciencia y sabidur\u00eda. Fabricado a mano por Naturamada.","robots":{"index":"index","follow":"follow","max-snippet":"max-snippet:-1","max-image-preview":"max-image-preview:large","max-video-preview":"max-video-preview:-1"},"canonical":"https:\/\/naturamada.com\/es\/producto\/corazon-de-howlita-blanca\/","og_locale":"es_ES","og_type":"article","og_title":"Coraz\u00f3n de Howlita 40 mm - Paz y Sabidur\u00eda | Naturamada","og_description":"Coraz\u00f3n de howlita blanca natural (40 mm), piedra del mes de junio y del chakra coronal. Tradici\u00f3n: serenidad, paciencia y sabidur\u00eda. Fabricado a mano por Naturamada.","og_url":"https:\/\/naturamada.com\/es\/producto\/corazon-de-howlita-blanca\/","og_site_name":"Naturamada","article_publisher":"https:\/\/www.facebook.com\/Naturamada.shop\/","article_modified_time":"2026-03-17T19:29:49+00:00","og_image":[{"width":2000,"height":2000,"url":"https:\/\/naturamada.com\/wp-content\/uploads\/2025\/07\/coeur-en-pierre-dhowlite-blanche-Naturamada.webp","type":"image\/webp"}],"schema":{"@context":"https:\/\/schema.org","@graph":[{"@type":"WebPage","@id":"https:\/\/naturamada.com\/es\/producto\/corazon-de-howlita-blanca\/","url":"https:\/\/naturamada.com\/es\/producto\/corazon-de-howlita-blanca\/","name":"Coraz\u00f3n de Howlita 40 mm - Paz y Sabidur\u00eda | Naturamada","isPartOf":{"@id":"https:\/\/naturamada.com\/es\/#website"},"primaryImageOfPage":{"@id":"https:\/\/naturamada.com\/es\/producto\/corazon-de-howlita-blanca\/#primaryimage"},"image":{"@id":"https:\/\/naturamada.com\/es\/producto\/corazon-de-howlita-blanca\/#primaryimage"},"thumbnailUrl":"https:\/\/naturamada.com\/wp-content\/uploads\/2025\/07\/coeur-en-pierre-dhowlite-blanche-Naturamada.webp","datePublished":"2025-07-05T17:12:21+00:00","dateModified":"2026-03-17T19:29:49+00:00","description":"Coraz\u00f3n de howlita blanca natural (40 mm), piedra del mes de junio y del chakra coronal. Tradici\u00f3n: serenidad, paciencia y sabidur\u00eda. Fabricado a mano por Naturamada.","breadcrumb":{"@id":"https:\/\/naturamada.com\/es\/producto\/corazon-de-howlita-blanca\/#breadcrumb"},"inLanguage":"es","potentialAction":[{"@type":"ReadAction","target":["https:\/\/naturamada.com\/es\/producto\/corazon-de-howlita-blanca\/"]}]},{"@type":"ImageObject","inLanguage":"es","@id":"https:\/\/naturamada.com\/es\/producto\/corazon-de-howlita-blanca\/#primaryimage","url":"https:\/\/naturamada.com\/wp-content\/uploads\/2025\/07\/coeur-en-pierre-dhowlite-blanche-Naturamada.webp","contentUrl":"https:\/\/naturamada.com\/wp-content\/uploads\/2025\/07\/coeur-en-pierre-dhowlite-blanche-Naturamada.webp","width":2000,"height":2000,"caption":"coraz\u00f3n de howlita blanca Naturamada"},{"@type":"BreadcrumbList","@id":"https:\/\/naturamada.com\/es\/producto\/corazon-de-howlita-blanca\/#breadcrumb","itemListElement":[{"@type":"ListItem","position":1,"name":"Inicio","item":"https:\/\/naturamada.com\/es\/"},{"@type":"ListItem","position":2,"name":"Tienda","item":"https:\/\/naturamada.com\/es\/tienda\/"},{"@type":"ListItem","position":3,"name":"Howlita blanca coraz\u00f3n Naturamada"}]},{"@type":"WebSite","@id":"https:\/\/naturamada.com\/es\/#website","url":"https:\/\/naturamada.com\/es\/","name":"Naturamada","description":"Epices, Superaliments et Pierres pour le bien-\u00eatre et la cuisine","publisher":{"@id":"https:\/\/naturamada.com\/es\/#organization"},"potentialAction":[{"@type":"SearchAction","target":{"@type":"EntryPoint","urlTemplate":"https:\/\/naturamada.com\/es\/?s={search_term_string}"},"query-input":{"@type":"PropertyValueSpecification","valueRequired":true,"valueName":"search_term_string"}}],"inLanguage":"es"},{"@type":"Organization","@id":"https:\/\/naturamada.com\/es\/#organization","name":"Naturamada","url":"https:\/\/naturamada.com\/es\/","logo":{"@type":"ImageObject","inLanguage":"es","@id":"https:\/\/naturamada.com\/es\/#\/schema\/logo\/image\/","url":"https:\/\/naturamada.com\/wp-content\/uploads\/2025\/07\/cropped-Naturamada-10.png","contentUrl":"https:\/\/naturamada.com\/wp-content\/uploads\/2025\/07\/cropped-Naturamada-10.png","width":1366,"height":455,"caption":"Naturamada"},"image":{"@id":"https:\/\/naturamada.com\/es\/#\/schema\/logo\/image\/"},"sameAs":["https:\/\/www.facebook.com\/Naturamada.shop\/","https:\/\/www.instagram.com\/naturamada.officiel\/"]}]}},"_links":{"self":[{"href":"https:\/\/naturamada.com\/es\/wp-json\/wp\/v2\/product\/1960","targetHints":{"allow":["GET"]}}],"collection":[{"href":"https:\/\/naturamada.com\/es\/wp-json\/wp\/v2\/product"}],"about":[{"href":"https:\/\/naturamada.com\/es\/wp-json\/wp\/v2\/types\/product"}],"wp:featuredmedia":[{"embeddable":true,"href":"https:\/\/naturamada.com\/es\/wp-json\/wp\/v2\/media\/3707"}],"wp:attachment":[{"href":"https:\/\/naturamada.com\/es\/wp-json\/wp\/v2\/media?parent=1960"}],"wp:term":[{"taxonomy":"product_brand","embeddable":true,"href":"https:\/\/naturamada.com\/es\/wp-json\/wp\/v2\/product_brand?post=1960"},{"taxonomy":"product_cat","embeddable":true,"href":"https:\/\/naturamada.com\/es\/wp-json\/wp\/v2\/product_cat?post=1960"},{"taxonomy":"product_tag","embeddable":true,"href":"https:\/\/naturamada.com\/es\/wp-json\/wp\/v2\/product_tag?post=1960"}],"curies":[{"name":"wp","href":"https:\/\/api.w.org\/{rel}","templated":true}]}}