{"id":1944,"date":"2025-07-05T17:01:44","date_gmt":"2025-07-05T17:01:44","guid":{"rendered":"https:\/\/naturamada.com\/produit\/rodillo-howlite-40-mm\/"},"modified":"2026-03-17T19:29:16","modified_gmt":"2026-03-17T19:29:16","slug":"rodillo-howlite-40-mm","status":"publish","type":"product","link":"https:\/\/naturamada.com\/es\/producto\/rodillo-howlite-40-mm\/","title":{"rendered":"Guijarro de Howlita Naturamada"},"content":{"rendered":"<p data-start=\"142\" data-end=\"201\"><strong data-start=\"144\" data-end=\"197\">Guijarro de Howlita Blanca Natural &#8211; 40 mm &#8211; Calma y Sabidur\u00eda<\/strong> \u2728<\/p>\n<p data-start=\"203\" data-end=\"476\">Este guijarro natural de howlita blanca, de unos 40 mm, est\u00e1 cuidadosamente pulido para revelar sus caracter\u00edsticas vetas blancas y grises y su energ\u00eda calmante. S\u00edmbolo de calma, paciencia y sabidur\u00eda, la howlita se asocia al <strong data-start=\"432\" data-end=\"448\">mes de junio<\/strong> y al <strong data-start=\"455\" data-end=\"473\">chakra coronal<\/strong>. <\/p>\n<p data-start=\"478\" data-end=\"634\">Cada guijarro es seleccionado por Naturamada, ideal para la meditaci\u00f3n, para armonizar tus espacios o como bello objeto decorativo natural.<\/p>\n<p data-start=\"636\" data-end=\"889\"><strong data-start=\"639\" data-end=\"698\">Virtudes de la aullita (seg\u00fan las tradiciones espirituales):<\/strong><br data-start=\"698\" data-end=\"701\">Fomenta la paciencia y la serenidad<br data-start=\"739\" data-end=\"742\">Calma las emociones y despeja la mente<br data-start=\"785\" data-end=\"788\">Fomenta la reflexi\u00f3n y la sabidur\u00eda<br data-start=\"827\" data-end=\"830\">Asociada al chakra coronal<br data-start=\"859\" data-end=\"862\">Piedra del <strong>mes de junio<\/strong><\/p>\n<p data-start=\"891\" data-end=\"920\"><strong data-start=\"894\" data-end=\"918\">Detalles del producto :<\/strong><\/p>\n<p data-start=\"923\" data-end=\"950\">Tipo : Rodillo pulido natural<\/p>\n<p data-start=\"953\" data-end=\"974\">Tama\u00f1o: aprox. 40 mm<\/p>\n<p data-start=\"977\" data-end=\"1005\">Piedra: Howlita blanca natural<\/p>\n<p data-start=\"1137\" data-end=\"1294\"><strong data-start=\"1140\" data-end=\"1155\">Cuidados:<\/strong><br data-start=\"1155\" data-end=\"1158\">Purifica tu guijarro con salvia, incienso o agua destilada. Rec\u00e1rgalo a la suave luz de la ma\u00f1ana o sobre una flor de la vida.<\/p>\n<p data-start=\"1296\" data-end=\"1392\"><strong data-start=\"1299\" data-end=\"1316\">Idea para regalo:<\/strong><br data-start=\"1316\" data-end=\"1319\">Un guijarro relajante y elegante, perfecto como regalo o para tenerlo cerca de ti.<\/p>\n<p data-start=\"1296\" data-end=\"1392\"><em><strong data-start=\"1217\" data-end=\"1234\">Advertencia<\/strong><\/em><br data-start=\"1234\" data-end=\"1237\"><em>La informaci\u00f3n nutricional y de bienestar presentada en este art\u00edculo se basa en las pr\u00e1cticas tradicionales y en los estudios actualmente disponibles. No sustituye a la atenci\u00f3n m\u00e9dica o nutricional personalizada.   <\/em><\/p>\n","protected":false},"excerpt":{"rendered":"<p>Guijarro de Howlita Blanca Natural &#8211; 40 mm &#8211; Calma y Sabidur\u00eda \u2728 Este guijarro natural de howlita blanca, de [&hellip;]<\/p>\n","protected":false},"featured_media":3733,"template":"","meta":{"site-sidebar-layout":"default","site-content-layout":"","ast-site-content-layout":"default","site-content-style":"default","site-sidebar-style":"default","ast-global-header-display":"","ast-banner-title-visibility":"","ast-main-header-display":"","ast-hfb-above-header-display":"","ast-hfb-below-header-display":"","ast-hfb-mobile-header-display":"","site-post-title":"","ast-breadcrumbs-content":"","ast-featured-img":"","footer-sml-layout":"","ast-disable-related-posts":"","theme-transparent-header-meta":"default","adv-header-id-meta":"","stick-header-meta":"","header-above-stick-meta":"","header-main-stick-meta":"","header-below-stick-meta":"","astra-migrate-meta-layouts":"default","ast-page-background-enabled":"default","ast-page-background-meta":{"desktop":{"background-color":"var(--ast-global-color-5)","background-image":"","background-repeat":"repeat","background-position":"center center","background-size":"auto","background-attachment":"scroll","background-type":"","background-media":"","overlay-type":"","overlay-color":"","overlay-opacity":"","overlay-gradient":""},"tablet":{"background-color":"","background-image":"","background-repeat":"repeat","background-position":"center center","background-size":"auto","background-attachment":"scroll","background-type":"","background-media":"","overlay-type":"","overlay-color":"","overlay-opacity":"","overlay-gradient":""},"mobile":{"background-color":"","background-image":"","background-repeat":"repeat","background-position":"center center","background-size":"auto","background-attachment":"scroll","background-type":"","background-media":"","overlay-type":"","overlay-color":"","overlay-opacity":"","overlay-gradient":""}},"ast-content-background-meta":{"desktop":{"background-color":"var(--ast-global-color-4)","background-image":"","background-repeat":"repeat","background-position":"center center","background-size":"auto","background-attachment":"scroll","background-type":"","background-media":"","overlay-type":"","overlay-color":"","overlay-opacity":"","overlay-gradient":""},"tablet":{"background-color":"var(--ast-global-color-4)","background-image":"","background-repeat":"repeat","background-position":"center center","background-size":"auto","background-attachment":"scroll","background-type":"","background-media":"","overlay-type":"","overlay-color":"","overlay-opacity":"","overlay-gradient":""},"mobile":{"background-color":"var(--ast-global-color-4)","background-image":"","background-repeat":"repeat","background-position":"center center","background-size":"auto","background-attachment":"scroll","background-type":"","background-media":"","overlay-type":"","overlay-color":"","overlay-opacity":"","overlay-gradient":""}}},"product_brand":[258],"product_cat":[2700,1428],"product_tag":[],"class_list":{"0":"post-1944","1":"product","2":"type-product","3":"status-publish","4":"has-post-thumbnail","6":"product_brand-naturamada","7":"product_cat-guijarros-planos","8":"product_cat-piedra-natural","9":"pa_chakra-chakra-de-la-corona-sahasrara","10":"pa_couleur-blanco","11":"pa_taille-40-mm-es","12":"pa_type-de-pierre-howlite-es","13":"pa_type-produit-rodillo","14":"pa_usage-bienestar","15":"desktop-align-left","16":"tablet-align-left","17":"mobile-align-left","19":"first","20":"instock","21":"taxable","22":"shipping-taxable","23":"purchasable","24":"product-type-simple"},"yoast_head":"<!-- This site is optimized with the Yoast SEO plugin v27.2 - https:\/\/yoast.com\/product\/yoast-seo-wordpress\/ -->\n<title>Guijarro de Howlita Blanca - Calma y Sabidur\u00eda | Naturamada<\/title>\n<meta name=\"description\" content=\"Guijarro natural de howlita blanca (40 mm), piedra del mes de junio y del chakra coronal. Tradici\u00f3n: calma, paciencia y sabidur\u00eda. Fabricado a mano por Naturamada.\" \/>\n<meta name=\"robots\" content=\"index, follow, max-snippet:-1, max-image-preview:large, max-video-preview:-1\" \/>\n<link rel=\"canonical\" href=\"https:\/\/naturamada.com\/es\/producto\/rodillo-howlite-40-mm\/\" \/>\n<meta property=\"og:locale\" content=\"es_ES\" \/>\n<meta property=\"og:type\" content=\"article\" \/>\n<meta property=\"og:title\" content=\"Guijarro de Howlita Blanca - Calma y Sabidur\u00eda | Naturamada\" \/>\n<meta property=\"og:description\" content=\"Guijarro natural de howlita blanca (40 mm), piedra del mes de junio y del chakra coronal. Tradici\u00f3n: calma, paciencia y sabidur\u00eda. Fabricado a mano por Naturamada.\" \/>\n<meta property=\"og:url\" content=\"https:\/\/naturamada.com\/es\/producto\/rodillo-howlite-40-mm\/\" \/>\n<meta property=\"og:site_name\" content=\"Naturamada\" \/>\n<meta property=\"article:publisher\" content=\"https:\/\/www.facebook.com\/Naturamada.shop\/\" \/>\n<meta property=\"article:modified_time\" content=\"2026-03-17T19:29:16+00:00\" \/>\n<meta property=\"og:image\" content=\"https:\/\/naturamada.com\/wp-content\/uploads\/2025\/07\/galet-howlite-blanche.webp\" \/>\n\t<meta property=\"og:image:width\" content=\"2000\" \/>\n\t<meta property=\"og:image:height\" content=\"2000\" \/>\n\t<meta property=\"og:image:type\" content=\"image\/webp\" \/>\n<script type=\"application\/ld+json\" class=\"yoast-schema-graph\">{\"@context\":\"https:\/\/schema.org\",\"@graph\":[{\"@type\":\"WebPage\",\"@id\":\"https:\/\/naturamada.com\/es\/producto\/rodillo-howlite-40-mm\/\",\"url\":\"https:\/\/naturamada.com\/es\/producto\/rodillo-howlite-40-mm\/\",\"name\":\"Guijarro de Howlita Blanca - Calma y Sabidur\u00eda | Naturamada\",\"isPartOf\":{\"@id\":\"https:\/\/naturamada.com\/es\/#website\"},\"primaryImageOfPage\":{\"@id\":\"https:\/\/naturamada.com\/es\/producto\/rodillo-howlite-40-mm\/#primaryimage\"},\"image\":{\"@id\":\"https:\/\/naturamada.com\/es\/producto\/rodillo-howlite-40-mm\/#primaryimage\"},\"thumbnailUrl\":\"https:\/\/naturamada.com\/wp-content\/uploads\/2025\/07\/galet-howlite-blanche.webp\",\"datePublished\":\"2025-07-05T17:01:44+00:00\",\"dateModified\":\"2026-03-17T19:29:16+00:00\",\"description\":\"Guijarro natural de howlita blanca (40 mm), piedra del mes de junio y del chakra coronal. Tradici\u00f3n: calma, paciencia y sabidur\u00eda. Fabricado a mano por Naturamada.\",\"breadcrumb\":{\"@id\":\"https:\/\/naturamada.com\/es\/producto\/rodillo-howlite-40-mm\/#breadcrumb\"},\"inLanguage\":\"es\",\"potentialAction\":[{\"@type\":\"ReadAction\",\"target\":[\"https:\/\/naturamada.com\/es\/producto\/rodillo-howlite-40-mm\/\"]}]},{\"@type\":\"ImageObject\",\"inLanguage\":\"es\",\"@id\":\"https:\/\/naturamada.com\/es\/producto\/rodillo-howlite-40-mm\/#primaryimage\",\"url\":\"https:\/\/naturamada.com\/wp-content\/uploads\/2025\/07\/galet-howlite-blanche.webp\",\"contentUrl\":\"https:\/\/naturamada.com\/wp-content\/uploads\/2025\/07\/galet-howlite-blanche.webp\",\"width\":2000,\"height\":2000},{\"@type\":\"BreadcrumbList\",\"@id\":\"https:\/\/naturamada.com\/es\/producto\/rodillo-howlite-40-mm\/#breadcrumb\",\"itemListElement\":[{\"@type\":\"ListItem\",\"position\":1,\"name\":\"Inicio\",\"item\":\"https:\/\/naturamada.com\/es\/\"},{\"@type\":\"ListItem\",\"position\":2,\"name\":\"Tienda\",\"item\":\"https:\/\/naturamada.com\/es\/tienda\/\"},{\"@type\":\"ListItem\",\"position\":3,\"name\":\"Guijarro de Howlita Naturamada\"}]},{\"@type\":\"WebSite\",\"@id\":\"https:\/\/naturamada.com\/es\/#website\",\"url\":\"https:\/\/naturamada.com\/es\/\",\"name\":\"Naturamada\",\"description\":\"Epices, Superaliments et Pierres pour le bien-\u00eatre et la cuisine\",\"publisher\":{\"@id\":\"https:\/\/naturamada.com\/es\/#organization\"},\"potentialAction\":[{\"@type\":\"SearchAction\",\"target\":{\"@type\":\"EntryPoint\",\"urlTemplate\":\"https:\/\/naturamada.com\/es\/?s={search_term_string}\"},\"query-input\":{\"@type\":\"PropertyValueSpecification\",\"valueRequired\":true,\"valueName\":\"search_term_string\"}}],\"inLanguage\":\"es\"},{\"@type\":\"Organization\",\"@id\":\"https:\/\/naturamada.com\/es\/#organization\",\"name\":\"Naturamada\",\"url\":\"https:\/\/naturamada.com\/es\/\",\"logo\":{\"@type\":\"ImageObject\",\"inLanguage\":\"es\",\"@id\":\"https:\/\/naturamada.com\/es\/#\/schema\/logo\/image\/\",\"url\":\"https:\/\/naturamada.com\/wp-content\/uploads\/2025\/07\/cropped-Naturamada-10.png\",\"contentUrl\":\"https:\/\/naturamada.com\/wp-content\/uploads\/2025\/07\/cropped-Naturamada-10.png\",\"width\":1366,\"height\":455,\"caption\":\"Naturamada\"},\"image\":{\"@id\":\"https:\/\/naturamada.com\/es\/#\/schema\/logo\/image\/\"},\"sameAs\":[\"https:\/\/www.facebook.com\/Naturamada.shop\/\",\"https:\/\/www.instagram.com\/naturamada.officiel\/\"]}]}<\/script>\n<!-- \/ Yoast SEO plugin. -->","yoast_head_json":{"title":"Guijarro de Howlita Blanca - Calma y Sabidur\u00eda | Naturamada","description":"Guijarro natural de howlita blanca (40 mm), piedra del mes de junio y del chakra coronal. Tradici\u00f3n: calma, paciencia y sabidur\u00eda. Fabricado a mano por Naturamada.","robots":{"index":"index","follow":"follow","max-snippet":"max-snippet:-1","max-image-preview":"max-image-preview:large","max-video-preview":"max-video-preview:-1"},"canonical":"https:\/\/naturamada.com\/es\/producto\/rodillo-howlite-40-mm\/","og_locale":"es_ES","og_type":"article","og_title":"Guijarro de Howlita Blanca - Calma y Sabidur\u00eda | Naturamada","og_description":"Guijarro natural de howlita blanca (40 mm), piedra del mes de junio y del chakra coronal. Tradici\u00f3n: calma, paciencia y sabidur\u00eda. Fabricado a mano por Naturamada.","og_url":"https:\/\/naturamada.com\/es\/producto\/rodillo-howlite-40-mm\/","og_site_name":"Naturamada","article_publisher":"https:\/\/www.facebook.com\/Naturamada.shop\/","article_modified_time":"2026-03-17T19:29:16+00:00","og_image":[{"width":2000,"height":2000,"url":"https:\/\/naturamada.com\/wp-content\/uploads\/2025\/07\/galet-howlite-blanche.webp","type":"image\/webp"}],"schema":{"@context":"https:\/\/schema.org","@graph":[{"@type":"WebPage","@id":"https:\/\/naturamada.com\/es\/producto\/rodillo-howlite-40-mm\/","url":"https:\/\/naturamada.com\/es\/producto\/rodillo-howlite-40-mm\/","name":"Guijarro de Howlita Blanca - Calma y Sabidur\u00eda | Naturamada","isPartOf":{"@id":"https:\/\/naturamada.com\/es\/#website"},"primaryImageOfPage":{"@id":"https:\/\/naturamada.com\/es\/producto\/rodillo-howlite-40-mm\/#primaryimage"},"image":{"@id":"https:\/\/naturamada.com\/es\/producto\/rodillo-howlite-40-mm\/#primaryimage"},"thumbnailUrl":"https:\/\/naturamada.com\/wp-content\/uploads\/2025\/07\/galet-howlite-blanche.webp","datePublished":"2025-07-05T17:01:44+00:00","dateModified":"2026-03-17T19:29:16+00:00","description":"Guijarro natural de howlita blanca (40 mm), piedra del mes de junio y del chakra coronal. Tradici\u00f3n: calma, paciencia y sabidur\u00eda. Fabricado a mano por Naturamada.","breadcrumb":{"@id":"https:\/\/naturamada.com\/es\/producto\/rodillo-howlite-40-mm\/#breadcrumb"},"inLanguage":"es","potentialAction":[{"@type":"ReadAction","target":["https:\/\/naturamada.com\/es\/producto\/rodillo-howlite-40-mm\/"]}]},{"@type":"ImageObject","inLanguage":"es","@id":"https:\/\/naturamada.com\/es\/producto\/rodillo-howlite-40-mm\/#primaryimage","url":"https:\/\/naturamada.com\/wp-content\/uploads\/2025\/07\/galet-howlite-blanche.webp","contentUrl":"https:\/\/naturamada.com\/wp-content\/uploads\/2025\/07\/galet-howlite-blanche.webp","width":2000,"height":2000},{"@type":"BreadcrumbList","@id":"https:\/\/naturamada.com\/es\/producto\/rodillo-howlite-40-mm\/#breadcrumb","itemListElement":[{"@type":"ListItem","position":1,"name":"Inicio","item":"https:\/\/naturamada.com\/es\/"},{"@type":"ListItem","position":2,"name":"Tienda","item":"https:\/\/naturamada.com\/es\/tienda\/"},{"@type":"ListItem","position":3,"name":"Guijarro de Howlita Naturamada"}]},{"@type":"WebSite","@id":"https:\/\/naturamada.com\/es\/#website","url":"https:\/\/naturamada.com\/es\/","name":"Naturamada","description":"Epices, Superaliments et Pierres pour le bien-\u00eatre et la cuisine","publisher":{"@id":"https:\/\/naturamada.com\/es\/#organization"},"potentialAction":[{"@type":"SearchAction","target":{"@type":"EntryPoint","urlTemplate":"https:\/\/naturamada.com\/es\/?s={search_term_string}"},"query-input":{"@type":"PropertyValueSpecification","valueRequired":true,"valueName":"search_term_string"}}],"inLanguage":"es"},{"@type":"Organization","@id":"https:\/\/naturamada.com\/es\/#organization","name":"Naturamada","url":"https:\/\/naturamada.com\/es\/","logo":{"@type":"ImageObject","inLanguage":"es","@id":"https:\/\/naturamada.com\/es\/#\/schema\/logo\/image\/","url":"https:\/\/naturamada.com\/wp-content\/uploads\/2025\/07\/cropped-Naturamada-10.png","contentUrl":"https:\/\/naturamada.com\/wp-content\/uploads\/2025\/07\/cropped-Naturamada-10.png","width":1366,"height":455,"caption":"Naturamada"},"image":{"@id":"https:\/\/naturamada.com\/es\/#\/schema\/logo\/image\/"},"sameAs":["https:\/\/www.facebook.com\/Naturamada.shop\/","https:\/\/www.instagram.com\/naturamada.officiel\/"]}]}},"_links":{"self":[{"href":"https:\/\/naturamada.com\/es\/wp-json\/wp\/v2\/product\/1944","targetHints":{"allow":["GET"]}}],"collection":[{"href":"https:\/\/naturamada.com\/es\/wp-json\/wp\/v2\/product"}],"about":[{"href":"https:\/\/naturamada.com\/es\/wp-json\/wp\/v2\/types\/product"}],"wp:featuredmedia":[{"embeddable":true,"href":"https:\/\/naturamada.com\/es\/wp-json\/wp\/v2\/media\/3733"}],"wp:attachment":[{"href":"https:\/\/naturamada.com\/es\/wp-json\/wp\/v2\/media?parent=1944"}],"wp:term":[{"taxonomy":"product_brand","embeddable":true,"href":"https:\/\/naturamada.com\/es\/wp-json\/wp\/v2\/product_brand?post=1944"},{"taxonomy":"product_cat","embeddable":true,"href":"https:\/\/naturamada.com\/es\/wp-json\/wp\/v2\/product_cat?post=1944"},{"taxonomy":"product_tag","embeddable":true,"href":"https:\/\/naturamada.com\/es\/wp-json\/wp\/v2\/product_tag?post=1944"}],"curies":[{"name":"wp","href":"https:\/\/api.w.org\/{rel}","templated":true}]}}