{"id":1899,"date":"2025-07-05T15:25:31","date_gmt":"2025-07-05T15:25:31","guid":{"rendered":"https:\/\/naturamada.com\/produit\/pulsera-de-apatita-azul-6-mm\/"},"modified":"2026-03-17T19:30:20","modified_gmt":"2026-03-17T19:30:20","slug":"pulsera-de-apatita-azul-6-mm","status":"publish","type":"product","link":"https:\/\/naturamada.com\/es\/producto\/pulsera-de-apatita-azul-6-mm\/","title":{"rendered":"Pulsera de apatito azul"},"content":{"rendered":"<p data-start=\"159\" data-end=\"231\">\u2728 <strong data-start=\"161\" data-end=\"229\">Pulsera de Apatita Azul Natural &#8211; 6 mm &#8211; Comunicaci\u00f3n y Claridad<\/strong> \u2728<\/p>\n<p data-start=\"233\" data-end=\"549\">Esta pulsera de apatito azul est\u00e1 hecha con perlas naturales de 6 mm, cuidadosamente seleccionadas por su color profundo y su energ\u00eda estimulante. S\u00edmbolo de comunicaci\u00f3n, claridad mental y autoexpresi\u00f3n, la apatita azul est\u00e1 asociada al <strong data-start=\"503\" data-end=\"519\">mes de marzo<\/strong> y al <strong data-start=\"526\" data-end=\"548\">chakra de la garganta<\/strong>. <\/p>\n<p data-start=\"551\" data-end=\"791\">Cada pulsera est\u00e1 montada a mano, para acompa\u00f1arte en tu vida cotidiana o durante tus pr\u00e1cticas espirituales.<\/p>\n<p data-start=\"793\" data-end=\"1073\"><strong data-start=\"796\" data-end=\"860\">Virtudes del apatito azul (seg\u00fan las tradiciones espirituales):<\/strong><br data-start=\"860\" data-end=\"863\">Favorece la comunicaci\u00f3n y la expresi\u00f3n claras<br data-start=\"914\" data-end=\"917\">Estimula la claridad mental y la concentraci\u00f3n<br data-start=\"965\" data-end=\"968\">Fomenta la apertura y la creatividad<br data-start=\"1009\" data-end=\"1012\">Asociada al chakra de la garganta<br data-start=\"1045\" data-end=\"1048\">Piedra del <strong>mes de marzo<\/strong><\/p>\n<p data-start=\"1075\" data-end=\"1104\"><strong data-start=\"1078\" data-end=\"1102\">Detalles del producto :<\/strong><\/p>\n<ul data-start=\"1105\" data-end=\"1333\">\n<li data-start=\"1105\" data-end=\"1134\">\n<p data-start=\"1107\" data-end=\"1134\">Tipo : Pulsera el\u00e1stica<\/p>\n<\/li>\n<li data-start=\"1135\" data-end=\"1149\">\n<p data-start=\"1137\" data-end=\"1149\">Talla: XS<\/p>\n<\/li>\n<li data-start=\"1150\" data-end=\"1186\">\n<p data-start=\"1152\" data-end=\"1186\">Piedra : Apatita azul natural<\/p>\n<\/li>\n<li data-start=\"1187\" data-end=\"1217\">\n<p data-start=\"1189\" data-end=\"1217\">Di\u00e1metro de las perlas: 6 mm<\/p>\n<\/li>\n<li data-start=\"1282\" data-end=\"1333\">\n<p data-start=\"1284\" data-end=\"1333\">Fabricaci\u00f3n : A mano<\/p>\n<\/li>\n<\/ul>\n<p data-start=\"1335\" data-end=\"1495\"><strong data-start=\"1338\" data-end=\"1353\">Cuidados:<\/strong><br data-start=\"1353\" data-end=\"1356\">Purifica tu pulsera regularmente con salvia, incienso o sal indirecta. Rec\u00e1rgalo a la luz del d\u00eda o sobre una flor de la vida.<\/p>\n<p data-start=\"1497\" data-end=\"1587\"><strong data-start=\"1500\" data-end=\"1517\">Idea de regalo:<\/strong><br data-start=\"1517\" data-end=\"1520\">Perfecto para un cumplea\u00f1os, un aniversario o simplemente para ti mismo.<\/p>\n<p data-start=\"1497\" data-end=\"1587\"><strong data-start=\"1217\" data-end=\"1234\">Advertencia<\/strong><br data-start=\"1234\" data-end=\"1237\"><em>La informaci\u00f3n nutricional y de bienestar presentada en este art\u00edculo se basa en las pr\u00e1cticas tradicionales y en los estudios disponibles hasta la fecha. No sustituyen a la atenci\u00f3n m\u00e9dica o nutricional personalizada.<\/em><\/p>\n","protected":false},"excerpt":{"rendered":"<p>\u2728 Pulsera de Apatita Azul Natural &#8211; 6 mm &#8211; Comunicaci\u00f3n y Claridad \u2728 Esta pulsera de apatito azul est\u00e1 [&hellip;]<\/p>\n","protected":false},"featured_media":1902,"template":"","meta":{"site-sidebar-layout":"default","site-content-layout":"","ast-site-content-layout":"default","site-content-style":"default","site-sidebar-style":"default","ast-global-header-display":"","ast-banner-title-visibility":"","ast-main-header-display":"","ast-hfb-above-header-display":"","ast-hfb-below-header-display":"","ast-hfb-mobile-header-display":"","site-post-title":"","ast-breadcrumbs-content":"","ast-featured-img":"","footer-sml-layout":"","ast-disable-related-posts":"","theme-transparent-header-meta":"default","adv-header-id-meta":"","stick-header-meta":"","header-above-stick-meta":"","header-main-stick-meta":"","header-below-stick-meta":"","astra-migrate-meta-layouts":"default","ast-page-background-enabled":"default","ast-page-background-meta":{"desktop":{"background-color":"var(--ast-global-color-5)","background-image":"","background-repeat":"repeat","background-position":"center center","background-size":"auto","background-attachment":"scroll","background-type":"","background-media":"","overlay-type":"","overlay-color":"","overlay-opacity":"","overlay-gradient":""},"tablet":{"background-color":"","background-image":"","background-repeat":"repeat","background-position":"center center","background-size":"auto","background-attachment":"scroll","background-type":"","background-media":"","overlay-type":"","overlay-color":"","overlay-opacity":"","overlay-gradient":""},"mobile":{"background-color":"","background-image":"","background-repeat":"repeat","background-position":"center center","background-size":"auto","background-attachment":"scroll","background-type":"","background-media":"","overlay-type":"","overlay-color":"","overlay-opacity":"","overlay-gradient":""}},"ast-content-background-meta":{"desktop":{"background-color":"var(--ast-global-color-4)","background-image":"","background-repeat":"repeat","background-position":"center center","background-size":"auto","background-attachment":"scroll","background-type":"","background-media":"","overlay-type":"","overlay-color":"","overlay-opacity":"","overlay-gradient":""},"tablet":{"background-color":"var(--ast-global-color-4)","background-image":"","background-repeat":"repeat","background-position":"center center","background-size":"auto","background-attachment":"scroll","background-type":"","background-media":"","overlay-type":"","overlay-color":"","overlay-opacity":"","overlay-gradient":""},"mobile":{"background-color":"var(--ast-global-color-4)","background-image":"","background-repeat":"repeat","background-position":"center center","background-size":"auto","background-attachment":"scroll","background-type":"","background-media":"","overlay-type":"","overlay-color":"","overlay-opacity":"","overlay-gradient":""}}},"product_brand":[],"product_cat":[1428,2693],"product_tag":[],"class_list":{"0":"post-1899","1":"product","2":"type-product","3":"status-publish","4":"has-post-thumbnail","6":"product_cat-piedra-natural","7":"product_cat-pulseras-de-piedras","8":"pa_chakra-chakra-de-la-garganta-vishuddha","9":"pa_chakra-chakra-del-plexo-solar-manipura","10":"pa_couleur-azul","11":"pa_taille-6-mm-es","12":"pa_taille-xs-es","13":"pa_type-de-pierre-apatito","14":"pa_type-produit-pulsera","15":"pa_usage-bienestar","16":"desktop-align-left","17":"tablet-align-left","18":"mobile-align-left","20":"first","21":"instock","22":"taxable","23":"shipping-taxable","24":"purchasable","25":"product-type-simple"},"yoast_head":"<!-- This site is optimized with the Yoast SEO plugin v27.5 - https:\/\/yoast.com\/product\/yoast-seo-wordpress\/ -->\n<title>Pulsera de Apatita 6 mm - Comunicaci\u00f3n y Claridad | Naturamada<\/title>\n<meta name=\"description\" content=\"Pulsera de apatito azul natural (cuentas de 6 mm), piedra del mes de marzo y del chakra de la garganta. Comunicaci\u00f3n y claridad mental. Hecha a mano.\" \/>\n<meta name=\"robots\" content=\"index, follow, max-snippet:-1, max-image-preview:large, max-video-preview:-1\" \/>\n<link rel=\"canonical\" href=\"https:\/\/naturamada.com\/es\/producto\/pulsera-de-apatita-azul-6-mm\/\" \/>\n<meta property=\"og:locale\" content=\"es_ES\" \/>\n<meta property=\"og:type\" content=\"article\" \/>\n<meta property=\"og:title\" content=\"Pulsera de Apatita 6 mm - Comunicaci\u00f3n y Claridad | Naturamada\" \/>\n<meta property=\"og:description\" content=\"Pulsera de apatito azul natural (cuentas de 6 mm), piedra del mes de marzo y del chakra de la garganta. Comunicaci\u00f3n y claridad mental. Hecha a mano.\" \/>\n<meta property=\"og:url\" content=\"https:\/\/naturamada.com\/es\/producto\/pulsera-de-apatita-azul-6-mm\/\" \/>\n<meta property=\"og:site_name\" content=\"Naturamada\" \/>\n<meta property=\"article:publisher\" content=\"https:\/\/www.facebook.com\/Naturamada.shop\/\" \/>\n<meta property=\"article:modified_time\" content=\"2026-03-17T19:30:20+00:00\" \/>\n<meta property=\"og:image\" content=\"https:\/\/naturamada.com\/wp-content\/uploads\/2025\/07\/Bracelet-apatite-naturamada.jpg\" \/>\n\t<meta property=\"og:image:width\" content=\"2000\" \/>\n\t<meta property=\"og:image:height\" content=\"2000\" \/>\n\t<meta property=\"og:image:type\" content=\"image\/jpeg\" \/>\n<script type=\"application\/ld+json\" class=\"yoast-schema-graph\">{\"@context\":\"https:\\\/\\\/schema.org\",\"@graph\":[{\"@type\":\"WebPage\",\"@id\":\"https:\\\/\\\/naturamada.com\\\/es\\\/producto\\\/pulsera-de-apatita-azul-6-mm\\\/\",\"url\":\"https:\\\/\\\/naturamada.com\\\/es\\\/producto\\\/pulsera-de-apatita-azul-6-mm\\\/\",\"name\":\"Pulsera de Apatita 6 mm - Comunicaci\u00f3n y Claridad | Naturamada\",\"isPartOf\":{\"@id\":\"https:\\\/\\\/naturamada.com\\\/es\\\/#website\"},\"primaryImageOfPage\":{\"@id\":\"https:\\\/\\\/naturamada.com\\\/es\\\/producto\\\/pulsera-de-apatita-azul-6-mm\\\/#primaryimage\"},\"image\":{\"@id\":\"https:\\\/\\\/naturamada.com\\\/es\\\/producto\\\/pulsera-de-apatita-azul-6-mm\\\/#primaryimage\"},\"thumbnailUrl\":\"https:\\\/\\\/naturamada.com\\\/wp-content\\\/uploads\\\/2025\\\/07\\\/Bracelet-apatite-naturamada.jpg\",\"datePublished\":\"2025-07-05T15:25:31+00:00\",\"dateModified\":\"2026-03-17T19:30:20+00:00\",\"description\":\"Pulsera de apatito azul natural (cuentas de 6 mm), piedra del mes de marzo y del chakra de la garganta. Comunicaci\u00f3n y claridad mental. Hecha a mano.\",\"breadcrumb\":{\"@id\":\"https:\\\/\\\/naturamada.com\\\/es\\\/producto\\\/pulsera-de-apatita-azul-6-mm\\\/#breadcrumb\"},\"inLanguage\":\"es\",\"potentialAction\":[{\"@type\":\"ReadAction\",\"target\":[\"https:\\\/\\\/naturamada.com\\\/es\\\/producto\\\/pulsera-de-apatita-azul-6-mm\\\/\"]}]},{\"@type\":\"ImageObject\",\"inLanguage\":\"es\",\"@id\":\"https:\\\/\\\/naturamada.com\\\/es\\\/producto\\\/pulsera-de-apatita-azul-6-mm\\\/#primaryimage\",\"url\":\"https:\\\/\\\/naturamada.com\\\/wp-content\\\/uploads\\\/2025\\\/07\\\/Bracelet-apatite-naturamada.jpg\",\"contentUrl\":\"https:\\\/\\\/naturamada.com\\\/wp-content\\\/uploads\\\/2025\\\/07\\\/Bracelet-apatite-naturamada.jpg\",\"width\":2000,\"height\":2000},{\"@type\":\"BreadcrumbList\",\"@id\":\"https:\\\/\\\/naturamada.com\\\/es\\\/producto\\\/pulsera-de-apatita-azul-6-mm\\\/#breadcrumb\",\"itemListElement\":[{\"@type\":\"ListItem\",\"position\":1,\"name\":\"Inicio\",\"item\":\"https:\\\/\\\/naturamada.com\\\/es\\\/\"},{\"@type\":\"ListItem\",\"position\":2,\"name\":\"Tienda\",\"item\":\"https:\\\/\\\/naturamada.com\\\/es\\\/tienda\\\/\"},{\"@type\":\"ListItem\",\"position\":3,\"name\":\"Pulsera de apatito azul\"}]},{\"@type\":\"WebSite\",\"@id\":\"https:\\\/\\\/naturamada.com\\\/es\\\/#website\",\"url\":\"https:\\\/\\\/naturamada.com\\\/es\\\/\",\"name\":\"Naturamada\",\"description\":\"Epices, Superaliments et Pierres pour le bien-\u00eatre et la cuisine\",\"publisher\":{\"@id\":\"https:\\\/\\\/naturamada.com\\\/es\\\/#organization\"},\"potentialAction\":[{\"@type\":\"SearchAction\",\"target\":{\"@type\":\"EntryPoint\",\"urlTemplate\":\"https:\\\/\\\/naturamada.com\\\/es\\\/?s={search_term_string}\"},\"query-input\":{\"@type\":\"PropertyValueSpecification\",\"valueRequired\":true,\"valueName\":\"search_term_string\"}}],\"inLanguage\":\"es\"},{\"@type\":\"Organization\",\"@id\":\"https:\\\/\\\/naturamada.com\\\/es\\\/#organization\",\"name\":\"Naturamada\",\"url\":\"https:\\\/\\\/naturamada.com\\\/es\\\/\",\"logo\":{\"@type\":\"ImageObject\",\"inLanguage\":\"es\",\"@id\":\"https:\\\/\\\/naturamada.com\\\/es\\\/#\\\/schema\\\/logo\\\/image\\\/\",\"url\":\"https:\\\/\\\/naturamada.com\\\/wp-content\\\/uploads\\\/2025\\\/07\\\/cropped-Naturamada-10.png\",\"contentUrl\":\"https:\\\/\\\/naturamada.com\\\/wp-content\\\/uploads\\\/2025\\\/07\\\/cropped-Naturamada-10.png\",\"width\":1366,\"height\":455,\"caption\":\"Naturamada\"},\"image\":{\"@id\":\"https:\\\/\\\/naturamada.com\\\/es\\\/#\\\/schema\\\/logo\\\/image\\\/\"},\"sameAs\":[\"https:\\\/\\\/www.facebook.com\\\/Naturamada.shop\\\/\",\"https:\\\/\\\/www.instagram.com\\\/naturamada.officiel\\\/\"]}]}<\/script>\n<!-- \/ Yoast SEO plugin. -->","yoast_head_json":{"title":"Pulsera de Apatita 6 mm - Comunicaci\u00f3n y Claridad | Naturamada","description":"Pulsera de apatito azul natural (cuentas de 6 mm), piedra del mes de marzo y del chakra de la garganta. Comunicaci\u00f3n y claridad mental. Hecha a mano.","robots":{"index":"index","follow":"follow","max-snippet":"max-snippet:-1","max-image-preview":"max-image-preview:large","max-video-preview":"max-video-preview:-1"},"canonical":"https:\/\/naturamada.com\/es\/producto\/pulsera-de-apatita-azul-6-mm\/","og_locale":"es_ES","og_type":"article","og_title":"Pulsera de Apatita 6 mm - Comunicaci\u00f3n y Claridad | Naturamada","og_description":"Pulsera de apatito azul natural (cuentas de 6 mm), piedra del mes de marzo y del chakra de la garganta. Comunicaci\u00f3n y claridad mental. Hecha a mano.","og_url":"https:\/\/naturamada.com\/es\/producto\/pulsera-de-apatita-azul-6-mm\/","og_site_name":"Naturamada","article_publisher":"https:\/\/www.facebook.com\/Naturamada.shop\/","article_modified_time":"2026-03-17T19:30:20+00:00","og_image":[{"width":2000,"height":2000,"url":"https:\/\/naturamada.com\/wp-content\/uploads\/2025\/07\/Bracelet-apatite-naturamada.jpg","type":"image\/jpeg"}],"schema":{"@context":"https:\/\/schema.org","@graph":[{"@type":"WebPage","@id":"https:\/\/naturamada.com\/es\/producto\/pulsera-de-apatita-azul-6-mm\/","url":"https:\/\/naturamada.com\/es\/producto\/pulsera-de-apatita-azul-6-mm\/","name":"Pulsera de Apatita 6 mm - Comunicaci\u00f3n y Claridad | Naturamada","isPartOf":{"@id":"https:\/\/naturamada.com\/es\/#website"},"primaryImageOfPage":{"@id":"https:\/\/naturamada.com\/es\/producto\/pulsera-de-apatita-azul-6-mm\/#primaryimage"},"image":{"@id":"https:\/\/naturamada.com\/es\/producto\/pulsera-de-apatita-azul-6-mm\/#primaryimage"},"thumbnailUrl":"https:\/\/naturamada.com\/wp-content\/uploads\/2025\/07\/Bracelet-apatite-naturamada.jpg","datePublished":"2025-07-05T15:25:31+00:00","dateModified":"2026-03-17T19:30:20+00:00","description":"Pulsera de apatito azul natural (cuentas de 6 mm), piedra del mes de marzo y del chakra de la garganta. Comunicaci\u00f3n y claridad mental. Hecha a mano.","breadcrumb":{"@id":"https:\/\/naturamada.com\/es\/producto\/pulsera-de-apatita-azul-6-mm\/#breadcrumb"},"inLanguage":"es","potentialAction":[{"@type":"ReadAction","target":["https:\/\/naturamada.com\/es\/producto\/pulsera-de-apatita-azul-6-mm\/"]}]},{"@type":"ImageObject","inLanguage":"es","@id":"https:\/\/naturamada.com\/es\/producto\/pulsera-de-apatita-azul-6-mm\/#primaryimage","url":"https:\/\/naturamada.com\/wp-content\/uploads\/2025\/07\/Bracelet-apatite-naturamada.jpg","contentUrl":"https:\/\/naturamada.com\/wp-content\/uploads\/2025\/07\/Bracelet-apatite-naturamada.jpg","width":2000,"height":2000},{"@type":"BreadcrumbList","@id":"https:\/\/naturamada.com\/es\/producto\/pulsera-de-apatita-azul-6-mm\/#breadcrumb","itemListElement":[{"@type":"ListItem","position":1,"name":"Inicio","item":"https:\/\/naturamada.com\/es\/"},{"@type":"ListItem","position":2,"name":"Tienda","item":"https:\/\/naturamada.com\/es\/tienda\/"},{"@type":"ListItem","position":3,"name":"Pulsera de apatito azul"}]},{"@type":"WebSite","@id":"https:\/\/naturamada.com\/es\/#website","url":"https:\/\/naturamada.com\/es\/","name":"Naturamada","description":"Epices, Superaliments et Pierres pour le bien-\u00eatre et la cuisine","publisher":{"@id":"https:\/\/naturamada.com\/es\/#organization"},"potentialAction":[{"@type":"SearchAction","target":{"@type":"EntryPoint","urlTemplate":"https:\/\/naturamada.com\/es\/?s={search_term_string}"},"query-input":{"@type":"PropertyValueSpecification","valueRequired":true,"valueName":"search_term_string"}}],"inLanguage":"es"},{"@type":"Organization","@id":"https:\/\/naturamada.com\/es\/#organization","name":"Naturamada","url":"https:\/\/naturamada.com\/es\/","logo":{"@type":"ImageObject","inLanguage":"es","@id":"https:\/\/naturamada.com\/es\/#\/schema\/logo\/image\/","url":"https:\/\/naturamada.com\/wp-content\/uploads\/2025\/07\/cropped-Naturamada-10.png","contentUrl":"https:\/\/naturamada.com\/wp-content\/uploads\/2025\/07\/cropped-Naturamada-10.png","width":1366,"height":455,"caption":"Naturamada"},"image":{"@id":"https:\/\/naturamada.com\/es\/#\/schema\/logo\/image\/"},"sameAs":["https:\/\/www.facebook.com\/Naturamada.shop\/","https:\/\/www.instagram.com\/naturamada.officiel\/"]}]}},"_links":{"self":[{"href":"https:\/\/naturamada.com\/es\/wp-json\/wp\/v2\/product\/1899","targetHints":{"allow":["GET"]}}],"collection":[{"href":"https:\/\/naturamada.com\/es\/wp-json\/wp\/v2\/product"}],"about":[{"href":"https:\/\/naturamada.com\/es\/wp-json\/wp\/v2\/types\/product"}],"wp:featuredmedia":[{"embeddable":true,"href":"https:\/\/naturamada.com\/es\/wp-json\/wp\/v2\/media\/1902"}],"wp:attachment":[{"href":"https:\/\/naturamada.com\/es\/wp-json\/wp\/v2\/media?parent=1899"}],"wp:term":[{"taxonomy":"product_brand","embeddable":true,"href":"https:\/\/naturamada.com\/es\/wp-json\/wp\/v2\/product_brand?post=1899"},{"taxonomy":"product_cat","embeddable":true,"href":"https:\/\/naturamada.com\/es\/wp-json\/wp\/v2\/product_cat?post=1899"},{"taxonomy":"product_tag","embeddable":true,"href":"https:\/\/naturamada.com\/es\/wp-json\/wp\/v2\/product_tag?post=1899"}],"curies":[{"name":"wp","href":"https:\/\/api.w.org\/{rel}","templated":true}]}}