{"id":2095,"date":"2025-07-03T14:39:23","date_gmt":"2025-07-03T14:39:23","guid":{"rendered":"https:\/\/naturamada.com\/sobre-nosotros\/"},"modified":"2025-11-03T21:30:44","modified_gmt":"2025-11-03T21:30:44","slug":"sobre-nosotros","status":"publish","type":"page","link":"https:\/\/naturamada.com\/es\/sobre-nosotros\/","title":{"rendered":"Sobre nosotros"},"content":{"rendered":"\t\t<div data-elementor-type=\"wp-page\" data-elementor-id=\"2095\" class=\"elementor elementor-2095 elementor-184\" data-elementor-post-type=\"page\">\n\t\t\t\t<div class=\"elementor-element elementor-element-fc3a356 e-flex e-con-boxed e-con e-parent\" data-id=\"fc3a356\" data-element_type=\"container\" data-e-type=\"container\" data-settings=\"{&quot;background_background&quot;:&quot;classic&quot;}\">\n\t\t\t\t\t<div class=\"e-con-inner\">\n\t\t\t\t<div class=\"elementor-element elementor-element-2d6d399 elementor-widget elementor-widget-heading\" data-id=\"2d6d399\" data-element_type=\"widget\" data-e-type=\"widget\" data-widget_type=\"heading.default\">\n\t\t\t\t\t<h2 class=\"elementor-heading-title elementor-size-default\">Nuestra historia<\/h2>\t\t\t\t<\/div>\n\t\t\t\t<div class=\"elementor-element elementor-element-2f1c8eb elementor-widget elementor-widget-text-editor\" data-id=\"2f1c8eb\" data-element_type=\"widget\" data-e-type=\"widget\" data-widget_type=\"text-editor.default\">\n\t\t\t\t\t\t\t\t\t<p>Volver a lo b\u00e1sico, entre la tierra y el bienestar<\/p>\t\t\t\t\t\t\t\t<\/div>\n\t\t\t\t\t<\/div>\n\t\t\t\t<\/div>\n\t\t<div class=\"elementor-element elementor-element-5eaf96d e-flex e-con-boxed e-con e-parent\" data-id=\"5eaf96d\" data-element_type=\"container\" data-e-type=\"container\">\n\t\t\t\t\t<div class=\"e-con-inner\">\n\t\t\t\t<div class=\"elementor-element elementor-element-55a7ab2 elementor-widget elementor-widget-spacer\" data-id=\"55a7ab2\" data-element_type=\"widget\" data-e-type=\"widget\" data-widget_type=\"spacer.default\">\n\t\t\t\t\t\t\t<div class=\"elementor-spacer\">\n\t\t\t<div class=\"elementor-spacer-inner\"><\/div>\n\t\t<\/div>\n\t\t\t\t\t\t<\/div>\n\t\t\t\t<div class=\"elementor-element elementor-element-ad136f5 elementor-widget elementor-widget-text-editor\" data-id=\"ad136f5\" data-element_type=\"widget\" data-e-type=\"widget\" data-widget_type=\"text-editor.default\">\n\t\t\t\t\t\t\t\t\t<h3 style=\"text-align: center;\"><strong>Nuestras ra\u00edces<\/strong><\/h3><p style=\"text-align: center;\">Naturamada es una <strong>peque\u00f1a empresa familiar<\/strong> con sede en Europa, comprometida con la promoci\u00f3n de los productos naturales de Madagascar, Francia y el resto del mundo, a trav\u00e9s de una cuidada selecci\u00f3n de productos aut\u00e9nticos: <strong>especias<\/strong>, <strong>hojas<\/strong><strong> secas<\/strong>, <strong>piedras naturales<\/strong>, etc. El proyecto se inscribe en una <strong>din\u00e1mica familiar y \u00e9tica<\/strong>, poniendo de relieve un patrimonio bot\u00e1nico y cultural transmitido de generaci\u00f3n en generaci\u00f3n.<\/p><p style=\"text-align: center;\"><strong>Cofundada<\/strong> por productores y comerciantes <strong>franco-malgaches<\/strong> de la <strong>regi\u00f3n de SAVA<\/strong> (Madagascar), cuna mundial de <strong>la vainilla<\/strong>, Naturamada hunde sus ra\u00edces en <strong>nuestra<\/strong> historia <strong>familiar<\/strong>. Siempre hemos estado vinculados a la vainilla, la orqu\u00eddea de aromas potentes y m\u00e9todos de cultivo exigentes. <strong>Nuestros<\/strong> <strong>abuelos<\/strong>, peque\u00f1os cultivadores de <strong>vainilla<\/strong> y <strong>cacao<\/strong>, conoc\u00edan cada gesto, cada olor, cada estaci\u00f3n. Transmitieron con orgullo<strong>su saber hacer<\/strong> a sus hijos y nietos, una <strong>herencia que respeta <\/strong>el<strong> ritmo de la tierra<\/strong> y que a\u00fan hoy se perpet\u00faa en nuestras tierras familiares.  <\/p>\t\t\t\t\t\t\t\t<\/div>\n\t\t\t\t\t<\/div>\n\t\t\t\t<\/div>\n\t\t<div class=\"elementor-element elementor-element-11e1627 e-flex e-con-boxed e-con e-parent\" data-id=\"11e1627\" data-element_type=\"container\" data-e-type=\"container\">\n\t\t\t\t\t<div class=\"e-con-inner\">\n\t\t\t\t<div class=\"elementor-element elementor-element-e2d7ff3 elementor-widget elementor-widget-spacer\" data-id=\"e2d7ff3\" data-element_type=\"widget\" data-e-type=\"widget\" data-widget_type=\"spacer.default\">\n\t\t\t\t\t\t\t<div class=\"elementor-spacer\">\n\t\t\t<div class=\"elementor-spacer-inner\"><\/div>\n\t\t<\/div>\n\t\t\t\t\t\t<\/div>\n\t\t\t\t<div class=\"elementor-element elementor-element-34f3a53 elementor-widget elementor-widget-text-editor\" data-id=\"34f3a53\" data-element_type=\"widget\" data-e-type=\"widget\" data-widget_type=\"text-editor.default\">\n\t\t\t\t\t\t\t\t\t<h3 style=\"text-align: center;\"><strong>Nuestros valores<\/strong><\/h3><p>La empresa se basa en valores s\u00f3lidos: la <strong>transmisi\u00f3n de conocimientos<\/strong>, el<strong>respeto por la naturaleza<\/strong> y la promoci\u00f3n de <strong>los oficios tradicionales<\/strong>. Elegimos cada producto con cuidado: especias potentes, hojas cuidadosamente recolectadas y secadas, piedras naturales&#8230; todo lleva una <strong>historia<\/strong>, un<strong> recuerdo<\/strong>, un <strong>v\u00ednculo con la tierra<\/strong>. <\/p><p>En Naturamada, todo se dise\u00f1a con un <strong>enfoque comprometido<\/strong>, respetando la tierra, apoyando a los productores locales y <strong>transmitiendo la tradici\u00f3n familiar<\/strong>.<\/p>\t\t\t\t\t\t\t\t<\/div>\n\t\t\t\t\t<\/div>\n\t\t\t\t<\/div>\n\t\t<div class=\"elementor-element elementor-element-4516d0a e-flex e-con-boxed e-con e-parent\" data-id=\"4516d0a\" data-element_type=\"container\" data-e-type=\"container\">\n\t\t\t\t\t<div class=\"e-con-inner\">\n\t\t\t\t<div class=\"elementor-element elementor-element-f98bb13 elementor-widget elementor-widget-spacer\" data-id=\"f98bb13\" data-element_type=\"widget\" data-e-type=\"widget\" data-widget_type=\"spacer.default\">\n\t\t\t\t\t\t\t<div class=\"elementor-spacer\">\n\t\t\t<div class=\"elementor-spacer-inner\"><\/div>\n\t\t<\/div>\n\t\t\t\t\t\t<\/div>\n\t\t\t\t<div class=\"elementor-element elementor-element-88f978b elementor-widget elementor-widget-text-editor\" data-id=\"88f978b\" data-element_type=\"widget\" data-e-type=\"widget\" data-widget_type=\"text-editor.default\">\n\t\t\t\t\t\t\t\t\t<h3 style=\"text-align: center;\"><strong>\u00bfPor qu\u00e9 Naturamada?<\/strong><\/h3><p style=\"text-align: center;\">Nuestro universo se dirige a quienes son sensibles al <strong>bienestar natural<\/strong>, la <strong>gastronom\u00eda<\/strong> artesanal, la <strong>espiritualidad<\/strong>, la <strong>calidad de<\/strong> las materias primas y el <strong>sentido que se da a las compras<\/strong>: consumidores eco-responsables, entusiastas de la cocina, los rituales de bienestar o la litoterapia. Los amantes de la gastronom\u00eda y la cocina del mundo tambi\u00e9n encontrar\u00e1n ingredientes ricos, raros e inspiradores. <\/p><p style=\"text-align: center;\">Es una <strong>historia de familia<\/strong> y ra\u00edces, pero tambi\u00e9n una <strong>visi\u00f3n de futuro<\/strong>. En un mundo que avanza demasiado r\u00e1pido, queremos <strong>volver a lo b\u00e1sico<\/strong>. Esperamos que todo el que descubra Naturamada sienta esta conexi\u00f3n. Con <g id=\"gid_3\">la Naturaleza<\/g>. Con <g id=\"gid_4\">las tradiciones<\/g>. Con un mundo <g id=\"gid_5\">m\u00e1s justo<\/g> y <g id=\"gid_6\">vibrante<\/g>.     <\/p>\t\t\t\t\t\t\t\t<\/div>\n\t\t\t\t<div class=\"elementor-element elementor-element-ee7b1f3 elementor-widget elementor-widget-spacer\" data-id=\"ee7b1f3\" data-element_type=\"widget\" data-e-type=\"widget\" data-widget_type=\"spacer.default\">\n\t\t\t\t\t\t\t<div class=\"elementor-spacer\">\n\t\t\t<div class=\"elementor-spacer-inner\"><\/div>\n\t\t<\/div>\n\t\t\t\t\t\t<\/div>\n\t\t\t\t\t<\/div>\n\t\t\t\t<\/div>\n\t\t\t\t<\/div>\n\t\t","protected":false},"excerpt":{"rendered":"<p>Nuestra historia Volver a lo b\u00e1sico, entre la tierra y el bienestar Nuestras ra\u00edces Naturamada es una peque\u00f1a empresa familiar [&hellip;]<\/p>\n","protected":false},"author":1,"featured_media":0,"parent":0,"menu_order":0,"comment_status":"closed","ping_status":"closed","template":"","meta":{"site-sidebar-layout":"no-sidebar","site-content-layout":"","ast-site-content-layout":"full-width-container","site-content-style":"default","site-sidebar-style":"default","ast-global-header-display":"","ast-banner-title-visibility":"","ast-main-header-display":"","ast-hfb-above-header-display":"","ast-hfb-below-header-display":"","ast-hfb-mobile-header-display":"","site-post-title":"disabled","ast-breadcrumbs-content":"","ast-featured-img":"disabled","footer-sml-layout":"","ast-disable-related-posts":"","theme-transparent-header-meta":"","adv-header-id-meta":"","stick-header-meta":"","header-above-stick-meta":"","header-main-stick-meta":"","header-below-stick-meta":"","astra-migrate-meta-layouts":"default","ast-page-background-enabled":"default","ast-page-background-meta":{"desktop":{"background-color":"var(--ast-global-color-5)","background-image":"","background-repeat":"repeat","background-position":"center center","background-size":"auto","background-attachment":"scroll","background-type":"","background-media":"","overlay-type":"","overlay-color":"","overlay-opacity":"","overlay-gradient":""},"tablet":{"background-color":"","background-image":"","background-repeat":"repeat","background-position":"center center","background-size":"auto","background-attachment":"scroll","background-type":"","background-media":"","overlay-type":"","overlay-color":"","overlay-opacity":"","overlay-gradient":""},"mobile":{"background-color":"","background-image":"","background-repeat":"repeat","background-position":"center center","background-size":"auto","background-attachment":"scroll","background-type":"","background-media":"","overlay-type":"","overlay-color":"","overlay-opacity":"","overlay-gradient":""}},"ast-content-background-meta":{"desktop":{"background-color":"var(--ast-global-color-4)","background-image":"","background-repeat":"repeat","background-position":"center center","background-size":"auto","background-attachment":"scroll","background-type":"","background-media":"","overlay-type":"","overlay-color":"","overlay-opacity":"","overlay-gradient":""},"tablet":{"background-color":"var(--ast-global-color-4)","background-image":"","background-repeat":"repeat","background-position":"center center","background-size":"auto","background-attachment":"scroll","background-type":"","background-media":"","overlay-type":"","overlay-color":"","overlay-opacity":"","overlay-gradient":""},"mobile":{"background-color":"var(--ast-global-color-4)","background-image":"","background-repeat":"repeat","background-position":"center center","background-size":"auto","background-attachment":"scroll","background-type":"","background-media":"","overlay-type":"","overlay-color":"","overlay-opacity":"","overlay-gradient":""}},"footnotes":""},"class_list":["post-2095","page","type-page","status-publish","hentry"],"yoast_head":"<!-- This site is optimized with the Yoast SEO plugin v27.2 - https:\/\/yoast.com\/product\/yoast-seo-wordpress\/ -->\n<title>Nuestra historia | Naturamada<\/title>\n<meta name=\"description\" content=\"Descubre la historia de Naturamada: una aventura familiar nacida del amor a la naturaleza y del saber hacer transmitido de generaci\u00f3n en generaci\u00f3n.\" \/>\n<meta name=\"robots\" content=\"index, follow, max-snippet:-1, max-image-preview:large, max-video-preview:-1\" \/>\n<link rel=\"canonical\" href=\"https:\/\/naturamada.com\/es\/sobre-nosotros\/\" \/>\n<meta property=\"og:locale\" content=\"es_ES\" \/>\n<meta property=\"og:type\" content=\"article\" \/>\n<meta property=\"og:title\" content=\"Nuestra historia | Naturamada\" \/>\n<meta property=\"og:description\" content=\"Descubre la historia de Naturamada: una aventura familiar nacida del amor a la naturaleza y del saber hacer transmitido de generaci\u00f3n en generaci\u00f3n.\" \/>\n<meta property=\"og:url\" content=\"https:\/\/naturamada.com\/es\/sobre-nosotros\/\" \/>\n<meta property=\"og:site_name\" content=\"Naturamada\" \/>\n<meta property=\"article:publisher\" content=\"https:\/\/www.facebook.com\/Naturamada.shop\/\" \/>\n<meta property=\"article:modified_time\" content=\"2025-11-03T21:30:44+00:00\" \/>\n<meta property=\"og:image\" content=\"https:\/\/naturamada.com\/wp-content\/uploads\/2025\/09\/HEADER-AMAZON-nATURAMDA.jpg\" \/>\n\t<meta property=\"og:image:width\" content=\"1080\" \/>\n\t<meta property=\"og:image:height\" content=\"611\" \/>\n\t<meta property=\"og:image:type\" content=\"image\/jpeg\" \/>\n<script type=\"application\/ld+json\" class=\"yoast-schema-graph\">{\"@context\":\"https:\/\/schema.org\",\"@graph\":[{\"@type\":\"WebPage\",\"@id\":\"https:\/\/naturamada.com\/es\/sobre-nosotros\/\",\"url\":\"https:\/\/naturamada.com\/es\/sobre-nosotros\/\",\"name\":\"Nuestra historia | Naturamada\",\"isPartOf\":{\"@id\":\"https:\/\/naturamada.com\/es\/#website\"},\"datePublished\":\"2025-07-03T14:39:23+00:00\",\"dateModified\":\"2025-11-03T21:30:44+00:00\",\"description\":\"Descubre la historia de Naturamada: una aventura familiar nacida del amor a la naturaleza y del saber hacer transmitido de generaci\u00f3n en generaci\u00f3n.\",\"breadcrumb\":{\"@id\":\"https:\/\/naturamada.com\/es\/sobre-nosotros\/#breadcrumb\"},\"inLanguage\":\"es\",\"potentialAction\":[{\"@type\":\"ReadAction\",\"target\":[\"https:\/\/naturamada.com\/es\/sobre-nosotros\/\"]}]},{\"@type\":\"BreadcrumbList\",\"@id\":\"https:\/\/naturamada.com\/es\/sobre-nosotros\/#breadcrumb\",\"itemListElement\":[{\"@type\":\"ListItem\",\"position\":1,\"name\":\"Inicio\",\"item\":\"https:\/\/naturamada.com\/es\/\"},{\"@type\":\"ListItem\",\"position\":2,\"name\":\"Sobre nosotros\"}]},{\"@type\":\"WebSite\",\"@id\":\"https:\/\/naturamada.com\/es\/#website\",\"url\":\"https:\/\/naturamada.com\/es\/\",\"name\":\"Naturamada\",\"description\":\"Epices, Superaliments et Pierres pour le bien-\u00eatre et la cuisine\",\"publisher\":{\"@id\":\"https:\/\/naturamada.com\/es\/#organization\"},\"potentialAction\":[{\"@type\":\"SearchAction\",\"target\":{\"@type\":\"EntryPoint\",\"urlTemplate\":\"https:\/\/naturamada.com\/es\/?s={search_term_string}\"},\"query-input\":{\"@type\":\"PropertyValueSpecification\",\"valueRequired\":true,\"valueName\":\"search_term_string\"}}],\"inLanguage\":\"es\"},{\"@type\":\"Organization\",\"@id\":\"https:\/\/naturamada.com\/es\/#organization\",\"name\":\"Naturamada\",\"url\":\"https:\/\/naturamada.com\/es\/\",\"logo\":{\"@type\":\"ImageObject\",\"inLanguage\":\"es\",\"@id\":\"https:\/\/naturamada.com\/es\/#\/schema\/logo\/image\/\",\"url\":\"https:\/\/naturamada.com\/wp-content\/uploads\/2025\/07\/cropped-Naturamada-10.png\",\"contentUrl\":\"https:\/\/naturamada.com\/wp-content\/uploads\/2025\/07\/cropped-Naturamada-10.png\",\"width\":1366,\"height\":455,\"caption\":\"Naturamada\"},\"image\":{\"@id\":\"https:\/\/naturamada.com\/es\/#\/schema\/logo\/image\/\"},\"sameAs\":[\"https:\/\/www.facebook.com\/Naturamada.shop\/\",\"https:\/\/www.instagram.com\/naturamada.officiel\/\"]}]}<\/script>\n<!-- \/ Yoast SEO plugin. -->","yoast_head_json":{"title":"Nuestra historia | Naturamada","description":"Descubre la historia de Naturamada: una aventura familiar nacida del amor a la naturaleza y del saber hacer transmitido de generaci\u00f3n en generaci\u00f3n.","robots":{"index":"index","follow":"follow","max-snippet":"max-snippet:-1","max-image-preview":"max-image-preview:large","max-video-preview":"max-video-preview:-1"},"canonical":"https:\/\/naturamada.com\/es\/sobre-nosotros\/","og_locale":"es_ES","og_type":"article","og_title":"Nuestra historia | Naturamada","og_description":"Descubre la historia de Naturamada: una aventura familiar nacida del amor a la naturaleza y del saber hacer transmitido de generaci\u00f3n en generaci\u00f3n.","og_url":"https:\/\/naturamada.com\/es\/sobre-nosotros\/","og_site_name":"Naturamada","article_publisher":"https:\/\/www.facebook.com\/Naturamada.shop\/","article_modified_time":"2025-11-03T21:30:44+00:00","og_image":[{"width":1080,"height":611,"url":"https:\/\/naturamada.com\/wp-content\/uploads\/2025\/09\/HEADER-AMAZON-nATURAMDA.jpg","type":"image\/jpeg"}],"schema":{"@context":"https:\/\/schema.org","@graph":[{"@type":"WebPage","@id":"https:\/\/naturamada.com\/es\/sobre-nosotros\/","url":"https:\/\/naturamada.com\/es\/sobre-nosotros\/","name":"Nuestra historia | Naturamada","isPartOf":{"@id":"https:\/\/naturamada.com\/es\/#website"},"datePublished":"2025-07-03T14:39:23+00:00","dateModified":"2025-11-03T21:30:44+00:00","description":"Descubre la historia de Naturamada: una aventura familiar nacida del amor a la naturaleza y del saber hacer transmitido de generaci\u00f3n en generaci\u00f3n.","breadcrumb":{"@id":"https:\/\/naturamada.com\/es\/sobre-nosotros\/#breadcrumb"},"inLanguage":"es","potentialAction":[{"@type":"ReadAction","target":["https:\/\/naturamada.com\/es\/sobre-nosotros\/"]}]},{"@type":"BreadcrumbList","@id":"https:\/\/naturamada.com\/es\/sobre-nosotros\/#breadcrumb","itemListElement":[{"@type":"ListItem","position":1,"name":"Inicio","item":"https:\/\/naturamada.com\/es\/"},{"@type":"ListItem","position":2,"name":"Sobre nosotros"}]},{"@type":"WebSite","@id":"https:\/\/naturamada.com\/es\/#website","url":"https:\/\/naturamada.com\/es\/","name":"Naturamada","description":"Epices, Superaliments et Pierres pour le bien-\u00eatre et la cuisine","publisher":{"@id":"https:\/\/naturamada.com\/es\/#organization"},"potentialAction":[{"@type":"SearchAction","target":{"@type":"EntryPoint","urlTemplate":"https:\/\/naturamada.com\/es\/?s={search_term_string}"},"query-input":{"@type":"PropertyValueSpecification","valueRequired":true,"valueName":"search_term_string"}}],"inLanguage":"es"},{"@type":"Organization","@id":"https:\/\/naturamada.com\/es\/#organization","name":"Naturamada","url":"https:\/\/naturamada.com\/es\/","logo":{"@type":"ImageObject","inLanguage":"es","@id":"https:\/\/naturamada.com\/es\/#\/schema\/logo\/image\/","url":"https:\/\/naturamada.com\/wp-content\/uploads\/2025\/07\/cropped-Naturamada-10.png","contentUrl":"https:\/\/naturamada.com\/wp-content\/uploads\/2025\/07\/cropped-Naturamada-10.png","width":1366,"height":455,"caption":"Naturamada"},"image":{"@id":"https:\/\/naturamada.com\/es\/#\/schema\/logo\/image\/"},"sameAs":["https:\/\/www.facebook.com\/Naturamada.shop\/","https:\/\/www.instagram.com\/naturamada.officiel\/"]}]}},"_links":{"self":[{"href":"https:\/\/naturamada.com\/es\/wp-json\/wp\/v2\/pages\/2095","targetHints":{"allow":["GET"]}}],"collection":[{"href":"https:\/\/naturamada.com\/es\/wp-json\/wp\/v2\/pages"}],"about":[{"href":"https:\/\/naturamada.com\/es\/wp-json\/wp\/v2\/types\/page"}],"author":[{"embeddable":true,"href":"https:\/\/naturamada.com\/es\/wp-json\/wp\/v2\/users\/1"}],"replies":[{"embeddable":true,"href":"https:\/\/naturamada.com\/es\/wp-json\/wp\/v2\/comments?post=2095"}],"version-history":[{"count":0,"href":"https:\/\/naturamada.com\/es\/wp-json\/wp\/v2\/pages\/2095\/revisions"}],"wp:attachment":[{"href":"https:\/\/naturamada.com\/es\/wp-json\/wp\/v2\/media?parent=2095"}],"curies":[{"name":"wp","href":"https:\/\/api.w.org\/{rel}","templated":true}]}}