{"id":1084,"date":"2025-07-05T14:50:19","date_gmt":"2025-07-05T14:50:19","guid":{"rendered":"https:\/\/naturamada.com\/produit\/aventurine-bracelet-6-mm\/"},"modified":"2026-03-17T19:16:01","modified_gmt":"2026-03-17T19:16:01","slug":"aventurine-bracelet-6-mm","status":"publish","type":"product","link":"https:\/\/naturamada.com\/en\/produit\/aventurine-bracelet-6-mm\/","title":{"rendered":"Aventurine bracelet"},"content":{"rendered":"<p data-start=\"210\" data-end=\"282\">\u2728 <strong data-start=\"212\" data-end=\"278\">Natural Green Aventurine Bracelet &#8211; 6 mm &#8211; Chance &amp; Serenity<\/strong> \u2728<\/p>\n<p data-start=\"284\" data-end=\"568\">This green aventurine bracelet is made with 6 mm natural pearls, carefully selected for their radiance and gentle energy. A symbol of good luck, emotional harmony and renewal, aventurine is associated with the <strong data-start=\"525\" data-end=\"540\">month of May<\/strong> and the <strong data-start=\"547\" data-end=\"565\">heart chakra<\/strong>. <\/p>\n<p data-start=\"570\" data-end=\"823\">Each bracelet is carefully hand-mounted by Naturamada, to accompany you in your daily life or during your meditation practices.<\/p>\n<p data-start=\"825\" data-end=\"1081\"><strong data-start=\"828\" data-end=\"883\">Vertues of green aventurine (according to spiritual traditions):<\/strong><br data-start=\"883\" data-end=\"886\">Favors good luck and attracts opportunities<br data-start=\"972\" data-end=\"975\">Encourages clear decision-making<br data-start=\"1020\" data-end=\"1023\">Associated with the heart chakra<br data-start=\"1052\" data-end=\"1055\">Stone of the <strong>month of May<\/strong><\/p>\n<p data-start=\"1083\" data-end=\"1112\"><strong data-start=\"1086\" data-end=\"1110\">Product details :<\/strong><\/p>\n<ul data-start=\"1113\" data-end=\"1340\">\n<li data-start=\"1113\" data-end=\"1142\">\n<p data-start=\"1115\" data-end=\"1142\">Type : Elastic bracelet<\/p>\n<\/li>\n<li data-start=\"1143\" data-end=\"1157\">\n<p data-start=\"1145\" data-end=\"1157\">Size: XS<\/p>\n<\/li>\n<li data-start=\"1158\" data-end=\"1197\">\n<p data-start=\"1160\" data-end=\"1197\">Stone: Natural green aventurine<\/p>\n<\/li>\n<li data-start=\"1198\" data-end=\"1228\">\n<p data-start=\"1200\" data-end=\"1228\">Bead diameter: 6 mm<\/p>\n<\/li>\n<li data-start=\"1287\" data-end=\"1340\">\n<p data-start=\"1289\" data-end=\"1340\">Manufacturing: Handcrafted<\/p>\n<\/li>\n<\/ul>\n<p data-start=\"1342\" data-end=\"1504\"><strong data-start=\"1345\" data-end=\"1360\">Care:<\/strong><br data-start=\"1360\" data-end=\"1363\">Purify your bracelet regularly with sage, incense or indirect salt. Recharge it in daylight or on a flower of life.<\/p>\n<p data-start=\"1506\" data-end=\"1598\"><strong data-start=\"1509\" data-end=\"1526\">Gift idea: <\/strong>Perfect for a birthday, anniversary or just for yourself.<\/p>\n<p data-start=\"1506\" data-end=\"1598\"><strong data-start=\"1217\" data-end=\"1234\">Warning<\/strong><br data-start=\"1234\" data-end=\"1237\"><em>The nutritional and well-being information presented in this article is based on traditional uses and studies available to date. They are not a substitute for personalized medical or nutritional care.<\/em><\/p>\n","protected":false},"excerpt":{"rendered":"<p>\u2728 Natural Green Aventurine Bracelet &#8211; 6 mm &#8211; Chance &amp; Serenity \u2728 This green aventurine bracelet is made with [&hellip;]<\/p>\n","protected":false},"featured_media":824,"template":"","meta":{"site-sidebar-layout":"default","site-content-layout":"","ast-site-content-layout":"default","site-content-style":"default","site-sidebar-style":"default","ast-global-header-display":"","ast-banner-title-visibility":"","ast-main-header-display":"","ast-hfb-above-header-display":"","ast-hfb-below-header-display":"","ast-hfb-mobile-header-display":"","site-post-title":"","ast-breadcrumbs-content":"","ast-featured-img":"","footer-sml-layout":"","ast-disable-related-posts":"","theme-transparent-header-meta":"default","adv-header-id-meta":"","stick-header-meta":"","header-above-stick-meta":"","header-main-stick-meta":"","header-below-stick-meta":"","astra-migrate-meta-layouts":"default","ast-page-background-enabled":"default","ast-page-background-meta":{"desktop":{"background-color":"var(--ast-global-color-5)","background-image":"","background-repeat":"repeat","background-position":"center center","background-size":"auto","background-attachment":"scroll","background-type":"","background-media":"","overlay-type":"","overlay-color":"","overlay-opacity":"","overlay-gradient":""},"tablet":{"background-color":"","background-image":"","background-repeat":"repeat","background-position":"center center","background-size":"auto","background-attachment":"scroll","background-type":"","background-media":"","overlay-type":"","overlay-color":"","overlay-opacity":"","overlay-gradient":""},"mobile":{"background-color":"","background-image":"","background-repeat":"repeat","background-position":"center center","background-size":"auto","background-attachment":"scroll","background-type":"","background-media":"","overlay-type":"","overlay-color":"","overlay-opacity":"","overlay-gradient":""}},"ast-content-background-meta":{"desktop":{"background-color":"var(--ast-global-color-4)","background-image":"","background-repeat":"repeat","background-position":"center center","background-size":"auto","background-attachment":"scroll","background-type":"","background-media":"","overlay-type":"","overlay-color":"","overlay-opacity":"","overlay-gradient":""},"tablet":{"background-color":"var(--ast-global-color-4)","background-image":"","background-repeat":"repeat","background-position":"center center","background-size":"auto","background-attachment":"scroll","background-type":"","background-media":"","overlay-type":"","overlay-color":"","overlay-opacity":"","overlay-gradient":""},"mobile":{"background-color":"var(--ast-global-color-4)","background-image":"","background-repeat":"repeat","background-position":"center center","background-size":"auto","background-attachment":"scroll","background-type":"","background-media":"","overlay-type":"","overlay-color":"","overlay-opacity":"","overlay-gradient":""}}},"product_brand":[],"product_cat":[505,2691],"product_tag":[],"class_list":{"0":"post-1084","1":"product","2":"type-product","3":"status-publish","4":"has-post-thumbnail","6":"product_cat-natural-stones","7":"product_cat-stone-bracelets","8":"pa_chakra-heart-chakra-anahata","9":"pa_couleur-green","10":"pa_taille-6-mm-en","11":"pa_taille-xs-en","12":"pa_type-de-pierre-aventurine-en","13":"pa_type-produit-bracelet-en","14":"pa_usage-well-being","15":"desktop-align-left","16":"tablet-align-left","17":"mobile-align-left","19":"first","20":"instock","21":"taxable","22":"shipping-taxable","23":"purchasable","24":"product-type-simple"},"yoast_head":"<!-- This site is optimized with the Yoast SEO plugin v27.5 - https:\/\/yoast.com\/product\/yoast-seo-wordpress\/ -->\n<title>Aventurine 6 mm bracelet - Chance et S\u00e9r\u00e9nit\u00e9 | Naturamada<\/title>\n<meta name=\"description\" content=\"Natural green aventurine bracelet (6 mm beads), stone of the month of May and of the heart chakra. Promotes good luck and harmony. Handcrafted by Naturamada.\" \/>\n<meta name=\"robots\" content=\"index, follow, max-snippet:-1, max-image-preview:large, max-video-preview:-1\" \/>\n<link rel=\"canonical\" href=\"https:\/\/naturamada.com\/en\/produit\/aventurine-bracelet-6-mm\/\" \/>\n<meta property=\"og:locale\" content=\"en_US\" \/>\n<meta property=\"og:type\" content=\"article\" \/>\n<meta property=\"og:title\" content=\"Aventurine 6 mm bracelet - Chance et S\u00e9r\u00e9nit\u00e9 | Naturamada\" \/>\n<meta property=\"og:description\" content=\"Natural green aventurine bracelet (6 mm beads), stone of the month of May and of the heart chakra. Promotes good luck and harmony. Handcrafted by Naturamada.\" \/>\n<meta property=\"og:url\" content=\"https:\/\/naturamada.com\/en\/produit\/aventurine-bracelet-6-mm\/\" \/>\n<meta property=\"og:site_name\" content=\"Naturamada\" \/>\n<meta property=\"article:publisher\" content=\"https:\/\/www.facebook.com\/Naturamada.shop\/\" \/>\n<meta property=\"article:modified_time\" content=\"2026-03-17T19:16:01+00:00\" \/>\n<meta property=\"og:image\" content=\"https:\/\/naturamada.com\/wp-content\/uploads\/2025\/07\/Design-sans-titre-30-1024x1024.png\" \/>\n\t<meta property=\"og:image:width\" content=\"1024\" \/>\n\t<meta property=\"og:image:height\" content=\"1024\" \/>\n\t<meta property=\"og:image:type\" content=\"image\/png\" \/>\n<script type=\"application\/ld+json\" class=\"yoast-schema-graph\">{\"@context\":\"https:\\\/\\\/schema.org\",\"@graph\":[{\"@type\":\"WebPage\",\"@id\":\"https:\\\/\\\/naturamada.com\\\/en\\\/produit\\\/aventurine-bracelet-6-mm\\\/\",\"url\":\"https:\\\/\\\/naturamada.com\\\/en\\\/produit\\\/aventurine-bracelet-6-mm\\\/\",\"name\":\"Aventurine 6 mm bracelet - Chance et S\u00e9r\u00e9nit\u00e9 | Naturamada\",\"isPartOf\":{\"@id\":\"https:\\\/\\\/naturamada.com\\\/en\\\/#website\"},\"primaryImageOfPage\":{\"@id\":\"https:\\\/\\\/naturamada.com\\\/en\\\/produit\\\/aventurine-bracelet-6-mm\\\/#primaryimage\"},\"image\":{\"@id\":\"https:\\\/\\\/naturamada.com\\\/en\\\/produit\\\/aventurine-bracelet-6-mm\\\/#primaryimage\"},\"thumbnailUrl\":\"https:\\\/\\\/naturamada.com\\\/wp-content\\\/uploads\\\/2025\\\/07\\\/Design-sans-titre-30.png\",\"datePublished\":\"2025-07-05T14:50:19+00:00\",\"dateModified\":\"2026-03-17T19:16:01+00:00\",\"description\":\"Natural green aventurine bracelet (6 mm beads), stone of the month of May and of the heart chakra. Promotes good luck and harmony. Handcrafted by Naturamada.\",\"breadcrumb\":{\"@id\":\"https:\\\/\\\/naturamada.com\\\/en\\\/produit\\\/aventurine-bracelet-6-mm\\\/#breadcrumb\"},\"inLanguage\":\"en-US\",\"potentialAction\":[{\"@type\":\"ReadAction\",\"target\":[\"https:\\\/\\\/naturamada.com\\\/en\\\/produit\\\/aventurine-bracelet-6-mm\\\/\"]}]},{\"@type\":\"ImageObject\",\"inLanguage\":\"en-US\",\"@id\":\"https:\\\/\\\/naturamada.com\\\/en\\\/produit\\\/aventurine-bracelet-6-mm\\\/#primaryimage\",\"url\":\"https:\\\/\\\/naturamada.com\\\/wp-content\\\/uploads\\\/2025\\\/07\\\/Design-sans-titre-30.png\",\"contentUrl\":\"https:\\\/\\\/naturamada.com\\\/wp-content\\\/uploads\\\/2025\\\/07\\\/Design-sans-titre-30.png\",\"width\":2000,\"height\":2000},{\"@type\":\"BreadcrumbList\",\"@id\":\"https:\\\/\\\/naturamada.com\\\/en\\\/produit\\\/aventurine-bracelet-6-mm\\\/#breadcrumb\",\"itemListElement\":[{\"@type\":\"ListItem\",\"position\":1,\"name\":\"Home\",\"item\":\"https:\\\/\\\/naturamada.com\\\/en\\\/\"},{\"@type\":\"ListItem\",\"position\":2,\"name\":\"Store\",\"item\":\"https:\\\/\\\/naturamada.com\\\/en\\\/shop\\\/\"},{\"@type\":\"ListItem\",\"position\":3,\"name\":\"Aventurine bracelet\"}]},{\"@type\":\"WebSite\",\"@id\":\"https:\\\/\\\/naturamada.com\\\/en\\\/#website\",\"url\":\"https:\\\/\\\/naturamada.com\\\/en\\\/\",\"name\":\"Naturamada\",\"description\":\"Epices, Superaliments et Pierres pour le bien-\u00eatre et la cuisine\",\"publisher\":{\"@id\":\"https:\\\/\\\/naturamada.com\\\/en\\\/#organization\"},\"potentialAction\":[{\"@type\":\"SearchAction\",\"target\":{\"@type\":\"EntryPoint\",\"urlTemplate\":\"https:\\\/\\\/naturamada.com\\\/en\\\/?s={search_term_string}\"},\"query-input\":{\"@type\":\"PropertyValueSpecification\",\"valueRequired\":true,\"valueName\":\"search_term_string\"}}],\"inLanguage\":\"en-US\"},{\"@type\":\"Organization\",\"@id\":\"https:\\\/\\\/naturamada.com\\\/en\\\/#organization\",\"name\":\"Naturamada\",\"url\":\"https:\\\/\\\/naturamada.com\\\/en\\\/\",\"logo\":{\"@type\":\"ImageObject\",\"inLanguage\":\"en-US\",\"@id\":\"https:\\\/\\\/naturamada.com\\\/en\\\/#\\\/schema\\\/logo\\\/image\\\/\",\"url\":\"https:\\\/\\\/naturamada.com\\\/wp-content\\\/uploads\\\/2025\\\/07\\\/cropped-Naturamada-10.png\",\"contentUrl\":\"https:\\\/\\\/naturamada.com\\\/wp-content\\\/uploads\\\/2025\\\/07\\\/cropped-Naturamada-10.png\",\"width\":1366,\"height\":455,\"caption\":\"Naturamada\"},\"image\":{\"@id\":\"https:\\\/\\\/naturamada.com\\\/en\\\/#\\\/schema\\\/logo\\\/image\\\/\"},\"sameAs\":[\"https:\\\/\\\/www.facebook.com\\\/Naturamada.shop\\\/\",\"https:\\\/\\\/www.instagram.com\\\/naturamada.officiel\\\/\"]}]}<\/script>\n<!-- \/ Yoast SEO plugin. -->","yoast_head_json":{"title":"Aventurine 6 mm bracelet - Chance et S\u00e9r\u00e9nit\u00e9 | Naturamada","description":"Natural green aventurine bracelet (6 mm beads), stone of the month of May and of the heart chakra. Promotes good luck and harmony. Handcrafted by Naturamada.","robots":{"index":"index","follow":"follow","max-snippet":"max-snippet:-1","max-image-preview":"max-image-preview:large","max-video-preview":"max-video-preview:-1"},"canonical":"https:\/\/naturamada.com\/en\/produit\/aventurine-bracelet-6-mm\/","og_locale":"en_US","og_type":"article","og_title":"Aventurine 6 mm bracelet - Chance et S\u00e9r\u00e9nit\u00e9 | Naturamada","og_description":"Natural green aventurine bracelet (6 mm beads), stone of the month of May and of the heart chakra. Promotes good luck and harmony. Handcrafted by Naturamada.","og_url":"https:\/\/naturamada.com\/en\/produit\/aventurine-bracelet-6-mm\/","og_site_name":"Naturamada","article_publisher":"https:\/\/www.facebook.com\/Naturamada.shop\/","article_modified_time":"2026-03-17T19:16:01+00:00","og_image":[{"width":1024,"height":1024,"url":"https:\/\/naturamada.com\/wp-content\/uploads\/2025\/07\/Design-sans-titre-30-1024x1024.png","type":"image\/png"}],"schema":{"@context":"https:\/\/schema.org","@graph":[{"@type":"WebPage","@id":"https:\/\/naturamada.com\/en\/produit\/aventurine-bracelet-6-mm\/","url":"https:\/\/naturamada.com\/en\/produit\/aventurine-bracelet-6-mm\/","name":"Aventurine 6 mm bracelet - Chance et S\u00e9r\u00e9nit\u00e9 | Naturamada","isPartOf":{"@id":"https:\/\/naturamada.com\/en\/#website"},"primaryImageOfPage":{"@id":"https:\/\/naturamada.com\/en\/produit\/aventurine-bracelet-6-mm\/#primaryimage"},"image":{"@id":"https:\/\/naturamada.com\/en\/produit\/aventurine-bracelet-6-mm\/#primaryimage"},"thumbnailUrl":"https:\/\/naturamada.com\/wp-content\/uploads\/2025\/07\/Design-sans-titre-30.png","datePublished":"2025-07-05T14:50:19+00:00","dateModified":"2026-03-17T19:16:01+00:00","description":"Natural green aventurine bracelet (6 mm beads), stone of the month of May and of the heart chakra. Promotes good luck and harmony. Handcrafted by Naturamada.","breadcrumb":{"@id":"https:\/\/naturamada.com\/en\/produit\/aventurine-bracelet-6-mm\/#breadcrumb"},"inLanguage":"en-US","potentialAction":[{"@type":"ReadAction","target":["https:\/\/naturamada.com\/en\/produit\/aventurine-bracelet-6-mm\/"]}]},{"@type":"ImageObject","inLanguage":"en-US","@id":"https:\/\/naturamada.com\/en\/produit\/aventurine-bracelet-6-mm\/#primaryimage","url":"https:\/\/naturamada.com\/wp-content\/uploads\/2025\/07\/Design-sans-titre-30.png","contentUrl":"https:\/\/naturamada.com\/wp-content\/uploads\/2025\/07\/Design-sans-titre-30.png","width":2000,"height":2000},{"@type":"BreadcrumbList","@id":"https:\/\/naturamada.com\/en\/produit\/aventurine-bracelet-6-mm\/#breadcrumb","itemListElement":[{"@type":"ListItem","position":1,"name":"Home","item":"https:\/\/naturamada.com\/en\/"},{"@type":"ListItem","position":2,"name":"Store","item":"https:\/\/naturamada.com\/en\/shop\/"},{"@type":"ListItem","position":3,"name":"Aventurine bracelet"}]},{"@type":"WebSite","@id":"https:\/\/naturamada.com\/en\/#website","url":"https:\/\/naturamada.com\/en\/","name":"Naturamada","description":"Epices, Superaliments et Pierres pour le bien-\u00eatre et la cuisine","publisher":{"@id":"https:\/\/naturamada.com\/en\/#organization"},"potentialAction":[{"@type":"SearchAction","target":{"@type":"EntryPoint","urlTemplate":"https:\/\/naturamada.com\/en\/?s={search_term_string}"},"query-input":{"@type":"PropertyValueSpecification","valueRequired":true,"valueName":"search_term_string"}}],"inLanguage":"en-US"},{"@type":"Organization","@id":"https:\/\/naturamada.com\/en\/#organization","name":"Naturamada","url":"https:\/\/naturamada.com\/en\/","logo":{"@type":"ImageObject","inLanguage":"en-US","@id":"https:\/\/naturamada.com\/en\/#\/schema\/logo\/image\/","url":"https:\/\/naturamada.com\/wp-content\/uploads\/2025\/07\/cropped-Naturamada-10.png","contentUrl":"https:\/\/naturamada.com\/wp-content\/uploads\/2025\/07\/cropped-Naturamada-10.png","width":1366,"height":455,"caption":"Naturamada"},"image":{"@id":"https:\/\/naturamada.com\/en\/#\/schema\/logo\/image\/"},"sameAs":["https:\/\/www.facebook.com\/Naturamada.shop\/","https:\/\/www.instagram.com\/naturamada.officiel\/"]}]}},"_links":{"self":[{"href":"https:\/\/naturamada.com\/en\/wp-json\/wp\/v2\/product\/1084","targetHints":{"allow":["GET"]}}],"collection":[{"href":"https:\/\/naturamada.com\/en\/wp-json\/wp\/v2\/product"}],"about":[{"href":"https:\/\/naturamada.com\/en\/wp-json\/wp\/v2\/types\/product"}],"wp:featuredmedia":[{"embeddable":true,"href":"https:\/\/naturamada.com\/en\/wp-json\/wp\/v2\/media\/824"}],"wp:attachment":[{"href":"https:\/\/naturamada.com\/en\/wp-json\/wp\/v2\/media?parent=1084"}],"wp:term":[{"taxonomy":"product_brand","embeddable":true,"href":"https:\/\/naturamada.com\/en\/wp-json\/wp\/v2\/product_brand?post=1084"},{"taxonomy":"product_cat","embeddable":true,"href":"https:\/\/naturamada.com\/en\/wp-json\/wp\/v2\/product_cat?post=1084"},{"taxonomy":"product_tag","embeddable":true,"href":"https:\/\/naturamada.com\/en\/wp-json\/wp\/v2\/product_tag?post=1084"}],"curies":[{"name":"wp","href":"https:\/\/api.w.org\/{rel}","templated":true}]}}