{"id":939,"date":"2025-07-03T13:32:35","date_gmt":"2025-07-03T13:32:35","guid":{"rendered":"https:\/\/naturamada.com\/produit\/voatsiperifery-pfeffer-25-g\/"},"modified":"2026-04-01T11:50:30","modified_gmt":"2026-04-01T11:50:30","slug":"voatsiperifery-pfeffer-25-g","status":"publish","type":"product","link":"https:\/\/naturamada.com\/de\/produkt\/voatsiperifery-pfeffer-25-g\/","title":{"rendered":"Pfeffer Voatsiperifery"},"content":{"rendered":"<h1><strong data-start=\"427\" data-end=\"467\">Wilder Pfeffer Voatsiperifery &#8211; Madagaskars au\u00dfergew\u00f6hnliches Gew\u00fcrz<\/strong><\/h1>\n<p>&nbsp;<\/p>\n<p data-start=\"1033\" data-end=\"1339\">Der wilde madagassische Pfeffer, auch <strong>Voatsiperifery<\/strong> genannt, ist eine seltene Liane, die in den W\u00e4ldern der Insel wild w\u00e4chst. Er geh\u00f6rt wie der Pfeffer zur Familie der Piperaceae. <strong><em><a href=\"https:\/\/naturamada.com\/de\/schwarzer-pfeffer-aus-madagaskar-verwendung-und-vorteile\/\">Schwarzer Pfeffer<\/a><\/em><\/strong> wie der klassische Pfeffer. Im Gegensatz zu diesem Pfeffer w\u00e4chst diese Sorte jedoch nat\u00fcrlich in den W\u00e4ldern ohne chemische D\u00fcngemittel oder Pestizide. Bei der Ernte wird der <strong>Zyklus der Pflanze<\/strong> respektiert: nur die reifen Beeren werden gepfl\u00fcckt, so dass die Liane weiterhin produzieren kann. Diese Art der Ernte tr\u00e4gt zur Erhaltung der Wald\u00f6kosysteme bei und unterst\u00fctzt die lokale Wirtschaft, die auf traditionellen Praktiken beruht. <strong>Nach der Ernte<\/strong> trocknen die Pfl\u00fccker den Pfeffer auf nat\u00fcrliche Weise, um seinen komplexen Duft zu bewahren, der gleichzeitig <strong>holzig<\/strong>, <strong>frisch<\/strong> und leicht <strong>zitronig<\/strong> ist. Dieser seltene Pfeffer ist heute als einer der gastronomischen Sch\u00e4tze Madagaskars anerkannt.     <\/p>\n<h2 data-start=\"1023\" data-end=\"1077\">Warum Madagaskar Wildpfeffer?<\/h2>\n<p data-start=\"1079\" data-end=\"1377\">Der Voatsiperifery ist bei K\u00f6chen und Gourmetliebhabern sehr begehrt. Er zeichnet sich durch sein einzigartiges aromatisches Profil aus, das frischer und subtiler ist als das des traditionellen schwarzen Pfeffers. Seine Sch\u00e4rfe ist zart und progressiv, so dass er Gerichte w\u00fcrzen kann, ohne die anderen Aromen zu \u00fcberdecken.  <\/p>\n<p data-start=\"1379\" data-end=\"1680\">Er wird seit langem in der lokalen madagassischen K\u00fcche verwendet und stellt auch ein \u00fcberliefertes handwerkliches K\u00f6nnen dar. Da er wild geerntet wird, ist er ein seltenes Produkt, das von den Jahreszeiten und dem nat\u00fcrlichen Rhythmus des Waldes abh\u00e4ngt. Die Wahl dieses Pfeffers bedeutet, dass Sie ein authentisches und gesch\u00fctztes Gew\u00fcrz entdecken.  <\/p>\n<h2 data-start=\"1687\" data-end=\"1736\">Wie man wilden Pfeffer in der K\u00fcche verwendet<\/h2>\n<p data-start=\"1738\" data-end=\"1874\">Madagaskar Wildpfeffer wird wie herk\u00f6mmlicher Pfeffer verwendet, entfaltet aber sein volles Aroma, wenn er frisch gemahlen oder geschrotet wird.<\/p>\n<p data-start=\"1876\" data-end=\"2059\"><strong>In Madagaskar<\/strong> aromatisiert er traditionell Schmorgerichte, Fleisch und hausgemachte So\u00dfen. Er passt besonders gut zu Gefl\u00fcgel und Gerichten mit rotem Fleisch. <\/p>\n<p data-start=\"2061\" data-end=\"2283\">In der <strong>franz\u00f6sischen<\/strong> und europ\u00e4ischen <strong>Gastronomie<\/strong> wird er gerne zur Verfeinerung von So\u00dfen, Carpaccios oder Fischgerichten verwendet. Sein leicht zitroniges Aroma passt sehr gut zu Meeresfr\u00fcchten und gegrilltem Gem\u00fcse. <\/p>\n<p data-start=\"2285\" data-end=\"2473\">K\u00f6che verwenden es auch in s\u00fc\u00dfen Rezepten. So verleiht er beispielsweise Schokoladendesserts, exotischen Fr\u00fcchten oder Karamellzubereitungen eine originelle Note. <\/p>\n<h3 data-start=\"2207\" data-end=\"2234\"><\/h3>\n<h2 data-start=\"2207\" data-end=\"2234\">Produktinformationen<\/h2>\n<ul data-start=\"2236\" data-end=\"2567\">\n<li data-start=\"2236\" data-end=\"2278\">\n<p data-start=\"2238\" data-end=\"2278\"><strong data-start=\"2238\" data-end=\"2255\">Botanischer Name<\/strong>: <em data-start=\"2258\" data-end=\"2276\">Piper borbonense<\/em><\/p>\n<\/li>\n<li data-start=\"2347\" data-end=\"2396\">\n<p data-start=\"2349\" data-end=\"2396\"><strong data-start=\"2349\" data-end=\"2360\">Herkunft<\/strong>: S\u00fcdost-Madagaskar<\/p>\n<\/li>\n<li data-start=\"2438\" data-end=\"2462\">\n<p data-start=\"2440\" data-end=\"2462\"><strong data-start=\"2440\" data-end=\"2453\">Nettogewicht<\/strong>: 25 g<\/p>\n<\/li>\n<li data-start=\"2463\" data-end=\"2507\">\n<p data-start=\"2465\" data-end=\"2507\"><strong data-start=\"2465\" data-end=\"2505\">Abgef\u00fcllt in Frankreich  <\/strong><\/p>\n<\/li>\n<li data-start=\"2508\" data-end=\"2567\">\n<p data-start=\"2510\" data-end=\"2567\">100 % nat\u00fcrliches Produkt<\/p>\n<\/li>\n<\/ul>\n<p>&nbsp;<\/p>\n<h2 data-start=\"171\" data-end=\"208\">FAQ &#8211; Wilder Pfeffer aus Madagaskar<\/h2>\n<p data-start=\"210\" data-end=\"594\"><strong data-start=\"210\" data-end=\"269\">Ist wilder Pfeffer sch\u00e4rfer als schwarzer Pfeffer?<\/strong><br data-start=\"269\" data-end=\"272\">Nein, der Voatsiperifery hat im Allgemeinen eine mildere und progressivere Sch\u00e4rfe als der klassische schwarze Pfeffer. Er erw\u00e4rmt den Gaumen nicht so schnell, entwickelt aber mehr Aromen: holzige, frische Noten, manchmal leicht zitronig. Er ist daher ideal, um ein Gericht zu w\u00fcrzen, ohne den Geschmack der anderen Zutaten zu \u00fcberdecken.   <\/p>\n<p data-start=\"601\" data-end=\"1062\"><strong data-start=\"601\" data-end=\"645\">Kann es in allen Gerichten verwendet werden?<\/strong><br data-start=\"645\" data-end=\"648\">Ja, er kann in den meisten Rezepten anstelle von schwarzem Pfeffer verwendet werden. Er eignet sich besonders f\u00fcr Fleisch, Meeresfr\u00fcchte, gegrilltes Gem\u00fcse und So\u00dfen. Dar\u00fcber hinaus wird er auch in einigen s\u00fc\u00dfen Rezepten gesch\u00e4tzt, insbesondere in Verbindung mit dunkler Schokolade, exotischen Fr\u00fcchten oder karamellisierten Desserts. Um seine Aromen zu bewahren, wird empfohlen, ihn am Ende des Kochvorgangs oder kurz vor dem Servieren hinzuzuf\u00fcgen.    <\/p>\n<p data-start=\"1069\" data-end=\"1424\"><strong data-start=\"1069\" data-end=\"1117\">Wird es angebaut oder wild geerntet?<\/strong><br data-start=\"1117\" data-end=\"1120\">Voatsiperifery wird in den W\u00e4ldern von Madagaskar wild geerntet. Dieser Pfeffer w\u00e4chst auf nat\u00fcrliche Weise als Kletterpflanze an B\u00e4umen. Die Ernte ist saisonal und wird von Hand durchgef\u00fchrt, was seine Seltenheit und seinen handwerklichen Charakter erkl\u00e4rt.  <\/p>\n<p data-start=\"1431\" data-end=\"1845\"><strong data-start=\"1431\" data-end=\"1484\">Ist dieser Pfeffer umweltfreundlich?<\/strong><br data-start=\"1484\" data-end=\"1487\">Ja, die Ernte erfordert keine intensive Bepflanzung, keine Pestizide oder chemischen D\u00fcngemittel. Die Pfl\u00fccker w\u00e4hlen nur die reifen Beeren aus, so dass die Pflanze ihren nat\u00fcrlichen Zyklus fortsetzen kann. Diese Art der Ernte tr\u00e4gt zur Erhaltung der Biodiversit\u00e4t der W\u00e4lder bei und unterst\u00fctzt die lokalen Gemeinschaften, die von dieser traditionellen Ressource leben.   <\/p>\n<p data-start=\"1852\" data-end=\"2218\"><strong data-start=\"1852\" data-end=\"1878\">Wie ist er zu lagern?<\/strong><br data-start=\"1878\" data-end=\"1881\">Um seine Aromen zu bewahren, bewahren Sie die ganzen K\u00f6rner in einem luftdichten Beh\u00e4lter auf, der vor Feuchtigkeit, Hitze und Licht sch\u00fctzt. Vermeiden Sie es, ihn im Voraus zu mahlen: Wenn er erst kurz vor der Verwendung geschrotet oder gemahlen wird, bleiben die nat\u00fcrlichen aromatischen \u00d6le erhalten und der Geschmack wird intensiver. <\/p>\n","protected":false},"excerpt":{"rendered":"<p>Wilder Pfeffer Voatsiperifery &#8211; Madagaskars au\u00dfergew\u00f6hnliches Gew\u00fcrz &nbsp; Der wilde madagassische Pfeffer, auch Voatsiperifery genannt, ist eine seltene Liane, die [&hellip;]<\/p>\n","protected":false},"featured_media":701,"template":"","meta":{"site-sidebar-layout":"default","site-content-layout":"","ast-site-content-layout":"default","site-content-style":"default","site-sidebar-style":"default","ast-global-header-display":"","ast-banner-title-visibility":"","ast-main-header-display":"","ast-hfb-above-header-display":"","ast-hfb-below-header-display":"","ast-hfb-mobile-header-display":"","site-post-title":"","ast-breadcrumbs-content":"","ast-featured-img":"","footer-sml-layout":"","ast-disable-related-posts":"","theme-transparent-header-meta":"default","adv-header-id-meta":"","stick-header-meta":"","header-above-stick-meta":"","header-main-stick-meta":"","header-below-stick-meta":"","astra-migrate-meta-layouts":"default","ast-page-background-enabled":"default","ast-page-background-meta":{"desktop":{"background-color":"var(--ast-global-color-5)","background-image":"","background-repeat":"repeat","background-position":"center center","background-size":"auto","background-attachment":"scroll","background-type":"","background-media":"","overlay-type":"","overlay-color":"","overlay-opacity":"","overlay-gradient":""},"tablet":{"background-color":"","background-image":"","background-repeat":"repeat","background-position":"center center","background-size":"auto","background-attachment":"scroll","background-type":"","background-media":"","overlay-type":"","overlay-color":"","overlay-opacity":"","overlay-gradient":""},"mobile":{"background-color":"","background-image":"","background-repeat":"repeat","background-position":"center center","background-size":"auto","background-attachment":"scroll","background-type":"","background-media":"","overlay-type":"","overlay-color":"","overlay-opacity":"","overlay-gradient":""}},"ast-content-background-meta":{"desktop":{"background-color":"var(--ast-global-color-4)","background-image":"","background-repeat":"repeat","background-position":"center center","background-size":"auto","background-attachment":"scroll","background-type":"","background-media":"","overlay-type":"","overlay-color":"","overlay-opacity":"","overlay-gradient":""},"tablet":{"background-color":"var(--ast-global-color-4)","background-image":"","background-repeat":"repeat","background-position":"center center","background-size":"auto","background-attachment":"scroll","background-type":"","background-media":"","overlay-type":"","overlay-color":"","overlay-opacity":"","overlay-gradient":""},"mobile":{"background-color":"var(--ast-global-color-4)","background-image":"","background-repeat":"repeat","background-position":"center center","background-size":"auto","background-attachment":"scroll","background-type":"","background-media":"","overlay-type":"","overlay-color":"","overlay-opacity":"","overlay-gradient":""}}},"product_brand":[],"product_cat":[2712,397],"product_tag":[],"class_list":{"0":"post-939","1":"product","2":"type-product","3":"status-publish","4":"has-post-thumbnail","6":"product_cat-gewurze","7":"product_cat-gewuerze-superfoods","8":"pa_origine-madagaskar","9":"pa_taille-25-g-de","10":"pa_taille-50-g-de","11":"pa_type-produit-korner","12":"pa_usage-infusion-de","13":"pa_usage-konditorei","14":"pa_usage-kuche","15":"desktop-align-left","16":"tablet-align-left","17":"mobile-align-left","19":"first","20":"instock","21":"taxable","22":"shipping-taxable","23":"purchasable","24":"product-type-variable","25":"has-default-attributes"},"yoast_head":"<!-- This site is optimized with the Yoast SEO plugin v27.5 - https:\/\/yoast.com\/product\/yoast-seo-wordpress\/ -->\n<title>Wilder Pfeffer Voatsiperifery 25 g - Madagaskar | Naturamada<\/title>\n<meta name=\"description\" content=\"Voatsiperifery Pfeffer in K\u00f6rnern, geerntet in den W\u00e4ldern Madagaskars. Ein au\u00dfergew\u00f6hnliches Gew\u00fcrz mit holzigen und zitronigen Noten, das von Kennern gesch\u00e4tzt wird.\" \/>\n<meta name=\"robots\" content=\"index, follow, max-snippet:-1, max-image-preview:large, max-video-preview:-1\" \/>\n<link rel=\"canonical\" href=\"https:\/\/naturamada.com\/de\/produkt\/voatsiperifery-pfeffer-25-g\/\" \/>\n<meta property=\"og:locale\" content=\"de_DE\" \/>\n<meta property=\"og:type\" content=\"article\" \/>\n<meta property=\"og:title\" content=\"Wilder Pfeffer Voatsiperifery 25 g - Madagaskar | Naturamada\" \/>\n<meta property=\"og:description\" content=\"Voatsiperifery Pfeffer in K\u00f6rnern, geerntet in den W\u00e4ldern Madagaskars. Ein au\u00dfergew\u00f6hnliches Gew\u00fcrz mit holzigen und zitronigen Noten, das von Kennern gesch\u00e4tzt wird.\" \/>\n<meta property=\"og:url\" content=\"https:\/\/naturamada.com\/de\/produkt\/voatsiperifery-pfeffer-25-g\/\" \/>\n<meta property=\"og:site_name\" content=\"Naturamada\" \/>\n<meta property=\"article:publisher\" content=\"https:\/\/www.facebook.com\/Naturamada.shop\/\" \/>\n<meta property=\"article:modified_time\" content=\"2026-04-01T11:50:30+00:00\" \/>\n<meta property=\"og:image\" content=\"https:\/\/naturamada.com\/wp-content\/uploads\/2025\/07\/poivre-voatsiperifery-madagascar-naturamada-2.jpg\" \/>\n\t<meta property=\"og:image:width\" content=\"2000\" \/>\n\t<meta property=\"og:image:height\" content=\"2000\" \/>\n\t<meta property=\"og:image:type\" content=\"image\/jpeg\" \/>\n<script type=\"application\/ld+json\" class=\"yoast-schema-graph\">{\"@context\":\"https:\\\/\\\/schema.org\",\"@graph\":[{\"@type\":\"WebPage\",\"@id\":\"https:\\\/\\\/naturamada.com\\\/de\\\/produkt\\\/voatsiperifery-pfeffer-25-g\\\/\",\"url\":\"https:\\\/\\\/naturamada.com\\\/de\\\/produkt\\\/voatsiperifery-pfeffer-25-g\\\/\",\"name\":\"Wilder Pfeffer Voatsiperifery 25 g - Madagaskar | Naturamada\",\"isPartOf\":{\"@id\":\"https:\\\/\\\/naturamada.com\\\/de\\\/#website\"},\"primaryImageOfPage\":{\"@id\":\"https:\\\/\\\/naturamada.com\\\/de\\\/produkt\\\/voatsiperifery-pfeffer-25-g\\\/#primaryimage\"},\"image\":{\"@id\":\"https:\\\/\\\/naturamada.com\\\/de\\\/produkt\\\/voatsiperifery-pfeffer-25-g\\\/#primaryimage\"},\"thumbnailUrl\":\"https:\\\/\\\/naturamada.com\\\/wp-content\\\/uploads\\\/2025\\\/07\\\/poivre-voatsiperifery-madagascar-naturamada-2.jpg\",\"datePublished\":\"2025-07-03T13:32:35+00:00\",\"dateModified\":\"2026-04-01T11:50:30+00:00\",\"description\":\"Voatsiperifery Pfeffer in K\u00f6rnern, geerntet in den W\u00e4ldern Madagaskars. Ein au\u00dfergew\u00f6hnliches Gew\u00fcrz mit holzigen und zitronigen Noten, das von Kennern gesch\u00e4tzt wird.\",\"breadcrumb\":{\"@id\":\"https:\\\/\\\/naturamada.com\\\/de\\\/produkt\\\/voatsiperifery-pfeffer-25-g\\\/#breadcrumb\"},\"inLanguage\":\"de\",\"potentialAction\":[{\"@type\":\"ReadAction\",\"target\":[\"https:\\\/\\\/naturamada.com\\\/de\\\/produkt\\\/voatsiperifery-pfeffer-25-g\\\/\"]}]},{\"@type\":\"ImageObject\",\"inLanguage\":\"de\",\"@id\":\"https:\\\/\\\/naturamada.com\\\/de\\\/produkt\\\/voatsiperifery-pfeffer-25-g\\\/#primaryimage\",\"url\":\"https:\\\/\\\/naturamada.com\\\/wp-content\\\/uploads\\\/2025\\\/07\\\/poivre-voatsiperifery-madagascar-naturamada-2.jpg\",\"contentUrl\":\"https:\\\/\\\/naturamada.com\\\/wp-content\\\/uploads\\\/2025\\\/07\\\/poivre-voatsiperifery-madagascar-naturamada-2.jpg\",\"width\":2000,\"height\":2000},{\"@type\":\"BreadcrumbList\",\"@id\":\"https:\\\/\\\/naturamada.com\\\/de\\\/produkt\\\/voatsiperifery-pfeffer-25-g\\\/#breadcrumb\",\"itemListElement\":[{\"@type\":\"ListItem\",\"position\":1,\"name\":\"Startseite\",\"item\":\"https:\\\/\\\/naturamada.com\\\/de\\\/\"},{\"@type\":\"ListItem\",\"position\":2,\"name\":\"Shop\",\"item\":\"https:\\\/\\\/naturamada.com\\\/de\\\/shop\\\/\"},{\"@type\":\"ListItem\",\"position\":3,\"name\":\"Pfeffer Voatsiperifery\"}]},{\"@type\":\"WebSite\",\"@id\":\"https:\\\/\\\/naturamada.com\\\/de\\\/#website\",\"url\":\"https:\\\/\\\/naturamada.com\\\/de\\\/\",\"name\":\"Naturamada\",\"description\":\"Epices, Superaliments et Pierres pour le bien-\u00eatre et la cuisine\",\"publisher\":{\"@id\":\"https:\\\/\\\/naturamada.com\\\/de\\\/#organization\"},\"potentialAction\":[{\"@type\":\"SearchAction\",\"target\":{\"@type\":\"EntryPoint\",\"urlTemplate\":\"https:\\\/\\\/naturamada.com\\\/de\\\/?s={search_term_string}\"},\"query-input\":{\"@type\":\"PropertyValueSpecification\",\"valueRequired\":true,\"valueName\":\"search_term_string\"}}],\"inLanguage\":\"de\"},{\"@type\":\"Organization\",\"@id\":\"https:\\\/\\\/naturamada.com\\\/de\\\/#organization\",\"name\":\"Naturamada\",\"url\":\"https:\\\/\\\/naturamada.com\\\/de\\\/\",\"logo\":{\"@type\":\"ImageObject\",\"inLanguage\":\"de\",\"@id\":\"https:\\\/\\\/naturamada.com\\\/de\\\/#\\\/schema\\\/logo\\\/image\\\/\",\"url\":\"https:\\\/\\\/naturamada.com\\\/wp-content\\\/uploads\\\/2025\\\/07\\\/cropped-Naturamada-10.png\",\"contentUrl\":\"https:\\\/\\\/naturamada.com\\\/wp-content\\\/uploads\\\/2025\\\/07\\\/cropped-Naturamada-10.png\",\"width\":1366,\"height\":455,\"caption\":\"Naturamada\"},\"image\":{\"@id\":\"https:\\\/\\\/naturamada.com\\\/de\\\/#\\\/schema\\\/logo\\\/image\\\/\"},\"sameAs\":[\"https:\\\/\\\/www.facebook.com\\\/Naturamada.shop\\\/\",\"https:\\\/\\\/www.instagram.com\\\/naturamada.officiel\\\/\"]}]}<\/script>\n<!-- \/ Yoast SEO plugin. -->","yoast_head_json":{"title":"Wilder Pfeffer Voatsiperifery 25 g - Madagaskar | Naturamada","description":"Voatsiperifery Pfeffer in K\u00f6rnern, geerntet in den W\u00e4ldern Madagaskars. Ein au\u00dfergew\u00f6hnliches Gew\u00fcrz mit holzigen und zitronigen Noten, das von Kennern gesch\u00e4tzt wird.","robots":{"index":"index","follow":"follow","max-snippet":"max-snippet:-1","max-image-preview":"max-image-preview:large","max-video-preview":"max-video-preview:-1"},"canonical":"https:\/\/naturamada.com\/de\/produkt\/voatsiperifery-pfeffer-25-g\/","og_locale":"de_DE","og_type":"article","og_title":"Wilder Pfeffer Voatsiperifery 25 g - Madagaskar | Naturamada","og_description":"Voatsiperifery Pfeffer in K\u00f6rnern, geerntet in den W\u00e4ldern Madagaskars. Ein au\u00dfergew\u00f6hnliches Gew\u00fcrz mit holzigen und zitronigen Noten, das von Kennern gesch\u00e4tzt wird.","og_url":"https:\/\/naturamada.com\/de\/produkt\/voatsiperifery-pfeffer-25-g\/","og_site_name":"Naturamada","article_publisher":"https:\/\/www.facebook.com\/Naturamada.shop\/","article_modified_time":"2026-04-01T11:50:30+00:00","og_image":[{"width":2000,"height":2000,"url":"https:\/\/naturamada.com\/wp-content\/uploads\/2025\/07\/poivre-voatsiperifery-madagascar-naturamada-2.jpg","type":"image\/jpeg"}],"schema":{"@context":"https:\/\/schema.org","@graph":[{"@type":"WebPage","@id":"https:\/\/naturamada.com\/de\/produkt\/voatsiperifery-pfeffer-25-g\/","url":"https:\/\/naturamada.com\/de\/produkt\/voatsiperifery-pfeffer-25-g\/","name":"Wilder Pfeffer Voatsiperifery 25 g - Madagaskar | Naturamada","isPartOf":{"@id":"https:\/\/naturamada.com\/de\/#website"},"primaryImageOfPage":{"@id":"https:\/\/naturamada.com\/de\/produkt\/voatsiperifery-pfeffer-25-g\/#primaryimage"},"image":{"@id":"https:\/\/naturamada.com\/de\/produkt\/voatsiperifery-pfeffer-25-g\/#primaryimage"},"thumbnailUrl":"https:\/\/naturamada.com\/wp-content\/uploads\/2025\/07\/poivre-voatsiperifery-madagascar-naturamada-2.jpg","datePublished":"2025-07-03T13:32:35+00:00","dateModified":"2026-04-01T11:50:30+00:00","description":"Voatsiperifery Pfeffer in K\u00f6rnern, geerntet in den W\u00e4ldern Madagaskars. Ein au\u00dfergew\u00f6hnliches Gew\u00fcrz mit holzigen und zitronigen Noten, das von Kennern gesch\u00e4tzt wird.","breadcrumb":{"@id":"https:\/\/naturamada.com\/de\/produkt\/voatsiperifery-pfeffer-25-g\/#breadcrumb"},"inLanguage":"de","potentialAction":[{"@type":"ReadAction","target":["https:\/\/naturamada.com\/de\/produkt\/voatsiperifery-pfeffer-25-g\/"]}]},{"@type":"ImageObject","inLanguage":"de","@id":"https:\/\/naturamada.com\/de\/produkt\/voatsiperifery-pfeffer-25-g\/#primaryimage","url":"https:\/\/naturamada.com\/wp-content\/uploads\/2025\/07\/poivre-voatsiperifery-madagascar-naturamada-2.jpg","contentUrl":"https:\/\/naturamada.com\/wp-content\/uploads\/2025\/07\/poivre-voatsiperifery-madagascar-naturamada-2.jpg","width":2000,"height":2000},{"@type":"BreadcrumbList","@id":"https:\/\/naturamada.com\/de\/produkt\/voatsiperifery-pfeffer-25-g\/#breadcrumb","itemListElement":[{"@type":"ListItem","position":1,"name":"Startseite","item":"https:\/\/naturamada.com\/de\/"},{"@type":"ListItem","position":2,"name":"Shop","item":"https:\/\/naturamada.com\/de\/shop\/"},{"@type":"ListItem","position":3,"name":"Pfeffer Voatsiperifery"}]},{"@type":"WebSite","@id":"https:\/\/naturamada.com\/de\/#website","url":"https:\/\/naturamada.com\/de\/","name":"Naturamada","description":"Epices, Superaliments et Pierres pour le bien-\u00eatre et la cuisine","publisher":{"@id":"https:\/\/naturamada.com\/de\/#organization"},"potentialAction":[{"@type":"SearchAction","target":{"@type":"EntryPoint","urlTemplate":"https:\/\/naturamada.com\/de\/?s={search_term_string}"},"query-input":{"@type":"PropertyValueSpecification","valueRequired":true,"valueName":"search_term_string"}}],"inLanguage":"de"},{"@type":"Organization","@id":"https:\/\/naturamada.com\/de\/#organization","name":"Naturamada","url":"https:\/\/naturamada.com\/de\/","logo":{"@type":"ImageObject","inLanguage":"de","@id":"https:\/\/naturamada.com\/de\/#\/schema\/logo\/image\/","url":"https:\/\/naturamada.com\/wp-content\/uploads\/2025\/07\/cropped-Naturamada-10.png","contentUrl":"https:\/\/naturamada.com\/wp-content\/uploads\/2025\/07\/cropped-Naturamada-10.png","width":1366,"height":455,"caption":"Naturamada"},"image":{"@id":"https:\/\/naturamada.com\/de\/#\/schema\/logo\/image\/"},"sameAs":["https:\/\/www.facebook.com\/Naturamada.shop\/","https:\/\/www.instagram.com\/naturamada.officiel\/"]}]}},"_links":{"self":[{"href":"https:\/\/naturamada.com\/de\/wp-json\/wp\/v2\/product\/939","targetHints":{"allow":["GET"]}}],"collection":[{"href":"https:\/\/naturamada.com\/de\/wp-json\/wp\/v2\/product"}],"about":[{"href":"https:\/\/naturamada.com\/de\/wp-json\/wp\/v2\/types\/product"}],"wp:featuredmedia":[{"embeddable":true,"href":"https:\/\/naturamada.com\/de\/wp-json\/wp\/v2\/media\/701"}],"wp:attachment":[{"href":"https:\/\/naturamada.com\/de\/wp-json\/wp\/v2\/media?parent=939"}],"wp:term":[{"taxonomy":"product_brand","embeddable":true,"href":"https:\/\/naturamada.com\/de\/wp-json\/wp\/v2\/product_brand?post=939"},{"taxonomy":"product_cat","embeddable":true,"href":"https:\/\/naturamada.com\/de\/wp-json\/wp\/v2\/product_cat?post=939"},{"taxonomy":"product_tag","embeddable":true,"href":"https:\/\/naturamada.com\/de\/wp-json\/wp\/v2\/product_tag?post=939"}],"curies":[{"name":"wp","href":"https:\/\/api.w.org\/{rel}","templated":true}]}}