{"id":937,"date":"2025-07-03T12:42:49","date_gmt":"2025-07-03T12:42:49","guid":{"rendered":"https:\/\/naturamada.com\/produit\/getrocknete-hibiskusblueten-50-g\/"},"modified":"2026-03-19T21:52:09","modified_gmt":"2026-03-19T21:52:09","slug":"getrocknete-hibiskusblueten-50-g","status":"publish","type":"product","link":"https:\/\/naturamada.com\/de\/produkt\/getrocknete-hibiskusblueten-50-g\/","title":{"rendered":"Hibiskusbl\u00fcten"},"content":{"rendered":"<h3 data-start=\"184\" data-end=\"226\"><strong data-start=\"190\" data-end=\"226\">Getrocknete Hibiskusbl\u00fcten  <\/strong><\/h3>\n<p data-start=\"1111\" data-end=\"1389\">Entdecken Sie unsere <strong data-start=\"1125\" data-end=\"1154\">getrockneten<\/strong>, handgepfl\u00fcckten <strong data-start=\"1125\" data-end=\"1154\">Hibiskusbl\u00fcten<\/strong>. Nat\u00fcrlich getrocknet, behalten sie ihre <strong data-start=\"1300\" data-end=\"1325\">sch\u00f6ne purpurne Farbe<\/strong>, ihren <strong data-start=\"1332\" data-end=\"1350\">zarten Duft<\/strong> und den begehrten <strong data-start=\"1359\" data-end=\"1375\">s\u00e4uerlichen Geschmack<\/strong>. <\/p>\n<p data-start=\"1391\" data-end=\"1632\">Hibiskusbl\u00fcten werden traditionell als <strong data-start=\"1423\" data-end=\"1452\">kalter oder hei\u00dfer Tee<\/strong> verwendet und sind wegen ihrer Frische, ihrer durstl\u00f6schenden Wirkung und ihrer in den Volkstraditionen anerkannten Wohltaten beliebt.<\/p>\n<h3 data-start=\"1639\" data-end=\"1663\">Empfohlene Verwendung<\/h3>\n<ul data-start=\"1665\" data-end=\"1827\">\n<li data-start=\"1665\" data-end=\"1698\">\n<p data-start=\"1667\" data-end=\"1698\"><strong data-start=\"1667\" data-end=\"1696\">Hei\u00dfer oder kalter Aufguss<\/strong><\/p>\n<\/li>\n<li data-start=\"1699\" data-end=\"1732\">\n<p data-start=\"1701\" data-end=\"1732\"><strong data-start=\"1701\" data-end=\"1730\">Sommergetr\u00e4nk Typ Bissap<\/strong><\/p>\n<\/li>\n<li data-start=\"1733\" data-end=\"1780\">\n<p data-start=\"1735\" data-end=\"1780\"><strong data-start=\"1735\" data-end=\"1778\">Mazeration in Sirup oder Essig<\/strong><\/p>\n<\/li>\n<li data-start=\"1781\" data-end=\"1827\">\n<p data-start=\"1783\" data-end=\"1827\"><strong data-start=\"1783\" data-end=\"1827\">Kochen, Backen, Smoothies<\/strong><\/p>\n<\/li>\n<\/ul>\n<h3 data-start=\"1834\" data-end=\"1861\">Produktinformationen<\/h3>\n<ul data-start=\"1863\" data-end=\"2041\">\n<li data-start=\"1915\" data-end=\"1965\">\n<p data-start=\"1917\" data-end=\"1965\"><strong data-start=\"1917\" data-end=\"1929\">Menge<\/strong>: 50g ganze getrocknete Bl\u00fcten<\/p>\n<\/li>\n<li data-start=\"1966\" data-end=\"1995\">\n<p data-start=\"1968\" data-end=\"1995\"><strong data-start=\"1968\" data-end=\"1993\">Abgef\u00fcllt in Frankreich<\/strong><\/p>\n<\/li>\n<\/ul>\n","protected":false},"excerpt":{"rendered":"<p>Getrocknete Hibiskusbl\u00fcten Entdecken Sie unsere getrockneten, handgepfl\u00fcckten Hibiskusbl\u00fcten. Nat\u00fcrlich getrocknet, behalten sie ihre sch\u00f6ne purpurne Farbe, ihren zarten Duft und [&hellip;]<\/p>\n","protected":false},"featured_media":687,"template":"","meta":{"site-sidebar-layout":"default","site-content-layout":"","ast-site-content-layout":"default","site-content-style":"default","site-sidebar-style":"default","ast-global-header-display":"","ast-banner-title-visibility":"","ast-main-header-display":"","ast-hfb-above-header-display":"","ast-hfb-below-header-display":"","ast-hfb-mobile-header-display":"","site-post-title":"","ast-breadcrumbs-content":"","ast-featured-img":"","footer-sml-layout":"","ast-disable-related-posts":"","theme-transparent-header-meta":"default","adv-header-id-meta":"","stick-header-meta":"","header-above-stick-meta":"","header-main-stick-meta":"","header-below-stick-meta":"","astra-migrate-meta-layouts":"default","ast-page-background-enabled":"default","ast-page-background-meta":{"desktop":{"background-color":"var(--ast-global-color-5)","background-image":"","background-repeat":"repeat","background-position":"center center","background-size":"auto","background-attachment":"scroll","background-type":"","background-media":"","overlay-type":"","overlay-color":"","overlay-opacity":"","overlay-gradient":""},"tablet":{"background-color":"","background-image":"","background-repeat":"repeat","background-position":"center center","background-size":"auto","background-attachment":"scroll","background-type":"","background-media":"","overlay-type":"","overlay-color":"","overlay-opacity":"","overlay-gradient":""},"mobile":{"background-color":"","background-image":"","background-repeat":"repeat","background-position":"center center","background-size":"auto","background-attachment":"scroll","background-type":"","background-media":"","overlay-type":"","overlay-color":"","overlay-opacity":"","overlay-gradient":""}},"ast-content-background-meta":{"desktop":{"background-color":"var(--ast-global-color-4)","background-image":"","background-repeat":"repeat","background-position":"center center","background-size":"auto","background-attachment":"scroll","background-type":"","background-media":"","overlay-type":"","overlay-color":"","overlay-opacity":"","overlay-gradient":""},"tablet":{"background-color":"var(--ast-global-color-4)","background-image":"","background-repeat":"repeat","background-position":"center center","background-size":"auto","background-attachment":"scroll","background-type":"","background-media":"","overlay-type":"","overlay-color":"","overlay-opacity":"","overlay-gradient":""},"mobile":{"background-color":"var(--ast-global-color-4)","background-image":"","background-repeat":"repeat","background-position":"center center","background-size":"auto","background-attachment":"scroll","background-type":"","background-media":"","overlay-type":"","overlay-color":"","overlay-opacity":"","overlay-gradient":""}}},"product_brand":[258],"product_cat":[2707,397],"product_tag":[],"class_list":{"0":"post-937","1":"product","2":"type-product","3":"status-publish","4":"has-post-thumbnail","6":"product_brand-naturamada","7":"product_cat-getrocknete-blatter","8":"product_cat-gewuerze-superfoods","9":"pa_taille-50-g-de","10":"pa_type-produit-getrocknete-blume","11":"pa_usage-infusion-de","12":"pa_usage-wohlbefinden","13":"desktop-align-left","14":"tablet-align-left","15":"mobile-align-left","17":"first","18":"instock","19":"taxable","20":"shipping-taxable","21":"purchasable","22":"product-type-simple"},"yoast_head":"<!-- This site is optimized with the Yoast SEO plugin v27.2 - https:\/\/yoast.com\/product\/yoast-seo-wordpress\/ -->\n<title>Getrocknete Hibiskusbl\u00fcten 50 g | Naturamada<\/title>\n<meta name=\"description\" content=\"Getrocknete Hibiskusbl\u00fcten 50g. F\u00fcr Kr\u00e4utertees, nat\u00fcrliche Getr\u00e4nke, Bissap oder Wellness-K\u00fcche. Fruchtig-s\u00e4uerlicher Geschmack - Naturamada.\" \/>\n<meta name=\"robots\" content=\"index, follow, max-snippet:-1, max-image-preview:large, max-video-preview:-1\" \/>\n<link rel=\"canonical\" href=\"https:\/\/naturamada.com\/de\/produkt\/getrocknete-hibiskusblueten-50-g\/\" \/>\n<meta property=\"og:locale\" content=\"de_DE\" \/>\n<meta property=\"og:type\" content=\"article\" \/>\n<meta property=\"og:title\" content=\"Getrocknete Hibiskusbl\u00fcten 50 g | Naturamada\" \/>\n<meta property=\"og:description\" content=\"Getrocknete Hibiskusbl\u00fcten 50g. F\u00fcr Kr\u00e4utertees, nat\u00fcrliche Getr\u00e4nke, Bissap oder Wellness-K\u00fcche. Fruchtig-s\u00e4uerlicher Geschmack - Naturamada.\" \/>\n<meta property=\"og:url\" content=\"https:\/\/naturamada.com\/de\/produkt\/getrocknete-hibiskusblueten-50-g\/\" \/>\n<meta property=\"og:site_name\" content=\"Naturamada\" \/>\n<meta property=\"article:publisher\" content=\"https:\/\/www.facebook.com\/Naturamada.shop\/\" \/>\n<meta property=\"article:modified_time\" content=\"2026-03-19T21:52:09+00:00\" \/>\n<meta property=\"og:image\" content=\"https:\/\/naturamada.com\/wp-content\/uploads\/2025\/07\/Fleur-hibiscus-50g-Naturamada.jpg\" \/>\n\t<meta property=\"og:image:width\" content=\"2000\" \/>\n\t<meta property=\"og:image:height\" content=\"2000\" \/>\n\t<meta property=\"og:image:type\" content=\"image\/jpeg\" \/>\n<script type=\"application\/ld+json\" class=\"yoast-schema-graph\">{\"@context\":\"https:\/\/schema.org\",\"@graph\":[{\"@type\":\"WebPage\",\"@id\":\"https:\/\/naturamada.com\/de\/produkt\/getrocknete-hibiskusblueten-50-g\/\",\"url\":\"https:\/\/naturamada.com\/de\/produkt\/getrocknete-hibiskusblueten-50-g\/\",\"name\":\"Getrocknete Hibiskusbl\u00fcten 50 g | Naturamada\",\"isPartOf\":{\"@id\":\"https:\/\/naturamada.com\/de\/#website\"},\"primaryImageOfPage\":{\"@id\":\"https:\/\/naturamada.com\/de\/produkt\/getrocknete-hibiskusblueten-50-g\/#primaryimage\"},\"image\":{\"@id\":\"https:\/\/naturamada.com\/de\/produkt\/getrocknete-hibiskusblueten-50-g\/#primaryimage\"},\"thumbnailUrl\":\"https:\/\/naturamada.com\/wp-content\/uploads\/2025\/07\/Fleur-hibiscus-50g-Naturamada.jpg\",\"datePublished\":\"2025-07-03T12:42:49+00:00\",\"dateModified\":\"2026-03-19T21:52:09+00:00\",\"description\":\"Getrocknete Hibiskusbl\u00fcten 50g. F\u00fcr Kr\u00e4utertees, nat\u00fcrliche Getr\u00e4nke, Bissap oder Wellness-K\u00fcche. Fruchtig-s\u00e4uerlicher Geschmack - Naturamada.\",\"breadcrumb\":{\"@id\":\"https:\/\/naturamada.com\/de\/produkt\/getrocknete-hibiskusblueten-50-g\/#breadcrumb\"},\"inLanguage\":\"de\",\"potentialAction\":[{\"@type\":\"ReadAction\",\"target\":[\"https:\/\/naturamada.com\/de\/produkt\/getrocknete-hibiskusblueten-50-g\/\"]}]},{\"@type\":\"ImageObject\",\"inLanguage\":\"de\",\"@id\":\"https:\/\/naturamada.com\/de\/produkt\/getrocknete-hibiskusblueten-50-g\/#primaryimage\",\"url\":\"https:\/\/naturamada.com\/wp-content\/uploads\/2025\/07\/Fleur-hibiscus-50g-Naturamada.jpg\",\"contentUrl\":\"https:\/\/naturamada.com\/wp-content\/uploads\/2025\/07\/Fleur-hibiscus-50g-Naturamada.jpg\",\"width\":2000,\"height\":2000},{\"@type\":\"BreadcrumbList\",\"@id\":\"https:\/\/naturamada.com\/de\/produkt\/getrocknete-hibiskusblueten-50-g\/#breadcrumb\",\"itemListElement\":[{\"@type\":\"ListItem\",\"position\":1,\"name\":\"Startseite\",\"item\":\"https:\/\/naturamada.com\/de\/\"},{\"@type\":\"ListItem\",\"position\":2,\"name\":\"Shop\",\"item\":\"https:\/\/naturamada.com\/de\/shop\/\"},{\"@type\":\"ListItem\",\"position\":3,\"name\":\"Hibiskusbl\u00fcten\"}]},{\"@type\":\"WebSite\",\"@id\":\"https:\/\/naturamada.com\/de\/#website\",\"url\":\"https:\/\/naturamada.com\/de\/\",\"name\":\"Naturamada\",\"description\":\"Epices, Superaliments et Pierres pour le bien-\u00eatre et la cuisine\",\"publisher\":{\"@id\":\"https:\/\/naturamada.com\/de\/#organization\"},\"potentialAction\":[{\"@type\":\"SearchAction\",\"target\":{\"@type\":\"EntryPoint\",\"urlTemplate\":\"https:\/\/naturamada.com\/de\/?s={search_term_string}\"},\"query-input\":{\"@type\":\"PropertyValueSpecification\",\"valueRequired\":true,\"valueName\":\"search_term_string\"}}],\"inLanguage\":\"de\"},{\"@type\":\"Organization\",\"@id\":\"https:\/\/naturamada.com\/de\/#organization\",\"name\":\"Naturamada\",\"url\":\"https:\/\/naturamada.com\/de\/\",\"logo\":{\"@type\":\"ImageObject\",\"inLanguage\":\"de\",\"@id\":\"https:\/\/naturamada.com\/de\/#\/schema\/logo\/image\/\",\"url\":\"https:\/\/naturamada.com\/wp-content\/uploads\/2025\/07\/cropped-Naturamada-10.png\",\"contentUrl\":\"https:\/\/naturamada.com\/wp-content\/uploads\/2025\/07\/cropped-Naturamada-10.png\",\"width\":1366,\"height\":455,\"caption\":\"Naturamada\"},\"image\":{\"@id\":\"https:\/\/naturamada.com\/de\/#\/schema\/logo\/image\/\"},\"sameAs\":[\"https:\/\/www.facebook.com\/Naturamada.shop\/\",\"https:\/\/www.instagram.com\/naturamada.officiel\/\"]}]}<\/script>\n<!-- \/ Yoast SEO plugin. -->","yoast_head_json":{"title":"Getrocknete Hibiskusbl\u00fcten 50 g | Naturamada","description":"Getrocknete Hibiskusbl\u00fcten 50g. F\u00fcr Kr\u00e4utertees, nat\u00fcrliche Getr\u00e4nke, Bissap oder Wellness-K\u00fcche. Fruchtig-s\u00e4uerlicher Geschmack - Naturamada.","robots":{"index":"index","follow":"follow","max-snippet":"max-snippet:-1","max-image-preview":"max-image-preview:large","max-video-preview":"max-video-preview:-1"},"canonical":"https:\/\/naturamada.com\/de\/produkt\/getrocknete-hibiskusblueten-50-g\/","og_locale":"de_DE","og_type":"article","og_title":"Getrocknete Hibiskusbl\u00fcten 50 g | Naturamada","og_description":"Getrocknete Hibiskusbl\u00fcten 50g. F\u00fcr Kr\u00e4utertees, nat\u00fcrliche Getr\u00e4nke, Bissap oder Wellness-K\u00fcche. Fruchtig-s\u00e4uerlicher Geschmack - Naturamada.","og_url":"https:\/\/naturamada.com\/de\/produkt\/getrocknete-hibiskusblueten-50-g\/","og_site_name":"Naturamada","article_publisher":"https:\/\/www.facebook.com\/Naturamada.shop\/","article_modified_time":"2026-03-19T21:52:09+00:00","og_image":[{"width":2000,"height":2000,"url":"https:\/\/naturamada.com\/wp-content\/uploads\/2025\/07\/Fleur-hibiscus-50g-Naturamada.jpg","type":"image\/jpeg"}],"schema":{"@context":"https:\/\/schema.org","@graph":[{"@type":"WebPage","@id":"https:\/\/naturamada.com\/de\/produkt\/getrocknete-hibiskusblueten-50-g\/","url":"https:\/\/naturamada.com\/de\/produkt\/getrocknete-hibiskusblueten-50-g\/","name":"Getrocknete Hibiskusbl\u00fcten 50 g | Naturamada","isPartOf":{"@id":"https:\/\/naturamada.com\/de\/#website"},"primaryImageOfPage":{"@id":"https:\/\/naturamada.com\/de\/produkt\/getrocknete-hibiskusblueten-50-g\/#primaryimage"},"image":{"@id":"https:\/\/naturamada.com\/de\/produkt\/getrocknete-hibiskusblueten-50-g\/#primaryimage"},"thumbnailUrl":"https:\/\/naturamada.com\/wp-content\/uploads\/2025\/07\/Fleur-hibiscus-50g-Naturamada.jpg","datePublished":"2025-07-03T12:42:49+00:00","dateModified":"2026-03-19T21:52:09+00:00","description":"Getrocknete Hibiskusbl\u00fcten 50g. F\u00fcr Kr\u00e4utertees, nat\u00fcrliche Getr\u00e4nke, Bissap oder Wellness-K\u00fcche. Fruchtig-s\u00e4uerlicher Geschmack - Naturamada.","breadcrumb":{"@id":"https:\/\/naturamada.com\/de\/produkt\/getrocknete-hibiskusblueten-50-g\/#breadcrumb"},"inLanguage":"de","potentialAction":[{"@type":"ReadAction","target":["https:\/\/naturamada.com\/de\/produkt\/getrocknete-hibiskusblueten-50-g\/"]}]},{"@type":"ImageObject","inLanguage":"de","@id":"https:\/\/naturamada.com\/de\/produkt\/getrocknete-hibiskusblueten-50-g\/#primaryimage","url":"https:\/\/naturamada.com\/wp-content\/uploads\/2025\/07\/Fleur-hibiscus-50g-Naturamada.jpg","contentUrl":"https:\/\/naturamada.com\/wp-content\/uploads\/2025\/07\/Fleur-hibiscus-50g-Naturamada.jpg","width":2000,"height":2000},{"@type":"BreadcrumbList","@id":"https:\/\/naturamada.com\/de\/produkt\/getrocknete-hibiskusblueten-50-g\/#breadcrumb","itemListElement":[{"@type":"ListItem","position":1,"name":"Startseite","item":"https:\/\/naturamada.com\/de\/"},{"@type":"ListItem","position":2,"name":"Shop","item":"https:\/\/naturamada.com\/de\/shop\/"},{"@type":"ListItem","position":3,"name":"Hibiskusbl\u00fcten"}]},{"@type":"WebSite","@id":"https:\/\/naturamada.com\/de\/#website","url":"https:\/\/naturamada.com\/de\/","name":"Naturamada","description":"Epices, Superaliments et Pierres pour le bien-\u00eatre et la cuisine","publisher":{"@id":"https:\/\/naturamada.com\/de\/#organization"},"potentialAction":[{"@type":"SearchAction","target":{"@type":"EntryPoint","urlTemplate":"https:\/\/naturamada.com\/de\/?s={search_term_string}"},"query-input":{"@type":"PropertyValueSpecification","valueRequired":true,"valueName":"search_term_string"}}],"inLanguage":"de"},{"@type":"Organization","@id":"https:\/\/naturamada.com\/de\/#organization","name":"Naturamada","url":"https:\/\/naturamada.com\/de\/","logo":{"@type":"ImageObject","inLanguage":"de","@id":"https:\/\/naturamada.com\/de\/#\/schema\/logo\/image\/","url":"https:\/\/naturamada.com\/wp-content\/uploads\/2025\/07\/cropped-Naturamada-10.png","contentUrl":"https:\/\/naturamada.com\/wp-content\/uploads\/2025\/07\/cropped-Naturamada-10.png","width":1366,"height":455,"caption":"Naturamada"},"image":{"@id":"https:\/\/naturamada.com\/de\/#\/schema\/logo\/image\/"},"sameAs":["https:\/\/www.facebook.com\/Naturamada.shop\/","https:\/\/www.instagram.com\/naturamada.officiel\/"]}]}},"_links":{"self":[{"href":"https:\/\/naturamada.com\/de\/wp-json\/wp\/v2\/product\/937","targetHints":{"allow":["GET"]}}],"collection":[{"href":"https:\/\/naturamada.com\/de\/wp-json\/wp\/v2\/product"}],"about":[{"href":"https:\/\/naturamada.com\/de\/wp-json\/wp\/v2\/types\/product"}],"wp:featuredmedia":[{"embeddable":true,"href":"https:\/\/naturamada.com\/de\/wp-json\/wp\/v2\/media\/687"}],"wp:attachment":[{"href":"https:\/\/naturamada.com\/de\/wp-json\/wp\/v2\/media?parent=937"}],"wp:term":[{"taxonomy":"product_brand","embeddable":true,"href":"https:\/\/naturamada.com\/de\/wp-json\/wp\/v2\/product_brand?post=937"},{"taxonomy":"product_cat","embeddable":true,"href":"https:\/\/naturamada.com\/de\/wp-json\/wp\/v2\/product_cat?post=937"},{"taxonomy":"product_tag","embeddable":true,"href":"https:\/\/naturamada.com\/de\/wp-json\/wp\/v2\/product_tag?post=937"}],"curies":[{"name":"wp","href":"https:\/\/api.w.org\/{rel}","templated":true}]}}