{"id":932,"date":"2025-07-03T08:11:06","date_gmt":"2025-07-03T08:11:06","guid":{"rendered":"https:\/\/naturamada.com\/produit\/vanille-aus-madagaskar-10-gousses-de-chez-nous-schoten-von-uns\/"},"modified":"2026-04-01T11:50:37","modified_gmt":"2026-04-01T11:50:37","slug":"vanille-aus-madagaskar-10-gousses-de-chez-nous-schoten-von-uns","status":"publish","type":"product","link":"https:\/\/naturamada.com\/de\/produkt\/vanille-aus-madagaskar-10-gousses-de-chez-nous-schoten-von-uns\/","title":{"rendered":"Vanille aus Madagaskar"},"content":{"rendered":"<h3 data-start=\"380\" data-end=\"751\">Bourbon Vanille aus Madagaskar &#8211; reiche &amp; duftende Schoten von Produzenten<\/h3>\n<p data-start=\"380\" data-end=\"751\">Entdecken Sie unsere <strong data-start=\"396\" data-end=\"431\">nat\u00fcrliche Vanille aus Madagaskar<\/strong>, die von unserem Familienland in der Region <strong data-start=\"487\" data-end=\"498\">Sambava<\/strong> stammt, der weltber\u00fchmten Wiege der Vanille. Jede Schote wird von Hand ausgew\u00e4hlt, um ihre <strong data-start=\"660\" data-end=\"686\">au\u00dfergew\u00f6hnliche Qualit\u00e4t<\/strong>, ihren <strong data-start=\"692\" data-end=\"710\">intensiven Duft<\/strong> und ihren <strong data-start=\"717\" data-end=\"750\">nat\u00fcrlichen Vanillingehalt<\/strong> zu gew\u00e4hrleisten. <\/p>\n<p data-start=\"753\" data-end=\"1012\">Diese 10 weichen, fleischigen und gl\u00e4nzenden Schoten sind perfekt, um Ihre <strong data-start=\"833\" data-end=\"852\">hausgemachten Desserts<\/strong>, <strong data-start=\"854\" data-end=\"867\">Kr\u00e4utertees<\/strong>, <strong data-start=\"869\" data-end=\"879\">Cremes<\/strong> oder <strong data-start=\"884\" data-end=\"906\">kreativen Rezepte<\/strong> zu aromatisieren. Ein edles, unverarbeitetes Produkt, das direkt mit unseren Wurzeln und dem<strong data-start=\"981\" data-end=\"1011\">landwirtschaftlichen Erbe der Familie<\/strong> verbunden ist. <\/p>\n<h3 data-start=\"1019\" data-end=\"1043\">Empfohlene Verwendung<\/h3>\n<p data-start=\"1047\" data-end=\"1095\">Desserts: Pudding, Cremes, Kuchen, Geb\u00e4ck<\/p>\n<p data-start=\"1098\" data-end=\"1133\">Kr\u00e4utertees und aromatische Getr\u00e4nke<\/p>\n<p data-start=\"1136\" data-end=\"1180\">Mazerationen (Vanillezucker, arrangierter Rum&#8230;)<\/p>\n<p data-start=\"1183\" data-end=\"1238\">Ideal f\u00fcr die nat\u00fcrliche, pflanzliche oder raffinierte K\u00fcche<\/p>\n<h3 data-start=\"1245\" data-end=\"1272\">  Produktinformationen<\/h3>\n<ul data-start=\"1274\" data-end=\"1485\">\n<li data-start=\"1274\" data-end=\"1323\">\n<p data-start=\"1276\" data-end=\"1323\"><strong data-start=\"1276\" data-end=\"1287\">Herkunft<\/strong>: Sambava, Nordosten von Madagaskar<\/p>\n<\/li>\n<li data-start=\"1324\" data-end=\"1381\">\n<p data-start=\"1326\" data-end=\"1381\"><strong data-start=\"1326\" data-end=\"1338\">Menge<\/strong>: 10 ganze Schoten<\/p>\n<\/li>\n<li data-start=\"1382\" data-end=\"1429\">\n<p data-start=\"1384\" data-end=\"1429\"><strong data-start=\"1384\" data-end=\"1427\">Abgef\u00fcllt in Frankreich  <\/strong><\/p>\n<\/li>\n<li data-start=\"1430\" data-end=\"1485\">\n<p data-start=\"1432\" data-end=\"1485\">100 % nat\u00fcrliches Produkt, ohne Zusatz- oder Konservierungsstoffe<\/p>\n<\/li>\n<\/ul>\n","protected":false},"excerpt":{"rendered":"<p>Bourbon Vanille aus Madagaskar &#8211; reiche &amp; duftende Schoten von Produzenten Entdecken Sie unsere nat\u00fcrliche Vanille aus Madagaskar, die von [&hellip;]<\/p>\n","protected":false},"featured_media":673,"template":"","meta":{"site-sidebar-layout":"default","site-content-layout":"","ast-site-content-layout":"default","site-content-style":"default","site-sidebar-style":"default","ast-global-header-display":"","ast-banner-title-visibility":"","ast-main-header-display":"","ast-hfb-above-header-display":"","ast-hfb-below-header-display":"","ast-hfb-mobile-header-display":"","site-post-title":"","ast-breadcrumbs-content":"","ast-featured-img":"","footer-sml-layout":"","ast-disable-related-posts":"","theme-transparent-header-meta":"default","adv-header-id-meta":"","stick-header-meta":"","header-above-stick-meta":"","header-main-stick-meta":"","header-below-stick-meta":"","astra-migrate-meta-layouts":"default","ast-page-background-enabled":"default","ast-page-background-meta":{"desktop":{"background-color":"var(--ast-global-color-5)","background-image":"","background-repeat":"repeat","background-position":"center center","background-size":"auto","background-attachment":"scroll","background-type":"","background-media":"","overlay-type":"","overlay-color":"","overlay-opacity":"","overlay-gradient":""},"tablet":{"background-color":"","background-image":"","background-repeat":"repeat","background-position":"center center","background-size":"auto","background-attachment":"scroll","background-type":"","background-media":"","overlay-type":"","overlay-color":"","overlay-opacity":"","overlay-gradient":""},"mobile":{"background-color":"","background-image":"","background-repeat":"repeat","background-position":"center center","background-size":"auto","background-attachment":"scroll","background-type":"","background-media":"","overlay-type":"","overlay-color":"","overlay-opacity":"","overlay-gradient":""}},"ast-content-background-meta":{"desktop":{"background-color":"var(--ast-global-color-4)","background-image":"","background-repeat":"repeat","background-position":"center center","background-size":"auto","background-attachment":"scroll","background-type":"","background-media":"","overlay-type":"","overlay-color":"","overlay-opacity":"","overlay-gradient":""},"tablet":{"background-color":"var(--ast-global-color-4)","background-image":"","background-repeat":"repeat","background-position":"center center","background-size":"auto","background-attachment":"scroll","background-type":"","background-media":"","overlay-type":"","overlay-color":"","overlay-opacity":"","overlay-gradient":""},"mobile":{"background-color":"var(--ast-global-color-4)","background-image":"","background-repeat":"repeat","background-position":"center center","background-size":"auto","background-attachment":"scroll","background-type":"","background-media":"","overlay-type":"","overlay-color":"","overlay-opacity":"","overlay-gradient":""}}},"product_brand":[],"product_cat":[2712,397],"product_tag":[],"class_list":{"0":"post-932","1":"product","2":"type-product","3":"status-publish","4":"has-post-thumbnail","6":"product_cat-gewurze","7":"product_cat-gewuerze-superfoods","8":"pa_origine-madagaskar","9":"pa_taille-10-schoten","10":"pa_taille-14-16-cm-de","11":"pa_taille-20-schoten","12":"pa_type-produit-schote","13":"pa_usage-infusion-de","14":"pa_usage-konditorei","15":"pa_usage-kuche","16":"desktop-align-left","17":"tablet-align-left","18":"mobile-align-left","20":"first","21":"instock","22":"taxable","23":"shipping-taxable","24":"purchasable","25":"product-type-variable","26":"has-default-attributes"},"yoast_head":"<!-- This site is optimized with the Yoast SEO plugin v27.5 - https:\/\/yoast.com\/product\/yoast-seo-wordpress\/ -->\n<title>Vanille aus Madagaskar - 10 &quot;Schoten von uns&quot; | Naturamada<\/title>\n<meta name=\"description\" content=\"10 Bourbon-Vanilleschoten aus unserer Familienproduktion in Madagaskar. Intensives Aroma, ideal f\u00fcr Desserts, Kr\u00e4utertees und hausgemachte Zubereitungen.\" \/>\n<meta name=\"robots\" content=\"index, follow, max-snippet:-1, max-image-preview:large, max-video-preview:-1\" \/>\n<link rel=\"canonical\" href=\"https:\/\/naturamada.com\/de\/produkt\/vanille-aus-madagaskar-10-gousses-de-chez-nous-schoten-von-uns\/\" \/>\n<meta property=\"og:locale\" content=\"de_DE\" \/>\n<meta property=\"og:type\" content=\"article\" \/>\n<meta property=\"og:title\" content=\"Vanille aus Madagaskar - 10 &quot;Schoten von uns&quot; | Naturamada\" \/>\n<meta property=\"og:description\" content=\"10 Bourbon-Vanilleschoten aus unserer Familienproduktion in Madagaskar. Intensives Aroma, ideal f\u00fcr Desserts, Kr\u00e4utertees und hausgemachte Zubereitungen.\" \/>\n<meta property=\"og:url\" content=\"https:\/\/naturamada.com\/de\/produkt\/vanille-aus-madagaskar-10-gousses-de-chez-nous-schoten-von-uns\/\" \/>\n<meta property=\"og:site_name\" content=\"Naturamada\" \/>\n<meta property=\"article:publisher\" content=\"https:\/\/www.facebook.com\/Naturamada.shop\/\" \/>\n<meta property=\"article:modified_time\" content=\"2026-04-01T11:50:37+00:00\" \/>\n<meta property=\"og:image\" content=\"https:\/\/naturamada.com\/wp-content\/uploads\/2025\/07\/Vanille-Bourbon-10-gousses-de-chez-Nous-Madagscar.jpg\" \/>\n\t<meta property=\"og:image:width\" content=\"2000\" \/>\n\t<meta property=\"og:image:height\" content=\"2000\" \/>\n\t<meta property=\"og:image:type\" content=\"image\/jpeg\" \/>\n<script type=\"application\/ld+json\" class=\"yoast-schema-graph\">{\"@context\":\"https:\\\/\\\/schema.org\",\"@graph\":[{\"@type\":\"WebPage\",\"@id\":\"https:\\\/\\\/naturamada.com\\\/de\\\/produkt\\\/vanille-aus-madagaskar-10-gousses-de-chez-nous-schoten-von-uns\\\/\",\"url\":\"https:\\\/\\\/naturamada.com\\\/de\\\/produkt\\\/vanille-aus-madagaskar-10-gousses-de-chez-nous-schoten-von-uns\\\/\",\"name\":\"Vanille aus Madagaskar - 10 \\\"Schoten von uns\\\" | Naturamada\",\"isPartOf\":{\"@id\":\"https:\\\/\\\/naturamada.com\\\/de\\\/#website\"},\"primaryImageOfPage\":{\"@id\":\"https:\\\/\\\/naturamada.com\\\/de\\\/produkt\\\/vanille-aus-madagaskar-10-gousses-de-chez-nous-schoten-von-uns\\\/#primaryimage\"},\"image\":{\"@id\":\"https:\\\/\\\/naturamada.com\\\/de\\\/produkt\\\/vanille-aus-madagaskar-10-gousses-de-chez-nous-schoten-von-uns\\\/#primaryimage\"},\"thumbnailUrl\":\"https:\\\/\\\/naturamada.com\\\/wp-content\\\/uploads\\\/2025\\\/07\\\/Vanille-Bourbon-10-gousses-de-chez-Nous-Madagscar.jpg\",\"datePublished\":\"2025-07-03T08:11:06+00:00\",\"dateModified\":\"2026-04-01T11:50:37+00:00\",\"description\":\"10 Bourbon-Vanilleschoten aus unserer Familienproduktion in Madagaskar. Intensives Aroma, ideal f\u00fcr Desserts, Kr\u00e4utertees und hausgemachte Zubereitungen.\",\"breadcrumb\":{\"@id\":\"https:\\\/\\\/naturamada.com\\\/de\\\/produkt\\\/vanille-aus-madagaskar-10-gousses-de-chez-nous-schoten-von-uns\\\/#breadcrumb\"},\"inLanguage\":\"de\",\"potentialAction\":[{\"@type\":\"ReadAction\",\"target\":[\"https:\\\/\\\/naturamada.com\\\/de\\\/produkt\\\/vanille-aus-madagaskar-10-gousses-de-chez-nous-schoten-von-uns\\\/\"]}]},{\"@type\":\"ImageObject\",\"inLanguage\":\"de\",\"@id\":\"https:\\\/\\\/naturamada.com\\\/de\\\/produkt\\\/vanille-aus-madagaskar-10-gousses-de-chez-nous-schoten-von-uns\\\/#primaryimage\",\"url\":\"https:\\\/\\\/naturamada.com\\\/wp-content\\\/uploads\\\/2025\\\/07\\\/Vanille-Bourbon-10-gousses-de-chez-Nous-Madagscar.jpg\",\"contentUrl\":\"https:\\\/\\\/naturamada.com\\\/wp-content\\\/uploads\\\/2025\\\/07\\\/Vanille-Bourbon-10-gousses-de-chez-Nous-Madagscar.jpg\",\"width\":2000,\"height\":2000},{\"@type\":\"BreadcrumbList\",\"@id\":\"https:\\\/\\\/naturamada.com\\\/de\\\/produkt\\\/vanille-aus-madagaskar-10-gousses-de-chez-nous-schoten-von-uns\\\/#breadcrumb\",\"itemListElement\":[{\"@type\":\"ListItem\",\"position\":1,\"name\":\"Startseite\",\"item\":\"https:\\\/\\\/naturamada.com\\\/de\\\/\"},{\"@type\":\"ListItem\",\"position\":2,\"name\":\"Shop\",\"item\":\"https:\\\/\\\/naturamada.com\\\/de\\\/shop\\\/\"},{\"@type\":\"ListItem\",\"position\":3,\"name\":\"Vanille aus Madagaskar\"}]},{\"@type\":\"WebSite\",\"@id\":\"https:\\\/\\\/naturamada.com\\\/de\\\/#website\",\"url\":\"https:\\\/\\\/naturamada.com\\\/de\\\/\",\"name\":\"Naturamada\",\"description\":\"Epices, Superaliments et Pierres pour le bien-\u00eatre et la cuisine\",\"publisher\":{\"@id\":\"https:\\\/\\\/naturamada.com\\\/de\\\/#organization\"},\"potentialAction\":[{\"@type\":\"SearchAction\",\"target\":{\"@type\":\"EntryPoint\",\"urlTemplate\":\"https:\\\/\\\/naturamada.com\\\/de\\\/?s={search_term_string}\"},\"query-input\":{\"@type\":\"PropertyValueSpecification\",\"valueRequired\":true,\"valueName\":\"search_term_string\"}}],\"inLanguage\":\"de\"},{\"@type\":\"Organization\",\"@id\":\"https:\\\/\\\/naturamada.com\\\/de\\\/#organization\",\"name\":\"Naturamada\",\"url\":\"https:\\\/\\\/naturamada.com\\\/de\\\/\",\"logo\":{\"@type\":\"ImageObject\",\"inLanguage\":\"de\",\"@id\":\"https:\\\/\\\/naturamada.com\\\/de\\\/#\\\/schema\\\/logo\\\/image\\\/\",\"url\":\"https:\\\/\\\/naturamada.com\\\/wp-content\\\/uploads\\\/2025\\\/07\\\/cropped-Naturamada-10.png\",\"contentUrl\":\"https:\\\/\\\/naturamada.com\\\/wp-content\\\/uploads\\\/2025\\\/07\\\/cropped-Naturamada-10.png\",\"width\":1366,\"height\":455,\"caption\":\"Naturamada\"},\"image\":{\"@id\":\"https:\\\/\\\/naturamada.com\\\/de\\\/#\\\/schema\\\/logo\\\/image\\\/\"},\"sameAs\":[\"https:\\\/\\\/www.facebook.com\\\/Naturamada.shop\\\/\",\"https:\\\/\\\/www.instagram.com\\\/naturamada.officiel\\\/\"]}]}<\/script>\n<!-- \/ Yoast SEO plugin. -->","yoast_head_json":{"title":"Vanille aus Madagaskar - 10 \"Schoten von uns\" | Naturamada","description":"10 Bourbon-Vanilleschoten aus unserer Familienproduktion in Madagaskar. Intensives Aroma, ideal f\u00fcr Desserts, Kr\u00e4utertees und hausgemachte Zubereitungen.","robots":{"index":"index","follow":"follow","max-snippet":"max-snippet:-1","max-image-preview":"max-image-preview:large","max-video-preview":"max-video-preview:-1"},"canonical":"https:\/\/naturamada.com\/de\/produkt\/vanille-aus-madagaskar-10-gousses-de-chez-nous-schoten-von-uns\/","og_locale":"de_DE","og_type":"article","og_title":"Vanille aus Madagaskar - 10 \"Schoten von uns\" | Naturamada","og_description":"10 Bourbon-Vanilleschoten aus unserer Familienproduktion in Madagaskar. Intensives Aroma, ideal f\u00fcr Desserts, Kr\u00e4utertees und hausgemachte Zubereitungen.","og_url":"https:\/\/naturamada.com\/de\/produkt\/vanille-aus-madagaskar-10-gousses-de-chez-nous-schoten-von-uns\/","og_site_name":"Naturamada","article_publisher":"https:\/\/www.facebook.com\/Naturamada.shop\/","article_modified_time":"2026-04-01T11:50:37+00:00","og_image":[{"width":2000,"height":2000,"url":"https:\/\/naturamada.com\/wp-content\/uploads\/2025\/07\/Vanille-Bourbon-10-gousses-de-chez-Nous-Madagscar.jpg","type":"image\/jpeg"}],"schema":{"@context":"https:\/\/schema.org","@graph":[{"@type":"WebPage","@id":"https:\/\/naturamada.com\/de\/produkt\/vanille-aus-madagaskar-10-gousses-de-chez-nous-schoten-von-uns\/","url":"https:\/\/naturamada.com\/de\/produkt\/vanille-aus-madagaskar-10-gousses-de-chez-nous-schoten-von-uns\/","name":"Vanille aus Madagaskar - 10 \"Schoten von uns\" | Naturamada","isPartOf":{"@id":"https:\/\/naturamada.com\/de\/#website"},"primaryImageOfPage":{"@id":"https:\/\/naturamada.com\/de\/produkt\/vanille-aus-madagaskar-10-gousses-de-chez-nous-schoten-von-uns\/#primaryimage"},"image":{"@id":"https:\/\/naturamada.com\/de\/produkt\/vanille-aus-madagaskar-10-gousses-de-chez-nous-schoten-von-uns\/#primaryimage"},"thumbnailUrl":"https:\/\/naturamada.com\/wp-content\/uploads\/2025\/07\/Vanille-Bourbon-10-gousses-de-chez-Nous-Madagscar.jpg","datePublished":"2025-07-03T08:11:06+00:00","dateModified":"2026-04-01T11:50:37+00:00","description":"10 Bourbon-Vanilleschoten aus unserer Familienproduktion in Madagaskar. Intensives Aroma, ideal f\u00fcr Desserts, Kr\u00e4utertees und hausgemachte Zubereitungen.","breadcrumb":{"@id":"https:\/\/naturamada.com\/de\/produkt\/vanille-aus-madagaskar-10-gousses-de-chez-nous-schoten-von-uns\/#breadcrumb"},"inLanguage":"de","potentialAction":[{"@type":"ReadAction","target":["https:\/\/naturamada.com\/de\/produkt\/vanille-aus-madagaskar-10-gousses-de-chez-nous-schoten-von-uns\/"]}]},{"@type":"ImageObject","inLanguage":"de","@id":"https:\/\/naturamada.com\/de\/produkt\/vanille-aus-madagaskar-10-gousses-de-chez-nous-schoten-von-uns\/#primaryimage","url":"https:\/\/naturamada.com\/wp-content\/uploads\/2025\/07\/Vanille-Bourbon-10-gousses-de-chez-Nous-Madagscar.jpg","contentUrl":"https:\/\/naturamada.com\/wp-content\/uploads\/2025\/07\/Vanille-Bourbon-10-gousses-de-chez-Nous-Madagscar.jpg","width":2000,"height":2000},{"@type":"BreadcrumbList","@id":"https:\/\/naturamada.com\/de\/produkt\/vanille-aus-madagaskar-10-gousses-de-chez-nous-schoten-von-uns\/#breadcrumb","itemListElement":[{"@type":"ListItem","position":1,"name":"Startseite","item":"https:\/\/naturamada.com\/de\/"},{"@type":"ListItem","position":2,"name":"Shop","item":"https:\/\/naturamada.com\/de\/shop\/"},{"@type":"ListItem","position":3,"name":"Vanille aus Madagaskar"}]},{"@type":"WebSite","@id":"https:\/\/naturamada.com\/de\/#website","url":"https:\/\/naturamada.com\/de\/","name":"Naturamada","description":"Epices, Superaliments et Pierres pour le bien-\u00eatre et la cuisine","publisher":{"@id":"https:\/\/naturamada.com\/de\/#organization"},"potentialAction":[{"@type":"SearchAction","target":{"@type":"EntryPoint","urlTemplate":"https:\/\/naturamada.com\/de\/?s={search_term_string}"},"query-input":{"@type":"PropertyValueSpecification","valueRequired":true,"valueName":"search_term_string"}}],"inLanguage":"de"},{"@type":"Organization","@id":"https:\/\/naturamada.com\/de\/#organization","name":"Naturamada","url":"https:\/\/naturamada.com\/de\/","logo":{"@type":"ImageObject","inLanguage":"de","@id":"https:\/\/naturamada.com\/de\/#\/schema\/logo\/image\/","url":"https:\/\/naturamada.com\/wp-content\/uploads\/2025\/07\/cropped-Naturamada-10.png","contentUrl":"https:\/\/naturamada.com\/wp-content\/uploads\/2025\/07\/cropped-Naturamada-10.png","width":1366,"height":455,"caption":"Naturamada"},"image":{"@id":"https:\/\/naturamada.com\/de\/#\/schema\/logo\/image\/"},"sameAs":["https:\/\/www.facebook.com\/Naturamada.shop\/","https:\/\/www.instagram.com\/naturamada.officiel\/"]}]}},"_links":{"self":[{"href":"https:\/\/naturamada.com\/de\/wp-json\/wp\/v2\/product\/932","targetHints":{"allow":["GET"]}}],"collection":[{"href":"https:\/\/naturamada.com\/de\/wp-json\/wp\/v2\/product"}],"about":[{"href":"https:\/\/naturamada.com\/de\/wp-json\/wp\/v2\/types\/product"}],"wp:featuredmedia":[{"embeddable":true,"href":"https:\/\/naturamada.com\/de\/wp-json\/wp\/v2\/media\/673"}],"wp:attachment":[{"href":"https:\/\/naturamada.com\/de\/wp-json\/wp\/v2\/media?parent=932"}],"wp:term":[{"taxonomy":"product_brand","embeddable":true,"href":"https:\/\/naturamada.com\/de\/wp-json\/wp\/v2\/product_brand?post=932"},{"taxonomy":"product_cat","embeddable":true,"href":"https:\/\/naturamada.com\/de\/wp-json\/wp\/v2\/product_cat?post=932"},{"taxonomy":"product_tag","embeddable":true,"href":"https:\/\/naturamada.com\/de\/wp-json\/wp\/v2\/product_tag?post=932"}],"curies":[{"name":"wp","href":"https:\/\/api.w.org\/{rel}","templated":true}]}}