{"id":931,"date":"2025-07-04T22:55:56","date_gmt":"2025-07-04T22:55:56","guid":{"rendered":"https:\/\/naturamada.com\/produit\/currypulver-50-g\/"},"modified":"2026-04-01T11:50:37","modified_gmt":"2026-04-01T11:50:37","slug":"currypulver-50-g","status":"publish","type":"product","link":"https:\/\/naturamada.com\/de\/produkt\/currypulver-50-g\/","title":{"rendered":"Madagaskar-Curry"},"content":{"rendered":"<p data-start=\"586\" data-end=\"840\">Unser Currypulver ist eine harmonische Mischung aus sorgf\u00e4ltig ausgew\u00e4hlten und gemahlenen Gew\u00fcrzen. Diese authentische Mischung mit ihren reichen und ausgewogenen Aromen verleiht Ihren Gerichten eine exotische und warme Note. <\/p>\n<p data-start=\"842\" data-end=\"984\">Ideal zum Verfeinern von Gem\u00fcse, Fleisch, So\u00dfen und Reis, passt perfekt in jede K\u00fcche, von der einfachen bis zur anspruchsvollen.<\/p>\n<hr data-start=\"986\" data-end=\"989\">\n<h3 data-start=\"991\" data-end=\"1013\">Empfohlene Verwendung<\/h3>\n<ul data-start=\"1015\" data-end=\"1222\">\n<li data-start=\"1015\" data-end=\"1074\">\n<p data-start=\"1017\" data-end=\"1074\">Gew\u00fcrze f\u00fcr Curry, Schmorgerichte, So\u00dfen und Reis<\/p>\n<\/li>\n<li data-start=\"1075\" data-end=\"1121\">\n<p data-start=\"1077\" data-end=\"1121\">Perfekt in Marinaden und scharfen Gerichten<\/p>\n<\/li>\n<li data-start=\"1122\" data-end=\"1169\">\n<p data-start=\"1124\" data-end=\"1169\">Aromatische Zugabe in Suppen und Aufl\u00e4ufen<\/p>\n<\/li>\n<li data-start=\"1170\" data-end=\"1222\">\n<p data-start=\"1172\" data-end=\"1222\">Geeignet f\u00fcr traditionelle und kreative Rezepte<\/p>\n<\/li>\n<\/ul>\n<hr data-start=\"1224\" data-end=\"1227\">\n<h3 data-start=\"1229\" data-end=\"1253\">Produktinformationen<\/h3>\n<ul data-start=\"1255\" data-end=\"1502\">\n<li data-start=\"1255\" data-end=\"1351\">\n<p data-start=\"1257\" data-end=\"1351\"><strong data-start=\"1257\" data-end=\"1272\">Zusammensetzung<\/strong>: Mischung ausgew\u00e4hlter Gew\u00fcrze (Kurkuma, Koriander, Kreuzk\u00fcmmel, Bockshornklee usw.).<\/p>\n<\/li>\n<li data-start=\"1352\" data-end=\"1403\">\n<p data-start=\"1354\" data-end=\"1403\"><strong data-start=\"1354\" data-end=\"1365\">Herkunft<\/strong>: Madagaskar<\/p>\n<\/li>\n<li data-start=\"1429\" data-end=\"1463\">\n<p data-start=\"1431\" data-end=\"1463\">Ohne Zusatz- und Konservierungsstoffe<\/p>\n<\/li>\n<li data-start=\"1464\" data-end=\"1502\">\n<p data-start=\"1466\" data-end=\"1502\">Abgef\u00fcllt in Frankreich<\/p>\n<\/li>\n<\/ul>\n","protected":false},"excerpt":{"rendered":"<p>Unser Currypulver ist eine harmonische Mischung aus sorgf\u00e4ltig ausgew\u00e4hlten und gemahlenen Gew\u00fcrzen. Diese authentische Mischung mit ihren reichen und ausgewogenen [&hellip;]<\/p>\n","protected":false},"featured_media":809,"template":"","meta":{"site-sidebar-layout":"default","site-content-layout":"","ast-site-content-layout":"default","site-content-style":"default","site-sidebar-style":"default","ast-global-header-display":"","ast-banner-title-visibility":"","ast-main-header-display":"","ast-hfb-above-header-display":"","ast-hfb-below-header-display":"","ast-hfb-mobile-header-display":"","site-post-title":"","ast-breadcrumbs-content":"","ast-featured-img":"","footer-sml-layout":"","ast-disable-related-posts":"","theme-transparent-header-meta":"default","adv-header-id-meta":"","stick-header-meta":"","header-above-stick-meta":"","header-main-stick-meta":"","header-below-stick-meta":"","astra-migrate-meta-layouts":"default","ast-page-background-enabled":"default","ast-page-background-meta":{"desktop":{"background-color":"var(--ast-global-color-5)","background-image":"","background-repeat":"repeat","background-position":"center center","background-size":"auto","background-attachment":"scroll","background-type":"","background-media":"","overlay-type":"","overlay-color":"","overlay-opacity":"","overlay-gradient":""},"tablet":{"background-color":"","background-image":"","background-repeat":"repeat","background-position":"center center","background-size":"auto","background-attachment":"scroll","background-type":"","background-media":"","overlay-type":"","overlay-color":"","overlay-opacity":"","overlay-gradient":""},"mobile":{"background-color":"","background-image":"","background-repeat":"repeat","background-position":"center center","background-size":"auto","background-attachment":"scroll","background-type":"","background-media":"","overlay-type":"","overlay-color":"","overlay-opacity":"","overlay-gradient":""}},"ast-content-background-meta":{"desktop":{"background-color":"var(--ast-global-color-4)","background-image":"","background-repeat":"repeat","background-position":"center center","background-size":"auto","background-attachment":"scroll","background-type":"","background-media":"","overlay-type":"","overlay-color":"","overlay-opacity":"","overlay-gradient":""},"tablet":{"background-color":"var(--ast-global-color-4)","background-image":"","background-repeat":"repeat","background-position":"center center","background-size":"auto","background-attachment":"scroll","background-type":"","background-media":"","overlay-type":"","overlay-color":"","overlay-opacity":"","overlay-gradient":""},"mobile":{"background-color":"var(--ast-global-color-4)","background-image":"","background-repeat":"repeat","background-position":"center center","background-size":"auto","background-attachment":"scroll","background-type":"","background-media":"","overlay-type":"","overlay-color":"","overlay-opacity":"","overlay-gradient":""}}},"product_brand":[],"product_cat":[2712,397],"product_tag":[],"class_list":{"0":"post-931","1":"product","2":"type-product","3":"status-publish","4":"has-post-thumbnail","6":"product_cat-gewurze","7":"product_cat-gewuerze-superfoods","8":"pa_origine-madagaskar","9":"pa_taille-50-g-de","10":"pa_taille-75-g","11":"pa_type-produit-pulver","12":"pa_usage-kuche","13":"desktop-align-left","14":"tablet-align-left","15":"mobile-align-left","17":"first","18":"instock","19":"taxable","20":"shipping-taxable","21":"purchasable","22":"product-type-variable","23":"has-default-attributes"},"yoast_head":"<!-- This site is optimized with the Yoast SEO plugin v27.2 - https:\/\/yoast.com\/product\/yoast-seo-wordpress\/ -->\n<title>Currypulver 50 g | Naturamada<\/title>\n<meta name=\"description\" content=\"100% nat\u00fcrliche Currypulvermischung, hergestellt nach einem traditionellen indischen und madagassischen Rezept. Duftend und schmackhaft f\u00fcr alle Ihre Rezepte.\" \/>\n<meta name=\"robots\" content=\"index, follow, max-snippet:-1, max-image-preview:large, max-video-preview:-1\" \/>\n<link rel=\"canonical\" href=\"https:\/\/naturamada.com\/de\/produkt\/currypulver-50-g\/\" \/>\n<meta property=\"og:locale\" content=\"de_DE\" \/>\n<meta property=\"og:type\" content=\"article\" \/>\n<meta property=\"og:title\" content=\"Currypulver 50 g | Naturamada\" \/>\n<meta property=\"og:description\" content=\"100% nat\u00fcrliche Currypulvermischung, hergestellt nach einem traditionellen indischen und madagassischen Rezept. Duftend und schmackhaft f\u00fcr alle Ihre Rezepte.\" \/>\n<meta property=\"og:url\" content=\"https:\/\/naturamada.com\/de\/produkt\/currypulver-50-g\/\" \/>\n<meta property=\"og:site_name\" content=\"Naturamada\" \/>\n<meta property=\"article:publisher\" content=\"https:\/\/www.facebook.com\/Naturamada.shop\/\" \/>\n<meta property=\"article:modified_time\" content=\"2026-04-01T11:50:37+00:00\" \/>\n<meta property=\"og:image\" content=\"https:\/\/naturamada.com\/wp-content\/uploads\/2025\/07\/curry-en-poudre-50g-naturamada-2.jpg\" \/>\n\t<meta property=\"og:image:width\" content=\"2000\" \/>\n\t<meta property=\"og:image:height\" content=\"2000\" \/>\n\t<meta property=\"og:image:type\" content=\"image\/jpeg\" \/>\n<script type=\"application\/ld+json\" class=\"yoast-schema-graph\">{\"@context\":\"https:\/\/schema.org\",\"@graph\":[{\"@type\":\"WebPage\",\"@id\":\"https:\/\/naturamada.com\/de\/produkt\/currypulver-50-g\/\",\"url\":\"https:\/\/naturamada.com\/de\/produkt\/currypulver-50-g\/\",\"name\":\"Currypulver 50 g | Naturamada\",\"isPartOf\":{\"@id\":\"https:\/\/naturamada.com\/de\/#website\"},\"primaryImageOfPage\":{\"@id\":\"https:\/\/naturamada.com\/de\/produkt\/currypulver-50-g\/#primaryimage\"},\"image\":{\"@id\":\"https:\/\/naturamada.com\/de\/produkt\/currypulver-50-g\/#primaryimage\"},\"thumbnailUrl\":\"https:\/\/naturamada.com\/wp-content\/uploads\/2025\/07\/curry-en-poudre-50g-naturamada-2.jpg\",\"datePublished\":\"2025-07-04T22:55:56+00:00\",\"dateModified\":\"2026-04-01T11:50:37+00:00\",\"description\":\"100% nat\u00fcrliche Currypulvermischung, hergestellt nach einem traditionellen indischen und madagassischen Rezept. Duftend und schmackhaft f\u00fcr alle Ihre Rezepte.\",\"breadcrumb\":{\"@id\":\"https:\/\/naturamada.com\/de\/produkt\/currypulver-50-g\/#breadcrumb\"},\"inLanguage\":\"de\",\"potentialAction\":[{\"@type\":\"ReadAction\",\"target\":[\"https:\/\/naturamada.com\/de\/produkt\/currypulver-50-g\/\"]}]},{\"@type\":\"ImageObject\",\"inLanguage\":\"de\",\"@id\":\"https:\/\/naturamada.com\/de\/produkt\/currypulver-50-g\/#primaryimage\",\"url\":\"https:\/\/naturamada.com\/wp-content\/uploads\/2025\/07\/curry-en-poudre-50g-naturamada-2.jpg\",\"contentUrl\":\"https:\/\/naturamada.com\/wp-content\/uploads\/2025\/07\/curry-en-poudre-50g-naturamada-2.jpg\",\"width\":2000,\"height\":2000},{\"@type\":\"BreadcrumbList\",\"@id\":\"https:\/\/naturamada.com\/de\/produkt\/currypulver-50-g\/#breadcrumb\",\"itemListElement\":[{\"@type\":\"ListItem\",\"position\":1,\"name\":\"Startseite\",\"item\":\"https:\/\/naturamada.com\/de\/\"},{\"@type\":\"ListItem\",\"position\":2,\"name\":\"Shop\",\"item\":\"https:\/\/naturamada.com\/de\/shop\/\"},{\"@type\":\"ListItem\",\"position\":3,\"name\":\"Madagaskar-Curry\"}]},{\"@type\":\"WebSite\",\"@id\":\"https:\/\/naturamada.com\/de\/#website\",\"url\":\"https:\/\/naturamada.com\/de\/\",\"name\":\"Naturamada\",\"description\":\"Epices, Superaliments et Pierres pour le bien-\u00eatre et la cuisine\",\"publisher\":{\"@id\":\"https:\/\/naturamada.com\/de\/#organization\"},\"potentialAction\":[{\"@type\":\"SearchAction\",\"target\":{\"@type\":\"EntryPoint\",\"urlTemplate\":\"https:\/\/naturamada.com\/de\/?s={search_term_string}\"},\"query-input\":{\"@type\":\"PropertyValueSpecification\",\"valueRequired\":true,\"valueName\":\"search_term_string\"}}],\"inLanguage\":\"de\"},{\"@type\":\"Organization\",\"@id\":\"https:\/\/naturamada.com\/de\/#organization\",\"name\":\"Naturamada\",\"url\":\"https:\/\/naturamada.com\/de\/\",\"logo\":{\"@type\":\"ImageObject\",\"inLanguage\":\"de\",\"@id\":\"https:\/\/naturamada.com\/de\/#\/schema\/logo\/image\/\",\"url\":\"https:\/\/naturamada.com\/wp-content\/uploads\/2025\/07\/cropped-Naturamada-10.png\",\"contentUrl\":\"https:\/\/naturamada.com\/wp-content\/uploads\/2025\/07\/cropped-Naturamada-10.png\",\"width\":1366,\"height\":455,\"caption\":\"Naturamada\"},\"image\":{\"@id\":\"https:\/\/naturamada.com\/de\/#\/schema\/logo\/image\/\"},\"sameAs\":[\"https:\/\/www.facebook.com\/Naturamada.shop\/\",\"https:\/\/www.instagram.com\/naturamada.officiel\/\"]}]}<\/script>\n<!-- \/ Yoast SEO plugin. -->","yoast_head_json":{"title":"Currypulver 50 g | Naturamada","description":"100% nat\u00fcrliche Currypulvermischung, hergestellt nach einem traditionellen indischen und madagassischen Rezept. Duftend und schmackhaft f\u00fcr alle Ihre Rezepte.","robots":{"index":"index","follow":"follow","max-snippet":"max-snippet:-1","max-image-preview":"max-image-preview:large","max-video-preview":"max-video-preview:-1"},"canonical":"https:\/\/naturamada.com\/de\/produkt\/currypulver-50-g\/","og_locale":"de_DE","og_type":"article","og_title":"Currypulver 50 g | Naturamada","og_description":"100% nat\u00fcrliche Currypulvermischung, hergestellt nach einem traditionellen indischen und madagassischen Rezept. Duftend und schmackhaft f\u00fcr alle Ihre Rezepte.","og_url":"https:\/\/naturamada.com\/de\/produkt\/currypulver-50-g\/","og_site_name":"Naturamada","article_publisher":"https:\/\/www.facebook.com\/Naturamada.shop\/","article_modified_time":"2026-04-01T11:50:37+00:00","og_image":[{"width":2000,"height":2000,"url":"https:\/\/naturamada.com\/wp-content\/uploads\/2025\/07\/curry-en-poudre-50g-naturamada-2.jpg","type":"image\/jpeg"}],"schema":{"@context":"https:\/\/schema.org","@graph":[{"@type":"WebPage","@id":"https:\/\/naturamada.com\/de\/produkt\/currypulver-50-g\/","url":"https:\/\/naturamada.com\/de\/produkt\/currypulver-50-g\/","name":"Currypulver 50 g | Naturamada","isPartOf":{"@id":"https:\/\/naturamada.com\/de\/#website"},"primaryImageOfPage":{"@id":"https:\/\/naturamada.com\/de\/produkt\/currypulver-50-g\/#primaryimage"},"image":{"@id":"https:\/\/naturamada.com\/de\/produkt\/currypulver-50-g\/#primaryimage"},"thumbnailUrl":"https:\/\/naturamada.com\/wp-content\/uploads\/2025\/07\/curry-en-poudre-50g-naturamada-2.jpg","datePublished":"2025-07-04T22:55:56+00:00","dateModified":"2026-04-01T11:50:37+00:00","description":"100% nat\u00fcrliche Currypulvermischung, hergestellt nach einem traditionellen indischen und madagassischen Rezept. Duftend und schmackhaft f\u00fcr alle Ihre Rezepte.","breadcrumb":{"@id":"https:\/\/naturamada.com\/de\/produkt\/currypulver-50-g\/#breadcrumb"},"inLanguage":"de","potentialAction":[{"@type":"ReadAction","target":["https:\/\/naturamada.com\/de\/produkt\/currypulver-50-g\/"]}]},{"@type":"ImageObject","inLanguage":"de","@id":"https:\/\/naturamada.com\/de\/produkt\/currypulver-50-g\/#primaryimage","url":"https:\/\/naturamada.com\/wp-content\/uploads\/2025\/07\/curry-en-poudre-50g-naturamada-2.jpg","contentUrl":"https:\/\/naturamada.com\/wp-content\/uploads\/2025\/07\/curry-en-poudre-50g-naturamada-2.jpg","width":2000,"height":2000},{"@type":"BreadcrumbList","@id":"https:\/\/naturamada.com\/de\/produkt\/currypulver-50-g\/#breadcrumb","itemListElement":[{"@type":"ListItem","position":1,"name":"Startseite","item":"https:\/\/naturamada.com\/de\/"},{"@type":"ListItem","position":2,"name":"Shop","item":"https:\/\/naturamada.com\/de\/shop\/"},{"@type":"ListItem","position":3,"name":"Madagaskar-Curry"}]},{"@type":"WebSite","@id":"https:\/\/naturamada.com\/de\/#website","url":"https:\/\/naturamada.com\/de\/","name":"Naturamada","description":"Epices, Superaliments et Pierres pour le bien-\u00eatre et la cuisine","publisher":{"@id":"https:\/\/naturamada.com\/de\/#organization"},"potentialAction":[{"@type":"SearchAction","target":{"@type":"EntryPoint","urlTemplate":"https:\/\/naturamada.com\/de\/?s={search_term_string}"},"query-input":{"@type":"PropertyValueSpecification","valueRequired":true,"valueName":"search_term_string"}}],"inLanguage":"de"},{"@type":"Organization","@id":"https:\/\/naturamada.com\/de\/#organization","name":"Naturamada","url":"https:\/\/naturamada.com\/de\/","logo":{"@type":"ImageObject","inLanguage":"de","@id":"https:\/\/naturamada.com\/de\/#\/schema\/logo\/image\/","url":"https:\/\/naturamada.com\/wp-content\/uploads\/2025\/07\/cropped-Naturamada-10.png","contentUrl":"https:\/\/naturamada.com\/wp-content\/uploads\/2025\/07\/cropped-Naturamada-10.png","width":1366,"height":455,"caption":"Naturamada"},"image":{"@id":"https:\/\/naturamada.com\/de\/#\/schema\/logo\/image\/"},"sameAs":["https:\/\/www.facebook.com\/Naturamada.shop\/","https:\/\/www.instagram.com\/naturamada.officiel\/"]}]}},"_links":{"self":[{"href":"https:\/\/naturamada.com\/de\/wp-json\/wp\/v2\/product\/931","targetHints":{"allow":["GET"]}}],"collection":[{"href":"https:\/\/naturamada.com\/de\/wp-json\/wp\/v2\/product"}],"about":[{"href":"https:\/\/naturamada.com\/de\/wp-json\/wp\/v2\/types\/product"}],"wp:featuredmedia":[{"embeddable":true,"href":"https:\/\/naturamada.com\/de\/wp-json\/wp\/v2\/media\/809"}],"wp:attachment":[{"href":"https:\/\/naturamada.com\/de\/wp-json\/wp\/v2\/media?parent=931"}],"wp:term":[{"taxonomy":"product_brand","embeddable":true,"href":"https:\/\/naturamada.com\/de\/wp-json\/wp\/v2\/product_brand?post=931"},{"taxonomy":"product_cat","embeddable":true,"href":"https:\/\/naturamada.com\/de\/wp-json\/wp\/v2\/product_cat?post=931"},{"taxonomy":"product_tag","embeddable":true,"href":"https:\/\/naturamada.com\/de\/wp-json\/wp\/v2\/product_tag?post=931"}],"curies":[{"name":"wp","href":"https:\/\/api.w.org\/{rel}","templated":true}]}}