{"id":1440,"date":"2025-07-05T12:45:21","date_gmt":"2025-07-05T12:45:21","guid":{"rendered":"https:\/\/naturamada.com\/produit\/gewuerznelke-50-g\/"},"modified":"2026-03-17T19:18:16","modified_gmt":"2026-03-17T19:18:16","slug":"gewuerznelke-50-g","status":"publish","type":"product","link":"https:\/\/naturamada.com\/de\/produkt\/gewuerznelke-50-g\/","title":{"rendered":"Gew\u00fcrznelke"},"content":{"rendered":"<h1 data-start=\"245\" data-end=\"300\"><strong data-start=\"245\" data-end=\"298\">Naturamada Gew\u00fcrznelken &#8211; Syzygium aromaticum<\/strong><\/h1>\n<p data-start=\"302\" data-end=\"724\">Der Gew\u00fcrznelkenbaum ist ein tropischer Baum, der urspr\u00fcnglich von den Molukken stammt und heute in Madagaskar weitgehend kultiviert wird, wo er f\u00fcr die au\u00dfergew\u00f6hnliche Qualit\u00e4t seiner Gew\u00fcrze bekannt ist. Die Bl\u00fctenknospen werden in der <strong>\u00f6stlichen Region von Madagaskar<\/strong> (Toamasina und Sambava) von Hand geerntet und auf <strong>nat\u00fcrliche Weise getrocknet<\/strong>, um zu <strong>Gew\u00fcrznelken<\/strong> zu werden. Dieses Gew\u00fcrz zeichnet sich durch seinen <strong>warmen<\/strong>, <strong>w\u00fcrzigen<\/strong> und <strong>leicht s\u00fc\u00dflichen<\/strong> <strong>Duft<\/strong> aus, der sich ideal zum Verfeinern von Speisen und Getr\u00e4nken sowie f\u00fcr moderne <strong>Wellnessrituale<\/strong> eignet.  <\/p>\n<h2 data-start=\"726\" data-end=\"1244\">Warum sollten Sie Gew\u00fcrznelken w\u00e4hlen?<\/h2>\n<p data-start=\"726\" data-end=\"1244\">Wenn sie im Ganzen verwendet werden, sind sie Teil einer R\u00fcckbesinnung auf <strong>rohe Gew\u00fcrze<\/strong> und <strong>authentische Rezepte<\/strong>. Ihr intensiver Duft verwandelt ein Gericht, ein Getr\u00e4nk oder eine s\u00fc\u00dfe Zubereitung sofort und verleiht ihnen eine <strong>warme Note<\/strong>. <\/p>\n<h2 data-start=\"1246\" data-end=\"1289\">Wie man Gew\u00fcrznelken verwendet<\/h2>\n<ul data-start=\"1290\" data-end=\"1779\">\n<li data-start=\"1290\" data-end=\"1402\">\n<p data-start=\"1292\" data-end=\"1402\"><strong data-start=\"1292\" data-end=\"1312\">In der herzhaften K\u00fcche<\/strong>: Currys, Eint\u00f6pfe, hausgemachte So\u00dfen, Dal, Suppen, Marinaden f\u00fcr Tofu, Tempeh oder Fleisch.<\/p>\n<\/li>\n<li data-start=\"1403\" data-end=\"1516\">\n<p data-start=\"1405\" data-end=\"1516\"><strong data-start=\"1405\" data-end=\"1426\">In der s\u00fc\u00dfen K\u00fcche<\/strong>: Kompotte, Streuselkuchen, Granola, Lebkuchen, &#8222;Comfort Food&#8220;-Desserts, Bananenbrot.<\/p>\n<\/li>\n<li data-start=\"1517\" data-end=\"1639\">\n<p data-start=\"1519\" data-end=\"1639\"><strong data-start=\"1850\" data-end=\"1868\">Fusionsk\u00fcche<\/strong>: hausgemachte Br\u00fchen f\u00fcr Ramen oder Pho, Wok, hausgemachte So\u00dfen.<\/p>\n<\/li>\n<li data-start=\"1640\" data-end=\"1779\">\n<p data-start=\"1642\" data-end=\"1779\"><strong data-start=\"1642\" data-end=\"1660\">DIY &amp; Ambiente<\/strong>: gehackte Orangen, Potpourris, Dufts\u00e4ckchen f\u00fcr Schr\u00e4nke und Schubladen, \u00d6lmazerate zur Parf\u00fcmierung von Massage\u00f6len.<\/p>\n<\/li>\n<\/ul>\n<h2>Aufguss und Getr\u00e4nk aus Gew\u00fcrznelken<\/h2>\n<p data-start=\"1930\" data-end=\"2082\">Au\u00dfer in der K\u00fcche werden Gew\u00fcrznelken traditionell als Tee und Dekokt verwendet. Gew\u00fcrznelken sind sehr beliebt in<strong> winterlichen<\/strong> Kr\u00e4utertees, <strong>Chai Latte<\/strong>, <strong>Gl\u00fchwein<\/strong> oder <strong>hei\u00dfem Apfelwein<\/strong>, sie verleihen einen warmen und beruhigenden Duft. In j\u00fcngerer Zeit hat sich das<strong>Nelkenwasser<\/strong> in den <strong>hausgemachten Trendgetr\u00e4nken<\/strong> durchgesetzt: Abendtee, in der Flasche mit Zitrone oder <a href=\"https:\/\/naturamada.com\/produit\/poudre-de-gingembre-50-g\/\"><em>Ingwer<\/em><\/a>Es gibt auch alkoholfreie <strong>Mocktails<\/strong> und <strong>Wellness-Rituale<\/strong>.  <\/p>\n<h2 data-start=\"1781\" data-end=\"2056\">Produktinformationen<\/h2>\n<p data-start=\"1781\" data-end=\"2056\"><strong>Botanischer Name:<\/strong> Syzygium aromaticum<br data-start=\"1843\" data-end=\"1846\"><strong>Herkunft:<\/strong> Region Ost-Madagaskar, Ost-Region<br data-start=\"1885\" data-end=\"1888\"><strong>Form:<\/strong> ganze N\u00e4gel, nat\u00fcrlich getrocknet<br data-start=\"2004\" data-end=\"2007\">Abgef\u00fcllt in Frankreich<\/p>\n<h2 data-start=\"3199\" data-end=\"3227\">FAQ &#8211; Gew\u00fcrznelken<\/h2>\n<p data-start=\"3229\" data-end=\"3515\"><strong data-start=\"3229\" data-end=\"3281\">Wie schmecken Gew\u00fcrznelken als Tee?<\/strong><br data-start=\"3281\" data-end=\"3284\">Gew\u00fcrznelken bieten einen warmen, leicht s\u00fc\u00dfen und w\u00fcrzigen Aufguss mit holzigen und aromatischen Noten. Ihr kr\u00e4ftiges Aroma l\u00e4sst sich gut mit anderen Gew\u00fcrzen wie <a href=\"https:\/\/naturamada.com\/produit\/poudre-de-cannelle-50-g\/\"><em>Zimt<\/em><\/a><em>Ingwer<\/em> oder Kardamom. <\/p>\n<p data-start=\"3517\" data-end=\"3935\"><strong data-start=\"3517\" data-end=\"3572\">Wie bereite ich einen Tee aus Gew\u00fcrznelken zu?<\/strong><br data-start=\"3572\" data-end=\"3575\">Verwenden Sie 1 bis 2 N\u00e4gel f\u00fcr eine Tasse hei\u00dfes Wasser (250 ml). \u00dcbergie\u00dfen Sie die N\u00e4gel mit k\u00f6chelndem Wasser und lassen Sie sie 5 bis 7 Minuten ziehen. <\/p>\n<p data-start=\"4199\" data-end=\"4416\"><strong data-start=\"4199\" data-end=\"4270\">Sind die Gew\u00fcrznelken nat\u00fcrlich und handwerklich geerntet?<\/strong><br data-start=\"4270\" data-end=\"4273\">Ja, die Nelken sind 100% nat\u00fcrlich und werden in der <strong>\u00f6stlichen Region von Madagaskar<\/strong> (Toamasina und Sambava) direkt bei den lokalen Produzenten geerntet und nat\u00fcrlich getrocknet, um ihren Duft und ihre aromatische Intensit\u00e4t zu bewahren. <\/p>\n<p data-start=\"4418\" data-end=\"4687\"><strong data-start=\"4418\" data-end=\"4462\">Wie sollte man Gew\u00fcrznelken aufbewahren?<\/strong><br data-start=\"4462\" data-end=\"4465\">Bewahren Sie sie an einem trockenen, dunklen und vor Feuchtigkeit gesch\u00fctzten Ort auf, idealerweise in einem luftdichten Beutel oder einem verschlossenen Glas.<\/p>\n","protected":false},"excerpt":{"rendered":"<p><strong data-start=\"136\" data-end=\"149\">Herkunft:<\/strong> Handgepfl\u00fcckte Gew\u00fcrznelken aus Madagaskar (Region Ost).<br data-start=\"199\" data-end=\"202\"><strong data-start=\"202\" data-end=\"219\">Zusammensetzung:<\/strong> 100 % nat\u00fcrlich &#8211; nat\u00fcrlich getrocknete Bl\u00fctenknospen.<br data-start=\"273\" data-end=\"276\"><strong data-start=\"276\" data-end=\"293\" data-is-only-node=\"\">Verwendung:<\/strong> Ideal f\u00fcr Kr\u00e4utertee, Wellness-Tee, Desserts, Geb\u00e4ck, Schmorgerichte, Marinaden und w\u00fcrzige Getr\u00e4nke.<br data-start=\"399\" data-end=\"402\"><strong data-start=\"402\" data-end=\"413\">Aro<\/strong> ma<strong data-start=\"402\" data-end=\"413\">:<\/strong> Kr\u00e4ftiger, warmer, w\u00fcrziger Duft mit holzigen und leicht s\u00fc\u00dflichen Noten.<\/p>\n","protected":false},"featured_media":3686,"template":"","meta":{"site-sidebar-layout":"default","site-content-layout":"","ast-site-content-layout":"default","site-content-style":"default","site-sidebar-style":"default","ast-global-header-display":"","ast-banner-title-visibility":"","ast-main-header-display":"","ast-hfb-above-header-display":"","ast-hfb-below-header-display":"","ast-hfb-mobile-header-display":"","site-post-title":"","ast-breadcrumbs-content":"","ast-featured-img":"","footer-sml-layout":"","ast-disable-related-posts":"","theme-transparent-header-meta":"default","adv-header-id-meta":"","stick-header-meta":"","header-above-stick-meta":"","header-main-stick-meta":"","header-below-stick-meta":"","astra-migrate-meta-layouts":"default","ast-page-background-enabled":"default","ast-page-background-meta":{"desktop":{"background-color":"var(--ast-global-color-5)","background-image":"","background-repeat":"repeat","background-position":"center center","background-size":"auto","background-attachment":"scroll","background-type":"","background-media":"","overlay-type":"","overlay-color":"","overlay-opacity":"","overlay-gradient":""},"tablet":{"background-color":"","background-image":"","background-repeat":"repeat","background-position":"center center","background-size":"auto","background-attachment":"scroll","background-type":"","background-media":"","overlay-type":"","overlay-color":"","overlay-opacity":"","overlay-gradient":""},"mobile":{"background-color":"","background-image":"","background-repeat":"repeat","background-position":"center center","background-size":"auto","background-attachment":"scroll","background-type":"","background-media":"","overlay-type":"","overlay-color":"","overlay-opacity":"","overlay-gradient":""}},"ast-content-background-meta":{"desktop":{"background-color":"var(--ast-global-color-4)","background-image":"","background-repeat":"repeat","background-position":"center center","background-size":"auto","background-attachment":"scroll","background-type":"","background-media":"","overlay-type":"","overlay-color":"","overlay-opacity":"","overlay-gradient":""},"tablet":{"background-color":"var(--ast-global-color-4)","background-image":"","background-repeat":"repeat","background-position":"center center","background-size":"auto","background-attachment":"scroll","background-type":"","background-media":"","overlay-type":"","overlay-color":"","overlay-opacity":"","overlay-gradient":""},"mobile":{"background-color":"var(--ast-global-color-4)","background-image":"","background-repeat":"repeat","background-position":"center center","background-size":"auto","background-attachment":"scroll","background-type":"","background-media":"","overlay-type":"","overlay-color":"","overlay-opacity":"","overlay-gradient":""}}},"product_brand":[],"product_cat":[2712,397,2687],"product_tag":[],"class_list":{"0":"post-1440","1":"product","2":"type-product","3":"status-publish","4":"has-post-thumbnail","6":"product_cat-gewurze","7":"product_cat-gewuerze-superfoods","8":"product_cat-superfoods","9":"pa_origine-madagaskar","10":"pa_taille-25-g-de","11":"pa_taille-50-g-de","12":"pa_taille-75-g","13":"pa_type-produit-korner","14":"pa_usage-infusion-de","15":"pa_usage-kuche","16":"pa_usage-wohlbefinden","17":"desktop-align-left","18":"tablet-align-left","19":"mobile-align-left","21":"first","22":"instock","23":"taxable","24":"shipping-taxable","25":"purchasable","26":"product-type-variable","27":"has-default-attributes"},"yoast_head":"<!-- This site is optimized with the Yoast SEO plugin v27.2 - https:\/\/yoast.com\/product\/yoast-seo-wordpress\/ -->\n<title>Gew\u00fcrznelke 50g - Aromatisches &amp; kr\u00e4ftiges Gew\u00fcrz | Naturamada<\/title>\n<meta name=\"description\" content=\"Ganze Gew\u00fcrznelken, handgepfl\u00fcckt in Madagaskar. Intensiver Geschmack und warmer Duft, ideal f\u00fcr Wellness- und Kochtees - Naturamada.\" \/>\n<meta name=\"robots\" content=\"index, follow, max-snippet:-1, max-image-preview:large, max-video-preview:-1\" \/>\n<link rel=\"canonical\" href=\"https:\/\/naturamada.com\/de\/produkt\/gewuerznelke-50-g\/\" \/>\n<meta property=\"og:locale\" content=\"de_DE\" \/>\n<meta property=\"og:type\" content=\"article\" \/>\n<meta property=\"og:title\" content=\"Gew\u00fcrznelke 50g - Aromatisches &amp; kr\u00e4ftiges Gew\u00fcrz | Naturamada\" \/>\n<meta property=\"og:description\" content=\"Ganze Gew\u00fcrznelken, handgepfl\u00fcckt in Madagaskar. Intensiver Geschmack und warmer Duft, ideal f\u00fcr Wellness- und Kochtees - Naturamada.\" \/>\n<meta property=\"og:url\" content=\"https:\/\/naturamada.com\/de\/produkt\/gewuerznelke-50-g\/\" \/>\n<meta property=\"og:site_name\" content=\"Naturamada\" \/>\n<meta property=\"article:publisher\" content=\"https:\/\/www.facebook.com\/Naturamada.shop\/\" \/>\n<meta property=\"article:modified_time\" content=\"2026-03-17T19:18:16+00:00\" \/>\n<meta property=\"og:image\" content=\"https:\/\/naturamada.com\/wp-content\/uploads\/2025\/07\/clou-de-girofle-50g-naturamada-2.webp\" \/>\n\t<meta property=\"og:image:width\" content=\"2000\" \/>\n\t<meta property=\"og:image:height\" content=\"2000\" \/>\n\t<meta property=\"og:image:type\" content=\"image\/webp\" \/>\n<script type=\"application\/ld+json\" class=\"yoast-schema-graph\">{\"@context\":\"https:\/\/schema.org\",\"@graph\":[{\"@type\":\"WebPage\",\"@id\":\"https:\/\/naturamada.com\/de\/produkt\/gewuerznelke-50-g\/\",\"url\":\"https:\/\/naturamada.com\/de\/produkt\/gewuerznelke-50-g\/\",\"name\":\"Gew\u00fcrznelke 50g - Aromatisches & kr\u00e4ftiges Gew\u00fcrz | Naturamada\",\"isPartOf\":{\"@id\":\"https:\/\/naturamada.com\/de\/#website\"},\"primaryImageOfPage\":{\"@id\":\"https:\/\/naturamada.com\/de\/produkt\/gewuerznelke-50-g\/#primaryimage\"},\"image\":{\"@id\":\"https:\/\/naturamada.com\/de\/produkt\/gewuerznelke-50-g\/#primaryimage\"},\"thumbnailUrl\":\"https:\/\/naturamada.com\/wp-content\/uploads\/2025\/07\/clou-de-girofle-50g-naturamada-2.webp\",\"datePublished\":\"2025-07-05T12:45:21+00:00\",\"dateModified\":\"2026-03-17T19:18:16+00:00\",\"description\":\"Ganze Gew\u00fcrznelken, handgepfl\u00fcckt in Madagaskar. Intensiver Geschmack und warmer Duft, ideal f\u00fcr Wellness- und Kochtees - Naturamada.\",\"breadcrumb\":{\"@id\":\"https:\/\/naturamada.com\/de\/produkt\/gewuerznelke-50-g\/#breadcrumb\"},\"inLanguage\":\"de\",\"potentialAction\":[{\"@type\":\"ReadAction\",\"target\":[\"https:\/\/naturamada.com\/de\/produkt\/gewuerznelke-50-g\/\"]}]},{\"@type\":\"ImageObject\",\"inLanguage\":\"de\",\"@id\":\"https:\/\/naturamada.com\/de\/produkt\/gewuerznelke-50-g\/#primaryimage\",\"url\":\"https:\/\/naturamada.com\/wp-content\/uploads\/2025\/07\/clou-de-girofle-50g-naturamada-2.webp\",\"contentUrl\":\"https:\/\/naturamada.com\/wp-content\/uploads\/2025\/07\/clou-de-girofle-50g-naturamada-2.webp\",\"width\":2000,\"height\":2000,\"caption\":\"nelken aus madagaskar\"},{\"@type\":\"BreadcrumbList\",\"@id\":\"https:\/\/naturamada.com\/de\/produkt\/gewuerznelke-50-g\/#breadcrumb\",\"itemListElement\":[{\"@type\":\"ListItem\",\"position\":1,\"name\":\"Startseite\",\"item\":\"https:\/\/naturamada.com\/de\/\"},{\"@type\":\"ListItem\",\"position\":2,\"name\":\"Shop\",\"item\":\"https:\/\/naturamada.com\/de\/shop\/\"},{\"@type\":\"ListItem\",\"position\":3,\"name\":\"Gew\u00fcrznelke\"}]},{\"@type\":\"WebSite\",\"@id\":\"https:\/\/naturamada.com\/de\/#website\",\"url\":\"https:\/\/naturamada.com\/de\/\",\"name\":\"Naturamada\",\"description\":\"Epices, Superaliments et Pierres pour le bien-\u00eatre et la cuisine\",\"publisher\":{\"@id\":\"https:\/\/naturamada.com\/de\/#organization\"},\"potentialAction\":[{\"@type\":\"SearchAction\",\"target\":{\"@type\":\"EntryPoint\",\"urlTemplate\":\"https:\/\/naturamada.com\/de\/?s={search_term_string}\"},\"query-input\":{\"@type\":\"PropertyValueSpecification\",\"valueRequired\":true,\"valueName\":\"search_term_string\"}}],\"inLanguage\":\"de\"},{\"@type\":\"Organization\",\"@id\":\"https:\/\/naturamada.com\/de\/#organization\",\"name\":\"Naturamada\",\"url\":\"https:\/\/naturamada.com\/de\/\",\"logo\":{\"@type\":\"ImageObject\",\"inLanguage\":\"de\",\"@id\":\"https:\/\/naturamada.com\/de\/#\/schema\/logo\/image\/\",\"url\":\"https:\/\/naturamada.com\/wp-content\/uploads\/2025\/07\/cropped-Naturamada-10.png\",\"contentUrl\":\"https:\/\/naturamada.com\/wp-content\/uploads\/2025\/07\/cropped-Naturamada-10.png\",\"width\":1366,\"height\":455,\"caption\":\"Naturamada\"},\"image\":{\"@id\":\"https:\/\/naturamada.com\/de\/#\/schema\/logo\/image\/\"},\"sameAs\":[\"https:\/\/www.facebook.com\/Naturamada.shop\/\",\"https:\/\/www.instagram.com\/naturamada.officiel\/\"]}]}<\/script>\n<!-- \/ Yoast SEO plugin. -->","yoast_head_json":{"title":"Gew\u00fcrznelke 50g - Aromatisches & kr\u00e4ftiges Gew\u00fcrz | Naturamada","description":"Ganze Gew\u00fcrznelken, handgepfl\u00fcckt in Madagaskar. Intensiver Geschmack und warmer Duft, ideal f\u00fcr Wellness- und Kochtees - Naturamada.","robots":{"index":"index","follow":"follow","max-snippet":"max-snippet:-1","max-image-preview":"max-image-preview:large","max-video-preview":"max-video-preview:-1"},"canonical":"https:\/\/naturamada.com\/de\/produkt\/gewuerznelke-50-g\/","og_locale":"de_DE","og_type":"article","og_title":"Gew\u00fcrznelke 50g - Aromatisches & kr\u00e4ftiges Gew\u00fcrz | Naturamada","og_description":"Ganze Gew\u00fcrznelken, handgepfl\u00fcckt in Madagaskar. Intensiver Geschmack und warmer Duft, ideal f\u00fcr Wellness- und Kochtees - Naturamada.","og_url":"https:\/\/naturamada.com\/de\/produkt\/gewuerznelke-50-g\/","og_site_name":"Naturamada","article_publisher":"https:\/\/www.facebook.com\/Naturamada.shop\/","article_modified_time":"2026-03-17T19:18:16+00:00","og_image":[{"width":2000,"height":2000,"url":"https:\/\/naturamada.com\/wp-content\/uploads\/2025\/07\/clou-de-girofle-50g-naturamada-2.webp","type":"image\/webp"}],"schema":{"@context":"https:\/\/schema.org","@graph":[{"@type":"WebPage","@id":"https:\/\/naturamada.com\/de\/produkt\/gewuerznelke-50-g\/","url":"https:\/\/naturamada.com\/de\/produkt\/gewuerznelke-50-g\/","name":"Gew\u00fcrznelke 50g - Aromatisches & kr\u00e4ftiges Gew\u00fcrz | Naturamada","isPartOf":{"@id":"https:\/\/naturamada.com\/de\/#website"},"primaryImageOfPage":{"@id":"https:\/\/naturamada.com\/de\/produkt\/gewuerznelke-50-g\/#primaryimage"},"image":{"@id":"https:\/\/naturamada.com\/de\/produkt\/gewuerznelke-50-g\/#primaryimage"},"thumbnailUrl":"https:\/\/naturamada.com\/wp-content\/uploads\/2025\/07\/clou-de-girofle-50g-naturamada-2.webp","datePublished":"2025-07-05T12:45:21+00:00","dateModified":"2026-03-17T19:18:16+00:00","description":"Ganze Gew\u00fcrznelken, handgepfl\u00fcckt in Madagaskar. Intensiver Geschmack und warmer Duft, ideal f\u00fcr Wellness- und Kochtees - Naturamada.","breadcrumb":{"@id":"https:\/\/naturamada.com\/de\/produkt\/gewuerznelke-50-g\/#breadcrumb"},"inLanguage":"de","potentialAction":[{"@type":"ReadAction","target":["https:\/\/naturamada.com\/de\/produkt\/gewuerznelke-50-g\/"]}]},{"@type":"ImageObject","inLanguage":"de","@id":"https:\/\/naturamada.com\/de\/produkt\/gewuerznelke-50-g\/#primaryimage","url":"https:\/\/naturamada.com\/wp-content\/uploads\/2025\/07\/clou-de-girofle-50g-naturamada-2.webp","contentUrl":"https:\/\/naturamada.com\/wp-content\/uploads\/2025\/07\/clou-de-girofle-50g-naturamada-2.webp","width":2000,"height":2000,"caption":"nelken aus madagaskar"},{"@type":"BreadcrumbList","@id":"https:\/\/naturamada.com\/de\/produkt\/gewuerznelke-50-g\/#breadcrumb","itemListElement":[{"@type":"ListItem","position":1,"name":"Startseite","item":"https:\/\/naturamada.com\/de\/"},{"@type":"ListItem","position":2,"name":"Shop","item":"https:\/\/naturamada.com\/de\/shop\/"},{"@type":"ListItem","position":3,"name":"Gew\u00fcrznelke"}]},{"@type":"WebSite","@id":"https:\/\/naturamada.com\/de\/#website","url":"https:\/\/naturamada.com\/de\/","name":"Naturamada","description":"Epices, Superaliments et Pierres pour le bien-\u00eatre et la cuisine","publisher":{"@id":"https:\/\/naturamada.com\/de\/#organization"},"potentialAction":[{"@type":"SearchAction","target":{"@type":"EntryPoint","urlTemplate":"https:\/\/naturamada.com\/de\/?s={search_term_string}"},"query-input":{"@type":"PropertyValueSpecification","valueRequired":true,"valueName":"search_term_string"}}],"inLanguage":"de"},{"@type":"Organization","@id":"https:\/\/naturamada.com\/de\/#organization","name":"Naturamada","url":"https:\/\/naturamada.com\/de\/","logo":{"@type":"ImageObject","inLanguage":"de","@id":"https:\/\/naturamada.com\/de\/#\/schema\/logo\/image\/","url":"https:\/\/naturamada.com\/wp-content\/uploads\/2025\/07\/cropped-Naturamada-10.png","contentUrl":"https:\/\/naturamada.com\/wp-content\/uploads\/2025\/07\/cropped-Naturamada-10.png","width":1366,"height":455,"caption":"Naturamada"},"image":{"@id":"https:\/\/naturamada.com\/de\/#\/schema\/logo\/image\/"},"sameAs":["https:\/\/www.facebook.com\/Naturamada.shop\/","https:\/\/www.instagram.com\/naturamada.officiel\/"]}]}},"_links":{"self":[{"href":"https:\/\/naturamada.com\/de\/wp-json\/wp\/v2\/product\/1440","targetHints":{"allow":["GET"]}}],"collection":[{"href":"https:\/\/naturamada.com\/de\/wp-json\/wp\/v2\/product"}],"about":[{"href":"https:\/\/naturamada.com\/de\/wp-json\/wp\/v2\/types\/product"}],"wp:featuredmedia":[{"embeddable":true,"href":"https:\/\/naturamada.com\/de\/wp-json\/wp\/v2\/media\/3686"}],"wp:attachment":[{"href":"https:\/\/naturamada.com\/de\/wp-json\/wp\/v2\/media?parent=1440"}],"wp:term":[{"taxonomy":"product_brand","embeddable":true,"href":"https:\/\/naturamada.com\/de\/wp-json\/wp\/v2\/product_brand?post=1440"},{"taxonomy":"product_cat","embeddable":true,"href":"https:\/\/naturamada.com\/de\/wp-json\/wp\/v2\/product_cat?post=1440"},{"taxonomy":"product_tag","embeddable":true,"href":"https:\/\/naturamada.com\/de\/wp-json\/wp\/v2\/product_tag?post=1440"}],"curies":[{"name":"wp","href":"https:\/\/api.w.org\/{rel}","templated":true}]}}