{"id":1428,"date":"2025-07-04T22:52:03","date_gmt":"2025-07-04T22:52:03","guid":{"rendered":"https:\/\/naturamada.com\/produit\/getrocknete-guavenblaetter-20-g\/"},"modified":"2026-03-17T19:19:37","modified_gmt":"2026-03-17T19:19:37","slug":"getrocknete-guavenblaetter-20-g","status":"publish","type":"product","link":"https:\/\/naturamada.com\/de\/produkt\/getrocknete-guavenblaetter-20-g\/","title":{"rendered":"Guavenbl\u00e4tter"},"content":{"rendered":"<h1 data-start=\"676\" data-end=\"916\">Naturamada Guavenbl\u00e4tter &#8211; Psidium guajava<\/h1>\n<p>&nbsp;<\/p>\n<p data-start=\"676\" data-end=\"916\">Der Guavenbaum ist ein symboltr\u00e4chtiger tropischer Baum. Er geh\u00f6rt zur Familie der Myrtaceae. Urspr\u00fcnglich stammt er aus Mittelamerika und hat sich dann in allen <strong>tropischen Regionen der Welt<\/strong> ausgebreitet. Heute findet man ihn vor allem auf Madagaskar. Dort werden die Bl\u00e4tter von Hand gepfl\u00fcckt. Sie werden auf nat\u00fcrliche Weise im Schatten getrocknet und behalten so ihren s\u00fc\u00dfen, leicht fruchtigen und frischen Duft. Diese aromatische Pflanze ist jedoch in der westlichen K\u00fcche kaum bekannt. Sie verdient jedoch einen Platz in der K\u00fcche.<\/p>\n<h2 data-start=\"676\" data-end=\"916\">Warum Guavenbl\u00e4tter?<\/h2>\n<p data-start=\"918\" data-end=\"1046\">Die Guave ist eine sehr beliebte Frucht aus der ganzen Welt. Die Bl\u00e4tter der Guave werden jedoch <strong>oft vergessen<\/strong>. Dabei sind sie ein kleiner Schatz, der seit Jahrhunderten genutzt wird. In vielen tropischen Kulturen werden sie als <strong>Tee<\/strong> zubereitet. Dar\u00fcber hinaus spielen sie eine wichtige Rolle in <strong>traditionellen Ritualen<\/strong>. Die Wahl dieser Bl\u00e4tter bedeutet also auch, dass Sie an ein sehr altes kulinarisches und kulturelles Erbe ankn\u00fcpfen.<\/p>\n<h2 data-start=\"918\" data-end=\"1046\">Verwendung von Guavenbl\u00e4ttern in der K\u00fcche<\/h2>\n<p>Guavenbl\u00e4tter sind in der K\u00fcche <strong>wenig bekannt<\/strong>. Dennoch haben sie ihren Platz in einigen traditionellen Gerichten. Ihr Geschmack ist sehr diskret und subtil.<br \/>\nAuf <strong>Kuba und in Mexiko<\/strong> werden die Bl\u00e4tter zum Aromatisieren von<strong> Barbecues<\/strong> verwendet. Sie werden langsam \u00fcber der Glut verbrannt. Das Ergebnis ist ein sehr leichtes und nat\u00fcrliches <strong>Raucharoma<\/strong>.<br \/>\nAuf den <strong>Philippinen<\/strong> spielen die Bl\u00e4tter noch eine andere Rolle. Sie werden verwendet, um <strong>den Reis<\/strong> vor dem Kochen <strong>einzuwickeln<\/strong>. Auf diese Weise verleihen sie dem Reis einen leichten Kr\u00e4utergeschmack.<br \/>\nIn der <strong>kreolischen K\u00fcche<\/strong> von La R\u00e9union werden sie auch als Beilage zu traditionellen Gerichten verwendet. Sie werden vor allem in <strong>Eint\u00f6pfen<\/strong> und <strong>hausgemachten Br\u00fchen<\/strong>verwendet. Daher sind sie ein fester Bestandteil des kulinarischen Erbes der Inseln.<\/p>\n<h2>Guajakbaumbl\u00e4tter Aufguss und Abkochung<\/h2>\n<p class=\"font-claude-response-body break-words whitespace-normal leading-[1.7]\">Die Bl\u00e4tter des Guavenbaums werden nicht nur in der K\u00fcche, sondern vor allem als <strong>Tee<\/strong> verwendet. Dies ist die weltweit <strong>am weitesten verbreitete Verwendung<\/strong>.<\/p>\n<p class=\"font-claude-response-body break-words whitespace-normal leading-[1.7]\">In Lateinamerika wird dieser Tee seit Generationen zubereitet. In Brasilien wird er als Ch\u00e1jo bezeichnet. <strong><em>ch\u00e1 de goiabeira<\/em><\/strong>. Daher ist er ein fester Bestandteil der Alltagskultur.<\/p>\n<p class=\"font-claude-response-body break-words whitespace-normal leading-[1.7]\">In Japan ist das Guavenblatt sogar offiziell anerkannt. Es geh\u00f6rt zu den drei wichtigsten Kr\u00e4utertees auf der Insel Okinawa. In dieser Region wird es als Okavango bezeichnet. <strong><em>guaba cha<\/em><\/strong>. Es wird also seit langem regelm\u00e4\u00dfig konsumiert.<\/p>\n<p class=\"font-claude-response-body break-words whitespace-normal leading-[1.7]\">Auch in <strong>Indien und China<\/strong> werden die Bl\u00e4tter seit Jahrhunderten verwendet. In diesen Kulturen werden sie traditionell als Dekokt zubereitet. Auch in S\u00fcdostasien werden sie seit Generationen empfohlen.<\/p>\n<h2 data-start=\"1221\" data-end=\"1245\">Produktinformationen<\/h2>\n<ul data-start=\"1247\" data-end=\"1468\">\n<li data-start=\"1247\" data-end=\"1288\">\n<p data-start=\"1249\" data-end=\"1288\"><strong data-start=\"1249\" data-end=\"1266\">Botanischer Name<\/strong>: <em data-start=\"1269\" data-end=\"1286\">Psidium guajava<\/em><\/p>\n<\/li>\n<li data-start=\"1289\" data-end=\"1359\">\n<p data-start=\"1291\" data-end=\"1359\"><strong data-start=\"1291\" data-end=\"1302\">Herkunft<\/strong>: Madagaskar<\/p>\n<\/li>\n<li data-start=\"1385\" data-end=\"1429\">\n<p data-start=\"1387\" data-end=\"1429\">Ganze Bl\u00e4tter, nat\u00fcrlich getrocknet<\/p>\n<\/li>\n<li data-start=\"1430\" data-end=\"1468\">\n<p data-start=\"1432\" data-end=\"1468\">Abgef\u00fcllt in Frankreich<\/p>\n<\/li>\n<\/ul>\n<h2>FAQ &#8211; Guavenbl\u00e4tter<\/h2>\n<p data-start=\"164\" data-end=\"507\"><strong data-start=\"164\" data-end=\"220\">Wie schmecken Guajakbl\u00e4tter als Tee?<\/strong><br data-start=\"220\" data-end=\"223\" \/>Guajakbl\u00e4tter bieten einen milden, pflanzlichen Aufguss mit leicht krautigen und frischen Noten. Ihr Geschmack bleibt diskret und angenehm, so dass sie allein oder in Kombination mit anderen aromatischen Pflanzen wie Zitronengras, Ingwer, Ingwer und anderen Kr\u00e4utern verwendet werden k\u00f6nnen. <em><a href=\"https:\/\/naturamada.com\/produit\/poudre-de-gingembre-50-g\/\">Ingwer<\/a> <\/em>oder Minze.<\/p>\n<p data-start=\"514\" data-end=\"924\"><strong data-start=\"514\" data-end=\"573\">Wie bereite ich einen Guajakbaumbl\u00e4ttertee zu?<\/strong><br data-start=\"573\" data-end=\"576\" \/>Es wird empfohlen, etwa 1 bis 2 Bl\u00e4tter auf eine Tasse hei\u00dfes Wasser (250 ml) zu geben. \u00dcbergie\u00dfen Sie die Bl\u00e4tter mit k\u00f6chelndem Wasser und lassen Sie sie je nach gew\u00fcnschter Intensit\u00e4t 5 bis 7 Minuten ziehen. Die Bl\u00e4tter k\u00f6nnen auch als Dekokt verwendet werden, indem sie einige Minuten gekocht werden, um einen konzentrierteren Aufguss zu erhalten. Wie bei allen Kr\u00e4utern, die als Tee verwendet werden, wird empfohlen, vor einem regelm\u00e4\u00dfigen oder l\u00e4ngeren Konsum den Rat eines Gesundheitsexperten einzuholen.<\/p>\n<p data-start=\"931\" data-end=\"1295\"><strong data-start=\"931\" data-end=\"1001\">Kann man Guajakbl\u00e4tter auch anders als als Tee verwenden?<\/strong><br data-start=\"1001\" data-end=\"1004\" \/>Ja, in einigen traditionellen K\u00fcchen werden Guavenbl\u00e4tter zum Aromatisieren von Schmorgerichten, Br\u00fchen oder Reis verwendet. Sie k\u00f6nnen auch zum Aromatisieren von Gegrilltem verwendet werden, indem sie auf die Glut gelegt werden, was den Speisen einen subtilen pflanzlichen Duft verleiht.<\/p>\n<p data-start=\"1302\" data-end=\"1625\"><strong data-start=\"1302\" data-end=\"1382\">Sind Guavenbl\u00e4tter nat\u00fcrlich und handwerklich geerntet?<\/strong><br data-start=\"1382\" data-end=\"1385\" \/>Ja, die Bl\u00e4tter werden von Hand gepfl\u00fcckt und dann auf nat\u00fcrliche Weise getrocknet, um ihre Aromen zu bewahren. Durch diese langsame Trocknung bleiben die sensorischen Qualit\u00e4ten der Pflanze erhalten, w\u00e4hrend die traditionellen Zubereitungsmethoden respektiert werden.<\/p>\n<p data-start=\"1632\" data-end=\"1942\"><strong data-start=\"1632\" data-end=\"1680\">Wie lagert man Guajakbl\u00e4tter?<\/strong><br data-start=\"1680\" data-end=\"1683\" \/>Es wird empfohlen, die Bl\u00e4tter an einem trockenen, dunklen und feuchten Ort aufzubewahren, idealerweise in einem luftdichten Beutel oder einem verschlossenen Glas. Bei richtiger Lagerung bleiben der Duft und die aromatische Qualit\u00e4t l\u00e4nger erhalten.<\/p>\n","protected":false},"excerpt":{"rendered":"<p>Naturamada Guavenbl\u00e4tter &#8211; Psidium guajava &nbsp; Der Guavenbaum ist ein symboltr\u00e4chtiger tropischer Baum. Er geh\u00f6rt zur Familie der Myrtaceae. Urspr\u00fcnglich [&hellip;]<\/p>\n","protected":false},"featured_media":4728,"template":"","meta":{"site-sidebar-layout":"default","site-content-layout":"","ast-site-content-layout":"default","site-content-style":"default","site-sidebar-style":"default","ast-global-header-display":"","ast-banner-title-visibility":"","ast-main-header-display":"","ast-hfb-above-header-display":"","ast-hfb-below-header-display":"","ast-hfb-mobile-header-display":"","site-post-title":"","ast-breadcrumbs-content":"","ast-featured-img":"","footer-sml-layout":"","ast-disable-related-posts":"","theme-transparent-header-meta":"default","adv-header-id-meta":"","stick-header-meta":"","header-above-stick-meta":"","header-main-stick-meta":"","header-below-stick-meta":"","astra-migrate-meta-layouts":"set","ast-page-background-enabled":"default","ast-page-background-meta":{"desktop":{"background-color":"var(--ast-global-color-5)","background-image":"","background-repeat":"repeat","background-position":"center center","background-size":"auto","background-attachment":"scroll","background-type":"","background-media":"","overlay-type":"","overlay-color":"","overlay-opacity":"","overlay-gradient":""},"tablet":{"background-color":"","background-image":"","background-repeat":"repeat","background-position":"center center","background-size":"auto","background-attachment":"scroll","background-type":"","background-media":"","overlay-type":"","overlay-color":"","overlay-opacity":"","overlay-gradient":""},"mobile":{"background-color":"","background-image":"","background-repeat":"repeat","background-position":"center center","background-size":"auto","background-attachment":"scroll","background-type":"","background-media":"","overlay-type":"","overlay-color":"","overlay-opacity":"","overlay-gradient":""}},"ast-content-background-meta":{"desktop":{"background-color":"var(--ast-global-color-4)","background-image":"","background-repeat":"repeat","background-position":"center center","background-size":"auto","background-attachment":"scroll","background-type":"","background-media":"","overlay-type":"","overlay-color":"","overlay-opacity":"","overlay-gradient":""},"tablet":{"background-color":"var(--ast-global-color-4)","background-image":"","background-repeat":"repeat","background-position":"center center","background-size":"auto","background-attachment":"scroll","background-type":"","background-media":"","overlay-type":"","overlay-color":"","overlay-opacity":"","overlay-gradient":""},"mobile":{"background-color":"var(--ast-global-color-4)","background-image":"","background-repeat":"repeat","background-position":"center center","background-size":"auto","background-attachment":"scroll","background-type":"","background-media":"","overlay-type":"","overlay-color":"","overlay-opacity":"","overlay-gradient":""}}},"product_brand":[258],"product_cat":[2707,397],"product_tag":[],"class_list":{"0":"post-1428","1":"product","2":"type-product","3":"status-publish","4":"has-post-thumbnail","6":"product_brand-naturamada","7":"product_cat-getrocknete-blatter","8":"product_cat-gewuerze-superfoods","9":"pa_origine-madagaskar","10":"pa_taille-12-g-de","11":"pa_taille-25-g-de","12":"pa_type-produit-getrocknete-blatter","13":"pa_usage-infusion-de","14":"pa_usage-kuche","15":"pa_usage-wohlbefinden","16":"desktop-align-left","17":"tablet-align-left","18":"mobile-align-left","20":"first","21":"instock","22":"taxable","23":"shipping-taxable","24":"purchasable","25":"product-type-variable","26":"has-default-attributes"},"yoast_head":"<!-- This site is optimized with the Yoast SEO plugin v27.2 - https:\/\/yoast.com\/product\/yoast-seo-wordpress\/ -->\n<title>Guavenbl\u00e4tter - Naturamada<\/title>\n<meta name=\"description\" content=\"Ganze Bl\u00e4tter des Guavenbaums Madagaskar. Ideal f\u00fcr Kr\u00e4utertee, K\u00fcche und Wellness-Rituale, mit einem s\u00fc\u00dfen und fruchtigen Duft. Naturamada\" \/>\n<meta name=\"robots\" content=\"index, follow, max-snippet:-1, max-image-preview:large, max-video-preview:-1\" \/>\n<link rel=\"canonical\" href=\"https:\/\/naturamada.com\/de\/produkt\/getrocknete-guavenblaetter-20-g\/\" \/>\n<meta property=\"og:locale\" content=\"de_DE\" \/>\n<meta property=\"og:type\" content=\"article\" \/>\n<meta property=\"og:title\" content=\"Guavenbl\u00e4tter - Naturamada\" \/>\n<meta property=\"og:description\" content=\"Ganze Bl\u00e4tter des Guavenbaums Madagaskar. Ideal f\u00fcr Kr\u00e4utertee, K\u00fcche und Wellness-Rituale, mit einem s\u00fc\u00dfen und fruchtigen Duft. Naturamada\" \/>\n<meta property=\"og:url\" content=\"https:\/\/naturamada.com\/de\/produkt\/getrocknete-guavenblaetter-20-g\/\" \/>\n<meta property=\"og:site_name\" content=\"Naturamada\" \/>\n<meta property=\"article:publisher\" content=\"https:\/\/www.facebook.com\/Naturamada.shop\/\" \/>\n<meta property=\"article:modified_time\" content=\"2026-03-17T19:19:37+00:00\" \/>\n<meta property=\"og:image\" content=\"https:\/\/naturamada.com\/wp-content\/uploads\/2025\/07\/Feuille-goyave-Naturamada-guava-leave-Madagascar.jpg\" \/>\n\t<meta property=\"og:image:width\" content=\"2000\" \/>\n\t<meta property=\"og:image:height\" content=\"2000\" \/>\n\t<meta property=\"og:image:type\" content=\"image\/jpeg\" \/>\n<script type=\"application\/ld+json\" class=\"yoast-schema-graph\">{\"@context\":\"https:\/\/schema.org\",\"@graph\":[{\"@type\":\"WebPage\",\"@id\":\"https:\/\/naturamada.com\/de\/produkt\/getrocknete-guavenblaetter-20-g\/\",\"url\":\"https:\/\/naturamada.com\/de\/produkt\/getrocknete-guavenblaetter-20-g\/\",\"name\":\"Guavenbl\u00e4tter - Naturamada\",\"isPartOf\":{\"@id\":\"https:\/\/naturamada.com\/de\/#website\"},\"primaryImageOfPage\":{\"@id\":\"https:\/\/naturamada.com\/de\/produkt\/getrocknete-guavenblaetter-20-g\/#primaryimage\"},\"image\":{\"@id\":\"https:\/\/naturamada.com\/de\/produkt\/getrocknete-guavenblaetter-20-g\/#primaryimage\"},\"thumbnailUrl\":\"https:\/\/naturamada.com\/wp-content\/uploads\/2025\/07\/Feuille-goyave-Naturamada-guava-leave-Madagascar.jpg\",\"datePublished\":\"2025-07-04T22:52:03+00:00\",\"dateModified\":\"2026-03-17T19:19:37+00:00\",\"description\":\"Ganze Bl\u00e4tter des Guavenbaums Madagaskar. Ideal f\u00fcr Kr\u00e4utertee, K\u00fcche und Wellness-Rituale, mit einem s\u00fc\u00dfen und fruchtigen Duft. Naturamada\",\"breadcrumb\":{\"@id\":\"https:\/\/naturamada.com\/de\/produkt\/getrocknete-guavenblaetter-20-g\/#breadcrumb\"},\"inLanguage\":\"de\",\"potentialAction\":[{\"@type\":\"ReadAction\",\"target\":[\"https:\/\/naturamada.com\/de\/produkt\/getrocknete-guavenblaetter-20-g\/\"]}]},{\"@type\":\"ImageObject\",\"inLanguage\":\"de\",\"@id\":\"https:\/\/naturamada.com\/de\/produkt\/getrocknete-guavenblaetter-20-g\/#primaryimage\",\"url\":\"https:\/\/naturamada.com\/wp-content\/uploads\/2025\/07\/Feuille-goyave-Naturamada-guava-leave-Madagascar.jpg\",\"contentUrl\":\"https:\/\/naturamada.com\/wp-content\/uploads\/2025\/07\/Feuille-goyave-Naturamada-guava-leave-Madagascar.jpg\",\"width\":2000,\"height\":2000},{\"@type\":\"BreadcrumbList\",\"@id\":\"https:\/\/naturamada.com\/de\/produkt\/getrocknete-guavenblaetter-20-g\/#breadcrumb\",\"itemListElement\":[{\"@type\":\"ListItem\",\"position\":1,\"name\":\"Startseite\",\"item\":\"https:\/\/naturamada.com\/de\/\"},{\"@type\":\"ListItem\",\"position\":2,\"name\":\"Shop\",\"item\":\"https:\/\/naturamada.com\/de\/shop\/\"},{\"@type\":\"ListItem\",\"position\":3,\"name\":\"Guavenbl\u00e4tter\"}]},{\"@type\":\"WebSite\",\"@id\":\"https:\/\/naturamada.com\/de\/#website\",\"url\":\"https:\/\/naturamada.com\/de\/\",\"name\":\"Naturamada\",\"description\":\"Epices, Superaliments et Pierres pour le bien-\u00eatre et la cuisine\",\"publisher\":{\"@id\":\"https:\/\/naturamada.com\/de\/#organization\"},\"potentialAction\":[{\"@type\":\"SearchAction\",\"target\":{\"@type\":\"EntryPoint\",\"urlTemplate\":\"https:\/\/naturamada.com\/de\/?s={search_term_string}\"},\"query-input\":{\"@type\":\"PropertyValueSpecification\",\"valueRequired\":true,\"valueName\":\"search_term_string\"}}],\"inLanguage\":\"de\"},{\"@type\":\"Organization\",\"@id\":\"https:\/\/naturamada.com\/de\/#organization\",\"name\":\"Naturamada\",\"url\":\"https:\/\/naturamada.com\/de\/\",\"logo\":{\"@type\":\"ImageObject\",\"inLanguage\":\"de\",\"@id\":\"https:\/\/naturamada.com\/de\/#\/schema\/logo\/image\/\",\"url\":\"https:\/\/naturamada.com\/wp-content\/uploads\/2025\/07\/cropped-Naturamada-10.png\",\"contentUrl\":\"https:\/\/naturamada.com\/wp-content\/uploads\/2025\/07\/cropped-Naturamada-10.png\",\"width\":1366,\"height\":455,\"caption\":\"Naturamada\"},\"image\":{\"@id\":\"https:\/\/naturamada.com\/de\/#\/schema\/logo\/image\/\"},\"sameAs\":[\"https:\/\/www.facebook.com\/Naturamada.shop\/\",\"https:\/\/www.instagram.com\/naturamada.officiel\/\"]}]}<\/script>\n<!-- \/ Yoast SEO plugin. -->","yoast_head_json":{"title":"Guavenbl\u00e4tter - Naturamada","description":"Ganze Bl\u00e4tter des Guavenbaums Madagaskar. Ideal f\u00fcr Kr\u00e4utertee, K\u00fcche und Wellness-Rituale, mit einem s\u00fc\u00dfen und fruchtigen Duft. Naturamada","robots":{"index":"index","follow":"follow","max-snippet":"max-snippet:-1","max-image-preview":"max-image-preview:large","max-video-preview":"max-video-preview:-1"},"canonical":"https:\/\/naturamada.com\/de\/produkt\/getrocknete-guavenblaetter-20-g\/","og_locale":"de_DE","og_type":"article","og_title":"Guavenbl\u00e4tter - Naturamada","og_description":"Ganze Bl\u00e4tter des Guavenbaums Madagaskar. Ideal f\u00fcr Kr\u00e4utertee, K\u00fcche und Wellness-Rituale, mit einem s\u00fc\u00dfen und fruchtigen Duft. Naturamada","og_url":"https:\/\/naturamada.com\/de\/produkt\/getrocknete-guavenblaetter-20-g\/","og_site_name":"Naturamada","article_publisher":"https:\/\/www.facebook.com\/Naturamada.shop\/","article_modified_time":"2026-03-17T19:19:37+00:00","og_image":[{"width":2000,"height":2000,"url":"https:\/\/naturamada.com\/wp-content\/uploads\/2025\/07\/Feuille-goyave-Naturamada-guava-leave-Madagascar.jpg","type":"image\/jpeg"}],"schema":{"@context":"https:\/\/schema.org","@graph":[{"@type":"WebPage","@id":"https:\/\/naturamada.com\/de\/produkt\/getrocknete-guavenblaetter-20-g\/","url":"https:\/\/naturamada.com\/de\/produkt\/getrocknete-guavenblaetter-20-g\/","name":"Guavenbl\u00e4tter - Naturamada","isPartOf":{"@id":"https:\/\/naturamada.com\/de\/#website"},"primaryImageOfPage":{"@id":"https:\/\/naturamada.com\/de\/produkt\/getrocknete-guavenblaetter-20-g\/#primaryimage"},"image":{"@id":"https:\/\/naturamada.com\/de\/produkt\/getrocknete-guavenblaetter-20-g\/#primaryimage"},"thumbnailUrl":"https:\/\/naturamada.com\/wp-content\/uploads\/2025\/07\/Feuille-goyave-Naturamada-guava-leave-Madagascar.jpg","datePublished":"2025-07-04T22:52:03+00:00","dateModified":"2026-03-17T19:19:37+00:00","description":"Ganze Bl\u00e4tter des Guavenbaums Madagaskar. Ideal f\u00fcr Kr\u00e4utertee, K\u00fcche und Wellness-Rituale, mit einem s\u00fc\u00dfen und fruchtigen Duft. Naturamada","breadcrumb":{"@id":"https:\/\/naturamada.com\/de\/produkt\/getrocknete-guavenblaetter-20-g\/#breadcrumb"},"inLanguage":"de","potentialAction":[{"@type":"ReadAction","target":["https:\/\/naturamada.com\/de\/produkt\/getrocknete-guavenblaetter-20-g\/"]}]},{"@type":"ImageObject","inLanguage":"de","@id":"https:\/\/naturamada.com\/de\/produkt\/getrocknete-guavenblaetter-20-g\/#primaryimage","url":"https:\/\/naturamada.com\/wp-content\/uploads\/2025\/07\/Feuille-goyave-Naturamada-guava-leave-Madagascar.jpg","contentUrl":"https:\/\/naturamada.com\/wp-content\/uploads\/2025\/07\/Feuille-goyave-Naturamada-guava-leave-Madagascar.jpg","width":2000,"height":2000},{"@type":"BreadcrumbList","@id":"https:\/\/naturamada.com\/de\/produkt\/getrocknete-guavenblaetter-20-g\/#breadcrumb","itemListElement":[{"@type":"ListItem","position":1,"name":"Startseite","item":"https:\/\/naturamada.com\/de\/"},{"@type":"ListItem","position":2,"name":"Shop","item":"https:\/\/naturamada.com\/de\/shop\/"},{"@type":"ListItem","position":3,"name":"Guavenbl\u00e4tter"}]},{"@type":"WebSite","@id":"https:\/\/naturamada.com\/de\/#website","url":"https:\/\/naturamada.com\/de\/","name":"Naturamada","description":"Epices, Superaliments et Pierres pour le bien-\u00eatre et la cuisine","publisher":{"@id":"https:\/\/naturamada.com\/de\/#organization"},"potentialAction":[{"@type":"SearchAction","target":{"@type":"EntryPoint","urlTemplate":"https:\/\/naturamada.com\/de\/?s={search_term_string}"},"query-input":{"@type":"PropertyValueSpecification","valueRequired":true,"valueName":"search_term_string"}}],"inLanguage":"de"},{"@type":"Organization","@id":"https:\/\/naturamada.com\/de\/#organization","name":"Naturamada","url":"https:\/\/naturamada.com\/de\/","logo":{"@type":"ImageObject","inLanguage":"de","@id":"https:\/\/naturamada.com\/de\/#\/schema\/logo\/image\/","url":"https:\/\/naturamada.com\/wp-content\/uploads\/2025\/07\/cropped-Naturamada-10.png","contentUrl":"https:\/\/naturamada.com\/wp-content\/uploads\/2025\/07\/cropped-Naturamada-10.png","width":1366,"height":455,"caption":"Naturamada"},"image":{"@id":"https:\/\/naturamada.com\/de\/#\/schema\/logo\/image\/"},"sameAs":["https:\/\/www.facebook.com\/Naturamada.shop\/","https:\/\/www.instagram.com\/naturamada.officiel\/"]}]}},"_links":{"self":[{"href":"https:\/\/naturamada.com\/de\/wp-json\/wp\/v2\/product\/1428","targetHints":{"allow":["GET"]}}],"collection":[{"href":"https:\/\/naturamada.com\/de\/wp-json\/wp\/v2\/product"}],"about":[{"href":"https:\/\/naturamada.com\/de\/wp-json\/wp\/v2\/types\/product"}],"wp:featuredmedia":[{"embeddable":true,"href":"https:\/\/naturamada.com\/de\/wp-json\/wp\/v2\/media\/4728"}],"wp:attachment":[{"href":"https:\/\/naturamada.com\/de\/wp-json\/wp\/v2\/media?parent=1428"}],"wp:term":[{"taxonomy":"product_brand","embeddable":true,"href":"https:\/\/naturamada.com\/de\/wp-json\/wp\/v2\/product_brand?post=1428"},{"taxonomy":"product_cat","embeddable":true,"href":"https:\/\/naturamada.com\/de\/wp-json\/wp\/v2\/product_cat?post=1428"},{"taxonomy":"product_tag","embeddable":true,"href":"https:\/\/naturamada.com\/de\/wp-json\/wp\/v2\/product_tag?post=1428"}],"curies":[{"name":"wp","href":"https:\/\/api.w.org\/{rel}","templated":true}]}}