{"id":1107,"date":"2025-07-05T16:30:18","date_gmt":"2025-07-05T16:30:18","guid":{"rendered":"https:\/\/naturamada.com\/produit\/kieselstein-roter-jaspis-40-mm\/"},"modified":"2026-03-17T19:20:11","modified_gmt":"2026-03-17T19:20:11","slug":"kieselstein-roter-jaspis-40-mm","status":"publish","type":"product","link":"https:\/\/naturamada.com\/de\/produkt\/kieselstein-roter-jaspis-40-mm\/","title":{"rendered":"Kieselstein roter Jaspis Naturamada"},"content":{"rendered":"<p data-start=\"157\" data-end=\"220\">\u2728 <strong data-start=\"159\" data-end=\"216\">Natural Red Jasper Kieselstein &#8211; 40 mm &#8211; Kraft &amp; Stabilit\u00e4t<\/strong> \u2728<\/p>\n<p data-start=\"222\" data-end=\"490\">Dieser ca. 40 mm gro\u00dfe Kieselstein aus nat\u00fcrlichem rotem Jaspis wurde sorgf\u00e4ltig poliert, um seinen tiefroten Farbton und seine Ankerenergie hervorzuheben. Der rote Jaspis ist ein Symbol f\u00fcr St\u00e4rke, Mut und Stabilit\u00e4t und wird mit dem <strong data-start=\"444\" data-end=\"463\">Monat Juli<\/strong> und dem <strong data-start=\"470\" data-end=\"487\">Wurzelchakra<\/strong> in Verbindung gebracht. <\/p>\n<p data-start=\"492\" data-end=\"669\">Jeder Kieselstein wird von Naturamada ausgew\u00e4hlt und ist ideal, um Ihre Meditationen zu begleiten, Ihre R\u00e4ume zu harmonisieren oder einfach als nat\u00fcrliches Dekorationsobjekt.<\/p>\n<p data-start=\"671\" data-end=\"913\"><strong data-start=\"674\" data-end=\"734\">Die Tugenden des roten Jaspis (nach spiritueller Tradition):<\/strong><br data-start=\"734\" data-end=\"737\">Bringt Stabilit\u00e4t und Verankerung<br data-start=\"768\" data-end=\"771\">F\u00f6rdert Mut und Vitalit\u00e4t<br data-start=\"808\" data-end=\"811\">Hilft, das Selbstvertrauen zu st\u00e4rken<br data-start=\"850\" data-end=\"853\">Wird mit dem Wurzelchakra in Verbindung gebracht<\/p>\n<p data-start=\"671\" data-end=\"913\">Stein des <strong>Monats Juli<\/strong><\/p>\n<p data-start=\"915\" data-end=\"944\"><strong data-start=\"918\" data-end=\"942\">Produktdetails :<\/strong><\/p>\n<p data-start=\"947\" data-end=\"974\">Typ: Naturpolierte Kieselsteine<\/p>\n<p data-start=\"977\" data-end=\"998\">Gr\u00f6\u00dfe: ca. 40 mm<\/p>\n<p data-start=\"1001\" data-end=\"1031\">Stein: Nat\u00fcrlicher roter Jaspis<\/p>\n<p data-start=\"1156\" data-end=\"1310\"><strong data-start=\"1159\" data-end=\"1174\">Pflege:<\/strong><br data-start=\"1174\" data-end=\"1177\">Reinigen Sie Ihren Kieselstein mit Salbei, Weihrauch oder destilliertem Wasser. Laden Sie ihn im Tageslicht oder auf einer Blume des Lebens auf.<\/p>\n<p data-start=\"1312\" data-end=\"1408\"><strong data-start=\"1315\" data-end=\"1332\">Geschenkidee:<\/strong><br data-start=\"1332\" data-end=\"1335\">Ein kraftvoller und beruhigender Kieselstein, perfekt f\u00fcr sich selbst oder als Geschenk.<\/p>\n<p data-start=\"1312\" data-end=\"1408\"><strong data-start=\"1217\" data-end=\"1234\">Warnung<\/strong><br data-start=\"1234\" data-end=\"1237\"><em>Die in diesem Artikel enthaltenen Informationen zu Ern\u00e4hrung und Wohlbefinden basieren auf traditionellen Br\u00e4uchen und den heute verf\u00fcgbaren Studien. Sie sind kein Ersatz f\u00fcr eine individuelle medizinische oder ern\u00e4hrungswissenschaftliche Betreuung. <\/em><\/p>\n","protected":false},"excerpt":{"rendered":"<p>\u2728 Natural Red Jasper Kieselstein &#8211; 40 mm &#8211; Kraft &amp; Stabilit\u00e4t \u2728 Dieser ca. 40 mm gro\u00dfe Kieselstein aus [&hellip;]<\/p>\n","protected":false},"featured_media":3633,"template":"","meta":{"site-sidebar-layout":"default","site-content-layout":"","ast-site-content-layout":"default","site-content-style":"default","site-sidebar-style":"default","ast-global-header-display":"","ast-banner-title-visibility":"","ast-main-header-display":"","ast-hfb-above-header-display":"","ast-hfb-below-header-display":"","ast-hfb-mobile-header-display":"","site-post-title":"","ast-breadcrumbs-content":"","ast-featured-img":"","footer-sml-layout":"","ast-disable-related-posts":"","theme-transparent-header-meta":"default","adv-header-id-meta":"","stick-header-meta":"","header-above-stick-meta":"","header-main-stick-meta":"","header-below-stick-meta":"","astra-migrate-meta-layouts":"default","ast-page-background-enabled":"default","ast-page-background-meta":{"desktop":{"background-color":"var(--ast-global-color-5)","background-image":"","background-repeat":"repeat","background-position":"center center","background-size":"auto","background-attachment":"scroll","background-type":"","background-media":"","overlay-type":"","overlay-color":"","overlay-opacity":"","overlay-gradient":""},"tablet":{"background-color":"","background-image":"","background-repeat":"repeat","background-position":"center center","background-size":"auto","background-attachment":"scroll","background-type":"","background-media":"","overlay-type":"","overlay-color":"","overlay-opacity":"","overlay-gradient":""},"mobile":{"background-color":"","background-image":"","background-repeat":"repeat","background-position":"center center","background-size":"auto","background-attachment":"scroll","background-type":"","background-media":"","overlay-type":"","overlay-color":"","overlay-opacity":"","overlay-gradient":""}},"ast-content-background-meta":{"desktop":{"background-color":"var(--ast-global-color-4)","background-image":"","background-repeat":"repeat","background-position":"center center","background-size":"auto","background-attachment":"scroll","background-type":"","background-media":"","overlay-type":"","overlay-color":"","overlay-opacity":"","overlay-gradient":""},"tablet":{"background-color":"var(--ast-global-color-4)","background-image":"","background-repeat":"repeat","background-position":"center center","background-size":"auto","background-attachment":"scroll","background-type":"","background-media":"","overlay-type":"","overlay-color":"","overlay-opacity":"","overlay-gradient":""},"mobile":{"background-color":"var(--ast-global-color-4)","background-image":"","background-repeat":"repeat","background-position":"center center","background-size":"auto","background-attachment":"scroll","background-type":"","background-media":"","overlay-type":"","overlay-color":"","overlay-opacity":"","overlay-gradient":""}}},"product_brand":[258],"product_cat":[2702,484],"product_tag":[],"class_list":{"0":"post-1107","1":"product","2":"type-product","3":"status-publish","4":"has-post-thumbnail","6":"product_brand-naturamada","7":"product_cat-flache-kieselsteine","8":"product_cat-natursteine","9":"pa_chakra-wurzelchakra-muladhara","10":"pa_couleur-rot","11":"pa_taille-40-mm-de","12":"pa_type-de-pierre-roter-jaspis","13":"pa_type-produit-rolle","14":"pa_usage-wohlbefinden","15":"desktop-align-left","16":"tablet-align-left","17":"mobile-align-left","19":"first","20":"instock","21":"taxable","22":"shipping-taxable","23":"purchasable","24":"product-type-simple"},"yoast_head":"<!-- This site is optimized with the Yoast SEO plugin v27.2 - https:\/\/yoast.com\/product\/yoast-seo-wordpress\/ -->\n<title>Kieselstein Roter Jaspis 40 mm - Kraft &amp; Stabilit\u00e4t | Naturamada<\/title>\n<meta name=\"description\" content=\"Kieselstein aus nat\u00fcrlichem rotem Jaspis (40 mm), Stein des Monats Juli und des Wurzelchakras. Spirituelle Tradition: St\u00e4rke, Verankerung und Vitalit\u00e4t.\" \/>\n<meta name=\"robots\" content=\"index, follow, max-snippet:-1, max-image-preview:large, max-video-preview:-1\" \/>\n<link rel=\"canonical\" href=\"https:\/\/naturamada.com\/de\/produkt\/kieselstein-roter-jaspis-40-mm\/\" \/>\n<meta property=\"og:locale\" content=\"de_DE\" \/>\n<meta property=\"og:type\" content=\"article\" \/>\n<meta property=\"og:title\" content=\"Kieselstein Roter Jaspis 40 mm - Kraft &amp; Stabilit\u00e4t | Naturamada\" \/>\n<meta property=\"og:description\" content=\"Kieselstein aus nat\u00fcrlichem rotem Jaspis (40 mm), Stein des Monats Juli und des Wurzelchakras. Spirituelle Tradition: St\u00e4rke, Verankerung und Vitalit\u00e4t.\" \/>\n<meta property=\"og:url\" content=\"https:\/\/naturamada.com\/de\/produkt\/kieselstein-roter-jaspis-40-mm\/\" \/>\n<meta property=\"og:site_name\" content=\"Naturamada\" \/>\n<meta property=\"article:publisher\" content=\"https:\/\/www.facebook.com\/Naturamada.shop\/\" \/>\n<meta property=\"article:modified_time\" content=\"2026-03-17T19:20:11+00:00\" \/>\n<meta property=\"og:image\" content=\"https:\/\/naturamada.com\/wp-content\/uploads\/2025\/07\/Galet-Jaspe-rouge-Naturamada.webp\" \/>\n\t<meta property=\"og:image:width\" content=\"2000\" \/>\n\t<meta property=\"og:image:height\" content=\"2000\" \/>\n\t<meta property=\"og:image:type\" content=\"image\/webp\" \/>\n<script type=\"application\/ld+json\" class=\"yoast-schema-graph\">{\"@context\":\"https:\/\/schema.org\",\"@graph\":[{\"@type\":\"WebPage\",\"@id\":\"https:\/\/naturamada.com\/de\/produkt\/kieselstein-roter-jaspis-40-mm\/\",\"url\":\"https:\/\/naturamada.com\/de\/produkt\/kieselstein-roter-jaspis-40-mm\/\",\"name\":\"Kieselstein Roter Jaspis 40 mm - Kraft & Stabilit\u00e4t | Naturamada\",\"isPartOf\":{\"@id\":\"https:\/\/naturamada.com\/de\/#website\"},\"primaryImageOfPage\":{\"@id\":\"https:\/\/naturamada.com\/de\/produkt\/kieselstein-roter-jaspis-40-mm\/#primaryimage\"},\"image\":{\"@id\":\"https:\/\/naturamada.com\/de\/produkt\/kieselstein-roter-jaspis-40-mm\/#primaryimage\"},\"thumbnailUrl\":\"https:\/\/naturamada.com\/wp-content\/uploads\/2025\/07\/Galet-Jaspe-rouge-Naturamada.webp\",\"datePublished\":\"2025-07-05T16:30:18+00:00\",\"dateModified\":\"2026-03-17T19:20:11+00:00\",\"description\":\"Kieselstein aus nat\u00fcrlichem rotem Jaspis (40 mm), Stein des Monats Juli und des Wurzelchakras. Spirituelle Tradition: St\u00e4rke, Verankerung und Vitalit\u00e4t.\",\"breadcrumb\":{\"@id\":\"https:\/\/naturamada.com\/de\/produkt\/kieselstein-roter-jaspis-40-mm\/#breadcrumb\"},\"inLanguage\":\"de\",\"potentialAction\":[{\"@type\":\"ReadAction\",\"target\":[\"https:\/\/naturamada.com\/de\/produkt\/kieselstein-roter-jaspis-40-mm\/\"]}]},{\"@type\":\"ImageObject\",\"inLanguage\":\"de\",\"@id\":\"https:\/\/naturamada.com\/de\/produkt\/kieselstein-roter-jaspis-40-mm\/#primaryimage\",\"url\":\"https:\/\/naturamada.com\/wp-content\/uploads\/2025\/07\/Galet-Jaspe-rouge-Naturamada.webp\",\"contentUrl\":\"https:\/\/naturamada.com\/wp-content\/uploads\/2025\/07\/Galet-Jaspe-rouge-Naturamada.webp\",\"width\":2000,\"height\":2000,\"caption\":\"Kieselstein roter Jaspis Naturamada\"},{\"@type\":\"BreadcrumbList\",\"@id\":\"https:\/\/naturamada.com\/de\/produkt\/kieselstein-roter-jaspis-40-mm\/#breadcrumb\",\"itemListElement\":[{\"@type\":\"ListItem\",\"position\":1,\"name\":\"Startseite\",\"item\":\"https:\/\/naturamada.com\/de\/\"},{\"@type\":\"ListItem\",\"position\":2,\"name\":\"Shop\",\"item\":\"https:\/\/naturamada.com\/de\/shop\/\"},{\"@type\":\"ListItem\",\"position\":3,\"name\":\"Kieselstein roter Jaspis Naturamada\"}]},{\"@type\":\"WebSite\",\"@id\":\"https:\/\/naturamada.com\/de\/#website\",\"url\":\"https:\/\/naturamada.com\/de\/\",\"name\":\"Naturamada\",\"description\":\"Epices, Superaliments et Pierres pour le bien-\u00eatre et la cuisine\",\"publisher\":{\"@id\":\"https:\/\/naturamada.com\/de\/#organization\"},\"potentialAction\":[{\"@type\":\"SearchAction\",\"target\":{\"@type\":\"EntryPoint\",\"urlTemplate\":\"https:\/\/naturamada.com\/de\/?s={search_term_string}\"},\"query-input\":{\"@type\":\"PropertyValueSpecification\",\"valueRequired\":true,\"valueName\":\"search_term_string\"}}],\"inLanguage\":\"de\"},{\"@type\":\"Organization\",\"@id\":\"https:\/\/naturamada.com\/de\/#organization\",\"name\":\"Naturamada\",\"url\":\"https:\/\/naturamada.com\/de\/\",\"logo\":{\"@type\":\"ImageObject\",\"inLanguage\":\"de\",\"@id\":\"https:\/\/naturamada.com\/de\/#\/schema\/logo\/image\/\",\"url\":\"https:\/\/naturamada.com\/wp-content\/uploads\/2025\/07\/cropped-Naturamada-10.png\",\"contentUrl\":\"https:\/\/naturamada.com\/wp-content\/uploads\/2025\/07\/cropped-Naturamada-10.png\",\"width\":1366,\"height\":455,\"caption\":\"Naturamada\"},\"image\":{\"@id\":\"https:\/\/naturamada.com\/de\/#\/schema\/logo\/image\/\"},\"sameAs\":[\"https:\/\/www.facebook.com\/Naturamada.shop\/\",\"https:\/\/www.instagram.com\/naturamada.officiel\/\"]}]}<\/script>\n<!-- \/ Yoast SEO plugin. -->","yoast_head_json":{"title":"Kieselstein Roter Jaspis 40 mm - Kraft & Stabilit\u00e4t | Naturamada","description":"Kieselstein aus nat\u00fcrlichem rotem Jaspis (40 mm), Stein des Monats Juli und des Wurzelchakras. Spirituelle Tradition: St\u00e4rke, Verankerung und Vitalit\u00e4t.","robots":{"index":"index","follow":"follow","max-snippet":"max-snippet:-1","max-image-preview":"max-image-preview:large","max-video-preview":"max-video-preview:-1"},"canonical":"https:\/\/naturamada.com\/de\/produkt\/kieselstein-roter-jaspis-40-mm\/","og_locale":"de_DE","og_type":"article","og_title":"Kieselstein Roter Jaspis 40 mm - Kraft & Stabilit\u00e4t | Naturamada","og_description":"Kieselstein aus nat\u00fcrlichem rotem Jaspis (40 mm), Stein des Monats Juli und des Wurzelchakras. Spirituelle Tradition: St\u00e4rke, Verankerung und Vitalit\u00e4t.","og_url":"https:\/\/naturamada.com\/de\/produkt\/kieselstein-roter-jaspis-40-mm\/","og_site_name":"Naturamada","article_publisher":"https:\/\/www.facebook.com\/Naturamada.shop\/","article_modified_time":"2026-03-17T19:20:11+00:00","og_image":[{"width":2000,"height":2000,"url":"https:\/\/naturamada.com\/wp-content\/uploads\/2025\/07\/Galet-Jaspe-rouge-Naturamada.webp","type":"image\/webp"}],"schema":{"@context":"https:\/\/schema.org","@graph":[{"@type":"WebPage","@id":"https:\/\/naturamada.com\/de\/produkt\/kieselstein-roter-jaspis-40-mm\/","url":"https:\/\/naturamada.com\/de\/produkt\/kieselstein-roter-jaspis-40-mm\/","name":"Kieselstein Roter Jaspis 40 mm - Kraft & Stabilit\u00e4t | Naturamada","isPartOf":{"@id":"https:\/\/naturamada.com\/de\/#website"},"primaryImageOfPage":{"@id":"https:\/\/naturamada.com\/de\/produkt\/kieselstein-roter-jaspis-40-mm\/#primaryimage"},"image":{"@id":"https:\/\/naturamada.com\/de\/produkt\/kieselstein-roter-jaspis-40-mm\/#primaryimage"},"thumbnailUrl":"https:\/\/naturamada.com\/wp-content\/uploads\/2025\/07\/Galet-Jaspe-rouge-Naturamada.webp","datePublished":"2025-07-05T16:30:18+00:00","dateModified":"2026-03-17T19:20:11+00:00","description":"Kieselstein aus nat\u00fcrlichem rotem Jaspis (40 mm), Stein des Monats Juli und des Wurzelchakras. Spirituelle Tradition: St\u00e4rke, Verankerung und Vitalit\u00e4t.","breadcrumb":{"@id":"https:\/\/naturamada.com\/de\/produkt\/kieselstein-roter-jaspis-40-mm\/#breadcrumb"},"inLanguage":"de","potentialAction":[{"@type":"ReadAction","target":["https:\/\/naturamada.com\/de\/produkt\/kieselstein-roter-jaspis-40-mm\/"]}]},{"@type":"ImageObject","inLanguage":"de","@id":"https:\/\/naturamada.com\/de\/produkt\/kieselstein-roter-jaspis-40-mm\/#primaryimage","url":"https:\/\/naturamada.com\/wp-content\/uploads\/2025\/07\/Galet-Jaspe-rouge-Naturamada.webp","contentUrl":"https:\/\/naturamada.com\/wp-content\/uploads\/2025\/07\/Galet-Jaspe-rouge-Naturamada.webp","width":2000,"height":2000,"caption":"Kieselstein roter Jaspis Naturamada"},{"@type":"BreadcrumbList","@id":"https:\/\/naturamada.com\/de\/produkt\/kieselstein-roter-jaspis-40-mm\/#breadcrumb","itemListElement":[{"@type":"ListItem","position":1,"name":"Startseite","item":"https:\/\/naturamada.com\/de\/"},{"@type":"ListItem","position":2,"name":"Shop","item":"https:\/\/naturamada.com\/de\/shop\/"},{"@type":"ListItem","position":3,"name":"Kieselstein roter Jaspis Naturamada"}]},{"@type":"WebSite","@id":"https:\/\/naturamada.com\/de\/#website","url":"https:\/\/naturamada.com\/de\/","name":"Naturamada","description":"Epices, Superaliments et Pierres pour le bien-\u00eatre et la cuisine","publisher":{"@id":"https:\/\/naturamada.com\/de\/#organization"},"potentialAction":[{"@type":"SearchAction","target":{"@type":"EntryPoint","urlTemplate":"https:\/\/naturamada.com\/de\/?s={search_term_string}"},"query-input":{"@type":"PropertyValueSpecification","valueRequired":true,"valueName":"search_term_string"}}],"inLanguage":"de"},{"@type":"Organization","@id":"https:\/\/naturamada.com\/de\/#organization","name":"Naturamada","url":"https:\/\/naturamada.com\/de\/","logo":{"@type":"ImageObject","inLanguage":"de","@id":"https:\/\/naturamada.com\/de\/#\/schema\/logo\/image\/","url":"https:\/\/naturamada.com\/wp-content\/uploads\/2025\/07\/cropped-Naturamada-10.png","contentUrl":"https:\/\/naturamada.com\/wp-content\/uploads\/2025\/07\/cropped-Naturamada-10.png","width":1366,"height":455,"caption":"Naturamada"},"image":{"@id":"https:\/\/naturamada.com\/de\/#\/schema\/logo\/image\/"},"sameAs":["https:\/\/www.facebook.com\/Naturamada.shop\/","https:\/\/www.instagram.com\/naturamada.officiel\/"]}]}},"_links":{"self":[{"href":"https:\/\/naturamada.com\/de\/wp-json\/wp\/v2\/product\/1107","targetHints":{"allow":["GET"]}}],"collection":[{"href":"https:\/\/naturamada.com\/de\/wp-json\/wp\/v2\/product"}],"about":[{"href":"https:\/\/naturamada.com\/de\/wp-json\/wp\/v2\/types\/product"}],"wp:featuredmedia":[{"embeddable":true,"href":"https:\/\/naturamada.com\/de\/wp-json\/wp\/v2\/media\/3633"}],"wp:attachment":[{"href":"https:\/\/naturamada.com\/de\/wp-json\/wp\/v2\/media?parent=1107"}],"wp:term":[{"taxonomy":"product_brand","embeddable":true,"href":"https:\/\/naturamada.com\/de\/wp-json\/wp\/v2\/product_brand?post=1107"},{"taxonomy":"product_cat","embeddable":true,"href":"https:\/\/naturamada.com\/de\/wp-json\/wp\/v2\/product_cat?post=1107"},{"taxonomy":"product_tag","embeddable":true,"href":"https:\/\/naturamada.com\/de\/wp-json\/wp\/v2\/product_tag?post=1107"}],"curies":[{"name":"wp","href":"https:\/\/api.w.org\/{rel}","templated":true}]}}