{"id":1101,"date":"2025-07-05T16:52:51","date_gmt":"2025-07-05T16:52:51","guid":{"rendered":"https:\/\/naturamada.com\/produit\/tigerauge-kieselstein-40-mm\/"},"modified":"2026-03-17T19:20:11","modified_gmt":"2026-03-17T19:20:11","slug":"tigerauge-kieselstein-40-mm","status":"publish","type":"product","link":"https:\/\/naturamada.com\/de\/produkt\/tigerauge-kieselstein-40-mm\/","title":{"rendered":"Naturamada Tigerauge-Kieselstein"},"content":{"rendered":"<p data-start=\"147\" data-end=\"216\">\u2728 <strong data-start=\"149\" data-end=\"212\">Natural Tigerauge Kieselstein &#8211; 40 mm &#8211; Schutz &amp; Vertrauen<\/strong> \u2728<\/p>\n<p data-start=\"218\" data-end=\"519\">Dieser Kieselstein aus nat\u00fcrlichem Tigerauge ist ca. 40 mm gro\u00df und wurde sorgf\u00e4ltig poliert, um seinen charakteristischen goldenen Schimmer und seine sch\u00fctzende Energie hervorzuheben. Das Tigerauge ist ein Symbol f\u00fcr Schutz, Mut und Selbstvertrauen und wird mit dem <strong data-start=\"465\" data-end=\"481\">Monat Juni<\/strong> und dem <strong data-start=\"488\" data-end=\"516\">Solarplexus-Chakra<\/strong> in Verbindung gebracht. <\/p>\n<p data-start=\"521\" data-end=\"686\">Jeder Kieselstein wird von Naturamada ausgew\u00e4hlt und ist ideal f\u00fcr die Meditation, zur Harmonisierung Ihres Raumes oder als nat\u00fcrliches und kraftvolles Dekorationsobjekt.<\/p>\n<p data-start=\"688\" data-end=\"971\"><strong data-start=\"691\" data-end=\"754\">Tugenden des Tigerauges (nach spirituellen Traditionen):<\/strong><br data-start=\"754\" data-end=\"757\">Sch\u00fctzt vor negativen Energien<br data-start=\"797\" data-end=\"800\">F\u00f6rdert Mut und Selbstvertrauen<br data-start=\"845\" data-end=\"848\">F\u00f6rdert Entscheidungsfindung und Durchhalteverm\u00f6gen<br data-start=\"900\" data-end=\"903\">Dem <strong>Solarplexus-Chakra<\/strong> zugeordnet<br data-start=\"941\" data-end=\"944\">Stein des <strong>Monats Juni<\/strong><\/p>\n<p data-start=\"973\" data-end=\"1002\"><strong data-start=\"976\" data-end=\"1000\">Produktdetails :<\/strong><\/p>\n<p data-start=\"1005\" data-end=\"1032\">Typ: Naturpolierte Kieselsteine<\/p>\n<p data-start=\"1035\" data-end=\"1056\">Gr\u00f6\u00dfe: ca. 40 mm<\/p>\n<p data-start=\"1059\" data-end=\"1090\">Stein: Nat\u00fcrliches Tigerauge<\/p>\n<p data-start=\"1223\" data-end=\"1373\"><strong data-start=\"1226\" data-end=\"1241\">Pflege:<\/strong><br data-start=\"1241\" data-end=\"1244\">Reinigen Sie Ihren Kieselstein mit Salbei, R\u00e4ucherst\u00e4bchen oder destilliertem Wasser. Laden Sie ihn im Tageslicht oder auf einer Blume des Lebens auf.<\/p>\n<p data-start=\"1375\" data-end=\"1460\"><strong data-start=\"1378\" data-end=\"1395\">Geschenkidee:<\/strong><br data-start=\"1395\" data-end=\"1398\">Ein kraftvoller und sch\u00fctzender Kieselstein, ideal f\u00fcr sich selbst oder zum Verschenken.<\/p>\n<p data-start=\"1375\" data-end=\"1460\"><em><strong data-start=\"1217\" data-end=\"1234\">Warnung<\/strong><\/em><br data-start=\"1234\" data-end=\"1237\"><em>Die in diesem Artikel enthaltenen Informationen zu Ern\u00e4hrung und Wohlbefinden basieren auf traditionellen Br\u00e4uchen und den heute verf\u00fcgbaren Studien. Sie sind kein Ersatz f\u00fcr eine individuelle medizinische oder ern\u00e4hrungswissenschaftliche Betreuung. <\/em><\/p>\n","protected":false},"excerpt":{"rendered":"<p>\u2728 Natural Tigerauge Kieselstein &#8211; 40 mm &#8211; Schutz &amp; Vertrauen \u2728 Dieser Kieselstein aus nat\u00fcrlichem Tigerauge ist ca. 40 [&hellip;]<\/p>\n","protected":false},"featured_media":3737,"template":"","meta":{"site-sidebar-layout":"default","site-content-layout":"","ast-site-content-layout":"default","site-content-style":"default","site-sidebar-style":"default","ast-global-header-display":"","ast-banner-title-visibility":"","ast-main-header-display":"","ast-hfb-above-header-display":"","ast-hfb-below-header-display":"","ast-hfb-mobile-header-display":"","site-post-title":"","ast-breadcrumbs-content":"","ast-featured-img":"","footer-sml-layout":"","ast-disable-related-posts":"","theme-transparent-header-meta":"default","adv-header-id-meta":"","stick-header-meta":"","header-above-stick-meta":"","header-main-stick-meta":"","header-below-stick-meta":"","astra-migrate-meta-layouts":"default","ast-page-background-enabled":"default","ast-page-background-meta":{"desktop":{"background-color":"var(--ast-global-color-5)","background-image":"","background-repeat":"repeat","background-position":"center center","background-size":"auto","background-attachment":"scroll","background-type":"","background-media":"","overlay-type":"","overlay-color":"","overlay-opacity":"","overlay-gradient":""},"tablet":{"background-color":"","background-image":"","background-repeat":"repeat","background-position":"center center","background-size":"auto","background-attachment":"scroll","background-type":"","background-media":"","overlay-type":"","overlay-color":"","overlay-opacity":"","overlay-gradient":""},"mobile":{"background-color":"","background-image":"","background-repeat":"repeat","background-position":"center center","background-size":"auto","background-attachment":"scroll","background-type":"","background-media":"","overlay-type":"","overlay-color":"","overlay-opacity":"","overlay-gradient":""}},"ast-content-background-meta":{"desktop":{"background-color":"var(--ast-global-color-4)","background-image":"","background-repeat":"repeat","background-position":"center center","background-size":"auto","background-attachment":"scroll","background-type":"","background-media":"","overlay-type":"","overlay-color":"","overlay-opacity":"","overlay-gradient":""},"tablet":{"background-color":"var(--ast-global-color-4)","background-image":"","background-repeat":"repeat","background-position":"center center","background-size":"auto","background-attachment":"scroll","background-type":"","background-media":"","overlay-type":"","overlay-color":"","overlay-opacity":"","overlay-gradient":""},"mobile":{"background-color":"var(--ast-global-color-4)","background-image":"","background-repeat":"repeat","background-position":"center center","background-size":"auto","background-attachment":"scroll","background-type":"","background-media":"","overlay-type":"","overlay-color":"","overlay-opacity":"","overlay-gradient":""}}},"product_brand":[258],"product_cat":[2702,484],"product_tag":[],"class_list":{"0":"post-1101","1":"product","2":"type-product","3":"status-publish","4":"has-post-thumbnail","6":"product_brand-naturamada","7":"product_cat-flache-kieselsteine","8":"product_cat-natursteine","9":"pa_chakra-solarplexus-chakra-manipura","10":"pa_couleur-goldfarben","11":"pa_taille-40-mm-de","12":"pa_type-de-pierre-tigerauge","13":"pa_type-produit-rolle","14":"pa_usage-wohlbefinden","15":"desktop-align-left","16":"tablet-align-left","17":"mobile-align-left","19":"first","20":"instock","21":"taxable","22":"shipping-taxable","23":"purchasable","24":"product-type-simple"},"yoast_head":"<!-- This site is optimized with the Yoast SEO plugin v27.2 - https:\/\/yoast.com\/product\/yoast-seo-wordpress\/ -->\n<title>Tigeraugenrolle 40 mm - Schutz &amp; Vertrauen | Naturamada<\/title>\n<meta name=\"description\" content=\"Kieselstein aus nat\u00fcrlichem Tigerauge (40 mm), Stein des Monats Juni und des Solarplexus-Chakras. Tradition: Schutz und Mut.\" \/>\n<meta name=\"robots\" content=\"index, follow, max-snippet:-1, max-image-preview:large, max-video-preview:-1\" \/>\n<link rel=\"canonical\" href=\"https:\/\/naturamada.com\/de\/produkt\/tigerauge-kieselstein-40-mm\/\" \/>\n<meta property=\"og:locale\" content=\"de_DE\" \/>\n<meta property=\"og:type\" content=\"article\" \/>\n<meta property=\"og:title\" content=\"Tigeraugenrolle 40 mm - Schutz &amp; Vertrauen | Naturamada\" \/>\n<meta property=\"og:description\" content=\"Kieselstein aus nat\u00fcrlichem Tigerauge (40 mm), Stein des Monats Juni und des Solarplexus-Chakras. Tradition: Schutz und Mut.\" \/>\n<meta property=\"og:url\" content=\"https:\/\/naturamada.com\/de\/produkt\/tigerauge-kieselstein-40-mm\/\" \/>\n<meta property=\"og:site_name\" content=\"Naturamada\" \/>\n<meta property=\"article:publisher\" content=\"https:\/\/www.facebook.com\/Naturamada.shop\/\" \/>\n<meta property=\"article:modified_time\" content=\"2026-03-17T19:20:11+00:00\" \/>\n<meta property=\"og:image\" content=\"https:\/\/naturamada.com\/wp-content\/uploads\/2025\/07\/galet-oeil-de-tigre-Naturamada.webp\" \/>\n\t<meta property=\"og:image:width\" content=\"2000\" \/>\n\t<meta property=\"og:image:height\" content=\"2000\" \/>\n\t<meta property=\"og:image:type\" content=\"image\/webp\" \/>\n<script type=\"application\/ld+json\" class=\"yoast-schema-graph\">{\"@context\":\"https:\/\/schema.org\",\"@graph\":[{\"@type\":\"WebPage\",\"@id\":\"https:\/\/naturamada.com\/de\/produkt\/tigerauge-kieselstein-40-mm\/\",\"url\":\"https:\/\/naturamada.com\/de\/produkt\/tigerauge-kieselstein-40-mm\/\",\"name\":\"Tigeraugenrolle 40 mm - Schutz & Vertrauen | Naturamada\",\"isPartOf\":{\"@id\":\"https:\/\/naturamada.com\/de\/#website\"},\"primaryImageOfPage\":{\"@id\":\"https:\/\/naturamada.com\/de\/produkt\/tigerauge-kieselstein-40-mm\/#primaryimage\"},\"image\":{\"@id\":\"https:\/\/naturamada.com\/de\/produkt\/tigerauge-kieselstein-40-mm\/#primaryimage\"},\"thumbnailUrl\":\"https:\/\/naturamada.com\/wp-content\/uploads\/2025\/07\/galet-oeil-de-tigre-Naturamada.webp\",\"datePublished\":\"2025-07-05T16:52:51+00:00\",\"dateModified\":\"2026-03-17T19:20:11+00:00\",\"description\":\"Kieselstein aus nat\u00fcrlichem Tigerauge (40 mm), Stein des Monats Juni und des Solarplexus-Chakras. Tradition: Schutz und Mut.\",\"breadcrumb\":{\"@id\":\"https:\/\/naturamada.com\/de\/produkt\/tigerauge-kieselstein-40-mm\/#breadcrumb\"},\"inLanguage\":\"de\",\"potentialAction\":[{\"@type\":\"ReadAction\",\"target\":[\"https:\/\/naturamada.com\/de\/produkt\/tigerauge-kieselstein-40-mm\/\"]}]},{\"@type\":\"ImageObject\",\"inLanguage\":\"de\",\"@id\":\"https:\/\/naturamada.com\/de\/produkt\/tigerauge-kieselstein-40-mm\/#primaryimage\",\"url\":\"https:\/\/naturamada.com\/wp-content\/uploads\/2025\/07\/galet-oeil-de-tigre-Naturamada.webp\",\"contentUrl\":\"https:\/\/naturamada.com\/wp-content\/uploads\/2025\/07\/galet-oeil-de-tigre-Naturamada.webp\",\"width\":2000,\"height\":2000},{\"@type\":\"BreadcrumbList\",\"@id\":\"https:\/\/naturamada.com\/de\/produkt\/tigerauge-kieselstein-40-mm\/#breadcrumb\",\"itemListElement\":[{\"@type\":\"ListItem\",\"position\":1,\"name\":\"Startseite\",\"item\":\"https:\/\/naturamada.com\/de\/\"},{\"@type\":\"ListItem\",\"position\":2,\"name\":\"Shop\",\"item\":\"https:\/\/naturamada.com\/de\/shop\/\"},{\"@type\":\"ListItem\",\"position\":3,\"name\":\"Naturamada Tigerauge-Kieselstein\"}]},{\"@type\":\"WebSite\",\"@id\":\"https:\/\/naturamada.com\/de\/#website\",\"url\":\"https:\/\/naturamada.com\/de\/\",\"name\":\"Naturamada\",\"description\":\"Epices, Superaliments et Pierres pour le bien-\u00eatre et la cuisine\",\"publisher\":{\"@id\":\"https:\/\/naturamada.com\/de\/#organization\"},\"potentialAction\":[{\"@type\":\"SearchAction\",\"target\":{\"@type\":\"EntryPoint\",\"urlTemplate\":\"https:\/\/naturamada.com\/de\/?s={search_term_string}\"},\"query-input\":{\"@type\":\"PropertyValueSpecification\",\"valueRequired\":true,\"valueName\":\"search_term_string\"}}],\"inLanguage\":\"de\"},{\"@type\":\"Organization\",\"@id\":\"https:\/\/naturamada.com\/de\/#organization\",\"name\":\"Naturamada\",\"url\":\"https:\/\/naturamada.com\/de\/\",\"logo\":{\"@type\":\"ImageObject\",\"inLanguage\":\"de\",\"@id\":\"https:\/\/naturamada.com\/de\/#\/schema\/logo\/image\/\",\"url\":\"https:\/\/naturamada.com\/wp-content\/uploads\/2025\/07\/cropped-Naturamada-10.png\",\"contentUrl\":\"https:\/\/naturamada.com\/wp-content\/uploads\/2025\/07\/cropped-Naturamada-10.png\",\"width\":1366,\"height\":455,\"caption\":\"Naturamada\"},\"image\":{\"@id\":\"https:\/\/naturamada.com\/de\/#\/schema\/logo\/image\/\"},\"sameAs\":[\"https:\/\/www.facebook.com\/Naturamada.shop\/\",\"https:\/\/www.instagram.com\/naturamada.officiel\/\"]}]}<\/script>\n<!-- \/ Yoast SEO plugin. -->","yoast_head_json":{"title":"Tigeraugenrolle 40 mm - Schutz & Vertrauen | Naturamada","description":"Kieselstein aus nat\u00fcrlichem Tigerauge (40 mm), Stein des Monats Juni und des Solarplexus-Chakras. Tradition: Schutz und Mut.","robots":{"index":"index","follow":"follow","max-snippet":"max-snippet:-1","max-image-preview":"max-image-preview:large","max-video-preview":"max-video-preview:-1"},"canonical":"https:\/\/naturamada.com\/de\/produkt\/tigerauge-kieselstein-40-mm\/","og_locale":"de_DE","og_type":"article","og_title":"Tigeraugenrolle 40 mm - Schutz & Vertrauen | Naturamada","og_description":"Kieselstein aus nat\u00fcrlichem Tigerauge (40 mm), Stein des Monats Juni und des Solarplexus-Chakras. Tradition: Schutz und Mut.","og_url":"https:\/\/naturamada.com\/de\/produkt\/tigerauge-kieselstein-40-mm\/","og_site_name":"Naturamada","article_publisher":"https:\/\/www.facebook.com\/Naturamada.shop\/","article_modified_time":"2026-03-17T19:20:11+00:00","og_image":[{"width":2000,"height":2000,"url":"https:\/\/naturamada.com\/wp-content\/uploads\/2025\/07\/galet-oeil-de-tigre-Naturamada.webp","type":"image\/webp"}],"schema":{"@context":"https:\/\/schema.org","@graph":[{"@type":"WebPage","@id":"https:\/\/naturamada.com\/de\/produkt\/tigerauge-kieselstein-40-mm\/","url":"https:\/\/naturamada.com\/de\/produkt\/tigerauge-kieselstein-40-mm\/","name":"Tigeraugenrolle 40 mm - Schutz & Vertrauen | Naturamada","isPartOf":{"@id":"https:\/\/naturamada.com\/de\/#website"},"primaryImageOfPage":{"@id":"https:\/\/naturamada.com\/de\/produkt\/tigerauge-kieselstein-40-mm\/#primaryimage"},"image":{"@id":"https:\/\/naturamada.com\/de\/produkt\/tigerauge-kieselstein-40-mm\/#primaryimage"},"thumbnailUrl":"https:\/\/naturamada.com\/wp-content\/uploads\/2025\/07\/galet-oeil-de-tigre-Naturamada.webp","datePublished":"2025-07-05T16:52:51+00:00","dateModified":"2026-03-17T19:20:11+00:00","description":"Kieselstein aus nat\u00fcrlichem Tigerauge (40 mm), Stein des Monats Juni und des Solarplexus-Chakras. Tradition: Schutz und Mut.","breadcrumb":{"@id":"https:\/\/naturamada.com\/de\/produkt\/tigerauge-kieselstein-40-mm\/#breadcrumb"},"inLanguage":"de","potentialAction":[{"@type":"ReadAction","target":["https:\/\/naturamada.com\/de\/produkt\/tigerauge-kieselstein-40-mm\/"]}]},{"@type":"ImageObject","inLanguage":"de","@id":"https:\/\/naturamada.com\/de\/produkt\/tigerauge-kieselstein-40-mm\/#primaryimage","url":"https:\/\/naturamada.com\/wp-content\/uploads\/2025\/07\/galet-oeil-de-tigre-Naturamada.webp","contentUrl":"https:\/\/naturamada.com\/wp-content\/uploads\/2025\/07\/galet-oeil-de-tigre-Naturamada.webp","width":2000,"height":2000},{"@type":"BreadcrumbList","@id":"https:\/\/naturamada.com\/de\/produkt\/tigerauge-kieselstein-40-mm\/#breadcrumb","itemListElement":[{"@type":"ListItem","position":1,"name":"Startseite","item":"https:\/\/naturamada.com\/de\/"},{"@type":"ListItem","position":2,"name":"Shop","item":"https:\/\/naturamada.com\/de\/shop\/"},{"@type":"ListItem","position":3,"name":"Naturamada Tigerauge-Kieselstein"}]},{"@type":"WebSite","@id":"https:\/\/naturamada.com\/de\/#website","url":"https:\/\/naturamada.com\/de\/","name":"Naturamada","description":"Epices, Superaliments et Pierres pour le bien-\u00eatre et la cuisine","publisher":{"@id":"https:\/\/naturamada.com\/de\/#organization"},"potentialAction":[{"@type":"SearchAction","target":{"@type":"EntryPoint","urlTemplate":"https:\/\/naturamada.com\/de\/?s={search_term_string}"},"query-input":{"@type":"PropertyValueSpecification","valueRequired":true,"valueName":"search_term_string"}}],"inLanguage":"de"},{"@type":"Organization","@id":"https:\/\/naturamada.com\/de\/#organization","name":"Naturamada","url":"https:\/\/naturamada.com\/de\/","logo":{"@type":"ImageObject","inLanguage":"de","@id":"https:\/\/naturamada.com\/de\/#\/schema\/logo\/image\/","url":"https:\/\/naturamada.com\/wp-content\/uploads\/2025\/07\/cropped-Naturamada-10.png","contentUrl":"https:\/\/naturamada.com\/wp-content\/uploads\/2025\/07\/cropped-Naturamada-10.png","width":1366,"height":455,"caption":"Naturamada"},"image":{"@id":"https:\/\/naturamada.com\/de\/#\/schema\/logo\/image\/"},"sameAs":["https:\/\/www.facebook.com\/Naturamada.shop\/","https:\/\/www.instagram.com\/naturamada.officiel\/"]}]}},"_links":{"self":[{"href":"https:\/\/naturamada.com\/de\/wp-json\/wp\/v2\/product\/1101","targetHints":{"allow":["GET"]}}],"collection":[{"href":"https:\/\/naturamada.com\/de\/wp-json\/wp\/v2\/product"}],"about":[{"href":"https:\/\/naturamada.com\/de\/wp-json\/wp\/v2\/types\/product"}],"wp:featuredmedia":[{"embeddable":true,"href":"https:\/\/naturamada.com\/de\/wp-json\/wp\/v2\/media\/3737"}],"wp:attachment":[{"href":"https:\/\/naturamada.com\/de\/wp-json\/wp\/v2\/media?parent=1101"}],"wp:term":[{"taxonomy":"product_brand","embeddable":true,"href":"https:\/\/naturamada.com\/de\/wp-json\/wp\/v2\/product_brand?post=1101"},{"taxonomy":"product_cat","embeddable":true,"href":"https:\/\/naturamada.com\/de\/wp-json\/wp\/v2\/product_cat?post=1101"},{"taxonomy":"product_tag","embeddable":true,"href":"https:\/\/naturamada.com\/de\/wp-json\/wp\/v2\/product_tag?post=1101"}],"curies":[{"name":"wp","href":"https:\/\/api.w.org\/{rel}","templated":true}]}}