{"id":1099,"date":"2025-07-05T15:03:35","date_gmt":"2025-07-05T15:03:35","guid":{"rendered":"https:\/\/naturamada.com\/produit\/armband-aus-rotem-jaspis-6-mm\/"},"modified":"2026-03-17T19:21:10","modified_gmt":"2026-03-17T19:21:10","slug":"armband-aus-rotem-jaspis-6-mm","status":"publish","type":"product","link":"https:\/\/naturamada.com\/de\/produkt\/armband-aus-rotem-jaspis-6-mm\/","title":{"rendered":"Armband aus rotem Jaspis"},"content":{"rendered":"<p data-start=\"159\" data-end=\"225\">\u2728 <strong data-start=\"161\" data-end=\"221\">Armband aus nat\u00fcrlichem rotem Jaspis &#8211; 6 mm &#8211; Energie &amp; Vitalit\u00e4t<\/strong> \u2728<\/p>\n<p data-start=\"227\" data-end=\"511\">Dieses Armband aus rotem Jaspis ist mit 6 mm gro\u00dfen nat\u00fcrlichen Perlen hergestellt, die sorgf\u00e4ltig aufgrund ihrer warmen Farbe und ihrer dynamischen Energie ausgew\u00e4hlt wurden. Der rote Jaspis ist ein Symbol f\u00fcr Verankerung, Mut und Vitalit\u00e4t und wird mit dem <strong data-start=\"465\" data-end=\"484\">Monat Juli<\/strong> und dem <strong data-start=\"491\" data-end=\"508\">Wurzelchakra<\/strong> in Verbindung gebracht. <\/p>\n<p data-start=\"513\" data-end=\"755\">Jedes Armband ist handgefertigt, um Sie im Alltag oder bei Ihren spirituellen Praktiken zu begleiten.<\/p>\n<p data-start=\"757\" data-end=\"1003\"><strong data-start=\"760\" data-end=\"820\">Eigenschaften des roten Jaspis (nach spirituellen Traditionen) :<\/strong><br data-start=\"820\" data-end=\"823\"> Verleiht Kraft und Stabilit\u00e4t<br data-start=\"852\" data-end=\"855\">F\u00f6rdert Vitalit\u00e4t und Mut<br data-start=\"893\" data-end=\"896\">F\u00f6rdert Verankerung und Selbstvertrauen<br data-start=\"940\" data-end=\"943\">Wird mit dem Wurzelchakra in Verbindung gebracht<br data-start=\"970\" data-end=\"973\">Stein des <strong>Monats Juli<\/strong><\/p>\n<p data-start=\"1005\" data-end=\"1034\"><strong data-start=\"1008\" data-end=\"1032\">Produktdetails :<\/strong><\/p>\n<ul data-start=\"1035\" data-end=\"1255\">\n<li data-start=\"1035\" data-end=\"1064\">\n<p data-start=\"1037\" data-end=\"1064\">Art : Elastisches Armband<\/p>\n<\/li>\n<li data-start=\"1065\" data-end=\"1079\">\n<p data-start=\"1067\" data-end=\"1079\">Gr\u00f6\u00dfe: XS<\/p>\n<\/li>\n<li data-start=\"1080\" data-end=\"1112\">\n<p data-start=\"1082\" data-end=\"1112\">Stein: Nat\u00fcrlicher roter Jaspis<\/p>\n<\/li>\n<li data-start=\"1113\" data-end=\"1143\">\n<p data-start=\"1115\" data-end=\"1143\">Durchmesser der Perlen: 6 mm<\/p>\n<\/li>\n<li data-start=\"1202\" data-end=\"1255\">\n<p data-start=\"1204\" data-end=\"1255\">Herstellung: Handwerklich<\/p>\n<\/li>\n<\/ul>\n<p data-start=\"1257\" data-end=\"1419\"><strong data-start=\"1260\" data-end=\"1275\">Pflege:<\/strong><br data-start=\"1275\" data-end=\"1278\">Reinigen Sie Ihr Armband regelm\u00e4\u00dfig mit Salbei, Weihrauch oder indirektem Salz. Laden Sie ihn im Tageslicht oder auf einer Blume des Lebens auf.<\/p>\n<p data-start=\"1421\" data-end=\"1513\"><strong data-start=\"1424\" data-end=\"1441\">Geschenkidee:<\/strong><br data-start=\"1441\" data-end=\"1444\">Perfekt f\u00fcr einen Geburtstag, eine Party oder einfach f\u00fcr sich selbst.<\/p>\n<p data-start=\"1421\" data-end=\"1513\"><strong data-start=\"1217\" data-end=\"1234\">Warnung<\/strong><br data-start=\"1234\" data-end=\"1237\"><em>Die in diesem Artikel enthaltenen Informationen zu Ern\u00e4hrung und Wohlbefinden basieren auf traditionellen Br\u00e4uchen und den heute verf\u00fcgbaren Studien. Sie sind kein Ersatz f\u00fcr eine individuelle medizinische oder ern\u00e4hrungswissenschaftliche Betreuung. <\/em><\/p>\n","protected":false},"excerpt":{"rendered":"<p>\u2728 Armband aus nat\u00fcrlichem rotem Jaspis &#8211; 6 mm &#8211; Energie &amp; Vitalit\u00e4t \u2728 Dieses Armband aus rotem Jaspis ist [&hellip;]<\/p>\n","protected":false},"featured_media":841,"template":"","meta":{"site-sidebar-layout":"default","site-content-layout":"","ast-site-content-layout":"default","site-content-style":"default","site-sidebar-style":"default","ast-global-header-display":"","ast-banner-title-visibility":"","ast-main-header-display":"","ast-hfb-above-header-display":"","ast-hfb-below-header-display":"","ast-hfb-mobile-header-display":"","site-post-title":"","ast-breadcrumbs-content":"","ast-featured-img":"","footer-sml-layout":"","ast-disable-related-posts":"","theme-transparent-header-meta":"default","adv-header-id-meta":"","stick-header-meta":"","header-above-stick-meta":"","header-main-stick-meta":"","header-below-stick-meta":"","astra-migrate-meta-layouts":"default","ast-page-background-enabled":"default","ast-page-background-meta":{"desktop":{"background-color":"var(--ast-global-color-5)","background-image":"","background-repeat":"repeat","background-position":"center center","background-size":"auto","background-attachment":"scroll","background-type":"","background-media":"","overlay-type":"","overlay-color":"","overlay-opacity":"","overlay-gradient":""},"tablet":{"background-color":"","background-image":"","background-repeat":"repeat","background-position":"center center","background-size":"auto","background-attachment":"scroll","background-type":"","background-media":"","overlay-type":"","overlay-color":"","overlay-opacity":"","overlay-gradient":""},"mobile":{"background-color":"","background-image":"","background-repeat":"repeat","background-position":"center center","background-size":"auto","background-attachment":"scroll","background-type":"","background-media":"","overlay-type":"","overlay-color":"","overlay-opacity":"","overlay-gradient":""}},"ast-content-background-meta":{"desktop":{"background-color":"var(--ast-global-color-4)","background-image":"","background-repeat":"repeat","background-position":"center center","background-size":"auto","background-attachment":"scroll","background-type":"","background-media":"","overlay-type":"","overlay-color":"","overlay-opacity":"","overlay-gradient":""},"tablet":{"background-color":"var(--ast-global-color-4)","background-image":"","background-repeat":"repeat","background-position":"center center","background-size":"auto","background-attachment":"scroll","background-type":"","background-media":"","overlay-type":"","overlay-color":"","overlay-opacity":"","overlay-gradient":""},"mobile":{"background-color":"var(--ast-global-color-4)","background-image":"","background-repeat":"repeat","background-position":"center center","background-size":"auto","background-attachment":"scroll","background-type":"","background-media":"","overlay-type":"","overlay-color":"","overlay-opacity":"","overlay-gradient":""}}},"product_brand":[],"product_cat":[484,2692],"product_tag":[],"class_list":{"0":"post-1099","1":"product","2":"type-product","3":"status-publish","4":"has-post-thumbnail","6":"product_cat-natursteine","7":"product_cat-steinarmbander","8":"pa_chakra-wurzelchakra-muladhara","9":"pa_couleur-rot","10":"pa_taille-6-mm-de","11":"pa_taille-xs-de","12":"pa_type-de-pierre-roter-jaspis","13":"pa_type-produit-armband","14":"pa_usage-wohlbefinden","15":"desktop-align-left","16":"tablet-align-left","17":"mobile-align-left","19":"first","20":"instock","21":"taxable","22":"shipping-taxable","23":"purchasable","24":"product-type-simple"},"yoast_head":"<!-- This site is optimized with the Yoast SEO plugin v27.5 - https:\/\/yoast.com\/product\/yoast-seo-wordpress\/ -->\n<title>Armband Roter Jaspis 6 mm - Energie und Vitalit\u00e4t | Naturamada<\/title>\n<meta name=\"description\" content=\"Armband aus nat\u00fcrlichem rotem Jaspis (6 mm Perlen), Stein des Monats Juli und des Wurzelchakras. Energie, Verankerung und Vitalit\u00e4t. Handgefertigt.\" \/>\n<meta name=\"robots\" content=\"index, follow, max-snippet:-1, max-image-preview:large, max-video-preview:-1\" \/>\n<link rel=\"canonical\" href=\"https:\/\/naturamada.com\/de\/produkt\/armband-aus-rotem-jaspis-6-mm\/\" \/>\n<meta property=\"og:locale\" content=\"de_DE\" \/>\n<meta property=\"og:type\" content=\"article\" \/>\n<meta property=\"og:title\" content=\"Armband Roter Jaspis 6 mm - Energie und Vitalit\u00e4t | Naturamada\" \/>\n<meta property=\"og:description\" content=\"Armband aus nat\u00fcrlichem rotem Jaspis (6 mm Perlen), Stein des Monats Juli und des Wurzelchakras. Energie, Verankerung und Vitalit\u00e4t. Handgefertigt.\" \/>\n<meta property=\"og:url\" content=\"https:\/\/naturamada.com\/de\/produkt\/armband-aus-rotem-jaspis-6-mm\/\" \/>\n<meta property=\"og:site_name\" content=\"Naturamada\" \/>\n<meta property=\"article:publisher\" content=\"https:\/\/www.facebook.com\/Naturamada.shop\/\" \/>\n<meta property=\"article:modified_time\" content=\"2026-03-17T19:21:10+00:00\" \/>\n<meta property=\"og:image\" content=\"https:\/\/naturamada.com\/wp-content\/uploads\/2025\/07\/Bracelet-jaspe-rouge-Naturamada-.jpg\" \/>\n\t<meta property=\"og:image:width\" content=\"2000\" \/>\n\t<meta property=\"og:image:height\" content=\"2000\" \/>\n\t<meta property=\"og:image:type\" content=\"image\/jpeg\" \/>\n<script type=\"application\/ld+json\" class=\"yoast-schema-graph\">{\"@context\":\"https:\\\/\\\/schema.org\",\"@graph\":[{\"@type\":\"WebPage\",\"@id\":\"https:\\\/\\\/naturamada.com\\\/de\\\/produkt\\\/armband-aus-rotem-jaspis-6-mm\\\/\",\"url\":\"https:\\\/\\\/naturamada.com\\\/de\\\/produkt\\\/armband-aus-rotem-jaspis-6-mm\\\/\",\"name\":\"Armband Roter Jaspis 6 mm - Energie und Vitalit\u00e4t | Naturamada\",\"isPartOf\":{\"@id\":\"https:\\\/\\\/naturamada.com\\\/de\\\/#website\"},\"primaryImageOfPage\":{\"@id\":\"https:\\\/\\\/naturamada.com\\\/de\\\/produkt\\\/armband-aus-rotem-jaspis-6-mm\\\/#primaryimage\"},\"image\":{\"@id\":\"https:\\\/\\\/naturamada.com\\\/de\\\/produkt\\\/armband-aus-rotem-jaspis-6-mm\\\/#primaryimage\"},\"thumbnailUrl\":\"https:\\\/\\\/naturamada.com\\\/wp-content\\\/uploads\\\/2025\\\/07\\\/Bracelet-jaspe-rouge-Naturamada-.jpg\",\"datePublished\":\"2025-07-05T15:03:35+00:00\",\"dateModified\":\"2026-03-17T19:21:10+00:00\",\"description\":\"Armband aus nat\u00fcrlichem rotem Jaspis (6 mm Perlen), Stein des Monats Juli und des Wurzelchakras. Energie, Verankerung und Vitalit\u00e4t. Handgefertigt.\",\"breadcrumb\":{\"@id\":\"https:\\\/\\\/naturamada.com\\\/de\\\/produkt\\\/armband-aus-rotem-jaspis-6-mm\\\/#breadcrumb\"},\"inLanguage\":\"de\",\"potentialAction\":[{\"@type\":\"ReadAction\",\"target\":[\"https:\\\/\\\/naturamada.com\\\/de\\\/produkt\\\/armband-aus-rotem-jaspis-6-mm\\\/\"]}]},{\"@type\":\"ImageObject\",\"inLanguage\":\"de\",\"@id\":\"https:\\\/\\\/naturamada.com\\\/de\\\/produkt\\\/armband-aus-rotem-jaspis-6-mm\\\/#primaryimage\",\"url\":\"https:\\\/\\\/naturamada.com\\\/wp-content\\\/uploads\\\/2025\\\/07\\\/Bracelet-jaspe-rouge-Naturamada-.jpg\",\"contentUrl\":\"https:\\\/\\\/naturamada.com\\\/wp-content\\\/uploads\\\/2025\\\/07\\\/Bracelet-jaspe-rouge-Naturamada-.jpg\",\"width\":2000,\"height\":2000},{\"@type\":\"BreadcrumbList\",\"@id\":\"https:\\\/\\\/naturamada.com\\\/de\\\/produkt\\\/armband-aus-rotem-jaspis-6-mm\\\/#breadcrumb\",\"itemListElement\":[{\"@type\":\"ListItem\",\"position\":1,\"name\":\"Startseite\",\"item\":\"https:\\\/\\\/naturamada.com\\\/de\\\/\"},{\"@type\":\"ListItem\",\"position\":2,\"name\":\"Shop\",\"item\":\"https:\\\/\\\/naturamada.com\\\/de\\\/shop\\\/\"},{\"@type\":\"ListItem\",\"position\":3,\"name\":\"Armband aus rotem Jaspis\"}]},{\"@type\":\"WebSite\",\"@id\":\"https:\\\/\\\/naturamada.com\\\/de\\\/#website\",\"url\":\"https:\\\/\\\/naturamada.com\\\/de\\\/\",\"name\":\"Naturamada\",\"description\":\"Epices, Superaliments et Pierres pour le bien-\u00eatre et la cuisine\",\"publisher\":{\"@id\":\"https:\\\/\\\/naturamada.com\\\/de\\\/#organization\"},\"potentialAction\":[{\"@type\":\"SearchAction\",\"target\":{\"@type\":\"EntryPoint\",\"urlTemplate\":\"https:\\\/\\\/naturamada.com\\\/de\\\/?s={search_term_string}\"},\"query-input\":{\"@type\":\"PropertyValueSpecification\",\"valueRequired\":true,\"valueName\":\"search_term_string\"}}],\"inLanguage\":\"de\"},{\"@type\":\"Organization\",\"@id\":\"https:\\\/\\\/naturamada.com\\\/de\\\/#organization\",\"name\":\"Naturamada\",\"url\":\"https:\\\/\\\/naturamada.com\\\/de\\\/\",\"logo\":{\"@type\":\"ImageObject\",\"inLanguage\":\"de\",\"@id\":\"https:\\\/\\\/naturamada.com\\\/de\\\/#\\\/schema\\\/logo\\\/image\\\/\",\"url\":\"https:\\\/\\\/naturamada.com\\\/wp-content\\\/uploads\\\/2025\\\/07\\\/cropped-Naturamada-10.png\",\"contentUrl\":\"https:\\\/\\\/naturamada.com\\\/wp-content\\\/uploads\\\/2025\\\/07\\\/cropped-Naturamada-10.png\",\"width\":1366,\"height\":455,\"caption\":\"Naturamada\"},\"image\":{\"@id\":\"https:\\\/\\\/naturamada.com\\\/de\\\/#\\\/schema\\\/logo\\\/image\\\/\"},\"sameAs\":[\"https:\\\/\\\/www.facebook.com\\\/Naturamada.shop\\\/\",\"https:\\\/\\\/www.instagram.com\\\/naturamada.officiel\\\/\"]}]}<\/script>\n<!-- \/ Yoast SEO plugin. -->","yoast_head_json":{"title":"Armband Roter Jaspis 6 mm - Energie und Vitalit\u00e4t | Naturamada","description":"Armband aus nat\u00fcrlichem rotem Jaspis (6 mm Perlen), Stein des Monats Juli und des Wurzelchakras. Energie, Verankerung und Vitalit\u00e4t. Handgefertigt.","robots":{"index":"index","follow":"follow","max-snippet":"max-snippet:-1","max-image-preview":"max-image-preview:large","max-video-preview":"max-video-preview:-1"},"canonical":"https:\/\/naturamada.com\/de\/produkt\/armband-aus-rotem-jaspis-6-mm\/","og_locale":"de_DE","og_type":"article","og_title":"Armband Roter Jaspis 6 mm - Energie und Vitalit\u00e4t | Naturamada","og_description":"Armband aus nat\u00fcrlichem rotem Jaspis (6 mm Perlen), Stein des Monats Juli und des Wurzelchakras. Energie, Verankerung und Vitalit\u00e4t. Handgefertigt.","og_url":"https:\/\/naturamada.com\/de\/produkt\/armband-aus-rotem-jaspis-6-mm\/","og_site_name":"Naturamada","article_publisher":"https:\/\/www.facebook.com\/Naturamada.shop\/","article_modified_time":"2026-03-17T19:21:10+00:00","og_image":[{"width":2000,"height":2000,"url":"https:\/\/naturamada.com\/wp-content\/uploads\/2025\/07\/Bracelet-jaspe-rouge-Naturamada-.jpg","type":"image\/jpeg"}],"schema":{"@context":"https:\/\/schema.org","@graph":[{"@type":"WebPage","@id":"https:\/\/naturamada.com\/de\/produkt\/armband-aus-rotem-jaspis-6-mm\/","url":"https:\/\/naturamada.com\/de\/produkt\/armband-aus-rotem-jaspis-6-mm\/","name":"Armband Roter Jaspis 6 mm - Energie und Vitalit\u00e4t | Naturamada","isPartOf":{"@id":"https:\/\/naturamada.com\/de\/#website"},"primaryImageOfPage":{"@id":"https:\/\/naturamada.com\/de\/produkt\/armband-aus-rotem-jaspis-6-mm\/#primaryimage"},"image":{"@id":"https:\/\/naturamada.com\/de\/produkt\/armband-aus-rotem-jaspis-6-mm\/#primaryimage"},"thumbnailUrl":"https:\/\/naturamada.com\/wp-content\/uploads\/2025\/07\/Bracelet-jaspe-rouge-Naturamada-.jpg","datePublished":"2025-07-05T15:03:35+00:00","dateModified":"2026-03-17T19:21:10+00:00","description":"Armband aus nat\u00fcrlichem rotem Jaspis (6 mm Perlen), Stein des Monats Juli und des Wurzelchakras. Energie, Verankerung und Vitalit\u00e4t. Handgefertigt.","breadcrumb":{"@id":"https:\/\/naturamada.com\/de\/produkt\/armband-aus-rotem-jaspis-6-mm\/#breadcrumb"},"inLanguage":"de","potentialAction":[{"@type":"ReadAction","target":["https:\/\/naturamada.com\/de\/produkt\/armband-aus-rotem-jaspis-6-mm\/"]}]},{"@type":"ImageObject","inLanguage":"de","@id":"https:\/\/naturamada.com\/de\/produkt\/armband-aus-rotem-jaspis-6-mm\/#primaryimage","url":"https:\/\/naturamada.com\/wp-content\/uploads\/2025\/07\/Bracelet-jaspe-rouge-Naturamada-.jpg","contentUrl":"https:\/\/naturamada.com\/wp-content\/uploads\/2025\/07\/Bracelet-jaspe-rouge-Naturamada-.jpg","width":2000,"height":2000},{"@type":"BreadcrumbList","@id":"https:\/\/naturamada.com\/de\/produkt\/armband-aus-rotem-jaspis-6-mm\/#breadcrumb","itemListElement":[{"@type":"ListItem","position":1,"name":"Startseite","item":"https:\/\/naturamada.com\/de\/"},{"@type":"ListItem","position":2,"name":"Shop","item":"https:\/\/naturamada.com\/de\/shop\/"},{"@type":"ListItem","position":3,"name":"Armband aus rotem Jaspis"}]},{"@type":"WebSite","@id":"https:\/\/naturamada.com\/de\/#website","url":"https:\/\/naturamada.com\/de\/","name":"Naturamada","description":"Epices, Superaliments et Pierres pour le bien-\u00eatre et la cuisine","publisher":{"@id":"https:\/\/naturamada.com\/de\/#organization"},"potentialAction":[{"@type":"SearchAction","target":{"@type":"EntryPoint","urlTemplate":"https:\/\/naturamada.com\/de\/?s={search_term_string}"},"query-input":{"@type":"PropertyValueSpecification","valueRequired":true,"valueName":"search_term_string"}}],"inLanguage":"de"},{"@type":"Organization","@id":"https:\/\/naturamada.com\/de\/#organization","name":"Naturamada","url":"https:\/\/naturamada.com\/de\/","logo":{"@type":"ImageObject","inLanguage":"de","@id":"https:\/\/naturamada.com\/de\/#\/schema\/logo\/image\/","url":"https:\/\/naturamada.com\/wp-content\/uploads\/2025\/07\/cropped-Naturamada-10.png","contentUrl":"https:\/\/naturamada.com\/wp-content\/uploads\/2025\/07\/cropped-Naturamada-10.png","width":1366,"height":455,"caption":"Naturamada"},"image":{"@id":"https:\/\/naturamada.com\/de\/#\/schema\/logo\/image\/"},"sameAs":["https:\/\/www.facebook.com\/Naturamada.shop\/","https:\/\/www.instagram.com\/naturamada.officiel\/"]}]}},"_links":{"self":[{"href":"https:\/\/naturamada.com\/de\/wp-json\/wp\/v2\/product\/1099","targetHints":{"allow":["GET"]}}],"collection":[{"href":"https:\/\/naturamada.com\/de\/wp-json\/wp\/v2\/product"}],"about":[{"href":"https:\/\/naturamada.com\/de\/wp-json\/wp\/v2\/types\/product"}],"wp:featuredmedia":[{"embeddable":true,"href":"https:\/\/naturamada.com\/de\/wp-json\/wp\/v2\/media\/841"}],"wp:attachment":[{"href":"https:\/\/naturamada.com\/de\/wp-json\/wp\/v2\/media?parent=1099"}],"wp:term":[{"taxonomy":"product_brand","embeddable":true,"href":"https:\/\/naturamada.com\/de\/wp-json\/wp\/v2\/product_brand?post=1099"},{"taxonomy":"product_cat","embeddable":true,"href":"https:\/\/naturamada.com\/de\/wp-json\/wp\/v2\/product_cat?post=1099"},{"taxonomy":"product_tag","embeddable":true,"href":"https:\/\/naturamada.com\/de\/wp-json\/wp\/v2\/product_tag?post=1099"}],"curies":[{"name":"wp","href":"https:\/\/api.w.org\/{rel}","templated":true}]}}