{"id":1098,"date":"2025-07-05T14:50:19","date_gmt":"2025-07-05T14:50:19","guid":{"rendered":"https:\/\/naturamada.com\/produit\/aventurin-armband-6-mm\/"},"modified":"2026-03-17T19:21:09","modified_gmt":"2026-03-17T19:21:09","slug":"aventurin-armband-6-mm","status":"publish","type":"product","link":"https:\/\/naturamada.com\/de\/produkt\/aventurin-armband-6-mm\/","title":{"rendered":"Aventurin-Armband"},"content":{"rendered":"<p data-start=\"210\" data-end=\"282\">\u2728 <strong data-start=\"212\" data-end=\"278\">Nat\u00fcrlicher gr\u00fcner Aventurin &#8211; 6 mm &#8211; Gl\u00fcck &amp; Gelassenheit &#8211; Armband<\/strong> \u2728<\/p>\n<p data-start=\"284\" data-end=\"568\">Dieses Armband aus gr\u00fcnem Aventurin ist mit 6 mm gro\u00dfen nat\u00fcrlichen Perlen hergestellt, die sorgf\u00e4ltig nach ihrem Glanz und ihrer sanften Energie ausgew\u00e4hlt wurden. Der Aventurin ist ein Symbol f\u00fcr Gl\u00fcck, emotionale Harmonie und Erneuerung und wird mit dem <strong data-start=\"525\" data-end=\"540\">Monat Mai<\/strong> und dem <strong data-start=\"547\" data-end=\"565\">Herzchakra<\/strong> in Verbindung gebracht. <\/p>\n<p data-start=\"570\" data-end=\"823\">Jedes Armband wird von Naturamada sorgf\u00e4ltig handgefertigt, um Sie im Alltag oder bei Ihren Meditations\u00fcbungen zu begleiten.<\/p>\n<p data-start=\"825\" data-end=\"1081\"><strong data-start=\"828\" data-end=\"883\">Eigenschaften des gr\u00fcnen Aventurins (nach spirituellen Traditionen):<\/strong><br data-start=\"883\" data-end=\"886\">F\u00f6rdert das Gl\u00fcck und zieht Gelegenheiten an<br data-start=\"972\" data-end=\"975\">F\u00f6rdert das Treffen von Entscheidungen mit Klarheit<br data-start=\"1020\" data-end=\"1023\">Mit dem Herzchakra verbunden<br data-start=\"1052\" data-end=\"1055\">Stein des <strong>Monats Mai<\/strong><\/p>\n<p data-start=\"1083\" data-end=\"1112\"><strong data-start=\"1086\" data-end=\"1110\">Produktdetails :<\/strong><\/p>\n<ul data-start=\"1113\" data-end=\"1340\">\n<li data-start=\"1113\" data-end=\"1142\">\n<p data-start=\"1115\" data-end=\"1142\">Art : Elastisches Armband<\/p>\n<\/li>\n<li data-start=\"1143\" data-end=\"1157\">\n<p data-start=\"1145\" data-end=\"1157\">Gr\u00f6\u00dfe: XS<\/p>\n<\/li>\n<li data-start=\"1158\" data-end=\"1197\">\n<p data-start=\"1160\" data-end=\"1197\">Stein: Nat\u00fcrlicher gr\u00fcner Aventurin<\/p>\n<\/li>\n<li data-start=\"1198\" data-end=\"1228\">\n<p data-start=\"1200\" data-end=\"1228\">Durchmesser der Perlen: 6 mm<\/p>\n<\/li>\n<li data-start=\"1287\" data-end=\"1340\">\n<p data-start=\"1289\" data-end=\"1340\">Herstellung: Handwerklich<\/p>\n<\/li>\n<\/ul>\n<p data-start=\"1342\" data-end=\"1504\"><strong data-start=\"1345\" data-end=\"1360\">Pflege:<\/strong><br data-start=\"1360\" data-end=\"1363\">Reinigen Sie Ihr Armband regelm\u00e4\u00dfig mit Salbei, Weihrauch oder indirektem Salz. Laden Sie ihn im Tageslicht oder auf einer Blume des Lebens auf.<\/p>\n<p data-start=\"1506\" data-end=\"1598\"><strong data-start=\"1509\" data-end=\"1526\">Geschenkidee: <\/strong>Perfekt f\u00fcr einen Geburtstag, eine Party oder einfach f\u00fcr sich selbst.<\/p>\n<p data-start=\"1506\" data-end=\"1598\"><strong data-start=\"1217\" data-end=\"1234\">Warnung<\/strong><br data-start=\"1234\" data-end=\"1237\"><em>Die in diesem Artikel enthaltenen Informationen zu Ern\u00e4hrung und Wohlbefinden basieren auf traditionellen Br\u00e4uchen und den heute verf\u00fcgbaren Studien. Sie sind kein Ersatz f\u00fcr eine individuelle medizinische oder ern\u00e4hrungswissenschaftliche Betreuung. <\/em><\/p>\n","protected":false},"excerpt":{"rendered":"<p>\u2728 Nat\u00fcrlicher gr\u00fcner Aventurin &#8211; 6 mm &#8211; Gl\u00fcck &amp; Gelassenheit &#8211; Armband \u2728 Dieses Armband aus gr\u00fcnem Aventurin ist [&hellip;]<\/p>\n","protected":false},"featured_media":825,"template":"","meta":{"site-sidebar-layout":"default","site-content-layout":"","ast-site-content-layout":"default","site-content-style":"default","site-sidebar-style":"default","ast-global-header-display":"","ast-banner-title-visibility":"","ast-main-header-display":"","ast-hfb-above-header-display":"","ast-hfb-below-header-display":"","ast-hfb-mobile-header-display":"","site-post-title":"","ast-breadcrumbs-content":"","ast-featured-img":"","footer-sml-layout":"","ast-disable-related-posts":"","theme-transparent-header-meta":"default","adv-header-id-meta":"","stick-header-meta":"","header-above-stick-meta":"","header-main-stick-meta":"","header-below-stick-meta":"","astra-migrate-meta-layouts":"default","ast-page-background-enabled":"default","ast-page-background-meta":{"desktop":{"background-color":"var(--ast-global-color-5)","background-image":"","background-repeat":"repeat","background-position":"center center","background-size":"auto","background-attachment":"scroll","background-type":"","background-media":"","overlay-type":"","overlay-color":"","overlay-opacity":"","overlay-gradient":""},"tablet":{"background-color":"","background-image":"","background-repeat":"repeat","background-position":"center center","background-size":"auto","background-attachment":"scroll","background-type":"","background-media":"","overlay-type":"","overlay-color":"","overlay-opacity":"","overlay-gradient":""},"mobile":{"background-color":"","background-image":"","background-repeat":"repeat","background-position":"center center","background-size":"auto","background-attachment":"scroll","background-type":"","background-media":"","overlay-type":"","overlay-color":"","overlay-opacity":"","overlay-gradient":""}},"ast-content-background-meta":{"desktop":{"background-color":"var(--ast-global-color-4)","background-image":"","background-repeat":"repeat","background-position":"center center","background-size":"auto","background-attachment":"scroll","background-type":"","background-media":"","overlay-type":"","overlay-color":"","overlay-opacity":"","overlay-gradient":""},"tablet":{"background-color":"var(--ast-global-color-4)","background-image":"","background-repeat":"repeat","background-position":"center center","background-size":"auto","background-attachment":"scroll","background-type":"","background-media":"","overlay-type":"","overlay-color":"","overlay-opacity":"","overlay-gradient":""},"mobile":{"background-color":"var(--ast-global-color-4)","background-image":"","background-repeat":"repeat","background-position":"center center","background-size":"auto","background-attachment":"scroll","background-type":"","background-media":"","overlay-type":"","overlay-color":"","overlay-opacity":"","overlay-gradient":""}}},"product_brand":[],"product_cat":[484,2692],"product_tag":[],"class_list":{"0":"post-1098","1":"product","2":"type-product","3":"status-publish","4":"has-post-thumbnail","6":"product_cat-natursteine","7":"product_cat-steinarmbander","8":"pa_chakra-herz-chakra-anahata","9":"pa_couleur-grun","10":"pa_taille-6-mm-de","11":"pa_taille-xs-de","12":"pa_type-de-pierre-aventurin","13":"pa_type-produit-armband","14":"pa_usage-wohlbefinden","15":"desktop-align-left","16":"tablet-align-left","17":"mobile-align-left","19":"first","20":"instock","21":"taxable","22":"shipping-taxable","23":"purchasable","24":"product-type-simple"},"yoast_head":"<!-- This site is optimized with the Yoast SEO plugin v27.5 - https:\/\/yoast.com\/product\/yoast-seo-wordpress\/ -->\n<title>Aventurin Armband 6 mm - Gl\u00fcck und Gelassenheit | Naturamada<\/title>\n<meta name=\"description\" content=\"Armband aus nat\u00fcrlichem gr\u00fcnem Aventurin (6 mm Perlen), Stein des Monats Mai und des Herzchakras. F\u00f6rdert Gl\u00fcck und Harmonie. Kunsthandwerk von Naturamada.\" \/>\n<meta name=\"robots\" content=\"index, follow, max-snippet:-1, max-image-preview:large, max-video-preview:-1\" \/>\n<link rel=\"canonical\" href=\"https:\/\/naturamada.com\/de\/produkt\/aventurin-armband-6-mm\/\" \/>\n<meta property=\"og:locale\" content=\"de_DE\" \/>\n<meta property=\"og:type\" content=\"article\" \/>\n<meta property=\"og:title\" content=\"Aventurin Armband 6 mm - Gl\u00fcck und Gelassenheit | Naturamada\" \/>\n<meta property=\"og:description\" content=\"Armband aus nat\u00fcrlichem gr\u00fcnem Aventurin (6 mm Perlen), Stein des Monats Mai und des Herzchakras. F\u00f6rdert Gl\u00fcck und Harmonie. Kunsthandwerk von Naturamada.\" \/>\n<meta property=\"og:url\" content=\"https:\/\/naturamada.com\/de\/produkt\/aventurin-armband-6-mm\/\" \/>\n<meta property=\"og:site_name\" content=\"Naturamada\" \/>\n<meta property=\"article:publisher\" content=\"https:\/\/www.facebook.com\/Naturamada.shop\/\" \/>\n<meta property=\"article:modified_time\" content=\"2026-03-17T19:21:09+00:00\" \/>\n<meta property=\"og:image\" content=\"https:\/\/naturamada.com\/wp-content\/uploads\/2025\/07\/Design-sans-titre-30-1024x1024.png\" \/>\n\t<meta property=\"og:image:width\" content=\"1024\" \/>\n\t<meta property=\"og:image:height\" content=\"1024\" \/>\n\t<meta property=\"og:image:type\" content=\"image\/png\" \/>\n<script type=\"application\/ld+json\" class=\"yoast-schema-graph\">{\"@context\":\"https:\\\/\\\/schema.org\",\"@graph\":[{\"@type\":\"WebPage\",\"@id\":\"https:\\\/\\\/naturamada.com\\\/de\\\/produkt\\\/aventurin-armband-6-mm\\\/\",\"url\":\"https:\\\/\\\/naturamada.com\\\/de\\\/produkt\\\/aventurin-armband-6-mm\\\/\",\"name\":\"Aventurin Armband 6 mm - Gl\u00fcck und Gelassenheit | Naturamada\",\"isPartOf\":{\"@id\":\"https:\\\/\\\/naturamada.com\\\/de\\\/#website\"},\"primaryImageOfPage\":{\"@id\":\"https:\\\/\\\/naturamada.com\\\/de\\\/produkt\\\/aventurin-armband-6-mm\\\/#primaryimage\"},\"image\":{\"@id\":\"https:\\\/\\\/naturamada.com\\\/de\\\/produkt\\\/aventurin-armband-6-mm\\\/#primaryimage\"},\"thumbnailUrl\":\"https:\\\/\\\/naturamada.com\\\/wp-content\\\/uploads\\\/2025\\\/07\\\/Design-sans-titre-30.png\",\"datePublished\":\"2025-07-05T14:50:19+00:00\",\"dateModified\":\"2026-03-17T19:21:09+00:00\",\"description\":\"Armband aus nat\u00fcrlichem gr\u00fcnem Aventurin (6 mm Perlen), Stein des Monats Mai und des Herzchakras. F\u00f6rdert Gl\u00fcck und Harmonie. Kunsthandwerk von Naturamada.\",\"breadcrumb\":{\"@id\":\"https:\\\/\\\/naturamada.com\\\/de\\\/produkt\\\/aventurin-armband-6-mm\\\/#breadcrumb\"},\"inLanguage\":\"de\",\"potentialAction\":[{\"@type\":\"ReadAction\",\"target\":[\"https:\\\/\\\/naturamada.com\\\/de\\\/produkt\\\/aventurin-armband-6-mm\\\/\"]}]},{\"@type\":\"ImageObject\",\"inLanguage\":\"de\",\"@id\":\"https:\\\/\\\/naturamada.com\\\/de\\\/produkt\\\/aventurin-armband-6-mm\\\/#primaryimage\",\"url\":\"https:\\\/\\\/naturamada.com\\\/wp-content\\\/uploads\\\/2025\\\/07\\\/Design-sans-titre-30.png\",\"contentUrl\":\"https:\\\/\\\/naturamada.com\\\/wp-content\\\/uploads\\\/2025\\\/07\\\/Design-sans-titre-30.png\",\"width\":2000,\"height\":2000},{\"@type\":\"BreadcrumbList\",\"@id\":\"https:\\\/\\\/naturamada.com\\\/de\\\/produkt\\\/aventurin-armband-6-mm\\\/#breadcrumb\",\"itemListElement\":[{\"@type\":\"ListItem\",\"position\":1,\"name\":\"Startseite\",\"item\":\"https:\\\/\\\/naturamada.com\\\/de\\\/\"},{\"@type\":\"ListItem\",\"position\":2,\"name\":\"Shop\",\"item\":\"https:\\\/\\\/naturamada.com\\\/de\\\/shop\\\/\"},{\"@type\":\"ListItem\",\"position\":3,\"name\":\"Aventurin-Armband\"}]},{\"@type\":\"WebSite\",\"@id\":\"https:\\\/\\\/naturamada.com\\\/de\\\/#website\",\"url\":\"https:\\\/\\\/naturamada.com\\\/de\\\/\",\"name\":\"Naturamada\",\"description\":\"Epices, Superaliments et Pierres pour le bien-\u00eatre et la cuisine\",\"publisher\":{\"@id\":\"https:\\\/\\\/naturamada.com\\\/de\\\/#organization\"},\"potentialAction\":[{\"@type\":\"SearchAction\",\"target\":{\"@type\":\"EntryPoint\",\"urlTemplate\":\"https:\\\/\\\/naturamada.com\\\/de\\\/?s={search_term_string}\"},\"query-input\":{\"@type\":\"PropertyValueSpecification\",\"valueRequired\":true,\"valueName\":\"search_term_string\"}}],\"inLanguage\":\"de\"},{\"@type\":\"Organization\",\"@id\":\"https:\\\/\\\/naturamada.com\\\/de\\\/#organization\",\"name\":\"Naturamada\",\"url\":\"https:\\\/\\\/naturamada.com\\\/de\\\/\",\"logo\":{\"@type\":\"ImageObject\",\"inLanguage\":\"de\",\"@id\":\"https:\\\/\\\/naturamada.com\\\/de\\\/#\\\/schema\\\/logo\\\/image\\\/\",\"url\":\"https:\\\/\\\/naturamada.com\\\/wp-content\\\/uploads\\\/2025\\\/07\\\/cropped-Naturamada-10.png\",\"contentUrl\":\"https:\\\/\\\/naturamada.com\\\/wp-content\\\/uploads\\\/2025\\\/07\\\/cropped-Naturamada-10.png\",\"width\":1366,\"height\":455,\"caption\":\"Naturamada\"},\"image\":{\"@id\":\"https:\\\/\\\/naturamada.com\\\/de\\\/#\\\/schema\\\/logo\\\/image\\\/\"},\"sameAs\":[\"https:\\\/\\\/www.facebook.com\\\/Naturamada.shop\\\/\",\"https:\\\/\\\/www.instagram.com\\\/naturamada.officiel\\\/\"]}]}<\/script>\n<!-- \/ Yoast SEO plugin. -->","yoast_head_json":{"title":"Aventurin Armband 6 mm - Gl\u00fcck und Gelassenheit | Naturamada","description":"Armband aus nat\u00fcrlichem gr\u00fcnem Aventurin (6 mm Perlen), Stein des Monats Mai und des Herzchakras. F\u00f6rdert Gl\u00fcck und Harmonie. Kunsthandwerk von Naturamada.","robots":{"index":"index","follow":"follow","max-snippet":"max-snippet:-1","max-image-preview":"max-image-preview:large","max-video-preview":"max-video-preview:-1"},"canonical":"https:\/\/naturamada.com\/de\/produkt\/aventurin-armband-6-mm\/","og_locale":"de_DE","og_type":"article","og_title":"Aventurin Armband 6 mm - Gl\u00fcck und Gelassenheit | Naturamada","og_description":"Armband aus nat\u00fcrlichem gr\u00fcnem Aventurin (6 mm Perlen), Stein des Monats Mai und des Herzchakras. F\u00f6rdert Gl\u00fcck und Harmonie. Kunsthandwerk von Naturamada.","og_url":"https:\/\/naturamada.com\/de\/produkt\/aventurin-armband-6-mm\/","og_site_name":"Naturamada","article_publisher":"https:\/\/www.facebook.com\/Naturamada.shop\/","article_modified_time":"2026-03-17T19:21:09+00:00","og_image":[{"width":1024,"height":1024,"url":"https:\/\/naturamada.com\/wp-content\/uploads\/2025\/07\/Design-sans-titre-30-1024x1024.png","type":"image\/png"}],"schema":{"@context":"https:\/\/schema.org","@graph":[{"@type":"WebPage","@id":"https:\/\/naturamada.com\/de\/produkt\/aventurin-armband-6-mm\/","url":"https:\/\/naturamada.com\/de\/produkt\/aventurin-armband-6-mm\/","name":"Aventurin Armband 6 mm - Gl\u00fcck und Gelassenheit | Naturamada","isPartOf":{"@id":"https:\/\/naturamada.com\/de\/#website"},"primaryImageOfPage":{"@id":"https:\/\/naturamada.com\/de\/produkt\/aventurin-armband-6-mm\/#primaryimage"},"image":{"@id":"https:\/\/naturamada.com\/de\/produkt\/aventurin-armband-6-mm\/#primaryimage"},"thumbnailUrl":"https:\/\/naturamada.com\/wp-content\/uploads\/2025\/07\/Design-sans-titre-30.png","datePublished":"2025-07-05T14:50:19+00:00","dateModified":"2026-03-17T19:21:09+00:00","description":"Armband aus nat\u00fcrlichem gr\u00fcnem Aventurin (6 mm Perlen), Stein des Monats Mai und des Herzchakras. F\u00f6rdert Gl\u00fcck und Harmonie. Kunsthandwerk von Naturamada.","breadcrumb":{"@id":"https:\/\/naturamada.com\/de\/produkt\/aventurin-armband-6-mm\/#breadcrumb"},"inLanguage":"de","potentialAction":[{"@type":"ReadAction","target":["https:\/\/naturamada.com\/de\/produkt\/aventurin-armband-6-mm\/"]}]},{"@type":"ImageObject","inLanguage":"de","@id":"https:\/\/naturamada.com\/de\/produkt\/aventurin-armband-6-mm\/#primaryimage","url":"https:\/\/naturamada.com\/wp-content\/uploads\/2025\/07\/Design-sans-titre-30.png","contentUrl":"https:\/\/naturamada.com\/wp-content\/uploads\/2025\/07\/Design-sans-titre-30.png","width":2000,"height":2000},{"@type":"BreadcrumbList","@id":"https:\/\/naturamada.com\/de\/produkt\/aventurin-armband-6-mm\/#breadcrumb","itemListElement":[{"@type":"ListItem","position":1,"name":"Startseite","item":"https:\/\/naturamada.com\/de\/"},{"@type":"ListItem","position":2,"name":"Shop","item":"https:\/\/naturamada.com\/de\/shop\/"},{"@type":"ListItem","position":3,"name":"Aventurin-Armband"}]},{"@type":"WebSite","@id":"https:\/\/naturamada.com\/de\/#website","url":"https:\/\/naturamada.com\/de\/","name":"Naturamada","description":"Epices, Superaliments et Pierres pour le bien-\u00eatre et la cuisine","publisher":{"@id":"https:\/\/naturamada.com\/de\/#organization"},"potentialAction":[{"@type":"SearchAction","target":{"@type":"EntryPoint","urlTemplate":"https:\/\/naturamada.com\/de\/?s={search_term_string}"},"query-input":{"@type":"PropertyValueSpecification","valueRequired":true,"valueName":"search_term_string"}}],"inLanguage":"de"},{"@type":"Organization","@id":"https:\/\/naturamada.com\/de\/#organization","name":"Naturamada","url":"https:\/\/naturamada.com\/de\/","logo":{"@type":"ImageObject","inLanguage":"de","@id":"https:\/\/naturamada.com\/de\/#\/schema\/logo\/image\/","url":"https:\/\/naturamada.com\/wp-content\/uploads\/2025\/07\/cropped-Naturamada-10.png","contentUrl":"https:\/\/naturamada.com\/wp-content\/uploads\/2025\/07\/cropped-Naturamada-10.png","width":1366,"height":455,"caption":"Naturamada"},"image":{"@id":"https:\/\/naturamada.com\/de\/#\/schema\/logo\/image\/"},"sameAs":["https:\/\/www.facebook.com\/Naturamada.shop\/","https:\/\/www.instagram.com\/naturamada.officiel\/"]}]}},"_links":{"self":[{"href":"https:\/\/naturamada.com\/de\/wp-json\/wp\/v2\/product\/1098","targetHints":{"allow":["GET"]}}],"collection":[{"href":"https:\/\/naturamada.com\/de\/wp-json\/wp\/v2\/product"}],"about":[{"href":"https:\/\/naturamada.com\/de\/wp-json\/wp\/v2\/types\/product"}],"wp:featuredmedia":[{"embeddable":true,"href":"https:\/\/naturamada.com\/de\/wp-json\/wp\/v2\/media\/825"}],"wp:attachment":[{"href":"https:\/\/naturamada.com\/de\/wp-json\/wp\/v2\/media?parent=1098"}],"wp:term":[{"taxonomy":"product_brand","embeddable":true,"href":"https:\/\/naturamada.com\/de\/wp-json\/wp\/v2\/product_brand?post=1098"},{"taxonomy":"product_cat","embeddable":true,"href":"https:\/\/naturamada.com\/de\/wp-json\/wp\/v2\/product_cat?post=1098"},{"taxonomy":"product_tag","embeddable":true,"href":"https:\/\/naturamada.com\/de\/wp-json\/wp\/v2\/product_tag?post=1098"}],"curies":[{"name":"wp","href":"https:\/\/api.w.org\/{rel}","templated":true}]}}