{"id":1092,"date":"2025-07-05T14:54:34","date_gmt":"2025-07-05T14:54:34","guid":{"rendered":"https:\/\/naturamada.com\/produit\/mookaite-armband-6-mm\/"},"modified":"2026-03-17T19:21:09","modified_gmt":"2026-03-17T19:21:09","slug":"mookaite-armband-6-mm","status":"publish","type":"product","link":"https:\/\/naturamada.com\/de\/produkt\/mookaite-armband-6-mm\/","title":{"rendered":"Mookaite-Armband"},"content":{"rendered":"<p data-start=\"175\" data-end=\"241\">\u2728 <strong data-start=\"177\" data-end=\"237\">Natural Mookait Armband &#8211; 6 mm &#8211; Energie &amp; Stabilit\u00e4t<\/strong> \u2728<\/p>\n<p data-start=\"243\" data-end=\"512\">Dieses Mookait-Armband wurde mit 6 mm gro\u00dfen Naturperlen hergestellt, die aufgrund ihres Glanzes und ihrer warmen Energie sorgf\u00e4ltig ausgew\u00e4hlt wurden. Mookait ist ein Symbol f\u00fcr Verankerung, Mut und Vitalit\u00e4t und wird mit dem <strong data-start=\"467\" data-end=\"485\">Monat Oktober<\/strong> und dem <strong data-start=\"492\" data-end=\"509\">Wurzelchakra<\/strong> in Verbindung gebracht. <\/p>\n<p data-start=\"514\" data-end=\"760\">Jedes Armband wird von Naturamada sorgf\u00e4ltig handgefertigt, um Sie im Alltag oder bei Ihren spirituellen Praktiken zu begleiten.<\/p>\n<p data-start=\"762\" data-end=\"1022\"><strong data-start=\"765\" data-end=\"813\">Eigenschaften von Mookait (nach spirituellen Traditionen):<\/strong><br data-start=\"813\" data-end=\"816\">Bringt St\u00e4rke und Stabilit\u00e4t angesichts von Ver\u00e4nderungen<br data-start=\"866\" data-end=\"869\">F\u00f6rdert Vitalit\u00e4t und Mut<br data-start=\"906\" data-end=\"909\">Hilft, sich mit der Erde und den eigenen Wurzeln zu verbinden<br data-start=\"959\" data-end=\"962\">Wird mit dem Wurzelchakra in Verbindung gebracht<br data-start=\"990\" data-end=\"993\">Stein des Monats Oktober<\/p>\n<p data-start=\"1024\" data-end=\"1053\"><strong data-start=\"1027\" data-end=\"1051\">Produktdetails :<\/strong><\/p>\n<ul data-start=\"1054\" data-end=\"1251\">\n<li data-start=\"1054\" data-end=\"1083\">\n<p data-start=\"1056\" data-end=\"1083\">Art : Elastisches Armband<\/p>\n<\/li>\n<li data-start=\"1084\" data-end=\"1098\">\n<p data-start=\"1086\" data-end=\"1098\">Gr\u00f6\u00dfe: XS<\/p>\n<\/li>\n<li data-start=\"1099\" data-end=\"1130\">\n<p data-start=\"1101\" data-end=\"1130\">Stein: Nat\u00fcrlicher Mookait<\/p>\n<\/li>\n<li data-start=\"1131\" data-end=\"1161\">\n<p data-start=\"1133\" data-end=\"1161\">Durchmesser der Perlen: 6 mm<\/p>\n<\/li>\n<li data-start=\"1162\" data-end=\"1197\">\n<p data-start=\"1164\" data-end=\"1197\">Herkunft der Steine: Australien<\/p>\n<\/li>\n<li data-start=\"1198\" data-end=\"1251\">\n<p data-start=\"1200\" data-end=\"1251\">Herstellung: Handwerklich<\/p>\n<\/li>\n<\/ul>\n<p data-start=\"1253\" data-end=\"1415\"><strong data-start=\"1256\" data-end=\"1271\">Pflege:<\/strong><br data-start=\"1271\" data-end=\"1274\">Reinigen Sie Ihr Armband regelm\u00e4\u00dfig mit Salbei, Weihrauch oder indirektem Salz. Laden Sie ihn im Tageslicht oder auf einer Blume des Lebens auf.<\/p>\n<p data-start=\"1417\" data-end=\"1509\"><strong data-start=\"1420\" data-end=\"1437\">Geschenkidee:<\/strong><br data-start=\"1437\" data-end=\"1440\">Perfekt f\u00fcr einen Geburtstag, eine Party oder einfach f\u00fcr sich selbst.<\/p>\n<p data-start=\"1417\" data-end=\"1509\"><strong data-start=\"1217\" data-end=\"1234\">Warnung<\/strong><br data-start=\"1234\" data-end=\"1237\"><em>Die in diesem Artikel enthaltenen Informationen zu Ern\u00e4hrung und Wohlbefinden basieren auf traditionellen Br\u00e4uchen und den heute verf\u00fcgbaren Studien. Sie sind kein Ersatz f\u00fcr eine individuelle medizinische oder ern\u00e4hrungswissenschaftliche Betreuung. <\/em><\/p>\n","protected":false},"excerpt":{"rendered":"<p>\u2728 Natural Mookait Armband &#8211; 6 mm &#8211; Energie &amp; Stabilit\u00e4t \u2728 Dieses Mookait-Armband wurde mit 6 mm gro\u00dfen Naturperlen [&hellip;]<\/p>\n","protected":false},"featured_media":833,"template":"","meta":{"site-sidebar-layout":"default","site-content-layout":"","ast-site-content-layout":"default","site-content-style":"default","site-sidebar-style":"default","ast-global-header-display":"","ast-banner-title-visibility":"","ast-main-header-display":"","ast-hfb-above-header-display":"","ast-hfb-below-header-display":"","ast-hfb-mobile-header-display":"","site-post-title":"","ast-breadcrumbs-content":"","ast-featured-img":"","footer-sml-layout":"","ast-disable-related-posts":"","theme-transparent-header-meta":"default","adv-header-id-meta":"","stick-header-meta":"","header-above-stick-meta":"","header-main-stick-meta":"","header-below-stick-meta":"","astra-migrate-meta-layouts":"default","ast-page-background-enabled":"default","ast-page-background-meta":{"desktop":{"background-color":"var(--ast-global-color-5)","background-image":"","background-repeat":"repeat","background-position":"center center","background-size":"auto","background-attachment":"scroll","background-type":"","background-media":"","overlay-type":"","overlay-color":"","overlay-opacity":"","overlay-gradient":""},"tablet":{"background-color":"","background-image":"","background-repeat":"repeat","background-position":"center center","background-size":"auto","background-attachment":"scroll","background-type":"","background-media":"","overlay-type":"","overlay-color":"","overlay-opacity":"","overlay-gradient":""},"mobile":{"background-color":"","background-image":"","background-repeat":"repeat","background-position":"center center","background-size":"auto","background-attachment":"scroll","background-type":"","background-media":"","overlay-type":"","overlay-color":"","overlay-opacity":"","overlay-gradient":""}},"ast-content-background-meta":{"desktop":{"background-color":"var(--ast-global-color-4)","background-image":"","background-repeat":"repeat","background-position":"center center","background-size":"auto","background-attachment":"scroll","background-type":"","background-media":"","overlay-type":"","overlay-color":"","overlay-opacity":"","overlay-gradient":""},"tablet":{"background-color":"var(--ast-global-color-4)","background-image":"","background-repeat":"repeat","background-position":"center center","background-size":"auto","background-attachment":"scroll","background-type":"","background-media":"","overlay-type":"","overlay-color":"","overlay-opacity":"","overlay-gradient":""},"mobile":{"background-color":"var(--ast-global-color-4)","background-image":"","background-repeat":"repeat","background-position":"center center","background-size":"auto","background-attachment":"scroll","background-type":"","background-media":"","overlay-type":"","overlay-color":"","overlay-opacity":"","overlay-gradient":""}}},"product_brand":[],"product_cat":[484,2692],"product_tag":[],"class_list":{"0":"post-1092","1":"product","2":"type-product","3":"status-publish","4":"has-post-thumbnail","6":"product_cat-natursteine","7":"product_cat-steinarmbander","8":"pa_chakra-solarplexus-chakra-manipura","9":"pa_chakra-wurzelchakra-muladhara","10":"pa_couleur-multicolor-de","11":"pa_taille-6-mm-de","12":"pa_taille-xs-de","13":"pa_type-de-pierre-mookaite-de","14":"pa_type-produit-armband","15":"pa_usage-konditorei","16":"pa_usage-wohlbefinden","17":"desktop-align-left","18":"tablet-align-left","19":"mobile-align-left","21":"first","22":"instock","23":"taxable","24":"shipping-taxable","25":"purchasable","26":"product-type-simple"},"yoast_head":"<!-- This site is optimized with the Yoast SEO plugin v27.5 - https:\/\/yoast.com\/product\/yoast-seo-wordpress\/ -->\n<title>Mookaites Armband 6 mm - Energie und Stabilit\u00e4t | Naturamada<\/title>\n<meta name=\"description\" content=\"Armband aus nat\u00fcrlichem Mookait (6 mm Perlen), dem Stein des Monats Oktober und des Wurzelchakras. Verleiht Stabilit\u00e4t und Vitalit\u00e4t. Kunsthandwerk von Naturamada.\" \/>\n<meta name=\"robots\" content=\"index, follow, max-snippet:-1, max-image-preview:large, max-video-preview:-1\" \/>\n<link rel=\"canonical\" href=\"https:\/\/naturamada.com\/de\/produkt\/mookaite-armband-6-mm\/\" \/>\n<meta property=\"og:locale\" content=\"de_DE\" \/>\n<meta property=\"og:type\" content=\"article\" \/>\n<meta property=\"og:title\" content=\"Mookaites Armband 6 mm - Energie und Stabilit\u00e4t | Naturamada\" \/>\n<meta property=\"og:description\" content=\"Armband aus nat\u00fcrlichem Mookait (6 mm Perlen), dem Stein des Monats Oktober und des Wurzelchakras. Verleiht Stabilit\u00e4t und Vitalit\u00e4t. Kunsthandwerk von Naturamada.\" \/>\n<meta property=\"og:url\" content=\"https:\/\/naturamada.com\/de\/produkt\/mookaite-armband-6-mm\/\" \/>\n<meta property=\"og:site_name\" content=\"Naturamada\" \/>\n<meta property=\"article:publisher\" content=\"https:\/\/www.facebook.com\/Naturamada.shop\/\" \/>\n<meta property=\"article:modified_time\" content=\"2026-03-17T19:21:09+00:00\" \/>\n<meta property=\"og:image\" content=\"https:\/\/naturamada.com\/wp-content\/uploads\/2025\/07\/Bracelet-Mookaite-6-mm-Naturamada.jpg\" \/>\n\t<meta property=\"og:image:width\" content=\"2000\" \/>\n\t<meta property=\"og:image:height\" content=\"2000\" \/>\n\t<meta property=\"og:image:type\" content=\"image\/jpeg\" \/>\n<script type=\"application\/ld+json\" class=\"yoast-schema-graph\">{\"@context\":\"https:\\\/\\\/schema.org\",\"@graph\":[{\"@type\":\"WebPage\",\"@id\":\"https:\\\/\\\/naturamada.com\\\/de\\\/produkt\\\/mookaite-armband-6-mm\\\/\",\"url\":\"https:\\\/\\\/naturamada.com\\\/de\\\/produkt\\\/mookaite-armband-6-mm\\\/\",\"name\":\"Mookaites Armband 6 mm - Energie und Stabilit\u00e4t | Naturamada\",\"isPartOf\":{\"@id\":\"https:\\\/\\\/naturamada.com\\\/de\\\/#website\"},\"primaryImageOfPage\":{\"@id\":\"https:\\\/\\\/naturamada.com\\\/de\\\/produkt\\\/mookaite-armband-6-mm\\\/#primaryimage\"},\"image\":{\"@id\":\"https:\\\/\\\/naturamada.com\\\/de\\\/produkt\\\/mookaite-armband-6-mm\\\/#primaryimage\"},\"thumbnailUrl\":\"https:\\\/\\\/naturamada.com\\\/wp-content\\\/uploads\\\/2025\\\/07\\\/Bracelet-Mookaite-6-mm-Naturamada.jpg\",\"datePublished\":\"2025-07-05T14:54:34+00:00\",\"dateModified\":\"2026-03-17T19:21:09+00:00\",\"description\":\"Armband aus nat\u00fcrlichem Mookait (6 mm Perlen), dem Stein des Monats Oktober und des Wurzelchakras. Verleiht Stabilit\u00e4t und Vitalit\u00e4t. Kunsthandwerk von Naturamada.\",\"breadcrumb\":{\"@id\":\"https:\\\/\\\/naturamada.com\\\/de\\\/produkt\\\/mookaite-armband-6-mm\\\/#breadcrumb\"},\"inLanguage\":\"de\",\"potentialAction\":[{\"@type\":\"ReadAction\",\"target\":[\"https:\\\/\\\/naturamada.com\\\/de\\\/produkt\\\/mookaite-armband-6-mm\\\/\"]}]},{\"@type\":\"ImageObject\",\"inLanguage\":\"de\",\"@id\":\"https:\\\/\\\/naturamada.com\\\/de\\\/produkt\\\/mookaite-armband-6-mm\\\/#primaryimage\",\"url\":\"https:\\\/\\\/naturamada.com\\\/wp-content\\\/uploads\\\/2025\\\/07\\\/Bracelet-Mookaite-6-mm-Naturamada.jpg\",\"contentUrl\":\"https:\\\/\\\/naturamada.com\\\/wp-content\\\/uploads\\\/2025\\\/07\\\/Bracelet-Mookaite-6-mm-Naturamada.jpg\",\"width\":2000,\"height\":2000},{\"@type\":\"BreadcrumbList\",\"@id\":\"https:\\\/\\\/naturamada.com\\\/de\\\/produkt\\\/mookaite-armband-6-mm\\\/#breadcrumb\",\"itemListElement\":[{\"@type\":\"ListItem\",\"position\":1,\"name\":\"Startseite\",\"item\":\"https:\\\/\\\/naturamada.com\\\/de\\\/\"},{\"@type\":\"ListItem\",\"position\":2,\"name\":\"Shop\",\"item\":\"https:\\\/\\\/naturamada.com\\\/de\\\/shop\\\/\"},{\"@type\":\"ListItem\",\"position\":3,\"name\":\"Mookaite-Armband\"}]},{\"@type\":\"WebSite\",\"@id\":\"https:\\\/\\\/naturamada.com\\\/de\\\/#website\",\"url\":\"https:\\\/\\\/naturamada.com\\\/de\\\/\",\"name\":\"Naturamada\",\"description\":\"Epices, Superaliments et Pierres pour le bien-\u00eatre et la cuisine\",\"publisher\":{\"@id\":\"https:\\\/\\\/naturamada.com\\\/de\\\/#organization\"},\"potentialAction\":[{\"@type\":\"SearchAction\",\"target\":{\"@type\":\"EntryPoint\",\"urlTemplate\":\"https:\\\/\\\/naturamada.com\\\/de\\\/?s={search_term_string}\"},\"query-input\":{\"@type\":\"PropertyValueSpecification\",\"valueRequired\":true,\"valueName\":\"search_term_string\"}}],\"inLanguage\":\"de\"},{\"@type\":\"Organization\",\"@id\":\"https:\\\/\\\/naturamada.com\\\/de\\\/#organization\",\"name\":\"Naturamada\",\"url\":\"https:\\\/\\\/naturamada.com\\\/de\\\/\",\"logo\":{\"@type\":\"ImageObject\",\"inLanguage\":\"de\",\"@id\":\"https:\\\/\\\/naturamada.com\\\/de\\\/#\\\/schema\\\/logo\\\/image\\\/\",\"url\":\"https:\\\/\\\/naturamada.com\\\/wp-content\\\/uploads\\\/2025\\\/07\\\/cropped-Naturamada-10.png\",\"contentUrl\":\"https:\\\/\\\/naturamada.com\\\/wp-content\\\/uploads\\\/2025\\\/07\\\/cropped-Naturamada-10.png\",\"width\":1366,\"height\":455,\"caption\":\"Naturamada\"},\"image\":{\"@id\":\"https:\\\/\\\/naturamada.com\\\/de\\\/#\\\/schema\\\/logo\\\/image\\\/\"},\"sameAs\":[\"https:\\\/\\\/www.facebook.com\\\/Naturamada.shop\\\/\",\"https:\\\/\\\/www.instagram.com\\\/naturamada.officiel\\\/\"]}]}<\/script>\n<!-- \/ Yoast SEO plugin. -->","yoast_head_json":{"title":"Mookaites Armband 6 mm - Energie und Stabilit\u00e4t | Naturamada","description":"Armband aus nat\u00fcrlichem Mookait (6 mm Perlen), dem Stein des Monats Oktober und des Wurzelchakras. Verleiht Stabilit\u00e4t und Vitalit\u00e4t. Kunsthandwerk von Naturamada.","robots":{"index":"index","follow":"follow","max-snippet":"max-snippet:-1","max-image-preview":"max-image-preview:large","max-video-preview":"max-video-preview:-1"},"canonical":"https:\/\/naturamada.com\/de\/produkt\/mookaite-armband-6-mm\/","og_locale":"de_DE","og_type":"article","og_title":"Mookaites Armband 6 mm - Energie und Stabilit\u00e4t | Naturamada","og_description":"Armband aus nat\u00fcrlichem Mookait (6 mm Perlen), dem Stein des Monats Oktober und des Wurzelchakras. Verleiht Stabilit\u00e4t und Vitalit\u00e4t. Kunsthandwerk von Naturamada.","og_url":"https:\/\/naturamada.com\/de\/produkt\/mookaite-armband-6-mm\/","og_site_name":"Naturamada","article_publisher":"https:\/\/www.facebook.com\/Naturamada.shop\/","article_modified_time":"2026-03-17T19:21:09+00:00","og_image":[{"width":2000,"height":2000,"url":"https:\/\/naturamada.com\/wp-content\/uploads\/2025\/07\/Bracelet-Mookaite-6-mm-Naturamada.jpg","type":"image\/jpeg"}],"schema":{"@context":"https:\/\/schema.org","@graph":[{"@type":"WebPage","@id":"https:\/\/naturamada.com\/de\/produkt\/mookaite-armband-6-mm\/","url":"https:\/\/naturamada.com\/de\/produkt\/mookaite-armband-6-mm\/","name":"Mookaites Armband 6 mm - Energie und Stabilit\u00e4t | Naturamada","isPartOf":{"@id":"https:\/\/naturamada.com\/de\/#website"},"primaryImageOfPage":{"@id":"https:\/\/naturamada.com\/de\/produkt\/mookaite-armband-6-mm\/#primaryimage"},"image":{"@id":"https:\/\/naturamada.com\/de\/produkt\/mookaite-armband-6-mm\/#primaryimage"},"thumbnailUrl":"https:\/\/naturamada.com\/wp-content\/uploads\/2025\/07\/Bracelet-Mookaite-6-mm-Naturamada.jpg","datePublished":"2025-07-05T14:54:34+00:00","dateModified":"2026-03-17T19:21:09+00:00","description":"Armband aus nat\u00fcrlichem Mookait (6 mm Perlen), dem Stein des Monats Oktober und des Wurzelchakras. Verleiht Stabilit\u00e4t und Vitalit\u00e4t. Kunsthandwerk von Naturamada.","breadcrumb":{"@id":"https:\/\/naturamada.com\/de\/produkt\/mookaite-armband-6-mm\/#breadcrumb"},"inLanguage":"de","potentialAction":[{"@type":"ReadAction","target":["https:\/\/naturamada.com\/de\/produkt\/mookaite-armband-6-mm\/"]}]},{"@type":"ImageObject","inLanguage":"de","@id":"https:\/\/naturamada.com\/de\/produkt\/mookaite-armband-6-mm\/#primaryimage","url":"https:\/\/naturamada.com\/wp-content\/uploads\/2025\/07\/Bracelet-Mookaite-6-mm-Naturamada.jpg","contentUrl":"https:\/\/naturamada.com\/wp-content\/uploads\/2025\/07\/Bracelet-Mookaite-6-mm-Naturamada.jpg","width":2000,"height":2000},{"@type":"BreadcrumbList","@id":"https:\/\/naturamada.com\/de\/produkt\/mookaite-armband-6-mm\/#breadcrumb","itemListElement":[{"@type":"ListItem","position":1,"name":"Startseite","item":"https:\/\/naturamada.com\/de\/"},{"@type":"ListItem","position":2,"name":"Shop","item":"https:\/\/naturamada.com\/de\/shop\/"},{"@type":"ListItem","position":3,"name":"Mookaite-Armband"}]},{"@type":"WebSite","@id":"https:\/\/naturamada.com\/de\/#website","url":"https:\/\/naturamada.com\/de\/","name":"Naturamada","description":"Epices, Superaliments et Pierres pour le bien-\u00eatre et la cuisine","publisher":{"@id":"https:\/\/naturamada.com\/de\/#organization"},"potentialAction":[{"@type":"SearchAction","target":{"@type":"EntryPoint","urlTemplate":"https:\/\/naturamada.com\/de\/?s={search_term_string}"},"query-input":{"@type":"PropertyValueSpecification","valueRequired":true,"valueName":"search_term_string"}}],"inLanguage":"de"},{"@type":"Organization","@id":"https:\/\/naturamada.com\/de\/#organization","name":"Naturamada","url":"https:\/\/naturamada.com\/de\/","logo":{"@type":"ImageObject","inLanguage":"de","@id":"https:\/\/naturamada.com\/de\/#\/schema\/logo\/image\/","url":"https:\/\/naturamada.com\/wp-content\/uploads\/2025\/07\/cropped-Naturamada-10.png","contentUrl":"https:\/\/naturamada.com\/wp-content\/uploads\/2025\/07\/cropped-Naturamada-10.png","width":1366,"height":455,"caption":"Naturamada"},"image":{"@id":"https:\/\/naturamada.com\/de\/#\/schema\/logo\/image\/"},"sameAs":["https:\/\/www.facebook.com\/Naturamada.shop\/","https:\/\/www.instagram.com\/naturamada.officiel\/"]}]}},"_links":{"self":[{"href":"https:\/\/naturamada.com\/de\/wp-json\/wp\/v2\/product\/1092","targetHints":{"allow":["GET"]}}],"collection":[{"href":"https:\/\/naturamada.com\/de\/wp-json\/wp\/v2\/product"}],"about":[{"href":"https:\/\/naturamada.com\/de\/wp-json\/wp\/v2\/types\/product"}],"wp:featuredmedia":[{"embeddable":true,"href":"https:\/\/naturamada.com\/de\/wp-json\/wp\/v2\/media\/833"}],"wp:attachment":[{"href":"https:\/\/naturamada.com\/de\/wp-json\/wp\/v2\/media?parent=1092"}],"wp:term":[{"taxonomy":"product_brand","embeddable":true,"href":"https:\/\/naturamada.com\/de\/wp-json\/wp\/v2\/product_brand?post=1092"},{"taxonomy":"product_cat","embeddable":true,"href":"https:\/\/naturamada.com\/de\/wp-json\/wp\/v2\/product_cat?post=1092"},{"taxonomy":"product_tag","embeddable":true,"href":"https:\/\/naturamada.com\/de\/wp-json\/wp\/v2\/product_tag?post=1092"}],"curies":[{"name":"wp","href":"https:\/\/api.w.org\/{rel}","templated":true}]}}