{"id":1086,"date":"2025-07-05T16:43:35","date_gmt":"2025-07-05T16:43:35","guid":{"rendered":"https:\/\/naturamada.com\/produit\/aventurin-rolle-40-mm\/"},"modified":"2026-03-17T19:20:10","modified_gmt":"2026-03-17T19:20:10","slug":"aventurin-rolle-40-mm","status":"publish","type":"product","link":"https:\/\/naturamada.com\/de\/produkt\/aventurin-rolle-40-mm\/","title":{"rendered":"Aventurin-Kiesel Naturamada"},"content":{"rendered":"<p data-start=\"146\" data-end=\"216\">\u2728 <strong data-start=\"148\" data-end=\"212\">Naturgr\u00fcner Aventurin Kieselstein &#8211; 40 mm &#8211; Chance &amp; Harmonie<\/strong> \u2728<\/p>\n<p data-start=\"218\" data-end=\"484\">Dieser ca. 40 mm gro\u00dfe Kieselstein aus nat\u00fcrlichem gr\u00fcnem Aventurin wurde sorgf\u00e4ltig poliert, um seine sanften Nuancen und seine ausgleichende Energie zu enth\u00fcllen. Der gr\u00fcne Aventurin ist ein Symbol f\u00fcr Gl\u00fcck, Harmonie und Erneuerung und wird mit dem <strong data-start=\"441\" data-end=\"456\">Monat Mai<\/strong> und dem <strong data-start=\"463\" data-end=\"481\">Herzchakra<\/strong> in Verbindung gebracht. <\/p>\n<p data-start=\"486\" data-end=\"643\">Jeder Kieselstein wird von Naturamada ausgew\u00e4hlt und ist ideal f\u00fcr die Meditation, zur Harmonisierung Ihres Raumes oder als sch\u00f6nes, dekoratives Naturobjekt.<\/p>\n<p data-start=\"645\" data-end=\"904\"><strong data-start=\"648\" data-end=\"715\">Eigenschaften des gr\u00fcnen Aventurins (nach spirituellen Traditionen):<\/strong><br data-start=\"715\" data-end=\"718\">Zieht Gl\u00fcck und Gelegenheiten an<br data-start=\"757\" data-end=\"760\">Beruhigt Emotionen und Stress<br data-start=\"795\" data-end=\"798\">F\u00f6rdert klare Entscheidungen<br data-start=\"843\" data-end=\"846\">Wird mit dem Herzchakra in Verbindung gebracht<br data-start=\"875\" data-end=\"878\">Stein des <strong>Monats Mai<\/strong><\/p>\n<p data-start=\"906\" data-end=\"935\"><strong data-start=\"909\" data-end=\"933\">Produktdetails :<\/strong><\/p>\n<p data-start=\"938\" data-end=\"965\">Typ: Naturpolierte Kieselsteine<\/p>\n<p data-start=\"968\" data-end=\"989\">Gr\u00f6\u00dfe: ca. 40 mm<\/p>\n<p data-start=\"992\" data-end=\"1029\">Stein: Nat\u00fcrlicher gr\u00fcner Aventurin<\/p>\n<p data-start=\"1154\" data-end=\"1304\"><strong data-start=\"1157\" data-end=\"1172\">Pflege:<\/strong><br data-start=\"1172\" data-end=\"1175\">Reinigen Sie Ihren Kieselstein mit Salbei, R\u00e4ucherst\u00e4bchen oder destilliertem Wasser. Laden Sie ihn im Tageslicht oder auf einer Blume des Lebens auf.<\/p>\n<p data-start=\"1306\" data-end=\"1403\"><strong data-start=\"1309\" data-end=\"1326\">Geschenkidee:<\/strong><br data-start=\"1326\" data-end=\"1329\">Ein beruhigender und harmonisierender Kieselstein, perfekt zum Verschenken oder selbst behalten.<\/p>\n<p data-start=\"1306\" data-end=\"1403\"><strong data-start=\"1217\" data-end=\"1234\">Warnung<\/strong><br data-start=\"1234\" data-end=\"1237\"><em>Die in diesem Artikel enthaltenen Informationen zu Ern\u00e4hrung und Wohlbefinden basieren auf traditionellen Br\u00e4uchen und den heute verf\u00fcgbaren Studien. Sie sind kein Ersatz f\u00fcr eine individuelle medizinische oder ern\u00e4hrungswissenschaftliche Betreuung. <\/em><\/p>\n<p data-start=\"1306\" data-end=\"1403\">\n","protected":false},"excerpt":{"rendered":"<p>\u2728 Naturgr\u00fcner Aventurin Kieselstein &#8211; 40 mm &#8211; Chance &amp; Harmonie \u2728 Dieser ca. 40 mm gro\u00dfe Kieselstein aus nat\u00fcrlichem [&hellip;]<\/p>\n","protected":false},"featured_media":4011,"template":"","meta":{"site-sidebar-layout":"default","site-content-layout":"","ast-site-content-layout":"default","site-content-style":"default","site-sidebar-style":"default","ast-global-header-display":"","ast-banner-title-visibility":"","ast-main-header-display":"","ast-hfb-above-header-display":"","ast-hfb-below-header-display":"","ast-hfb-mobile-header-display":"","site-post-title":"","ast-breadcrumbs-content":"","ast-featured-img":"","footer-sml-layout":"","ast-disable-related-posts":"","theme-transparent-header-meta":"default","adv-header-id-meta":"","stick-header-meta":"","header-above-stick-meta":"","header-main-stick-meta":"","header-below-stick-meta":"","astra-migrate-meta-layouts":"default","ast-page-background-enabled":"default","ast-page-background-meta":{"desktop":{"background-color":"var(--ast-global-color-5)","background-image":"","background-repeat":"repeat","background-position":"center center","background-size":"auto","background-attachment":"scroll","background-type":"","background-media":"","overlay-type":"","overlay-color":"","overlay-opacity":"","overlay-gradient":""},"tablet":{"background-color":"","background-image":"","background-repeat":"repeat","background-position":"center center","background-size":"auto","background-attachment":"scroll","background-type":"","background-media":"","overlay-type":"","overlay-color":"","overlay-opacity":"","overlay-gradient":""},"mobile":{"background-color":"","background-image":"","background-repeat":"repeat","background-position":"center center","background-size":"auto","background-attachment":"scroll","background-type":"","background-media":"","overlay-type":"","overlay-color":"","overlay-opacity":"","overlay-gradient":""}},"ast-content-background-meta":{"desktop":{"background-color":"var(--ast-global-color-4)","background-image":"","background-repeat":"repeat","background-position":"center center","background-size":"auto","background-attachment":"scroll","background-type":"","background-media":"","overlay-type":"","overlay-color":"","overlay-opacity":"","overlay-gradient":""},"tablet":{"background-color":"var(--ast-global-color-4)","background-image":"","background-repeat":"repeat","background-position":"center center","background-size":"auto","background-attachment":"scroll","background-type":"","background-media":"","overlay-type":"","overlay-color":"","overlay-opacity":"","overlay-gradient":""},"mobile":{"background-color":"var(--ast-global-color-4)","background-image":"","background-repeat":"repeat","background-position":"center center","background-size":"auto","background-attachment":"scroll","background-type":"","background-media":"","overlay-type":"","overlay-color":"","overlay-opacity":"","overlay-gradient":""}}},"product_brand":[258],"product_cat":[2702,484],"product_tag":[],"class_list":{"0":"post-1086","1":"product","2":"type-product","3":"status-publish","4":"has-post-thumbnail","6":"product_brand-naturamada","7":"product_cat-flache-kieselsteine","8":"product_cat-natursteine","9":"pa_chakra-herz-chakra-anahata","10":"pa_couleur-grun","11":"pa_taille-40-mm-de","12":"pa_type-de-pierre-aventurin","13":"pa_type-produit-rolle","14":"pa_usage-wohlbefinden","15":"desktop-align-left","16":"tablet-align-left","17":"mobile-align-left","19":"first","20":"instock","21":"taxable","22":"shipping-taxable","23":"purchasable","24":"product-type-simple"},"yoast_head":"<!-- This site is optimized with the Yoast SEO plugin v27.5 - https:\/\/yoast.com\/product\/yoast-seo-wordpress\/ -->\n<title>Aventurin Kieselstein 40 mm - Chance &amp; Harmonie | Naturamada<\/title>\n<meta name=\"description\" content=\"Kieselstein aus nat\u00fcrlichem gr\u00fcnem Aventurin (40 mm), Stein des Mai und des Herzchakras. Spirituelle Tradition: Gl\u00fcck, Harmonie und Erneuerung.\" \/>\n<meta name=\"robots\" content=\"index, follow, max-snippet:-1, max-image-preview:large, max-video-preview:-1\" \/>\n<link rel=\"canonical\" href=\"https:\/\/naturamada.com\/de\/produkt\/aventurin-rolle-40-mm\/\" \/>\n<meta property=\"og:locale\" content=\"de_DE\" \/>\n<meta property=\"og:type\" content=\"article\" \/>\n<meta property=\"og:title\" content=\"Aventurin Kieselstein 40 mm - Chance &amp; Harmonie | Naturamada\" \/>\n<meta property=\"og:description\" content=\"Kieselstein aus nat\u00fcrlichem gr\u00fcnem Aventurin (40 mm), Stein des Mai und des Herzchakras. Spirituelle Tradition: Gl\u00fcck, Harmonie und Erneuerung.\" \/>\n<meta property=\"og:url\" content=\"https:\/\/naturamada.com\/de\/produkt\/aventurin-rolle-40-mm\/\" \/>\n<meta property=\"og:site_name\" content=\"Naturamada\" \/>\n<meta property=\"article:publisher\" content=\"https:\/\/www.facebook.com\/Naturamada.shop\/\" \/>\n<meta property=\"article:modified_time\" content=\"2026-03-17T19:20:10+00:00\" \/>\n<meta property=\"og:image\" content=\"https:\/\/naturamada.com\/wp-content\/uploads\/2025\/07\/Galet-Aventurine-Naturamada.webp\" \/>\n\t<meta property=\"og:image:width\" content=\"2000\" \/>\n\t<meta property=\"og:image:height\" content=\"2000\" \/>\n\t<meta property=\"og:image:type\" content=\"image\/webp\" \/>\n<script type=\"application\/ld+json\" class=\"yoast-schema-graph\">{\"@context\":\"https:\\\/\\\/schema.org\",\"@graph\":[{\"@type\":\"WebPage\",\"@id\":\"https:\\\/\\\/naturamada.com\\\/de\\\/produkt\\\/aventurin-rolle-40-mm\\\/\",\"url\":\"https:\\\/\\\/naturamada.com\\\/de\\\/produkt\\\/aventurin-rolle-40-mm\\\/\",\"name\":\"Aventurin Kieselstein 40 mm - Chance & Harmonie | Naturamada\",\"isPartOf\":{\"@id\":\"https:\\\/\\\/naturamada.com\\\/de\\\/#website\"},\"primaryImageOfPage\":{\"@id\":\"https:\\\/\\\/naturamada.com\\\/de\\\/produkt\\\/aventurin-rolle-40-mm\\\/#primaryimage\"},\"image\":{\"@id\":\"https:\\\/\\\/naturamada.com\\\/de\\\/produkt\\\/aventurin-rolle-40-mm\\\/#primaryimage\"},\"thumbnailUrl\":\"https:\\\/\\\/naturamada.com\\\/wp-content\\\/uploads\\\/2025\\\/07\\\/Galet-Aventurine-Naturamada.webp\",\"datePublished\":\"2025-07-05T16:43:35+00:00\",\"dateModified\":\"2026-03-17T19:20:10+00:00\",\"description\":\"Kieselstein aus nat\u00fcrlichem gr\u00fcnem Aventurin (40 mm), Stein des Mai und des Herzchakras. Spirituelle Tradition: Gl\u00fcck, Harmonie und Erneuerung.\",\"breadcrumb\":{\"@id\":\"https:\\\/\\\/naturamada.com\\\/de\\\/produkt\\\/aventurin-rolle-40-mm\\\/#breadcrumb\"},\"inLanguage\":\"de\",\"potentialAction\":[{\"@type\":\"ReadAction\",\"target\":[\"https:\\\/\\\/naturamada.com\\\/de\\\/produkt\\\/aventurin-rolle-40-mm\\\/\"]}]},{\"@type\":\"ImageObject\",\"inLanguage\":\"de\",\"@id\":\"https:\\\/\\\/naturamada.com\\\/de\\\/produkt\\\/aventurin-rolle-40-mm\\\/#primaryimage\",\"url\":\"https:\\\/\\\/naturamada.com\\\/wp-content\\\/uploads\\\/2025\\\/07\\\/Galet-Aventurine-Naturamada.webp\",\"contentUrl\":\"https:\\\/\\\/naturamada.com\\\/wp-content\\\/uploads\\\/2025\\\/07\\\/Galet-Aventurine-Naturamada.webp\",\"width\":2000,\"height\":2000},{\"@type\":\"BreadcrumbList\",\"@id\":\"https:\\\/\\\/naturamada.com\\\/de\\\/produkt\\\/aventurin-rolle-40-mm\\\/#breadcrumb\",\"itemListElement\":[{\"@type\":\"ListItem\",\"position\":1,\"name\":\"Startseite\",\"item\":\"https:\\\/\\\/naturamada.com\\\/de\\\/\"},{\"@type\":\"ListItem\",\"position\":2,\"name\":\"Shop\",\"item\":\"https:\\\/\\\/naturamada.com\\\/de\\\/shop\\\/\"},{\"@type\":\"ListItem\",\"position\":3,\"name\":\"Aventurin-Kiesel Naturamada\"}]},{\"@type\":\"WebSite\",\"@id\":\"https:\\\/\\\/naturamada.com\\\/de\\\/#website\",\"url\":\"https:\\\/\\\/naturamada.com\\\/de\\\/\",\"name\":\"Naturamada\",\"description\":\"Epices, Superaliments et Pierres pour le bien-\u00eatre et la cuisine\",\"publisher\":{\"@id\":\"https:\\\/\\\/naturamada.com\\\/de\\\/#organization\"},\"potentialAction\":[{\"@type\":\"SearchAction\",\"target\":{\"@type\":\"EntryPoint\",\"urlTemplate\":\"https:\\\/\\\/naturamada.com\\\/de\\\/?s={search_term_string}\"},\"query-input\":{\"@type\":\"PropertyValueSpecification\",\"valueRequired\":true,\"valueName\":\"search_term_string\"}}],\"inLanguage\":\"de\"},{\"@type\":\"Organization\",\"@id\":\"https:\\\/\\\/naturamada.com\\\/de\\\/#organization\",\"name\":\"Naturamada\",\"url\":\"https:\\\/\\\/naturamada.com\\\/de\\\/\",\"logo\":{\"@type\":\"ImageObject\",\"inLanguage\":\"de\",\"@id\":\"https:\\\/\\\/naturamada.com\\\/de\\\/#\\\/schema\\\/logo\\\/image\\\/\",\"url\":\"https:\\\/\\\/naturamada.com\\\/wp-content\\\/uploads\\\/2025\\\/07\\\/cropped-Naturamada-10.png\",\"contentUrl\":\"https:\\\/\\\/naturamada.com\\\/wp-content\\\/uploads\\\/2025\\\/07\\\/cropped-Naturamada-10.png\",\"width\":1366,\"height\":455,\"caption\":\"Naturamada\"},\"image\":{\"@id\":\"https:\\\/\\\/naturamada.com\\\/de\\\/#\\\/schema\\\/logo\\\/image\\\/\"},\"sameAs\":[\"https:\\\/\\\/www.facebook.com\\\/Naturamada.shop\\\/\",\"https:\\\/\\\/www.instagram.com\\\/naturamada.officiel\\\/\"]}]}<\/script>\n<!-- \/ Yoast SEO plugin. -->","yoast_head_json":{"title":"Aventurin Kieselstein 40 mm - Chance & Harmonie | Naturamada","description":"Kieselstein aus nat\u00fcrlichem gr\u00fcnem Aventurin (40 mm), Stein des Mai und des Herzchakras. Spirituelle Tradition: Gl\u00fcck, Harmonie und Erneuerung.","robots":{"index":"index","follow":"follow","max-snippet":"max-snippet:-1","max-image-preview":"max-image-preview:large","max-video-preview":"max-video-preview:-1"},"canonical":"https:\/\/naturamada.com\/de\/produkt\/aventurin-rolle-40-mm\/","og_locale":"de_DE","og_type":"article","og_title":"Aventurin Kieselstein 40 mm - Chance & Harmonie | Naturamada","og_description":"Kieselstein aus nat\u00fcrlichem gr\u00fcnem Aventurin (40 mm), Stein des Mai und des Herzchakras. Spirituelle Tradition: Gl\u00fcck, Harmonie und Erneuerung.","og_url":"https:\/\/naturamada.com\/de\/produkt\/aventurin-rolle-40-mm\/","og_site_name":"Naturamada","article_publisher":"https:\/\/www.facebook.com\/Naturamada.shop\/","article_modified_time":"2026-03-17T19:20:10+00:00","og_image":[{"width":2000,"height":2000,"url":"https:\/\/naturamada.com\/wp-content\/uploads\/2025\/07\/Galet-Aventurine-Naturamada.webp","type":"image\/webp"}],"schema":{"@context":"https:\/\/schema.org","@graph":[{"@type":"WebPage","@id":"https:\/\/naturamada.com\/de\/produkt\/aventurin-rolle-40-mm\/","url":"https:\/\/naturamada.com\/de\/produkt\/aventurin-rolle-40-mm\/","name":"Aventurin Kieselstein 40 mm - Chance & Harmonie | Naturamada","isPartOf":{"@id":"https:\/\/naturamada.com\/de\/#website"},"primaryImageOfPage":{"@id":"https:\/\/naturamada.com\/de\/produkt\/aventurin-rolle-40-mm\/#primaryimage"},"image":{"@id":"https:\/\/naturamada.com\/de\/produkt\/aventurin-rolle-40-mm\/#primaryimage"},"thumbnailUrl":"https:\/\/naturamada.com\/wp-content\/uploads\/2025\/07\/Galet-Aventurine-Naturamada.webp","datePublished":"2025-07-05T16:43:35+00:00","dateModified":"2026-03-17T19:20:10+00:00","description":"Kieselstein aus nat\u00fcrlichem gr\u00fcnem Aventurin (40 mm), Stein des Mai und des Herzchakras. Spirituelle Tradition: Gl\u00fcck, Harmonie und Erneuerung.","breadcrumb":{"@id":"https:\/\/naturamada.com\/de\/produkt\/aventurin-rolle-40-mm\/#breadcrumb"},"inLanguage":"de","potentialAction":[{"@type":"ReadAction","target":["https:\/\/naturamada.com\/de\/produkt\/aventurin-rolle-40-mm\/"]}]},{"@type":"ImageObject","inLanguage":"de","@id":"https:\/\/naturamada.com\/de\/produkt\/aventurin-rolle-40-mm\/#primaryimage","url":"https:\/\/naturamada.com\/wp-content\/uploads\/2025\/07\/Galet-Aventurine-Naturamada.webp","contentUrl":"https:\/\/naturamada.com\/wp-content\/uploads\/2025\/07\/Galet-Aventurine-Naturamada.webp","width":2000,"height":2000},{"@type":"BreadcrumbList","@id":"https:\/\/naturamada.com\/de\/produkt\/aventurin-rolle-40-mm\/#breadcrumb","itemListElement":[{"@type":"ListItem","position":1,"name":"Startseite","item":"https:\/\/naturamada.com\/de\/"},{"@type":"ListItem","position":2,"name":"Shop","item":"https:\/\/naturamada.com\/de\/shop\/"},{"@type":"ListItem","position":3,"name":"Aventurin-Kiesel Naturamada"}]},{"@type":"WebSite","@id":"https:\/\/naturamada.com\/de\/#website","url":"https:\/\/naturamada.com\/de\/","name":"Naturamada","description":"Epices, Superaliments et Pierres pour le bien-\u00eatre et la cuisine","publisher":{"@id":"https:\/\/naturamada.com\/de\/#organization"},"potentialAction":[{"@type":"SearchAction","target":{"@type":"EntryPoint","urlTemplate":"https:\/\/naturamada.com\/de\/?s={search_term_string}"},"query-input":{"@type":"PropertyValueSpecification","valueRequired":true,"valueName":"search_term_string"}}],"inLanguage":"de"},{"@type":"Organization","@id":"https:\/\/naturamada.com\/de\/#organization","name":"Naturamada","url":"https:\/\/naturamada.com\/de\/","logo":{"@type":"ImageObject","inLanguage":"de","@id":"https:\/\/naturamada.com\/de\/#\/schema\/logo\/image\/","url":"https:\/\/naturamada.com\/wp-content\/uploads\/2025\/07\/cropped-Naturamada-10.png","contentUrl":"https:\/\/naturamada.com\/wp-content\/uploads\/2025\/07\/cropped-Naturamada-10.png","width":1366,"height":455,"caption":"Naturamada"},"image":{"@id":"https:\/\/naturamada.com\/de\/#\/schema\/logo\/image\/"},"sameAs":["https:\/\/www.facebook.com\/Naturamada.shop\/","https:\/\/www.instagram.com\/naturamada.officiel\/"]}]}},"_links":{"self":[{"href":"https:\/\/naturamada.com\/de\/wp-json\/wp\/v2\/product\/1086","targetHints":{"allow":["GET"]}}],"collection":[{"href":"https:\/\/naturamada.com\/de\/wp-json\/wp\/v2\/product"}],"about":[{"href":"https:\/\/naturamada.com\/de\/wp-json\/wp\/v2\/types\/product"}],"wp:featuredmedia":[{"embeddable":true,"href":"https:\/\/naturamada.com\/de\/wp-json\/wp\/v2\/media\/4011"}],"wp:attachment":[{"href":"https:\/\/naturamada.com\/de\/wp-json\/wp\/v2\/media?parent=1086"}],"wp:term":[{"taxonomy":"product_brand","embeddable":true,"href":"https:\/\/naturamada.com\/de\/wp-json\/wp\/v2\/product_brand?post=1086"},{"taxonomy":"product_cat","embeddable":true,"href":"https:\/\/naturamada.com\/de\/wp-json\/wp\/v2\/product_cat?post=1086"},{"taxonomy":"product_tag","embeddable":true,"href":"https:\/\/naturamada.com\/de\/wp-json\/wp\/v2\/product_tag?post=1086"}],"curies":[{"name":"wp","href":"https:\/\/api.w.org\/{rel}","templated":true}]}}