{"id":1081,"date":"2025-07-05T16:49:43","date_gmt":"2025-07-05T16:49:43","guid":{"rendered":"https:\/\/naturamada.com\/produit\/citrin-kieselstein-40-mm\/"},"modified":"2026-03-17T19:20:10","modified_gmt":"2026-03-17T19:20:10","slug":"citrin-kieselstein-40-mm","status":"publish","type":"product","link":"https:\/\/naturamada.com\/de\/produkt\/citrin-kieselstein-40-mm\/","title":{"rendered":"Naturamada Citrin-Kieselstein"},"content":{"rendered":"<p data-start=\"142\" data-end=\"202\">\u2728 <strong data-start=\"144\" data-end=\"198\">Natural Citrin Kieselstein &#8211; 40 mm &#8211; Joie &amp; Abondance<\/strong> \u2728<\/p>\n<p data-start=\"204\" data-end=\"494\">Dieser ca. 40 mm gro\u00dfe Kieselstein aus nat\u00fcrlichem Citrin wurde sorgf\u00e4ltig poliert, um seine warmen und hellen Farbt\u00f6ne und seine strahlende Energie zu enth\u00fcllen. Der Citrin ist ein Symbol f\u00fcr Freude, F\u00fclle und Selbstvertrauen und wird mit dem <strong data-start=\"436\" data-end=\"456\">Monat November<\/strong> und dem <strong data-start=\"463\" data-end=\"491\">Solarplexus-Chakra<\/strong> in Verbindung gebracht. <\/p>\n<p data-start=\"496\" data-end=\"663\">Jeder Kieselstein wird von Naturamada ausgew\u00e4hlt und ist ideal, um Ihre Meditationen zu begleiten, einen Raum zu dynamisieren oder als sch\u00f6nes, nat\u00fcrliches Dekorationsobjekt.<\/p>\n<p data-start=\"665\" data-end=\"940\"><strong data-start=\"668\" data-end=\"727\">Eigenschaften des Citrin (nach spirituellen Traditionen):<\/strong><br data-start=\"727\" data-end=\"730\">Strahlt Freude und gute Laune aus<br data-start=\"767\" data-end=\"770\">F\u00f6rdert Selbstvertrauen und positive Energie<br data-start=\"823\" data-end=\"826\">Zieht \u00dcberfluss und Wohlstand an<br data-start=\"864\" data-end=\"867\">Wird mit dem Solarplexus-Chakra in Verbindung gebracht<br data-start=\"906\" data-end=\"909\">Stein des Monats November<\/p>\n<p data-start=\"1187\" data-end=\"1338\"><strong data-start=\"1190\" data-end=\"1205\">Pflege:<\/strong><br data-start=\"1205\" data-end=\"1208\">Reinigen Sie Ihren Kieselstein mit Salbei, R\u00e4ucherst\u00e4bchen oder destilliertem Wasser. Laden Sie ihn im Morgenlicht oder auf einer Blume des Lebens wieder auf. <\/p>\n<p data-start=\"1340\" data-end=\"1426\"><strong data-start=\"1343\" data-end=\"1360\">Geschenkidee:<\/strong><br data-start=\"1360\" data-end=\"1363\">Ein heller und inspirierender Kieselstein, perfekt f\u00fcr sich selbst oder zum Verschenken.<\/p>\n<p data-start=\"1340\" data-end=\"1426\"><em><strong data-start=\"1217\" data-end=\"1234\">Warnung<\/strong><\/em><br data-start=\"1234\" data-end=\"1237\"><em>Die in diesem Artikel enthaltenen Informationen zu Ern\u00e4hrung und Wohlbefinden basieren auf traditionellen Br\u00e4uchen und den heute verf\u00fcgbaren Studien. Sie sind kein Ersatz f\u00fcr eine individuelle medizinische oder ern\u00e4hrungswissenschaftliche Betreuung. <\/em><\/p>\n","protected":false},"excerpt":{"rendered":"<p>\u2728 Natural Citrin Kieselstein &#8211; 40 mm &#8211; Joie &amp; Abondance \u2728 Dieser ca. 40 mm gro\u00dfe Kieselstein aus nat\u00fcrlichem [&hellip;]<\/p>\n","protected":false},"featured_media":4005,"template":"","meta":{"site-sidebar-layout":"default","site-content-layout":"","ast-site-content-layout":"default","site-content-style":"default","site-sidebar-style":"default","ast-global-header-display":"","ast-banner-title-visibility":"","ast-main-header-display":"","ast-hfb-above-header-display":"","ast-hfb-below-header-display":"","ast-hfb-mobile-header-display":"","site-post-title":"","ast-breadcrumbs-content":"","ast-featured-img":"","footer-sml-layout":"","ast-disable-related-posts":"","theme-transparent-header-meta":"default","adv-header-id-meta":"","stick-header-meta":"","header-above-stick-meta":"","header-main-stick-meta":"","header-below-stick-meta":"","astra-migrate-meta-layouts":"default","ast-page-background-enabled":"default","ast-page-background-meta":{"desktop":{"background-color":"var(--ast-global-color-5)","background-image":"","background-repeat":"repeat","background-position":"center center","background-size":"auto","background-attachment":"scroll","background-type":"","background-media":"","overlay-type":"","overlay-color":"","overlay-opacity":"","overlay-gradient":""},"tablet":{"background-color":"","background-image":"","background-repeat":"repeat","background-position":"center center","background-size":"auto","background-attachment":"scroll","background-type":"","background-media":"","overlay-type":"","overlay-color":"","overlay-opacity":"","overlay-gradient":""},"mobile":{"background-color":"","background-image":"","background-repeat":"repeat","background-position":"center center","background-size":"auto","background-attachment":"scroll","background-type":"","background-media":"","overlay-type":"","overlay-color":"","overlay-opacity":"","overlay-gradient":""}},"ast-content-background-meta":{"desktop":{"background-color":"var(--ast-global-color-4)","background-image":"","background-repeat":"repeat","background-position":"center center","background-size":"auto","background-attachment":"scroll","background-type":"","background-media":"","overlay-type":"","overlay-color":"","overlay-opacity":"","overlay-gradient":""},"tablet":{"background-color":"var(--ast-global-color-4)","background-image":"","background-repeat":"repeat","background-position":"center center","background-size":"auto","background-attachment":"scroll","background-type":"","background-media":"","overlay-type":"","overlay-color":"","overlay-opacity":"","overlay-gradient":""},"mobile":{"background-color":"var(--ast-global-color-4)","background-image":"","background-repeat":"repeat","background-position":"center center","background-size":"auto","background-attachment":"scroll","background-type":"","background-media":"","overlay-type":"","overlay-color":"","overlay-opacity":"","overlay-gradient":""}}},"product_brand":[258],"product_cat":[2702,484],"product_tag":[],"class_list":{"0":"post-1081","1":"product","2":"type-product","3":"status-publish","4":"has-post-thumbnail","6":"product_brand-naturamada","7":"product_cat-flache-kieselsteine","8":"product_cat-natursteine","9":"pa_chakra-solarplexus-chakra-manipura","10":"pa_couleur-gelb","11":"pa_taille-40-mm-de","12":"pa_type-de-pierre-citrin","13":"pa_type-produit-rolle","14":"pa_usage-wohlbefinden","15":"desktop-align-left","16":"tablet-align-left","17":"mobile-align-left","19":"first","20":"instock","21":"taxable","22":"shipping-taxable","23":"purchasable","24":"product-type-simple"},"yoast_head":"<!-- This site is optimized with the Yoast SEO plugin v27.2 - https:\/\/yoast.com\/product\/yoast-seo-wordpress\/ -->\n<title>Citrin-Kiesel 40 mm - Joie &amp; Abondance | Naturamada<\/title>\n<meta name=\"description\" content=\"Nat\u00fcrlicher Citrin-Kieselstein (40 mm), Stein des Monats November und des Solarplexus-Chakras. Freude, Vertrauen und F\u00fclle.\" \/>\n<meta name=\"robots\" content=\"index, follow, max-snippet:-1, max-image-preview:large, max-video-preview:-1\" \/>\n<link rel=\"canonical\" href=\"https:\/\/naturamada.com\/de\/produkt\/citrin-kieselstein-40-mm\/\" \/>\n<meta property=\"og:locale\" content=\"de_DE\" \/>\n<meta property=\"og:type\" content=\"article\" \/>\n<meta property=\"og:title\" content=\"Citrin-Kiesel 40 mm - Joie &amp; Abondance | Naturamada\" \/>\n<meta property=\"og:description\" content=\"Nat\u00fcrlicher Citrin-Kieselstein (40 mm), Stein des Monats November und des Solarplexus-Chakras. Freude, Vertrauen und F\u00fclle.\" \/>\n<meta property=\"og:url\" content=\"https:\/\/naturamada.com\/de\/produkt\/citrin-kieselstein-40-mm\/\" \/>\n<meta property=\"og:site_name\" content=\"Naturamada\" \/>\n<meta property=\"article:publisher\" content=\"https:\/\/www.facebook.com\/Naturamada.shop\/\" \/>\n<meta property=\"article:modified_time\" content=\"2026-03-17T19:20:10+00:00\" \/>\n<meta property=\"og:image\" content=\"https:\/\/naturamada.com\/wp-content\/uploads\/2025\/07\/Galet-citrine-Naturamada.webp\" \/>\n\t<meta property=\"og:image:width\" content=\"2000\" \/>\n\t<meta property=\"og:image:height\" content=\"2000\" \/>\n\t<meta property=\"og:image:type\" content=\"image\/webp\" \/>\n<script type=\"application\/ld+json\" class=\"yoast-schema-graph\">{\"@context\":\"https:\/\/schema.org\",\"@graph\":[{\"@type\":\"WebPage\",\"@id\":\"https:\/\/naturamada.com\/de\/produkt\/citrin-kieselstein-40-mm\/\",\"url\":\"https:\/\/naturamada.com\/de\/produkt\/citrin-kieselstein-40-mm\/\",\"name\":\"Citrin-Kiesel 40 mm - Joie & Abondance | Naturamada\",\"isPartOf\":{\"@id\":\"https:\/\/naturamada.com\/de\/#website\"},\"primaryImageOfPage\":{\"@id\":\"https:\/\/naturamada.com\/de\/produkt\/citrin-kieselstein-40-mm\/#primaryimage\"},\"image\":{\"@id\":\"https:\/\/naturamada.com\/de\/produkt\/citrin-kieselstein-40-mm\/#primaryimage\"},\"thumbnailUrl\":\"https:\/\/naturamada.com\/wp-content\/uploads\/2025\/07\/Galet-citrine-Naturamada.webp\",\"datePublished\":\"2025-07-05T16:49:43+00:00\",\"dateModified\":\"2026-03-17T19:20:10+00:00\",\"description\":\"Nat\u00fcrlicher Citrin-Kieselstein (40 mm), Stein des Monats November und des Solarplexus-Chakras. Freude, Vertrauen und F\u00fclle.\",\"breadcrumb\":{\"@id\":\"https:\/\/naturamada.com\/de\/produkt\/citrin-kieselstein-40-mm\/#breadcrumb\"},\"inLanguage\":\"de\",\"potentialAction\":[{\"@type\":\"ReadAction\",\"target\":[\"https:\/\/naturamada.com\/de\/produkt\/citrin-kieselstein-40-mm\/\"]}]},{\"@type\":\"ImageObject\",\"inLanguage\":\"de\",\"@id\":\"https:\/\/naturamada.com\/de\/produkt\/citrin-kieselstein-40-mm\/#primaryimage\",\"url\":\"https:\/\/naturamada.com\/wp-content\/uploads\/2025\/07\/Galet-citrine-Naturamada.webp\",\"contentUrl\":\"https:\/\/naturamada.com\/wp-content\/uploads\/2025\/07\/Galet-citrine-Naturamada.webp\",\"width\":2000,\"height\":2000},{\"@type\":\"BreadcrumbList\",\"@id\":\"https:\/\/naturamada.com\/de\/produkt\/citrin-kieselstein-40-mm\/#breadcrumb\",\"itemListElement\":[{\"@type\":\"ListItem\",\"position\":1,\"name\":\"Startseite\",\"item\":\"https:\/\/naturamada.com\/de\/\"},{\"@type\":\"ListItem\",\"position\":2,\"name\":\"Shop\",\"item\":\"https:\/\/naturamada.com\/de\/shop\/\"},{\"@type\":\"ListItem\",\"position\":3,\"name\":\"Naturamada Citrin-Kieselstein\"}]},{\"@type\":\"WebSite\",\"@id\":\"https:\/\/naturamada.com\/de\/#website\",\"url\":\"https:\/\/naturamada.com\/de\/\",\"name\":\"Naturamada\",\"description\":\"Epices, Superaliments et Pierres pour le bien-\u00eatre et la cuisine\",\"publisher\":{\"@id\":\"https:\/\/naturamada.com\/de\/#organization\"},\"potentialAction\":[{\"@type\":\"SearchAction\",\"target\":{\"@type\":\"EntryPoint\",\"urlTemplate\":\"https:\/\/naturamada.com\/de\/?s={search_term_string}\"},\"query-input\":{\"@type\":\"PropertyValueSpecification\",\"valueRequired\":true,\"valueName\":\"search_term_string\"}}],\"inLanguage\":\"de\"},{\"@type\":\"Organization\",\"@id\":\"https:\/\/naturamada.com\/de\/#organization\",\"name\":\"Naturamada\",\"url\":\"https:\/\/naturamada.com\/de\/\",\"logo\":{\"@type\":\"ImageObject\",\"inLanguage\":\"de\",\"@id\":\"https:\/\/naturamada.com\/de\/#\/schema\/logo\/image\/\",\"url\":\"https:\/\/naturamada.com\/wp-content\/uploads\/2025\/07\/cropped-Naturamada-10.png\",\"contentUrl\":\"https:\/\/naturamada.com\/wp-content\/uploads\/2025\/07\/cropped-Naturamada-10.png\",\"width\":1366,\"height\":455,\"caption\":\"Naturamada\"},\"image\":{\"@id\":\"https:\/\/naturamada.com\/de\/#\/schema\/logo\/image\/\"},\"sameAs\":[\"https:\/\/www.facebook.com\/Naturamada.shop\/\",\"https:\/\/www.instagram.com\/naturamada.officiel\/\"]}]}<\/script>\n<!-- \/ Yoast SEO plugin. -->","yoast_head_json":{"title":"Citrin-Kiesel 40 mm - Joie & Abondance | Naturamada","description":"Nat\u00fcrlicher Citrin-Kieselstein (40 mm), Stein des Monats November und des Solarplexus-Chakras. Freude, Vertrauen und F\u00fclle.","robots":{"index":"index","follow":"follow","max-snippet":"max-snippet:-1","max-image-preview":"max-image-preview:large","max-video-preview":"max-video-preview:-1"},"canonical":"https:\/\/naturamada.com\/de\/produkt\/citrin-kieselstein-40-mm\/","og_locale":"de_DE","og_type":"article","og_title":"Citrin-Kiesel 40 mm - Joie & Abondance | Naturamada","og_description":"Nat\u00fcrlicher Citrin-Kieselstein (40 mm), Stein des Monats November und des Solarplexus-Chakras. Freude, Vertrauen und F\u00fclle.","og_url":"https:\/\/naturamada.com\/de\/produkt\/citrin-kieselstein-40-mm\/","og_site_name":"Naturamada","article_publisher":"https:\/\/www.facebook.com\/Naturamada.shop\/","article_modified_time":"2026-03-17T19:20:10+00:00","og_image":[{"width":2000,"height":2000,"url":"https:\/\/naturamada.com\/wp-content\/uploads\/2025\/07\/Galet-citrine-Naturamada.webp","type":"image\/webp"}],"schema":{"@context":"https:\/\/schema.org","@graph":[{"@type":"WebPage","@id":"https:\/\/naturamada.com\/de\/produkt\/citrin-kieselstein-40-mm\/","url":"https:\/\/naturamada.com\/de\/produkt\/citrin-kieselstein-40-mm\/","name":"Citrin-Kiesel 40 mm - Joie & Abondance | Naturamada","isPartOf":{"@id":"https:\/\/naturamada.com\/de\/#website"},"primaryImageOfPage":{"@id":"https:\/\/naturamada.com\/de\/produkt\/citrin-kieselstein-40-mm\/#primaryimage"},"image":{"@id":"https:\/\/naturamada.com\/de\/produkt\/citrin-kieselstein-40-mm\/#primaryimage"},"thumbnailUrl":"https:\/\/naturamada.com\/wp-content\/uploads\/2025\/07\/Galet-citrine-Naturamada.webp","datePublished":"2025-07-05T16:49:43+00:00","dateModified":"2026-03-17T19:20:10+00:00","description":"Nat\u00fcrlicher Citrin-Kieselstein (40 mm), Stein des Monats November und des Solarplexus-Chakras. Freude, Vertrauen und F\u00fclle.","breadcrumb":{"@id":"https:\/\/naturamada.com\/de\/produkt\/citrin-kieselstein-40-mm\/#breadcrumb"},"inLanguage":"de","potentialAction":[{"@type":"ReadAction","target":["https:\/\/naturamada.com\/de\/produkt\/citrin-kieselstein-40-mm\/"]}]},{"@type":"ImageObject","inLanguage":"de","@id":"https:\/\/naturamada.com\/de\/produkt\/citrin-kieselstein-40-mm\/#primaryimage","url":"https:\/\/naturamada.com\/wp-content\/uploads\/2025\/07\/Galet-citrine-Naturamada.webp","contentUrl":"https:\/\/naturamada.com\/wp-content\/uploads\/2025\/07\/Galet-citrine-Naturamada.webp","width":2000,"height":2000},{"@type":"BreadcrumbList","@id":"https:\/\/naturamada.com\/de\/produkt\/citrin-kieselstein-40-mm\/#breadcrumb","itemListElement":[{"@type":"ListItem","position":1,"name":"Startseite","item":"https:\/\/naturamada.com\/de\/"},{"@type":"ListItem","position":2,"name":"Shop","item":"https:\/\/naturamada.com\/de\/shop\/"},{"@type":"ListItem","position":3,"name":"Naturamada Citrin-Kieselstein"}]},{"@type":"WebSite","@id":"https:\/\/naturamada.com\/de\/#website","url":"https:\/\/naturamada.com\/de\/","name":"Naturamada","description":"Epices, Superaliments et Pierres pour le bien-\u00eatre et la cuisine","publisher":{"@id":"https:\/\/naturamada.com\/de\/#organization"},"potentialAction":[{"@type":"SearchAction","target":{"@type":"EntryPoint","urlTemplate":"https:\/\/naturamada.com\/de\/?s={search_term_string}"},"query-input":{"@type":"PropertyValueSpecification","valueRequired":true,"valueName":"search_term_string"}}],"inLanguage":"de"},{"@type":"Organization","@id":"https:\/\/naturamada.com\/de\/#organization","name":"Naturamada","url":"https:\/\/naturamada.com\/de\/","logo":{"@type":"ImageObject","inLanguage":"de","@id":"https:\/\/naturamada.com\/de\/#\/schema\/logo\/image\/","url":"https:\/\/naturamada.com\/wp-content\/uploads\/2025\/07\/cropped-Naturamada-10.png","contentUrl":"https:\/\/naturamada.com\/wp-content\/uploads\/2025\/07\/cropped-Naturamada-10.png","width":1366,"height":455,"caption":"Naturamada"},"image":{"@id":"https:\/\/naturamada.com\/de\/#\/schema\/logo\/image\/"},"sameAs":["https:\/\/www.facebook.com\/Naturamada.shop\/","https:\/\/www.instagram.com\/naturamada.officiel\/"]}]}},"_links":{"self":[{"href":"https:\/\/naturamada.com\/de\/wp-json\/wp\/v2\/product\/1081","targetHints":{"allow":["GET"]}}],"collection":[{"href":"https:\/\/naturamada.com\/de\/wp-json\/wp\/v2\/product"}],"about":[{"href":"https:\/\/naturamada.com\/de\/wp-json\/wp\/v2\/types\/product"}],"wp:featuredmedia":[{"embeddable":true,"href":"https:\/\/naturamada.com\/de\/wp-json\/wp\/v2\/media\/4005"}],"wp:attachment":[{"href":"https:\/\/naturamada.com\/de\/wp-json\/wp\/v2\/media?parent=1081"}],"wp:term":[{"taxonomy":"product_brand","embeddable":true,"href":"https:\/\/naturamada.com\/de\/wp-json\/wp\/v2\/product_brand?post=1081"},{"taxonomy":"product_cat","embeddable":true,"href":"https:\/\/naturamada.com\/de\/wp-json\/wp\/v2\/product_cat?post=1081"},{"taxonomy":"product_tag","embeddable":true,"href":"https:\/\/naturamada.com\/de\/wp-json\/wp\/v2\/product_tag?post=1081"}],"curies":[{"name":"wp","href":"https:\/\/api.w.org\/{rel}","templated":true}]}}