{"id":1067,"date":"2025-07-05T17:45:49","date_gmt":"2025-07-05T17:45:49","guid":{"rendered":"https:\/\/naturamada.com\/produit\/gruenes-aventurin-herz\/"},"modified":"2026-03-17T19:20:41","modified_gmt":"2026-03-17T19:20:41","slug":"gruenes-aventurin-herz","status":"publish","type":"product","link":"https:\/\/naturamada.com\/de\/produkt\/gruenes-aventurin-herz\/","title":{"rendered":"Herz Aventurin gr\u00fcn Naturamada"},"content":{"rendered":"<p data-start=\"153\" data-end=\"222\">\u2728 <strong data-start=\"155\" data-end=\"218\">Natural Green Aventurin Herz &#8211; Gl\u00fcck &amp; Harmonie<\/strong> \u2728<\/p>\n<p data-start=\"224\" data-end=\"506\">Dieses ca. 40 mm gro\u00dfe Herz aus nat\u00fcrlichem gr\u00fcnem Aventurin wurde sorgf\u00e4ltig geschliffen und poliert, um seine sanften Gr\u00fcnt\u00f6ne und seine ausgleichende Energie zu entfalten. Der gr\u00fcne Aventurin ist ein Symbol f\u00fcr Gl\u00fcck, Harmonie und Erneuerung und wird mit dem <strong data-start=\"463\" data-end=\"478\">Monat Mai<\/strong> und dem <strong data-start=\"485\" data-end=\"503\">Herzchakra<\/strong> in Verbindung gebracht. <\/p>\n<p data-start=\"508\" data-end=\"670\">Jedes Herz wurde von Naturamada ausgew\u00e4hlt und ist ideal f\u00fcr die Meditation, zur Harmonisierung Ihres Raumes oder als Geschenk f\u00fcr Sanftmut und Wohlstand.<\/p>\n<p data-start=\"672\" data-end=\"926\"><strong data-start=\"675\" data-end=\"742\">Eigenschaften des gr\u00fcnen Aventurins (nach spirituellen Traditionen):<\/strong><br data-start=\"742\" data-end=\"745\">Zieht Gl\u00fcck und Gelegenheiten an<br data-start=\"784\" data-end=\"787\">Beruhigt Emotionen und Stress<br data-start=\"822\" data-end=\"825\">F\u00f6rdert Klarheit in Entscheidungen<br data-start=\"865\" data-end=\"868\">Wird mit dem Herzchakra in Verbindung gebracht<br data-start=\"897\" data-end=\"900\">Stein des Monats Mai<\/p>\n<p data-start=\"928\" data-end=\"957\"><strong data-start=\"931\" data-end=\"955\">Produktdetails :<\/strong><\/p>\n<p data-start=\"960\" data-end=\"986\">Typ: Naturpolierter Kern<\/p>\n<p data-start=\"989\" data-end=\"1010\">Gr\u00f6\u00dfe: ca. 40 mm<\/p>\n<p data-start=\"1013\" data-end=\"1050\">Stein: Nat\u00fcrlicher gr\u00fcner Aventurin<\/p>\n<p data-start=\"1175\" data-end=\"1326\"><strong data-start=\"1178\" data-end=\"1193\">Pflege:<\/strong><br data-start=\"1193\" data-end=\"1196\">Reinigen Sie Ihr Herz mit Salbei, R\u00e4ucherst\u00e4bchen oder destilliertem Wasser. Laden Sie ihn im Tageslicht oder auf einer Blume des Lebens auf.<\/p>\n<p data-start=\"1328\" data-end=\"1429\"><strong data-start=\"1331\" data-end=\"1348\">Geschenkidee:<\/strong><br data-start=\"1348\" data-end=\"1351\">Ein harmonisches und leuchtendes Herz, perfekt f\u00fcr sich selbst oder als liebevolles Geschenk.<\/p>\n","protected":false},"excerpt":{"rendered":"<p>\u2728 Natural Green Aventurin Herz &#8211; Gl\u00fcck &amp; Harmonie \u2728 Dieses ca. 40 mm gro\u00dfe Herz aus nat\u00fcrlichem gr\u00fcnem Aventurin [&hellip;]<\/p>\n","protected":false},"featured_media":3701,"template":"","meta":{"site-sidebar-layout":"default","site-content-layout":"","ast-site-content-layout":"default","site-content-style":"default","site-sidebar-style":"default","ast-global-header-display":"","ast-banner-title-visibility":"","ast-main-header-display":"","ast-hfb-above-header-display":"","ast-hfb-below-header-display":"","ast-hfb-mobile-header-display":"","site-post-title":"","ast-breadcrumbs-content":"","ast-featured-img":"","footer-sml-layout":"","ast-disable-related-posts":"","theme-transparent-header-meta":"default","adv-header-id-meta":"","stick-header-meta":"","header-above-stick-meta":"","header-main-stick-meta":"","header-below-stick-meta":"","astra-migrate-meta-layouts":"default","ast-page-background-enabled":"default","ast-page-background-meta":{"desktop":{"background-color":"var(--ast-global-color-5)","background-image":"","background-repeat":"repeat","background-position":"center center","background-size":"auto","background-attachment":"scroll","background-type":"","background-media":"","overlay-type":"","overlay-color":"","overlay-opacity":"","overlay-gradient":""},"tablet":{"background-color":"","background-image":"","background-repeat":"repeat","background-position":"center center","background-size":"auto","background-attachment":"scroll","background-type":"","background-media":"","overlay-type":"","overlay-color":"","overlay-opacity":"","overlay-gradient":""},"mobile":{"background-color":"","background-image":"","background-repeat":"repeat","background-position":"center center","background-size":"auto","background-attachment":"scroll","background-type":"","background-media":"","overlay-type":"","overlay-color":"","overlay-opacity":"","overlay-gradient":""}},"ast-content-background-meta":{"desktop":{"background-color":"var(--ast-global-color-4)","background-image":"","background-repeat":"repeat","background-position":"center center","background-size":"auto","background-attachment":"scroll","background-type":"","background-media":"","overlay-type":"","overlay-color":"","overlay-opacity":"","overlay-gradient":""},"tablet":{"background-color":"var(--ast-global-color-4)","background-image":"","background-repeat":"repeat","background-position":"center center","background-size":"auto","background-attachment":"scroll","background-type":"","background-media":"","overlay-type":"","overlay-color":"","overlay-opacity":"","overlay-gradient":""},"mobile":{"background-color":"var(--ast-global-color-4)","background-image":"","background-repeat":"repeat","background-position":"center center","background-size":"auto","background-attachment":"scroll","background-type":"","background-media":"","overlay-type":"","overlay-color":"","overlay-opacity":"","overlay-gradient":""}}},"product_brand":[],"product_cat":[2697,484],"product_tag":[],"class_list":{"0":"post-1067","1":"product","2":"type-product","3":"status-publish","4":"has-post-thumbnail","6":"product_cat-herzen-aus-stein","7":"product_cat-natursteine","8":"pa_couleur-grun","9":"pa_taille-40-mm-de","10":"pa_type-de-pierre-aventurin","11":"pa_type-produit-herz","12":"pa_usage-wohlbefinden","13":"desktop-align-left","14":"tablet-align-left","15":"mobile-align-left","17":"first","18":"instock","19":"taxable","20":"shipping-taxable","21":"purchasable","22":"product-type-simple"},"yoast_head":"<!-- This site is optimized with the Yoast SEO plugin v27.2 - https:\/\/yoast.com\/product\/yoast-seo-wordpress\/ -->\n<title>Herz Aventurin gr\u00fcn 40 mm - Chance &amp; Harmonie | Naturamada<\/title>\n<meta name=\"description\" content=\"Herz aus nat\u00fcrlichem gr\u00fcnem Aventurin (40 mm), Stein des Monats Mai und des Herzchakras. Tradition: Gl\u00fcck, Harmonie und Sanftheit. Naturamada-Handwerk.\" \/>\n<meta name=\"robots\" content=\"index, follow, max-snippet:-1, max-image-preview:large, max-video-preview:-1\" \/>\n<link rel=\"canonical\" href=\"https:\/\/naturamada.com\/de\/produkt\/gruenes-aventurin-herz\/\" \/>\n<meta property=\"og:locale\" content=\"de_DE\" \/>\n<meta property=\"og:type\" content=\"article\" \/>\n<meta property=\"og:title\" content=\"Herz Aventurin gr\u00fcn 40 mm - Chance &amp; Harmonie | Naturamada\" \/>\n<meta property=\"og:description\" content=\"Herz aus nat\u00fcrlichem gr\u00fcnem Aventurin (40 mm), Stein des Monats Mai und des Herzchakras. Tradition: Gl\u00fcck, Harmonie und Sanftheit. Naturamada-Handwerk.\" \/>\n<meta property=\"og:url\" content=\"https:\/\/naturamada.com\/de\/produkt\/gruenes-aventurin-herz\/\" \/>\n<meta property=\"og:site_name\" content=\"Naturamada\" \/>\n<meta property=\"article:publisher\" content=\"https:\/\/www.facebook.com\/Naturamada.shop\/\" \/>\n<meta property=\"article:modified_time\" content=\"2026-03-17T19:20:41+00:00\" \/>\n<meta property=\"og:image\" content=\"https:\/\/naturamada.com\/wp-content\/uploads\/2025\/07\/coeur-en-pierre-aventurine-verte-Naturamada.webp\" \/>\n\t<meta property=\"og:image:width\" content=\"2000\" \/>\n\t<meta property=\"og:image:height\" content=\"2000\" \/>\n\t<meta property=\"og:image:type\" content=\"image\/webp\" \/>\n<script type=\"application\/ld+json\" class=\"yoast-schema-graph\">{\"@context\":\"https:\/\/schema.org\",\"@graph\":[{\"@type\":\"WebPage\",\"@id\":\"https:\/\/naturamada.com\/de\/produkt\/gruenes-aventurin-herz\/\",\"url\":\"https:\/\/naturamada.com\/de\/produkt\/gruenes-aventurin-herz\/\",\"name\":\"Herz Aventurin gr\u00fcn 40 mm - Chance & Harmonie | Naturamada\",\"isPartOf\":{\"@id\":\"https:\/\/naturamada.com\/de\/#website\"},\"primaryImageOfPage\":{\"@id\":\"https:\/\/naturamada.com\/de\/produkt\/gruenes-aventurin-herz\/#primaryimage\"},\"image\":{\"@id\":\"https:\/\/naturamada.com\/de\/produkt\/gruenes-aventurin-herz\/#primaryimage\"},\"thumbnailUrl\":\"https:\/\/naturamada.com\/wp-content\/uploads\/2025\/07\/coeur-en-pierre-aventurine-verte-Naturamada.webp\",\"datePublished\":\"2025-07-05T17:45:49+00:00\",\"dateModified\":\"2026-03-17T19:20:41+00:00\",\"description\":\"Herz aus nat\u00fcrlichem gr\u00fcnem Aventurin (40 mm), Stein des Monats Mai und des Herzchakras. Tradition: Gl\u00fcck, Harmonie und Sanftheit. Naturamada-Handwerk.\",\"breadcrumb\":{\"@id\":\"https:\/\/naturamada.com\/de\/produkt\/gruenes-aventurin-herz\/#breadcrumb\"},\"inLanguage\":\"de\",\"potentialAction\":[{\"@type\":\"ReadAction\",\"target\":[\"https:\/\/naturamada.com\/de\/produkt\/gruenes-aventurin-herz\/\"]}]},{\"@type\":\"ImageObject\",\"inLanguage\":\"de\",\"@id\":\"https:\/\/naturamada.com\/de\/produkt\/gruenes-aventurin-herz\/#primaryimage\",\"url\":\"https:\/\/naturamada.com\/wp-content\/uploads\/2025\/07\/coeur-en-pierre-aventurine-verte-Naturamada.webp\",\"contentUrl\":\"https:\/\/naturamada.com\/wp-content\/uploads\/2025\/07\/coeur-en-pierre-aventurine-verte-Naturamada.webp\",\"width\":2000,\"height\":2000},{\"@type\":\"BreadcrumbList\",\"@id\":\"https:\/\/naturamada.com\/de\/produkt\/gruenes-aventurin-herz\/#breadcrumb\",\"itemListElement\":[{\"@type\":\"ListItem\",\"position\":1,\"name\":\"Startseite\",\"item\":\"https:\/\/naturamada.com\/de\/\"},{\"@type\":\"ListItem\",\"position\":2,\"name\":\"Shop\",\"item\":\"https:\/\/naturamada.com\/de\/shop\/\"},{\"@type\":\"ListItem\",\"position\":3,\"name\":\"Herz Aventurin gr\u00fcn Naturamada\"}]},{\"@type\":\"WebSite\",\"@id\":\"https:\/\/naturamada.com\/de\/#website\",\"url\":\"https:\/\/naturamada.com\/de\/\",\"name\":\"Naturamada\",\"description\":\"Epices, Superaliments et Pierres pour le bien-\u00eatre et la cuisine\",\"publisher\":{\"@id\":\"https:\/\/naturamada.com\/de\/#organization\"},\"potentialAction\":[{\"@type\":\"SearchAction\",\"target\":{\"@type\":\"EntryPoint\",\"urlTemplate\":\"https:\/\/naturamada.com\/de\/?s={search_term_string}\"},\"query-input\":{\"@type\":\"PropertyValueSpecification\",\"valueRequired\":true,\"valueName\":\"search_term_string\"}}],\"inLanguage\":\"de\"},{\"@type\":\"Organization\",\"@id\":\"https:\/\/naturamada.com\/de\/#organization\",\"name\":\"Naturamada\",\"url\":\"https:\/\/naturamada.com\/de\/\",\"logo\":{\"@type\":\"ImageObject\",\"inLanguage\":\"de\",\"@id\":\"https:\/\/naturamada.com\/de\/#\/schema\/logo\/image\/\",\"url\":\"https:\/\/naturamada.com\/wp-content\/uploads\/2025\/07\/cropped-Naturamada-10.png\",\"contentUrl\":\"https:\/\/naturamada.com\/wp-content\/uploads\/2025\/07\/cropped-Naturamada-10.png\",\"width\":1366,\"height\":455,\"caption\":\"Naturamada\"},\"image\":{\"@id\":\"https:\/\/naturamada.com\/de\/#\/schema\/logo\/image\/\"},\"sameAs\":[\"https:\/\/www.facebook.com\/Naturamada.shop\/\",\"https:\/\/www.instagram.com\/naturamada.officiel\/\"]}]}<\/script>\n<!-- \/ Yoast SEO plugin. -->","yoast_head_json":{"title":"Herz Aventurin gr\u00fcn 40 mm - Chance & Harmonie | Naturamada","description":"Herz aus nat\u00fcrlichem gr\u00fcnem Aventurin (40 mm), Stein des Monats Mai und des Herzchakras. Tradition: Gl\u00fcck, Harmonie und Sanftheit. Naturamada-Handwerk.","robots":{"index":"index","follow":"follow","max-snippet":"max-snippet:-1","max-image-preview":"max-image-preview:large","max-video-preview":"max-video-preview:-1"},"canonical":"https:\/\/naturamada.com\/de\/produkt\/gruenes-aventurin-herz\/","og_locale":"de_DE","og_type":"article","og_title":"Herz Aventurin gr\u00fcn 40 mm - Chance & Harmonie | Naturamada","og_description":"Herz aus nat\u00fcrlichem gr\u00fcnem Aventurin (40 mm), Stein des Monats Mai und des Herzchakras. Tradition: Gl\u00fcck, Harmonie und Sanftheit. Naturamada-Handwerk.","og_url":"https:\/\/naturamada.com\/de\/produkt\/gruenes-aventurin-herz\/","og_site_name":"Naturamada","article_publisher":"https:\/\/www.facebook.com\/Naturamada.shop\/","article_modified_time":"2026-03-17T19:20:41+00:00","og_image":[{"width":2000,"height":2000,"url":"https:\/\/naturamada.com\/wp-content\/uploads\/2025\/07\/coeur-en-pierre-aventurine-verte-Naturamada.webp","type":"image\/webp"}],"schema":{"@context":"https:\/\/schema.org","@graph":[{"@type":"WebPage","@id":"https:\/\/naturamada.com\/de\/produkt\/gruenes-aventurin-herz\/","url":"https:\/\/naturamada.com\/de\/produkt\/gruenes-aventurin-herz\/","name":"Herz Aventurin gr\u00fcn 40 mm - Chance & Harmonie | Naturamada","isPartOf":{"@id":"https:\/\/naturamada.com\/de\/#website"},"primaryImageOfPage":{"@id":"https:\/\/naturamada.com\/de\/produkt\/gruenes-aventurin-herz\/#primaryimage"},"image":{"@id":"https:\/\/naturamada.com\/de\/produkt\/gruenes-aventurin-herz\/#primaryimage"},"thumbnailUrl":"https:\/\/naturamada.com\/wp-content\/uploads\/2025\/07\/coeur-en-pierre-aventurine-verte-Naturamada.webp","datePublished":"2025-07-05T17:45:49+00:00","dateModified":"2026-03-17T19:20:41+00:00","description":"Herz aus nat\u00fcrlichem gr\u00fcnem Aventurin (40 mm), Stein des Monats Mai und des Herzchakras. Tradition: Gl\u00fcck, Harmonie und Sanftheit. Naturamada-Handwerk.","breadcrumb":{"@id":"https:\/\/naturamada.com\/de\/produkt\/gruenes-aventurin-herz\/#breadcrumb"},"inLanguage":"de","potentialAction":[{"@type":"ReadAction","target":["https:\/\/naturamada.com\/de\/produkt\/gruenes-aventurin-herz\/"]}]},{"@type":"ImageObject","inLanguage":"de","@id":"https:\/\/naturamada.com\/de\/produkt\/gruenes-aventurin-herz\/#primaryimage","url":"https:\/\/naturamada.com\/wp-content\/uploads\/2025\/07\/coeur-en-pierre-aventurine-verte-Naturamada.webp","contentUrl":"https:\/\/naturamada.com\/wp-content\/uploads\/2025\/07\/coeur-en-pierre-aventurine-verte-Naturamada.webp","width":2000,"height":2000},{"@type":"BreadcrumbList","@id":"https:\/\/naturamada.com\/de\/produkt\/gruenes-aventurin-herz\/#breadcrumb","itemListElement":[{"@type":"ListItem","position":1,"name":"Startseite","item":"https:\/\/naturamada.com\/de\/"},{"@type":"ListItem","position":2,"name":"Shop","item":"https:\/\/naturamada.com\/de\/shop\/"},{"@type":"ListItem","position":3,"name":"Herz Aventurin gr\u00fcn Naturamada"}]},{"@type":"WebSite","@id":"https:\/\/naturamada.com\/de\/#website","url":"https:\/\/naturamada.com\/de\/","name":"Naturamada","description":"Epices, Superaliments et Pierres pour le bien-\u00eatre et la cuisine","publisher":{"@id":"https:\/\/naturamada.com\/de\/#organization"},"potentialAction":[{"@type":"SearchAction","target":{"@type":"EntryPoint","urlTemplate":"https:\/\/naturamada.com\/de\/?s={search_term_string}"},"query-input":{"@type":"PropertyValueSpecification","valueRequired":true,"valueName":"search_term_string"}}],"inLanguage":"de"},{"@type":"Organization","@id":"https:\/\/naturamada.com\/de\/#organization","name":"Naturamada","url":"https:\/\/naturamada.com\/de\/","logo":{"@type":"ImageObject","inLanguage":"de","@id":"https:\/\/naturamada.com\/de\/#\/schema\/logo\/image\/","url":"https:\/\/naturamada.com\/wp-content\/uploads\/2025\/07\/cropped-Naturamada-10.png","contentUrl":"https:\/\/naturamada.com\/wp-content\/uploads\/2025\/07\/cropped-Naturamada-10.png","width":1366,"height":455,"caption":"Naturamada"},"image":{"@id":"https:\/\/naturamada.com\/de\/#\/schema\/logo\/image\/"},"sameAs":["https:\/\/www.facebook.com\/Naturamada.shop\/","https:\/\/www.instagram.com\/naturamada.officiel\/"]}]}},"_links":{"self":[{"href":"https:\/\/naturamada.com\/de\/wp-json\/wp\/v2\/product\/1067","targetHints":{"allow":["GET"]}}],"collection":[{"href":"https:\/\/naturamada.com\/de\/wp-json\/wp\/v2\/product"}],"about":[{"href":"https:\/\/naturamada.com\/de\/wp-json\/wp\/v2\/types\/product"}],"wp:featuredmedia":[{"embeddable":true,"href":"https:\/\/naturamada.com\/de\/wp-json\/wp\/v2\/media\/3701"}],"wp:attachment":[{"href":"https:\/\/naturamada.com\/de\/wp-json\/wp\/v2\/media?parent=1067"}],"wp:term":[{"taxonomy":"product_brand","embeddable":true,"href":"https:\/\/naturamada.com\/de\/wp-json\/wp\/v2\/product_brand?post=1067"},{"taxonomy":"product_cat","embeddable":true,"href":"https:\/\/naturamada.com\/de\/wp-json\/wp\/v2\/product_cat?post=1067"},{"taxonomy":"product_tag","embeddable":true,"href":"https:\/\/naturamada.com\/de\/wp-json\/wp\/v2\/product_tag?post=1067"}],"curies":[{"name":"wp","href":"https:\/\/api.w.org\/{rel}","templated":true}]}}