{"id":1066,"date":"2025-07-05T18:36:50","date_gmt":"2025-07-05T18:36:50","guid":{"rendered":"https:\/\/naturamada.com\/produit\/herz-dunkler-amethyst\/"},"modified":"2026-03-17T19:20:41","modified_gmt":"2026-03-17T19:20:41","slug":"herz-dunkler-amethyst","status":"publish","type":"product","link":"https:\/\/naturamada.com\/de\/produkt\/herz-dunkler-amethyst\/","title":{"rendered":"Herz Amethyst dunkel Naturamada"},"content":{"rendered":"<p data-start=\"153\" data-end=\"225\">\u2728 <strong data-start=\"155\" data-end=\"221\">Herz Nat\u00fcrlicher Dunkler Amethyst &#8211; Gelassenheit &amp; Intuition<\/strong> \u2728<\/p>\n<p data-start=\"227\" data-end=\"537\">Dieses ca. 40 mm gro\u00dfe Herz aus nat\u00fcrlichem dunklem Amethyst wurde sorgf\u00e4ltig geschliffen und poliert, um seine wundersch\u00f6nen, tief violetten Farbt\u00f6ne und seine beruhigende Energie zu entfalten. Der Amethyst ist ein Symbol f\u00fcr Gelassenheit, Intuition und spirituellen Schutz und wird mit dem <strong data-start=\"490\" data-end=\"509\">Monat Februar<\/strong> und dem <strong data-start=\"516\" data-end=\"534\">Koronalchakra<\/strong> in Verbindung gebracht. <\/p>\n<p data-start=\"539\" data-end=\"720\">Jedes Herz wurde von Naturamada ausgew\u00e4hlt und ist ideal zum Meditieren, zur Harmonisierung Ihres Raumes oder als Geschenk f\u00fcr inneren Frieden und spirituelle Verbindung.<\/p>\n<p data-start=\"722\" data-end=\"980\"><strong data-start=\"725\" data-end=\"785\">Eigenschaften des Amethysts (nach spirituellen Traditionen):<\/strong><br data-start=\"785\" data-end=\"788\">Beruhigt die Gedanken und f\u00f6rdert Gelassenheit<br data-start=\"833\" data-end=\"836\">Entwickelt Intuition und Spiritualit\u00e4t<br data-start=\"879\" data-end=\"882\">Hilft, Emotionen auszugleichen<br data-start=\"915\" data-end=\"918\">Wird mit dem koronalen Chakra in Verbindung gebracht<br data-start=\"947\" data-end=\"950\">Stein des Monats Februar<\/p>\n<p data-start=\"982\" data-end=\"1011\"><strong data-start=\"985\" data-end=\"1009\">Produktdetails :<\/strong><\/p>\n<p data-start=\"1014\" data-end=\"1040\">Typ: Naturpolierter Kern<\/p>\n<p data-start=\"1043\" data-end=\"1064\">Gr\u00f6\u00dfe: ca. 40 mm<\/p>\n<p data-start=\"1067\" data-end=\"1104\">Stein: Nat\u00fcrlicher dunkler Amethyst<\/p>\n<p data-start=\"1232\" data-end=\"1392\"><strong data-start=\"1235\" data-end=\"1250\">Pflege:<\/strong><br data-start=\"1250\" data-end=\"1253\">Reinigen Sie Ihr Herz mit Salbei, Weihrauch oder destilliertem Wasser. Laden Sie ihn im sanften Licht des Morgens oder auf einer Blume des Lebens auf.<\/p>\n<p data-start=\"1394\" data-end=\"1519\"><strong data-start=\"1397\" data-end=\"1414\">Geschenkidee:<\/strong><br data-start=\"1414\" data-end=\"1417\">Ein elegantes und spirituelles Herz, perfekt f\u00fcr Sie selbst oder als Geschenk, um zur Ruhe und Meditation einzuladen.<\/p>\n","protected":false},"excerpt":{"rendered":"<p>\u2728 Herz Nat\u00fcrlicher Dunkler Amethyst &#8211; Gelassenheit &amp; Intuition \u2728 Dieses ca. 40 mm gro\u00dfe Herz aus nat\u00fcrlichem dunklem Amethyst [&hellip;]<\/p>\n","protected":false},"featured_media":3691,"template":"","meta":{"site-sidebar-layout":"default","site-content-layout":"","ast-site-content-layout":"default","site-content-style":"default","site-sidebar-style":"default","ast-global-header-display":"","ast-banner-title-visibility":"","ast-main-header-display":"","ast-hfb-above-header-display":"","ast-hfb-below-header-display":"","ast-hfb-mobile-header-display":"","site-post-title":"","ast-breadcrumbs-content":"","ast-featured-img":"","footer-sml-layout":"","ast-disable-related-posts":"","theme-transparent-header-meta":"default","adv-header-id-meta":"","stick-header-meta":"","header-above-stick-meta":"","header-main-stick-meta":"","header-below-stick-meta":"","astra-migrate-meta-layouts":"default","ast-page-background-enabled":"default","ast-page-background-meta":{"desktop":{"background-color":"var(--ast-global-color-5)","background-image":"","background-repeat":"repeat","background-position":"center center","background-size":"auto","background-attachment":"scroll","background-type":"","background-media":"","overlay-type":"","overlay-color":"","overlay-opacity":"","overlay-gradient":""},"tablet":{"background-color":"","background-image":"","background-repeat":"repeat","background-position":"center center","background-size":"auto","background-attachment":"scroll","background-type":"","background-media":"","overlay-type":"","overlay-color":"","overlay-opacity":"","overlay-gradient":""},"mobile":{"background-color":"","background-image":"","background-repeat":"repeat","background-position":"center center","background-size":"auto","background-attachment":"scroll","background-type":"","background-media":"","overlay-type":"","overlay-color":"","overlay-opacity":"","overlay-gradient":""}},"ast-content-background-meta":{"desktop":{"background-color":"var(--ast-global-color-4)","background-image":"","background-repeat":"repeat","background-position":"center center","background-size":"auto","background-attachment":"scroll","background-type":"","background-media":"","overlay-type":"","overlay-color":"","overlay-opacity":"","overlay-gradient":""},"tablet":{"background-color":"var(--ast-global-color-4)","background-image":"","background-repeat":"repeat","background-position":"center center","background-size":"auto","background-attachment":"scroll","background-type":"","background-media":"","overlay-type":"","overlay-color":"","overlay-opacity":"","overlay-gradient":""},"mobile":{"background-color":"var(--ast-global-color-4)","background-image":"","background-repeat":"repeat","background-position":"center center","background-size":"auto","background-attachment":"scroll","background-type":"","background-media":"","overlay-type":"","overlay-color":"","overlay-opacity":"","overlay-gradient":""}}},"product_brand":[],"product_cat":[2697,484],"product_tag":[],"class_list":{"0":"post-1066","1":"product","2":"type-product","3":"status-publish","4":"has-post-thumbnail","6":"product_cat-herzen-aus-stein","7":"product_cat-natursteine","8":"pa_couleur-violett","9":"pa_taille-40-mm-de","10":"pa_type-de-pierre-amethyst","11":"desktop-align-left","12":"tablet-align-left","13":"mobile-align-left","15":"first","16":"instock","17":"taxable","18":"shipping-taxable","19":"purchasable","20":"product-type-simple"},"yoast_head":"<!-- This site is optimized with the Yoast SEO plugin v27.5 - https:\/\/yoast.com\/product\/yoast-seo-wordpress\/ -->\n<title>Herz Amethyst 40 mm - Gelassenheit &amp; Intuition | Naturamada<\/title>\n<meta name=\"description\" content=\"Herz aus nat\u00fcrlichem dunklem Amethyst (40 mm), Stein des Monats Februar und des Koronalchakras. Tradition: Gelassenheit, Intuition und Schutz.\" \/>\n<meta name=\"robots\" content=\"index, follow, max-snippet:-1, max-image-preview:large, max-video-preview:-1\" \/>\n<link rel=\"canonical\" href=\"https:\/\/naturamada.com\/de\/produkt\/herz-dunkler-amethyst\/\" \/>\n<meta property=\"og:locale\" content=\"de_DE\" \/>\n<meta property=\"og:type\" content=\"article\" \/>\n<meta property=\"og:title\" content=\"Herz Amethyst 40 mm - Gelassenheit &amp; Intuition | Naturamada\" \/>\n<meta property=\"og:description\" content=\"Herz aus nat\u00fcrlichem dunklem Amethyst (40 mm), Stein des Monats Februar und des Koronalchakras. Tradition: Gelassenheit, Intuition und Schutz.\" \/>\n<meta property=\"og:url\" content=\"https:\/\/naturamada.com\/de\/produkt\/herz-dunkler-amethyst\/\" \/>\n<meta property=\"og:site_name\" content=\"Naturamada\" \/>\n<meta property=\"article:publisher\" content=\"https:\/\/www.facebook.com\/Naturamada.shop\/\" \/>\n<meta property=\"article:modified_time\" content=\"2026-03-17T19:20:41+00:00\" \/>\n<meta property=\"og:image\" content=\"https:\/\/naturamada.com\/wp-content\/uploads\/2025\/07\/coeur-pierre-amethyste-foncee-Naturamada.webp\" \/>\n\t<meta property=\"og:image:width\" content=\"2000\" \/>\n\t<meta property=\"og:image:height\" content=\"2000\" \/>\n\t<meta property=\"og:image:type\" content=\"image\/webp\" \/>\n<script type=\"application\/ld+json\" class=\"yoast-schema-graph\">{\"@context\":\"https:\\\/\\\/schema.org\",\"@graph\":[{\"@type\":\"WebPage\",\"@id\":\"https:\\\/\\\/naturamada.com\\\/de\\\/produkt\\\/herz-dunkler-amethyst\\\/\",\"url\":\"https:\\\/\\\/naturamada.com\\\/de\\\/produkt\\\/herz-dunkler-amethyst\\\/\",\"name\":\"Herz Amethyst 40 mm - Gelassenheit & Intuition | Naturamada\",\"isPartOf\":{\"@id\":\"https:\\\/\\\/naturamada.com\\\/de\\\/#website\"},\"primaryImageOfPage\":{\"@id\":\"https:\\\/\\\/naturamada.com\\\/de\\\/produkt\\\/herz-dunkler-amethyst\\\/#primaryimage\"},\"image\":{\"@id\":\"https:\\\/\\\/naturamada.com\\\/de\\\/produkt\\\/herz-dunkler-amethyst\\\/#primaryimage\"},\"thumbnailUrl\":\"https:\\\/\\\/naturamada.com\\\/wp-content\\\/uploads\\\/2025\\\/07\\\/coeur-pierre-amethyste-foncee-Naturamada.webp\",\"datePublished\":\"2025-07-05T18:36:50+00:00\",\"dateModified\":\"2026-03-17T19:20:41+00:00\",\"description\":\"Herz aus nat\u00fcrlichem dunklem Amethyst (40 mm), Stein des Monats Februar und des Koronalchakras. Tradition: Gelassenheit, Intuition und Schutz.\",\"breadcrumb\":{\"@id\":\"https:\\\/\\\/naturamada.com\\\/de\\\/produkt\\\/herz-dunkler-amethyst\\\/#breadcrumb\"},\"inLanguage\":\"de\",\"potentialAction\":[{\"@type\":\"ReadAction\",\"target\":[\"https:\\\/\\\/naturamada.com\\\/de\\\/produkt\\\/herz-dunkler-amethyst\\\/\"]}]},{\"@type\":\"ImageObject\",\"inLanguage\":\"de\",\"@id\":\"https:\\\/\\\/naturamada.com\\\/de\\\/produkt\\\/herz-dunkler-amethyst\\\/#primaryimage\",\"url\":\"https:\\\/\\\/naturamada.com\\\/wp-content\\\/uploads\\\/2025\\\/07\\\/coeur-pierre-amethyste-foncee-Naturamada.webp\",\"contentUrl\":\"https:\\\/\\\/naturamada.com\\\/wp-content\\\/uploads\\\/2025\\\/07\\\/coeur-pierre-amethyste-foncee-Naturamada.webp\",\"width\":2000,\"height\":2000,\"caption\":\"Herz Stein Amethyst dunkel Naturamada\"},{\"@type\":\"BreadcrumbList\",\"@id\":\"https:\\\/\\\/naturamada.com\\\/de\\\/produkt\\\/herz-dunkler-amethyst\\\/#breadcrumb\",\"itemListElement\":[{\"@type\":\"ListItem\",\"position\":1,\"name\":\"Startseite\",\"item\":\"https:\\\/\\\/naturamada.com\\\/de\\\/\"},{\"@type\":\"ListItem\",\"position\":2,\"name\":\"Shop\",\"item\":\"https:\\\/\\\/naturamada.com\\\/de\\\/shop\\\/\"},{\"@type\":\"ListItem\",\"position\":3,\"name\":\"Herz Amethyst dunkel Naturamada\"}]},{\"@type\":\"WebSite\",\"@id\":\"https:\\\/\\\/naturamada.com\\\/de\\\/#website\",\"url\":\"https:\\\/\\\/naturamada.com\\\/de\\\/\",\"name\":\"Naturamada\",\"description\":\"Epices, Superaliments et Pierres pour le bien-\u00eatre et la cuisine\",\"publisher\":{\"@id\":\"https:\\\/\\\/naturamada.com\\\/de\\\/#organization\"},\"potentialAction\":[{\"@type\":\"SearchAction\",\"target\":{\"@type\":\"EntryPoint\",\"urlTemplate\":\"https:\\\/\\\/naturamada.com\\\/de\\\/?s={search_term_string}\"},\"query-input\":{\"@type\":\"PropertyValueSpecification\",\"valueRequired\":true,\"valueName\":\"search_term_string\"}}],\"inLanguage\":\"de\"},{\"@type\":\"Organization\",\"@id\":\"https:\\\/\\\/naturamada.com\\\/de\\\/#organization\",\"name\":\"Naturamada\",\"url\":\"https:\\\/\\\/naturamada.com\\\/de\\\/\",\"logo\":{\"@type\":\"ImageObject\",\"inLanguage\":\"de\",\"@id\":\"https:\\\/\\\/naturamada.com\\\/de\\\/#\\\/schema\\\/logo\\\/image\\\/\",\"url\":\"https:\\\/\\\/naturamada.com\\\/wp-content\\\/uploads\\\/2025\\\/07\\\/cropped-Naturamada-10.png\",\"contentUrl\":\"https:\\\/\\\/naturamada.com\\\/wp-content\\\/uploads\\\/2025\\\/07\\\/cropped-Naturamada-10.png\",\"width\":1366,\"height\":455,\"caption\":\"Naturamada\"},\"image\":{\"@id\":\"https:\\\/\\\/naturamada.com\\\/de\\\/#\\\/schema\\\/logo\\\/image\\\/\"},\"sameAs\":[\"https:\\\/\\\/www.facebook.com\\\/Naturamada.shop\\\/\",\"https:\\\/\\\/www.instagram.com\\\/naturamada.officiel\\\/\"]}]}<\/script>\n<!-- \/ Yoast SEO plugin. -->","yoast_head_json":{"title":"Herz Amethyst 40 mm - Gelassenheit & Intuition | Naturamada","description":"Herz aus nat\u00fcrlichem dunklem Amethyst (40 mm), Stein des Monats Februar und des Koronalchakras. Tradition: Gelassenheit, Intuition und Schutz.","robots":{"index":"index","follow":"follow","max-snippet":"max-snippet:-1","max-image-preview":"max-image-preview:large","max-video-preview":"max-video-preview:-1"},"canonical":"https:\/\/naturamada.com\/de\/produkt\/herz-dunkler-amethyst\/","og_locale":"de_DE","og_type":"article","og_title":"Herz Amethyst 40 mm - Gelassenheit & Intuition | Naturamada","og_description":"Herz aus nat\u00fcrlichem dunklem Amethyst (40 mm), Stein des Monats Februar und des Koronalchakras. Tradition: Gelassenheit, Intuition und Schutz.","og_url":"https:\/\/naturamada.com\/de\/produkt\/herz-dunkler-amethyst\/","og_site_name":"Naturamada","article_publisher":"https:\/\/www.facebook.com\/Naturamada.shop\/","article_modified_time":"2026-03-17T19:20:41+00:00","og_image":[{"width":2000,"height":2000,"url":"https:\/\/naturamada.com\/wp-content\/uploads\/2025\/07\/coeur-pierre-amethyste-foncee-Naturamada.webp","type":"image\/webp"}],"schema":{"@context":"https:\/\/schema.org","@graph":[{"@type":"WebPage","@id":"https:\/\/naturamada.com\/de\/produkt\/herz-dunkler-amethyst\/","url":"https:\/\/naturamada.com\/de\/produkt\/herz-dunkler-amethyst\/","name":"Herz Amethyst 40 mm - Gelassenheit & Intuition | Naturamada","isPartOf":{"@id":"https:\/\/naturamada.com\/de\/#website"},"primaryImageOfPage":{"@id":"https:\/\/naturamada.com\/de\/produkt\/herz-dunkler-amethyst\/#primaryimage"},"image":{"@id":"https:\/\/naturamada.com\/de\/produkt\/herz-dunkler-amethyst\/#primaryimage"},"thumbnailUrl":"https:\/\/naturamada.com\/wp-content\/uploads\/2025\/07\/coeur-pierre-amethyste-foncee-Naturamada.webp","datePublished":"2025-07-05T18:36:50+00:00","dateModified":"2026-03-17T19:20:41+00:00","description":"Herz aus nat\u00fcrlichem dunklem Amethyst (40 mm), Stein des Monats Februar und des Koronalchakras. Tradition: Gelassenheit, Intuition und Schutz.","breadcrumb":{"@id":"https:\/\/naturamada.com\/de\/produkt\/herz-dunkler-amethyst\/#breadcrumb"},"inLanguage":"de","potentialAction":[{"@type":"ReadAction","target":["https:\/\/naturamada.com\/de\/produkt\/herz-dunkler-amethyst\/"]}]},{"@type":"ImageObject","inLanguage":"de","@id":"https:\/\/naturamada.com\/de\/produkt\/herz-dunkler-amethyst\/#primaryimage","url":"https:\/\/naturamada.com\/wp-content\/uploads\/2025\/07\/coeur-pierre-amethyste-foncee-Naturamada.webp","contentUrl":"https:\/\/naturamada.com\/wp-content\/uploads\/2025\/07\/coeur-pierre-amethyste-foncee-Naturamada.webp","width":2000,"height":2000,"caption":"Herz Stein Amethyst dunkel Naturamada"},{"@type":"BreadcrumbList","@id":"https:\/\/naturamada.com\/de\/produkt\/herz-dunkler-amethyst\/#breadcrumb","itemListElement":[{"@type":"ListItem","position":1,"name":"Startseite","item":"https:\/\/naturamada.com\/de\/"},{"@type":"ListItem","position":2,"name":"Shop","item":"https:\/\/naturamada.com\/de\/shop\/"},{"@type":"ListItem","position":3,"name":"Herz Amethyst dunkel Naturamada"}]},{"@type":"WebSite","@id":"https:\/\/naturamada.com\/de\/#website","url":"https:\/\/naturamada.com\/de\/","name":"Naturamada","description":"Epices, Superaliments et Pierres pour le bien-\u00eatre et la cuisine","publisher":{"@id":"https:\/\/naturamada.com\/de\/#organization"},"potentialAction":[{"@type":"SearchAction","target":{"@type":"EntryPoint","urlTemplate":"https:\/\/naturamada.com\/de\/?s={search_term_string}"},"query-input":{"@type":"PropertyValueSpecification","valueRequired":true,"valueName":"search_term_string"}}],"inLanguage":"de"},{"@type":"Organization","@id":"https:\/\/naturamada.com\/de\/#organization","name":"Naturamada","url":"https:\/\/naturamada.com\/de\/","logo":{"@type":"ImageObject","inLanguage":"de","@id":"https:\/\/naturamada.com\/de\/#\/schema\/logo\/image\/","url":"https:\/\/naturamada.com\/wp-content\/uploads\/2025\/07\/cropped-Naturamada-10.png","contentUrl":"https:\/\/naturamada.com\/wp-content\/uploads\/2025\/07\/cropped-Naturamada-10.png","width":1366,"height":455,"caption":"Naturamada"},"image":{"@id":"https:\/\/naturamada.com\/de\/#\/schema\/logo\/image\/"},"sameAs":["https:\/\/www.facebook.com\/Naturamada.shop\/","https:\/\/www.instagram.com\/naturamada.officiel\/"]}]}},"_links":{"self":[{"href":"https:\/\/naturamada.com\/de\/wp-json\/wp\/v2\/product\/1066","targetHints":{"allow":["GET"]}}],"collection":[{"href":"https:\/\/naturamada.com\/de\/wp-json\/wp\/v2\/product"}],"about":[{"href":"https:\/\/naturamada.com\/de\/wp-json\/wp\/v2\/types\/product"}],"wp:featuredmedia":[{"embeddable":true,"href":"https:\/\/naturamada.com\/de\/wp-json\/wp\/v2\/media\/3691"}],"wp:attachment":[{"href":"https:\/\/naturamada.com\/de\/wp-json\/wp\/v2\/media?parent=1066"}],"wp:term":[{"taxonomy":"product_brand","embeddable":true,"href":"https:\/\/naturamada.com\/de\/wp-json\/wp\/v2\/product_brand?post=1066"},{"taxonomy":"product_cat","embeddable":true,"href":"https:\/\/naturamada.com\/de\/wp-json\/wp\/v2\/product_cat?post=1066"},{"taxonomy":"product_tag","embeddable":true,"href":"https:\/\/naturamada.com\/de\/wp-json\/wp\/v2\/product_tag?post=1066"}],"curies":[{"name":"wp","href":"https:\/\/api.w.org\/{rel}","templated":true}]}}