{"id":923,"date":"2025-07-03T14:39:23","date_gmt":"2025-07-03T14:39:23","guid":{"rendered":"https:\/\/naturamada.com\/ueber-uns\/"},"modified":"2025-11-03T21:30:09","modified_gmt":"2025-11-03T21:30:09","slug":"ueber-uns","status":"publish","type":"page","link":"https:\/\/naturamada.com\/de\/ueber-uns\/","title":{"rendered":"\u00dcber uns"},"content":{"rendered":"\t\t<div data-elementor-type=\"wp-page\" data-elementor-id=\"923\" class=\"elementor elementor-923 elementor-184\" data-elementor-post-type=\"page\">\n\t\t\t\t<div class=\"elementor-element elementor-element-fc3a356 e-flex e-con-boxed e-con e-parent\" data-id=\"fc3a356\" data-element_type=\"container\" data-e-type=\"container\" data-settings=\"{&quot;background_background&quot;:&quot;classic&quot;}\">\n\t\t\t\t\t<div class=\"e-con-inner\">\n\t\t\t\t<div class=\"elementor-element elementor-element-2d6d399 elementor-widget elementor-widget-heading\" data-id=\"2d6d399\" data-element_type=\"widget\" data-e-type=\"widget\" data-widget_type=\"heading.default\">\n\t\t\t\t\t<h2 class=\"elementor-heading-title elementor-size-default\">Unsere Geschichte<\/h2>\t\t\t\t<\/div>\n\t\t\t\t<div class=\"elementor-element elementor-element-2f1c8eb elementor-widget elementor-widget-text-editor\" data-id=\"2f1c8eb\" data-element_type=\"widget\" data-e-type=\"widget\" data-widget_type=\"text-editor.default\">\n\t\t\t\t\t\t\t\t\t<p>Eine R\u00fcckkehr zu den Wurzeln zwischen Land und Wohlbefinden<\/p>\t\t\t\t\t\t\t\t<\/div>\n\t\t\t\t\t<\/div>\n\t\t\t\t<\/div>\n\t\t<div class=\"elementor-element elementor-element-5eaf96d e-flex e-con-boxed e-con e-parent\" data-id=\"5eaf96d\" data-element_type=\"container\" data-e-type=\"container\">\n\t\t\t\t\t<div class=\"e-con-inner\">\n\t\t\t\t<div class=\"elementor-element elementor-element-55a7ab2 elementor-widget elementor-widget-spacer\" data-id=\"55a7ab2\" data-element_type=\"widget\" data-e-type=\"widget\" data-widget_type=\"spacer.default\">\n\t\t\t\t\t\t\t<div class=\"elementor-spacer\">\n\t\t\t<div class=\"elementor-spacer-inner\"><\/div>\n\t\t<\/div>\n\t\t\t\t\t\t<\/div>\n\t\t\t\t<div class=\"elementor-element elementor-element-ad136f5 elementor-widget elementor-widget-text-editor\" data-id=\"ad136f5\" data-element_type=\"widget\" data-e-type=\"widget\" data-widget_type=\"text-editor.default\">\n\t\t\t\t\t\t\t\t\t<h3 style=\"text-align: center;\"><strong>Unsere Wurzeln<\/strong><\/h3><p style=\"text-align: center;\">Naturamada ist ein <strong>kleines Familienunternehmen<\/strong> mit Sitz in Europa, das sich f\u00fcr die Aufwertung von Naturprodukten aus Madagaskar, Frankreich und der Welt durch eine sorgf\u00e4ltige Auswahl authentischer Produkte einsetzt: <strong>Gew\u00fcrze<\/strong>,<strong> getrocknete<\/strong> <strong>Bl\u00e4tter<\/strong>, <strong>Natursteine<\/strong>&#8230; Das Projekt ist Teil einer <strong>famili\u00e4ren und ethischen Dynamik<\/strong>, die ein botanisches und kulturelles Erbe hervorhebt, das von Generation zu Generation weitergegeben wird.<\/p><p style=\"text-align: center;\">Naturamada <strong>wurde<\/strong> von <strong>madagassisch-franz\u00f6sischen<\/strong> Produzenten und H\u00e4ndlern aus der <strong>Region SAVA<\/strong> (Madagaskar) &#8211; der weltweiten Wiege der <strong>Vanille<\/strong> &#8211; <strong>mitbegr\u00fcndet<\/strong> und hat seine Wurzeln in der Geschichte <strong>unserer Familie<\/strong>. Seit jeher sind wir mit der Vanille verbunden, dieser Orchidee mit ihren starken Aromen und ihrem anspruchsvollen Anbau. <strong>Unsere<\/strong> <strong>Gro\u00dfeltern<\/strong> waren kleine <strong>Vanille-<\/strong> und <strong>Kakaobauern<\/strong> und kannten jeden Handgriff, jeden Duft und jede Jahreszeit.  Sie haben<strong>ihr Wissen<\/strong> mit Stolz an ihre Kinder und Enkelkinder weitergegeben &#8211; ein <strong>Erbe <\/strong>, das den<strong> Rhythmus der Erde<\/strong> <strong>respektiert <\/strong>und noch heute auf unserem Familienland fortgef\u00fchrt wird.<\/p>\t\t\t\t\t\t\t\t<\/div>\n\t\t\t\t\t<\/div>\n\t\t\t\t<\/div>\n\t\t<div class=\"elementor-element elementor-element-11e1627 e-flex e-con-boxed e-con e-parent\" data-id=\"11e1627\" data-element_type=\"container\" data-e-type=\"container\">\n\t\t\t\t\t<div class=\"e-con-inner\">\n\t\t\t\t<div class=\"elementor-element elementor-element-e2d7ff3 elementor-widget elementor-widget-spacer\" data-id=\"e2d7ff3\" data-element_type=\"widget\" data-e-type=\"widget\" data-widget_type=\"spacer.default\">\n\t\t\t\t\t\t\t<div class=\"elementor-spacer\">\n\t\t\t<div class=\"elementor-spacer-inner\"><\/div>\n\t\t<\/div>\n\t\t\t\t\t\t<\/div>\n\t\t\t\t<div class=\"elementor-element elementor-element-34f3a53 elementor-widget elementor-widget-text-editor\" data-id=\"34f3a53\" data-element_type=\"widget\" data-e-type=\"widget\" data-widget_type=\"text-editor.default\">\n\t\t\t\t\t\t\t\t\t<h3 style=\"text-align: center;\"><strong>Unsere Werte<\/strong><\/h3><p>Das Unternehmen beruht auf starken Werten: <strong>Weitergabe<\/strong>,<strong>Respekt vor der Natur<\/strong> und Aufwertung des <strong>handwerklichen K\u00f6nnens<\/strong>. Wir w\u00e4hlen jedes Produkt sorgf\u00e4ltig aus: kr\u00e4ftige Gew\u00fcrze, sorgf\u00e4ltig geerntete und getrocknete Bl\u00e4tter, Natursteine &#8211; alle tragen eine <strong>Geschichte<\/strong>, eine<strong> Erinnerung<\/strong>, eine <strong>Verbindung zur Erde in<\/strong> sich. <\/p><p>Bei Naturamada ist alles auf einen <strong>engagierten Ansatz<\/strong> ausgerichtet, der den Respekt vor der Erde, die Unterst\u00fctzung lokaler Produzenten und die <strong>Weitergabe<\/strong> an die <strong>Familie<\/strong> umfasst.<\/p>\t\t\t\t\t\t\t\t<\/div>\n\t\t\t\t\t<\/div>\n\t\t\t\t<\/div>\n\t\t<div class=\"elementor-element elementor-element-4516d0a e-flex e-con-boxed e-con e-parent\" data-id=\"4516d0a\" data-element_type=\"container\" data-e-type=\"container\">\n\t\t\t\t\t<div class=\"e-con-inner\">\n\t\t\t\t<div class=\"elementor-element elementor-element-f98bb13 elementor-widget elementor-widget-spacer\" data-id=\"f98bb13\" data-element_type=\"widget\" data-e-type=\"widget\" data-widget_type=\"spacer.default\">\n\t\t\t\t\t\t\t<div class=\"elementor-spacer\">\n\t\t\t<div class=\"elementor-spacer-inner\"><\/div>\n\t\t<\/div>\n\t\t\t\t\t\t<\/div>\n\t\t\t\t<div class=\"elementor-element elementor-element-88f978b elementor-widget elementor-widget-text-editor\" data-id=\"88f978b\" data-element_type=\"widget\" data-e-type=\"widget\" data-widget_type=\"text-editor.default\">\n\t\t\t\t\t\t\t\t\t<h3 style=\"text-align: center;\"><strong>Warum Naturamada?<\/strong><\/h3><p style=\"text-align: center;\">Unsere Welt richtet sich an Menschen, die f\u00fcr <strong>nat\u00fcrliches Wohlbefinden<\/strong>, handwerkliche <strong>Gastronomie<\/strong>, <strong>Spiritualit\u00e4t<\/strong>, die <strong>Qualit\u00e4t von Rohprodukten<\/strong> und den <strong>Sinn des Kaufens<\/strong> empf\u00e4nglich sind: umweltbewusste Verbraucher, Liebhaber der K\u00fcche, von Wellness-Ritualen oder der Lithotherapie. Auch Liebhaber der Gastronomie und der Weltk\u00fcche werden hier reichhaltige, seltene und inspirierende Zutaten finden. <\/p><p style=\"text-align: center;\">Es ist eine <strong>Geschichte der Familie<\/strong>, der Wurzeln, aber auch eine <strong>Vision f\u00fcr die Zukunft<\/strong>. In einer Welt, die sich zu schnell bewegt, wollen wir uns <strong>auf das Wesentliche bes<\/strong> innen. Wir hoffen, dass jeder, der Naturamada entdeckt, diese Verbindung sp\u00fcrt. Mit der <g id=\"gid_3\">Natur<\/g>. Mit den <strong>Traditionen<\/strong>. Mit einer <g id=\"gid_5\">gerechteren<\/g> und <g id=\"gid_6\">lebendigeren<\/g> Welt.     <\/p>\t\t\t\t\t\t\t\t<\/div>\n\t\t\t\t<div class=\"elementor-element elementor-element-ee7b1f3 elementor-widget elementor-widget-spacer\" data-id=\"ee7b1f3\" data-element_type=\"widget\" data-e-type=\"widget\" data-widget_type=\"spacer.default\">\n\t\t\t\t\t\t\t<div class=\"elementor-spacer\">\n\t\t\t<div class=\"elementor-spacer-inner\"><\/div>\n\t\t<\/div>\n\t\t\t\t\t\t<\/div>\n\t\t\t\t\t<\/div>\n\t\t\t\t<\/div>\n\t\t\t\t<\/div>\n\t\t","protected":false},"excerpt":{"rendered":"<p>Unsere Geschichte Eine R\u00fcckkehr zu den Wurzeln zwischen Land und Wohlbefinden Unsere Wurzeln Naturamada ist ein kleines Familienunternehmen mit Sitz [&hellip;]<\/p>\n","protected":false},"author":1,"featured_media":0,"parent":0,"menu_order":0,"comment_status":"closed","ping_status":"closed","template":"","meta":{"site-sidebar-layout":"no-sidebar","site-content-layout":"","ast-site-content-layout":"full-width-container","site-content-style":"default","site-sidebar-style":"default","ast-global-header-display":"","ast-banner-title-visibility":"","ast-main-header-display":"","ast-hfb-above-header-display":"","ast-hfb-below-header-display":"","ast-hfb-mobile-header-display":"","site-post-title":"disabled","ast-breadcrumbs-content":"","ast-featured-img":"disabled","footer-sml-layout":"","ast-disable-related-posts":"","theme-transparent-header-meta":"","adv-header-id-meta":"","stick-header-meta":"","header-above-stick-meta":"","header-main-stick-meta":"","header-below-stick-meta":"","astra-migrate-meta-layouts":"default","ast-page-background-enabled":"default","ast-page-background-meta":{"desktop":{"background-color":"var(--ast-global-color-5)","background-image":"","background-repeat":"repeat","background-position":"center center","background-size":"auto","background-attachment":"scroll","background-type":"","background-media":"","overlay-type":"","overlay-color":"","overlay-opacity":"","overlay-gradient":""},"tablet":{"background-color":"","background-image":"","background-repeat":"repeat","background-position":"center center","background-size":"auto","background-attachment":"scroll","background-type":"","background-media":"","overlay-type":"","overlay-color":"","overlay-opacity":"","overlay-gradient":""},"mobile":{"background-color":"","background-image":"","background-repeat":"repeat","background-position":"center center","background-size":"auto","background-attachment":"scroll","background-type":"","background-media":"","overlay-type":"","overlay-color":"","overlay-opacity":"","overlay-gradient":""}},"ast-content-background-meta":{"desktop":{"background-color":"var(--ast-global-color-4)","background-image":"","background-repeat":"repeat","background-position":"center center","background-size":"auto","background-attachment":"scroll","background-type":"","background-media":"","overlay-type":"","overlay-color":"","overlay-opacity":"","overlay-gradient":""},"tablet":{"background-color":"var(--ast-global-color-4)","background-image":"","background-repeat":"repeat","background-position":"center center","background-size":"auto","background-attachment":"scroll","background-type":"","background-media":"","overlay-type":"","overlay-color":"","overlay-opacity":"","overlay-gradient":""},"mobile":{"background-color":"var(--ast-global-color-4)","background-image":"","background-repeat":"repeat","background-position":"center center","background-size":"auto","background-attachment":"scroll","background-type":"","background-media":"","overlay-type":"","overlay-color":"","overlay-opacity":"","overlay-gradient":""}},"footnotes":""},"class_list":["post-923","page","type-page","status-publish","hentry"],"yoast_head":"<!-- This site is optimized with the Yoast SEO plugin v27.2 - https:\/\/yoast.com\/product\/yoast-seo-wordpress\/ -->\n<title>Unsere Geschichte | Naturamada<\/title>\n<meta name=\"description\" content=\"Entdecken Sie die Geschichte von Naturamada: ein Familienabenteuer, das aus der Liebe zur Natur und dem seit Generationen \u00fcberlieferten Wissen entstanden ist.\" \/>\n<meta name=\"robots\" content=\"index, follow, max-snippet:-1, max-image-preview:large, max-video-preview:-1\" \/>\n<link rel=\"canonical\" href=\"https:\/\/naturamada.com\/de\/ueber-uns\/\" \/>\n<meta property=\"og:locale\" content=\"de_DE\" \/>\n<meta property=\"og:type\" content=\"article\" \/>\n<meta property=\"og:title\" content=\"Unsere Geschichte | Naturamada\" \/>\n<meta property=\"og:description\" content=\"Entdecken Sie die Geschichte von Naturamada: ein Familienabenteuer, das aus der Liebe zur Natur und dem seit Generationen \u00fcberlieferten Wissen entstanden ist.\" \/>\n<meta property=\"og:url\" content=\"https:\/\/naturamada.com\/de\/ueber-uns\/\" \/>\n<meta property=\"og:site_name\" content=\"Naturamada\" \/>\n<meta property=\"article:publisher\" content=\"https:\/\/www.facebook.com\/Naturamada.shop\/\" \/>\n<meta property=\"article:modified_time\" content=\"2025-11-03T21:30:09+00:00\" \/>\n<meta property=\"og:image\" content=\"https:\/\/naturamada.com\/wp-content\/uploads\/2025\/09\/HEADER-AMAZON-nATURAMDA.jpg\" \/>\n\t<meta property=\"og:image:width\" content=\"1080\" \/>\n\t<meta property=\"og:image:height\" content=\"611\" \/>\n\t<meta property=\"og:image:type\" content=\"image\/jpeg\" \/>\n<script type=\"application\/ld+json\" class=\"yoast-schema-graph\">{\"@context\":\"https:\/\/schema.org\",\"@graph\":[{\"@type\":\"WebPage\",\"@id\":\"https:\/\/naturamada.com\/de\/ueber-uns\/\",\"url\":\"https:\/\/naturamada.com\/de\/ueber-uns\/\",\"name\":\"Unsere Geschichte | Naturamada\",\"isPartOf\":{\"@id\":\"https:\/\/naturamada.com\/de\/#website\"},\"datePublished\":\"2025-07-03T14:39:23+00:00\",\"dateModified\":\"2025-11-03T21:30:09+00:00\",\"description\":\"Entdecken Sie die Geschichte von Naturamada: ein Familienabenteuer, das aus der Liebe zur Natur und dem seit Generationen \u00fcberlieferten Wissen entstanden ist.\",\"breadcrumb\":{\"@id\":\"https:\/\/naturamada.com\/de\/ueber-uns\/#breadcrumb\"},\"inLanguage\":\"de\",\"potentialAction\":[{\"@type\":\"ReadAction\",\"target\":[\"https:\/\/naturamada.com\/de\/ueber-uns\/\"]}]},{\"@type\":\"BreadcrumbList\",\"@id\":\"https:\/\/naturamada.com\/de\/ueber-uns\/#breadcrumb\",\"itemListElement\":[{\"@type\":\"ListItem\",\"position\":1,\"name\":\"Startseite\",\"item\":\"https:\/\/naturamada.com\/de\/\"},{\"@type\":\"ListItem\",\"position\":2,\"name\":\"\u00dcber uns\"}]},{\"@type\":\"WebSite\",\"@id\":\"https:\/\/naturamada.com\/de\/#website\",\"url\":\"https:\/\/naturamada.com\/de\/\",\"name\":\"Naturamada\",\"description\":\"Epices, Superaliments et Pierres pour le bien-\u00eatre et la cuisine\",\"publisher\":{\"@id\":\"https:\/\/naturamada.com\/de\/#organization\"},\"potentialAction\":[{\"@type\":\"SearchAction\",\"target\":{\"@type\":\"EntryPoint\",\"urlTemplate\":\"https:\/\/naturamada.com\/de\/?s={search_term_string}\"},\"query-input\":{\"@type\":\"PropertyValueSpecification\",\"valueRequired\":true,\"valueName\":\"search_term_string\"}}],\"inLanguage\":\"de\"},{\"@type\":\"Organization\",\"@id\":\"https:\/\/naturamada.com\/de\/#organization\",\"name\":\"Naturamada\",\"url\":\"https:\/\/naturamada.com\/de\/\",\"logo\":{\"@type\":\"ImageObject\",\"inLanguage\":\"de\",\"@id\":\"https:\/\/naturamada.com\/de\/#\/schema\/logo\/image\/\",\"url\":\"https:\/\/naturamada.com\/wp-content\/uploads\/2025\/07\/cropped-Naturamada-10.png\",\"contentUrl\":\"https:\/\/naturamada.com\/wp-content\/uploads\/2025\/07\/cropped-Naturamada-10.png\",\"width\":1366,\"height\":455,\"caption\":\"Naturamada\"},\"image\":{\"@id\":\"https:\/\/naturamada.com\/de\/#\/schema\/logo\/image\/\"},\"sameAs\":[\"https:\/\/www.facebook.com\/Naturamada.shop\/\",\"https:\/\/www.instagram.com\/naturamada.officiel\/\"]}]}<\/script>\n<!-- \/ Yoast SEO plugin. -->","yoast_head_json":{"title":"Unsere Geschichte | Naturamada","description":"Entdecken Sie die Geschichte von Naturamada: ein Familienabenteuer, das aus der Liebe zur Natur und dem seit Generationen \u00fcberlieferten Wissen entstanden ist.","robots":{"index":"index","follow":"follow","max-snippet":"max-snippet:-1","max-image-preview":"max-image-preview:large","max-video-preview":"max-video-preview:-1"},"canonical":"https:\/\/naturamada.com\/de\/ueber-uns\/","og_locale":"de_DE","og_type":"article","og_title":"Unsere Geschichte | Naturamada","og_description":"Entdecken Sie die Geschichte von Naturamada: ein Familienabenteuer, das aus der Liebe zur Natur und dem seit Generationen \u00fcberlieferten Wissen entstanden ist.","og_url":"https:\/\/naturamada.com\/de\/ueber-uns\/","og_site_name":"Naturamada","article_publisher":"https:\/\/www.facebook.com\/Naturamada.shop\/","article_modified_time":"2025-11-03T21:30:09+00:00","og_image":[{"width":1080,"height":611,"url":"https:\/\/naturamada.com\/wp-content\/uploads\/2025\/09\/HEADER-AMAZON-nATURAMDA.jpg","type":"image\/jpeg"}],"schema":{"@context":"https:\/\/schema.org","@graph":[{"@type":"WebPage","@id":"https:\/\/naturamada.com\/de\/ueber-uns\/","url":"https:\/\/naturamada.com\/de\/ueber-uns\/","name":"Unsere Geschichte | Naturamada","isPartOf":{"@id":"https:\/\/naturamada.com\/de\/#website"},"datePublished":"2025-07-03T14:39:23+00:00","dateModified":"2025-11-03T21:30:09+00:00","description":"Entdecken Sie die Geschichte von Naturamada: ein Familienabenteuer, das aus der Liebe zur Natur und dem seit Generationen \u00fcberlieferten Wissen entstanden ist.","breadcrumb":{"@id":"https:\/\/naturamada.com\/de\/ueber-uns\/#breadcrumb"},"inLanguage":"de","potentialAction":[{"@type":"ReadAction","target":["https:\/\/naturamada.com\/de\/ueber-uns\/"]}]},{"@type":"BreadcrumbList","@id":"https:\/\/naturamada.com\/de\/ueber-uns\/#breadcrumb","itemListElement":[{"@type":"ListItem","position":1,"name":"Startseite","item":"https:\/\/naturamada.com\/de\/"},{"@type":"ListItem","position":2,"name":"\u00dcber uns"}]},{"@type":"WebSite","@id":"https:\/\/naturamada.com\/de\/#website","url":"https:\/\/naturamada.com\/de\/","name":"Naturamada","description":"Epices, Superaliments et Pierres pour le bien-\u00eatre et la cuisine","publisher":{"@id":"https:\/\/naturamada.com\/de\/#organization"},"potentialAction":[{"@type":"SearchAction","target":{"@type":"EntryPoint","urlTemplate":"https:\/\/naturamada.com\/de\/?s={search_term_string}"},"query-input":{"@type":"PropertyValueSpecification","valueRequired":true,"valueName":"search_term_string"}}],"inLanguage":"de"},{"@type":"Organization","@id":"https:\/\/naturamada.com\/de\/#organization","name":"Naturamada","url":"https:\/\/naturamada.com\/de\/","logo":{"@type":"ImageObject","inLanguage":"de","@id":"https:\/\/naturamada.com\/de\/#\/schema\/logo\/image\/","url":"https:\/\/naturamada.com\/wp-content\/uploads\/2025\/07\/cropped-Naturamada-10.png","contentUrl":"https:\/\/naturamada.com\/wp-content\/uploads\/2025\/07\/cropped-Naturamada-10.png","width":1366,"height":455,"caption":"Naturamada"},"image":{"@id":"https:\/\/naturamada.com\/de\/#\/schema\/logo\/image\/"},"sameAs":["https:\/\/www.facebook.com\/Naturamada.shop\/","https:\/\/www.instagram.com\/naturamada.officiel\/"]}]}},"_links":{"self":[{"href":"https:\/\/naturamada.com\/de\/wp-json\/wp\/v2\/pages\/923","targetHints":{"allow":["GET"]}}],"collection":[{"href":"https:\/\/naturamada.com\/de\/wp-json\/wp\/v2\/pages"}],"about":[{"href":"https:\/\/naturamada.com\/de\/wp-json\/wp\/v2\/types\/page"}],"author":[{"embeddable":true,"href":"https:\/\/naturamada.com\/de\/wp-json\/wp\/v2\/users\/1"}],"replies":[{"embeddable":true,"href":"https:\/\/naturamada.com\/de\/wp-json\/wp\/v2\/comments?post=923"}],"version-history":[{"count":0,"href":"https:\/\/naturamada.com\/de\/wp-json\/wp\/v2\/pages\/923\/revisions"}],"wp:attachment":[{"href":"https:\/\/naturamada.com\/de\/wp-json\/wp\/v2\/media?parent=923"}],"curies":[{"name":"wp","href":"https:\/\/api.w.org\/{rel}","templated":true}]}}